


{"id":11664,"date":"2019-09-19T08:08:20","date_gmt":"2019-09-19T08:08:20","guid":{"rendered":"https:\/\/euprevent.eu\/project-social-norms-approach\/newsletter-euprevent-sna\/"},"modified":"2021-06-21T08:50:25","modified_gmt":"2021-06-21T08:50:25","slug":"newsletter-euprevent-sna","status":"publish","type":"page","link":"https:\/\/euprevent.eu\/fr\/project-social-norms-approach\/newsletter-euprevent-sna\/","title":{"rendered":"Newsletter du projet euPrevent SNA"},"content":{"rendered":"<section class=\"wpb-content-wrapper\"><p>[vc_row content_placement=\u00a0\u00bbmiddle\u00a0\u00bb][vc_column width=\u00a0\u00bb1\/2&Prime;][vc_row_inner][vc_column_inner width=\u00a0\u00bb2\/3&Prime;][vc_single_image image=\u00a0\u00bb6925&Prime; img_size=\u00a0\u00bbfull\u00a0\u00bb][\/vc_column_inner][vc_column_inner width=\u00a0\u00bb1\/3&Prime;][\/vc_column_inner][\/vc_row_inner][\/vc_column][vc_column width=\u00a0\u00bb1\/2&Prime;][vc_single_image image=\u00a0\u00bb7392&Prime; img_size=\u00a0\u00bbfull\u00a0\u00bb][\/vc_column][\/vc_row][vc_row][vc_column][vc_column_text]<\/p>\n<h1>Newsletter du projet \u00ab euPrevent SNA\u00bb<\/h1>\n<h3>2021<\/h3>\n<ul>\n<li><a href=\"https:\/\/mailchi.mp\/euprevent\/newsletter-euprevent-sna-fevrier-2021-fr\">F\u00e9vrier 2021<\/a><\/li>\n<\/ul>\n<h3>2020<\/h3>\n<ul>\n<li><a href=\"https:\/\/mailchi.mp\/euprevent\/newsletter-euprevent-sna-juli-2020-fr\" target=\"_blank\" rel=\"noopener noreferrer\">Juillet 2020<\/a><\/li>\n<\/ul>\n<h3>2019<\/h3>\n<ul>\n<li><a href=\"https:\/\/mailchi.mp\/euprevent\/sna-december-fr\" target=\"_blank\" rel=\"noopener noreferrer\">D\u00e9cembre 2019<\/a><\/li>\n<li><a href=\"https:\/\/mailchi.mp\/euprevent\/sna-summer-fr#stand\" target=\"_blank\" rel=\"noopener noreferrer\">Septembre 2019<\/a><\/li>\n<\/ul>\n<h4><\/h4>\n<p>[\/vc_column_text][\/vc_column][\/vc_row][vc_row][vc_column][vc_column_text]<\/p>\n<h2>Restez inform\u00e9 sur euPrevent<\/h2>\n<p>La newsletter euPrevent vous communique les derni\u00e8res informations importantes concernant le projet euPrevent SNA et d\u2019autres projets transfrontaliers soutenus par euPrevent. Vous \u00eates int\u00e9ress\u00e9 par l\u2019actualit\u00e9 d\u2019euPrevent ? Inscrivez-vous maintenant \u00e0 la newsletter g\u00e9n\u00e9rale via le bouton d\u2019inscription ci-dessous.[\/vc_column_text][\/vc_column][\/vc_row][vc_row][vc_column][vc_btn title=\u00a0\u00bbS&rsquo;abonner \u00e0 la newsletter\u00a0\u00bb color=\u00a0\u00bbinfo\u00a0\u00bb link=\u00a0\u00bburl:https%3A%2F%2Fus2.list-manage.com%2Fsubscribe%3Fu%3D2f72c12119df1151688f1f7ea%26id%3D3bfaf3a1ff||target:%20_blank|\u00a0\u00bb][\/vc_column][\/vc_row][vc_row][vc_column][vc_single_image image=\u00a0\u00bb15032&Prime; img_size=\u00a0\u00bbfull\u00a0\u00bb][\/vc_column][\/vc_row]<\/p>\n<\/section>","protected":false},"excerpt":{"rendered":"<p>[vc_row content_placement=\u00a0\u00bbmiddle\u00a0\u00bb][vc_column width=\u00a0\u00bb1\/2&Prime;][vc_row_inner][vc_column_inner width=\u00a0\u00bb2\/3&Prime;][vc_single_image image=\u00a0\u00bb6925&Prime; img_size=\u00a0\u00bbfull\u00a0\u00bb][\/vc_column_inner][vc_column_inner width=\u00a0\u00bb1\/3&Prime;][\/vc_column_inner][\/vc_row_inner][\/vc_column][vc_column width=\u00a0\u00bb1\/2&Prime;][vc_single_image image=\u00a0\u00bb7392&Prime; img_size=\u00a0\u00bbfull\u00a0\u00bb][\/vc_column][\/vc_row][vc_row][vc_column][vc_column_text] Newsletter du projet \u00ab euPrevent SNA\u00bb 2021 F\u00e9vrier 2021 2020 Juillet 2020 2019 D\u00e9cembre 2019 Septembre 2019 [\/vc_column_text][\/vc_column][\/vc_row][vc_row][vc_column][vc_column_text] Restez inform\u00e9 sur euPrevent La newsletter euPrevent vous communique les derni\u00e8res informations importantes concernant le projet euPrevent SNA et d\u2019autres projets transfrontaliers soutenus par euPrevent. Vous \u00eates [&hellip;]<\/p>\n","protected":false},"author":5,"featured_media":0,"parent":7157,"menu_order":0,"comment_status":"closed","ping_status":"closed","template":"","meta":{"_acf_changed":false,"footnotes":""},"class_list":["post-11664","page","type-page","status-publish","hentry","programmes-addiction"],"acf":[],"yoast_head":"<!-- This site is optimized with the Yoast SEO plugin v27.5 - https:\/\/yoast.com\/product\/yoast-seo-wordpress\/ -->\n<title>Newsletter du projet euPrevent SNA - euPrevent<\/title>\n<meta name=\"robots\" content=\"index, follow, max-snippet:-1, max-image-preview:large, max-video-preview:-1\" \/>\n<link rel=\"canonical\" href=\"https:\/\/euprevent.eu\/fr\/project-social-norms-approach\/newsletter-euprevent-sna\/\" \/>\n<meta property=\"og:locale\" content=\"fr_FR\" \/>\n<meta property=\"og:type\" content=\"article\" \/>\n<meta property=\"og:title\" content=\"Newsletter du projet euPrevent SNA - euPrevent\" \/>\n<meta property=\"og:description\" content=\"[vc_row content_placement=\u00a0\u00bbmiddle\u00a0\u00bb][vc_column width=\u00a0\u00bb1\/2&Prime;][vc_row_inner][vc_column_inner width=\u00a0\u00bb2\/3&Prime;][vc_single_image image=\u00a0\u00bb6925&Prime; img_size=\u00a0\u00bbfull\u00a0\u00bb][\/vc_column_inner][vc_column_inner width=\u00a0\u00bb1\/3&Prime;][\/vc_column_inner][\/vc_row_inner][\/vc_column][vc_column width=\u00a0\u00bb1\/2&Prime;][vc_single_image image=\u00a0\u00bb7392&Prime; img_size=\u00a0\u00bbfull\u00a0\u00bb][\/vc_column][\/vc_row][vc_row][vc_column][vc_column_text] Newsletter du projet \u00ab euPrevent SNA\u00bb 2021 F\u00e9vrier 2021 2020 Juillet 2020 2019 D\u00e9cembre 2019 Septembre 2019 [\/vc_column_text][\/vc_column][\/vc_row][vc_row][vc_column][vc_column_text] Restez inform\u00e9 sur euPrevent La newsletter euPrevent vous communique les derni\u00e8res informations importantes concernant le projet euPrevent SNA et d\u2019autres projets transfrontaliers soutenus par euPrevent. Vous \u00eates [&hellip;]\" \/>\n<meta property=\"og:url\" content=\"https:\/\/euprevent.eu\/fr\/project-social-norms-approach\/newsletter-euprevent-sna\/\" \/>\n<meta property=\"og:site_name\" content=\"euPrevent\" \/>\n<meta property=\"article:modified_time\" content=\"2021-06-21T08:50:25+00:00\" \/>\n<meta name=\"twitter:card\" content=\"summary_large_image\" \/>\n<meta name=\"twitter:label1\" content=\"Dur\u00e9e de lecture estim\u00e9e\" \/>\n\t<meta name=\"twitter:data1\" content=\"1 minute\" \/>\n<script type=\"application\/ld+json\" class=\"yoast-schema-graph\">{\"@context\":\"https:\\\/\\\/schema.org\",\"@graph\":[{\"@type\":\"WebPage\",\"@id\":\"https:\\\/\\\/euprevent.eu\\\/fr\\\/project-social-norms-approach\\\/newsletter-euprevent-sna\\\/\",\"url\":\"https:\\\/\\\/euprevent.eu\\\/fr\\\/project-social-norms-approach\\\/newsletter-euprevent-sna\\\/\",\"name\":\"Newsletter du projet euPrevent SNA - euPrevent\",\"isPartOf\":{\"@id\":\"https:\\\/\\\/euprevent.eu\\\/fr\\\/#website\"},\"datePublished\":\"2019-09-19T08:08:20+00:00\",\"dateModified\":\"2021-06-21T08:50:25+00:00\",\"breadcrumb\":{\"@id\":\"https:\\\/\\\/euprevent.eu\\\/fr\\\/project-social-norms-approach\\\/newsletter-euprevent-sna\\\/#breadcrumb\"},\"inLanguage\":\"fr-FR\",\"potentialAction\":[{\"@type\":\"ReadAction\",\"target\":[\"https:\\\/\\\/euprevent.eu\\\/fr\\\/project-social-norms-approach\\\/newsletter-euprevent-sna\\\/\"]}]},{\"@type\":\"BreadcrumbList\",\"@id\":\"https:\\\/\\\/euprevent.eu\\\/fr\\\/project-social-norms-approach\\\/newsletter-euprevent-sna\\\/#breadcrumb\",\"itemListElement\":[{\"@type\":\"ListItem\",\"position\":1,\"name\":\"Home\",\"item\":\"https:\\\/\\\/euprevent.eu\\\/fr\\\/\"},{\"@type\":\"ListItem\",\"position\":2,\"name\":\"Projet euPrevent Social Norms Approach\",\"item\":\"https:\\\/\\\/euprevent.eu\\\/fr\\\/project-social-norms-approach\\\/\"},{\"@type\":\"ListItem\",\"position\":3,\"name\":\"Newsletter du projet euPrevent SNA\"}]},{\"@type\":\"WebSite\",\"@id\":\"https:\\\/\\\/euprevent.eu\\\/fr\\\/#website\",\"url\":\"https:\\\/\\\/euprevent.eu\\\/fr\\\/\",\"name\":\"euPrevent\",\"description\":\"euPrevent is a Euroregional network that focuses on promoting health. Within this network, sustainable partnerships seek to increase the quality of life of residents in the border region between the Netherlands, Belgium and Germany.\",\"potentialAction\":[{\"@type\":\"SearchAction\",\"target\":{\"@type\":\"EntryPoint\",\"urlTemplate\":\"https:\\\/\\\/euprevent.eu\\\/fr\\\/?s={search_term_string}\"},\"query-input\":{\"@type\":\"PropertyValueSpecification\",\"valueRequired\":true,\"valueName\":\"search_term_string\"}}],\"inLanguage\":\"fr-FR\"}]}<\/script>\n<!-- \/ Yoast SEO plugin. -->","yoast_head_json":{"title":"Newsletter du projet euPrevent SNA - euPrevent","robots":{"index":"index","follow":"follow","max-snippet":"max-snippet:-1","max-image-preview":"max-image-preview:large","max-video-preview":"max-video-preview:-1"},"canonical":"https:\/\/euprevent.eu\/fr\/project-social-norms-approach\/newsletter-euprevent-sna\/","og_locale":"fr_FR","og_type":"article","og_title":"Newsletter du projet euPrevent SNA - euPrevent","og_description":"[vc_row content_placement=\u00a0\u00bbmiddle\u00a0\u00bb][vc_column width=\u00a0\u00bb1\/2&Prime;][vc_row_inner][vc_column_inner width=\u00a0\u00bb2\/3&Prime;][vc_single_image image=\u00a0\u00bb6925&Prime; img_size=\u00a0\u00bbfull\u00a0\u00bb][\/vc_column_inner][vc_column_inner width=\u00a0\u00bb1\/3&Prime;][\/vc_column_inner][\/vc_row_inner][\/vc_column][vc_column width=\u00a0\u00bb1\/2&Prime;][vc_single_image image=\u00a0\u00bb7392&Prime; img_size=\u00a0\u00bbfull\u00a0\u00bb][\/vc_column][\/vc_row][vc_row][vc_column][vc_column_text] Newsletter du projet \u00ab euPrevent SNA\u00bb 2021 F\u00e9vrier 2021 2020 Juillet 2020 2019 D\u00e9cembre 2019 Septembre 2019 [\/vc_column_text][\/vc_column][\/vc_row][vc_row][vc_column][vc_column_text] Restez inform\u00e9 sur euPrevent La newsletter euPrevent vous communique les derni\u00e8res informations importantes concernant le projet euPrevent SNA et d\u2019autres projets transfrontaliers soutenus par euPrevent. Vous \u00eates [&hellip;]","og_url":"https:\/\/euprevent.eu\/fr\/project-social-norms-approach\/newsletter-euprevent-sna\/","og_site_name":"euPrevent","article_modified_time":"2021-06-21T08:50:25+00:00","twitter_card":"summary_large_image","twitter_misc":{"Dur\u00e9e de lecture estim\u00e9e":"1 minute"},"schema":{"@context":"https:\/\/schema.org","@graph":[{"@type":"WebPage","@id":"https:\/\/euprevent.eu\/fr\/project-social-norms-approach\/newsletter-euprevent-sna\/","url":"https:\/\/euprevent.eu\/fr\/project-social-norms-approach\/newsletter-euprevent-sna\/","name":"Newsletter du projet euPrevent SNA - euPrevent","isPartOf":{"@id":"https:\/\/euprevent.eu\/fr\/#website"},"datePublished":"2019-09-19T08:08:20+00:00","dateModified":"2021-06-21T08:50:25+00:00","breadcrumb":{"@id":"https:\/\/euprevent.eu\/fr\/project-social-norms-approach\/newsletter-euprevent-sna\/#breadcrumb"},"inLanguage":"fr-FR","potentialAction":[{"@type":"ReadAction","target":["https:\/\/euprevent.eu\/fr\/project-social-norms-approach\/newsletter-euprevent-sna\/"]}]},{"@type":"BreadcrumbList","@id":"https:\/\/euprevent.eu\/fr\/project-social-norms-approach\/newsletter-euprevent-sna\/#breadcrumb","itemListElement":[{"@type":"ListItem","position":1,"name":"Home","item":"https:\/\/euprevent.eu\/fr\/"},{"@type":"ListItem","position":2,"name":"Projet euPrevent Social Norms Approach","item":"https:\/\/euprevent.eu\/fr\/project-social-norms-approach\/"},{"@type":"ListItem","position":3,"name":"Newsletter du projet euPrevent SNA"}]},{"@type":"WebSite","@id":"https:\/\/euprevent.eu\/fr\/#website","url":"https:\/\/euprevent.eu\/fr\/","name":"euPrevent","description":"euPrevent is a Euroregional network that focuses on promoting health. Within this network, sustainable partnerships seek to increase the quality of life of residents in the border region between the Netherlands, Belgium and Germany.","potentialAction":[{"@type":"SearchAction","target":{"@type":"EntryPoint","urlTemplate":"https:\/\/euprevent.eu\/fr\/?s={search_term_string}"},"query-input":{"@type":"PropertyValueSpecification","valueRequired":true,"valueName":"search_term_string"}}],"inLanguage":"fr-FR"}]}},"_links":{"self":[{"href":"https:\/\/euprevent.eu\/fr\/wp-json\/wp\/v2\/pages\/11664","targetHints":{"allow":["GET"]}}],"collection":[{"href":"https:\/\/euprevent.eu\/fr\/wp-json\/wp\/v2\/pages"}],"about":[{"href":"https:\/\/euprevent.eu\/fr\/wp-json\/wp\/v2\/types\/page"}],"author":[{"embeddable":true,"href":"https:\/\/euprevent.eu\/fr\/wp-json\/wp\/v2\/users\/5"}],"replies":[{"embeddable":true,"href":"https:\/\/euprevent.eu\/fr\/wp-json\/wp\/v2\/comments?post=11664"}],"version-history":[{"count":15,"href":"https:\/\/euprevent.eu\/fr\/wp-json\/wp\/v2\/pages\/11664\/revisions"}],"predecessor-version":[{"id":15058,"href":"https:\/\/euprevent.eu\/fr\/wp-json\/wp\/v2\/pages\/11664\/revisions\/15058"}],"up":[{"embeddable":true,"href":"https:\/\/euprevent.eu\/fr\/wp-json\/wp\/v2\/pages\/7157"}],"wp:attachment":[{"href":"https:\/\/euprevent.eu\/fr\/wp-json\/wp\/v2\/media?parent=11664"}],"curies":[{"name":"wp","href":"https:\/\/api.w.org\/{rel}","templated":true}]}}