


{"id":9679,"date":"2019-04-15T14:30:09","date_gmt":"2019-04-15T14:30:09","guid":{"rendered":"https:\/\/euprevent.eu\/project-social-norms-approach\/advisory-board-euprevent-sna\/"},"modified":"2021-06-21T08:47:18","modified_gmt":"2021-06-21T08:47:18","slug":"advisory-board-euprevent-sna","status":"publish","type":"page","link":"https:\/\/euprevent.eu\/de\/project-social-norms-approach\/advisory-board-euprevent-sna\/","title":{"rendered":"Beirat euPrevent SNA"},"content":{"rendered":"<section class=\"wpb-content-wrapper\"><p>[vc_row content_placement=&#8220;middle&#8220;][vc_column width=&#8220;1\/2&#8243;][vc_row_inner][vc_column_inner width=&#8220;2\/3&#8243;][vc_single_image image=&#8220;8124&#8243; img_size=&#8220;full&#8220;][\/vc_column_inner][vc_column_inner width=&#8220;1\/3&#8243;][\/vc_column_inner][\/vc_row_inner][\/vc_column][vc_column width=&#8220;1\/2&#8243;][vc_single_image image=&#8220;7387&#8243; img_size=&#8220;full&#8220;][\/vc_column][\/vc_row][vc_row][vc_column][vc_column_text]<\/p>\n<h1>Beirat euPrevent SNA<\/h1>\n<p>In der Euroregio Maas-Rhein (EMR) arbeiten 11 Partner gemeinsam am Projekt &#8222;euPrevent Social Norms Approach&#8220;, um junge Menschen und \u00e4ltere Menschen in der EMR bei der Wahl zur Entscheidung eines gesunden Lebenswandels zu unterst\u00fctzen. Der Beirat ist ein wichtiger Bestandteil dieses Projekts. Dieser Beirat besteht aus einer Reihe von externen Experten auf folgenden Gebieten:<\/p>\n<ul>\n<li>der Zielgruppen (Jugendliche oder Senioren),<\/li>\n<li>des Themas Suchtpr\u00e4vention,<\/li>\n<li>der Zusammenarbeit mit Mittlerorganisationen,<\/li>\n<li>der Methode (Social Norms Approach).<\/li>\n<\/ul>\n<p>Die Projektpartner von euPrevent SNA k\u00f6nnen diese Experten um Rat zu verschiedenen projektbezogenen Themen bitten.<\/p>\n<h2>Beiratsmitglieder<\/h2>\n<p>Mitglied des Beirats sind:<\/p>\n<ul>\n<li>Mr. Dr. Bovens, Tilburg University, The Netherlands<\/li>\n<li>Prof. Dardenne, Li\u00e8ge University, Belgium<\/li>\n<li>Mrs. Duch\u00e2teau, Qualit\u00e9 de vie \u00e9tudiante ULi\u00e8ge, Belgium<\/li>\n<li>Mr. Gherroucha, Province de Li\u00e8ge, Belgium<\/li>\n<li>Prof. Dr. van Hal, University of Antwerp, Belgium<\/li>\n<li>Prof. Dr. Kok, Maastricht University, The Netherlands<\/li>\n<li>Mr. Lahaye, student Maastricht University, The Netherlands<\/li>\n<li>Prof. Dr. Lammel, Katholische Hochschule NRW &#8211; Abteilung Aachen, Germany<\/li>\n<li>Mrs. L\u00e9onard, Inforjeunes Hannut, Belgium<\/li>\n<li>Mrs. Pirenne, Qualit\u00e9 de vie \u00e9tudiante ULi\u00e8ge, Belgium<\/li>\n<li>Prof. Dr. Van Dongen, University of Antwerp, Belgium<\/li>\n<li>Mr. We\u00dfels, Parit\u00e4tischen, Kreisgruppe Kleve, Germany<\/li>\n<\/ul>\n<p>&nbsp;<\/p>\n<p>M\u00f6chten Sie Mitglied im Beirat werden? F\u00fcr weitere Informationen melden Sie sich bitte per E-Mail an: <a href=\"mailto:communication@euprevent.eu\" target=\"_blank\" rel=\"noopener noreferrer\">communication@euprevent.eu<\/a>[\/vc_column_text][\/vc_column][\/vc_row][vc_row][vc_column][vc_single_image image=&#8220;15033&#8243; img_size=&#8220;full&#8220;][\/vc_column][\/vc_row]<\/p>\n<\/section>","protected":false},"excerpt":{"rendered":"<p>[vc_row content_placement=&#8220;middle&#8220;][vc_column width=&#8220;1\/2&#8243;][vc_row_inner][vc_column_inner width=&#8220;2\/3&#8243;][vc_single_image image=&#8220;8124&#8243; img_size=&#8220;full&#8220;][\/vc_column_inner][vc_column_inner width=&#8220;1\/3&#8243;][\/vc_column_inner][\/vc_row_inner][\/vc_column][vc_column width=&#8220;1\/2&#8243;][vc_single_image image=&#8220;7387&#8243; img_size=&#8220;full&#8220;][\/vc_column][\/vc_row][vc_row][vc_column][vc_column_text] Beirat euPrevent SNA In der Euroregio Maas-Rhein (EMR) arbeiten 11 Partner gemeinsam am Projekt &#8222;euPrevent Social Norms Approach&#8220;, um junge Menschen und \u00e4ltere Menschen in der EMR bei der Wahl zur Entscheidung eines gesunden Lebenswandels zu unterst\u00fctzen. Der Beirat ist ein wichtiger Bestandteil dieses Projekts. [&hellip;]<\/p>\n","protected":false},"author":1,"featured_media":0,"parent":7158,"menu_order":0,"comment_status":"closed","ping_status":"closed","template":"","meta":{"_acf_changed":false,"footnotes":""},"class_list":["post-9679","page","type-page","status-publish","hentry","programmes-addiction"],"acf":[],"yoast_head":"<!-- This site is optimized with the Yoast SEO plugin v27.5 - https:\/\/yoast.com\/product\/yoast-seo-wordpress\/ -->\n<title>Beirat euPrevent SNA - euPrevent<\/title>\n<meta name=\"robots\" content=\"index, follow, max-snippet:-1, max-image-preview:large, max-video-preview:-1\" \/>\n<link rel=\"canonical\" href=\"https:\/\/euprevent.eu\/de\/project-social-norms-approach\/advisory-board-euprevent-sna\/\" \/>\n<meta property=\"og:locale\" content=\"de_DE\" \/>\n<meta property=\"og:type\" content=\"article\" \/>\n<meta property=\"og:title\" content=\"Beirat euPrevent SNA - euPrevent\" \/>\n<meta property=\"og:description\" content=\"[vc_row content_placement=&#8220;middle&#8220;][vc_column width=&#8220;1\/2&#8243;][vc_row_inner][vc_column_inner width=&#8220;2\/3&#8243;][vc_single_image image=&#8220;8124&#8243; img_size=&#8220;full&#8220;][\/vc_column_inner][vc_column_inner width=&#8220;1\/3&#8243;][\/vc_column_inner][\/vc_row_inner][\/vc_column][vc_column width=&#8220;1\/2&#8243;][vc_single_image image=&#8220;7387&#8243; img_size=&#8220;full&#8220;][\/vc_column][\/vc_row][vc_row][vc_column][vc_column_text] Beirat euPrevent SNA In der Euroregio Maas-Rhein (EMR) arbeiten 11 Partner gemeinsam am Projekt &#8222;euPrevent Social Norms Approach&#8220;, um junge Menschen und \u00e4ltere Menschen in der EMR bei der Wahl zur Entscheidung eines gesunden Lebenswandels zu unterst\u00fctzen. Der Beirat ist ein wichtiger Bestandteil dieses Projekts. [&hellip;]\" \/>\n<meta property=\"og:url\" content=\"https:\/\/euprevent.eu\/de\/project-social-norms-approach\/advisory-board-euprevent-sna\/\" \/>\n<meta property=\"og:site_name\" content=\"euPrevent\" \/>\n<meta property=\"article:modified_time\" content=\"2021-06-21T08:47:18+00:00\" \/>\n<meta name=\"twitter:card\" content=\"summary_large_image\" \/>\n<meta name=\"twitter:label1\" content=\"Gesch\u00e4tzte Lesezeit\" \/>\n\t<meta name=\"twitter:data1\" content=\"1\u00a0Minute\" \/>\n<script type=\"application\/ld+json\" class=\"yoast-schema-graph\">{\"@context\":\"https:\\\/\\\/schema.org\",\"@graph\":[{\"@type\":\"WebPage\",\"@id\":\"https:\\\/\\\/euprevent.eu\\\/de\\\/project-social-norms-approach\\\/advisory-board-euprevent-sna\\\/\",\"url\":\"https:\\\/\\\/euprevent.eu\\\/de\\\/project-social-norms-approach\\\/advisory-board-euprevent-sna\\\/\",\"name\":\"Beirat euPrevent SNA - euPrevent\",\"isPartOf\":{\"@id\":\"https:\\\/\\\/euprevent.eu\\\/de\\\/#website\"},\"datePublished\":\"2019-04-15T14:30:09+00:00\",\"dateModified\":\"2021-06-21T08:47:18+00:00\",\"breadcrumb\":{\"@id\":\"https:\\\/\\\/euprevent.eu\\\/de\\\/project-social-norms-approach\\\/advisory-board-euprevent-sna\\\/#breadcrumb\"},\"inLanguage\":\"de\",\"potentialAction\":[{\"@type\":\"ReadAction\",\"target\":[\"https:\\\/\\\/euprevent.eu\\\/de\\\/project-social-norms-approach\\\/advisory-board-euprevent-sna\\\/\"]}]},{\"@type\":\"BreadcrumbList\",\"@id\":\"https:\\\/\\\/euprevent.eu\\\/de\\\/project-social-norms-approach\\\/advisory-board-euprevent-sna\\\/#breadcrumb\",\"itemListElement\":[{\"@type\":\"ListItem\",\"position\":1,\"name\":\"Home\",\"item\":\"https:\\\/\\\/euprevent.eu\\\/de\\\/\"},{\"@type\":\"ListItem\",\"position\":2,\"name\":\"Projekt euPrevent Social Norms Approach\",\"item\":\"https:\\\/\\\/euprevent.eu\\\/de\\\/project-social-norms-approach\\\/\"},{\"@type\":\"ListItem\",\"position\":3,\"name\":\"Beirat euPrevent SNA\"}]},{\"@type\":\"WebSite\",\"@id\":\"https:\\\/\\\/euprevent.eu\\\/de\\\/#website\",\"url\":\"https:\\\/\\\/euprevent.eu\\\/de\\\/\",\"name\":\"euPrevent\",\"description\":\"euPrevent is a Euroregional network that focuses on promoting health. Within this network, sustainable partnerships seek to increase the quality of life of residents in the border region between the Netherlands, Belgium and Germany.\",\"potentialAction\":[{\"@type\":\"SearchAction\",\"target\":{\"@type\":\"EntryPoint\",\"urlTemplate\":\"https:\\\/\\\/euprevent.eu\\\/de\\\/?s={search_term_string}\"},\"query-input\":{\"@type\":\"PropertyValueSpecification\",\"valueRequired\":true,\"valueName\":\"search_term_string\"}}],\"inLanguage\":\"de\"}]}<\/script>\n<!-- \/ Yoast SEO plugin. -->","yoast_head_json":{"title":"Beirat euPrevent SNA - euPrevent","robots":{"index":"index","follow":"follow","max-snippet":"max-snippet:-1","max-image-preview":"max-image-preview:large","max-video-preview":"max-video-preview:-1"},"canonical":"https:\/\/euprevent.eu\/de\/project-social-norms-approach\/advisory-board-euprevent-sna\/","og_locale":"de_DE","og_type":"article","og_title":"Beirat euPrevent SNA - euPrevent","og_description":"[vc_row content_placement=&#8220;middle&#8220;][vc_column width=&#8220;1\/2&#8243;][vc_row_inner][vc_column_inner width=&#8220;2\/3&#8243;][vc_single_image image=&#8220;8124&#8243; img_size=&#8220;full&#8220;][\/vc_column_inner][vc_column_inner width=&#8220;1\/3&#8243;][\/vc_column_inner][\/vc_row_inner][\/vc_column][vc_column width=&#8220;1\/2&#8243;][vc_single_image image=&#8220;7387&#8243; img_size=&#8220;full&#8220;][\/vc_column][\/vc_row][vc_row][vc_column][vc_column_text] Beirat euPrevent SNA In der Euroregio Maas-Rhein (EMR) arbeiten 11 Partner gemeinsam am Projekt &#8222;euPrevent Social Norms Approach&#8220;, um junge Menschen und \u00e4ltere Menschen in der EMR bei der Wahl zur Entscheidung eines gesunden Lebenswandels zu unterst\u00fctzen. Der Beirat ist ein wichtiger Bestandteil dieses Projekts. [&hellip;]","og_url":"https:\/\/euprevent.eu\/de\/project-social-norms-approach\/advisory-board-euprevent-sna\/","og_site_name":"euPrevent","article_modified_time":"2021-06-21T08:47:18+00:00","twitter_card":"summary_large_image","twitter_misc":{"Gesch\u00e4tzte Lesezeit":"1\u00a0Minute"},"schema":{"@context":"https:\/\/schema.org","@graph":[{"@type":"WebPage","@id":"https:\/\/euprevent.eu\/de\/project-social-norms-approach\/advisory-board-euprevent-sna\/","url":"https:\/\/euprevent.eu\/de\/project-social-norms-approach\/advisory-board-euprevent-sna\/","name":"Beirat euPrevent SNA - euPrevent","isPartOf":{"@id":"https:\/\/euprevent.eu\/de\/#website"},"datePublished":"2019-04-15T14:30:09+00:00","dateModified":"2021-06-21T08:47:18+00:00","breadcrumb":{"@id":"https:\/\/euprevent.eu\/de\/project-social-norms-approach\/advisory-board-euprevent-sna\/#breadcrumb"},"inLanguage":"de","potentialAction":[{"@type":"ReadAction","target":["https:\/\/euprevent.eu\/de\/project-social-norms-approach\/advisory-board-euprevent-sna\/"]}]},{"@type":"BreadcrumbList","@id":"https:\/\/euprevent.eu\/de\/project-social-norms-approach\/advisory-board-euprevent-sna\/#breadcrumb","itemListElement":[{"@type":"ListItem","position":1,"name":"Home","item":"https:\/\/euprevent.eu\/de\/"},{"@type":"ListItem","position":2,"name":"Projekt euPrevent Social Norms Approach","item":"https:\/\/euprevent.eu\/de\/project-social-norms-approach\/"},{"@type":"ListItem","position":3,"name":"Beirat euPrevent SNA"}]},{"@type":"WebSite","@id":"https:\/\/euprevent.eu\/de\/#website","url":"https:\/\/euprevent.eu\/de\/","name":"euPrevent","description":"euPrevent is a Euroregional network that focuses on promoting health. Within this network, sustainable partnerships seek to increase the quality of life of residents in the border region between the Netherlands, Belgium and Germany.","potentialAction":[{"@type":"SearchAction","target":{"@type":"EntryPoint","urlTemplate":"https:\/\/euprevent.eu\/de\/?s={search_term_string}"},"query-input":{"@type":"PropertyValueSpecification","valueRequired":true,"valueName":"search_term_string"}}],"inLanguage":"de"}]}},"_links":{"self":[{"href":"https:\/\/euprevent.eu\/de\/wp-json\/wp\/v2\/pages\/9679","targetHints":{"allow":["GET"]}}],"collection":[{"href":"https:\/\/euprevent.eu\/de\/wp-json\/wp\/v2\/pages"}],"about":[{"href":"https:\/\/euprevent.eu\/de\/wp-json\/wp\/v2\/types\/page"}],"author":[{"embeddable":true,"href":"https:\/\/euprevent.eu\/de\/wp-json\/wp\/v2\/users\/1"}],"replies":[{"embeddable":true,"href":"https:\/\/euprevent.eu\/de\/wp-json\/wp\/v2\/comments?post=9679"}],"version-history":[{"count":9,"href":"https:\/\/euprevent.eu\/de\/wp-json\/wp\/v2\/pages\/9679\/revisions"}],"predecessor-version":[{"id":15050,"href":"https:\/\/euprevent.eu\/de\/wp-json\/wp\/v2\/pages\/9679\/revisions\/15050"}],"up":[{"embeddable":true,"href":"https:\/\/euprevent.eu\/de\/wp-json\/wp\/v2\/pages\/7158"}],"wp:attachment":[{"href":"https:\/\/euprevent.eu\/de\/wp-json\/wp\/v2\/media?parent=9679"}],"curies":[{"name":"wp","href":"https:\/\/api.w.org\/{rel}","templated":true}]}}