


{"id":9006,"date":"2019-05-14T13:04:39","date_gmt":"2019-05-14T13:04:39","guid":{"rendered":"https:\/\/euprevent.eu\/?page_id=9006"},"modified":"2021-04-20T15:58:19","modified_gmt":"2021-04-20T15:58:19","slug":"aktivitaeten","status":"publish","type":"page","link":"https:\/\/euprevent.eu\/de\/produkten\/aktivitaeten\/","title":{"rendered":"Aktivit\u00e4ten"},"content":{"rendered":"<section class=\"wpb-content-wrapper\"><p>[vc_row][vc_column][vc_column_text]<\/p>\n<h1><strong>Aktivit\u00e4ten<\/strong><\/h1>\n<p>Im Rahmen der Projekte in den euPrevent-Programmen werden verschiedene Aktivit\u00e4ten entwickelt, \u00fcbersetzt und so f\u00fcr die Nutzung auf EMR-Ebene zur Verf\u00fcgung gestellt.<\/p>\n<p>Die Aktivit\u00e4t Grenz\u00fcberschreitende Zusammenarbeit im Gesundheitswesen kann \u00fcber euPrevent gebucht werden.<\/p>\n<p>F\u00fcr weitere Aktivit\u00e4ten m\u00f6chten wir Sie an die entsprechenden Organisationen verweisen. [\/vc_column_text][\/vc_column][\/vc_row][vc_row][vc_column][vc_column_text]<\/p>\n<h2>Aktivit\u00e4t Crossing Borders in Health<br \/>\n(Grenz\u00fcberschreitende Zusammenarbeit im Gesundheitswesen)<\/h2>\n<ul>\n<li>M\u00f6chten Sie als Organisation kl\u00e4ren, worin der Mehrwert der grenz\u00fcberschreitenden Gesundheitsf\u00f6rderung f\u00fcr Sie liegen kann?<\/li>\n<li>M\u00f6chten Sie kl\u00e4ren, warum und wie Ihre Organisation grenz\u00fcberschreitend zusammenarbeiten kann?<\/li>\n<li>M\u00f6chten Sie dies sofort in die Praxis umsetzen, indem Sie eine Organisation in einem anderen Land besuchen, um eine m\u00f6gliche Zusammenarbeit einzuleiten?<\/li>\n<li>M\u00f6chten Sie wissen, wie die Europ\u00e4ische Union (EU) und die Weltgesundheitsorganisation (WHO) funktionieren und welchen Nutzen sie f\u00fcr Ihre Organisation haben k\u00f6nnten?<\/li>\n<\/ul>\n<p>W\u00e4hlen Sie dann die Route Grenz\u00fcberschreitung im Gesundheitswesen.<\/p>\n<p>euPrevent arbeitet mit maximal 15 Personen, die in Ihrer Organisation arbeiten. Dazu k\u00f6nnen Mitarbeiter aus gesundheitsbezogenen Abteilungen, Manager oder Direktoren geh\u00f6ren.<\/p>\n<p>Die gesamte Crossing Borders in Health Aktivit\u00e4t besteht aus vier Teilen:<\/p>\n<ul>\n<li>Zwei Workshops im Abstand von maximal 2 Wochen.<\/li>\n<li>Vorbereitungen f\u00fcr den Besuch und das Treffen mit einer Organisation in einem Nachbarland, f\u00fcr sich die Organisation entschieden hat.<\/li>\n<li>Besuch bei dieser Organisation.<\/li>\n<li>Bewertungs- und Beratungsgespr\u00e4ch (drei Monate nach dem Besuch).<\/li>\n<\/ul>\n<p>Interessiert an dieser Aktivit\u00e4t? Kontaktieren Sie uns unter <a href=\"mailto:communication@euprevent.eu\">communication@euprevent.eu <\/a>[\/vc_column_text][\/vc_column][\/vc_row][vc_row][vc_column][vc_column_text]<\/p>\n<h2>Theatervorstellung \u00fcber Demenz und Altersdepressionen<\/h2>\n<p>Im Jahr 2015 beauftragte euPrevent die Entwicklung einer Theaterauff\u00fchrung zum Thema Depressionen und Altersdepressionen. Die Performance&#8217;Vergessen und Versunken&#8216; wurde vom Setheater entwickelt und wird auf Niederl\u00e4ndisch, Deutsch und Franz\u00f6sisch aufgef\u00fchrt. Inzwischen wurde das St\u00fcck mehr als 100 Mal in der Euregion Maas-Rhein aufgef\u00fchrt.<\/p>\n<p>Weitere Informationen zur Auff\u00fchrung finden Sie auf der <a href=\"https:\/\/setheater.nl\/Acts\/vergetenverzonken\/\">Website von Setheater.<\/a>[\/vc_column_text][\/vc_column][\/vc_row][vc_row][vc_column][vc_column_text]<\/p>\n<h2>Weitere Aktivit\u00e4ten<\/h2>\n<p>Die Informationen \u00fcber alle anderen Aktivit\u00e4ten aus dem Aktivit\u00e4ten-B\u00fcffet der euPrevent Senior Friendly Communities werden ab 2020 hier verf\u00fcgbar sein. Bis dahin m\u00f6chten wir Sie auf die <a href=\"https:\/\/euprevent.eu\/de\/sfc\">Projektseite der euPrevent Senior Friendly Communities<\/a> verweisen.[\/vc_column_text][\/vc_column][\/vc_row][vc_row][vc_column][vc_column_text]<\/p>\n<p>[\/vc_column_text][\/vc_column][\/vc_row]<\/p>\n<\/section>","protected":false},"excerpt":{"rendered":"<p>[vc_row][vc_column][vc_column_text] Aktivit\u00e4ten Im Rahmen der Projekte in den euPrevent-Programmen werden verschiedene Aktivit\u00e4ten entwickelt, \u00fcbersetzt und so f\u00fcr die Nutzung auf EMR-Ebene zur Verf\u00fcgung gestellt. Die Aktivit\u00e4t Grenz\u00fcberschreitende Zusammenarbeit im Gesundheitswesen kann \u00fcber euPrevent gebucht werden. F\u00fcr weitere Aktivit\u00e4ten m\u00f6chten wir Sie an die entsprechenden Organisationen verweisen. [\/vc_column_text][\/vc_column][\/vc_row][vc_row][vc_column][vc_column_text] Aktivit\u00e4t Crossing Borders in Health (Grenz\u00fcberschreitende Zusammenarbeit im [&hellip;]<\/p>\n","protected":false},"author":5,"featured_media":0,"parent":8974,"menu_order":0,"comment_status":"closed","ping_status":"closed","template":"page-with-products-menu.php","meta":{"_acf_changed":false,"footnotes":""},"class_list":["post-9006","page","type-page","status-publish","hentry"],"acf":[],"yoast_head":"<!-- This site is optimized with the Yoast SEO plugin v26.8 - https:\/\/yoast.com\/product\/yoast-seo-wordpress\/ -->\n<title>Aktivit\u00e4ten - euPrevent<\/title>\n<meta name=\"robots\" content=\"index, follow, max-snippet:-1, max-image-preview:large, max-video-preview:-1\" \/>\n<link rel=\"canonical\" href=\"https:\/\/euprevent.eu\/de\/produkten\/aktivitaeten\/\" \/>\n<meta property=\"og:locale\" content=\"de_DE\" \/>\n<meta property=\"og:type\" content=\"article\" \/>\n<meta property=\"og:title\" content=\"Aktivit\u00e4ten - euPrevent\" \/>\n<meta property=\"og:description\" content=\"[vc_row][vc_column][vc_column_text] Aktivit\u00e4ten Im Rahmen der Projekte in den euPrevent-Programmen werden verschiedene Aktivit\u00e4ten entwickelt, \u00fcbersetzt und so f\u00fcr die Nutzung auf EMR-Ebene zur Verf\u00fcgung gestellt. Die Aktivit\u00e4t Grenz\u00fcberschreitende Zusammenarbeit im Gesundheitswesen kann \u00fcber euPrevent gebucht werden. F\u00fcr weitere Aktivit\u00e4ten m\u00f6chten wir Sie an die entsprechenden Organisationen verweisen. [\/vc_column_text][\/vc_column][\/vc_row][vc_row][vc_column][vc_column_text] Aktivit\u00e4t Crossing Borders in Health (Grenz\u00fcberschreitende Zusammenarbeit im [&hellip;]\" \/>\n<meta property=\"og:url\" content=\"https:\/\/euprevent.eu\/de\/produkten\/aktivitaeten\/\" \/>\n<meta property=\"og:site_name\" content=\"euPrevent\" \/>\n<meta property=\"article:modified_time\" content=\"2021-04-20T15:58:19+00:00\" \/>\n<meta name=\"twitter:card\" content=\"summary_large_image\" \/>\n<meta name=\"twitter:label1\" content=\"Gesch\u00e4tzte Lesezeit\" \/>\n\t<meta name=\"twitter:data1\" content=\"2\u00a0Minuten\" \/>\n<script type=\"application\/ld+json\" class=\"yoast-schema-graph\">{\"@context\":\"https:\/\/schema.org\",\"@graph\":[{\"@type\":\"WebPage\",\"@id\":\"https:\/\/euprevent.eu\/de\/produkten\/aktivitaeten\/\",\"url\":\"https:\/\/euprevent.eu\/de\/produkten\/aktivitaeten\/\",\"name\":\"Aktivit\u00e4ten - euPrevent\",\"isPartOf\":{\"@id\":\"https:\/\/euprevent.eu\/de\/#website\"},\"datePublished\":\"2019-05-14T13:04:39+00:00\",\"dateModified\":\"2021-04-20T15:58:19+00:00\",\"breadcrumb\":{\"@id\":\"https:\/\/euprevent.eu\/de\/produkten\/aktivitaeten\/#breadcrumb\"},\"inLanguage\":\"de\",\"potentialAction\":[{\"@type\":\"ReadAction\",\"target\":[\"https:\/\/euprevent.eu\/de\/produkten\/aktivitaeten\/\"]}]},{\"@type\":\"BreadcrumbList\",\"@id\":\"https:\/\/euprevent.eu\/de\/produkten\/aktivitaeten\/#breadcrumb\",\"itemListElement\":[{\"@type\":\"ListItem\",\"position\":1,\"name\":\"Home\",\"item\":\"https:\/\/euprevent.eu\/de\/\"},{\"@type\":\"ListItem\",\"position\":2,\"name\":\"Produkte\",\"item\":\"https:\/\/euprevent.eu\/de\/produkten\/\"},{\"@type\":\"ListItem\",\"position\":3,\"name\":\"Aktivit\u00e4ten\"}]},{\"@type\":\"WebSite\",\"@id\":\"https:\/\/euprevent.eu\/de\/#website\",\"url\":\"https:\/\/euprevent.eu\/de\/\",\"name\":\"euPrevent\",\"description\":\"euPrevent is a Euroregional network that focuses on promoting health. Within this network, sustainable partnerships seek to increase the quality of life of residents in the border region between the Netherlands, Belgium and Germany.\",\"potentialAction\":[{\"@type\":\"SearchAction\",\"target\":{\"@type\":\"EntryPoint\",\"urlTemplate\":\"https:\/\/euprevent.eu\/de\/?s={search_term_string}\"},\"query-input\":{\"@type\":\"PropertyValueSpecification\",\"valueRequired\":true,\"valueName\":\"search_term_string\"}}],\"inLanguage\":\"de\"}]}<\/script>\n<!-- \/ Yoast SEO plugin. -->","yoast_head_json":{"title":"Aktivit\u00e4ten - euPrevent","robots":{"index":"index","follow":"follow","max-snippet":"max-snippet:-1","max-image-preview":"max-image-preview:large","max-video-preview":"max-video-preview:-1"},"canonical":"https:\/\/euprevent.eu\/de\/produkten\/aktivitaeten\/","og_locale":"de_DE","og_type":"article","og_title":"Aktivit\u00e4ten - euPrevent","og_description":"[vc_row][vc_column][vc_column_text] Aktivit\u00e4ten Im Rahmen der Projekte in den euPrevent-Programmen werden verschiedene Aktivit\u00e4ten entwickelt, \u00fcbersetzt und so f\u00fcr die Nutzung auf EMR-Ebene zur Verf\u00fcgung gestellt. Die Aktivit\u00e4t Grenz\u00fcberschreitende Zusammenarbeit im Gesundheitswesen kann \u00fcber euPrevent gebucht werden. F\u00fcr weitere Aktivit\u00e4ten m\u00f6chten wir Sie an die entsprechenden Organisationen verweisen. [\/vc_column_text][\/vc_column][\/vc_row][vc_row][vc_column][vc_column_text] Aktivit\u00e4t Crossing Borders in Health (Grenz\u00fcberschreitende Zusammenarbeit im [&hellip;]","og_url":"https:\/\/euprevent.eu\/de\/produkten\/aktivitaeten\/","og_site_name":"euPrevent","article_modified_time":"2021-04-20T15:58:19+00:00","twitter_card":"summary_large_image","twitter_misc":{"Gesch\u00e4tzte Lesezeit":"2\u00a0Minuten"},"schema":{"@context":"https:\/\/schema.org","@graph":[{"@type":"WebPage","@id":"https:\/\/euprevent.eu\/de\/produkten\/aktivitaeten\/","url":"https:\/\/euprevent.eu\/de\/produkten\/aktivitaeten\/","name":"Aktivit\u00e4ten - euPrevent","isPartOf":{"@id":"https:\/\/euprevent.eu\/de\/#website"},"datePublished":"2019-05-14T13:04:39+00:00","dateModified":"2021-04-20T15:58:19+00:00","breadcrumb":{"@id":"https:\/\/euprevent.eu\/de\/produkten\/aktivitaeten\/#breadcrumb"},"inLanguage":"de","potentialAction":[{"@type":"ReadAction","target":["https:\/\/euprevent.eu\/de\/produkten\/aktivitaeten\/"]}]},{"@type":"BreadcrumbList","@id":"https:\/\/euprevent.eu\/de\/produkten\/aktivitaeten\/#breadcrumb","itemListElement":[{"@type":"ListItem","position":1,"name":"Home","item":"https:\/\/euprevent.eu\/de\/"},{"@type":"ListItem","position":2,"name":"Produkte","item":"https:\/\/euprevent.eu\/de\/produkten\/"},{"@type":"ListItem","position":3,"name":"Aktivit\u00e4ten"}]},{"@type":"WebSite","@id":"https:\/\/euprevent.eu\/de\/#website","url":"https:\/\/euprevent.eu\/de\/","name":"euPrevent","description":"euPrevent is a Euroregional network that focuses on promoting health. Within this network, sustainable partnerships seek to increase the quality of life of residents in the border region between the Netherlands, Belgium and Germany.","potentialAction":[{"@type":"SearchAction","target":{"@type":"EntryPoint","urlTemplate":"https:\/\/euprevent.eu\/de\/?s={search_term_string}"},"query-input":{"@type":"PropertyValueSpecification","valueRequired":true,"valueName":"search_term_string"}}],"inLanguage":"de"}]}},"_links":{"self":[{"href":"https:\/\/euprevent.eu\/de\/wp-json\/wp\/v2\/pages\/9006","targetHints":{"allow":["GET"]}}],"collection":[{"href":"https:\/\/euprevent.eu\/de\/wp-json\/wp\/v2\/pages"}],"about":[{"href":"https:\/\/euprevent.eu\/de\/wp-json\/wp\/v2\/types\/page"}],"author":[{"embeddable":true,"href":"https:\/\/euprevent.eu\/de\/wp-json\/wp\/v2\/users\/5"}],"replies":[{"embeddable":true,"href":"https:\/\/euprevent.eu\/de\/wp-json\/wp\/v2\/comments?post=9006"}],"version-history":[{"count":6,"href":"https:\/\/euprevent.eu\/de\/wp-json\/wp\/v2\/pages\/9006\/revisions"}],"predecessor-version":[{"id":14602,"href":"https:\/\/euprevent.eu\/de\/wp-json\/wp\/v2\/pages\/9006\/revisions\/14602"}],"up":[{"embeddable":true,"href":"https:\/\/euprevent.eu\/de\/wp-json\/wp\/v2\/pages\/8974"}],"wp:attachment":[{"href":"https:\/\/euprevent.eu\/de\/wp-json\/wp\/v2\/media?parent=9006"}],"curies":[{"name":"wp","href":"https:\/\/api.w.org\/{rel}","templated":true}]}}