


{"id":864,"date":"2017-01-14T11:34:29","date_gmt":"2017-01-14T11:34:29","guid":{"rendered":"http:\/\/euprevent.eu\/?page_id=864\/"},"modified":"2017-02-22T16:11:40","modified_gmt":"2017-02-22T16:11:40","slug":"zweites-altenheimsiegel","status":"publish","type":"page","link":"https:\/\/euprevent.eu\/de\/euprevent-qualitatssiegel\/zweites-altenheimsiegel\/","title":{"rendered":"Zweites Altenheimsiegel"},"content":{"rendered":"<section class=\"wpb-content-wrapper\"><p>[vc_row][vc_column][vc_column_text el_class=&#8220;alert alert-info&#8220;]<\/p>\n<p style=\"text-align: center;\">Deze informatie is alleen beschikbaar in het Duits. \/ The information below is only available in German. \/\u00a0Cette information est seulement disponible en allemand.<\/p>\n<p>[\/vc_column_text][\/vc_column][\/vc_row][vc_row css=&#8220;.vc_custom_1483999173497{margin-bottom: 0px !important;}&#8220;][vc_column][vc_column_text css=&#8220;.vc_custom_1484393711329{margin-bottom: 20px !important;}&#8220;]<\/p>\n<h2>Zweites Altenheimsiegel<\/h2>\n<p>[\/vc_column_text][vc_column_text]Auf der Basis der Erfahrungen mit der Erstellung und der Umsetzung des ersten Siegels, wurde im Landeszentrum f\u00fcr Gesundheit (LZG) in M\u00fcnster eine Arbeitsgruppe gebildet, die die Entwicklung der zweiten Siegelstufe in Angriff nahm. Auf der Basis einer euregionalen Online-Abstimmung wurden 10 Qualit\u00e4tsziele definiert und gemeinsam aufeinander abgestimmt. Um die teilnehmenden Institutionen bestm\u00f6glich unterst\u00fctzen zu k\u00f6nnen, wurden wieder eine Reihe von Erstellungshilfen und \u2013dokumente erarbeitet, die den Einrichtungen zur Verf\u00fcgung gestellt werden.[\/vc_column_text][\/vc_column][\/vc_row][vc_row][vc_column width=&#8220;5\/6&#8243;][\/vc_column][vc_column width=&#8220;1\/6&#8243;][vc_single_image image=&#8220;280&#8243; img_size=&#8220;full&#8220;][\/vc_column][\/vc_row][vc_row][vc_column][vc_tta_tour][vc_tta_section title=&#8220;Anforderungen&#8220; tab_id=&#8220;1484000608824-71c7e040-63bd&#8220;][vc_column_text]<\/p>\n<h2>Anforderungen<\/h2>\n<p>[\/vc_column_text][vc_row_inner][vc_column_inner][vc_btn title=&#8220;Zweites Altenheimsiegel Endg\u00fcltige Fassung&#8220; color=&#8220;white&#8220; align=&#8220;left&#8220; i_icon_fontawesome=&#8220;fa fa-file-pdf-o&#8220; button_block=&#8220;true&#8220; add_icon=&#8220;true&#8220; link=&#8220;url:http%3A%2F%2Feuprevent.eu%2Fwp-content%2Fuploads%2F2017%2F01%2FZweites-Altenheimsiegel-Endgultige-Fassung.pdf|||&#8220;][\/vc_column_inner][\/vc_row_inner][\/vc_tta_section][vc_tta_section title=&#8220;Auditoren&#8220; tab_id=&#8220;1484393727267-ac9c1c68-3c1b&#8220;][vc_column_text]<\/p>\n<h3>Auditoren<\/h3>\n<p>[\/vc_column_text][vc_row_inner][vc_column_inner][vc_btn title=&#8220;Auditorenschulung Zweites Altenheimsiegel&#8220; color=&#8220;white&#8220; align=&#8220;left&#8220; i_icon_fontawesome=&#8220;fa fa-file-pdf-o&#8220; button_block=&#8220;true&#8220; add_icon=&#8220;true&#8220; link=&#8220;url:http%3A%2F%2Feuprevent.eu%2Fwp-content%2Fuploads%2F2017%2F01%2FAuditorenschulung-Zweites-Altenheimsiegel.pdf|||&#8220;][vc_btn title=&#8220;Auditorenhandbuch Zweites Altenheimsiegel&#8220; color=&#8220;white&#8220; align=&#8220;left&#8220; i_icon_fontawesome=&#8220;fa fa-file-pdf-o&#8220; button_block=&#8220;true&#8220; add_icon=&#8220;true&#8220; link=&#8220;url:http%3A%2F%2Feuprevent.eu%2Fwp-content%2Fuploads%2F2017%2F01%2FAuditorenhandbuch-Zweites-Altenheimsiegel.pdf|||&#8220;][\/vc_column_inner][\/vc_row_inner][\/vc_tta_section][vc_tta_section title=&#8220;Erstellungshilfen&#8220; tab_id=&#8220;1484393256536-f9374851-419b&#8220;][vc_column_text]<\/p>\n<h3>Erstellungshilfen und Richtlinien<\/h3>\n<p>[\/vc_column_text][vc_row_inner][vc_column_inner][vc_column_text]<\/p>\n<h4>QZ 1 &#8211; Hygienekommission<\/h4>\n<p>[\/vc_column_text][vc_btn title=&#8220;Muster: Gesch\u00e4ftsordnung der Hygienekommission&#8220; color=&#8220;white&#8220; align=&#8220;left&#8220; i_icon_fontawesome=&#8220;fa fa-file-pdf-o&#8220; button_block=&#8220;true&#8220; add_icon=&#8220;true&#8220; link=&#8220;url:http%3A%2F%2Feuprevent.eu%2Fwp-content%2Fuploads%2F2017%2F01%2FMuster_GO_Hyg_Kommission-1.pdf|||&#8220;][vc_column_text]<\/p>\n<h4>QZ 2 &#8211; H\u00e4ndehygiene &#8211; Erstellungshilfen<\/h4>\n<p>[\/vc_column_text][vc_btn title=&#8220;QSED &#8211; Tabelle Erfassung des Desinfektionsmittelverbrauchs 140822&#8243; color=&#8220;white&#8220; align=&#8220;left&#8220; i_icon_fontawesome=&#8220;fa fa-file-pdf-o&#8220; button_block=&#8220;true&#8220; add_icon=&#8220;true&#8220; link=&#8220;url:http%3A%2F%2Feuprevent.eu%2Fwp-content%2Fuploads%2F2017%2F01%2FQSED-Tabelle-Erfassung-des-Desinfektionsmittelverbrauchs-140822.doc|||&#8220;][vc_column_text]<\/p>\n<h4>QZ 5 &#8211; Einarbeitungskonzept &#8211; Erstellungshilfen<\/h4>\n<p>[\/vc_column_text][vc_btn title=&#8220;QSED-EH-Einarbeitung HW 140804&#8243; color=&#8220;white&#8220; align=&#8220;left&#8220; i_icon_fontawesome=&#8220;fa fa-file-pdf-o&#8220; button_block=&#8220;true&#8220; add_icon=&#8220;true&#8220; link=&#8220;url:http%3A%2F%2Feuprevent.eu%2Fwp-content%2Fuploads%2F2017%2F01%2Fn-QSED-EH-Einarbeitung-HW-140804.doc|||&#8220;][vc_btn title=&#8220;QSED-EH-Einarbeitung Pflege 140804&#8243; color=&#8220;white&#8220; align=&#8220;left&#8220; i_icon_fontawesome=&#8220;fa fa-file-pdf-o&#8220; button_block=&#8220;true&#8220; add_icon=&#8220;true&#8220; link=&#8220;url:http%3A%2F%2Feuprevent.eu%2Fwp-content%2Fuploads%2F2017%2F01%2FQSED-EH-Einarbeitung-Pflege-140804.doc|||&#8220;][vc_btn title=&#8220;QSED-Stellungnahme-Personenkreis QZ 5 140825&#8243; color=&#8220;white&#8220; align=&#8220;left&#8220; i_icon_fontawesome=&#8220;fa fa-file-pdf-o&#8220; button_block=&#8220;true&#8220; add_icon=&#8220;true&#8220; link=&#8220;url:http%3A%2F%2Feuprevent.eu%2Fwp-content%2Fuploads%2F2017%2F01%2FQSED-Stellungnahme-Personenkreis-QZ-5-140825.doc|||&#8220;][vc_btn title=&#8220;QSED-\u00dcberpr\u00fcfungs-Check-Liste-Einarbeitung HW 140822 (3)&#8220; color=&#8220;white&#8220; align=&#8220;left&#8220; i_icon_fontawesome=&#8220;fa fa-file-pdf-o&#8220; button_block=&#8220;true&#8220; add_icon=&#8220;true&#8220; link=&#8220;url:http%3A%2F%2Feuprevent.eu%2Fwp-content%2Fuploads%2F2017%2F01%2Fn-QSED-uberprufungs-Check-Liste-Einarbeitung-HW-140822-3.doc|||&#8220;][vc_btn title=&#8220;QSED-\u00dcberpr\u00fcfungs-Check-Liste-Einarbeitung Pflege 140821&#8243; color=&#8220;white&#8220; align=&#8220;left&#8220; i_icon_fontawesome=&#8220;fa fa-file-pdf-o&#8220; button_block=&#8220;true&#8220; add_icon=&#8220;true&#8220; link=&#8220;url:http%3A%2F%2Feuprevent.eu%2Fwp-content%2Fuploads%2F2017%2F01%2FQSED-uberprufungs-Check-Liste-Einarbeitung-Pflege-140821.doc|||&#8220;][vc_column_text]<\/p>\n<h4>QZ 6 &#8211; Hausinternes Hygiene-Audit &#8211; Erstellungshilfen<\/h4>\n<p>[\/vc_column_text][vc_btn title=&#8220;QSED &#8211; Check-Liste Internes Audit 140820&#8243; color=&#8220;white&#8220; align=&#8220;left&#8220; i_icon_fontawesome=&#8220;fa fa-file-pdf-o&#8220; button_block=&#8220;true&#8220; add_icon=&#8220;true&#8220; link=&#8220;url:http%3A%2F%2Feuprevent.eu%2Fwp-content%2Fuploads%2F2017%2F01%2FQSED-Check-Liste-Internes-Audit-140820.doc|||&#8220;][vc_column_text]<\/p>\n<h4>QZ 7 &#8211; Verfahrensanweisung Ausbruchsmanagement &#8211; Erstellungshilfen<\/h4>\n<p>[\/vc_column_text][vc_btn title=&#8220;QZ 7 &#8211; Verfahrensanweisung Ausbruchsmanagement &#8211; Erstellungshilfen&#8220; color=&#8220;white&#8220; align=&#8220;left&#8220; i_icon_fontawesome=&#8220;fa fa-file-pdf-o&#8220; button_block=&#8220;true&#8220; add_icon=&#8220;true&#8220; link=&#8220;url:http%3A%2F%2Feuprevent.eu%2Fwp-content%2Fuploads%2F2017%2F01%2FQSED-EH-Verfahrensanweisung-Ausbruchsmanagement-140821.doc|||&#8220;][vc_column_text]<\/p>\n<h4>QZ 8 &#8211; Wundversorgung und Verbandwechsel<\/h4>\n<p>[\/vc_column_text][vc_btn title=&#8220;Erstellungshilfe &#8222;Wundversorgung und Verbandwechsel&#8222;&#8220; color=&#8220;white&#8220; align=&#8220;left&#8220; i_icon_fontawesome=&#8220;fa fa-file-pdf-o&#8220; button_block=&#8220;true&#8220; add_icon=&#8220;true&#8220; link=&#8220;url:http%3A%2F%2Feuprevent.eu%2Fwp-content%2Fuploads%2F2017%2F01%2FQSED-EH-Wunde.doc|||&#8220;][vc_column_text]<\/p>\n<h4>QZ 9 &#8211; Verfahrensanweisung Reinigung und Desinfektion &#8211; Erstellungshilfen<\/h4>\n<p>[\/vc_column_text][vc_btn title=&#8220;QSED-EH-Verfahrensanweisung RD 140818&#8243; color=&#8220;white&#8220; align=&#8220;left&#8220; i_icon_fontawesome=&#8220;fa fa-file-pdf-o&#8220; button_block=&#8220;true&#8220; add_icon=&#8220;true&#8220; link=&#8220;url:http%3A%2F%2Feuprevent.eu%2Fwp-content%2Fuploads%2F2017%2F01%2FQSED-EH-Verfahrensanweisung-RD-140818.doc|||&#8220;][vc_column_text]<\/p>\n<h4>QZ 10 &#8211; Pr\u00e4vention von Harnwegsinfektionen<\/h4>\n<p>[\/vc_column_text][vc_btn title=&#8220;Erstellungshilfe &#8222;Pr\u00e4vention von Harnwegsinfektionen&#8222;&#8220; color=&#8220;white&#8220; align=&#8220;left&#8220; i_icon_fontawesome=&#8220;fa fa-file-pdf-o&#8220; button_block=&#8220;true&#8220; add_icon=&#8220;true&#8220; link=&#8220;url:http%3A%2F%2Feuprevent.eu%2Fwp-content%2Fuploads%2F2017%2F01%2FQSED-SP-Kathetercheck.doc|||&#8220;][\/vc_column_inner][\/vc_row_inner][\/vc_tta_section][vc_tta_section title=&#8220;Literatur&#8220; tab_id=&#8220;1484000602777-110ac1dc-84d7&#8243;][vc_column_text]<\/p>\n<h3>Literatur<\/h3>\n<p>[\/vc_column_text][vc_row_inner][vc_column_inner][vc_btn title=&#8220;NLGA &#8211; Hygieneplan&#8220; color=&#8220;white&#8220; align=&#8220;left&#8220; i_icon_fontawesome=&#8220;fa fa-file-pdf-o&#8220; button_block=&#8220;true&#8220; add_icon=&#8220;true&#8220; link=&#8220;url:http%3A%2F%2Feuprevent.eu%2Fwp-content%2Fuploads%2F2017%2F01%2FNLGA-Hygieneplan.pdf|||&#8220;][vc_btn title=&#8220;NLGA &#8211; Umgang mit MRGN&#8220; color=&#8220;white&#8220; align=&#8220;left&#8220; i_icon_fontawesome=&#8220;fa fa-file-pdf-o&#8220; button_block=&#8220;true&#8220; add_icon=&#8220;true&#8220; link=&#8220;url:http%3A%2F%2Feuprevent.eu%2Fwp-content%2Fuploads%2F2017%2F01%2FNLGA-Umgang-mit-MRGN.pdf|||&#8220;][vc_btn title=&#8220;NLGA &#8211; Umgang mit MRSA&#8220; color=&#8220;white&#8220; align=&#8220;left&#8220; i_icon_fontawesome=&#8220;fa fa-file-pdf-o&#8220; button_block=&#8220;true&#8220; add_icon=&#8220;true&#8220; link=&#8220;url:http%3A%2F%2Feuprevent.eu%2Fwp-content%2Fuploads%2F2017%2F01%2FNLGA-Umgang-mit-MRSA.pdf|||&#8220;][vc_btn title=&#8220;RKI &#8211; Anforderungen an die Hygiene bei der Reinigung und Desinfektion von Fl\u00e4chen&#8220; color=&#8220;white&#8220; align=&#8220;left&#8220; i_icon_fontawesome=&#8220;fa fa-file-pdf-o&#8220; button_block=&#8220;true&#8220; add_icon=&#8220;true&#8220; link=&#8220;url:http%3A%2F%2Feuprevent.eu%2Fwp-content%2Fuploads%2F2017%2F01%2FRKI-Anforderungen-an-die-Hygiene-bei-der-Reinigung-und-Desinfektion-von-Flachen.pdf|||&#8220;][vc_btn title=&#8220;RKI &#8211; Infektionspr\u00e4vention in Heimen&#8220; color=&#8220;white&#8220; align=&#8220;left&#8220; i_icon_fontawesome=&#8220;fa fa-file-pdf-o&#8220; button_block=&#8220;true&#8220; add_icon=&#8220;true&#8220; link=&#8220;url:http%3A%2F%2Feuprevent.eu%2Fwp-content%2Fuploads%2F2017%2F01%2FRKI-Infektionspravention-in-Heimen-1.pdf|||&#8220;][vc_btn title=&#8220;TRBA-250&#8243; color=&#8220;white&#8220; align=&#8220;left&#8220; i_icon_fontawesome=&#8220;fa fa-file-pdf-o&#8220; button_block=&#8220;true&#8220; add_icon=&#8220;true&#8220; link=&#8220;url:http%3A%2F%2Feuprevent.eu%2Fwp-content%2Fuploads%2F2017%2F01%2FTRBA-250.pdf|||&#8220;][vc_btn title=&#8220;Kreis Heinsberg &#8211; MRSA-Empfehlungen station\u00e4re Pflege, 15.01.2015&#8243; color=&#8220;white&#8220; align=&#8220;left&#8220; i_icon_fontawesome=&#8220;fa fa-file-pdf-o&#8220; button_block=&#8220;true&#8220; add_icon=&#8220;true&#8220; link=&#8220;url:http%3A%2F%2Feuprevent.eu%2Fwp-content%2Fuploads%2F2017%2F01%2FMRSA-Empfehlungen.pdf|||&#8220;][vc_btn title=&#8220;MDK-Pr\u00fcfkatalog 2014&#8243; color=&#8220;white&#8220; align=&#8220;left&#8220; i_icon_fontawesome=&#8220;fa fa-file-pdf-o&#8220; button_block=&#8220;true&#8220; add_icon=&#8220;true&#8220; link=&#8220;url:http%3A%2F%2Feuprevent.eu%2Fwp-content%2Fuploads%2F2017%2F01%2FMDK-Prufkatalog-2014.pdf|||&#8220;][\/vc_column_inner][\/vc_row_inner][\/vc_tta_section][vc_tta_section title=&#8220;Schulungsdateien&#8220; tab_id=&#8220;1484050886209-38c89531-fbd1&#8243;][vc_column_text]<\/p>\n<h3>Schulungsdateien<\/h3>\n<p>[\/vc_column_text][vc_row_inner][vc_column_inner][vc_btn title=&#8220;Aktion Saubere H\u00e4nde &#8211; Erste Ergebnisse zur Compliance in Alten- und Pflegeheimen&#8220; color=&#8220;white&#8220; align=&#8220;left&#8220; i_icon_fontawesome=&#8220;fa fa-file-pdf-o&#8220; button_block=&#8220;true&#8220; add_icon=&#8220;true&#8220; link=&#8220;url:http%3A%2F%2Feuprevent.eu%2Fwp-content%2Fuploads%2F2017%2F01%2FAktion-Saubere-Hande-Erste-Ergebnisse-zur-Compliance-in-Alten-und-Pflegeheimen.ppt|||&#8220;][vc_btn title=&#8220;Aktion Saubere H\u00e4nde &#8211; H\u00e4ndedesinfektion_Handschuhe_Alten_Pflegeheime&#8220; color=&#8220;white&#8220; align=&#8220;left&#8220; i_icon_fontawesome=&#8220;fa fa-file-pdf-o&#8220; button_block=&#8220;true&#8220; add_icon=&#8220;true&#8220; link=&#8220;url:http%3A%2F%2Feuprevent.eu%2Fwp-content%2Fuploads%2F2017%2F01%2FAktion-Saubere-Hande-Handedesinfektion_Handschuhe_Alten_Pflegeheime.ppt|||&#8220;][\/vc_column_inner][\/vc_row_inner][\/vc_tta_section][vc_tta_section title=&#8220;Siegel&#8220; tab_id=&#8220;1484000531381-e19ec8fe-b3dc&#8220;][vc_column_text]<\/p>\n<h2>Siegel<\/h2>\n<p>[\/vc_column_text][vc_row_inner][vc_column_inner][vc_btn title=&#8220;Zweites euPrevent Altenheimsiegel&#8220; color=&#8220;white&#8220; align=&#8220;left&#8220; i_icon_fontawesome=&#8220;fa fa-file-pdf-o&#8220; button_block=&#8220;true&#8220; add_icon=&#8220;true&#8220; link=&#8220;url:http%3A%2F%2Feuprevent.eu%2Fwp-content%2Fuploads%2F2017%2F01%2FZweites-euPrevent-Altenheimsiegel.pdf|||&#8220;][\/vc_column_inner][\/vc_row_inner][\/vc_tta_section][\/vc_tta_tour][\/vc_column][\/vc_row]<\/p>\n<\/section>","protected":false},"excerpt":{"rendered":"<p>[vc_row][vc_column][vc_column_text el_class=&#8220;alert alert-info&#8220;] Deze informatie is alleen beschikbaar in het Duits. \/ The information below is only available in German. \/\u00a0Cette information est seulement disponible en allemand. [\/vc_column_text][\/vc_column][\/vc_row][vc_row css=&#8220;.vc_custom_1483999173497{margin-bottom: 0px !important;}&#8220;][vc_column][vc_column_text css=&#8220;.vc_custom_1484393711329{margin-bottom: 20px !important;}&#8220;] Zweites Altenheimsiegel [\/vc_column_text][vc_column_text]Auf der Basis der Erfahrungen mit der Erstellung und der Umsetzung des ersten Siegels, wurde im Landeszentrum f\u00fcr Gesundheit [&hellip;]<\/p>\n","protected":false},"author":1,"featured_media":0,"parent":857,"menu_order":0,"comment_status":"closed","ping_status":"closed","template":"","meta":{"_acf_changed":false,"footnotes":""},"class_list":["post-864","page","type-page","status-publish","hentry","programmes-infectious-diseases"],"acf":[],"yoast_head":"<!-- This site is optimized with the Yoast SEO plugin v26.8 - https:\/\/yoast.com\/product\/yoast-seo-wordpress\/ -->\n<title>Zweites Altenheimsiegel - euPrevent<\/title>\n<meta name=\"robots\" content=\"index, follow, max-snippet:-1, max-image-preview:large, max-video-preview:-1\" \/>\n<link rel=\"canonical\" href=\"https:\/\/euprevent.eu\/de\/euprevent-qualitatssiegel\/zweites-altenheimsiegel\/\" \/>\n<meta property=\"og:locale\" content=\"de_DE\" \/>\n<meta property=\"og:type\" content=\"article\" \/>\n<meta property=\"og:title\" content=\"Zweites Altenheimsiegel - euPrevent\" \/>\n<meta property=\"og:description\" content=\"[vc_row][vc_column][vc_column_text el_class=&#8220;alert alert-info&#8220;] Deze informatie is alleen beschikbaar in het Duits. \/ The information below is only available in German. \/\u00a0Cette information est seulement disponible en allemand. [\/vc_column_text][\/vc_column][\/vc_row][vc_row css=&#8220;.vc_custom_1483999173497{margin-bottom: 0px !important;}&#8220;][vc_column][vc_column_text css=&#8220;.vc_custom_1484393711329{margin-bottom: 20px !important;}&#8220;] Zweites Altenheimsiegel [\/vc_column_text][vc_column_text]Auf der Basis der Erfahrungen mit der Erstellung und der Umsetzung des ersten Siegels, wurde im Landeszentrum f\u00fcr Gesundheit [&hellip;]\" \/>\n<meta property=\"og:url\" content=\"https:\/\/euprevent.eu\/de\/euprevent-qualitatssiegel\/zweites-altenheimsiegel\/\" \/>\n<meta property=\"og:site_name\" content=\"euPrevent\" \/>\n<meta property=\"article:modified_time\" content=\"2017-02-22T16:11:40+00:00\" \/>\n<meta name=\"twitter:card\" content=\"summary_large_image\" \/>\n<meta name=\"twitter:label1\" content=\"Gesch\u00e4tzte Lesezeit\" \/>\n\t<meta name=\"twitter:data1\" content=\"7\u00a0Minuten\" \/>\n<script type=\"application\/ld+json\" class=\"yoast-schema-graph\">{\"@context\":\"https:\/\/schema.org\",\"@graph\":[{\"@type\":\"WebPage\",\"@id\":\"https:\/\/euprevent.eu\/de\/euprevent-qualitatssiegel\/zweites-altenheimsiegel\/\",\"url\":\"https:\/\/euprevent.eu\/de\/euprevent-qualitatssiegel\/zweites-altenheimsiegel\/\",\"name\":\"Zweites Altenheimsiegel - euPrevent\",\"isPartOf\":{\"@id\":\"https:\/\/euprevent.eu\/de\/#website\"},\"datePublished\":\"2017-01-14T11:34:29+00:00\",\"dateModified\":\"2017-02-22T16:11:40+00:00\",\"breadcrumb\":{\"@id\":\"https:\/\/euprevent.eu\/de\/euprevent-qualitatssiegel\/zweites-altenheimsiegel\/#breadcrumb\"},\"inLanguage\":\"de\",\"potentialAction\":[{\"@type\":\"ReadAction\",\"target\":[\"https:\/\/euprevent.eu\/de\/euprevent-qualitatssiegel\/zweites-altenheimsiegel\/\"]}]},{\"@type\":\"BreadcrumbList\",\"@id\":\"https:\/\/euprevent.eu\/de\/euprevent-qualitatssiegel\/zweites-altenheimsiegel\/#breadcrumb\",\"itemListElement\":[{\"@type\":\"ListItem\",\"position\":1,\"name\":\"Home\",\"item\":\"https:\/\/euprevent.eu\/de\/\"},{\"@type\":\"ListItem\",\"position\":2,\"name\":\"euPrevent Qualit\u00e4tssiegel\",\"item\":\"https:\/\/euprevent.eu\/de\/euprevent-qualitatssiegel\/\"},{\"@type\":\"ListItem\",\"position\":3,\"name\":\"Zweites Altenheimsiegel\"}]},{\"@type\":\"WebSite\",\"@id\":\"https:\/\/euprevent.eu\/de\/#website\",\"url\":\"https:\/\/euprevent.eu\/de\/\",\"name\":\"euPrevent\",\"description\":\"euPrevent is a Euroregional network that focuses on promoting health. Within this network, sustainable partnerships seek to increase the quality of life of residents in the border region between the Netherlands, Belgium and Germany.\",\"potentialAction\":[{\"@type\":\"SearchAction\",\"target\":{\"@type\":\"EntryPoint\",\"urlTemplate\":\"https:\/\/euprevent.eu\/de\/?s={search_term_string}\"},\"query-input\":{\"@type\":\"PropertyValueSpecification\",\"valueRequired\":true,\"valueName\":\"search_term_string\"}}],\"inLanguage\":\"de\"}]}<\/script>\n<!-- \/ Yoast SEO plugin. -->","yoast_head_json":{"title":"Zweites Altenheimsiegel - euPrevent","robots":{"index":"index","follow":"follow","max-snippet":"max-snippet:-1","max-image-preview":"max-image-preview:large","max-video-preview":"max-video-preview:-1"},"canonical":"https:\/\/euprevent.eu\/de\/euprevent-qualitatssiegel\/zweites-altenheimsiegel\/","og_locale":"de_DE","og_type":"article","og_title":"Zweites Altenheimsiegel - euPrevent","og_description":"[vc_row][vc_column][vc_column_text el_class=&#8220;alert alert-info&#8220;] Deze informatie is alleen beschikbaar in het Duits. \/ The information below is only available in German. \/\u00a0Cette information est seulement disponible en allemand. [\/vc_column_text][\/vc_column][\/vc_row][vc_row css=&#8220;.vc_custom_1483999173497{margin-bottom: 0px !important;}&#8220;][vc_column][vc_column_text css=&#8220;.vc_custom_1484393711329{margin-bottom: 20px !important;}&#8220;] Zweites Altenheimsiegel [\/vc_column_text][vc_column_text]Auf der Basis der Erfahrungen mit der Erstellung und der Umsetzung des ersten Siegels, wurde im Landeszentrum f\u00fcr Gesundheit [&hellip;]","og_url":"https:\/\/euprevent.eu\/de\/euprevent-qualitatssiegel\/zweites-altenheimsiegel\/","og_site_name":"euPrevent","article_modified_time":"2017-02-22T16:11:40+00:00","twitter_card":"summary_large_image","twitter_misc":{"Gesch\u00e4tzte Lesezeit":"7\u00a0Minuten"},"schema":{"@context":"https:\/\/schema.org","@graph":[{"@type":"WebPage","@id":"https:\/\/euprevent.eu\/de\/euprevent-qualitatssiegel\/zweites-altenheimsiegel\/","url":"https:\/\/euprevent.eu\/de\/euprevent-qualitatssiegel\/zweites-altenheimsiegel\/","name":"Zweites Altenheimsiegel - euPrevent","isPartOf":{"@id":"https:\/\/euprevent.eu\/de\/#website"},"datePublished":"2017-01-14T11:34:29+00:00","dateModified":"2017-02-22T16:11:40+00:00","breadcrumb":{"@id":"https:\/\/euprevent.eu\/de\/euprevent-qualitatssiegel\/zweites-altenheimsiegel\/#breadcrumb"},"inLanguage":"de","potentialAction":[{"@type":"ReadAction","target":["https:\/\/euprevent.eu\/de\/euprevent-qualitatssiegel\/zweites-altenheimsiegel\/"]}]},{"@type":"BreadcrumbList","@id":"https:\/\/euprevent.eu\/de\/euprevent-qualitatssiegel\/zweites-altenheimsiegel\/#breadcrumb","itemListElement":[{"@type":"ListItem","position":1,"name":"Home","item":"https:\/\/euprevent.eu\/de\/"},{"@type":"ListItem","position":2,"name":"euPrevent Qualit\u00e4tssiegel","item":"https:\/\/euprevent.eu\/de\/euprevent-qualitatssiegel\/"},{"@type":"ListItem","position":3,"name":"Zweites Altenheimsiegel"}]},{"@type":"WebSite","@id":"https:\/\/euprevent.eu\/de\/#website","url":"https:\/\/euprevent.eu\/de\/","name":"euPrevent","description":"euPrevent is a Euroregional network that focuses on promoting health. Within this network, sustainable partnerships seek to increase the quality of life of residents in the border region between the Netherlands, Belgium and Germany.","potentialAction":[{"@type":"SearchAction","target":{"@type":"EntryPoint","urlTemplate":"https:\/\/euprevent.eu\/de\/?s={search_term_string}"},"query-input":{"@type":"PropertyValueSpecification","valueRequired":true,"valueName":"search_term_string"}}],"inLanguage":"de"}]}},"_links":{"self":[{"href":"https:\/\/euprevent.eu\/de\/wp-json\/wp\/v2\/pages\/864","targetHints":{"allow":["GET"]}}],"collection":[{"href":"https:\/\/euprevent.eu\/de\/wp-json\/wp\/v2\/pages"}],"about":[{"href":"https:\/\/euprevent.eu\/de\/wp-json\/wp\/v2\/types\/page"}],"author":[{"embeddable":true,"href":"https:\/\/euprevent.eu\/de\/wp-json\/wp\/v2\/users\/1"}],"replies":[{"embeddable":true,"href":"https:\/\/euprevent.eu\/de\/wp-json\/wp\/v2\/comments?post=864"}],"version-history":[{"count":2,"href":"https:\/\/euprevent.eu\/de\/wp-json\/wp\/v2\/pages\/864\/revisions"}],"predecessor-version":[{"id":960,"href":"https:\/\/euprevent.eu\/de\/wp-json\/wp\/v2\/pages\/864\/revisions\/960"}],"up":[{"embeddable":true,"href":"https:\/\/euprevent.eu\/de\/wp-json\/wp\/v2\/pages\/857"}],"wp:attachment":[{"href":"https:\/\/euprevent.eu\/de\/wp-json\/wp\/v2\/media?parent=864"}],"curies":[{"name":"wp","href":"https:\/\/api.w.org\/{rel}","templated":true}]}}