


{"id":859,"date":"2017-01-14T10:59:24","date_gmt":"2017-01-14T10:59:24","guid":{"rendered":"http:\/\/euprevent.eu\/?page_id=859\/"},"modified":"2018-04-18T08:57:42","modified_gmt":"2018-04-18T08:57:42","slug":"drittes-krankenhaussiegel","status":"publish","type":"page","link":"https:\/\/euprevent.eu\/de\/euprevent-qualitatssiegel\/drittes-krankenhaussiegel\/","title":{"rendered":"Drittes Krankenhaussiegel"},"content":{"rendered":"<section class=\"wpb-content-wrapper\"><p>[vc_row][vc_column][vc_column_text el_class=&#8220;alert alert-info&#8220;]<\/p>\n<p style=\"text-align: center;\">Deze informatie is alleen beschikbaar in het Duits. \/ The information below is only available in German. \/\u00a0Cette information est seulement disponible en allemand.<\/p>\n<p>[\/vc_column_text][\/vc_column][\/vc_row][vc_row css=&#8220;.vc_custom_1483999173497{margin-bottom: 0px !important;}&#8220;][vc_column][vc_column_text css=&#8220;.vc_custom_1484391622483{margin-bottom: 20px !important;}&#8220;]<\/p>\n<h2>Drittes\u00a0Krankenhaussiegel<\/h2>\n<p>[\/vc_column_text][\/vc_column][\/vc_row][vc_row][vc_column width=&#8220;5\/6&#8243;][vc_column_text]Das dritte euPrevent-Krankenhaussiegel legt einen besonderen Schwerpunkt auf das Antibiotic Stewardship. Es beinhaltet wieder alle sechs Kernthemen und ein ausgewogenes Verh\u00e4ltnis von Verstetigungsaspekten und neuen Kriterien innerhalb der Qualit\u00e4tsziele. Die Inhalte dieses Siegels wurden an die Inhalte des dritten EurSafety-Siegels angepasst, so dass ab dieser Siegelstufe eine inhaltliche \u00dcbereinstimmung unter Wahrung der regionalen Besonderheiten gew\u00e4hrleistet ist. Dies ist ein wichtiger Schritt zur Harmonisierung der Vorgehensweisen im Infektionsschutz aller Euregios entlang des Rheins und der Maas.[\/vc_column_text][\/vc_column][vc_column width=&#8220;1\/6&#8243;][vc_single_image image=&#8220;280&#8243; img_size=&#8220;full&#8220;][\/vc_column][\/vc_row][vc_row][vc_column][vc_tta_tour][vc_tta_section title=&#8220;Auditoren&#8220; tab_id=&#8220;1484000065193-2cfa2d43-f902&#8243;][vc_column_text]<\/p>\n<h3>Auditoren<\/h3>\n<p>[\/vc_column_text][vc_row_inner][vc_column_inner][vc_btn title=&#8220;Auditoren Checkliste Drittes KH-Siegel&#8220; color=&#8220;white&#8220; align=&#8220;left&#8220; i_icon_fontawesome=&#8220;fa fa-file-pdf-o&#8220; button_block=&#8220;true&#8220; add_icon=&#8220;true&#8220; link=&#8220;url:http%3A%2F%2Feuprevent.eu%2Fwp-content%2Fuploads%2F2017%2F03%2FAuditoren-Checkliste-Drittes-KH-Siegel.pdf|||&#8220;][vc_btn title=&#8220;Auditorenschulung Drittes KH-Siegel&#8220; color=&#8220;white&#8220; align=&#8220;left&#8220; i_icon_fontawesome=&#8220;fa fa-file-pdf-o&#8220; button_block=&#8220;true&#8220; add_icon=&#8220;true&#8220; link=&#8220;url:http%3A%2F%2Feuprevent.eu%2Fwp-content%2Fuploads%2F2017%2F03%2FAuditorenschulung-Drittes-Qualit%C3%A4tssiegel-Krankenh%C3%A4user.pdf|||&#8220;][\/vc_column_inner][\/vc_row_inner][\/vc_tta_section][vc_tta_section title=&#8220;Krankenh\u00e4user&#8220; tab_id=&#8220;1484050362879-8891abab-cf5d&#8220;][vc_column_text]<\/p>\n<h3>Teilnehmende Krankenh\u00e4user<\/h3>\n<p>[\/vc_column_text][vc_row_inner][vc_column_inner][vc_btn title=&#8220;Liste der Teilnehmende Krankenh\u00e4user&#8220; color=&#8220;white&#8220; align=&#8220;left&#8220; i_icon_fontawesome=&#8220;fa fa-file-pdf-o&#8220; button_block=&#8220;true&#8220; add_icon=&#8220;true&#8220; link=&#8220;url:https%3A%2F%2Feuprevent.eu%2Fwp-content%2Fuploads%2F2018%2F04%2FListe-der-teilnehmenden-Krankenh%C3%A4user-f%C3%BCr-das-dritte-KH-Siegel.pdf|||&#8220;][\/vc_column_inner][\/vc_row_inner][\/vc_tta_section][vc_tta_section title=&#8220;Literatur&#8220; tab_id=&#8220;1484000602777-110ac1dc-84d7&#8243;][vc_column_text]<\/p>\n<h3>Literatur<\/h3>\n<p>[\/vc_column_text][vc_row_inner][vc_column_inner][vc_btn title=&#8220;AWMF-Leitlinie &#8211; Perioperative Antibiotikaprophylaxe&#8220; color=&#8220;white&#8220; align=&#8220;left&#8220; i_icon_fontawesome=&#8220;fa fa-file-pdf-o&#8220; button_block=&#8220;true&#8220; add_icon=&#8220;true&#8220; link=&#8220;url:http%3A%2F%2Feuprevent.eu%2Fwp-content%2Fuploads%2F2017%2F01%2FAWMF-Leitlinie-Perioperative-Antibiotikaprophylaxe.pdf|||&#8220;][vc_btn title=&#8220;AWMF-Leitlinie &#8211; Strategien zur Sicherung rationaler Antibiotika-Anwendung&#8220; color=&#8220;white&#8220; align=&#8220;left&#8220; i_icon_fontawesome=&#8220;fa fa-file-pdf-o&#8220; button_block=&#8220;true&#8220; add_icon=&#8220;true&#8220; link=&#8220;url:http%3A%2F%2Feuprevent.eu%2Fwp-content%2Fuploads%2F2017%2F01%2FAWMF-Leitlinie-Strategien-zur-Sicherung-rationaler-Antibiotika-Anwendung.pdf|||&#8220;][vc_btn title=&#8220;C. Reichardt &#8211; Patient Empowerment&#8220; color=&#8220;white&#8220; align=&#8220;left&#8220; i_icon_fontawesome=&#8220;fa fa-file-pdf-o&#8220; button_block=&#8220;true&#8220; add_icon=&#8220;true&#8220; link=&#8220;url:http%3A%2F%2Feuprevent.eu%2Fwp-content%2Fuploads%2F2017%2F01%2FC.-Reichardt-Patient-Empowerment.pdf|||&#8220;][vc_btn title=&#8220;CMGEPA &#8211; Musterfragebogen Krankenhaushygiene&#8220; color=&#8220;white&#8220; align=&#8220;left&#8220; i_icon_fontawesome=&#8220;fa fa-file-pdf-o&#8220; button_block=&#8220;true&#8220; add_icon=&#8220;true&#8220; link=&#8220;url:http%3A%2F%2Feuprevent.eu%2Fwp-content%2Fuploads%2F2017%2F01%2FMGEPA-Musterfragebogen-Krankenhaushygiene.pdf|||&#8220;][vc_btn title=&#8220;PEG-perioperative-Prophylaxe-2010&#8243; color=&#8220;white&#8220; align=&#8220;left&#8220; i_icon_fontawesome=&#8220;fa fa-file-pdf-o&#8220; button_block=&#8220;true&#8220; add_icon=&#8220;true&#8220; link=&#8220;url:http%3A%2F%2Feuprevent.eu%2Fwp-content%2Fuploads%2F2017%2F01%2FPEG-perioperative-Prophylaxe-2010.pdf|||&#8220;][vc_btn title=&#8220;RKI-Empfehlung &#8211; Pr\u00e4vention postoperativer&#8220; color=&#8220;white&#8220; align=&#8220;left&#8220; i_icon_fontawesome=&#8220;fa fa-file-pdf-o&#8220; button_block=&#8220;true&#8220; add_icon=&#8220;true&#8220; link=&#8220;url:http%3A%2F%2Feuprevent.eu%2Fwp-content%2Fuploads%2F2017%2F01%2FRKI-Empfehlung-Praevention-postoperativer.pdf|||&#8220;][\/vc_column_inner][\/vc_row_inner][\/vc_tta_section][vc_tta_section title=&#8220;Erstellungshilfe&#8220; tab_id=&#8220;1484050886209-38c89531-fbd1&#8243;][vc_column_text]<\/p>\n<h3>Erstellungshilfe<\/h3>\n<p>[\/vc_column_text][vc_row_inner][vc_column_inner][vc_btn title=&#8220;Checkliste QZ 5 &#8211; MRGN&#8220; color=&#8220;white&#8220; align=&#8220;left&#8220; i_icon_fontawesome=&#8220;fa fa-file-pdf-o&#8220; button_block=&#8220;true&#8220; add_icon=&#8220;true&#8220; link=&#8220;url:http%3A%2F%2Feuprevent.eu%2Fwp-content%2Fuploads%2F2017%2F02%2FCheckliste-QZ-5-MRGN-FORM.pdf|||&#8220;][vc_btn title=&#8220;Checkliste QZ 5 &#8211; MRSA&#8220; color=&#8220;white&#8220; align=&#8220;left&#8220; i_icon_fontawesome=&#8220;fa fa-file-pdf-o&#8220; button_block=&#8220;true&#8220; add_icon=&#8220;true&#8220; link=&#8220;url:http%3A%2F%2Feuprevent.eu%2Fwp-content%2Fuploads%2F2017%2F02%2FCheckliste-QZ-5-MRSA-FORM.pdf|||&#8220;][vc_btn title=&#8220;Checkliste QZ 6 &#8211; \u00d6GD-Report MRGN&#8220; color=&#8220;white&#8220; align=&#8220;left&#8220; i_icon_fontawesome=&#8220;fa fa-file-pdf-o&#8220; button_block=&#8220;true&#8220; add_icon=&#8220;true&#8220; link=&#8220;url:http%3A%2F%2Feuprevent.eu%2Fwp-content%2Fuploads%2F2017%2F01%2FCheckliste-QZ-6-OGD-Report-MRGN.xlsx|||&#8220;][vc_btn title=&#8220;Checkliste QZ 6 &#8211; \u00d6GD-Report MRSA&#8220; color=&#8220;white&#8220; align=&#8220;left&#8220; i_icon_fontawesome=&#8220;fa fa-file-pdf-o&#8220; button_block=&#8220;true&#8220; add_icon=&#8220;true&#8220; link=&#8220;url:http%3A%2F%2Feuprevent.eu%2Fwp-content%2Fuploads%2F2017%2F01%2FCheckliste-QZ-6-OGD-Report-MRSA.xlsx|||&#8220;][vc_btn title=&#8220;Checkliste QZ 7 &#8211; Antibiose&#8220; color=&#8220;white&#8220; align=&#8220;left&#8220; i_icon_fontawesome=&#8220;fa fa-file-pdf-o&#8220; button_block=&#8220;true&#8220; add_icon=&#8220;true&#8220; link=&#8220;url:http%3A%2F%2Feuprevent.eu%2Fwp-content%2Fuploads%2F2017%2F02%2FCheckliste-QZ-7-Antibiose-FORM.pdf|||&#8220;][vc_btn title=&#8220;Checkliste QZ 8 &#8211; Hausintenes Hygiene Audit&#8220; color=&#8220;white&#8220; align=&#8220;left&#8220; i_icon_fontawesome=&#8220;fa fa-file-pdf-o&#8220; button_block=&#8220;true&#8220; add_icon=&#8220;true&#8220; link=&#8220;url:http%3A%2F%2Feuprevent.eu%2Fwp-content%2Fuploads%2F2017%2F02%2FCheckliste-QZ-8-Hausintenes-Hygiene-Audit-FORM.pdf|||&#8220;][vc_btn title=&#8220;Checkliste QZ 9 &#8211; Verbandwechsel&#8220; color=&#8220;white&#8220; align=&#8220;left&#8220; i_icon_fontawesome=&#8220;fa fa-file-pdf-o&#8220; button_block=&#8220;true&#8220; add_icon=&#8220;true&#8220; link=&#8220;url:http%3A%2F%2Feuprevent.eu%2Fwp-content%2Fuploads%2F2017%2F02%2FCheckliste-QZ-9-Verbandwechsel-FORM.pdf|||&#8220;][vc_btn title=&#8220;QZ 10 &#8211; Patientenfragebogen&#8220; color=&#8220;white&#8220; align=&#8220;left&#8220; i_icon_fontawesome=&#8220;fa fa-file-pdf-o&#8220; button_block=&#8220;true&#8220; add_icon=&#8220;true&#8220; link=&#8220;url:http%3A%2F%2Feuprevent.eu%2Fwp-content%2Fuploads%2F2017%2F01%2FQZ-10-Patientenfragebogen.pdf|||&#8220;][\/vc_column_inner][\/vc_row_inner][\/vc_tta_section][vc_tta_section title=&#8220;Siegel&#8220; tab_id=&#8220;1484000531381-e19ec8fe-b3dc&#8220;][vc_column_text]<\/p>\n<h2>Siegel<\/h2>\n<p>[\/vc_column_text][vc_row_inner][vc_column_inner][vc_btn title=&#8220;Drittes euPrevent-Qualit\u00e4tssiegel f\u00fcr Krankenh\u00e4user&#8220; color=&#8220;white&#8220; align=&#8220;left&#8220; i_icon_fontawesome=&#8220;fa fa-file-pdf-o&#8220; button_block=&#8220;true&#8220; add_icon=&#8220;true&#8220; link=&#8220;url:http%3A%2F%2Feuprevent.eu%2Fwp-content%2Fuploads%2F2017%2F01%2FQuality-Seal-Krankenhaus-3.pdf|||&#8220;][\/vc_column_inner][\/vc_row_inner][\/vc_tta_section][vc_tta_section title=&#8220;Anforderungen&#8220; tab_id=&#8220;1484000608824-71c7e040-63bd&#8220;][vc_column_text]<\/p>\n<h2>Anforderungen<\/h2>\n<p>[\/vc_column_text][vc_row_inner][vc_column_inner][vc_btn title=&#8220;Drittes euPrevent-Krankenhaussiegel Endfassung&#8220; color=&#8220;white&#8220; align=&#8220;left&#8220; i_icon_fontawesome=&#8220;fa fa-file-pdf-o&#8220; button_block=&#8220;true&#8220; add_icon=&#8220;true&#8220; link=&#8220;url:http%3A%2F%2Feuprevent.eu%2Fwp-content%2Fuploads%2F2017%2F01%2FDrittes-euPrevent-Krankenhaussiegel_Endfassung_301116.pdf|||&#8220;][\/vc_column_inner][\/vc_row_inner][\/vc_tta_section][vc_tta_section title=&#8220;Siegelverleihung<br \/>\n26.06.2017&#8243; tab_id=&#8220;1493283428515-f8e03ccd-ff8b&#8220;][vc_column_text]<\/p>\n<h2>Siegelverleihung 26.06.2017 &#8211; Aachen<\/h2>\n<p>[\/vc_column_text][vc_btn title=&#8220;Offizielle Pressemitteilung&#8220; color=&#8220;white&#8220; align=&#8220;left&#8220; i_icon_fontawesome=&#8220;fa fa-file-pdf-o&#8220; button_block=&#8220;true&#8220; add_icon=&#8220;true&#8220; link=&#8220;url:http%3A%2F%2Feuprevent.eu%2Fwp-content%2Fuploads%2F2017%2F06%2FOffizielle-Pressemitteilung.pdf|||&#8220;][vc_btn title=&#8220;Einladung &#8211; Programm&#8220; color=&#8220;white&#8220; align=&#8220;left&#8220; i_icon_fontawesome=&#8220;fa fa-file-pdf-o&#8220; button_block=&#8220;true&#8220; add_icon=&#8220;true&#8220; link=&#8220;url:http%3A%2F%2Feuprevent.eu%2Fwp-content%2Fuploads%2F2017%2F04%2FEinladung-Verleihungszeremonie-TZA-Aachen-2017.pdf|||&#8220;][vc_btn title=&#8220;Herzlich Willkommen &#8211; Herr Dr. med. Karl-Heinz Feldhoff&#8220; color=&#8220;white&#8220; align=&#8220;left&#8220; i_icon_fontawesome=&#8220;fa fa-file-pdf-o&#8220; button_block=&#8220;true&#8220; add_icon=&#8220;true&#8220; link=&#8220;url:http%3A%2F%2Feuprevent.eu%2Fwp-content%2Fuploads%2F2017%2F06%2FHerzlich-Willkommen-Herr-Dr.-med.-Karl-Heinz-Feldhoff.pdf|||&#8220;][vc_column_text]<\/p>\n<h4>Fotos<\/h4>\n<p>[\/vc_column_text][vc_btn title=&#8220;Download full-resolution photos&#8220; color=&#8220;primary&#8220; align=&#8220;center&#8220; button_block=&#8220;true&#8220; link=&#8220;url:http%3A%2F%2Feuprevent.eu%2Fwp-content%2Fuploads%2F2017%2F06%2F26-06-2017-fotos.zip|||&#8220; css=&#8220;.vc_custom_1498571612257{margin-right: 32px !important;}&#8220;][vc_gallery type=&#8220;image_grid&#8220; images=&#8220;1386,1387,1388,1389,1390,1391,1392,1393,1394,1395,1396,1397,1398,1399,1400,1401,1402,1403,1404,1405,1406,1407,1408,1409,1410,1448,1449,1450,1451,1452,1453,1454,1455,1456&#8243; onclick=&#8220;img_link_large&#8220; custom_links_target=&#8220;_blank&#8220;][\/vc_tta_section][vc_tta_section title=&#8220;Siegelverleihung<br \/>\n16.03.2018&#8243; tab_id=&#8220;1524041750620-4b9e5afa-1169&#8243;][vc_column_text]<\/p>\n<h2>Siegelverleihung 16.03.2018 &#8211; Aachen<\/h2>\n<p>[\/vc_column_text][vc_btn title=&#8220;Offizielle Pressemitteilung&#8220; color=&#8220;white&#8220; align=&#8220;left&#8220; i_icon_fontawesome=&#8220;fa fa-file-pdf-o&#8220; button_block=&#8220;true&#8220; add_icon=&#8220;true&#8220; link=&#8220;url:https%3A%2F%2Feuprevent.eu%2Fwp-content%2Fuploads%2F2018%2F04%2FOffizielle-Pressemitteilung_180316.pdf|||&#8220;][vc_btn title=&#8220;Einladung &#8211; Programm&#8220; color=&#8220;white&#8220; align=&#8220;left&#8220; i_icon_fontawesome=&#8220;fa fa-file-pdf-o&#8220; button_block=&#8220;true&#8220; add_icon=&#8220;true&#8220; link=&#8220;url:https%3A%2F%2Feuprevent.eu%2Fwp-content%2Fuploads%2F2018%2F04%2FEinladung-Verleihungszeremonie-TZA-Aachen-2018_Klinik-Simmerath.pdf|||&#8220;][\/vc_tta_section][\/vc_tta_tour][vc_row_inner][vc_column_inner][\/vc_column_inner][\/vc_row_inner][\/vc_column][\/vc_row]<\/p>\n<\/section>","protected":false},"excerpt":{"rendered":"<p>[vc_row][vc_column][vc_column_text el_class=&#8220;alert alert-info&#8220;] Deze informatie is alleen beschikbaar in het Duits. \/ The information below is only available in German. \/\u00a0Cette information est seulement disponible en allemand. [\/vc_column_text][\/vc_column][\/vc_row][vc_row css=&#8220;.vc_custom_1483999173497{margin-bottom: 0px !important;}&#8220;][vc_column][vc_column_text css=&#8220;.vc_custom_1484391622483{margin-bottom: 20px !important;}&#8220;] Drittes\u00a0Krankenhaussiegel [\/vc_column_text][\/vc_column][\/vc_row][vc_row][vc_column width=&#8220;5\/6&#8243;][vc_column_text]Das dritte euPrevent-Krankenhaussiegel legt einen besonderen Schwerpunkt auf das Antibiotic Stewardship. Es beinhaltet wieder alle sechs Kernthemen und ein [&hellip;]<\/p>\n","protected":false},"author":1,"featured_media":0,"parent":857,"menu_order":0,"comment_status":"closed","ping_status":"closed","template":"","meta":{"_acf_changed":false,"footnotes":""},"class_list":["post-859","page","type-page","status-publish","hentry","programmes-infectious-diseases"],"acf":[],"yoast_head":"<!-- This site is optimized with the Yoast SEO plugin v26.8 - https:\/\/yoast.com\/product\/yoast-seo-wordpress\/ -->\n<title>Drittes Krankenhaussiegel - euPrevent<\/title>\n<meta name=\"robots\" content=\"index, follow, max-snippet:-1, max-image-preview:large, max-video-preview:-1\" \/>\n<link rel=\"canonical\" href=\"https:\/\/euprevent.eu\/de\/euprevent-qualitatssiegel\/drittes-krankenhaussiegel\/\" \/>\n<meta property=\"og:locale\" content=\"de_DE\" \/>\n<meta property=\"og:type\" content=\"article\" \/>\n<meta property=\"og:title\" content=\"Drittes Krankenhaussiegel - euPrevent\" \/>\n<meta property=\"og:description\" content=\"[vc_row][vc_column][vc_column_text el_class=&#8220;alert alert-info&#8220;] Deze informatie is alleen beschikbaar in het Duits. \/ The information below is only available in German. \/\u00a0Cette information est seulement disponible en allemand. [\/vc_column_text][\/vc_column][\/vc_row][vc_row css=&#8220;.vc_custom_1483999173497{margin-bottom: 0px !important;}&#8220;][vc_column][vc_column_text css=&#8220;.vc_custom_1484391622483{margin-bottom: 20px !important;}&#8220;] Drittes\u00a0Krankenhaussiegel [\/vc_column_text][\/vc_column][\/vc_row][vc_row][vc_column width=&#8220;5\/6&#8243;][vc_column_text]Das dritte euPrevent-Krankenhaussiegel legt einen besonderen Schwerpunkt auf das Antibiotic Stewardship. Es beinhaltet wieder alle sechs Kernthemen und ein [&hellip;]\" \/>\n<meta property=\"og:url\" content=\"https:\/\/euprevent.eu\/de\/euprevent-qualitatssiegel\/drittes-krankenhaussiegel\/\" \/>\n<meta property=\"og:site_name\" content=\"euPrevent\" \/>\n<meta property=\"article:modified_time\" content=\"2018-04-18T08:57:42+00:00\" \/>\n<meta name=\"twitter:card\" content=\"summary_large_image\" \/>\n<meta name=\"twitter:label1\" content=\"Gesch\u00e4tzte Lesezeit\" \/>\n\t<meta name=\"twitter:data1\" content=\"7\u00a0Minuten\" \/>\n<script type=\"application\/ld+json\" class=\"yoast-schema-graph\">{\"@context\":\"https:\/\/schema.org\",\"@graph\":[{\"@type\":\"WebPage\",\"@id\":\"https:\/\/euprevent.eu\/de\/euprevent-qualitatssiegel\/drittes-krankenhaussiegel\/\",\"url\":\"https:\/\/euprevent.eu\/de\/euprevent-qualitatssiegel\/drittes-krankenhaussiegel\/\",\"name\":\"Drittes Krankenhaussiegel - euPrevent\",\"isPartOf\":{\"@id\":\"https:\/\/euprevent.eu\/de\/#website\"},\"datePublished\":\"2017-01-14T10:59:24+00:00\",\"dateModified\":\"2018-04-18T08:57:42+00:00\",\"breadcrumb\":{\"@id\":\"https:\/\/euprevent.eu\/de\/euprevent-qualitatssiegel\/drittes-krankenhaussiegel\/#breadcrumb\"},\"inLanguage\":\"de\",\"potentialAction\":[{\"@type\":\"ReadAction\",\"target\":[\"https:\/\/euprevent.eu\/de\/euprevent-qualitatssiegel\/drittes-krankenhaussiegel\/\"]}]},{\"@type\":\"BreadcrumbList\",\"@id\":\"https:\/\/euprevent.eu\/de\/euprevent-qualitatssiegel\/drittes-krankenhaussiegel\/#breadcrumb\",\"itemListElement\":[{\"@type\":\"ListItem\",\"position\":1,\"name\":\"Home\",\"item\":\"https:\/\/euprevent.eu\/de\/\"},{\"@type\":\"ListItem\",\"position\":2,\"name\":\"euPrevent Qualit\u00e4tssiegel\",\"item\":\"https:\/\/euprevent.eu\/de\/euprevent-qualitatssiegel\/\"},{\"@type\":\"ListItem\",\"position\":3,\"name\":\"Drittes Krankenhaussiegel\"}]},{\"@type\":\"WebSite\",\"@id\":\"https:\/\/euprevent.eu\/de\/#website\",\"url\":\"https:\/\/euprevent.eu\/de\/\",\"name\":\"euPrevent\",\"description\":\"euPrevent is a Euroregional network that focuses on promoting health. Within this network, sustainable partnerships seek to increase the quality of life of residents in the border region between the Netherlands, Belgium and Germany.\",\"potentialAction\":[{\"@type\":\"SearchAction\",\"target\":{\"@type\":\"EntryPoint\",\"urlTemplate\":\"https:\/\/euprevent.eu\/de\/?s={search_term_string}\"},\"query-input\":{\"@type\":\"PropertyValueSpecification\",\"valueRequired\":true,\"valueName\":\"search_term_string\"}}],\"inLanguage\":\"de\"}]}<\/script>\n<!-- \/ Yoast SEO plugin. -->","yoast_head_json":{"title":"Drittes Krankenhaussiegel - euPrevent","robots":{"index":"index","follow":"follow","max-snippet":"max-snippet:-1","max-image-preview":"max-image-preview:large","max-video-preview":"max-video-preview:-1"},"canonical":"https:\/\/euprevent.eu\/de\/euprevent-qualitatssiegel\/drittes-krankenhaussiegel\/","og_locale":"de_DE","og_type":"article","og_title":"Drittes Krankenhaussiegel - euPrevent","og_description":"[vc_row][vc_column][vc_column_text el_class=&#8220;alert alert-info&#8220;] Deze informatie is alleen beschikbaar in het Duits. \/ The information below is only available in German. \/\u00a0Cette information est seulement disponible en allemand. [\/vc_column_text][\/vc_column][\/vc_row][vc_row css=&#8220;.vc_custom_1483999173497{margin-bottom: 0px !important;}&#8220;][vc_column][vc_column_text css=&#8220;.vc_custom_1484391622483{margin-bottom: 20px !important;}&#8220;] Drittes\u00a0Krankenhaussiegel [\/vc_column_text][\/vc_column][\/vc_row][vc_row][vc_column width=&#8220;5\/6&#8243;][vc_column_text]Das dritte euPrevent-Krankenhaussiegel legt einen besonderen Schwerpunkt auf das Antibiotic Stewardship. Es beinhaltet wieder alle sechs Kernthemen und ein [&hellip;]","og_url":"https:\/\/euprevent.eu\/de\/euprevent-qualitatssiegel\/drittes-krankenhaussiegel\/","og_site_name":"euPrevent","article_modified_time":"2018-04-18T08:57:42+00:00","twitter_card":"summary_large_image","twitter_misc":{"Gesch\u00e4tzte Lesezeit":"7\u00a0Minuten"},"schema":{"@context":"https:\/\/schema.org","@graph":[{"@type":"WebPage","@id":"https:\/\/euprevent.eu\/de\/euprevent-qualitatssiegel\/drittes-krankenhaussiegel\/","url":"https:\/\/euprevent.eu\/de\/euprevent-qualitatssiegel\/drittes-krankenhaussiegel\/","name":"Drittes Krankenhaussiegel - euPrevent","isPartOf":{"@id":"https:\/\/euprevent.eu\/de\/#website"},"datePublished":"2017-01-14T10:59:24+00:00","dateModified":"2018-04-18T08:57:42+00:00","breadcrumb":{"@id":"https:\/\/euprevent.eu\/de\/euprevent-qualitatssiegel\/drittes-krankenhaussiegel\/#breadcrumb"},"inLanguage":"de","potentialAction":[{"@type":"ReadAction","target":["https:\/\/euprevent.eu\/de\/euprevent-qualitatssiegel\/drittes-krankenhaussiegel\/"]}]},{"@type":"BreadcrumbList","@id":"https:\/\/euprevent.eu\/de\/euprevent-qualitatssiegel\/drittes-krankenhaussiegel\/#breadcrumb","itemListElement":[{"@type":"ListItem","position":1,"name":"Home","item":"https:\/\/euprevent.eu\/de\/"},{"@type":"ListItem","position":2,"name":"euPrevent Qualit\u00e4tssiegel","item":"https:\/\/euprevent.eu\/de\/euprevent-qualitatssiegel\/"},{"@type":"ListItem","position":3,"name":"Drittes Krankenhaussiegel"}]},{"@type":"WebSite","@id":"https:\/\/euprevent.eu\/de\/#website","url":"https:\/\/euprevent.eu\/de\/","name":"euPrevent","description":"euPrevent is a Euroregional network that focuses on promoting health. Within this network, sustainable partnerships seek to increase the quality of life of residents in the border region between the Netherlands, Belgium and Germany.","potentialAction":[{"@type":"SearchAction","target":{"@type":"EntryPoint","urlTemplate":"https:\/\/euprevent.eu\/de\/?s={search_term_string}"},"query-input":{"@type":"PropertyValueSpecification","valueRequired":true,"valueName":"search_term_string"}}],"inLanguage":"de"}]}},"_links":{"self":[{"href":"https:\/\/euprevent.eu\/de\/wp-json\/wp\/v2\/pages\/859","targetHints":{"allow":["GET"]}}],"collection":[{"href":"https:\/\/euprevent.eu\/de\/wp-json\/wp\/v2\/pages"}],"about":[{"href":"https:\/\/euprevent.eu\/de\/wp-json\/wp\/v2\/types\/page"}],"author":[{"embeddable":true,"href":"https:\/\/euprevent.eu\/de\/wp-json\/wp\/v2\/users\/1"}],"replies":[{"embeddable":true,"href":"https:\/\/euprevent.eu\/de\/wp-json\/wp\/v2\/comments?post=859"}],"version-history":[{"count":26,"href":"https:\/\/euprevent.eu\/de\/wp-json\/wp\/v2\/pages\/859\/revisions"}],"predecessor-version":[{"id":4225,"href":"https:\/\/euprevent.eu\/de\/wp-json\/wp\/v2\/pages\/859\/revisions\/4225"}],"up":[{"embeddable":true,"href":"https:\/\/euprevent.eu\/de\/wp-json\/wp\/v2\/pages\/857"}],"wp:attachment":[{"href":"https:\/\/euprevent.eu\/de\/wp-json\/wp\/v2\/media?parent=859"}],"curies":[{"name":"wp","href":"https:\/\/api.w.org\/{rel}","templated":true}]}}