


{"id":7075,"date":"2019-01-04T18:09:56","date_gmt":"2019-01-04T18:09:56","guid":{"rendered":"https:\/\/euprevent.eu\/?page_id=7075"},"modified":"2019-12-03T08:28:16","modified_gmt":"2019-12-03T08:28:16","slug":"rehac","status":"publish","type":"page","link":"https:\/\/euprevent.eu\/de\/rehac\/","title":{"rendered":"Projekt \u201cWeniger Sch\u00e4den f\u00fcr Kinder (REHAC)\u201d"},"content":{"rendered":"<section class=\"wpb-content-wrapper\"><p>[vc_row][vc_column][vc_single_image image=&#8220;7922&#8243; img_size=&#8220;medium&#8220; alignment=&#8220;right&#8220; onclick=&#8220;custom_link&#8220; link=&#8220;https:\/\/www.interregemr.eu\/home-de&#8220;][vc_column_text]<\/p>\n<h1>Projekt \u201cWeniger Sch\u00e4den f\u00fcr Kinder (REHAC)\u201d<\/h1>\n<p>Das REHAC-Projekt steht f\u00fcr Reduce Harm for Children.<\/p>\n<p>In der Euregio Maas-Rhein (EMR) ist die Zahl der Kinder, die in einer stressigen Erziehungssituation aufwachsen, in den letzten Jahrzehnten gestiegen. Diese Kinder sind 3 bis 13 mal h\u00e4ufiger an psychischen Problemen erkrankt. Die Dringlichkeit, diese intergenerationelle \u00dcbertragung zu durchbrechen, wird in der nationalen und kommunalen Politik immer deutlicher.\u00a0 In der EMR gibt es bereits mehrere Interventionen f\u00fcr diese Kinder. Die zentrale Frage in diesem Projekt war: &#8222;Was k\u00f6nnen wir innerhalb der EMR voneinander lernen?&#8220;.[\/vc_column_text][\/vc_column][\/vc_row][vc_row gap=&#8220;25&#8243;][vc_column width=&#8220;1\/2&#8243; css=&#8220;.vc_custom_1509467339928{padding-top: 25px !important;background-color: #f3f3f3 !important;border-radius: 5px !important;}&#8220;][vc_column_text css=&#8220;.vc_custom_1546625343921{margin-bottom: 5px !important;padding-bottom: 5px !important;}&#8220;]<\/p>\n<h3>Projektrahmen<\/h3>\n<ul>\n<li><strong>Zielgruppe<\/strong>: Kinder in der Euregio Maas-Rhein<\/li>\n<li><strong>Laufzeit<\/strong>: 17. September 2018 &#8211; 30. Juni 2019<\/li>\n<\/ul>\n<p>[\/vc_column_text][vc_btn title=&#8220;Finanzierung&#8220; color=&#8220;primary&#8220; size=&#8220;sm&#8220; link=&#8220;url:https%3A%2F%2Feuprevent.eu%2Fde%2Ffinanzierung-rehac%2F|||&#8220;][vc_btn title=&#8220;Partners&#8220; color=&#8220;primary&#8220; size=&#8220;sm&#8220; link=&#8220;url:%2Fpartner%2F%3Fprojects%3Dproject-rehac|||&#8220;][\/vc_column][\/vc_row][vc_row][vc_column][vc_empty_space][vc_column_text]<\/p>\n<h2>Schwerpunkt des Projekts<\/h2>\n<p>In der Euregion Maas-Rhein gab es bereits mehrere Ma\u00dfnahmen f\u00fcr Kinder, die in Stresssituationen aufwachsen.<\/p>\n<ul>\n<li>Im Rahmen des Projekts informierten sich die Partner umfassend \u00fcber die eingesetzten Interventionen und erstellten gemeinsam einen \u00dcberblick \u00fcber diese erfolgreichen euroregionalen Interventionen f\u00fcr Fachleute in der EMR.<\/li>\n<li>Drei dieser Ma\u00dfnahmen wurden \u00fcbersetzt und am Ende des Projekts grenz\u00fcberschreitend eingesetzt.<\/li>\n<li>Ein zweisprachiges Handbuch wurde auch f\u00fcr Fachleute entwickelt, die in Familien arbeiten, in denen Kinder in einer Stresssituation aufwachsen.<\/li>\n<\/ul>\n<p>[\/vc_column_text][\/vc_column][\/vc_row][vc_row][vc_column width=&#8220;1\/2&#8243;][vc_column_text]<\/p>\n<h3>Bestehende Interventionen<\/h3>\n<p>Die Partner innerhalb der EMR wussten, dass es erfolgreiche Initiativen in den anderen Regionen gibt, kannten sie aber nicht gut genug, um sie in ihrer eigenen Region einsetzen zu k\u00f6nnen. Um zu kl\u00e4ren, welche bestehenden, euregionalen Interventionen es gibt, wurden diese in einem \u00dcberblick f\u00fcr Fachleute in der EMR zusammengefasst.<\/p>\n<p>Dar\u00fcber hinaus wurden drei erfolgreiche Interventionen \u00fcbersetzt:<\/p>\n<ul>\n<li>Im niederl\u00e4ndischen S\u00fcdlimburg gibt es ein regelm\u00e4\u00dfiges Angebot von KOPP\/KVO (Kinder von Eltern mit psychiatrischen Problemen \/ Kinder von s\u00fcchtigen Eltern). Dies betrifft vor allem Aktivit\u00e4ts- und Diskussionsgruppen, die sich nur an Kinder richten. Dieses KOPP\/KVO-Angebot wird auch bundesweit durchgef\u00fchrt. Im Rahmen des REHAC-Projekts wurde die Wahl getroffen, die Piep-Intervention ins Deutsche zu \u00fcbersetzen.<\/li>\n<li>In Deutschland wird seit vielen Jahren eine erfolgreiche, wissenschaftlich fundierte Alleinerzieherausbildung mit dem Namen Wir2 durchgef\u00fchrt. Eine Zusammenfassung dieser Intervention wurde ins Niederl\u00e4ndische \u00fcbersetzt und etwa 20 Fachleute haben eine Schulung absolviert, um diese Intervention in ihrer eigenen Region anbieten zu k\u00f6nnen.<\/li>\n<li>In der belgischen Limburg koordiniert das Ligant-Netzwerk die Versorgung von KOPP (Kinder von Eltern mit einem psychiatrischen Problem) und KOAP (Kinder von Eltern mit einem Abh\u00e4ngigkeitsproblem).\u00a0 Die neue Intervention &#8222;Auf einer Reise mit Kitzel&#8220; wurde ins Deutsche \u00fcbersetzt und an die niederl\u00e4ndische Situation angepasst. Rund 20 Fachleute absolvierten eine Schulung, um diese Intervention in ihrer eigenen Region anbieten zu k\u00f6nnen.<\/li>\n<\/ul>\n<p>[\/vc_column_text][\/vc_column][vc_column width=&#8220;1\/2&#8243;][vc_column_text]<\/p>\n<h3>Wie viele Kinder sind beteiligt?<\/h3>\n<p>In den Niederlanden gibt es j\u00e4hrlich 405.000 Menschen, bei denen eine psychische Erkrankung und\/oder Sucht diagnostiziert wurde und die auch Kinder unter 18 Jahren haben. Insgesamt wachsen 577.000 Kinder und Jugendliche unter 18 Jahren, darunter 423.000 unter 12 Jahren, mit einem Elternteil mit einer Geisteskrankheit und\/oder Sucht auf (De Graaf, Ten Have, &amp; Dorsselaer, 2010). \u00c4hnliche Zahlen gibt es in Deutschland und Belgien. Kinder, die in dieser Stresssituation aufwachsen, sind 3 bis 13 mal anf\u00e4lliger f\u00fcr psychische Probleme oder Sucht als Kinder, die mit einem psychisch gesunden Elternteil aufwachsen.<\/p>\n<p>Auch die Zahl der Ehen, die in der Euregio mit Scheidung enden, ist in den letzten Jahrzehnten explosionsartig gestiegen. In Deutschland endet mehr als ein Drittel aller Ehen in Scheidung. Die Folge einer Scheidung ist oft, dass Kinder in Alleinerziehendenfamilien aufwachsen und\/oder eine belastende Erziehungssituation erleben. Dies f\u00fchrt auch zu einer deutlich h\u00f6heren Wahrscheinlichkeit, psychische Probleme zu entwickeln.[\/vc_column_text][\/vc_column][\/vc_row][vc_row][vc_column][vc_column_text]\t<div class=\"clearfix\"><\/div>\r\n\t<div class=\"panel-events_and_news\">\r\n\t\t<div class=\"row\">\r\n\r\n            \r\n            \t\t\t<div class=\"col-sm-12 col-md-6\" id=\"events\">\r\n\t\t\t\t<h3>Veranstaltungen<\/h3>\r\n\t\t\t\t\t\t\t\t\t\t\t\t\t\t\t\t<h2><span class=\"hidden\">Veranstaltungen - <\/span>R\u00fcckblick<\/h2>\r\n\t\t\t\t\t\t\t\r\n\t\t\t\t\t\t<div class=\"event media past\">\r\n\t\t\t\t\t\t\t<a class=\"overlay\" href=\"https:\/\/euprevent.eu\/de\/event\/training-mini-conference-project-rehac\/\"><\/a>\r\n\t\t\t\t\t\t\t\t\t\t\t\t\t\t<div class=\"thumb pull-left\" style=\"background-image: url('https:\/\/euprevent.eu\/wp-content\/uploads\/2019\/03\/REHAC_Kriebel_map.jpg');\"><\/div>\r\n\t\t\t\t\t\t\t<div class=\"event-info-table\">\r\n\t\t\t\t\t\t\t\t<div class=\"event-info-table-row\">\r\n\t\t\t\t\t\t\t\t\t<div class=\"event-info-table-cell\">\r\n\t\t\t\t\t\t\t\t\t\t<h3>Training + Mini Conference Project REHAC<\/h3>\r\n                                        <p>6 Juni 2019<\/p>\r\n\t\t\t\t\t\t\t\t\t<\/div>\r\n\t\t\t\t\t\t\t\t<\/div>\r\n\t\t\t\t\t\t\t<\/div>\r\n\t\t\t\t\t\t<\/div>\r\n\r\n\t\t\t\t\t\t\t\t\t\t\t<div class=\"text-center p-5\"><a class=\"btn btn-sm btn-default\" href=\"https:\/\/euprevent.eu\/de\/event\/\">alle Veranstaltungen<\/a><\/div>\r\n\t\t\t\t\t\t\t\t<\/div>\r\n\r\n            \r\n            \t\t\t<div class=\"col-sm-12 col-md-6\" id=\"news\">\r\n\t\t\t\t<h3>News<\/h3>\r\n\t\t\t\t\t\t\t\t\t\t\t\t\t\t\t<div class=\"newsitem\">\r\n\t\t\t\t\t\t\t<a class=\"overlay\" href=\"https:\/\/euprevent.eu\/de\/duurzame-resultaten-project-rehac\/\"><\/a>\r\n                            <div class=\"thumb pull-left\" style=\"background-image: url('https:\/\/euprevent.eu\/wp-content\/uploads\/2019\/06\/screenshot_REHAC.jpg');\"><\/div>\r\n\t\t\t\t\t\t\t<div class=\"news-info-table\">\r\n\t\t\t\t\t\t\t\t<div class=\"news-info-table-row\">\r\n\t\t\t\t\t\t\t\t\t<div class=\"news-info-table-cell\">\r\n\t\t\t\t\t\t\t\t\t\t<p>26 June 2019<\/p>\r\n\t\t\t\t\t\t\t\t\t\t<h3>Nachhaltige Ergebnisse des REHAC-Projekts<\/h3>\r\n\t\t\t\t\t\t\t\t\t<\/div>\r\n\t\t\t\t\t\t\t\t<\/div>\r\n\t\t\t\t\t\t\t<\/div>\r\n\t\t\t\t\t\t<\/div>\r\n\t\t\t\t\t\t\t\t\t\t\t<div class=\"text-center p-5\"><a class=\"btn btn-sm btn-default\" href=\"https:\/\/euprevent.eu\/de\/neuigkeiten\/\">Alle Nachrichten<\/a><\/div>\r\n\t\t\t\t\t\t\t\t<\/div>\r\n            \r\n\t\t<\/div>\r\n\t<\/div>\r\n\r\n\t[\/vc_column_text][\/vc_column][\/vc_row][vc_row][vc_column][vc_single_image image=&#8220;9203&#8243; img_size=&#8220;large&#8220;][\/vc_column][\/vc_row]<\/p>\n<\/section>","protected":false},"excerpt":{"rendered":"<p>[vc_row][vc_column][vc_single_image image=&#8220;7922&#8243; img_size=&#8220;medium&#8220; alignment=&#8220;right&#8220; onclick=&#8220;custom_link&#8220; link=&#8220;https:\/\/www.interregemr.eu\/home-de&#8220;][vc_column_text] Projekt \u201cWeniger Sch\u00e4den f\u00fcr Kinder (REHAC)\u201d Das REHAC-Projekt steht f\u00fcr Reduce Harm for Children. In der Euregio Maas-Rhein (EMR) ist die Zahl der Kinder, die in einer stressigen Erziehungssituation aufwachsen, in den letzten Jahrzehnten gestiegen. Diese Kinder sind 3 bis 13 mal h\u00e4ufiger an psychischen Problemen erkrankt. Die Dringlichkeit, [&hellip;]<\/p>\n","protected":false},"author":1,"featured_media":0,"parent":0,"menu_order":0,"comment_status":"closed","ping_status":"closed","template":"","meta":{"_acf_changed":false,"footnotes":""},"class_list":["post-7075","page","type-page","status-publish","hentry","programmes-mental-health"],"acf":[],"yoast_head":"<!-- This site is optimized with the Yoast SEO plugin v26.8 - https:\/\/yoast.com\/product\/yoast-seo-wordpress\/ -->\n<title>Projekt \u201cWeniger Sch\u00e4den f\u00fcr Kinder (REHAC)\u201d - euPrevent<\/title>\n<meta name=\"robots\" content=\"index, follow, max-snippet:-1, max-image-preview:large, max-video-preview:-1\" \/>\n<link rel=\"canonical\" href=\"https:\/\/euprevent.eu\/de\/rehac\/\" \/>\n<meta property=\"og:locale\" content=\"de_DE\" \/>\n<meta property=\"og:type\" content=\"article\" \/>\n<meta property=\"og:title\" content=\"Projekt \u201cWeniger Sch\u00e4den f\u00fcr Kinder (REHAC)\u201d - euPrevent\" \/>\n<meta property=\"og:description\" content=\"[vc_row][vc_column][vc_single_image image=&#8220;7922&#8243; img_size=&#8220;medium&#8220; alignment=&#8220;right&#8220; onclick=&#8220;custom_link&#8220; link=&#8220;https:\/\/www.interregemr.eu\/home-de&#8220;][vc_column_text] Projekt \u201cWeniger Sch\u00e4den f\u00fcr Kinder (REHAC)\u201d Das REHAC-Projekt steht f\u00fcr Reduce Harm for Children. In der Euregio Maas-Rhein (EMR) ist die Zahl der Kinder, die in einer stressigen Erziehungssituation aufwachsen, in den letzten Jahrzehnten gestiegen. Diese Kinder sind 3 bis 13 mal h\u00e4ufiger an psychischen Problemen erkrankt. Die Dringlichkeit, [&hellip;]\" \/>\n<meta property=\"og:url\" content=\"https:\/\/euprevent.eu\/de\/rehac\/\" \/>\n<meta property=\"og:site_name\" content=\"euPrevent\" \/>\n<meta property=\"article:modified_time\" content=\"2019-12-03T08:28:16+00:00\" \/>\n<meta name=\"twitter:card\" content=\"summary_large_image\" \/>\n<meta name=\"twitter:label1\" content=\"Gesch\u00e4tzte Lesezeit\" \/>\n\t<meta name=\"twitter:data1\" content=\"4\u00a0Minuten\" \/>\n<script type=\"application\/ld+json\" class=\"yoast-schema-graph\">{\"@context\":\"https:\/\/schema.org\",\"@graph\":[{\"@type\":\"WebPage\",\"@id\":\"https:\/\/euprevent.eu\/de\/rehac\/\",\"url\":\"https:\/\/euprevent.eu\/de\/rehac\/\",\"name\":\"Projekt \u201cWeniger Sch\u00e4den f\u00fcr Kinder (REHAC)\u201d - euPrevent\",\"isPartOf\":{\"@id\":\"https:\/\/euprevent.eu\/de\/#website\"},\"datePublished\":\"2019-01-04T18:09:56+00:00\",\"dateModified\":\"2019-12-03T08:28:16+00:00\",\"breadcrumb\":{\"@id\":\"https:\/\/euprevent.eu\/de\/rehac\/#breadcrumb\"},\"inLanguage\":\"de\",\"potentialAction\":[{\"@type\":\"ReadAction\",\"target\":[\"https:\/\/euprevent.eu\/de\/rehac\/\"]}]},{\"@type\":\"BreadcrumbList\",\"@id\":\"https:\/\/euprevent.eu\/de\/rehac\/#breadcrumb\",\"itemListElement\":[{\"@type\":\"ListItem\",\"position\":1,\"name\":\"Home\",\"item\":\"https:\/\/euprevent.eu\/de\/\"},{\"@type\":\"ListItem\",\"position\":2,\"name\":\"Projekt \u201cWeniger Sch\u00e4den f\u00fcr Kinder (REHAC)\u201d\"}]},{\"@type\":\"WebSite\",\"@id\":\"https:\/\/euprevent.eu\/de\/#website\",\"url\":\"https:\/\/euprevent.eu\/de\/\",\"name\":\"euPrevent\",\"description\":\"euPrevent is a Euroregional network that focuses on promoting health. Within this network, sustainable partnerships seek to increase the quality of life of residents in the border region between the Netherlands, Belgium and Germany.\",\"potentialAction\":[{\"@type\":\"SearchAction\",\"target\":{\"@type\":\"EntryPoint\",\"urlTemplate\":\"https:\/\/euprevent.eu\/de\/?s={search_term_string}\"},\"query-input\":{\"@type\":\"PropertyValueSpecification\",\"valueRequired\":true,\"valueName\":\"search_term_string\"}}],\"inLanguage\":\"de\"}]}<\/script>\n<!-- \/ Yoast SEO plugin. -->","yoast_head_json":{"title":"Projekt \u201cWeniger Sch\u00e4den f\u00fcr Kinder (REHAC)\u201d - euPrevent","robots":{"index":"index","follow":"follow","max-snippet":"max-snippet:-1","max-image-preview":"max-image-preview:large","max-video-preview":"max-video-preview:-1"},"canonical":"https:\/\/euprevent.eu\/de\/rehac\/","og_locale":"de_DE","og_type":"article","og_title":"Projekt \u201cWeniger Sch\u00e4den f\u00fcr Kinder (REHAC)\u201d - euPrevent","og_description":"[vc_row][vc_column][vc_single_image image=&#8220;7922&#8243; img_size=&#8220;medium&#8220; alignment=&#8220;right&#8220; onclick=&#8220;custom_link&#8220; link=&#8220;https:\/\/www.interregemr.eu\/home-de&#8220;][vc_column_text] Projekt \u201cWeniger Sch\u00e4den f\u00fcr Kinder (REHAC)\u201d Das REHAC-Projekt steht f\u00fcr Reduce Harm for Children. In der Euregio Maas-Rhein (EMR) ist die Zahl der Kinder, die in einer stressigen Erziehungssituation aufwachsen, in den letzten Jahrzehnten gestiegen. Diese Kinder sind 3 bis 13 mal h\u00e4ufiger an psychischen Problemen erkrankt. Die Dringlichkeit, [&hellip;]","og_url":"https:\/\/euprevent.eu\/de\/rehac\/","og_site_name":"euPrevent","article_modified_time":"2019-12-03T08:28:16+00:00","twitter_card":"summary_large_image","twitter_misc":{"Gesch\u00e4tzte Lesezeit":"4\u00a0Minuten"},"schema":{"@context":"https:\/\/schema.org","@graph":[{"@type":"WebPage","@id":"https:\/\/euprevent.eu\/de\/rehac\/","url":"https:\/\/euprevent.eu\/de\/rehac\/","name":"Projekt \u201cWeniger Sch\u00e4den f\u00fcr Kinder (REHAC)\u201d - euPrevent","isPartOf":{"@id":"https:\/\/euprevent.eu\/de\/#website"},"datePublished":"2019-01-04T18:09:56+00:00","dateModified":"2019-12-03T08:28:16+00:00","breadcrumb":{"@id":"https:\/\/euprevent.eu\/de\/rehac\/#breadcrumb"},"inLanguage":"de","potentialAction":[{"@type":"ReadAction","target":["https:\/\/euprevent.eu\/de\/rehac\/"]}]},{"@type":"BreadcrumbList","@id":"https:\/\/euprevent.eu\/de\/rehac\/#breadcrumb","itemListElement":[{"@type":"ListItem","position":1,"name":"Home","item":"https:\/\/euprevent.eu\/de\/"},{"@type":"ListItem","position":2,"name":"Projekt \u201cWeniger Sch\u00e4den f\u00fcr Kinder (REHAC)\u201d"}]},{"@type":"WebSite","@id":"https:\/\/euprevent.eu\/de\/#website","url":"https:\/\/euprevent.eu\/de\/","name":"euPrevent","description":"euPrevent is a Euroregional network that focuses on promoting health. Within this network, sustainable partnerships seek to increase the quality of life of residents in the border region between the Netherlands, Belgium and Germany.","potentialAction":[{"@type":"SearchAction","target":{"@type":"EntryPoint","urlTemplate":"https:\/\/euprevent.eu\/de\/?s={search_term_string}"},"query-input":{"@type":"PropertyValueSpecification","valueRequired":true,"valueName":"search_term_string"}}],"inLanguage":"de"}]}},"_links":{"self":[{"href":"https:\/\/euprevent.eu\/de\/wp-json\/wp\/v2\/pages\/7075","targetHints":{"allow":["GET"]}}],"collection":[{"href":"https:\/\/euprevent.eu\/de\/wp-json\/wp\/v2\/pages"}],"about":[{"href":"https:\/\/euprevent.eu\/de\/wp-json\/wp\/v2\/types\/page"}],"author":[{"embeddable":true,"href":"https:\/\/euprevent.eu\/de\/wp-json\/wp\/v2\/users\/1"}],"replies":[{"embeddable":true,"href":"https:\/\/euprevent.eu\/de\/wp-json\/wp\/v2\/comments?post=7075"}],"version-history":[{"count":8,"href":"https:\/\/euprevent.eu\/de\/wp-json\/wp\/v2\/pages\/7075\/revisions"}],"predecessor-version":[{"id":12264,"href":"https:\/\/euprevent.eu\/de\/wp-json\/wp\/v2\/pages\/7075\/revisions\/12264"}],"wp:attachment":[{"href":"https:\/\/euprevent.eu\/de\/wp-json\/wp\/v2\/media?parent=7075"}],"curies":[{"name":"wp","href":"https:\/\/api.w.org\/{rel}","templated":true}]}}