


{"id":7025,"date":"2019-01-04T16:23:16","date_gmt":"2019-01-04T16:23:16","guid":{"rendered":"https:\/\/euprevent.eu\/?page_id=7025"},"modified":"2023-03-22T18:44:05","modified_gmt":"2023-03-22T17:44:05","slug":"yes-2019","status":"publish","type":"page","link":"https:\/\/euprevent.eu\/de\/yes-2019\/","title":{"rendered":"Projekt Euregionale Jugenduntersuchung (YES) 2019"},"content":{"rendered":"<section class=\"wpb-content-wrapper\"><p>[vc_row][vc_column][vc_single_image image=&#8220;7922&#8243; img_size=&#8220;medium&#8220; alignment=&#8220;right&#8220; onclick=&#8220;custom_link&#8220; img_link_target=&#8220;_blank&#8220; link=&#8220;https:\/\/www.interregemr.eu\/home-de&#8220;][vc_column_text]<\/p>\n<h1>Projekt &#8222;Euregionale Jugenduntersuchung&#8220; (YES)<\/h1>\n<p>Project YES steht f\u00fcr Youth Euregional Scan.<\/p>\n<p>In den Jahren 2000, 2006\/2007 und 2013 f\u00fchrte die <a href=\"https:\/\/euprevent.eu\/de\/programma\/addiction\/\">Suchtprogrammlinie<\/a> von euPrevent in der Euregion Maas-Rhein (EMR) euregionale Jugendbefragungen durch. Dank dieser Daten konnten innerhalb der EMR regionale und euregionale Vergleiche gezogen werden und es konnten datengest\u00fctzte politische Entscheidungen getroffen werden. Eine weitere Jugendumfrage wird Ende 2019 durchgef\u00fchrt. Bis 2020 werden (eu-)regionale, anonyme Daten und Trends zum Gesundheitszustand junger Menschen aus der EMR verf\u00fcgbar und einem breiten Publikum zug\u00e4nglich sein.[\/vc_column_text][\/vc_column][\/vc_row][vc_row gap=&#8220;25&#8243;][vc_column width=&#8220;1\/2&#8243; css=&#8220;.vc_custom_1509467339928{padding-top: 25px !important;background-color: #f3f3f3 !important;border-radius: 5px !important;}&#8220;][vc_column_text css=&#8220;.vc_custom_1546618554209{margin-bottom: 5px !important;padding-bottom: 5px !important;}&#8220;]<\/p>\n<h3>Projektrahmen<\/h3>\n<ul>\n<li><strong>Zielgruppe:<\/strong>\u00a0Jugendliche aus der EMR<\/li>\n<li><strong>Laufzeit:<\/strong> 17. September 2018 &#8211; 30. Juni 2019<\/li>\n<\/ul>\n<p>[\/vc_column_text][vc_btn title=&#8220;Finanzierung&#8220; color=&#8220;primary&#8220; size=&#8220;sm&#8220; link=&#8220;url:https%3A%2F%2Feuprevent.eu%2Fde%2Ffinanzierung-projekt-yes-2019%2F&#8220;][vc_btn title=&#8220;Partners&#8220; color=&#8220;primary&#8220; size=&#8220;sm&#8220; link=&#8220;url:%2Fpartner%2F%3Fprojects%3Dproject-yes-2019&#8243;][\/vc_column][\/vc_row][vc_row][vc_column][vc_empty_space][vc_column_text]<\/p>\n<h2>Schwerpunkt des Projekts<\/h2>\n<p>Das YES-Projekt konzentriert sich auf:<\/p>\n<ul>\n<li>Digitalisierung der Jugendforschung und Visualisierung von Daten, damit sie der breiten \u00d6ffentlichkeit zug\u00e4nglich werden,<\/li>\n<li>Entwicklung eines Szenarios f\u00fcr zuk\u00fcnftige Studien (einschlie\u00dflich Roadmaps, Ausbildung und Informationsaustausch f\u00fcr die Regionen, Schulen, Jugendliche und ihre Eltern),<\/li>\n<li>Die euregionale Datenerfassung gen\u00fcgt damit den Grundlagen der DVGO.<\/li>\n<\/ul>\n<p>[\/vc_column_text][\/vc_column][\/vc_row][vc_row][vc_column width=&#8220;1\/2&#8243;][vc_column_text]<\/p>\n<h3>Euregionaler Datenaustausch<\/h3>\n<p>Die Verbesserung der \u00f6ffentlichen Gesundheit in der EMR erfordert, sowohl auf regionaler als auch auf euregionaler Ebene, Gesundheitsinformationen. Das Wissen \u00fcber die Gesundheitssituation erm\u00f6glicht das gegenseitige Lernen innerhalb der EMR und bildet die Grundlage f\u00fcr gezielte politische Entscheidungen und pr\u00e4ventive Ma\u00dfnahmen. Um diese Gesundheitssituation zu verstehen, werden Daten ben\u00f6tigt. Es gibt viele Daten, aber haupts\u00e4chlich auf EU-, nationaler und regionaler Ebene und nicht auf euregionaler Ebene. Die Daten k\u00f6nnen nicht einfach verglichen werden, da sie in verschiedenen L\u00e4ndern und Regionen auf unterschiedliche Weise und zu unterschiedlichen Zeiten erhoben werden. Um \u00fcber n\u00fctzliche und vergleichbare euregionale Daten \u00fcber junge Menschen in der EMR zu verf\u00fcgen, haben mehrere \u00f6ffentliche Gesundheitsinstitute bereits 2001 begonnen, euregionale Jugend-Scans durchzuf\u00fchren. Diese euregionalscans wurden zu drei Zeitpunkten durchgef\u00fchrt, n\u00e4mlich 2001, 2006\/2007 und 2013. Die Partner planen, den n\u00e4chsten euregionalen Scan im Herbst 2019 durchzuf\u00fchren.[\/vc_column_text][\/vc_column][vc_column width=&#8220;1\/2&#8243;][vc_column_text]<\/p>\n<h3>Nachhaltigkeit<\/h3>\n<p>Euregionale Jugendbefragungen werden auch in Zukunft durchgef\u00fchrt. Dies wird bereits bei der Einrichtung der aktuellen Forschung ber\u00fccksichtigt. Die Digitalisierung des laufenden Prozesses wird so erfolgen, dass die zuk\u00fcnftige Forschung einfacher wird. Dar\u00fcber hinaus werden bei der Verarbeitung der Daten so genannte Vorlagen erstellt, die auch in Zukunft verwendet werden k\u00f6nnen.<\/p>\n<p>Auf diese Weise werden auch Informationen \u00fcber die Gesundheit junger Menschen in der EMR gesammelt und in Zukunft zur Verf\u00fcgung gestellt. \u00dcber eine Online-Karte sind diese Daten sowohl f\u00fcr die breite \u00d6ffentlichkeit als auch f\u00fcr Fachleute, die mit jungen Menschen arbeiten, leicht zug\u00e4nglich.[\/vc_column_text][vc_column_text]<\/p>\n<h3>Digitalisierung<\/h3>\n<p>Durch einen Digitalisierungsprozess wird das Verfahren zur Durchf\u00fchrung einer euroregionalen Untersuchung erheblich verbessert. W\u00e4hrend bei fr\u00fcheren Scans noch Papierbefragungen verwendet wurden, werden die Befragungen 2019 digital abgeschlossen. Dies ist effektiver und effizienter auf Benutzer-, Kosten- und Analyse-Ebene. Der Digitalisierungsprozess beinhaltet auch die Visualisierung der gewonnenen Daten auf einer Online-Karte. Dadurch werden die Daten f\u00fcr ein breites Publikum transparent: sowohl f\u00fcr die breite \u00d6ffentlichkeit als auch f\u00fcr die Fachwelt. Durch die Einbeziehung einer Auswahl der (nachfolgend) digitalisierten (anonymisierten) Daten aus den vorangegangenen Scans werden die Trends innerhalb der (Eu-)Region(en) sichtbar. W\u00e4hrend des Digitalisierungsprozesses wird den neuen europ\u00e4ischen Gesetzen und Vorschriften zur Datenerhebung besondere Aufmerksamkeit geschenkt. F\u00fcr die Erhebung, den Zugang, die Verarbeitung, die Nutzung und die Ver\u00f6ffentlichung grenz\u00fcberschreitender Daten m\u00fcssen klare Vereinbarungen getroffen und festgelegt werden.[\/vc_column_text][\/vc_column][\/vc_row][vc_row][vc_column][vc_column_text]\t<div class=\"clearfix\"><\/div>\r\n\t<div class=\"panel-events_and_news\">\r\n\t\t<div class=\"row\">\r\n\r\n            \r\n            \t\t\t<div class=\"col-sm-12 col-md-6\" id=\"events\">\r\n\t\t\t\t<h3>Veranstaltungen<\/h3>\r\n\t\t\t\t\t\t\t\t\t<p class=\"text-muted text-center\" style=\"margin:60px 0;\">Keine Veranstaltungen<\/p>\r\n\t\t\t\t\t\t\t\t<\/div>\r\n\r\n            \r\n            \t\t\t<div class=\"col-sm-12 col-md-6\" id=\"news\">\r\n\t\t\t\t<h3>News<\/h3>\r\n\t\t\t\t\t\t\t\t\t<p class=\"text-muted text-center\" style=\"margin:60px 0;\">Keine News<\/p>\r\n\t\t\t\t\t\t\t\t<\/div>\r\n            \r\n\t\t<\/div>\r\n\t<\/div>\r\n\r\n\t[\/vc_column_text][\/vc_column][\/vc_row][vc_row][vc_column][vc_single_image image=&#8220;7804&#8243; img_size=&#8220;large&#8220;][\/vc_column][\/vc_row]<\/p>\n<\/section>","protected":false},"excerpt":{"rendered":"<p>[vc_row][vc_column][vc_single_image image=&#8220;7922&#8243; img_size=&#8220;medium&#8220; alignment=&#8220;right&#8220; onclick=&#8220;custom_link&#8220; img_link_target=&#8220;_blank&#8220; link=&#8220;https:\/\/www.interregemr.eu\/home-de&#8220;][vc_column_text] Projekt &#8222;Euregionale Jugenduntersuchung&#8220; (YES) Project YES steht f\u00fcr Youth Euregional Scan. In den Jahren 2000, 2006\/2007 und 2013 f\u00fchrte die Suchtprogrammlinie von euPrevent in der Euregion Maas-Rhein (EMR) euregionale Jugendbefragungen durch. Dank dieser Daten konnten innerhalb der EMR regionale und euregionale Vergleiche gezogen werden und es konnten datengest\u00fctzte [&hellip;]<\/p>\n","protected":false},"author":1,"featured_media":0,"parent":0,"menu_order":0,"comment_status":"closed","ping_status":"closed","template":"","meta":{"_acf_changed":false,"footnotes":""},"class_list":["post-7025","page","type-page","status-publish","hentry","programmes-crossing-programmes"],"acf":[],"yoast_head":"<!-- This site is optimized with the Yoast SEO plugin v26.8 - https:\/\/yoast.com\/product\/yoast-seo-wordpress\/ -->\n<title>Projekt Euregionale Jugenduntersuchung (YES) 2019 - euPrevent<\/title>\n<meta name=\"robots\" content=\"index, follow, max-snippet:-1, max-image-preview:large, max-video-preview:-1\" \/>\n<link rel=\"canonical\" href=\"https:\/\/euprevent.eu\/de\/yes-2019\/\" \/>\n<meta property=\"og:locale\" content=\"de_DE\" \/>\n<meta property=\"og:type\" content=\"article\" \/>\n<meta property=\"og:title\" content=\"Projekt Euregionale Jugenduntersuchung (YES) 2019 - euPrevent\" \/>\n<meta property=\"og:description\" content=\"[vc_row][vc_column][vc_single_image image=&#8220;7922&#8243; img_size=&#8220;medium&#8220; alignment=&#8220;right&#8220; onclick=&#8220;custom_link&#8220; img_link_target=&#8220;_blank&#8220; link=&#8220;https:\/\/www.interregemr.eu\/home-de&#8220;][vc_column_text] Projekt &#8222;Euregionale Jugenduntersuchung&#8220; (YES) Project YES steht f\u00fcr Youth Euregional Scan. In den Jahren 2000, 2006\/2007 und 2013 f\u00fchrte die Suchtprogrammlinie von euPrevent in der Euregion Maas-Rhein (EMR) euregionale Jugendbefragungen durch. Dank dieser Daten konnten innerhalb der EMR regionale und euregionale Vergleiche gezogen werden und es konnten datengest\u00fctzte [&hellip;]\" \/>\n<meta property=\"og:url\" content=\"https:\/\/euprevent.eu\/de\/yes-2019\/\" \/>\n<meta property=\"og:site_name\" content=\"euPrevent\" \/>\n<meta property=\"article:modified_time\" content=\"2023-03-22T17:44:05+00:00\" \/>\n<meta name=\"twitter:card\" content=\"summary_large_image\" \/>\n<meta name=\"twitter:label1\" content=\"Gesch\u00e4tzte Lesezeit\" \/>\n\t<meta name=\"twitter:data1\" content=\"3\u00a0Minuten\" \/>\n<script type=\"application\/ld+json\" class=\"yoast-schema-graph\">{\"@context\":\"https:\/\/schema.org\",\"@graph\":[{\"@type\":\"WebPage\",\"@id\":\"https:\/\/euprevent.eu\/de\/yes-2019\/\",\"url\":\"https:\/\/euprevent.eu\/de\/yes-2019\/\",\"name\":\"Projekt Euregionale Jugenduntersuchung (YES) 2019 - euPrevent\",\"isPartOf\":{\"@id\":\"https:\/\/euprevent.eu\/de\/#website\"},\"datePublished\":\"2019-01-04T16:23:16+00:00\",\"dateModified\":\"2023-03-22T17:44:05+00:00\",\"breadcrumb\":{\"@id\":\"https:\/\/euprevent.eu\/de\/yes-2019\/#breadcrumb\"},\"inLanguage\":\"de\",\"potentialAction\":[{\"@type\":\"ReadAction\",\"target\":[\"https:\/\/euprevent.eu\/de\/yes-2019\/\"]}]},{\"@type\":\"BreadcrumbList\",\"@id\":\"https:\/\/euprevent.eu\/de\/yes-2019\/#breadcrumb\",\"itemListElement\":[{\"@type\":\"ListItem\",\"position\":1,\"name\":\"Home\",\"item\":\"https:\/\/euprevent.eu\/de\/\"},{\"@type\":\"ListItem\",\"position\":2,\"name\":\"Projekt Euregionale Jugenduntersuchung (YES) 2019\"}]},{\"@type\":\"WebSite\",\"@id\":\"https:\/\/euprevent.eu\/de\/#website\",\"url\":\"https:\/\/euprevent.eu\/de\/\",\"name\":\"euPrevent\",\"description\":\"euPrevent is a Euroregional network that focuses on promoting health. Within this network, sustainable partnerships seek to increase the quality of life of residents in the border region between the Netherlands, Belgium and Germany.\",\"potentialAction\":[{\"@type\":\"SearchAction\",\"target\":{\"@type\":\"EntryPoint\",\"urlTemplate\":\"https:\/\/euprevent.eu\/de\/?s={search_term_string}\"},\"query-input\":{\"@type\":\"PropertyValueSpecification\",\"valueRequired\":true,\"valueName\":\"search_term_string\"}}],\"inLanguage\":\"de\"}]}<\/script>\n<!-- \/ Yoast SEO plugin. -->","yoast_head_json":{"title":"Projekt Euregionale Jugenduntersuchung (YES) 2019 - euPrevent","robots":{"index":"index","follow":"follow","max-snippet":"max-snippet:-1","max-image-preview":"max-image-preview:large","max-video-preview":"max-video-preview:-1"},"canonical":"https:\/\/euprevent.eu\/de\/yes-2019\/","og_locale":"de_DE","og_type":"article","og_title":"Projekt Euregionale Jugenduntersuchung (YES) 2019 - euPrevent","og_description":"[vc_row][vc_column][vc_single_image image=&#8220;7922&#8243; img_size=&#8220;medium&#8220; alignment=&#8220;right&#8220; onclick=&#8220;custom_link&#8220; img_link_target=&#8220;_blank&#8220; link=&#8220;https:\/\/www.interregemr.eu\/home-de&#8220;][vc_column_text] Projekt &#8222;Euregionale Jugenduntersuchung&#8220; (YES) Project YES steht f\u00fcr Youth Euregional Scan. In den Jahren 2000, 2006\/2007 und 2013 f\u00fchrte die Suchtprogrammlinie von euPrevent in der Euregion Maas-Rhein (EMR) euregionale Jugendbefragungen durch. Dank dieser Daten konnten innerhalb der EMR regionale und euregionale Vergleiche gezogen werden und es konnten datengest\u00fctzte [&hellip;]","og_url":"https:\/\/euprevent.eu\/de\/yes-2019\/","og_site_name":"euPrevent","article_modified_time":"2023-03-22T17:44:05+00:00","twitter_card":"summary_large_image","twitter_misc":{"Gesch\u00e4tzte Lesezeit":"3\u00a0Minuten"},"schema":{"@context":"https:\/\/schema.org","@graph":[{"@type":"WebPage","@id":"https:\/\/euprevent.eu\/de\/yes-2019\/","url":"https:\/\/euprevent.eu\/de\/yes-2019\/","name":"Projekt Euregionale Jugenduntersuchung (YES) 2019 - euPrevent","isPartOf":{"@id":"https:\/\/euprevent.eu\/de\/#website"},"datePublished":"2019-01-04T16:23:16+00:00","dateModified":"2023-03-22T17:44:05+00:00","breadcrumb":{"@id":"https:\/\/euprevent.eu\/de\/yes-2019\/#breadcrumb"},"inLanguage":"de","potentialAction":[{"@type":"ReadAction","target":["https:\/\/euprevent.eu\/de\/yes-2019\/"]}]},{"@type":"BreadcrumbList","@id":"https:\/\/euprevent.eu\/de\/yes-2019\/#breadcrumb","itemListElement":[{"@type":"ListItem","position":1,"name":"Home","item":"https:\/\/euprevent.eu\/de\/"},{"@type":"ListItem","position":2,"name":"Projekt Euregionale Jugenduntersuchung (YES) 2019"}]},{"@type":"WebSite","@id":"https:\/\/euprevent.eu\/de\/#website","url":"https:\/\/euprevent.eu\/de\/","name":"euPrevent","description":"euPrevent is a Euroregional network that focuses on promoting health. Within this network, sustainable partnerships seek to increase the quality of life of residents in the border region between the Netherlands, Belgium and Germany.","potentialAction":[{"@type":"SearchAction","target":{"@type":"EntryPoint","urlTemplate":"https:\/\/euprevent.eu\/de\/?s={search_term_string}"},"query-input":{"@type":"PropertyValueSpecification","valueRequired":true,"valueName":"search_term_string"}}],"inLanguage":"de"}]}},"_links":{"self":[{"href":"https:\/\/euprevent.eu\/de\/wp-json\/wp\/v2\/pages\/7025","targetHints":{"allow":["GET"]}}],"collection":[{"href":"https:\/\/euprevent.eu\/de\/wp-json\/wp\/v2\/pages"}],"about":[{"href":"https:\/\/euprevent.eu\/de\/wp-json\/wp\/v2\/types\/page"}],"author":[{"embeddable":true,"href":"https:\/\/euprevent.eu\/de\/wp-json\/wp\/v2\/users\/1"}],"replies":[{"embeddable":true,"href":"https:\/\/euprevent.eu\/de\/wp-json\/wp\/v2\/comments?post=7025"}],"version-history":[{"count":10,"href":"https:\/\/euprevent.eu\/de\/wp-json\/wp\/v2\/pages\/7025\/revisions"}],"predecessor-version":[{"id":19919,"href":"https:\/\/euprevent.eu\/de\/wp-json\/wp\/v2\/pages\/7025\/revisions\/19919"}],"wp:attachment":[{"href":"https:\/\/euprevent.eu\/de\/wp-json\/wp\/v2\/media?parent=7025"}],"curies":[{"name":"wp","href":"https:\/\/api.w.org\/{rel}","templated":true}]}}