


{"id":6760,"date":"2018-12-11T12:49:00","date_gmt":"2018-12-11T12:49:00","guid":{"rendered":"https:\/\/euprevent.eu\/?page_id=6760"},"modified":"2019-06-12T11:15:16","modified_gmt":"2019-06-12T11:15:16","slug":"who-rhn-adr-konferenz","status":"publish","type":"page","link":"https:\/\/euprevent.eu\/de\/who-rhn-adr-konferenz\/","title":{"rendered":"WHO RHN-AdR Konferenz"},"content":{"rendered":"<section class=\"wpb-content-wrapper\"><p>[vc_row css_animation=&#8220;none&#8220; css=&#8220;.vc_custom_1557822765246{margin-right: 0px !important;margin-left: 0px !important;background-image: url(https:\/\/euprevent.eu\/wp-content\/uploads\/2019\/05\/header-new.jpg?id=8849) !important;background-position: center !important;background-repeat: no-repeat !important;background-size: cover !important;}&#8220; el_class=&#8220;event-header&#8220;][vc_column][vc_column_text]<\/p>\n<h1><strong>WHO RHN-AdR-Konferenz<\/strong>:<\/h1>\n<h2><strong>Die Menschen im Mittelpunkt der Gesundheits- und<br \/>\nNachhaltigkeitspolitik halten\u00a0\u00a0<\/strong><\/h2>\n<h2><em style=\"font-size: 18px;\">Februar und Juni 2019<\/em><\/h2>\n<p>[\/vc_column_text][\/vc_column][\/vc_row][vc_row css=&#8220;.vc_custom_1544439585677{margin-top: 0px !important;margin-bottom: 0px !important;padding-top: 0px !important;padding-bottom: 0px !important;}&#8220;][vc_column css=&#8220;.vc_custom_1544439773644{padding-top: 10px !important;padding-bottom: 60px !important;}&#8220;][vc_single_image image=&#8220;9546&#8243; img_size=&#8220;full&#8220; alignment=&#8220;center&#8220; css=&#8220;.vc_custom_1560338020531{margin-bottom: 0px !important;}&#8220;][\/vc_column][\/vc_row][vc_row][vc_column][vc_column_text]<\/p>\n<h2>Synergien im Gesundheitswesen, eine regionale Perspektive.<\/h2>\n<p>Das WHO-Netz der Gesundheitsregionen (WHO RHN), der Ausschuss der Regionen (AdR), die Euregio Maas-Rhein (EMR) und euPrevent|EMR glauben, dass sich gemeinsam mehr erreichen l\u00e4sst. Deshalb haben sie die Kr\u00e4fte geb\u00fcndelt, um eine Konferenz zum Thema regionale Gesundheit zu organisieren.<\/p>\n<p>Die 3 Hauptthemen der Konferenz sind &#8222;Equity&#8220;, &#8222;Participatory Approach&#8220; und &#8222;Human Resources for health&#8220;.<\/p>\n<p>Mit Blick auf diese drei Themenschwerpunkte werden B\u00fcrger und Angeh\u00f6rige der regionalen Gesundheitsberufe die Grenzen und M\u00f6glichkeiten der Gesundheit aus regionaler und euregionaler Sicht untersuchen.<\/p>\n<p>Alle Regionen der Euregio Maas-Rhein werden w\u00e4hrend der gesamten Konferenz besucht: Aachen (DE), Maastricht (NL), Eupen (BE), L\u00fcttich (BE) und Genk (BE).[\/vc_column_text][\/vc_column][\/vc_row][vc_row gap=&#8220;35&#8243; equal_height=&#8220;yes&#8220; css=&#8220;.vc_custom_1544439939082{margin-right: -25px !important;margin-left: -25px !important;}&#8220;][vc_column width=&#8220;1\/2&#8243; css=&#8220;.vc_custom_1544439279616{padding-top: 30px !important;padding-right: 30px !important;padding-bottom: 0px !important;padding-left: 30px !important;background-color: #eeeeee !important;border-radius: 10px !important;}&#8220; el_class=&#8220;btn-bottom-wrap&#8220;][vc_column_text]<strong>B\u00fcrgergipfel<br \/>\n<\/strong>Im Februar werden die B\u00fcrger der f\u00fcnf Regionen der EMR ihre Sichtweisen auf zwei B\u00fcrgergipfeln einflie\u00dfen lassen.[\/vc_column_text][vc_btn title=&#8220;Lesen Sie mehr \u00fcber diese B\u00fcrgergipfel&#8220; color=&#8220;primary&#8220; align=&#8220;center&#8220; button_block=&#8220;true&#8220; el_class=&#8220;btn-bottom&#8220; link=&#8220;url:https%3A%2F%2Feuprevent.eu%2Fde%2Fevent%2Fcitizen-summits%2F|||&#8220;][\/vc_column][vc_column width=&#8220;1\/2&#8243; css=&#8220;.vc_custom_1544439282190{padding-top: 30px !important;padding-right: 30px !important;padding-bottom: 0px !important;padding-left: 30px !important;background-color: #eeeeee !important;border-radius: 10px !important;}&#8220; el_class=&#8220;btn-bottom-wrap&#8220;][vc_column_text]<strong>Konferenz<br \/>\n<\/strong>Im Juni findet in der EMR eine dreit\u00e4gige Konferenz mit medizinischem Fachpersonal aus ganz Europa statt. Die Perspektive der B\u00fcrger wird in diese Konferenz integriert.[\/vc_column_text][vc_btn title=&#8220;Lesen Sie mehr \u00fcber die Konferenz im Juni&#8220; color=&#8220;primary&#8220; align=&#8220;center&#8220; button_block=&#8220;true&#8220; el_class=&#8220;btn-bottom&#8220; link=&#8220;url:https%3A%2F%2Feuprevent.eu%2Fde%2Fevent%2Fwho-rhn-cor-conference%2F|||&#8220;][\/vc_column][\/vc_row][vc_row css=&#8220;.vc_custom_1544439585677{margin-top: 0px !important;margin-bottom: 0px !important;padding-top: 0px !important;padding-bottom: 0px !important;}&#8220;][vc_column css=&#8220;.vc_custom_1544439901015{padding-top: 25px !important;padding-right: 0px !important;padding-bottom: 0px !important;padding-left: 0px !important;}&#8220;][vc_single_image image=&#8220;9558&#8243; img_size=&#8220;full&#8220; alignment=&#8220;center&#8220; css=&#8220;.vc_custom_1560338112508{margin-bottom: 0px !important;}&#8220;][vc_column_text]Die WHO-RHN AdR-Konferenz ist m\u00f6glich dank der Finanzierung durch das <a href=\"https:\/\/euregio-mr.info\/euregio-mr-de\/foerderung\/people-to-people\/\">People to People-Projekt Interreg V-A Euregio Maas-Rhein<\/a> und der Unterst\u00fctzung durch den Europ\u00e4ischen Fonds f\u00fcr regionale Entwicklung (EFRE) im Rahmen des <a href=\"https:\/\/www.interregemr.eu\/home-de\">Interreg V A Programms EMR.<\/a>[\/vc_column_text][\/vc_column][\/vc_row]<\/p>\n<\/section>","protected":false},"excerpt":{"rendered":"<p>[vc_row css_animation=&#8220;none&#8220; css=&#8220;.vc_custom_1557822765246{margin-right: 0px !important;margin-left: 0px !important;background-image: url(https:\/\/euprevent.eu\/wp-content\/uploads\/2019\/05\/header-new.jpg?id=8849) !important;background-position: center !important;background-repeat: no-repeat !important;background-size: cover !important;}&#8220; el_class=&#8220;event-header&#8220;][vc_column][vc_column_text] WHO RHN-AdR-Konferenz: Die Menschen im Mittelpunkt der Gesundheits- und Nachhaltigkeitspolitik halten\u00a0\u00a0 Februar und Juni 2019 [\/vc_column_text][\/vc_column][\/vc_row][vc_row css=&#8220;.vc_custom_1544439585677{margin-top: 0px !important;margin-bottom: 0px !important;padding-top: 0px !important;padding-bottom: 0px !important;}&#8220;][vc_column css=&#8220;.vc_custom_1544439773644{padding-top: 10px !important;padding-bottom: 60px !important;}&#8220;][vc_single_image image=&#8220;9546&#8243; img_size=&#8220;full&#8220; alignment=&#8220;center&#8220; css=&#8220;.vc_custom_1560338020531{margin-bottom: 0px !important;}&#8220;][\/vc_column][\/vc_row][vc_row][vc_column][vc_column_text] Synergien im Gesundheitswesen, [&hellip;]<\/p>\n","protected":false},"author":1,"featured_media":6688,"parent":0,"menu_order":0,"comment_status":"closed","ping_status":"closed","template":"page-without-sidebar.php","meta":{"_acf_changed":false,"footnotes":""},"class_list":["post-6760","page","type-page","status-publish","has-post-thumbnail","hentry","programmes-crossing-programmes"],"acf":[],"yoast_head":"<!-- This site is optimized with the Yoast SEO plugin v26.8 - https:\/\/yoast.com\/product\/yoast-seo-wordpress\/ -->\n<title>WHO RHN-AdR Konferenz - euPrevent<\/title>\n<meta name=\"robots\" content=\"index, follow, max-snippet:-1, max-image-preview:large, max-video-preview:-1\" \/>\n<link rel=\"canonical\" href=\"https:\/\/euprevent.eu\/de\/who-rhn-adr-konferenz\/\" \/>\n<meta property=\"og:locale\" content=\"de_DE\" \/>\n<meta property=\"og:type\" content=\"article\" \/>\n<meta property=\"og:title\" content=\"WHO RHN-AdR Konferenz - euPrevent\" \/>\n<meta property=\"og:description\" content=\"[vc_row css_animation=&#8220;none&#8220; css=&#8220;.vc_custom_1557822765246{margin-right: 0px !important;margin-left: 0px !important;background-image: url(https:\/\/euprevent.eu\/wp-content\/uploads\/2019\/05\/header-new.jpg?id=8849) !important;background-position: center !important;background-repeat: no-repeat !important;background-size: cover !important;}&#8220; el_class=&#8220;event-header&#8220;][vc_column][vc_column_text] WHO RHN-AdR-Konferenz: Die Menschen im Mittelpunkt der Gesundheits- und Nachhaltigkeitspolitik halten\u00a0\u00a0 Februar und Juni 2019 [\/vc_column_text][\/vc_column][\/vc_row][vc_row css=&#8220;.vc_custom_1544439585677{margin-top: 0px !important;margin-bottom: 0px !important;padding-top: 0px !important;padding-bottom: 0px !important;}&#8220;][vc_column css=&#8220;.vc_custom_1544439773644{padding-top: 10px !important;padding-bottom: 60px !important;}&#8220;][vc_single_image image=&#8220;9546&#8243; img_size=&#8220;full&#8220; alignment=&#8220;center&#8220; css=&#8220;.vc_custom_1560338020531{margin-bottom: 0px !important;}&#8220;][\/vc_column][\/vc_row][vc_row][vc_column][vc_column_text] Synergien im Gesundheitswesen, [&hellip;]\" \/>\n<meta property=\"og:url\" content=\"https:\/\/euprevent.eu\/de\/who-rhn-adr-konferenz\/\" \/>\n<meta property=\"og:site_name\" content=\"euPrevent\" \/>\n<meta property=\"article:modified_time\" content=\"2019-06-12T11:15:16+00:00\" \/>\n<meta property=\"og:image\" content=\"https:\/\/euprevent.eu\/wp-content\/uploads\/2018\/12\/who-cor.jpg\" \/>\n\t<meta property=\"og:image:width\" content=\"900\" \/>\n\t<meta property=\"og:image:height\" content=\"601\" \/>\n\t<meta property=\"og:image:type\" content=\"image\/jpeg\" \/>\n<meta name=\"twitter:card\" content=\"summary_large_image\" \/>\n<meta name=\"twitter:label1\" content=\"Gesch\u00e4tzte Lesezeit\" \/>\n\t<meta name=\"twitter:data1\" content=\"3\u00a0Minuten\" \/>\n<script type=\"application\/ld+json\" class=\"yoast-schema-graph\">{\"@context\":\"https:\/\/schema.org\",\"@graph\":[{\"@type\":\"WebPage\",\"@id\":\"https:\/\/euprevent.eu\/de\/who-rhn-adr-konferenz\/\",\"url\":\"https:\/\/euprevent.eu\/de\/who-rhn-adr-konferenz\/\",\"name\":\"WHO RHN-AdR Konferenz - euPrevent\",\"isPartOf\":{\"@id\":\"https:\/\/euprevent.eu\/de\/#website\"},\"primaryImageOfPage\":{\"@id\":\"https:\/\/euprevent.eu\/de\/who-rhn-adr-konferenz\/#primaryimage\"},\"image\":{\"@id\":\"https:\/\/euprevent.eu\/de\/who-rhn-adr-konferenz\/#primaryimage\"},\"thumbnailUrl\":\"https:\/\/euprevent.eu\/wp-content\/uploads\/2018\/12\/who-cor.jpg\",\"datePublished\":\"2018-12-11T12:49:00+00:00\",\"dateModified\":\"2019-06-12T11:15:16+00:00\",\"breadcrumb\":{\"@id\":\"https:\/\/euprevent.eu\/de\/who-rhn-adr-konferenz\/#breadcrumb\"},\"inLanguage\":\"de\",\"potentialAction\":[{\"@type\":\"ReadAction\",\"target\":[\"https:\/\/euprevent.eu\/de\/who-rhn-adr-konferenz\/\"]}]},{\"@type\":\"ImageObject\",\"inLanguage\":\"de\",\"@id\":\"https:\/\/euprevent.eu\/de\/who-rhn-adr-konferenz\/#primaryimage\",\"url\":\"https:\/\/euprevent.eu\/wp-content\/uploads\/2018\/12\/who-cor.jpg\",\"contentUrl\":\"https:\/\/euprevent.eu\/wp-content\/uploads\/2018\/12\/who-cor.jpg\",\"width\":900,\"height\":601},{\"@type\":\"BreadcrumbList\",\"@id\":\"https:\/\/euprevent.eu\/de\/who-rhn-adr-konferenz\/#breadcrumb\",\"itemListElement\":[{\"@type\":\"ListItem\",\"position\":1,\"name\":\"Home\",\"item\":\"https:\/\/euprevent.eu\/de\/\"},{\"@type\":\"ListItem\",\"position\":2,\"name\":\"WHO RHN-AdR Konferenz\"}]},{\"@type\":\"WebSite\",\"@id\":\"https:\/\/euprevent.eu\/de\/#website\",\"url\":\"https:\/\/euprevent.eu\/de\/\",\"name\":\"euPrevent\",\"description\":\"euPrevent is a Euroregional network that focuses on promoting health. Within this network, sustainable partnerships seek to increase the quality of life of residents in the border region between the Netherlands, Belgium and Germany.\",\"potentialAction\":[{\"@type\":\"SearchAction\",\"target\":{\"@type\":\"EntryPoint\",\"urlTemplate\":\"https:\/\/euprevent.eu\/de\/?s={search_term_string}\"},\"query-input\":{\"@type\":\"PropertyValueSpecification\",\"valueRequired\":true,\"valueName\":\"search_term_string\"}}],\"inLanguage\":\"de\"}]}<\/script>\n<!-- \/ Yoast SEO plugin. -->","yoast_head_json":{"title":"WHO RHN-AdR Konferenz - euPrevent","robots":{"index":"index","follow":"follow","max-snippet":"max-snippet:-1","max-image-preview":"max-image-preview:large","max-video-preview":"max-video-preview:-1"},"canonical":"https:\/\/euprevent.eu\/de\/who-rhn-adr-konferenz\/","og_locale":"de_DE","og_type":"article","og_title":"WHO RHN-AdR Konferenz - euPrevent","og_description":"[vc_row css_animation=&#8220;none&#8220; css=&#8220;.vc_custom_1557822765246{margin-right: 0px !important;margin-left: 0px !important;background-image: url(https:\/\/euprevent.eu\/wp-content\/uploads\/2019\/05\/header-new.jpg?id=8849) !important;background-position: center !important;background-repeat: no-repeat !important;background-size: cover !important;}&#8220; el_class=&#8220;event-header&#8220;][vc_column][vc_column_text] WHO RHN-AdR-Konferenz: Die Menschen im Mittelpunkt der Gesundheits- und Nachhaltigkeitspolitik halten\u00a0\u00a0 Februar und Juni 2019 [\/vc_column_text][\/vc_column][\/vc_row][vc_row css=&#8220;.vc_custom_1544439585677{margin-top: 0px !important;margin-bottom: 0px !important;padding-top: 0px !important;padding-bottom: 0px !important;}&#8220;][vc_column css=&#8220;.vc_custom_1544439773644{padding-top: 10px !important;padding-bottom: 60px !important;}&#8220;][vc_single_image image=&#8220;9546&#8243; img_size=&#8220;full&#8220; alignment=&#8220;center&#8220; css=&#8220;.vc_custom_1560338020531{margin-bottom: 0px !important;}&#8220;][\/vc_column][\/vc_row][vc_row][vc_column][vc_column_text] Synergien im Gesundheitswesen, [&hellip;]","og_url":"https:\/\/euprevent.eu\/de\/who-rhn-adr-konferenz\/","og_site_name":"euPrevent","article_modified_time":"2019-06-12T11:15:16+00:00","og_image":[{"width":900,"height":601,"url":"https:\/\/euprevent.eu\/wp-content\/uploads\/2018\/12\/who-cor.jpg","type":"image\/jpeg"}],"twitter_card":"summary_large_image","twitter_misc":{"Gesch\u00e4tzte Lesezeit":"3\u00a0Minuten"},"schema":{"@context":"https:\/\/schema.org","@graph":[{"@type":"WebPage","@id":"https:\/\/euprevent.eu\/de\/who-rhn-adr-konferenz\/","url":"https:\/\/euprevent.eu\/de\/who-rhn-adr-konferenz\/","name":"WHO RHN-AdR Konferenz - euPrevent","isPartOf":{"@id":"https:\/\/euprevent.eu\/de\/#website"},"primaryImageOfPage":{"@id":"https:\/\/euprevent.eu\/de\/who-rhn-adr-konferenz\/#primaryimage"},"image":{"@id":"https:\/\/euprevent.eu\/de\/who-rhn-adr-konferenz\/#primaryimage"},"thumbnailUrl":"https:\/\/euprevent.eu\/wp-content\/uploads\/2018\/12\/who-cor.jpg","datePublished":"2018-12-11T12:49:00+00:00","dateModified":"2019-06-12T11:15:16+00:00","breadcrumb":{"@id":"https:\/\/euprevent.eu\/de\/who-rhn-adr-konferenz\/#breadcrumb"},"inLanguage":"de","potentialAction":[{"@type":"ReadAction","target":["https:\/\/euprevent.eu\/de\/who-rhn-adr-konferenz\/"]}]},{"@type":"ImageObject","inLanguage":"de","@id":"https:\/\/euprevent.eu\/de\/who-rhn-adr-konferenz\/#primaryimage","url":"https:\/\/euprevent.eu\/wp-content\/uploads\/2018\/12\/who-cor.jpg","contentUrl":"https:\/\/euprevent.eu\/wp-content\/uploads\/2018\/12\/who-cor.jpg","width":900,"height":601},{"@type":"BreadcrumbList","@id":"https:\/\/euprevent.eu\/de\/who-rhn-adr-konferenz\/#breadcrumb","itemListElement":[{"@type":"ListItem","position":1,"name":"Home","item":"https:\/\/euprevent.eu\/de\/"},{"@type":"ListItem","position":2,"name":"WHO RHN-AdR Konferenz"}]},{"@type":"WebSite","@id":"https:\/\/euprevent.eu\/de\/#website","url":"https:\/\/euprevent.eu\/de\/","name":"euPrevent","description":"euPrevent is a Euroregional network that focuses on promoting health. Within this network, sustainable partnerships seek to increase the quality of life of residents in the border region between the Netherlands, Belgium and Germany.","potentialAction":[{"@type":"SearchAction","target":{"@type":"EntryPoint","urlTemplate":"https:\/\/euprevent.eu\/de\/?s={search_term_string}"},"query-input":{"@type":"PropertyValueSpecification","valueRequired":true,"valueName":"search_term_string"}}],"inLanguage":"de"}]}},"_links":{"self":[{"href":"https:\/\/euprevent.eu\/de\/wp-json\/wp\/v2\/pages\/6760","targetHints":{"allow":["GET"]}}],"collection":[{"href":"https:\/\/euprevent.eu\/de\/wp-json\/wp\/v2\/pages"}],"about":[{"href":"https:\/\/euprevent.eu\/de\/wp-json\/wp\/v2\/types\/page"}],"author":[{"embeddable":true,"href":"https:\/\/euprevent.eu\/de\/wp-json\/wp\/v2\/users\/1"}],"replies":[{"embeddable":true,"href":"https:\/\/euprevent.eu\/de\/wp-json\/wp\/v2\/comments?post=6760"}],"version-history":[{"count":12,"href":"https:\/\/euprevent.eu\/de\/wp-json\/wp\/v2\/pages\/6760\/revisions"}],"predecessor-version":[{"id":9559,"href":"https:\/\/euprevent.eu\/de\/wp-json\/wp\/v2\/pages\/6760\/revisions\/9559"}],"wp:featuredmedia":[{"embeddable":true,"href":"https:\/\/euprevent.eu\/de\/wp-json\/wp\/v2\/media\/6688"}],"wp:attachment":[{"href":"https:\/\/euprevent.eu\/de\/wp-json\/wp\/v2\/media?parent=6760"}],"curies":[{"name":"wp","href":"https:\/\/api.w.org\/{rel}","templated":true}]}}