


{"id":4595,"date":"2018-07-16T14:31:14","date_gmt":"2018-07-16T14:31:14","guid":{"rendered":"https:\/\/euprevent.eu\/senior-friendly-communities\/sfc-nieuwsbrief\/"},"modified":"2020-01-27T13:55:14","modified_gmt":"2020-01-27T13:55:14","slug":"sfc-nieuwsbrief","status":"publish","type":"page","link":"https:\/\/euprevent.eu\/de\/sfc\/sfc-nieuwsbrief\/","title":{"rendered":"Newsletter euPrevent SFC"},"content":{"rendered":"<section class=\"wpb-content-wrapper\"><p>[vc_row][vc_column][vc_column_text]<\/p>\n<h1>Newsletter euPrevent SFC<\/h1>\n<p>Dieser Newsletter richtet sich an die teilnehmenden Gemeinden im Rahmen des Projektes \u201cSeniorenfreundliche Gemeinden in der EMR; Schwerpunkt: Seelische Gesundheit\u201d.<\/p>\n<h3>2019<\/h3>\n<ul>\n<li><a href=\"https:\/\/mailchi.mp\/euprevent\/letzter-newsletter-des-projektes-euprevent-sfc-dezember-2019\" target=\"_blank\" rel=\"noopener noreferrer\">Dezember 2019<\/a><\/li>\n<li><a href=\"https:\/\/mailchi.mp\/euprevent\/sfc-news-march-2019-de\" target=\"_blank\" rel=\"noopener noreferrer\">M\u00e4rz 2019<\/a><\/li>\n<\/ul>\n<h3>2018<\/h3>\n<ul>\n<li><a href=\"http:\/\/mailchi.mp\/euprevent\/sfc-news-december-de\">Dezember 2018<\/a><\/li>\n<li><a href=\"https:\/\/mailchi.mp\/euprevent\/nieuwsbrief-euprevent-sfc-juli-de\">Juli 2018<\/a><\/li>\n<li><a href=\"https:\/\/mailchi.mp\/euprevent\/nieuwsbrief-euprevent-sfc-8-juni-2858877?e=f2d7d82c4d\">Mai 2018<\/a><\/li>\n<\/ul>\n<h3>2017<\/h3>\n<ul>\n<li><a href=\"https:\/\/us2.campaign-archive.com\/?e=&amp;u=2f72c12119df1151688f1f7ea&amp;id=aa82f09698\">Dezember 2017<\/a><\/li>\n<li><a href=\"http:\/\/us2.campaign-archive1.com\/?u=2f72c12119df1151688f1f7ea&amp;id=00f4cc332e\">Juni 2017<\/a><\/li>\n<\/ul>\n<p>[\/vc_column_text][\/vc_column][\/vc_row][vc_row][vc_column][vc_column_text]<\/p>\n<h2>Auf dem neuesten Stand der euPrevent-Nachrichten<\/h2>\n<p>Die euPrevent-Nachrichten bieten einen \u00dcberblick \u00fcber dieses Projekt und andere grenz\u00fcberschreitende Kooperationen, die von euPrevent unterst\u00fctzt werden. Sind Sie an Nachrichten \u00fcber die Aktivit\u00e4ten von euPrevent interessiert? Dann melden Sie sich bitte mit der unten stehenden Anmeldeoption f\u00fcr den allgemeinen Newsletter an.[\/vc_column_text][vc_btn title=&#8220;Anmeldung euPrevent Newsletter&#8220; color=&#8220;info&#8220; link=&#8220;url:http%3A%2F%2Feuprevent.us2.list-manage1.com%2Fsubscribe%3Fu%3D2f72c12119df1151688f1f7ea%26id%3D3bfaf3a1ff||target:%20_blank|&#8220;][\/vc_column][\/vc_row][vc_row][vc_column][vc_single_image image=&#8220;7731&#8243; img_size=&#8220;full&#8220;][\/vc_column][\/vc_row]<\/p>\n<\/section>","protected":false},"excerpt":{"rendered":"<p>[vc_row][vc_column][vc_column_text] Newsletter euPrevent SFC Dieser Newsletter richtet sich an die teilnehmenden Gemeinden im Rahmen des Projektes \u201cSeniorenfreundliche Gemeinden in der EMR; Schwerpunkt: Seelische Gesundheit\u201d. 2019 Dezember 2019 M\u00e4rz 2019 2018 Dezember 2018 Juli 2018 Mai 2018 2017 Dezember 2017 Juni 2017 [\/vc_column_text][\/vc_column][\/vc_row][vc_row][vc_column][vc_column_text] Auf dem neuesten Stand der euPrevent-Nachrichten Die euPrevent-Nachrichten bieten einen \u00dcberblick \u00fcber dieses [&hellip;]<\/p>\n","protected":false},"author":1,"featured_media":0,"parent":764,"menu_order":0,"comment_status":"closed","ping_status":"closed","template":"","meta":{"_acf_changed":false,"footnotes":""},"class_list":["post-4595","page","type-page","status-publish","hentry","programmes-mental-health"],"acf":[],"yoast_head":"<!-- This site is optimized with the Yoast SEO plugin v27.5 - https:\/\/yoast.com\/product\/yoast-seo-wordpress\/ -->\n<title>Newsletter euPrevent SFC - euPrevent<\/title>\n<meta name=\"robots\" content=\"index, follow, max-snippet:-1, max-image-preview:large, max-video-preview:-1\" \/>\n<link rel=\"canonical\" href=\"https:\/\/euprevent.eu\/de\/sfc\/sfc-nieuwsbrief\/\" \/>\n<meta property=\"og:locale\" content=\"de_DE\" \/>\n<meta property=\"og:type\" content=\"article\" \/>\n<meta property=\"og:title\" content=\"Newsletter euPrevent SFC - euPrevent\" \/>\n<meta property=\"og:description\" content=\"[vc_row][vc_column][vc_column_text] Newsletter euPrevent SFC Dieser Newsletter richtet sich an die teilnehmenden Gemeinden im Rahmen des Projektes \u201cSeniorenfreundliche Gemeinden in der EMR; Schwerpunkt: Seelische Gesundheit\u201d. 2019 Dezember 2019 M\u00e4rz 2019 2018 Dezember 2018 Juli 2018 Mai 2018 2017 Dezember 2017 Juni 2017 [\/vc_column_text][\/vc_column][\/vc_row][vc_row][vc_column][vc_column_text] Auf dem neuesten Stand der euPrevent-Nachrichten Die euPrevent-Nachrichten bieten einen \u00dcberblick \u00fcber dieses [&hellip;]\" \/>\n<meta property=\"og:url\" content=\"https:\/\/euprevent.eu\/de\/sfc\/sfc-nieuwsbrief\/\" \/>\n<meta property=\"og:site_name\" content=\"euPrevent\" \/>\n<meta property=\"article:modified_time\" content=\"2020-01-27T13:55:14+00:00\" \/>\n<meta name=\"twitter:card\" content=\"summary_large_image\" \/>\n<meta name=\"twitter:label1\" content=\"Gesch\u00e4tzte Lesezeit\" \/>\n\t<meta name=\"twitter:data1\" content=\"1\u00a0Minute\" \/>\n<script type=\"application\/ld+json\" class=\"yoast-schema-graph\">{\"@context\":\"https:\\\/\\\/schema.org\",\"@graph\":[{\"@type\":\"WebPage\",\"@id\":\"https:\\\/\\\/euprevent.eu\\\/de\\\/sfc\\\/sfc-nieuwsbrief\\\/\",\"url\":\"https:\\\/\\\/euprevent.eu\\\/de\\\/sfc\\\/sfc-nieuwsbrief\\\/\",\"name\":\"Newsletter euPrevent SFC - euPrevent\",\"isPartOf\":{\"@id\":\"https:\\\/\\\/euprevent.eu\\\/de\\\/#website\"},\"datePublished\":\"2018-07-16T14:31:14+00:00\",\"dateModified\":\"2020-01-27T13:55:14+00:00\",\"breadcrumb\":{\"@id\":\"https:\\\/\\\/euprevent.eu\\\/de\\\/sfc\\\/sfc-nieuwsbrief\\\/#breadcrumb\"},\"inLanguage\":\"de\",\"potentialAction\":[{\"@type\":\"ReadAction\",\"target\":[\"https:\\\/\\\/euprevent.eu\\\/de\\\/sfc\\\/sfc-nieuwsbrief\\\/\"]}]},{\"@type\":\"BreadcrumbList\",\"@id\":\"https:\\\/\\\/euprevent.eu\\\/de\\\/sfc\\\/sfc-nieuwsbrief\\\/#breadcrumb\",\"itemListElement\":[{\"@type\":\"ListItem\",\"position\":1,\"name\":\"Home\",\"item\":\"https:\\\/\\\/euprevent.eu\\\/de\\\/\"},{\"@type\":\"ListItem\",\"position\":2,\"name\":\"Projekt Senior Friendly Communities\",\"item\":\"https:\\\/\\\/euprevent.eu\\\/de\\\/sfc\\\/\"},{\"@type\":\"ListItem\",\"position\":3,\"name\":\"Newsletter euPrevent SFC\"}]},{\"@type\":\"WebSite\",\"@id\":\"https:\\\/\\\/euprevent.eu\\\/de\\\/#website\",\"url\":\"https:\\\/\\\/euprevent.eu\\\/de\\\/\",\"name\":\"euPrevent\",\"description\":\"euPrevent is a Euroregional network that focuses on promoting health. Within this network, sustainable partnerships seek to increase the quality of life of residents in the border region between the Netherlands, Belgium and Germany.\",\"potentialAction\":[{\"@type\":\"SearchAction\",\"target\":{\"@type\":\"EntryPoint\",\"urlTemplate\":\"https:\\\/\\\/euprevent.eu\\\/de\\\/?s={search_term_string}\"},\"query-input\":{\"@type\":\"PropertyValueSpecification\",\"valueRequired\":true,\"valueName\":\"search_term_string\"}}],\"inLanguage\":\"de\"}]}<\/script>\n<!-- \/ Yoast SEO plugin. -->","yoast_head_json":{"title":"Newsletter euPrevent SFC - euPrevent","robots":{"index":"index","follow":"follow","max-snippet":"max-snippet:-1","max-image-preview":"max-image-preview:large","max-video-preview":"max-video-preview:-1"},"canonical":"https:\/\/euprevent.eu\/de\/sfc\/sfc-nieuwsbrief\/","og_locale":"de_DE","og_type":"article","og_title":"Newsletter euPrevent SFC - euPrevent","og_description":"[vc_row][vc_column][vc_column_text] Newsletter euPrevent SFC Dieser Newsletter richtet sich an die teilnehmenden Gemeinden im Rahmen des Projektes \u201cSeniorenfreundliche Gemeinden in der EMR; Schwerpunkt: Seelische Gesundheit\u201d. 2019 Dezember 2019 M\u00e4rz 2019 2018 Dezember 2018 Juli 2018 Mai 2018 2017 Dezember 2017 Juni 2017 [\/vc_column_text][\/vc_column][\/vc_row][vc_row][vc_column][vc_column_text] Auf dem neuesten Stand der euPrevent-Nachrichten Die euPrevent-Nachrichten bieten einen \u00dcberblick \u00fcber dieses [&hellip;]","og_url":"https:\/\/euprevent.eu\/de\/sfc\/sfc-nieuwsbrief\/","og_site_name":"euPrevent","article_modified_time":"2020-01-27T13:55:14+00:00","twitter_card":"summary_large_image","twitter_misc":{"Gesch\u00e4tzte Lesezeit":"1\u00a0Minute"},"schema":{"@context":"https:\/\/schema.org","@graph":[{"@type":"WebPage","@id":"https:\/\/euprevent.eu\/de\/sfc\/sfc-nieuwsbrief\/","url":"https:\/\/euprevent.eu\/de\/sfc\/sfc-nieuwsbrief\/","name":"Newsletter euPrevent SFC - euPrevent","isPartOf":{"@id":"https:\/\/euprevent.eu\/de\/#website"},"datePublished":"2018-07-16T14:31:14+00:00","dateModified":"2020-01-27T13:55:14+00:00","breadcrumb":{"@id":"https:\/\/euprevent.eu\/de\/sfc\/sfc-nieuwsbrief\/#breadcrumb"},"inLanguage":"de","potentialAction":[{"@type":"ReadAction","target":["https:\/\/euprevent.eu\/de\/sfc\/sfc-nieuwsbrief\/"]}]},{"@type":"BreadcrumbList","@id":"https:\/\/euprevent.eu\/de\/sfc\/sfc-nieuwsbrief\/#breadcrumb","itemListElement":[{"@type":"ListItem","position":1,"name":"Home","item":"https:\/\/euprevent.eu\/de\/"},{"@type":"ListItem","position":2,"name":"Projekt Senior Friendly Communities","item":"https:\/\/euprevent.eu\/de\/sfc\/"},{"@type":"ListItem","position":3,"name":"Newsletter euPrevent SFC"}]},{"@type":"WebSite","@id":"https:\/\/euprevent.eu\/de\/#website","url":"https:\/\/euprevent.eu\/de\/","name":"euPrevent","description":"euPrevent is a Euroregional network that focuses on promoting health. Within this network, sustainable partnerships seek to increase the quality of life of residents in the border region between the Netherlands, Belgium and Germany.","potentialAction":[{"@type":"SearchAction","target":{"@type":"EntryPoint","urlTemplate":"https:\/\/euprevent.eu\/de\/?s={search_term_string}"},"query-input":{"@type":"PropertyValueSpecification","valueRequired":true,"valueName":"search_term_string"}}],"inLanguage":"de"}]}},"_links":{"self":[{"href":"https:\/\/euprevent.eu\/de\/wp-json\/wp\/v2\/pages\/4595","targetHints":{"allow":["GET"]}}],"collection":[{"href":"https:\/\/euprevent.eu\/de\/wp-json\/wp\/v2\/pages"}],"about":[{"href":"https:\/\/euprevent.eu\/de\/wp-json\/wp\/v2\/types\/page"}],"author":[{"embeddable":true,"href":"https:\/\/euprevent.eu\/de\/wp-json\/wp\/v2\/users\/1"}],"replies":[{"embeddable":true,"href":"https:\/\/euprevent.eu\/de\/wp-json\/wp\/v2\/comments?post=4595"}],"version-history":[{"count":7,"href":"https:\/\/euprevent.eu\/de\/wp-json\/wp\/v2\/pages\/4595\/revisions"}],"predecessor-version":[{"id":12601,"href":"https:\/\/euprevent.eu\/de\/wp-json\/wp\/v2\/pages\/4595\/revisions\/12601"}],"up":[{"embeddable":true,"href":"https:\/\/euprevent.eu\/de\/wp-json\/wp\/v2\/pages\/764"}],"wp:attachment":[{"href":"https:\/\/euprevent.eu\/de\/wp-json\/wp\/v2\/media?parent=4595"}],"curies":[{"name":"wp","href":"https:\/\/api.w.org\/{rel}","templated":true}]}}