


{"id":3791,"date":"2017-12-22T08:24:40","date_gmt":"2017-12-22T08:24:40","guid":{"rendered":"https:\/\/euprevent.eu\/3533-2\/project-euregiofactor\/"},"modified":"2022-02-10T17:28:54","modified_gmt":"2022-02-10T16:28:54","slug":"project-euregiofactor","status":"publish","type":"page","link":"https:\/\/euprevent.eu\/de\/3533-2\/project-euregiofactor\/","title":{"rendered":"Projekt Euregio-Factor"},"content":{"rendered":"<section class=\"wpb-content-wrapper\"><p>[vc_row][vc_column][vc_single_image image=&#8220;2330&#8243; img_size=&#8220;medium&#8220; alignment=&#8220;right&#8220;][vc_column_text]<\/p>\n<h1>Projekt Euregio-Factor<\/h1>\n<p>Menschen aus der niederl\u00e4ndischen Provinz S\u00fcd-Limburg leben im Durchschnitt ein Jahr k\u00fcrzer als die restliche Bev\u00f6lkerung der Niederlande. Dies ist eines der Untersuchungs-ergebnisse der Studie \u201c<a href=\"https:\/\/www.ggdzl.nl\/fileadmin\/files\/ggdzl\/Documenten\/Op-zoek-naar-de-Limburg-factor.pdf\" target=\"_blank\" rel=\"noopener\">Der Limburg-Faktor<\/a>\u201d des \u00f6ffentlichen Gesundheitsdienstes (GGD) S\u00fcd-Limburgs aus dem Jahre 2015. Aber wie stellt sich die Situation im Vergleich zwischen S\u00fcd-Limburg (NL) und dem Rest der Euregio Maas-Rhein (EMR) dar?<\/p>\n<p>Die Studie \u201cDer Euregio-Faktor\u201d hat die Gesundheitssituation in der Euregio Maas-Rhein und ihrer dazugeh\u00f6rigen Regionen aufgezeigt.[\/vc_column_text][\/vc_column][\/vc_row][vc_row gap=&#8220;25&#8243;][vc_column width=&#8220;1\/2&#8243; css=&#8220;.vc_custom_1509467339928{padding-top: 25px !important;background-color: #f3f3f3 !important;border-radius: 5px !important;}&#8220;][vc_column_text css=&#8220;.vc_custom_1532521009945{margin-bottom: 5px !important;padding-bottom: 5px !important;}&#8220;]<\/p>\n<h3>Projektrahmen<\/h3>\n<p><strong>Zielgruppe:<\/strong> B\u00fcrger\/-innen der Euregio Maas-Rhein (EMR)<br \/>\n<strong>Laufzeit:<\/strong> 1. M\u00e4rz 2016 \u2013 1. M\u00e4rz 2018[\/vc_column_text][vc_btn title=&#8220;Finanzierung&#8220; color=&#8220;primary&#8220; size=&#8220;sm&#8220; link=&#8220;url:https%3A%2F%2Feuprevent.eu%2Fnl%2Ffinanciers-project-euregiofactor%2F|||&#8220;][vc_btn title=&#8220;Partners&#8220; color=&#8220;primary&#8220; size=&#8220;sm&#8220; link=&#8220;url:%2Fpartner%2F%3Fprojects%3Dproject-euregiofactor|||&#8220;][\/vc_column][\/vc_row][vc_row][vc_column][vc_empty_space][vc_column_text]<\/p>\n<h2>Ziel des Projekts<\/h2>\n<p>Das Ziel dieses Projektes bestand im Auffinden von sog. euregionalen Ankn\u00fcpfpunkten auf der Suche nach dem \u201cLimburg-Faktor\u201d: Wie kann der Gesundheitsr\u00fcckstand in S\u00fcd-Limburg (NL) reduziert werden?<\/p>\n<p>[\/vc_column_text][\/vc_column][\/vc_row][vc_row][vc_column width=&#8220;1\/2&#8243;][vc_column_text]<\/p>\n<h3><strong>Studie<\/strong><\/h3>\n<p>Die Untersuchung wurde vom \u00f6ffentlichen Gesundheitsdienst (GGD) S\u00fcd-Limburgs durchgef\u00fchrt und bestand aus einer Literaturrecherche und einer quantitativen sowie qualitativen Studie.<\/p>\n<ul>\n<li>Der qualitative Teil der Untersuchung beschreibt die verschiedenen Gesundheitssysteme und die Strukturen bez\u00fcglich der Gesundheitsdaten und der grenz\u00fcberschreitenden Zusammenarbeit zwischen den Regionen der EMR.<\/li>\n<li>Der quantitative Teil der Untersuchung umfasst die Gesundheitsdaten in der EMR. Dieser Teil ist aus dem Projekt \u201c<a href=\"https:\/\/euprevent.eu\/de\/data-in-the-emr\/\">Daten in der EMR<\/a>\u201d hervorgegangen, in welchem der GGD S\u00fcd-Limburg mit der Stiftung euPrevent | EMR und dem zentralen B\u00fcro f\u00fcr Statistik (CBS) aus den Niederlanden zusammengearbeitet hat. Die Indikatoren sind:<br \/>\n&#8211; Demografische Indikatoren, wie Geschlecht und Lebenszeit.<br \/>\n&#8211; Gesundheitsindikatoren, wie Lebenserwachtung, Mortalit\u00e4t, Morbidit\u00e4t.<br \/>\n&#8211; Sozial-\u00f6konomische Indikatoren, wie Ausbildung und Arbeitslosigkeit.<\/li>\n<\/ul>\n<p>[\/vc_column_text][\/vc_column][vc_column width=&#8220;1\/2&#8243;][vc_column_text]<\/p>\n<h3><strong>Zusammenarbeit<\/strong><\/h3>\n<p>An der Sammlung der vorhandenen Daten sind folgende Organisationen und Experten\/-innen beteiligt:<\/p>\n<ul>\n<li>GGD Zuid Limburg (NL)<\/li>\n<li>Provincie Limburg (NL)<\/li>\n<li>CBS (NL)<\/li>\n<li>Sociaal Historisch Centrum Limburg (NL)<\/li>\n<li>Gesundheidsamt Aachen (DE)<\/li>\n<li>Gesundheidsamt Euskirchen (DE)<\/li>\n<li>Gesundheidsamt Heinsberg (DE)<\/li>\n<li>Gesundheidsamt D\u00fcren (DE)<\/li>\n<li>Provincie Limburg (BE)<\/li>\n<li>Observatoire de la Sant\u00e9 Li\u00e8ge (BE)<\/li>\n<li>LOGO Limburg (BE)<\/li>\n<li>ASL Eupen (BE)<\/li>\n<li>Agentschap Zorg en Gezondheid Vlaanderen (BE)<\/li>\n<li>stichting euPrevent|EMR (EMR)<\/li>\n<li>Dear Euregio (EMR)<\/li>\n<\/ul>\n<p>[\/vc_column_text][\/vc_column][\/vc_row][vc_row][vc_column][vc_column_text]<\/p>\n<h3><strong>Resultate<\/strong><\/h3>\n<p>Am 1. M\u00e4rz 2018 wurde der Bericht der Provinz Limburg (NL) \u00fcbergeben.<br \/>\nSiehe die unten stehende Zusammenfassung des Berichts:<\/p>\n<ul>\n<li><a href=\"https:\/\/www.ggdzl.nl\/fileadmin\/files\/ggdzl\/Documenten\/Euregiofactor\/Zusammenfassung_Auf_der_Suche_nach_dem_Euregio-Faktor.pdf\" target=\"_blank\" rel=\"noopener\">Zusammenfassung \u2018Auf der Suche nach dem Euregio-Factor\u2019<\/a><\/li>\n<\/ul>\n<p>[\/vc_column_text][\/vc_column][\/vc_row][vc_row][vc_column][vc_column_text]\t<div class=\"clearfix\"><\/div>\r\n\t<div class=\"panel-events_and_news\">\r\n\t\t<div class=\"row\">\r\n\r\n            \r\n            \t\t\t<div class=\"col-sm-12 col-md-6\" id=\"events\">\r\n\t\t\t\t<h3>Veranstaltungen<\/h3>\r\n\t\t\t\t\t\t\t\t\t\t\t\t\t\t\t\t<h2><span class=\"hidden\">Veranstaltungen - <\/span>R\u00fcckblick<\/h2>\r\n\t\t\t\t\t\t\t\r\n\t\t\t\t\t\t<div class=\"event media past\">\r\n\t\t\t\t\t\t\t<a class=\"overlay\" href=\"https:\/\/euprevent.eu\/de\/event\/3969\/\"><\/a>\r\n\t\t\t\t\t\t\t\t\t\t\t\t\t\t<div class=\"thumb pull-left\" style=\"background-image: url('https:\/\/euprevent.eu\/wp-content\/uploads\/2018\/02\/Afbeelding-Euregio-Factor-LOGO.jpg');\"><\/div>\r\n\t\t\t\t\t\t\t<div class=\"event-info-table\">\r\n\t\t\t\t\t\t\t\t<div class=\"event-info-table-row\">\r\n\t\t\t\t\t\t\t\t\t<div class=\"event-info-table-cell\">\r\n\t\t\t\t\t\t\t\t\t\t<h3>Thementag 'Auf der suche nach dem Euregio-Faktor'<\/h3>\r\n                                        <p>9 Mai 2018<\/p>\r\n\t\t\t\t\t\t\t\t\t<\/div>\r\n\t\t\t\t\t\t\t\t<\/div>\r\n\t\t\t\t\t\t\t<\/div>\r\n\t\t\t\t\t\t<\/div>\r\n\r\n\t\t\t\t\t\t\t\t\t\t\t<div class=\"text-center p-5\"><a class=\"btn btn-sm btn-default\" href=\"https:\/\/euprevent.eu\/de\/event\/\">alle Veranstaltungen<\/a><\/div>\r\n\t\t\t\t\t\t\t\t<\/div>\r\n\r\n            \r\n            \t\t\t<div class=\"col-sm-12 col-md-6\" id=\"news\">\r\n\t\t\t\t<h3>News<\/h3>\r\n\t\t\t\t\t\t\t\t\t\t\t\t\t\t\t<div class=\"newsitem\">\r\n\t\t\t\t\t\t\t<a class=\"overlay\" href=\"https:\/\/euprevent.eu\/de\/study-visit-euroregion-dkmt\/\"><\/a>\r\n                            <div class=\"thumb pull-left\" style=\"background-image: url('https:\/\/euprevent.eu\/wp-content\/uploads\/2018\/09\/jLmpv-3EV4EnBWIjPFnZbbMS0npjOT1whppVvBm94QRDqK.jpeg');\"><\/div>\r\n\t\t\t\t\t\t\t<div class=\"news-info-table\">\r\n\t\t\t\t\t\t\t\t<div class=\"news-info-table-row\">\r\n\t\t\t\t\t\t\t\t\t<div class=\"news-info-table-cell\">\r\n\t\t\t\t\t\t\t\t\t\t<p>17 September 2018<\/p>\r\n\t\t\t\t\t\t\t\t\t\t<h3>Study Visit Euroregion DKMT<\/h3>\r\n\t\t\t\t\t\t\t\t\t<\/div>\r\n\t\t\t\t\t\t\t\t<\/div>\r\n\t\t\t\t\t\t\t<\/div>\r\n\t\t\t\t\t\t<\/div>\r\n\t\t\t\t\t\t\t\t\t\t\t<div class=\"text-center p-5\"><a class=\"btn btn-sm btn-default\" href=\"https:\/\/euprevent.eu\/de\/neuigkeiten\/\">Alle Nachrichten<\/a><\/div>\r\n\t\t\t\t\t\t\t\t<\/div>\r\n            \r\n\t\t<\/div>\r\n\t<\/div>\r\n\r\n\t[\/vc_column_text][\/vc_column][\/vc_row][vc_row][vc_column][vc_column_text]        <div class=\"clearfix\"><\/div>\n\n        <h2>Publikationen<\/h2>\n        <div class=\"expandable-wrapper\">\n            <ul class=\"list-publications list-publications-month list-group  \">\n                                    <li class=\"list-group-item\">\n                        <a href=\"https:\/\/euprevent.eu\/wp-content\/uploads\/2019\/05\/Zusammenfassung_Auf_der_Suche_nach_dem_Euregio-Faktor.pdf\" target=\"_blank\">\n                            <div class=\"row vcenter\">\n                                <div class=\"col-img col-xs-1 text-center\"><img decoding=\"async\"\n                                            src=\"https:\/\/euprevent.eu\/wp-content\/uploads\/2018\/02\/Afbeelding-Euregio-Factor-LOGO.jpg\"\/>\n                                <\/div>\n                                <div class=\"col-xs-10\">\n                                    <div class=\"publication-title\">Zusammenfassung \u2018Auf der Suche nach dem Euregio-Faktor\u2019 (DE)<\/div>\n                                <\/div>\n                                <div class=\"col-xs-1\">\n                                                                            <span class=\"label label-light\"><i\n                                                    class=\"fa fa-download\"><\/i><\/span>\n                                                                        <\/div>\n                            <\/div>\n                        <\/a>\n                    <\/li>\n                                        <li class=\"list-group-item\">\n                        <a href=\"https:\/\/euprevent.eu\/wp-content\/uploads\/2019\/05\/Synthese_A_la_recherche_du_facteur.pdf\" target=\"_blank\">\n                            <div class=\"row vcenter\">\n                                <div class=\"col-img col-xs-1 text-center\"><img decoding=\"async\"\n                                            src=\"https:\/\/euprevent.eu\/wp-content\/uploads\/2018\/02\/Afbeelding-Euregio-Factor-LOGO.jpg\"\/>\n                                <\/div>\n                                <div class=\"col-xs-10\">\n                                    <div class=\"publication-title\">Synthese \u2018A la recherche du facteur Euregio\u2019 (FR)<\/div>\n                                <\/div>\n                                <div class=\"col-xs-1\">\n                                                                            <span class=\"label label-light\"><i\n                                                    class=\"fa fa-download\"><\/i><\/span>\n                                                                        <\/div>\n                            <\/div>\n                        <\/a>\n                    <\/li>\n                                        <li class=\"list-group-item\">\n                        <a href=\"https:\/\/euprevent.eu\/wp-content\/uploads\/2019\/05\/Samenvatting_Op_zoek_naar_de_Euregio-factor.pdf\" target=\"_blank\">\n                            <div class=\"row vcenter\">\n                                <div class=\"col-img col-xs-1 text-center\"><img decoding=\"async\"\n                                            src=\"https:\/\/euprevent.eu\/wp-content\/uploads\/2018\/02\/Afbeelding-Euregio-Factor-LOGO.jpg\"\/>\n                                <\/div>\n                                <div class=\"col-xs-10\">\n                                    <div class=\"publication-title\">Samenvatting \u2018Op zoek naar de Euregio \u2013 factor\u2019 (NL)<\/div>\n                                <\/div>\n                                <div class=\"col-xs-1\">\n                                                                            <span class=\"label label-light\"><i\n                                                    class=\"fa fa-download\"><\/i><\/span>\n                                                                        <\/div>\n                            <\/div>\n                        <\/a>\n                    <\/li>\n                                        <li class=\"list-group-item\">\n                        <a href=\"https:\/\/euprevent.eu\/wp-content\/uploads\/2019\/05\/Op_zoek_naar_de_Euregio-factor.pdf\" target=\"_blank\">\n                            <div class=\"row vcenter\">\n                                <div class=\"col-img col-xs-1 text-center\"><img decoding=\"async\"\n                                            src=\"https:\/\/euprevent.eu\/wp-content\/uploads\/2018\/02\/Afbeelding-Euregio-Factor-LOGO.jpg\"\/>\n                                <\/div>\n                                <div class=\"col-xs-10\">\n                                    <div class=\"publication-title\">Rapport \u2018Op zoek naar de Euregio-factor\u2019 (NL)<\/div>\n                                <\/div>\n                                <div class=\"col-xs-1\">\n                                                                            <span class=\"label label-light\"><i\n                                                    class=\"fa fa-download\"><\/i><\/span>\n                                                                        <\/div>\n                            <\/div>\n                        <\/a>\n                    <\/li>\n                    \n            <\/ul>\n                    <\/div>\n\n        [\/vc_column_text][\/vc_column][\/vc_row][vc_row][vc_column][vc_column_text][\/vc_column_text][\/vc_column][\/vc_row]<\/p>\n<\/section>","protected":false},"excerpt":{"rendered":"<p>[vc_row][vc_column][vc_single_image image=&#8220;2330&#8243; img_size=&#8220;medium&#8220; alignment=&#8220;right&#8220;][vc_column_text] Projekt Euregio-Factor Menschen aus der niederl\u00e4ndischen Provinz S\u00fcd-Limburg leben im Durchschnitt ein Jahr k\u00fcrzer als die restliche Bev\u00f6lkerung der Niederlande. Dies ist eines der Untersuchungs-ergebnisse der Studie \u201cDer Limburg-Faktor\u201d des \u00f6ffentlichen Gesundheitsdienstes (GGD) S\u00fcd-Limburgs aus dem Jahre 2015. Aber wie stellt sich die Situation im Vergleich zwischen S\u00fcd-Limburg (NL) und dem [&hellip;]<\/p>\n","protected":false},"author":1,"featured_media":0,"parent":3538,"menu_order":3,"comment_status":"closed","ping_status":"closed","template":"","meta":{"_acf_changed":false,"footnotes":""},"class_list":["post-3791","page","type-page","status-publish","hentry","programmes-crossing-programmes"],"acf":[],"yoast_head":"<!-- This site is optimized with the Yoast SEO plugin v26.8 - https:\/\/yoast.com\/product\/yoast-seo-wordpress\/ -->\n<title>Projekt Euregio-Factor - euPrevent<\/title>\n<meta name=\"robots\" content=\"index, follow, max-snippet:-1, max-image-preview:large, max-video-preview:-1\" \/>\n<link rel=\"canonical\" href=\"https:\/\/euprevent.eu\/de\/3533-2\/project-euregiofactor\/\" \/>\n<meta property=\"og:locale\" content=\"de_DE\" \/>\n<meta property=\"og:type\" content=\"article\" \/>\n<meta property=\"og:title\" content=\"Projekt Euregio-Factor - euPrevent\" \/>\n<meta property=\"og:description\" content=\"[vc_row][vc_column][vc_single_image image=&#8220;2330&#8243; img_size=&#8220;medium&#8220; alignment=&#8220;right&#8220;][vc_column_text] Projekt Euregio-Factor Menschen aus der niederl\u00e4ndischen Provinz S\u00fcd-Limburg leben im Durchschnitt ein Jahr k\u00fcrzer als die restliche Bev\u00f6lkerung der Niederlande. Dies ist eines der Untersuchungs-ergebnisse der Studie \u201cDer Limburg-Faktor\u201d des \u00f6ffentlichen Gesundheitsdienstes (GGD) S\u00fcd-Limburgs aus dem Jahre 2015. Aber wie stellt sich die Situation im Vergleich zwischen S\u00fcd-Limburg (NL) und dem [&hellip;]\" \/>\n<meta property=\"og:url\" content=\"https:\/\/euprevent.eu\/de\/3533-2\/project-euregiofactor\/\" \/>\n<meta property=\"og:site_name\" content=\"euPrevent\" \/>\n<meta property=\"article:modified_time\" content=\"2022-02-10T16:28:54+00:00\" \/>\n<meta name=\"twitter:card\" content=\"summary_large_image\" \/>\n<meta name=\"twitter:label1\" content=\"Gesch\u00e4tzte Lesezeit\" \/>\n\t<meta name=\"twitter:data1\" content=\"2\u00a0Minuten\" \/>\n<script type=\"application\/ld+json\" class=\"yoast-schema-graph\">{\"@context\":\"https:\/\/schema.org\",\"@graph\":[{\"@type\":\"WebPage\",\"@id\":\"https:\/\/euprevent.eu\/de\/3533-2\/project-euregiofactor\/\",\"url\":\"https:\/\/euprevent.eu\/de\/3533-2\/project-euregiofactor\/\",\"name\":\"Projekt Euregio-Factor - euPrevent\",\"isPartOf\":{\"@id\":\"https:\/\/euprevent.eu\/de\/#website\"},\"datePublished\":\"2017-12-22T08:24:40+00:00\",\"dateModified\":\"2022-02-10T16:28:54+00:00\",\"breadcrumb\":{\"@id\":\"https:\/\/euprevent.eu\/de\/3533-2\/project-euregiofactor\/#breadcrumb\"},\"inLanguage\":\"de\",\"potentialAction\":[{\"@type\":\"ReadAction\",\"target\":[\"https:\/\/euprevent.eu\/de\/3533-2\/project-euregiofactor\/\"]}]},{\"@type\":\"BreadcrumbList\",\"@id\":\"https:\/\/euprevent.eu\/de\/3533-2\/project-euregiofactor\/#breadcrumb\",\"itemListElement\":[{\"@type\":\"ListItem\",\"position\":1,\"name\":\"Home\",\"item\":\"https:\/\/euprevent.eu\/de\/\"},{\"@type\":\"ListItem\",\"position\":2,\"name\":\"Data in the EMR\",\"item\":\"https:\/\/euprevent.eu\/de\/3533-2\/\"},{\"@type\":\"ListItem\",\"position\":3,\"name\":\"Projekt Euregio-Factor\"}]},{\"@type\":\"WebSite\",\"@id\":\"https:\/\/euprevent.eu\/de\/#website\",\"url\":\"https:\/\/euprevent.eu\/de\/\",\"name\":\"euPrevent\",\"description\":\"euPrevent is a Euroregional network that focuses on promoting health. Within this network, sustainable partnerships seek to increase the quality of life of residents in the border region between the Netherlands, Belgium and Germany.\",\"potentialAction\":[{\"@type\":\"SearchAction\",\"target\":{\"@type\":\"EntryPoint\",\"urlTemplate\":\"https:\/\/euprevent.eu\/de\/?s={search_term_string}\"},\"query-input\":{\"@type\":\"PropertyValueSpecification\",\"valueRequired\":true,\"valueName\":\"search_term_string\"}}],\"inLanguage\":\"de\"}]}<\/script>\n<!-- \/ Yoast SEO plugin. -->","yoast_head_json":{"title":"Projekt Euregio-Factor - euPrevent","robots":{"index":"index","follow":"follow","max-snippet":"max-snippet:-1","max-image-preview":"max-image-preview:large","max-video-preview":"max-video-preview:-1"},"canonical":"https:\/\/euprevent.eu\/de\/3533-2\/project-euregiofactor\/","og_locale":"de_DE","og_type":"article","og_title":"Projekt Euregio-Factor - euPrevent","og_description":"[vc_row][vc_column][vc_single_image image=&#8220;2330&#8243; img_size=&#8220;medium&#8220; alignment=&#8220;right&#8220;][vc_column_text] Projekt Euregio-Factor Menschen aus der niederl\u00e4ndischen Provinz S\u00fcd-Limburg leben im Durchschnitt ein Jahr k\u00fcrzer als die restliche Bev\u00f6lkerung der Niederlande. Dies ist eines der Untersuchungs-ergebnisse der Studie \u201cDer Limburg-Faktor\u201d des \u00f6ffentlichen Gesundheitsdienstes (GGD) S\u00fcd-Limburgs aus dem Jahre 2015. Aber wie stellt sich die Situation im Vergleich zwischen S\u00fcd-Limburg (NL) und dem [&hellip;]","og_url":"https:\/\/euprevent.eu\/de\/3533-2\/project-euregiofactor\/","og_site_name":"euPrevent","article_modified_time":"2022-02-10T16:28:54+00:00","twitter_card":"summary_large_image","twitter_misc":{"Gesch\u00e4tzte Lesezeit":"2\u00a0Minuten"},"schema":{"@context":"https:\/\/schema.org","@graph":[{"@type":"WebPage","@id":"https:\/\/euprevent.eu\/de\/3533-2\/project-euregiofactor\/","url":"https:\/\/euprevent.eu\/de\/3533-2\/project-euregiofactor\/","name":"Projekt Euregio-Factor - euPrevent","isPartOf":{"@id":"https:\/\/euprevent.eu\/de\/#website"},"datePublished":"2017-12-22T08:24:40+00:00","dateModified":"2022-02-10T16:28:54+00:00","breadcrumb":{"@id":"https:\/\/euprevent.eu\/de\/3533-2\/project-euregiofactor\/#breadcrumb"},"inLanguage":"de","potentialAction":[{"@type":"ReadAction","target":["https:\/\/euprevent.eu\/de\/3533-2\/project-euregiofactor\/"]}]},{"@type":"BreadcrumbList","@id":"https:\/\/euprevent.eu\/de\/3533-2\/project-euregiofactor\/#breadcrumb","itemListElement":[{"@type":"ListItem","position":1,"name":"Home","item":"https:\/\/euprevent.eu\/de\/"},{"@type":"ListItem","position":2,"name":"Data in the EMR","item":"https:\/\/euprevent.eu\/de\/3533-2\/"},{"@type":"ListItem","position":3,"name":"Projekt Euregio-Factor"}]},{"@type":"WebSite","@id":"https:\/\/euprevent.eu\/de\/#website","url":"https:\/\/euprevent.eu\/de\/","name":"euPrevent","description":"euPrevent is a Euroregional network that focuses on promoting health. Within this network, sustainable partnerships seek to increase the quality of life of residents in the border region between the Netherlands, Belgium and Germany.","potentialAction":[{"@type":"SearchAction","target":{"@type":"EntryPoint","urlTemplate":"https:\/\/euprevent.eu\/de\/?s={search_term_string}"},"query-input":{"@type":"PropertyValueSpecification","valueRequired":true,"valueName":"search_term_string"}}],"inLanguage":"de"}]}},"_links":{"self":[{"href":"https:\/\/euprevent.eu\/de\/wp-json\/wp\/v2\/pages\/3791","targetHints":{"allow":["GET"]}}],"collection":[{"href":"https:\/\/euprevent.eu\/de\/wp-json\/wp\/v2\/pages"}],"about":[{"href":"https:\/\/euprevent.eu\/de\/wp-json\/wp\/v2\/types\/page"}],"author":[{"embeddable":true,"href":"https:\/\/euprevent.eu\/de\/wp-json\/wp\/v2\/users\/1"}],"replies":[{"embeddable":true,"href":"https:\/\/euprevent.eu\/de\/wp-json\/wp\/v2\/comments?post=3791"}],"version-history":[{"count":12,"href":"https:\/\/euprevent.eu\/de\/wp-json\/wp\/v2\/pages\/3791\/revisions"}],"predecessor-version":[{"id":17776,"href":"https:\/\/euprevent.eu\/de\/wp-json\/wp\/v2\/pages\/3791\/revisions\/17776"}],"up":[{"embeddable":true,"href":"https:\/\/euprevent.eu\/de\/wp-json\/wp\/v2\/pages\/3538"}],"wp:attachment":[{"href":"https:\/\/euprevent.eu\/de\/wp-json\/wp\/v2\/media?parent=3791"}],"curies":[{"name":"wp","href":"https:\/\/api.w.org\/{rel}","templated":true}]}}