


{"id":3172,"date":"2017-12-14T06:46:33","date_gmt":"2017-12-14T06:46:33","guid":{"rendered":"https:\/\/euprevent.eu\/?page_id=3172"},"modified":"2017-12-14T08:31:39","modified_gmt":"2017-12-14T08:31:39","slug":"finanzierung-uebergewicht","status":"publish","type":"page","link":"https:\/\/euprevent.eu\/de\/finanzierung-uebergewicht\/","title":{"rendered":"Finanzierung \u00dcbergewicht"},"content":{"rendered":"<section class=\"wpb-content-wrapper\"><p>[vc_row][vc_column][vc_column_text]<\/p>\n<h1>Finanzierung \u00dcbergewicht<\/h1>\n<p>Das Projekt \u201e\u00dcbergewicht\u201c wurde erm\u00f6glicht mit der finanziellen Unterst\u00fctzung von:<\/p>\n<ul>\n<li>Interreg IV-A Euregio Maas-Rijn (Hauptgeldgeber)<\/li>\n<li>Land NRW (DE)<\/li>\n<li>Province de Li\u00e8ge (BE)<\/li>\n<li>Wallonie (BE)<\/li>\n<li>Provincie Limburg (BE)<\/li>\n<li>Eigen mittel der Partner<\/li>\n<\/ul>\n<p>[\/vc_column_text][\/vc_column][\/vc_row]<\/p>\n<\/section>","protected":false},"excerpt":{"rendered":"<p>[vc_row][vc_column][vc_column_text] Finanzierung \u00dcbergewicht Das Projekt \u201e\u00dcbergewicht\u201c wurde erm\u00f6glicht mit der finanziellen Unterst\u00fctzung von: Interreg IV-A Euregio Maas-Rijn (Hauptgeldgeber) Land NRW (DE) Province de Li\u00e8ge (BE) Wallonie (BE) Provincie Limburg (BE) Eigen mittel der Partner [\/vc_column_text][\/vc_column][\/vc_row]<\/p>\n","protected":false},"author":1,"featured_media":0,"parent":0,"menu_order":0,"comment_status":"closed","ping_status":"closed","template":"","meta":{"_acf_changed":false,"footnotes":""},"class_list":["post-3172","page","type-page","status-publish","hentry","programmes-overweight"],"acf":[],"yoast_head":"<!-- This site is optimized with the Yoast SEO plugin v27.5 - https:\/\/yoast.com\/product\/yoast-seo-wordpress\/ -->\n<title>Finanzierung \u00dcbergewicht - euPrevent<\/title>\n<meta name=\"robots\" content=\"index, follow, max-snippet:-1, max-image-preview:large, max-video-preview:-1\" \/>\n<link rel=\"canonical\" href=\"https:\/\/euprevent.eu\/de\/finanzierung-uebergewicht\/\" \/>\n<meta property=\"og:locale\" content=\"de_DE\" \/>\n<meta property=\"og:type\" content=\"article\" \/>\n<meta property=\"og:title\" content=\"Finanzierung \u00dcbergewicht - euPrevent\" \/>\n<meta property=\"og:description\" content=\"[vc_row][vc_column][vc_column_text] Finanzierung \u00dcbergewicht Das Projekt \u201e\u00dcbergewicht\u201c wurde erm\u00f6glicht mit der finanziellen Unterst\u00fctzung von: Interreg IV-A Euregio Maas-Rijn (Hauptgeldgeber) Land NRW (DE) Province de Li\u00e8ge (BE) Wallonie (BE) Provincie Limburg (BE) Eigen mittel der Partner [\/vc_column_text][\/vc_column][\/vc_row]\" \/>\n<meta property=\"og:url\" content=\"https:\/\/euprevent.eu\/de\/finanzierung-uebergewicht\/\" \/>\n<meta property=\"og:site_name\" content=\"euPrevent\" \/>\n<meta property=\"article:modified_time\" content=\"2017-12-14T08:31:39+00:00\" \/>\n<meta name=\"twitter:card\" content=\"summary_large_image\" \/>\n<script type=\"application\/ld+json\" class=\"yoast-schema-graph\">{\"@context\":\"https:\\\/\\\/schema.org\",\"@graph\":[{\"@type\":\"WebPage\",\"@id\":\"https:\\\/\\\/euprevent.eu\\\/de\\\/finanzierung-uebergewicht\\\/\",\"url\":\"https:\\\/\\\/euprevent.eu\\\/de\\\/finanzierung-uebergewicht\\\/\",\"name\":\"Finanzierung \u00dcbergewicht - euPrevent\",\"isPartOf\":{\"@id\":\"https:\\\/\\\/euprevent.eu\\\/de\\\/#website\"},\"datePublished\":\"2017-12-14T06:46:33+00:00\",\"dateModified\":\"2017-12-14T08:31:39+00:00\",\"breadcrumb\":{\"@id\":\"https:\\\/\\\/euprevent.eu\\\/de\\\/finanzierung-uebergewicht\\\/#breadcrumb\"},\"inLanguage\":\"de\",\"potentialAction\":[{\"@type\":\"ReadAction\",\"target\":[\"https:\\\/\\\/euprevent.eu\\\/de\\\/finanzierung-uebergewicht\\\/\"]}]},{\"@type\":\"BreadcrumbList\",\"@id\":\"https:\\\/\\\/euprevent.eu\\\/de\\\/finanzierung-uebergewicht\\\/#breadcrumb\",\"itemListElement\":[{\"@type\":\"ListItem\",\"position\":1,\"name\":\"Home\",\"item\":\"https:\\\/\\\/euprevent.eu\\\/de\\\/\"},{\"@type\":\"ListItem\",\"position\":2,\"name\":\"Finanzierung \u00dcbergewicht\"}]},{\"@type\":\"WebSite\",\"@id\":\"https:\\\/\\\/euprevent.eu\\\/de\\\/#website\",\"url\":\"https:\\\/\\\/euprevent.eu\\\/de\\\/\",\"name\":\"euPrevent\",\"description\":\"euPrevent is a Euroregional network that focuses on promoting health. Within this network, sustainable partnerships seek to increase the quality of life of residents in the border region between the Netherlands, Belgium and Germany.\",\"potentialAction\":[{\"@type\":\"SearchAction\",\"target\":{\"@type\":\"EntryPoint\",\"urlTemplate\":\"https:\\\/\\\/euprevent.eu\\\/de\\\/?s={search_term_string}\"},\"query-input\":{\"@type\":\"PropertyValueSpecification\",\"valueRequired\":true,\"valueName\":\"search_term_string\"}}],\"inLanguage\":\"de\"}]}<\/script>\n<!-- \/ Yoast SEO plugin. -->","yoast_head_json":{"title":"Finanzierung \u00dcbergewicht - euPrevent","robots":{"index":"index","follow":"follow","max-snippet":"max-snippet:-1","max-image-preview":"max-image-preview:large","max-video-preview":"max-video-preview:-1"},"canonical":"https:\/\/euprevent.eu\/de\/finanzierung-uebergewicht\/","og_locale":"de_DE","og_type":"article","og_title":"Finanzierung \u00dcbergewicht - euPrevent","og_description":"[vc_row][vc_column][vc_column_text] Finanzierung \u00dcbergewicht Das Projekt \u201e\u00dcbergewicht\u201c wurde erm\u00f6glicht mit der finanziellen Unterst\u00fctzung von: Interreg IV-A Euregio Maas-Rijn (Hauptgeldgeber) Land NRW (DE) Province de Li\u00e8ge (BE) Wallonie (BE) Provincie Limburg (BE) Eigen mittel der Partner [\/vc_column_text][\/vc_column][\/vc_row]","og_url":"https:\/\/euprevent.eu\/de\/finanzierung-uebergewicht\/","og_site_name":"euPrevent","article_modified_time":"2017-12-14T08:31:39+00:00","twitter_card":"summary_large_image","schema":{"@context":"https:\/\/schema.org","@graph":[{"@type":"WebPage","@id":"https:\/\/euprevent.eu\/de\/finanzierung-uebergewicht\/","url":"https:\/\/euprevent.eu\/de\/finanzierung-uebergewicht\/","name":"Finanzierung \u00dcbergewicht - euPrevent","isPartOf":{"@id":"https:\/\/euprevent.eu\/de\/#website"},"datePublished":"2017-12-14T06:46:33+00:00","dateModified":"2017-12-14T08:31:39+00:00","breadcrumb":{"@id":"https:\/\/euprevent.eu\/de\/finanzierung-uebergewicht\/#breadcrumb"},"inLanguage":"de","potentialAction":[{"@type":"ReadAction","target":["https:\/\/euprevent.eu\/de\/finanzierung-uebergewicht\/"]}]},{"@type":"BreadcrumbList","@id":"https:\/\/euprevent.eu\/de\/finanzierung-uebergewicht\/#breadcrumb","itemListElement":[{"@type":"ListItem","position":1,"name":"Home","item":"https:\/\/euprevent.eu\/de\/"},{"@type":"ListItem","position":2,"name":"Finanzierung \u00dcbergewicht"}]},{"@type":"WebSite","@id":"https:\/\/euprevent.eu\/de\/#website","url":"https:\/\/euprevent.eu\/de\/","name":"euPrevent","description":"euPrevent is a Euroregional network that focuses on promoting health. Within this network, sustainable partnerships seek to increase the quality of life of residents in the border region between the Netherlands, Belgium and Germany.","potentialAction":[{"@type":"SearchAction","target":{"@type":"EntryPoint","urlTemplate":"https:\/\/euprevent.eu\/de\/?s={search_term_string}"},"query-input":{"@type":"PropertyValueSpecification","valueRequired":true,"valueName":"search_term_string"}}],"inLanguage":"de"}]}},"_links":{"self":[{"href":"https:\/\/euprevent.eu\/de\/wp-json\/wp\/v2\/pages\/3172","targetHints":{"allow":["GET"]}}],"collection":[{"href":"https:\/\/euprevent.eu\/de\/wp-json\/wp\/v2\/pages"}],"about":[{"href":"https:\/\/euprevent.eu\/de\/wp-json\/wp\/v2\/types\/page"}],"author":[{"embeddable":true,"href":"https:\/\/euprevent.eu\/de\/wp-json\/wp\/v2\/users\/1"}],"replies":[{"embeddable":true,"href":"https:\/\/euprevent.eu\/de\/wp-json\/wp\/v2\/comments?post=3172"}],"version-history":[{"count":3,"href":"https:\/\/euprevent.eu\/de\/wp-json\/wp\/v2\/pages\/3172\/revisions"}],"predecessor-version":[{"id":3199,"href":"https:\/\/euprevent.eu\/de\/wp-json\/wp\/v2\/pages\/3172\/revisions\/3199"}],"wp:attachment":[{"href":"https:\/\/euprevent.eu\/de\/wp-json\/wp\/v2\/media?parent=3172"}],"curies":[{"name":"wp","href":"https:\/\/api.w.org\/{rel}","templated":true}]}}