


{"id":2467,"date":"2017-11-21T14:46:19","date_gmt":"2017-11-21T14:46:19","guid":{"rendered":"https:\/\/euprevent.eu\/tools\/"},"modified":"2023-05-31T08:19:21","modified_gmt":"2023-05-31T07:19:21","slug":"tools","status":"publish","type":"page","link":"https:\/\/euprevent.eu\/de\/produkten\/tools\/","title":{"rendered":"Tools"},"content":{"rendered":"<section class=\"wpb-content-wrapper\"><p>[vc_row][vc_column][vc_column_text]<\/p>\n<h1>euPrevent tools<\/h1>\n<p>[\/vc_column_text][\/vc_column][\/vc_row][vc_row gap=&#8220;20&#8243; equal_height=&#8220;yes&#8220; el_class=&#8220;text-center&#8220;][vc_column width=&#8220;1\/3&#8243; css=&#8220;.vc_custom_1511275840719{background-color: #eeeeee !important;}&#8220;][vc_column_text css=&#8220;.vc_custom_1676467794463{margin-bottom: 10px !important;padding-bottom: 10px !important;}&#8220;]<\/p>\n<h2>PROFILE Good Practices<\/h2>\n<p>[\/vc_column_text][vc_column_text el_class=&#8220;mh90&#8243;]Ein Instrument zum Austausch von Good Practices und zur Anregung.[\/vc_column_text][vc_btn title=&#8220;Good Practices Tool&#8220; color=&#8220;primary&#8220; link=&#8220;url:https%3A%2F%2Feuprevent.eu%2Fde%2Fgoodpractices%2F|target:_blank&#8220;][vc_empty_space height=&#8220;10px&#8220;][\/vc_column][vc_column width=&#8220;1\/3&#8243; css=&#8220;.vc_custom_1511275836546{background-color: #eeeeee !important;}&#8220;][vc_column_text css=&#8220;.vc_custom_1685517559754{margin-bottom: 10px !important;padding-bottom: 10px !important;}&#8220;]<\/p>\n<h2>PROFILE Training Module<\/h2>\n<p>[\/vc_column_text][vc_column_text el_class=&#8220;mh90&#8243;]PROFILE Training Module for professionals and non-professionals.[\/vc_column_text][vc_btn title=&#8220;Training Module Tool&#8220; color=&#8220;primary&#8220; link=&#8220;url:https%3A%2F%2Fprofiletm.winkapp.nl%2Ftm%2F|target:_blank&#8220;][vc_empty_space height=&#8220;10px&#8220;][\/vc_column][vc_column width=&#8220;1\/3&#8243; css=&#8220;.vc_custom_1511275826548{background-color: #eeeeee !important;}&#8220;][vc_column_text css=&#8220;.vc_custom_1683551043351{margin-bottom: 10px !important;padding-bottom: 10px !important;}&#8220;]<\/p>\n<h2>PROFILE Leitlinien zur Bek\u00e4mpfung der Einsamkeit<\/h2>\n<p>[\/vc_column_text][vc_column_text el_class=&#8220;mh90&#8243;]Ein Instrument mit Leitlinien zur Verringerung oder Vermeidung von Einsamkeit.[\/vc_column_text][vc_btn title=&#8220;Leitlinien zur Bek\u00e4mpfung der Einsamkeit&#8220; color=&#8220;primary&#8220; link=&#8220;url:https%3A%2F%2Feuprevent.eu%2Fde%2Fprofessionalguidelines%2F|target:_blank&#8220;][vc_empty_space height=&#8220;10px&#8220;][\/vc_column][\/vc_row][vc_row gap=&#8220;20&#8243; equal_height=&#8220;yes&#8220; el_class=&#8220;text-center&#8220;][vc_column width=&#8220;1\/3&#8243; css=&#8220;.vc_custom_1676467736572{background-color: #eeeeee !important;}&#8220;][vc_column_text css=&#8220;.vc_custom_1511275869399{margin-bottom: 10px !important;padding-bottom: 10px !important;}&#8220;]<\/p>\n<h2>HEPS Inventory Tool<\/h2>\n<p>[\/vc_column_text][vc_column_text el_class=&#8220;mh90&#8243;]Ein\u00a0Tool zur Bestandsaufnahme, einschlie\u00dflich einer Qualit\u00e4tsbewertung von\u00a0Ma\u00dfnahmen der Schule\u00a0bez\u00fcglich gesunder Ern\u00e4hrung und k\u00f6rperlicher Aktivit\u00e4t.[\/vc_column_text][vc_btn title=&#8220;HEPS Inventory Tool&#8220; color=&#8220;primary&#8220; link=&#8220;url:http%3A%2F%2Foud.euprevent.eu%2Fheps%2Finventory_questions%2Ftool_before%2Flang%3Aeng%2F||target:%20_blank|&#8220;][vc_empty_space height=&#8220;10px&#8220;][\/vc_column][vc_column width=&#8220;1\/3&#8243; css=&#8220;.vc_custom_1511275826548{background-color: #eeeeee !important;}&#8220;][vc_column_text css=&#8220;.vc_custom_1590578147645{margin-bottom: 10px !important;padding-bottom: 10px !important;}&#8220;]<\/p>\n<div class=\"wpb_text_column wpb_content_element vc_custom_1543309842608\">\n<div class=\"wpb_wrapper\">\n<h2>HEPCOM Learning Platform<\/h2>\n<\/div>\n<\/div>\n<p>[\/vc_column_text][vc_column_text el_class=&#8220;mh90&#8243;]Eine Online-Plattform f\u00fcr locale Beh\u00f6rden, lokcale Gemeinschaften und Berufspraktiker.[\/vc_column_text][vc_btn title=&#8220;HEPCOM Learning Platform&#8220; color=&#8220;primary&#8220; link=&#8220;url:http%3A%2F%2Fhepcom.org%2F||target:%20_blank|&#8220;][vc_empty_space height=&#8220;10px&#8220;][\/vc_column][vc_column width=&#8220;1\/3&#8243; css=&#8220;.vc_custom_1684145062803{background-color: #eeeeee !important;}&#8220;][vc_column_text css=&#8220;.vc_custom_1511276129539{margin-bottom: 10px !important;padding-bottom: 10px !important;}&#8220;]<\/p>\n<h2>Capacity Assessment Tool<\/h2>\n<p>[\/vc_column_text][vc_column_text el_class=&#8220;mh90&#8243;]Ein Tool zur Kapazit\u00e4tseinsch\u00e4tzung in Bezug auf Ihre Kapazit\u00e4t und Ihre euregionale Zusammenarbeit.[\/vc_column_text][vc_btn title=&#8220;Capacity Assessment Tool&#8220; color=&#8220;primary&#8220; link=&#8220;url:http%3A%2F%2Ftools.euprevent.eu%2Fca3%2FTool%2Fview%2F0%2Fde%2F||target:%20_blank|&#8220;][vc_empty_space height=&#8220;10px&#8220;][\/vc_column][\/vc_row][vc_row gap=&#8220;20&#8243; equal_height=&#8220;yes&#8220; el_class=&#8220;text-center&#8220;][vc_column width=&#8220;1\/3&#8243; css=&#8220;.vc_custom_1684145062803{background-color: #eeeeee !important;}&#8220;][vc_column_text css=&#8220;.vc_custom_1511275872981{margin-bottom: 10px !important;padding-bottom: 10px !important;}&#8220;]<\/p>\n<h2>HEPS Tool for Schools<\/h2>\n<p>[\/vc_column_text][vc_column_text el_class=&#8220;mh90&#8243;]Ein Leitfaden f\u00fcr die Entwicklung\u00a0einer\u00a0Strategie in der Schule bez\u00fcglich gesunder Ern\u00e4hrung und k\u00f6rperlicher Aktivit\u00e4t.[\/vc_column_text][vc_btn title=&#8220;HEPS Tool for Schools&#8220; color=&#8220;primary&#8220; link=&#8220;url:http%3A%2F%2Foud.euprevent.eu%2Fheps%2Fschools_questions%2Ftool_before%2Flang%3Aeng%2F||target:%20_blank|&#8220;][vc_empty_space height=&#8220;10px&#8220;][\/vc_column][\/vc_row]<\/p>\n<\/section>","protected":false},"excerpt":{"rendered":"<p>[vc_row][vc_column][vc_column_text] euPrevent tools [\/vc_column_text][\/vc_column][\/vc_row][vc_row gap=&#8220;20&#8243; equal_height=&#8220;yes&#8220; el_class=&#8220;text-center&#8220;][vc_column width=&#8220;1\/3&#8243; css=&#8220;.vc_custom_1511275840719{background-color: #eeeeee !important;}&#8220;][vc_column_text css=&#8220;.vc_custom_1676467794463{margin-bottom: 10px !important;padding-bottom: 10px !important;}&#8220;] PROFILE Good Practices [\/vc_column_text][vc_column_text el_class=&#8220;mh90&#8243;]Ein Instrument zum Austausch von Good Practices und zur Anregung.[\/vc_column_text][vc_btn title=&#8220;Good Practices Tool&#8220; color=&#8220;primary&#8220; link=&#8220;url:https%3A%2F%2Feuprevent.eu%2Fde%2Fgoodpractices%2F|target:_blank&#8220;][vc_empty_space height=&#8220;10px&#8220;][\/vc_column][vc_column width=&#8220;1\/3&#8243; css=&#8220;.vc_custom_1511275836546{background-color: #eeeeee !important;}&#8220;][vc_column_text css=&#8220;.vc_custom_1685517559754{margin-bottom: 10px !important;padding-bottom: 10px !important;}&#8220;] PROFILE Training Module [\/vc_column_text][vc_column_text el_class=&#8220;mh90&#8243;]PROFILE Training Module for professionals and [&hellip;]<\/p>\n","protected":false},"author":1,"featured_media":0,"parent":8974,"menu_order":0,"comment_status":"closed","ping_status":"closed","template":"page-with-products-menu.php","meta":{"_acf_changed":false,"footnotes":""},"class_list":["post-2467","page","type-page","status-publish","hentry"],"acf":[],"yoast_head":"<!-- This site is optimized with the Yoast SEO plugin v27.5 - https:\/\/yoast.com\/product\/yoast-seo-wordpress\/ -->\n<title>Tools - euPrevent<\/title>\n<meta name=\"robots\" content=\"index, follow, max-snippet:-1, max-image-preview:large, max-video-preview:-1\" \/>\n<link rel=\"canonical\" href=\"https:\/\/euprevent.eu\/de\/produkten\/tools\/\" \/>\n<meta property=\"og:locale\" content=\"de_DE\" \/>\n<meta property=\"og:type\" content=\"article\" \/>\n<meta property=\"og:title\" content=\"Tools - euPrevent\" \/>\n<meta property=\"og:description\" content=\"[vc_row][vc_column][vc_column_text] euPrevent tools [\/vc_column_text][\/vc_column][\/vc_row][vc_row gap=&#8220;20&#8243; equal_height=&#8220;yes&#8220; el_class=&#8220;text-center&#8220;][vc_column width=&#8220;1\/3&#8243; css=&#8220;.vc_custom_1511275840719{background-color: #eeeeee !important;}&#8220;][vc_column_text css=&#8220;.vc_custom_1676467794463{margin-bottom: 10px !important;padding-bottom: 10px !important;}&#8220;] PROFILE Good Practices [\/vc_column_text][vc_column_text el_class=&#8220;mh90&#8243;]Ein Instrument zum Austausch von Good Practices und zur Anregung.[\/vc_column_text][vc_btn title=&#8220;Good Practices Tool&#8220; color=&#8220;primary&#8220; link=&#8220;url:https%3A%2F%2Feuprevent.eu%2Fde%2Fgoodpractices%2F|target:_blank&#8220;][vc_empty_space height=&#8220;10px&#8220;][\/vc_column][vc_column width=&#8220;1\/3&#8243; css=&#8220;.vc_custom_1511275836546{background-color: #eeeeee !important;}&#8220;][vc_column_text css=&#8220;.vc_custom_1685517559754{margin-bottom: 10px !important;padding-bottom: 10px !important;}&#8220;] PROFILE Training Module [\/vc_column_text][vc_column_text el_class=&#8220;mh90&#8243;]PROFILE Training Module for professionals and [&hellip;]\" \/>\n<meta property=\"og:url\" content=\"https:\/\/euprevent.eu\/de\/produkten\/tools\/\" \/>\n<meta property=\"og:site_name\" content=\"euPrevent\" \/>\n<meta property=\"article:modified_time\" content=\"2023-05-31T07:19:21+00:00\" \/>\n<meta name=\"twitter:card\" content=\"summary_large_image\" \/>\n<meta name=\"twitter:label1\" content=\"Gesch\u00e4tzte Lesezeit\" \/>\n\t<meta name=\"twitter:data1\" content=\"2\u00a0Minuten\" \/>\n<script type=\"application\/ld+json\" class=\"yoast-schema-graph\">{\"@context\":\"https:\\\/\\\/schema.org\",\"@graph\":[{\"@type\":\"WebPage\",\"@id\":\"https:\\\/\\\/euprevent.eu\\\/de\\\/produkten\\\/tools\\\/\",\"url\":\"https:\\\/\\\/euprevent.eu\\\/de\\\/produkten\\\/tools\\\/\",\"name\":\"Tools - euPrevent\",\"isPartOf\":{\"@id\":\"https:\\\/\\\/euprevent.eu\\\/de\\\/#website\"},\"datePublished\":\"2017-11-21T14:46:19+00:00\",\"dateModified\":\"2023-05-31T07:19:21+00:00\",\"breadcrumb\":{\"@id\":\"https:\\\/\\\/euprevent.eu\\\/de\\\/produkten\\\/tools\\\/#breadcrumb\"},\"inLanguage\":\"de\",\"potentialAction\":[{\"@type\":\"ReadAction\",\"target\":[\"https:\\\/\\\/euprevent.eu\\\/de\\\/produkten\\\/tools\\\/\"]}]},{\"@type\":\"BreadcrumbList\",\"@id\":\"https:\\\/\\\/euprevent.eu\\\/de\\\/produkten\\\/tools\\\/#breadcrumb\",\"itemListElement\":[{\"@type\":\"ListItem\",\"position\":1,\"name\":\"Home\",\"item\":\"https:\\\/\\\/euprevent.eu\\\/de\\\/\"},{\"@type\":\"ListItem\",\"position\":2,\"name\":\"Produkte\",\"item\":\"https:\\\/\\\/euprevent.eu\\\/de\\\/produkten\\\/\"},{\"@type\":\"ListItem\",\"position\":3,\"name\":\"Tools\"}]},{\"@type\":\"WebSite\",\"@id\":\"https:\\\/\\\/euprevent.eu\\\/de\\\/#website\",\"url\":\"https:\\\/\\\/euprevent.eu\\\/de\\\/\",\"name\":\"euPrevent\",\"description\":\"euPrevent is a Euroregional network that focuses on promoting health. Within this network, sustainable partnerships seek to increase the quality of life of residents in the border region between the Netherlands, Belgium and Germany.\",\"potentialAction\":[{\"@type\":\"SearchAction\",\"target\":{\"@type\":\"EntryPoint\",\"urlTemplate\":\"https:\\\/\\\/euprevent.eu\\\/de\\\/?s={search_term_string}\"},\"query-input\":{\"@type\":\"PropertyValueSpecification\",\"valueRequired\":true,\"valueName\":\"search_term_string\"}}],\"inLanguage\":\"de\"}]}<\/script>\n<!-- \/ Yoast SEO plugin. -->","yoast_head_json":{"title":"Tools - euPrevent","robots":{"index":"index","follow":"follow","max-snippet":"max-snippet:-1","max-image-preview":"max-image-preview:large","max-video-preview":"max-video-preview:-1"},"canonical":"https:\/\/euprevent.eu\/de\/produkten\/tools\/","og_locale":"de_DE","og_type":"article","og_title":"Tools - euPrevent","og_description":"[vc_row][vc_column][vc_column_text] euPrevent tools [\/vc_column_text][\/vc_column][\/vc_row][vc_row gap=&#8220;20&#8243; equal_height=&#8220;yes&#8220; el_class=&#8220;text-center&#8220;][vc_column width=&#8220;1\/3&#8243; css=&#8220;.vc_custom_1511275840719{background-color: #eeeeee !important;}&#8220;][vc_column_text css=&#8220;.vc_custom_1676467794463{margin-bottom: 10px !important;padding-bottom: 10px !important;}&#8220;] PROFILE Good Practices [\/vc_column_text][vc_column_text el_class=&#8220;mh90&#8243;]Ein Instrument zum Austausch von Good Practices und zur Anregung.[\/vc_column_text][vc_btn title=&#8220;Good Practices Tool&#8220; color=&#8220;primary&#8220; link=&#8220;url:https%3A%2F%2Feuprevent.eu%2Fde%2Fgoodpractices%2F|target:_blank&#8220;][vc_empty_space height=&#8220;10px&#8220;][\/vc_column][vc_column width=&#8220;1\/3&#8243; css=&#8220;.vc_custom_1511275836546{background-color: #eeeeee !important;}&#8220;][vc_column_text css=&#8220;.vc_custom_1685517559754{margin-bottom: 10px !important;padding-bottom: 10px !important;}&#8220;] PROFILE Training Module [\/vc_column_text][vc_column_text el_class=&#8220;mh90&#8243;]PROFILE Training Module for professionals and [&hellip;]","og_url":"https:\/\/euprevent.eu\/de\/produkten\/tools\/","og_site_name":"euPrevent","article_modified_time":"2023-05-31T07:19:21+00:00","twitter_card":"summary_large_image","twitter_misc":{"Gesch\u00e4tzte Lesezeit":"2\u00a0Minuten"},"schema":{"@context":"https:\/\/schema.org","@graph":[{"@type":"WebPage","@id":"https:\/\/euprevent.eu\/de\/produkten\/tools\/","url":"https:\/\/euprevent.eu\/de\/produkten\/tools\/","name":"Tools - euPrevent","isPartOf":{"@id":"https:\/\/euprevent.eu\/de\/#website"},"datePublished":"2017-11-21T14:46:19+00:00","dateModified":"2023-05-31T07:19:21+00:00","breadcrumb":{"@id":"https:\/\/euprevent.eu\/de\/produkten\/tools\/#breadcrumb"},"inLanguage":"de","potentialAction":[{"@type":"ReadAction","target":["https:\/\/euprevent.eu\/de\/produkten\/tools\/"]}]},{"@type":"BreadcrumbList","@id":"https:\/\/euprevent.eu\/de\/produkten\/tools\/#breadcrumb","itemListElement":[{"@type":"ListItem","position":1,"name":"Home","item":"https:\/\/euprevent.eu\/de\/"},{"@type":"ListItem","position":2,"name":"Produkte","item":"https:\/\/euprevent.eu\/de\/produkten\/"},{"@type":"ListItem","position":3,"name":"Tools"}]},{"@type":"WebSite","@id":"https:\/\/euprevent.eu\/de\/#website","url":"https:\/\/euprevent.eu\/de\/","name":"euPrevent","description":"euPrevent is a Euroregional network that focuses on promoting health. Within this network, sustainable partnerships seek to increase the quality of life of residents in the border region between the Netherlands, Belgium and Germany.","potentialAction":[{"@type":"SearchAction","target":{"@type":"EntryPoint","urlTemplate":"https:\/\/euprevent.eu\/de\/?s={search_term_string}"},"query-input":{"@type":"PropertyValueSpecification","valueRequired":true,"valueName":"search_term_string"}}],"inLanguage":"de"}]}},"_links":{"self":[{"href":"https:\/\/euprevent.eu\/de\/wp-json\/wp\/v2\/pages\/2467","targetHints":{"allow":["GET"]}}],"collection":[{"href":"https:\/\/euprevent.eu\/de\/wp-json\/wp\/v2\/pages"}],"about":[{"href":"https:\/\/euprevent.eu\/de\/wp-json\/wp\/v2\/types\/page"}],"author":[{"embeddable":true,"href":"https:\/\/euprevent.eu\/de\/wp-json\/wp\/v2\/users\/1"}],"replies":[{"embeddable":true,"href":"https:\/\/euprevent.eu\/de\/wp-json\/wp\/v2\/comments?post=2467"}],"version-history":[{"count":14,"href":"https:\/\/euprevent.eu\/de\/wp-json\/wp\/v2\/pages\/2467\/revisions"}],"predecessor-version":[{"id":20369,"href":"https:\/\/euprevent.eu\/de\/wp-json\/wp\/v2\/pages\/2467\/revisions\/20369"}],"up":[{"embeddable":true,"href":"https:\/\/euprevent.eu\/de\/wp-json\/wp\/v2\/pages\/8974"}],"wp:attachment":[{"href":"https:\/\/euprevent.eu\/de\/wp-json\/wp\/v2\/media?parent=2467"}],"curies":[{"name":"wp","href":"https:\/\/api.w.org\/{rel}","templated":true}]}}