


{"id":24159,"date":"2025-06-03T18:16:51","date_gmt":"2025-06-03T17:16:51","guid":{"rendered":"https:\/\/euprevent.eu\/?page_id=24159"},"modified":"2025-07-18T12:39:30","modified_gmt":"2025-07-18T11:39:30","slug":"leitfaden-und-berichte-zum-acp-buergergipfel","status":"publish","type":"page","link":"https:\/\/euprevent.eu\/de\/leitfaden-und-berichte-zum-acp-buergergipfel\/","title":{"rendered":"Berichte zu den ACP-Beteiligungsaktivit\u00e4ten"},"content":{"rendered":"<section class=\"wpb-content-wrapper\"><p>[vc_row][vc_column][vc_column_text]<\/p>\n<h1>Wie nehmen EMR B\u00fcrger*Innen Klimaanpassungsma\u00dfnahmen wahr?<\/h1>\n<h3>B\u00fcrgergipfel, Pop-Up Events und Online-Umfrage zum Thema Klimawandel und Gesundheit in der Euroregion Maas-Rhein (EMR)<\/h3>\n<p>Wie beeinflusst der Klimawandel unsere Gesundheit \u2013 und was k\u00f6nnen wir gemeinsam dagegen tun?<br data-start=\"279\" data-end=\"282\" \/>Diese Fragen standen im Mittelpunkt der euPrevent ACP B\u00fcrgergipfel, kamen aber auch bei den erg\u00e4nzenden Pop-Up-Events und in der Online-Umfrage zur Sprache. Gemeinsam bieten diese Aktivit\u00e4ten einen wertvollen Einblick in die Sichtweisen der B\u00fcrgerinnen und B\u00fcrger der Euregio Maas-Rhein zu Klimaanpassung und Gesundheit. Dar\u00fcber hinaus beantworteten die Teilnehmenden der Pop-Up-Events und der Online-Umfrage auch Fragen zu anderen Aspekten des grenz\u00fcbergreifenden Lebensumfelds.<\/p>\n<p>Die Berichte zu diesen Aktivit\u00e4ten fassen die wichtigsten Diskussionen und Erkenntnisse zusammen. Sie sind eine wertvolle Informationsquelle f\u00fcr alle, die sich tiefer mit dem Thema besch\u00e4ftigen m\u00f6chten, und enthalten praktische Empfehlungen f\u00fcr politische Entscheidungstr\u00e4ger, Fachleute und engagierte B\u00fcrgerinnen und B\u00fcrger.<\/p>\n<p><strong>Download der Berichte<\/strong><\/p>\n<p>Neugierig auf die wichtigsten Erkenntnisse? Downloaden Sie die Berichte auf Englisch oder in der Sprache der jeweiligen Aktivit\u00e4t. Untenstehende \u00dcbersichtstabelle vergleicht dar\u00fcber hinaus die wichtigsten Ergebnisse der Aktivit\u00e4ten.[\/vc_column_text][\/vc_column][\/vc_row][vc_row content_placement=&#8220;top&#8220;][vc_column width=&#8220;1\/3&#8243;][vc_single_image image=&#8220;24195&#8243; img_size=&#8220;full&#8220;][\/vc_column][vc_column width=&#8220;2\/3&#8243;][vc_column_text]<\/p>\n<h2>Reports<\/h2>\n<ul>\n<li><a href=\"https:\/\/euprevent.eu\/wp-content\/uploads\/2025\/07\/Report-Citizen-Summit-Duren_English.pdf\">Report Citizen Summit D\u00fcren_English<\/a><\/li>\n<li><a href=\"https:\/\/euprevent.eu\/wp-content\/uploads\/2025\/07\/Report-Citizen-Summit-Duren_German.pdf\">Report Citizen Summit D\u00fcren_German<\/a><\/li>\n<li><a href=\"https:\/\/euprevent.eu\/wp-content\/uploads\/2025\/07\/Report-Citizen-Summit-Kerkrade-NL_PDF-3.pdf\">Report Citizen Summit Kerkrade_Dutch<\/a><\/li>\n<li><a href=\"https:\/\/euprevent.eu\/wp-content\/uploads\/2025\/07\/Report-Citizen-Summit-Kerkrade_final-ENG-4-2.pdf\">Report Citizen Summit Kerkrade_English<\/a><\/li>\n<li><a href=\"https:\/\/euprevent.eu\/wp-content\/uploads\/2025\/07\/Report-euregional-Citizen-Summit_adjusted-1-2.pdf\">Report euregional Citizen Summit_English<\/a><\/li>\n<li><a href=\"https:\/\/euprevent.eu\/wp-content\/uploads\/2025\/07\/Report-Online-PST_English.pdf\">Report Online PST_English<\/a><a href=\"https:\/\/euprevent.eu\/wp-content\/uploads\/2025\/07\/Report-Pop-Up-Events-in-Vaals-Landgraaf_English.pdf\">Report Pop-Up Events in Vaals &amp; Landgraaf_English<\/a><\/li>\n<\/ul>\n<p>[\/vc_column_text][\/vc_column][\/vc_row][vc_row][vc_column][vc_column_text]<\/p>\n<h2><strong>Zusammenfassung und wichtige Erkenntnisse<\/strong><\/h2>\n<table class=\"table\">\n<tbody>\n<tr>\n<td><strong>Thema<\/strong><\/td>\n<td><strong>B\u00fcrgergipfel D\u00fcren<\/strong><\/td>\n<td><strong>Euregionaler B\u00fcrgergipfel<\/strong><\/td>\n<td><strong>B\u00fcrgergipfel Kerkrade<\/strong><\/td>\n<\/tr>\n<tr>\n<td><strong>Trinkwasser<\/strong><\/td>\n<td>Unzureichend; bessere Kommunikation erforderlich<\/td>\n<td>\u00c4hnliche Bedenken; Niederlande etwas besser<\/td>\n<td>\u00c4hnliche Bedenken; niederl\u00e4ndische Bestimmungen etwas besser<\/td>\n<\/tr>\n<tr>\n<td><strong>Abk\u00fchlung drau\u00dfen<\/strong><\/td>\n<td>Mehr Begr\u00fcnung und Schatten n\u00f6tig<\/td>\n<td>Starke Nachfrage nach Gr\u00fcnfl\u00e4chen<\/td>\n<td>Vorrangiges Thema; st\u00e4dtische Begr\u00fcnung erforderlich<\/td>\n<\/tr>\n<tr>\n<td><strong>K\u00fchle R\u00e4ume<\/strong><\/td>\n<td>Nicht genug; Gesch\u00e4fte werden zur K\u00fchlung genutzt<\/td>\n<td>Ungleiche Verteilung<\/td>\n<td>K\u00fchle \u00f6ffentliche R\u00e4ume sollten besser zug\u00e4nglich sein<\/td>\n<\/tr>\n<tr>\n<td><strong>Schutz vor extremem Wetter<\/strong><\/td>\n<td>M\u00e4\u00dfiges Vertrauen; weitere Informationen erforderlich<\/td>\n<td>Niederlande sehen sich besser vorbereitet<\/td>\n<td>Hochwasserschutz ist ein wichtiges Anliegen<\/td>\n<\/tr>\n<tr>\n<td><strong>Die wichtigsten Ma\u00dfnahmen zur Bew\u00e4ltigung von Klimawandelfolgen <\/strong><\/td>\n<td>Mehr Pflanzen und B\u00e4ume in den St\u00e4dten<\/p>\n<p>Karten mit Assistenzdiensten und kostenlosen Warn- und Notfall-Apps<\/td>\n<td>Mehr Pflanzen und B\u00e4ume in den St\u00e4dten<\/p>\n<p>Frei zug\u00e4ngliches Trinkwasser<\/td>\n<td>Mehr Pflanzen und B\u00e4ume in den St\u00e4dten<\/p>\n<p>Karten mit Assistenzdiensten und mit kostenlosen Warn- und Notfall-Apps<\/td>\n<\/tr>\n<tr>\n<td><strong>Grenz\u00fcbergreifende Warnsysteme<\/strong><\/td>\n<td>Nachdr\u00fccklich unterst\u00fctzt<\/td>\n<td>Mit \u00fcberw\u00e4ltigender Mehrheit unterst\u00fctzt<\/td>\n<td>Nachdr\u00fccklich unterst\u00fctzt<\/td>\n<\/tr>\n<tr>\n<td><strong>Grenz\u00fcbergreifende Informationssysteme bei Extremwetterereignissen<\/strong><\/td>\n<td>Mit \u00fcberw\u00e4ltigender Mehrheit unterst\u00fctzt<\/td>\n<td>Nachdr\u00fccklich unterst\u00fctzt<\/td>\n<td>Mit \u00fcberw\u00e4ltigender Mehrheit unterst\u00fctzt<\/td>\n<\/tr>\n<tr>\n<td><strong>Grenz\u00fcbergreifende Informationssysteme f\u00fcr allgemeine Klimainformationen<\/strong><\/td>\n<td>Mit \u00fcberw\u00e4ltigender Mehrheit unterst\u00fctzt<\/td>\n<td>Mit \u00fcberw\u00e4ltigender Mehrheit unterst\u00fctzt<\/td>\n<td>Mit \u00fcberw\u00e4ltigender Mehrheit unterst\u00fctzt<\/td>\n<\/tr>\n<tr>\n<td><strong>Zus\u00e4tzliches Feedback<\/strong><\/td>\n<td>Mehr \u00f6ffentliche Toiletten, bessere Bildung zu Klimathemen<\/td>\n<td>\u00d6ffentliches Engagement und Beteiligung sind wichtig<\/td>\n<td>Grenz\u00fcbergreifende Notfallplanung w\u00fcnschenswert<\/td>\n<\/tr>\n<\/tbody>\n<\/table>\n<p>[\/vc_column_text][\/vc_column][\/vc_row]<\/p>\n<\/section>","protected":false},"excerpt":{"rendered":"<p>[vc_row][vc_column][vc_column_text] Wie nehmen EMR B\u00fcrger*Innen Klimaanpassungsma\u00dfnahmen wahr? B\u00fcrgergipfel, Pop-Up Events und Online-Umfrage zum Thema Klimawandel und Gesundheit in der Euroregion Maas-Rhein (EMR) Wie beeinflusst der Klimawandel unsere Gesundheit \u2013 und was k\u00f6nnen wir gemeinsam dagegen tun?Diese Fragen standen im Mittelpunkt der euPrevent ACP B\u00fcrgergipfel, kamen aber auch bei den erg\u00e4nzenden Pop-Up-Events und in der Online-Umfrage [&hellip;]<\/p>\n","protected":false},"author":3,"featured_media":0,"parent":0,"menu_order":0,"comment_status":"closed","ping_status":"closed","template":"","meta":{"_acf_changed":false,"footnotes":""},"class_list":["post-24159","page","type-page","status-publish","hentry","programmes-crossing-programmes"],"acf":[],"yoast_head":"<!-- This site is optimized with the Yoast SEO plugin v26.8 - https:\/\/yoast.com\/product\/yoast-seo-wordpress\/ -->\n<title>Berichte zu den ACP-Beteiligungsaktivit\u00e4ten - euPrevent<\/title>\n<meta name=\"robots\" content=\"index, follow, max-snippet:-1, max-image-preview:large, max-video-preview:-1\" \/>\n<link rel=\"canonical\" href=\"https:\/\/euprevent.eu\/de\/leitfaden-und-berichte-zum-acp-buergergipfel\/\" \/>\n<meta property=\"og:locale\" content=\"de_DE\" \/>\n<meta property=\"og:type\" content=\"article\" \/>\n<meta property=\"og:title\" content=\"Berichte zu den ACP-Beteiligungsaktivit\u00e4ten - euPrevent\" \/>\n<meta property=\"og:description\" content=\"[vc_row][vc_column][vc_column_text] Wie nehmen EMR B\u00fcrger*Innen Klimaanpassungsma\u00dfnahmen wahr? B\u00fcrgergipfel, Pop-Up Events und Online-Umfrage zum Thema Klimawandel und Gesundheit in der Euroregion Maas-Rhein (EMR) Wie beeinflusst der Klimawandel unsere Gesundheit \u2013 und was k\u00f6nnen wir gemeinsam dagegen tun?Diese Fragen standen im Mittelpunkt der euPrevent ACP B\u00fcrgergipfel, kamen aber auch bei den erg\u00e4nzenden Pop-Up-Events und in der Online-Umfrage [&hellip;]\" \/>\n<meta property=\"og:url\" content=\"https:\/\/euprevent.eu\/de\/leitfaden-und-berichte-zum-acp-buergergipfel\/\" \/>\n<meta property=\"og:site_name\" content=\"euPrevent\" \/>\n<meta property=\"article:modified_time\" content=\"2025-07-18T11:39:30+00:00\" \/>\n<meta name=\"twitter:card\" content=\"summary_large_image\" \/>\n<meta name=\"twitter:label1\" content=\"Gesch\u00e4tzte Lesezeit\" \/>\n\t<meta name=\"twitter:data1\" content=\"2\u00a0Minuten\" \/>\n<script type=\"application\/ld+json\" class=\"yoast-schema-graph\">{\"@context\":\"https:\/\/schema.org\",\"@graph\":[{\"@type\":\"WebPage\",\"@id\":\"https:\/\/euprevent.eu\/de\/leitfaden-und-berichte-zum-acp-buergergipfel\/\",\"url\":\"https:\/\/euprevent.eu\/de\/leitfaden-und-berichte-zum-acp-buergergipfel\/\",\"name\":\"Berichte zu den ACP-Beteiligungsaktivit\u00e4ten - euPrevent\",\"isPartOf\":{\"@id\":\"https:\/\/euprevent.eu\/de\/#website\"},\"datePublished\":\"2025-06-03T17:16:51+00:00\",\"dateModified\":\"2025-07-18T11:39:30+00:00\",\"breadcrumb\":{\"@id\":\"https:\/\/euprevent.eu\/de\/leitfaden-und-berichte-zum-acp-buergergipfel\/#breadcrumb\"},\"inLanguage\":\"de\",\"potentialAction\":[{\"@type\":\"ReadAction\",\"target\":[\"https:\/\/euprevent.eu\/de\/leitfaden-und-berichte-zum-acp-buergergipfel\/\"]}]},{\"@type\":\"BreadcrumbList\",\"@id\":\"https:\/\/euprevent.eu\/de\/leitfaden-und-berichte-zum-acp-buergergipfel\/#breadcrumb\",\"itemListElement\":[{\"@type\":\"ListItem\",\"position\":1,\"name\":\"Home\",\"item\":\"https:\/\/euprevent.eu\/de\/\"},{\"@type\":\"ListItem\",\"position\":2,\"name\":\"Berichte zu den ACP-Beteiligungsaktivit\u00e4ten\"}]},{\"@type\":\"WebSite\",\"@id\":\"https:\/\/euprevent.eu\/de\/#website\",\"url\":\"https:\/\/euprevent.eu\/de\/\",\"name\":\"euPrevent\",\"description\":\"euPrevent is a Euroregional network that focuses on promoting health. Within this network, sustainable partnerships seek to increase the quality of life of residents in the border region between the Netherlands, Belgium and Germany.\",\"potentialAction\":[{\"@type\":\"SearchAction\",\"target\":{\"@type\":\"EntryPoint\",\"urlTemplate\":\"https:\/\/euprevent.eu\/de\/?s={search_term_string}\"},\"query-input\":{\"@type\":\"PropertyValueSpecification\",\"valueRequired\":true,\"valueName\":\"search_term_string\"}}],\"inLanguage\":\"de\"}]}<\/script>\n<!-- \/ Yoast SEO plugin. -->","yoast_head_json":{"title":"Berichte zu den ACP-Beteiligungsaktivit\u00e4ten - euPrevent","robots":{"index":"index","follow":"follow","max-snippet":"max-snippet:-1","max-image-preview":"max-image-preview:large","max-video-preview":"max-video-preview:-1"},"canonical":"https:\/\/euprevent.eu\/de\/leitfaden-und-berichte-zum-acp-buergergipfel\/","og_locale":"de_DE","og_type":"article","og_title":"Berichte zu den ACP-Beteiligungsaktivit\u00e4ten - euPrevent","og_description":"[vc_row][vc_column][vc_column_text] Wie nehmen EMR B\u00fcrger*Innen Klimaanpassungsma\u00dfnahmen wahr? B\u00fcrgergipfel, Pop-Up Events und Online-Umfrage zum Thema Klimawandel und Gesundheit in der Euroregion Maas-Rhein (EMR) Wie beeinflusst der Klimawandel unsere Gesundheit \u2013 und was k\u00f6nnen wir gemeinsam dagegen tun?Diese Fragen standen im Mittelpunkt der euPrevent ACP B\u00fcrgergipfel, kamen aber auch bei den erg\u00e4nzenden Pop-Up-Events und in der Online-Umfrage [&hellip;]","og_url":"https:\/\/euprevent.eu\/de\/leitfaden-und-berichte-zum-acp-buergergipfel\/","og_site_name":"euPrevent","article_modified_time":"2025-07-18T11:39:30+00:00","twitter_card":"summary_large_image","twitter_misc":{"Gesch\u00e4tzte Lesezeit":"2\u00a0Minuten"},"schema":{"@context":"https:\/\/schema.org","@graph":[{"@type":"WebPage","@id":"https:\/\/euprevent.eu\/de\/leitfaden-und-berichte-zum-acp-buergergipfel\/","url":"https:\/\/euprevent.eu\/de\/leitfaden-und-berichte-zum-acp-buergergipfel\/","name":"Berichte zu den ACP-Beteiligungsaktivit\u00e4ten - euPrevent","isPartOf":{"@id":"https:\/\/euprevent.eu\/de\/#website"},"datePublished":"2025-06-03T17:16:51+00:00","dateModified":"2025-07-18T11:39:30+00:00","breadcrumb":{"@id":"https:\/\/euprevent.eu\/de\/leitfaden-und-berichte-zum-acp-buergergipfel\/#breadcrumb"},"inLanguage":"de","potentialAction":[{"@type":"ReadAction","target":["https:\/\/euprevent.eu\/de\/leitfaden-und-berichte-zum-acp-buergergipfel\/"]}]},{"@type":"BreadcrumbList","@id":"https:\/\/euprevent.eu\/de\/leitfaden-und-berichte-zum-acp-buergergipfel\/#breadcrumb","itemListElement":[{"@type":"ListItem","position":1,"name":"Home","item":"https:\/\/euprevent.eu\/de\/"},{"@type":"ListItem","position":2,"name":"Berichte zu den ACP-Beteiligungsaktivit\u00e4ten"}]},{"@type":"WebSite","@id":"https:\/\/euprevent.eu\/de\/#website","url":"https:\/\/euprevent.eu\/de\/","name":"euPrevent","description":"euPrevent is a Euroregional network that focuses on promoting health. Within this network, sustainable partnerships seek to increase the quality of life of residents in the border region between the Netherlands, Belgium and Germany.","potentialAction":[{"@type":"SearchAction","target":{"@type":"EntryPoint","urlTemplate":"https:\/\/euprevent.eu\/de\/?s={search_term_string}"},"query-input":{"@type":"PropertyValueSpecification","valueRequired":true,"valueName":"search_term_string"}}],"inLanguage":"de"}]}},"_links":{"self":[{"href":"https:\/\/euprevent.eu\/de\/wp-json\/wp\/v2\/pages\/24159","targetHints":{"allow":["GET"]}}],"collection":[{"href":"https:\/\/euprevent.eu\/de\/wp-json\/wp\/v2\/pages"}],"about":[{"href":"https:\/\/euprevent.eu\/de\/wp-json\/wp\/v2\/types\/page"}],"author":[{"embeddable":true,"href":"https:\/\/euprevent.eu\/de\/wp-json\/wp\/v2\/users\/3"}],"replies":[{"embeddable":true,"href":"https:\/\/euprevent.eu\/de\/wp-json\/wp\/v2\/comments?post=24159"}],"version-history":[{"count":8,"href":"https:\/\/euprevent.eu\/de\/wp-json\/wp\/v2\/pages\/24159\/revisions"}],"predecessor-version":[{"id":24251,"href":"https:\/\/euprevent.eu\/de\/wp-json\/wp\/v2\/pages\/24159\/revisions\/24251"}],"wp:attachment":[{"href":"https:\/\/euprevent.eu\/de\/wp-json\/wp\/v2\/media?parent=24159"}],"curies":[{"name":"wp","href":"https:\/\/api.w.org\/{rel}","templated":true}]}}