


{"id":22884,"date":"2024-05-17T12:35:24","date_gmt":"2024-05-17T11:35:24","guid":{"rendered":"https:\/\/euprevent.eu\/projekt-euprevent-acp\/acp-main-concept\/"},"modified":"2025-07-24T22:03:41","modified_gmt":"2025-07-24T21:03:41","slug":"acp-main-concept","status":"publish","type":"page","link":"https:\/\/euprevent.eu\/de\/projekt-euprevent-acp\/acp-main-concept\/","title":{"rendered":"ACP Downloads"},"content":{"rendered":"<section class=\"wpb-content-wrapper\"><p>[vc_row][vc_column][vc_column_text]<\/p>\n<h1 data-start=\"70\" data-end=\"132\"><strong data-start=\"70\" data-end=\"132\">Mach mit! Materialien zur B\u00fcrgerbeteiligung in der Euregio Maas-Rhein<\/strong><\/h1>\n<p data-start=\"134\" data-end=\"679\" data-is-last-node=\"\" data-is-only-node=\"\">Das Projekt Active Citizenship Participation hat das Ziel, B\u00fcrgerbeteiligung in der Euregio Maas-Rhein dauerhaft zu verankern.<br data-start=\"264\" data-end=\"267\" \/>Daher m\u00f6chten wir die im Projekt entwickelten Materialien langfristig zur Verf\u00fcgung stellen.<br data-start=\"359\" data-end=\"362\" data-is-only-node=\"\" \/>Sie richten sich an alle, die sich f\u00fcr das Thema B\u00fcrgerbeteiligung interessieren, ob als B\u00fcrger:in oder Entscheidungstr\u00e4ger:in.\u00a0<br data-start=\"501\" data-end=\"504\" \/>Auf dieser Seite finden Sie alle Dokumente und Werkzeuge zum Download.<br data-start=\"574\" data-end=\"577\" \/>Nutzen, teilen und verwenden Sie sie gerne f\u00fcr neue Initiativen innerhalb und au\u00dferhalb der Euregio.<\/p>\n<p>[\/vc_column_text][\/vc_column][\/vc_row][vc_row][vc_column][vc_column_text]<\/p>\n<h2>ACP Main Concept<\/h2>\n<p>Ziel von euPrevent ACP (active citizenship participation) ist es, einen strukturellen Rahmen f\u00fcr die Einbettung der B\u00fcrgerInnenbeteiligung in den grenz\u00fcbergreifenden Entscheidungsprozess in der Euregio Maas-Rhein (EMR) zu schaffen. Ausgehend vom Thema \u201eKlimawandel und Gesundheit\u201c sollen langfristig auch andere gesundheitsrelevante Themen mit grenz\u00fcbergreifender Tragweite in den Beteiligungsrahmen integriert werden.[\/vc_column_text][\/vc_column][\/vc_row][vc_row content_placement=&#8220;middle&#8220;][vc_column width=&#8220;1\/3&#8243;][vc_single_image image=&#8220;22875&#8243; img_size=&#8220;full&#8220;][\/vc_column][vc_column width=&#8220;2\/3&#8243;][vc_column_text]<\/p>\n<h2>Herunterladen<\/h2>\n<ul>\n<li><a href=\"https:\/\/euprevent.eu\/wp-content\/uploads\/2024\/05\/ACP-Main-Concept-EN.pdf\" target=\"_blank\" rel=\"noopener\">ACP Main Concept &#8211; English<\/a><\/li>\n<li><a href=\"https:\/\/euprevent.eu\/wp-content\/uploads\/2024\/05\/ACP-Main-Concept-FR.pdf\" target=\"_blank\" rel=\"noopener\">ACP Main Concept &#8211; French<\/a><\/li>\n<li><a href=\"https:\/\/euprevent.eu\/wp-content\/uploads\/2024\/05\/ACP-Main-Concept-DE.pdf\" target=\"_blank\" rel=\"noopener\">ACP Main Concept &#8211; German<\/a><\/li>\n<li><a href=\"https:\/\/euprevent.eu\/wp-content\/uploads\/2024\/05\/ACP-Main-Concept-NL.pdf\" target=\"_blank\" rel=\"noopener\">ACP Main Concept &#8211; Dutch<\/a><\/li>\n<\/ul>\n<p>[\/vc_column_text][\/vc_column][\/vc_row][vc_row][vc_column][vc_column_text]<\/p>\n<h2 data-start=\"70\" data-end=\"120\">Booklet Place Standard Tool Euregio Maas-Rhein<\/h2>\n<p data-start=\"122\" data-end=\"720\">Das PST-EMR ist ein leicht zug\u00e4ngliches Instrument f\u00fcr alle, die zu einer gesunden und lebenswerten Euregio Maas-Rhein beitragen m\u00f6chten.<br data-start=\"259\" data-end=\"262\" \/>Es zeigt auf, wo St\u00e4rken liegen und wo Verbesserungsbedarf besteht \u2013 auch \u00fcber Grenzen hinweg.<br data-start=\"356\" data-end=\"359\" \/>Zentrale Themen sind Klima, Mobilit\u00e4t, \u00f6ffentlicher Raum und Zusammenleben.<br data-start=\"434\" data-end=\"437\" \/>Das Booklet ist hier als Printversion verf\u00fcgbar \u2013 praktisch f\u00fcr den Einsatz vor Ort oder in Gespr\u00e4chen.<br data-start=\"540\" data-end=\"543\" \/><strong data-start=\"543\" data-end=\"555\">Hinweis:<\/strong> Aus technischen Gr\u00fcnden ist die Download-Qualit\u00e4t etwas reduziert. Wenn Sie das Dokument in Druckqualit\u00e4t erhalten m\u00f6chten, kontaktieren Sie uns gerne per E-Mail.<\/p>\n<p data-start=\"722\" data-end=\"818\" data-is-last-node=\"\" data-is-only-node=\"\">Lieber digital? Die Online-Version des Fragebogens finden Sie \u00fcber diesen <a href=\"https:\/\/survey.lamapoll.de\/Place-Standard-Tool_for_ACP-project_EGTS\/nl\">Link.<\/a><\/p>\n<p>[\/vc_column_text][\/vc_column][\/vc_row][vc_row content_placement=&#8220;middle&#8220;][vc_column width=&#8220;1\/3&#8243;][vc_single_image image=&#8220;24275&#8243; img_size=&#8220;full&#8220;][\/vc_column][vc_column width=&#8220;2\/3&#8243;][vc_column_text]<\/p>\n<h2>Herunterladen<\/h2>\n<ul>\n<li><a href=\"https:\/\/euprevent.eu\/wp-content\/uploads\/2025\/07\/GGDZL-2420_BookletACPproject_A5_ENGELS_CMYK_V04-2_compressed.pdf\" target=\"_blank\" rel=\"noopener\">Booklet PST EMR_English<\/a><\/li>\n<li><a href=\"https:\/\/euprevent.eu\/wp-content\/uploads\/2025\/07\/GGDZL-2420_BookletACPproject_A5_FRANS_CMYK_V05-1_compressed.pdf\" target=\"_blank\" rel=\"noopener\">Booklet PST EMR_French<\/a><\/li>\n<li><a href=\"https:\/\/euprevent.eu\/wp-content\/uploads\/2025\/07\/GGDZL-2420_BookletACPproject_A5_DUITS_CMYK_V05-3_compressed.pdf\" target=\"_blank\" rel=\"noopener\">Booklet PST EMR_German<\/a><\/li>\n<li><a href=\"https:\/\/euprevent.eu\/wp-content\/uploads\/2025\/07\/GGDZL-2420_BookletACPproject_A5_NEDERLANDS_CMYK_V04-1_compressed-1.pdf\" target=\"_blank\" rel=\"noopener\">Booklet PST EMR_Dutch<\/a><\/li>\n<\/ul>\n<p>[\/vc_column_text][\/vc_column][\/vc_row][vc_row][vc_column][vc_column_text]<\/p>\n<h2 data-start=\"70\" data-end=\"137\">Wissenschaftlich fundiert: Wie wirkt das PST-EMR in der Praxis?<\/h2>\n<p data-start=\"139\" data-end=\"688\" data-is-last-node=\"\" data-is-only-node=\"\">F\u00fcr alle, die mehr \u00fcber die wissenschaftliche Grundlage des PST-EMR erfahren m\u00f6chten:<br data-start=\"224\" data-end=\"227\" \/>Im Rahmen des Masterstudiengangs <em data-start=\"260\" data-end=\"306\">Healthcare Policy, Innovation and Management<\/em> forschte Andreea Sima zum Einsatz des PST in der Euregio Maas-Rhein.<br data-start=\"376\" data-end=\"379\" data-is-only-node=\"\" \/>Ihre Studie zeigt, wie das Instrument grenz\u00fcbergreifende Beteiligung zu Klima- und Gesundheitsthemen f\u00f6rdern kann.<br data-start=\"495\" data-end=\"498\" \/>Chancen und H\u00fcrden der B\u00fcrgerbeteiligung wurden dabei anhand der <em data-start=\"563\" data-end=\"584\">Public Value Theory<\/em> untersucht.<br data-start=\"596\" data-end=\"599\" \/>Zusammenfassung und vollst\u00e4ndige Arbeit stehen hier zum Download bereit.<\/p>\n<p>[\/vc_column_text][\/vc_column][\/vc_row][vc_row content_placement=&#8220;middle&#8220;][vc_column width=&#8220;1\/3&#8243;][vc_single_image image=&#8220;24264&#8243; img_size=&#8220;full&#8220;][\/vc_column][vc_column width=&#8220;2\/3&#8243;][vc_column_text]<\/p>\n<h2>Herunterladen<\/h2>\n<ul>\n<li><a href=\"https:\/\/euprevent.eu\/wp-content\/uploads\/2025\/07\/Master-Thesis_PST-EMR-in-Practice.pdf\">Master Thesis_PST EMR in Practice<\/a><\/li>\n<\/ul>\n<p>[\/vc_column_text][\/vc_column][\/vc_row][vc_row][vc_column][vc_column_text]<\/p>\n<h2 data-start=\"74\" data-end=\"168\">Gemeinsam \u00fcber Grenzen hinweg: Was wir \u00fcber B\u00fcrgerbeteiligung in der Euregio gelernt haben<\/h2>\n<p data-start=\"170\" data-end=\"695\" data-is-last-node=\"\" data-is-only-node=\"\">Im Fokus unserer Abschlusskonferenz standen grenz\u00fcbergreifende Formen der B\u00fcrgerbeteiligung in der Euregio Maas-Rhein.<br data-start=\"290\" data-end=\"293\" \/>Es wurden Praxiserfahrungen, Erkenntnisse und Empfehlungen aus verschiedenen Projekten und Initiativen geteilt.<br data-start=\"404\" data-end=\"407\" \/>Das PST-EMR war eines der Instrumente, das dabei beispielhaft vorgestellt wurde.<br data-start=\"487\" data-end=\"490\" \/>Die Konferenz brachte B\u00fcrger:innen, Fachleute und Entscheidungstr\u00e4ger:innen aus drei L\u00e4ndern miteinander ins Gespr\u00e4ch.<br data-start=\"608\" data-end=\"611\" \/>Die Pr\u00e4sentation mit den wichtigsten Erkenntnissen finden Sie hier.<\/p>\n<p>[\/vc_column_text][\/vc_column][\/vc_row][vc_row content_placement=&#8220;middle&#8220;][vc_column width=&#8220;1\/3&#8243;][vc_single_image image=&#8220;24260&#8243; img_size=&#8220;full&#8220;][\/vc_column][vc_column width=&#8220;2\/3&#8243;][vc_column_text]<\/p>\n<h2>Herunterladen<\/h2>\n<ul>\n<li><a href=\"https:\/\/euprevent.eu\/wp-content\/uploads\/2025\/07\/ACP_Report-Conference-Eupen-1.pdf\" target=\"_blank\" rel=\"noopener\">ACP_Report Conference Eupen<\/a><\/li>\n<\/ul>\n<p>[\/vc_column_text][\/vc_column][\/vc_row]<\/p>\n<\/section>","protected":false},"excerpt":{"rendered":"<p>[vc_row][vc_column][vc_column_text] Mach mit! Materialien zur B\u00fcrgerbeteiligung in der Euregio Maas-Rhein Das Projekt Active Citizenship Participation hat das Ziel, B\u00fcrgerbeteiligung in der Euregio Maas-Rhein dauerhaft zu verankern.Daher m\u00f6chten wir die im Projekt entwickelten Materialien langfristig zur Verf\u00fcgung stellen.Sie richten sich an alle, die sich f\u00fcr das Thema B\u00fcrgerbeteiligung interessieren, ob als B\u00fcrger:in oder Entscheidungstr\u00e4ger:in.\u00a0Auf dieser Seite [&hellip;]<\/p>\n","protected":false},"author":1,"featured_media":0,"parent":18522,"menu_order":0,"comment_status":"closed","ping_status":"closed","template":"","meta":{"_acf_changed":false,"footnotes":""},"class_list":["post-22884","page","type-page","status-publish","hentry","programmes-crossing-programmes"],"acf":[],"yoast_head":"<!-- This site is optimized with the Yoast SEO plugin v26.8 - https:\/\/yoast.com\/product\/yoast-seo-wordpress\/ -->\n<title>ACP Downloads - euPrevent<\/title>\n<meta name=\"robots\" content=\"index, follow, max-snippet:-1, max-image-preview:large, max-video-preview:-1\" \/>\n<link rel=\"canonical\" href=\"https:\/\/euprevent.eu\/de\/projekt-euprevent-acp\/acp-main-concept\/\" \/>\n<meta property=\"og:locale\" content=\"de_DE\" \/>\n<meta property=\"og:type\" content=\"article\" \/>\n<meta property=\"og:title\" content=\"ACP Downloads - euPrevent\" \/>\n<meta property=\"og:description\" content=\"[vc_row][vc_column][vc_column_text] Mach mit! Materialien zur B\u00fcrgerbeteiligung in der Euregio Maas-Rhein Das Projekt Active Citizenship Participation hat das Ziel, B\u00fcrgerbeteiligung in der Euregio Maas-Rhein dauerhaft zu verankern.Daher m\u00f6chten wir die im Projekt entwickelten Materialien langfristig zur Verf\u00fcgung stellen.Sie richten sich an alle, die sich f\u00fcr das Thema B\u00fcrgerbeteiligung interessieren, ob als B\u00fcrger:in oder Entscheidungstr\u00e4ger:in.\u00a0Auf dieser Seite [&hellip;]\" \/>\n<meta property=\"og:url\" content=\"https:\/\/euprevent.eu\/de\/projekt-euprevent-acp\/acp-main-concept\/\" \/>\n<meta property=\"og:site_name\" content=\"euPrevent\" \/>\n<meta property=\"article:modified_time\" content=\"2025-07-24T21:03:41+00:00\" \/>\n<meta name=\"twitter:card\" content=\"summary_large_image\" \/>\n<meta name=\"twitter:label1\" content=\"Gesch\u00e4tzte Lesezeit\" \/>\n\t<meta name=\"twitter:data1\" content=\"3\u00a0Minuten\" \/>\n<script type=\"application\/ld+json\" class=\"yoast-schema-graph\">{\"@context\":\"https:\/\/schema.org\",\"@graph\":[{\"@type\":\"WebPage\",\"@id\":\"https:\/\/euprevent.eu\/de\/projekt-euprevent-acp\/acp-main-concept\/\",\"url\":\"https:\/\/euprevent.eu\/de\/projekt-euprevent-acp\/acp-main-concept\/\",\"name\":\"ACP Downloads - euPrevent\",\"isPartOf\":{\"@id\":\"https:\/\/euprevent.eu\/de\/#website\"},\"datePublished\":\"2024-05-17T11:35:24+00:00\",\"dateModified\":\"2025-07-24T21:03:41+00:00\",\"breadcrumb\":{\"@id\":\"https:\/\/euprevent.eu\/de\/projekt-euprevent-acp\/acp-main-concept\/#breadcrumb\"},\"inLanguage\":\"de\",\"potentialAction\":[{\"@type\":\"ReadAction\",\"target\":[\"https:\/\/euprevent.eu\/de\/projekt-euprevent-acp\/acp-main-concept\/\"]}]},{\"@type\":\"BreadcrumbList\",\"@id\":\"https:\/\/euprevent.eu\/de\/projekt-euprevent-acp\/acp-main-concept\/#breadcrumb\",\"itemListElement\":[{\"@type\":\"ListItem\",\"position\":1,\"name\":\"Home\",\"item\":\"https:\/\/euprevent.eu\/de\/\"},{\"@type\":\"ListItem\",\"position\":2,\"name\":\"Projekt euPrevent ACP\",\"item\":\"https:\/\/euprevent.eu\/de\/?page_id=18522\"},{\"@type\":\"ListItem\",\"position\":3,\"name\":\"ACP Downloads\"}]},{\"@type\":\"WebSite\",\"@id\":\"https:\/\/euprevent.eu\/de\/#website\",\"url\":\"https:\/\/euprevent.eu\/de\/\",\"name\":\"euPrevent\",\"description\":\"euPrevent is a Euroregional network that focuses on promoting health. Within this network, sustainable partnerships seek to increase the quality of life of residents in the border region between the Netherlands, Belgium and Germany.\",\"potentialAction\":[{\"@type\":\"SearchAction\",\"target\":{\"@type\":\"EntryPoint\",\"urlTemplate\":\"https:\/\/euprevent.eu\/de\/?s={search_term_string}\"},\"query-input\":{\"@type\":\"PropertyValueSpecification\",\"valueRequired\":true,\"valueName\":\"search_term_string\"}}],\"inLanguage\":\"de\"}]}<\/script>\n<!-- \/ Yoast SEO plugin. -->","yoast_head_json":{"title":"ACP Downloads - euPrevent","robots":{"index":"index","follow":"follow","max-snippet":"max-snippet:-1","max-image-preview":"max-image-preview:large","max-video-preview":"max-video-preview:-1"},"canonical":"https:\/\/euprevent.eu\/de\/projekt-euprevent-acp\/acp-main-concept\/","og_locale":"de_DE","og_type":"article","og_title":"ACP Downloads - euPrevent","og_description":"[vc_row][vc_column][vc_column_text] Mach mit! Materialien zur B\u00fcrgerbeteiligung in der Euregio Maas-Rhein Das Projekt Active Citizenship Participation hat das Ziel, B\u00fcrgerbeteiligung in der Euregio Maas-Rhein dauerhaft zu verankern.Daher m\u00f6chten wir die im Projekt entwickelten Materialien langfristig zur Verf\u00fcgung stellen.Sie richten sich an alle, die sich f\u00fcr das Thema B\u00fcrgerbeteiligung interessieren, ob als B\u00fcrger:in oder Entscheidungstr\u00e4ger:in.\u00a0Auf dieser Seite [&hellip;]","og_url":"https:\/\/euprevent.eu\/de\/projekt-euprevent-acp\/acp-main-concept\/","og_site_name":"euPrevent","article_modified_time":"2025-07-24T21:03:41+00:00","twitter_card":"summary_large_image","twitter_misc":{"Gesch\u00e4tzte Lesezeit":"3\u00a0Minuten"},"schema":{"@context":"https:\/\/schema.org","@graph":[{"@type":"WebPage","@id":"https:\/\/euprevent.eu\/de\/projekt-euprevent-acp\/acp-main-concept\/","url":"https:\/\/euprevent.eu\/de\/projekt-euprevent-acp\/acp-main-concept\/","name":"ACP Downloads - euPrevent","isPartOf":{"@id":"https:\/\/euprevent.eu\/de\/#website"},"datePublished":"2024-05-17T11:35:24+00:00","dateModified":"2025-07-24T21:03:41+00:00","breadcrumb":{"@id":"https:\/\/euprevent.eu\/de\/projekt-euprevent-acp\/acp-main-concept\/#breadcrumb"},"inLanguage":"de","potentialAction":[{"@type":"ReadAction","target":["https:\/\/euprevent.eu\/de\/projekt-euprevent-acp\/acp-main-concept\/"]}]},{"@type":"BreadcrumbList","@id":"https:\/\/euprevent.eu\/de\/projekt-euprevent-acp\/acp-main-concept\/#breadcrumb","itemListElement":[{"@type":"ListItem","position":1,"name":"Home","item":"https:\/\/euprevent.eu\/de\/"},{"@type":"ListItem","position":2,"name":"Projekt euPrevent ACP","item":"https:\/\/euprevent.eu\/de\/?page_id=18522"},{"@type":"ListItem","position":3,"name":"ACP Downloads"}]},{"@type":"WebSite","@id":"https:\/\/euprevent.eu\/de\/#website","url":"https:\/\/euprevent.eu\/de\/","name":"euPrevent","description":"euPrevent is a Euroregional network that focuses on promoting health. Within this network, sustainable partnerships seek to increase the quality of life of residents in the border region between the Netherlands, Belgium and Germany.","potentialAction":[{"@type":"SearchAction","target":{"@type":"EntryPoint","urlTemplate":"https:\/\/euprevent.eu\/de\/?s={search_term_string}"},"query-input":{"@type":"PropertyValueSpecification","valueRequired":true,"valueName":"search_term_string"}}],"inLanguage":"de"}]}},"_links":{"self":[{"href":"https:\/\/euprevent.eu\/de\/wp-json\/wp\/v2\/pages\/22884","targetHints":{"allow":["GET"]}}],"collection":[{"href":"https:\/\/euprevent.eu\/de\/wp-json\/wp\/v2\/pages"}],"about":[{"href":"https:\/\/euprevent.eu\/de\/wp-json\/wp\/v2\/types\/page"}],"author":[{"embeddable":true,"href":"https:\/\/euprevent.eu\/de\/wp-json\/wp\/v2\/users\/1"}],"replies":[{"embeddable":true,"href":"https:\/\/euprevent.eu\/de\/wp-json\/wp\/v2\/comments?post=22884"}],"version-history":[{"count":8,"href":"https:\/\/euprevent.eu\/de\/wp-json\/wp\/v2\/pages\/22884\/revisions"}],"predecessor-version":[{"id":24327,"href":"https:\/\/euprevent.eu\/de\/wp-json\/wp\/v2\/pages\/22884\/revisions\/24327"}],"up":[{"embeddable":true,"href":"https:\/\/euprevent.eu\/de\/wp-json\/wp\/v2\/pages\/18522"}],"wp:attachment":[{"href":"https:\/\/euprevent.eu\/de\/wp-json\/wp\/v2\/media?parent=22884"}],"curies":[{"name":"wp","href":"https:\/\/api.w.org\/{rel}","templated":true}]}}