


{"id":22510,"date":"2024-04-03T18:23:19","date_gmt":"2024-04-03T17:23:19","guid":{"rendered":"https:\/\/euprevent.eu\/project-grensimpact\/"},"modified":"2024-04-22T11:54:08","modified_gmt":"2024-04-22T10:54:08","slug":"project-grensimpact","status":"publish","type":"page","link":"https:\/\/euprevent.eu\/de\/project-grensimpact\/","title":{"rendered":"Projekt GRENSimpact"},"content":{"rendered":"<section class=\"wpb-content-wrapper\"><p>[vc_row][vc_column][vc_column_text]<\/p>\n<h1>Projekt GRENSimpact<\/h1>\n<p>Das Projekt GRENSimpact zielt darauf ab, die Infektionsdynamik einer Pandemie in ausgew\u00e4hlten Grenzregionen zu analysieren und ihre Auswirkungen zu visualisieren. Diese Visualisierung wird Erkenntnisse liefern, die effektive gesundheitspolitische und Ma\u00dfnahmen erm\u00f6glichen, die auf die Bed\u00fcrfnisse von Grenzregionen zugeschnitten sind.[\/vc_column_text][\/vc_column][\/vc_row][vc_row][vc_column width=&#8220;1\/2&#8243; css=&#8220;.vc_custom_1712237369023{padding-top: 25px !important;background-color: #f3f3f3 !important;border-radius: 5px !important;}&#8220;][vc_column_text]<\/p>\n<h3>Projektrahmen<\/h3>\n<ul>\n<li><strong>Zielgruppe<\/strong>: allgemeine Bev\u00f6lkerung in ausgew\u00e4hlten Grenzregionen<\/li>\n<li><strong>Dauer<\/strong>: 12. Februar 2024 &#8211; 11. November 2024<\/li>\n<\/ul>\n<p>[\/vc_column_text][vc_btn title=&#8220;F\u00f6rderung&#8220; color=&#8220;primary&#8220; link=&#8220;url:https%3A%2F%2Feuprevent.eu%2Fde%2Ffinanzierer-project-grensimpact%2F&#8220;][vc_btn title=&#8220;Partner&#8220; color=&#8220;primary&#8220; link=&#8220;url:%2Fpartner%2F%3Fprojects%3DProject-GRENSimpact|title:Partners&#8220;][\/vc_column][vc_column width=&#8220;1\/2&#8243;][vc_single_image image=&#8220;22613&#8243; img_size=&#8220;medium&#8220; alignment=&#8220;center&#8220; css=&#8220;.vc_custom_1712844878029{margin-bottom: 0px !important;}&#8220;][\/vc_column][\/vc_row][vc_row][vc_column][vc_empty_space][vc_column_text]<\/p>\n<h2>Schwerpunkt des Projekts<\/h2>\n<p>Das Ziel besteht darin, die die Dynamik von Pandemien zu untersuchen, wobei der Fokus auf dem grenz\u00fcbergreifenden Infektionsgeschehen innerhalb der ausgew\u00e4hlten Grenzregionen liegt. Durch den Einsatz von Karten und Analysemethoden des Geografischen Informationssystems (GIS) soll das Projekt ein Verst\u00e4ndnis f\u00fcr grenz\u00fcbergreifendee Mobilit\u00e4tsmuster schaffen und deren Auswirkungen auf die Infektionsausbreitung w\u00e4hrend Pandemien in Grenzregionen gewinnen.[\/vc_column_text][vc_column_text]<\/p>\n<h2>Forschung<\/h2>\n<p>Die Forschung wird \u00f6ffentlich verf\u00fcgbare quantitative Daten nutzen, die w\u00e4hrend der Pandemie gesammelt wurden, um r\u00e4umliche Prozesse zu analysieren und zu visualisieren, wobei der Schwerpunkt auf grenz\u00fcbergreifenden \u00dcbertragungsmustern liegt. Sie umfasst vier niederl\u00e4ndische Euroregionen, die an Nordrhein-Westfalen bzw. Belgien grenzen:<\/p>\n<ul>\n<li>EUREGIO,<\/li>\n<li>Euregio Rhein-Waal,<\/li>\n<li>Euregio Rhein Maas Nord, und<\/li>\n<li>Euregio Maas-Rhein.<\/li>\n<\/ul>\n<p>[\/vc_column_text][vc_column_text]<\/p>\n<h2>Aktivit\u00e4ten<\/h2>\n<ol>\n<li><strong>Vorbereitung:<\/strong> Zusammenstellung eines multidisziplin\u00e4ren Teams, Beschaffung und Bewertung von Datens\u00e4tzen, Untersuchung der Datenverf\u00fcgbarkeit f\u00fcr Influenza A.<\/li>\n<li><strong>Datenerhebung:<\/strong> Sammlung und Aufbereitung von Datens\u00e4tzen, Durchf\u00fchrung von Analysen mit geeigneten Methoden.<\/li>\n<li><strong>Analyse der Ergebnisse:<\/strong> Erstellung kartografischer Visualisierungen, Interpretation der Ergebnisse und Ausarbeitung von Empfehlungen auf der Grundlage der Analyse.<\/li>\n<li><strong>Verbreitung der Ergebnisse:<\/strong> Berichterstattung \u00fcber die Ergebnisse an Interessengruppen, Verfassen wissenschaftlicher Ver\u00f6ffentlichungen und Erstellung von Informationsbl\u00e4ttern in mehreren Sprachen zur weiteren Verbreitung.<\/li>\n<\/ol>\n<p>[\/vc_column_text][\/vc_column][\/vc_row][vc_row][vc_column][vc_column_text]\t<div class=\"clearfix\"><\/div>\r\n\t<div class=\"panel-events_and_news\">\r\n\t\t<div class=\"row\">\r\n\r\n            \r\n            \t\t\t<div class=\"col-sm-12 col-md-6\" id=\"events\">\r\n\t\t\t\t<h3>Veranstaltungen<\/h3>\r\n\t\t\t\t\t\t\t\t\t<p class=\"text-muted text-center\" style=\"margin:60px 0;\">Keine Veranstaltungen<\/p>\r\n\t\t\t\t\t\t\t\t<\/div>\r\n\r\n            \r\n            \t\t\t<div class=\"col-sm-12 col-md-6\" id=\"news\">\r\n\t\t\t\t<h3>News<\/h3>\r\n\t\t\t\t\t\t\t\t\t\t\t\t\t\t\t<div class=\"newsitem\">\r\n\t\t\t\t\t\t\t<a class=\"overlay\" href=\"https:\/\/euprevent.eu\/de\/borders-pandemics-and-collaboration-insights-from-the-grensimpact-project\/\"><\/a>\r\n                            <div class=\"thumb pull-left\" style=\"background-image: url('https:\/\/euprevent.eu\/wp-content\/uploads\/2024\/11\/factsheet-GRENSimpact.png');\"><\/div>\r\n\t\t\t\t\t\t\t<div class=\"news-info-table\">\r\n\t\t\t\t\t\t\t\t<div class=\"news-info-table-row\">\r\n\t\t\t\t\t\t\t\t\t<div class=\"news-info-table-cell\">\r\n\t\t\t\t\t\t\t\t\t\t<p>21 November 2024<\/p>\r\n\t\t\t\t\t\t\t\t\t\t<h3>Grenzen, Pandemien und Zusammenarbeit: Einblicke aus dem GRENSimpact-Projekt<\/h3>\r\n\t\t\t\t\t\t\t\t\t<\/div>\r\n\t\t\t\t\t\t\t\t<\/div>\r\n\t\t\t\t\t\t\t<\/div>\r\n\t\t\t\t\t\t<\/div>\r\n\t\t\t\t\t\t\t\t\t\t\t\t<div class=\"newsitem\">\r\n\t\t\t\t\t\t\t<a class=\"overlay\" href=\"https:\/\/euprevent.eu\/de\/zonmw-project-grensimpact-launched\/\"><\/a>\r\n                            <div class=\"thumb pull-left\" style=\"background-image: url('');\"><\/div>\r\n\t\t\t\t\t\t\t<div class=\"news-info-table\">\r\n\t\t\t\t\t\t\t\t<div class=\"news-info-table-row\">\r\n\t\t\t\t\t\t\t\t\t<div class=\"news-info-table-cell\">\r\n\t\t\t\t\t\t\t\t\t\t<p>4 April 2024<\/p>\r\n\t\t\t\t\t\t\t\t\t\t<h3>ZonMw-Projekt GRENSimpact gestartet<\/h3>\r\n\t\t\t\t\t\t\t\t\t<\/div>\r\n\t\t\t\t\t\t\t\t<\/div>\r\n\t\t\t\t\t\t\t<\/div>\r\n\t\t\t\t\t\t<\/div>\r\n\t\t\t\t\t\t\t\t\t\t\t<div class=\"text-center p-5\"><a class=\"btn btn-sm btn-default\" href=\"https:\/\/euprevent.eu\/de\/neuigkeiten\/\">Alle Nachrichten<\/a><\/div>\r\n\t\t\t\t\t\t\t\t<\/div>\r\n            \r\n\t\t<\/div>\r\n\t<\/div>\r\n\r\n\t[\/vc_column_text][\/vc_column][\/vc_row]<\/p>\n<\/section>","protected":false},"excerpt":{"rendered":"<p>[vc_row][vc_column][vc_column_text] Projekt GRENSimpact Das Projekt GRENSimpact zielt darauf ab, die Infektionsdynamik einer Pandemie in ausgew\u00e4hlten Grenzregionen zu analysieren und ihre Auswirkungen zu visualisieren. Diese Visualisierung wird Erkenntnisse liefern, die effektive gesundheitspolitische und Ma\u00dfnahmen erm\u00f6glichen, die auf die Bed\u00fcrfnisse von Grenzregionen zugeschnitten sind.[\/vc_column_text][\/vc_column][\/vc_row][vc_row][vc_column width=&#8220;1\/2&#8243; css=&#8220;.vc_custom_1712237369023{padding-top: 25px !important;background-color: #f3f3f3 !important;border-radius: 5px !important;}&#8220;][vc_column_text] Projektrahmen Zielgruppe: allgemeine Bev\u00f6lkerung in [&hellip;]<\/p>\n","protected":false},"author":3,"featured_media":0,"parent":0,"menu_order":0,"comment_status":"closed","ping_status":"closed","template":"","meta":{"_acf_changed":false,"footnotes":""},"class_list":["post-22510","page","type-page","status-publish","hentry","programmes-infectious-diseases"],"acf":[],"yoast_head":"<!-- This site is optimized with the Yoast SEO plugin v27.5 - https:\/\/yoast.com\/product\/yoast-seo-wordpress\/ -->\n<title>Projekt GRENSimpact - euPrevent<\/title>\n<meta name=\"robots\" content=\"index, follow, max-snippet:-1, max-image-preview:large, max-video-preview:-1\" \/>\n<link rel=\"canonical\" href=\"https:\/\/euprevent.eu\/de\/project-grensimpact\/\" \/>\n<meta property=\"og:locale\" content=\"de_DE\" \/>\n<meta property=\"og:type\" content=\"article\" \/>\n<meta property=\"og:title\" content=\"Projekt GRENSimpact - euPrevent\" \/>\n<meta property=\"og:description\" content=\"[vc_row][vc_column][vc_column_text] Projekt GRENSimpact Das Projekt GRENSimpact zielt darauf ab, die Infektionsdynamik einer Pandemie in ausgew\u00e4hlten Grenzregionen zu analysieren und ihre Auswirkungen zu visualisieren. Diese Visualisierung wird Erkenntnisse liefern, die effektive gesundheitspolitische und Ma\u00dfnahmen erm\u00f6glichen, die auf die Bed\u00fcrfnisse von Grenzregionen zugeschnitten sind.[\/vc_column_text][\/vc_column][\/vc_row][vc_row][vc_column width=&#8220;1\/2&#8243; css=&#8220;.vc_custom_1712237369023{padding-top: 25px !important;background-color: #f3f3f3 !important;border-radius: 5px !important;}&#8220;][vc_column_text] Projektrahmen Zielgruppe: allgemeine Bev\u00f6lkerung in [&hellip;]\" \/>\n<meta property=\"og:url\" content=\"https:\/\/euprevent.eu\/de\/project-grensimpact\/\" \/>\n<meta property=\"og:site_name\" content=\"euPrevent\" \/>\n<meta property=\"article:modified_time\" content=\"2024-04-22T10:54:08+00:00\" \/>\n<meta name=\"twitter:card\" content=\"summary_large_image\" \/>\n<meta name=\"twitter:label1\" content=\"Gesch\u00e4tzte Lesezeit\" \/>\n\t<meta name=\"twitter:data1\" content=\"2\u00a0Minuten\" \/>\n<script type=\"application\/ld+json\" class=\"yoast-schema-graph\">{\"@context\":\"https:\\\/\\\/schema.org\",\"@graph\":[{\"@type\":\"WebPage\",\"@id\":\"https:\\\/\\\/euprevent.eu\\\/de\\\/project-grensimpact\\\/\",\"url\":\"https:\\\/\\\/euprevent.eu\\\/de\\\/project-grensimpact\\\/\",\"name\":\"Projekt GRENSimpact - euPrevent\",\"isPartOf\":{\"@id\":\"https:\\\/\\\/euprevent.eu\\\/de\\\/#website\"},\"datePublished\":\"2024-04-03T17:23:19+00:00\",\"dateModified\":\"2024-04-22T10:54:08+00:00\",\"breadcrumb\":{\"@id\":\"https:\\\/\\\/euprevent.eu\\\/de\\\/project-grensimpact\\\/#breadcrumb\"},\"inLanguage\":\"de\",\"potentialAction\":[{\"@type\":\"ReadAction\",\"target\":[\"https:\\\/\\\/euprevent.eu\\\/de\\\/project-grensimpact\\\/\"]}]},{\"@type\":\"BreadcrumbList\",\"@id\":\"https:\\\/\\\/euprevent.eu\\\/de\\\/project-grensimpact\\\/#breadcrumb\",\"itemListElement\":[{\"@type\":\"ListItem\",\"position\":1,\"name\":\"Home\",\"item\":\"https:\\\/\\\/euprevent.eu\\\/de\\\/\"},{\"@type\":\"ListItem\",\"position\":2,\"name\":\"Projekt GRENSimpact\"}]},{\"@type\":\"WebSite\",\"@id\":\"https:\\\/\\\/euprevent.eu\\\/de\\\/#website\",\"url\":\"https:\\\/\\\/euprevent.eu\\\/de\\\/\",\"name\":\"euPrevent\",\"description\":\"euPrevent is a Euroregional network that focuses on promoting health. Within this network, sustainable partnerships seek to increase the quality of life of residents in the border region between the Netherlands, Belgium and Germany.\",\"potentialAction\":[{\"@type\":\"SearchAction\",\"target\":{\"@type\":\"EntryPoint\",\"urlTemplate\":\"https:\\\/\\\/euprevent.eu\\\/de\\\/?s={search_term_string}\"},\"query-input\":{\"@type\":\"PropertyValueSpecification\",\"valueRequired\":true,\"valueName\":\"search_term_string\"}}],\"inLanguage\":\"de\"}]}<\/script>\n<!-- \/ Yoast SEO plugin. -->","yoast_head_json":{"title":"Projekt GRENSimpact - euPrevent","robots":{"index":"index","follow":"follow","max-snippet":"max-snippet:-1","max-image-preview":"max-image-preview:large","max-video-preview":"max-video-preview:-1"},"canonical":"https:\/\/euprevent.eu\/de\/project-grensimpact\/","og_locale":"de_DE","og_type":"article","og_title":"Projekt GRENSimpact - euPrevent","og_description":"[vc_row][vc_column][vc_column_text] Projekt GRENSimpact Das Projekt GRENSimpact zielt darauf ab, die Infektionsdynamik einer Pandemie in ausgew\u00e4hlten Grenzregionen zu analysieren und ihre Auswirkungen zu visualisieren. Diese Visualisierung wird Erkenntnisse liefern, die effektive gesundheitspolitische und Ma\u00dfnahmen erm\u00f6glichen, die auf die Bed\u00fcrfnisse von Grenzregionen zugeschnitten sind.[\/vc_column_text][\/vc_column][\/vc_row][vc_row][vc_column width=&#8220;1\/2&#8243; css=&#8220;.vc_custom_1712237369023{padding-top: 25px !important;background-color: #f3f3f3 !important;border-radius: 5px !important;}&#8220;][vc_column_text] Projektrahmen Zielgruppe: allgemeine Bev\u00f6lkerung in [&hellip;]","og_url":"https:\/\/euprevent.eu\/de\/project-grensimpact\/","og_site_name":"euPrevent","article_modified_time":"2024-04-22T10:54:08+00:00","twitter_card":"summary_large_image","twitter_misc":{"Gesch\u00e4tzte Lesezeit":"2\u00a0Minuten"},"schema":{"@context":"https:\/\/schema.org","@graph":[{"@type":"WebPage","@id":"https:\/\/euprevent.eu\/de\/project-grensimpact\/","url":"https:\/\/euprevent.eu\/de\/project-grensimpact\/","name":"Projekt GRENSimpact - euPrevent","isPartOf":{"@id":"https:\/\/euprevent.eu\/de\/#website"},"datePublished":"2024-04-03T17:23:19+00:00","dateModified":"2024-04-22T10:54:08+00:00","breadcrumb":{"@id":"https:\/\/euprevent.eu\/de\/project-grensimpact\/#breadcrumb"},"inLanguage":"de","potentialAction":[{"@type":"ReadAction","target":["https:\/\/euprevent.eu\/de\/project-grensimpact\/"]}]},{"@type":"BreadcrumbList","@id":"https:\/\/euprevent.eu\/de\/project-grensimpact\/#breadcrumb","itemListElement":[{"@type":"ListItem","position":1,"name":"Home","item":"https:\/\/euprevent.eu\/de\/"},{"@type":"ListItem","position":2,"name":"Projekt GRENSimpact"}]},{"@type":"WebSite","@id":"https:\/\/euprevent.eu\/de\/#website","url":"https:\/\/euprevent.eu\/de\/","name":"euPrevent","description":"euPrevent is a Euroregional network that focuses on promoting health. Within this network, sustainable partnerships seek to increase the quality of life of residents in the border region between the Netherlands, Belgium and Germany.","potentialAction":[{"@type":"SearchAction","target":{"@type":"EntryPoint","urlTemplate":"https:\/\/euprevent.eu\/de\/?s={search_term_string}"},"query-input":{"@type":"PropertyValueSpecification","valueRequired":true,"valueName":"search_term_string"}}],"inLanguage":"de"}]}},"_links":{"self":[{"href":"https:\/\/euprevent.eu\/de\/wp-json\/wp\/v2\/pages\/22510","targetHints":{"allow":["GET"]}}],"collection":[{"href":"https:\/\/euprevent.eu\/de\/wp-json\/wp\/v2\/pages"}],"about":[{"href":"https:\/\/euprevent.eu\/de\/wp-json\/wp\/v2\/types\/page"}],"author":[{"embeddable":true,"href":"https:\/\/euprevent.eu\/de\/wp-json\/wp\/v2\/users\/3"}],"replies":[{"embeddable":true,"href":"https:\/\/euprevent.eu\/de\/wp-json\/wp\/v2\/comments?post=22510"}],"version-history":[{"count":9,"href":"https:\/\/euprevent.eu\/de\/wp-json\/wp\/v2\/pages\/22510\/revisions"}],"predecessor-version":[{"id":22659,"href":"https:\/\/euprevent.eu\/de\/wp-json\/wp\/v2\/pages\/22510\/revisions\/22659"}],"wp:attachment":[{"href":"https:\/\/euprevent.eu\/de\/wp-json\/wp\/v2\/media?parent=22510"}],"curies":[{"name":"wp","href":"https:\/\/api.w.org\/{rel}","templated":true}]}}