


{"id":22505,"date":"2024-04-03T18:27:31","date_gmt":"2024-04-03T17:27:31","guid":{"rendered":"https:\/\/euprevent.eu\/funding-body-for-project-grensimpact\/"},"modified":"2024-04-11T10:50:16","modified_gmt":"2024-04-11T09:50:16","slug":"finanzierer-project-grensimpact","status":"publish","type":"page","link":"https:\/\/euprevent.eu\/de\/finanzierer-project-grensimpact\/","title":{"rendered":"Hauptfinanzierer Projekt GRENSimpact"},"content":{"rendered":"<p>Das Projekt \u201aGRENSimpact\u2018 wurde erm\u00f6glicht mit der finanziellen Unterst\u00fctzung von:<\/p>\n<ul>\n<li>ZonMw: die niederl\u00e4ndische Organisation f\u00fcr Wissen und Innovation im Bereich Gesundheit, Gesundheitswesen und Wohlbefinden<\/li>\n<\/ul>\n","protected":false},"excerpt":{"rendered":"<p>Das Projekt \u201aGRENSimpact\u2018 wurde erm\u00f6glicht mit der finanziellen Unterst\u00fctzung von: ZonMw: die niederl\u00e4ndische Organisation f\u00fcr Wissen und Innovation im Bereich Gesundheit, Gesundheitswesen und Wohlbefinden<\/p>\n","protected":false},"author":3,"featured_media":0,"parent":0,"menu_order":0,"comment_status":"closed","ping_status":"closed","template":"","meta":{"_acf_changed":false,"footnotes":""},"class_list":["post-22505","page","type-page","status-publish","hentry","programmes-infectious-diseases"],"acf":[],"yoast_head":"<!-- This site is optimized with the Yoast SEO plugin v27.5 - https:\/\/yoast.com\/product\/yoast-seo-wordpress\/ -->\n<title>Hauptfinanzierer Projekt GRENSimpact - euPrevent<\/title>\n<meta name=\"robots\" content=\"index, follow, max-snippet:-1, max-image-preview:large, max-video-preview:-1\" \/>\n<link rel=\"canonical\" href=\"https:\/\/euprevent.eu\/de\/finanzierer-project-grensimpact\/\" \/>\n<meta property=\"og:locale\" content=\"de_DE\" \/>\n<meta property=\"og:type\" content=\"article\" \/>\n<meta property=\"og:title\" content=\"Hauptfinanzierer Projekt GRENSimpact - euPrevent\" \/>\n<meta property=\"og:description\" content=\"Das Projekt \u201aGRENSimpact\u2018 wurde erm\u00f6glicht mit der finanziellen Unterst\u00fctzung von: ZonMw: die niederl\u00e4ndische Organisation f\u00fcr Wissen und Innovation im Bereich Gesundheit, Gesundheitswesen und Wohlbefinden\" \/>\n<meta property=\"og:url\" content=\"https:\/\/euprevent.eu\/de\/finanzierer-project-grensimpact\/\" \/>\n<meta property=\"og:site_name\" content=\"euPrevent\" \/>\n<meta property=\"article:modified_time\" content=\"2024-04-11T09:50:16+00:00\" \/>\n<meta name=\"twitter:card\" content=\"summary_large_image\" \/>\n<meta name=\"twitter:label1\" content=\"Gesch\u00e4tzte Lesezeit\" \/>\n\t<meta name=\"twitter:data1\" content=\"1\u00a0Minute\" \/>\n<script type=\"application\/ld+json\" class=\"yoast-schema-graph\">{\"@context\":\"https:\\\/\\\/schema.org\",\"@graph\":[{\"@type\":\"WebPage\",\"@id\":\"https:\\\/\\\/euprevent.eu\\\/de\\\/finanzierer-project-grensimpact\\\/\",\"url\":\"https:\\\/\\\/euprevent.eu\\\/de\\\/finanzierer-project-grensimpact\\\/\",\"name\":\"Hauptfinanzierer Projekt GRENSimpact - euPrevent\",\"isPartOf\":{\"@id\":\"https:\\\/\\\/euprevent.eu\\\/de\\\/#website\"},\"datePublished\":\"2024-04-03T17:27:31+00:00\",\"dateModified\":\"2024-04-11T09:50:16+00:00\",\"breadcrumb\":{\"@id\":\"https:\\\/\\\/euprevent.eu\\\/de\\\/finanzierer-project-grensimpact\\\/#breadcrumb\"},\"inLanguage\":\"de\",\"potentialAction\":[{\"@type\":\"ReadAction\",\"target\":[\"https:\\\/\\\/euprevent.eu\\\/de\\\/finanzierer-project-grensimpact\\\/\"]}]},{\"@type\":\"BreadcrumbList\",\"@id\":\"https:\\\/\\\/euprevent.eu\\\/de\\\/finanzierer-project-grensimpact\\\/#breadcrumb\",\"itemListElement\":[{\"@type\":\"ListItem\",\"position\":1,\"name\":\"Home\",\"item\":\"https:\\\/\\\/euprevent.eu\\\/de\\\/\"},{\"@type\":\"ListItem\",\"position\":2,\"name\":\"Hauptfinanzierer Projekt GRENSimpact\"}]},{\"@type\":\"WebSite\",\"@id\":\"https:\\\/\\\/euprevent.eu\\\/de\\\/#website\",\"url\":\"https:\\\/\\\/euprevent.eu\\\/de\\\/\",\"name\":\"euPrevent\",\"description\":\"euPrevent is a Euroregional network that focuses on promoting health. Within this network, sustainable partnerships seek to increase the quality of life of residents in the border region between the Netherlands, Belgium and Germany.\",\"potentialAction\":[{\"@type\":\"SearchAction\",\"target\":{\"@type\":\"EntryPoint\",\"urlTemplate\":\"https:\\\/\\\/euprevent.eu\\\/de\\\/?s={search_term_string}\"},\"query-input\":{\"@type\":\"PropertyValueSpecification\",\"valueRequired\":true,\"valueName\":\"search_term_string\"}}],\"inLanguage\":\"de\"}]}<\/script>\n<!-- \/ Yoast SEO plugin. -->","yoast_head_json":{"title":"Hauptfinanzierer Projekt GRENSimpact - euPrevent","robots":{"index":"index","follow":"follow","max-snippet":"max-snippet:-1","max-image-preview":"max-image-preview:large","max-video-preview":"max-video-preview:-1"},"canonical":"https:\/\/euprevent.eu\/de\/finanzierer-project-grensimpact\/","og_locale":"de_DE","og_type":"article","og_title":"Hauptfinanzierer Projekt GRENSimpact - euPrevent","og_description":"Das Projekt \u201aGRENSimpact\u2018 wurde erm\u00f6glicht mit der finanziellen Unterst\u00fctzung von: ZonMw: die niederl\u00e4ndische Organisation f\u00fcr Wissen und Innovation im Bereich Gesundheit, Gesundheitswesen und Wohlbefinden","og_url":"https:\/\/euprevent.eu\/de\/finanzierer-project-grensimpact\/","og_site_name":"euPrevent","article_modified_time":"2024-04-11T09:50:16+00:00","twitter_card":"summary_large_image","twitter_misc":{"Gesch\u00e4tzte Lesezeit":"1\u00a0Minute"},"schema":{"@context":"https:\/\/schema.org","@graph":[{"@type":"WebPage","@id":"https:\/\/euprevent.eu\/de\/finanzierer-project-grensimpact\/","url":"https:\/\/euprevent.eu\/de\/finanzierer-project-grensimpact\/","name":"Hauptfinanzierer Projekt GRENSimpact - euPrevent","isPartOf":{"@id":"https:\/\/euprevent.eu\/de\/#website"},"datePublished":"2024-04-03T17:27:31+00:00","dateModified":"2024-04-11T09:50:16+00:00","breadcrumb":{"@id":"https:\/\/euprevent.eu\/de\/finanzierer-project-grensimpact\/#breadcrumb"},"inLanguage":"de","potentialAction":[{"@type":"ReadAction","target":["https:\/\/euprevent.eu\/de\/finanzierer-project-grensimpact\/"]}]},{"@type":"BreadcrumbList","@id":"https:\/\/euprevent.eu\/de\/finanzierer-project-grensimpact\/#breadcrumb","itemListElement":[{"@type":"ListItem","position":1,"name":"Home","item":"https:\/\/euprevent.eu\/de\/"},{"@type":"ListItem","position":2,"name":"Hauptfinanzierer Projekt GRENSimpact"}]},{"@type":"WebSite","@id":"https:\/\/euprevent.eu\/de\/#website","url":"https:\/\/euprevent.eu\/de\/","name":"euPrevent","description":"euPrevent is a Euroregional network that focuses on promoting health. Within this network, sustainable partnerships seek to increase the quality of life of residents in the border region between the Netherlands, Belgium and Germany.","potentialAction":[{"@type":"SearchAction","target":{"@type":"EntryPoint","urlTemplate":"https:\/\/euprevent.eu\/de\/?s={search_term_string}"},"query-input":{"@type":"PropertyValueSpecification","valueRequired":true,"valueName":"search_term_string"}}],"inLanguage":"de"}]}},"_links":{"self":[{"href":"https:\/\/euprevent.eu\/de\/wp-json\/wp\/v2\/pages\/22505","targetHints":{"allow":["GET"]}}],"collection":[{"href":"https:\/\/euprevent.eu\/de\/wp-json\/wp\/v2\/pages"}],"about":[{"href":"https:\/\/euprevent.eu\/de\/wp-json\/wp\/v2\/types\/page"}],"author":[{"embeddable":true,"href":"https:\/\/euprevent.eu\/de\/wp-json\/wp\/v2\/users\/3"}],"replies":[{"embeddable":true,"href":"https:\/\/euprevent.eu\/de\/wp-json\/wp\/v2\/comments?post=22505"}],"version-history":[{"count":5,"href":"https:\/\/euprevent.eu\/de\/wp-json\/wp\/v2\/pages\/22505\/revisions"}],"predecessor-version":[{"id":22604,"href":"https:\/\/euprevent.eu\/de\/wp-json\/wp\/v2\/pages\/22505\/revisions\/22604"}],"wp:attachment":[{"href":"https:\/\/euprevent.eu\/de\/wp-json\/wp\/v2\/media?parent=22505"}],"curies":[{"name":"wp","href":"https:\/\/api.w.org\/{rel}","templated":true}]}}