


{"id":2221,"date":"2017-11-21T13:05:32","date_gmt":"2017-11-21T13:05:32","guid":{"rendered":"https:\/\/euprevent.eu\/?page_id=2221"},"modified":"2017-12-14T06:54:33","modified_gmt":"2017-12-14T06:54:33","slug":"projekt-risikoverhalten-bei-jugendlichen","status":"publish","type":"page","link":"https:\/\/euprevent.eu\/de\/projekt-risikoverhalten-bei-jugendlichen\/","title":{"rendered":"Projekt Risikoverhalten bei Jugendlichen"},"content":{"rendered":"<section class=\"wpb-content-wrapper\"><p>[vc_row][vc_column][vc_single_image image=&#8220;2052&#8243; img_size=&#8220;medium&#8220; alignment=&#8220;right&#8220;][vc_column_text]<\/p>\n<h1>Projekt Risikoverhalten bei Jugendlichen<\/h1>\n<p>Um das Jahr 2000 herum hatten Fachleute aus dem Bereich der Gesundheitspr\u00e4vention den Eindruck, dass die Jugendlichen aus der Euregio Maas-Rhein (EMR) mehr Alkohol und Drogen konsumierten als fr\u00fcher. Dieser Konsum fand gr\u00f6\u00dftenteils in den Nachbarl\u00e4ndern statt, weil die Jugendlichen in ihrer Freizeit immer \u00f6fter \u00fcber die Grenze gingen. 18 Organisationen aus der EMR beschlossen, dieses Verhalten gemeinsam zu untersuchen und etwas dagegen zu tun.[\/vc_column_text][\/vc_column][\/vc_row][vc_row gap=&#8220;25&#8243;][vc_column width=&#8220;1\/2&#8243; css=&#8220;.vc_custom_1509467339928{padding-top: 25px !important;background-color: #f3f3f3 !important;border-radius: 5px !important;}&#8220;][vc_column_text css=&#8220;.vc_custom_1512038688321{margin-bottom: 5px !important;padding-bottom: 5px !important;}&#8220;]<\/p>\n<h3>Projektrahmen<\/h3>\n<ul>\n<li><strong>Zielgruppe:<\/strong> Jugendliche aus der EMR<\/li>\n<li><strong>Laufzeit:<\/strong> 1. Oktober 2001 bis 31. M\u00e4rz 2006<\/li>\n<\/ul>\n<p>[\/vc_column_text][vc_btn title=&#8220;Finanzierung&#8220; color=&#8220;primary&#8220; size=&#8220;sm&#8220; link=&#8220;url:https%3A%2F%2Feuprevent.eu%2Fde%2Ffinanzierung-risikoverhalten-bei-jugendlichen%2F|||&#8220;][vc_btn title=&#8220;Partners&#8220; color=&#8220;primary&#8220; size=&#8220;sm&#8220; link=&#8220;url:%2Fpartner%2F%3Fprojects%3Dproject-risicogedrag-adolescenten|||&#8220;][\/vc_column][\/vc_row][vc_row][vc_column][vc_empty_space][vc_column_text]<\/p>\n<h2>Projektfokus<\/h2>\n<p>Ziel der Zusammenarbeit war, Risikoverhalten vorzubeugen. Dazu wurden drei Initiativen ergriffen:<\/p>\n<ul>\n<li>Durchf\u00fchrung einer euregionalen Studie,<\/li>\n<li>Durchf\u00fchrung euregionaler Pr\u00e4ventionsaktivit\u00e4ten,<\/li>\n<li>Aufbau eines nachhaltigen Netzwerks.<\/li>\n<\/ul>\n<p>[\/vc_column_text][\/vc_column][\/vc_row][vc_row][vc_column width=&#8220;1\/2&#8243;][vc_column_text]<\/p>\n<h3>Aktivit\u00e4ten<\/h3>\n<p>Die Studien haben gezeigt, dass euregionale Zusammenarbeit am besten funktioniert, wenn mehrere, kleinere euregionale Aktivit\u00e4ten organisiert werden. Die Projektpartner planten daher im Mai 2005 einen euregionalen Pr\u00e4ventionsmonat mit mehreren Aktivit\u00e4ten:<\/p>\n<ul>\n<li>einen einfach zug\u00e4nglichen Informationsbus, das Rave Shuttle, an verschiedenen Orten, den viele Jugendliche besuchen,<\/li>\n<li>eine Antiraucher-Disko f\u00fcr Kinder und Jugendliche der Programme \u201eActie Tegengif\u201c (NL) und \u201eBe smart don\u2019t start\u201c (DE),<\/li>\n<li>eine Sportwoche unter dem Namen Klettern statt Kiffen,<\/li>\n<li>Jugendfilmtage, mit Filmen zum Thema.<\/li>\n<\/ul>\n<p>Das war ein Erfolg. Seitdem wird jedes Jahr ein Pr\u00e4ventionsmonat organisiert.<\/p>\n<p>[\/vc_column_text][vc_column_text]<\/p>\n<h3>Zusammenarbeit<\/h3>\n<p>W\u00e4hrend des Projekts spielte das gegenseitige Kennenlernen, die Entdeckung der Kultur und der Arbeitsweise des anderen eine gro\u00dfe Rolle. Dies erwies sich als sehr sinnvoll und kam den Ergebnissen zugute: Sowohl die Studien als der euregionale Pr\u00e4ventionsmonat wurden gut aufgenommen.<\/p>\n<p>Am Ende des Projekts wollten die Organisationen weitermachen. Sie unterschrieben daher einen Vertrag f\u00fcr die kommenden 6 Jahre. Sie vereinbarten, sowohl auf operativer wie auf politischer Ebene zusammenzuarbeiten. Seit 2010 f\u00e4llt das Netzwerk aus dem Projekt Risikoverhalten bei Jugendlichen unter das Suchtprogramm von euPrevent. Dieses Netzwerk organisiert \u2013 neben dem Pr\u00e4ventionsmonat \u2013 auch regelm\u00e4\u00dfig Ausbildungen, um Wissen auszutauschen.[\/vc_column_text][\/vc_column][vc_column width=&#8220;1\/2&#8243;][vc_column_text]<\/p>\n<h3>Studien<\/h3>\n<p>Die Kooperationspartner f\u00fchrten eine quantitative und eine qualitative Studie \u00fcber das Risikoverhalten von Jugendlichen in der EMR durch. Die Ergebnisse bestimmten den weiteren Verlauf des Projekts.<\/p>\n<h4>Mengenstudie<\/h4>\n<p>Im Herbst 2001 haben sich 46.0000 Sch\u00fcler aus dem Sekundarunterricht an der quantitativen Studie, der Euregionalen Jugendstudie 2001-2002, beteiligt. Das waren fast alle 14-J\u00e4hrigen und 16-J\u00e4hrigen aus der EMR. Mit dieser Studie konnte die regionale und euregionale Pr\u00e4ventionspolitik verbessert werden Die Euregionale Jugendstudie wurde 2006-2007 und 2013 wiederholt.<\/p>\n<h4>Qualit\u00e4tsstudie<\/h4>\n<p>Die Qualit\u00e4tsstudie befasste sich mit \u00dcbereinstimmungen und Unterschieden zwischen den EMR-Regionen:<\/p>\n<ul>\n<li>Wie sieht die Gesetzgebung aus? Wie ist sie aufgebaut?<\/li>\n<li>Wer tr\u00e4gt welche Verantwortung?<\/li>\n<li>Was halten B\u00fcrger von Alkohol und Drogen? (soziale Akzeptanz)<\/li>\n<li>Welcher Wortschatz wird verwendet? Was bedeutet er?<\/li>\n<li>Wie wird gearbeitet?<\/li>\n<\/ul>\n<p>Die Studie verbesserte den Einblick in die kulturellen und methodischen Unterschiede. Jeder Partner verstand den anderen besser. Das hatte positive Auswirkungen auf die Zusammenarbeit.[\/vc_column_text][\/vc_column][\/vc_row][vc_row][vc_column][vc_column_text]\t<div class=\"clearfix\"><\/div>\r\n\t<div class=\"panel-events_and_news\">\r\n\t\t<div class=\"row\">\r\n\r\n            \r\n            \t\t\t<div class=\"col-sm-12 col-md-6\" id=\"events\">\r\n\t\t\t\t<h3>Veranstaltungen<\/h3>\r\n\t\t\t\t\t\t\t\t\t\t\t\t\t\t\t\t<h2><span class=\"hidden\">Veranstaltungen - <\/span>R\u00fcckblick<\/h2>\r\n\t\t\t\t\t\t\t\r\n\t\t\t\t\t\t<div class=\"event media past\">\r\n\t\t\t\t\t\t\t<a class=\"overlay\" href=\"https:\/\/euprevent.eu\/de\/event\/euregional-prevention-month-2009\/\"><\/a>\r\n\t\t\t\t\t\t\t\t\t\t\t\t\t\t<div class=\"thumb pull-left\" style=\"background-image: url('https:\/\/euprevent.eu\/wp-content\/uploads\/2017\/11\/kickoff_1.jpg');\"><\/div>\r\n\t\t\t\t\t\t\t<div class=\"event-info-table\">\r\n\t\t\t\t\t\t\t\t<div class=\"event-info-table-row\">\r\n\t\t\t\t\t\t\t\t\t<div class=\"event-info-table-cell\">\r\n\t\t\t\t\t\t\t\t\t\t<h3>Euregionale Pr\u00e4ventionsmonat<\/h3>\r\n                                        <p>1 Mai 2005 - 31 Mai 2005<\/p>\r\n\t\t\t\t\t\t\t\t\t<\/div>\r\n\t\t\t\t\t\t\t\t<\/div>\r\n\t\t\t\t\t\t\t<\/div>\r\n\t\t\t\t\t\t<\/div>\r\n\r\n\t\t\t\t\t\t\r\n\t\t\t\t\t\t<div class=\"event media past\">\r\n\t\t\t\t\t\t\t<a class=\"overlay\" href=\"https:\/\/euprevent.eu\/de\/event\/workshop-preventie-in-de-euregio\/\"><\/a>\r\n\t\t\t\t\t\t\t\t\t\t\t\t\t\t<div class=\"thumb pull-left\" style=\"background-image: url('https:\/\/euprevent.eu\/wp-content\/uploads\/2017\/11\/image_preview.jpeg');\"><\/div>\r\n\t\t\t\t\t\t\t<div class=\"event-info-table\">\r\n\t\t\t\t\t\t\t\t<div class=\"event-info-table-row\">\r\n\t\t\t\t\t\t\t\t\t<div class=\"event-info-table-cell\">\r\n\t\t\t\t\t\t\t\t\t\t<h3>Workshop 'Preventie in de Euregio'<\/h3>\r\n                                        <p>30 Juni 2004<\/p>\r\n\t\t\t\t\t\t\t\t\t<\/div>\r\n\t\t\t\t\t\t\t\t<\/div>\r\n\t\t\t\t\t\t\t<\/div>\r\n\t\t\t\t\t\t<\/div>\r\n\r\n\t\t\t\t\t\t\t\t\t\t\t<div class=\"text-center p-5\"><a class=\"btn btn-sm btn-default\" href=\"https:\/\/euprevent.eu\/de\/event\/\">alle Veranstaltungen<\/a><\/div>\r\n\t\t\t\t\t\t\t\t<\/div>\r\n\r\n            \r\n            \t\t\t<div class=\"col-sm-12 col-md-6\" id=\"news\">\r\n\t\t\t\t<h3>News<\/h3>\r\n\t\t\t\t\t\t\t\t\t\t\t\t\t\t\t<div class=\"newsitem\">\r\n\t\t\t\t\t\t\t<a class=\"overlay\" href=\"https:\/\/euprevent.eu\/de\/sharing-knowledge-in-heinsberg\/\"><\/a>\r\n                            <div class=\"thumb pull-left\" style=\"background-image: url('https:\/\/euprevent.eu\/wp-content\/uploads\/2019\/07\/YouthSurveyEMR2013.png');\"><\/div>\r\n\t\t\t\t\t\t\t<div class=\"news-info-table\">\r\n\t\t\t\t\t\t\t\t<div class=\"news-info-table-row\">\r\n\t\t\t\t\t\t\t\t\t<div class=\"news-info-table-cell\">\r\n\t\t\t\t\t\t\t\t\t\t<p>11 January 2013<\/p>\r\n\t\t\t\t\t\t\t\t\t\t<h3>Sharing Knowledge in Heinsberg<\/h3>\r\n\t\t\t\t\t\t\t\t\t<\/div>\r\n\t\t\t\t\t\t\t\t<\/div>\r\n\t\t\t\t\t\t\t<\/div>\r\n\t\t\t\t\t\t<\/div>\r\n\t\t\t\t\t\t\t\t\t\t\t\t<div class=\"newsitem\">\r\n\t\t\t\t\t\t\t<a class=\"overlay\" href=\"https:\/\/euprevent.eu\/de\/euregio-award\/\"><\/a>\r\n                            <div class=\"thumb pull-left\" style=\"background-image: url('https:\/\/euprevent.eu\/wp-content\/uploads\/2007\/03\/200703_EuregioAward_EN-page-001.jpg');\"><\/div>\r\n\t\t\t\t\t\t\t<div class=\"news-info-table\">\r\n\t\t\t\t\t\t\t\t<div class=\"news-info-table-row\">\r\n\t\t\t\t\t\t\t\t\t<div class=\"news-info-table-cell\">\r\n\t\t\t\t\t\t\t\t\t\t<p>21 March 2007<\/p>\r\n\t\t\t\t\t\t\t\t\t\t<h3>Euregio Award<\/h3>\r\n\t\t\t\t\t\t\t\t\t<\/div>\r\n\t\t\t\t\t\t\t\t<\/div>\r\n\t\t\t\t\t\t\t<\/div>\r\n\t\t\t\t\t\t<\/div>\r\n\t\t\t\t\t\t\t\t\t\t\t\t<div class=\"newsitem\">\r\n\t\t\t\t\t\t\t<a class=\"overlay\" href=\"https:\/\/euprevent.eu\/de\/project-ra-in-the-newspapers\/\"><\/a>\r\n                            <div class=\"thumb pull-left\" style=\"background-image: url('https:\/\/euprevent.eu\/wp-content\/uploads\/2017\/12\/050511_Metro_projectRA_NL.jpg');\"><\/div>\r\n\t\t\t\t\t\t\t<div class=\"news-info-table\">\r\n\t\t\t\t\t\t\t\t<div class=\"news-info-table-row\">\r\n\t\t\t\t\t\t\t\t\t<div class=\"news-info-table-cell\">\r\n\t\t\t\t\t\t\t\t\t\t<p>12 May 2005<\/p>\r\n\t\t\t\t\t\t\t\t\t\t<h3>Project RA in the newspapers<\/h3>\r\n\t\t\t\t\t\t\t\t\t<\/div>\r\n\t\t\t\t\t\t\t\t<\/div>\r\n\t\t\t\t\t\t\t<\/div>\r\n\t\t\t\t\t\t<\/div>\r\n\t\t\t\t\t\t\t\t\t\t\t<div class=\"text-center p-5\"><a class=\"btn btn-sm btn-default\" href=\"https:\/\/euprevent.eu\/de\/neuigkeiten\/\">Alle Nachrichten<\/a><\/div>\r\n\t\t\t\t\t\t\t\t<\/div>\r\n            \r\n\t\t<\/div>\r\n\t<\/div>\r\n\r\n\t[\/vc_column_text][\/vc_column][\/vc_row]<\/p>\n<\/section>","protected":false},"excerpt":{"rendered":"<p>[vc_row][vc_column][vc_single_image image=&#8220;2052&#8243; img_size=&#8220;medium&#8220; alignment=&#8220;right&#8220;][vc_column_text] Projekt Risikoverhalten bei Jugendlichen Um das Jahr 2000 herum hatten Fachleute aus dem Bereich der Gesundheitspr\u00e4vention den Eindruck, dass die Jugendlichen aus der Euregio Maas-Rhein (EMR) mehr Alkohol und Drogen konsumierten als fr\u00fcher. Dieser Konsum fand gr\u00f6\u00dftenteils in den Nachbarl\u00e4ndern statt, weil die Jugendlichen in ihrer Freizeit immer \u00f6fter \u00fcber die [&hellip;]<\/p>\n","protected":false},"author":1,"featured_media":0,"parent":0,"menu_order":0,"comment_status":"closed","ping_status":"closed","template":"","meta":{"_acf_changed":false,"footnotes":""},"class_list":["post-2221","page","type-page","status-publish","hentry","programmes-addiction"],"acf":[],"yoast_head":"<!-- This site is optimized with the Yoast SEO plugin v27.5 - https:\/\/yoast.com\/product\/yoast-seo-wordpress\/ -->\n<title>Projekt Risikoverhalten bei Jugendlichen - euPrevent<\/title>\n<meta name=\"robots\" content=\"index, follow, max-snippet:-1, max-image-preview:large, max-video-preview:-1\" \/>\n<link rel=\"canonical\" href=\"https:\/\/euprevent.eu\/de\/projekt-risikoverhalten-bei-jugendlichen\/\" \/>\n<meta property=\"og:locale\" content=\"de_DE\" \/>\n<meta property=\"og:type\" content=\"article\" \/>\n<meta property=\"og:title\" content=\"Projekt Risikoverhalten bei Jugendlichen - euPrevent\" \/>\n<meta property=\"og:description\" content=\"[vc_row][vc_column][vc_single_image image=&#8220;2052&#8243; img_size=&#8220;medium&#8220; alignment=&#8220;right&#8220;][vc_column_text] Projekt Risikoverhalten bei Jugendlichen Um das Jahr 2000 herum hatten Fachleute aus dem Bereich der Gesundheitspr\u00e4vention den Eindruck, dass die Jugendlichen aus der Euregio Maas-Rhein (EMR) mehr Alkohol und Drogen konsumierten als fr\u00fcher. Dieser Konsum fand gr\u00f6\u00dftenteils in den Nachbarl\u00e4ndern statt, weil die Jugendlichen in ihrer Freizeit immer \u00f6fter \u00fcber die [&hellip;]\" \/>\n<meta property=\"og:url\" content=\"https:\/\/euprevent.eu\/de\/projekt-risikoverhalten-bei-jugendlichen\/\" \/>\n<meta property=\"og:site_name\" content=\"euPrevent\" \/>\n<meta property=\"article:modified_time\" content=\"2017-12-14T06:54:33+00:00\" \/>\n<meta name=\"twitter:card\" content=\"summary_large_image\" \/>\n<meta name=\"twitter:label1\" content=\"Gesch\u00e4tzte Lesezeit\" \/>\n\t<meta name=\"twitter:data1\" content=\"3\u00a0Minuten\" \/>\n<script type=\"application\/ld+json\" class=\"yoast-schema-graph\">{\"@context\":\"https:\\\/\\\/schema.org\",\"@graph\":[{\"@type\":\"WebPage\",\"@id\":\"https:\\\/\\\/euprevent.eu\\\/de\\\/projekt-risikoverhalten-bei-jugendlichen\\\/\",\"url\":\"https:\\\/\\\/euprevent.eu\\\/de\\\/projekt-risikoverhalten-bei-jugendlichen\\\/\",\"name\":\"Projekt Risikoverhalten bei Jugendlichen - euPrevent\",\"isPartOf\":{\"@id\":\"https:\\\/\\\/euprevent.eu\\\/de\\\/#website\"},\"datePublished\":\"2017-11-21T13:05:32+00:00\",\"dateModified\":\"2017-12-14T06:54:33+00:00\",\"breadcrumb\":{\"@id\":\"https:\\\/\\\/euprevent.eu\\\/de\\\/projekt-risikoverhalten-bei-jugendlichen\\\/#breadcrumb\"},\"inLanguage\":\"de\",\"potentialAction\":[{\"@type\":\"ReadAction\",\"target\":[\"https:\\\/\\\/euprevent.eu\\\/de\\\/projekt-risikoverhalten-bei-jugendlichen\\\/\"]}]},{\"@type\":\"BreadcrumbList\",\"@id\":\"https:\\\/\\\/euprevent.eu\\\/de\\\/projekt-risikoverhalten-bei-jugendlichen\\\/#breadcrumb\",\"itemListElement\":[{\"@type\":\"ListItem\",\"position\":1,\"name\":\"Home\",\"item\":\"https:\\\/\\\/euprevent.eu\\\/de\\\/\"},{\"@type\":\"ListItem\",\"position\":2,\"name\":\"Projekt Risikoverhalten bei Jugendlichen\"}]},{\"@type\":\"WebSite\",\"@id\":\"https:\\\/\\\/euprevent.eu\\\/de\\\/#website\",\"url\":\"https:\\\/\\\/euprevent.eu\\\/de\\\/\",\"name\":\"euPrevent\",\"description\":\"euPrevent is a Euroregional network that focuses on promoting health. Within this network, sustainable partnerships seek to increase the quality of life of residents in the border region between the Netherlands, Belgium and Germany.\",\"potentialAction\":[{\"@type\":\"SearchAction\",\"target\":{\"@type\":\"EntryPoint\",\"urlTemplate\":\"https:\\\/\\\/euprevent.eu\\\/de\\\/?s={search_term_string}\"},\"query-input\":{\"@type\":\"PropertyValueSpecification\",\"valueRequired\":true,\"valueName\":\"search_term_string\"}}],\"inLanguage\":\"de\"}]}<\/script>\n<!-- \/ Yoast SEO plugin. -->","yoast_head_json":{"title":"Projekt Risikoverhalten bei Jugendlichen - euPrevent","robots":{"index":"index","follow":"follow","max-snippet":"max-snippet:-1","max-image-preview":"max-image-preview:large","max-video-preview":"max-video-preview:-1"},"canonical":"https:\/\/euprevent.eu\/de\/projekt-risikoverhalten-bei-jugendlichen\/","og_locale":"de_DE","og_type":"article","og_title":"Projekt Risikoverhalten bei Jugendlichen - euPrevent","og_description":"[vc_row][vc_column][vc_single_image image=&#8220;2052&#8243; img_size=&#8220;medium&#8220; alignment=&#8220;right&#8220;][vc_column_text] Projekt Risikoverhalten bei Jugendlichen Um das Jahr 2000 herum hatten Fachleute aus dem Bereich der Gesundheitspr\u00e4vention den Eindruck, dass die Jugendlichen aus der Euregio Maas-Rhein (EMR) mehr Alkohol und Drogen konsumierten als fr\u00fcher. Dieser Konsum fand gr\u00f6\u00dftenteils in den Nachbarl\u00e4ndern statt, weil die Jugendlichen in ihrer Freizeit immer \u00f6fter \u00fcber die [&hellip;]","og_url":"https:\/\/euprevent.eu\/de\/projekt-risikoverhalten-bei-jugendlichen\/","og_site_name":"euPrevent","article_modified_time":"2017-12-14T06:54:33+00:00","twitter_card":"summary_large_image","twitter_misc":{"Gesch\u00e4tzte Lesezeit":"3\u00a0Minuten"},"schema":{"@context":"https:\/\/schema.org","@graph":[{"@type":"WebPage","@id":"https:\/\/euprevent.eu\/de\/projekt-risikoverhalten-bei-jugendlichen\/","url":"https:\/\/euprevent.eu\/de\/projekt-risikoverhalten-bei-jugendlichen\/","name":"Projekt Risikoverhalten bei Jugendlichen - euPrevent","isPartOf":{"@id":"https:\/\/euprevent.eu\/de\/#website"},"datePublished":"2017-11-21T13:05:32+00:00","dateModified":"2017-12-14T06:54:33+00:00","breadcrumb":{"@id":"https:\/\/euprevent.eu\/de\/projekt-risikoverhalten-bei-jugendlichen\/#breadcrumb"},"inLanguage":"de","potentialAction":[{"@type":"ReadAction","target":["https:\/\/euprevent.eu\/de\/projekt-risikoverhalten-bei-jugendlichen\/"]}]},{"@type":"BreadcrumbList","@id":"https:\/\/euprevent.eu\/de\/projekt-risikoverhalten-bei-jugendlichen\/#breadcrumb","itemListElement":[{"@type":"ListItem","position":1,"name":"Home","item":"https:\/\/euprevent.eu\/de\/"},{"@type":"ListItem","position":2,"name":"Projekt Risikoverhalten bei Jugendlichen"}]},{"@type":"WebSite","@id":"https:\/\/euprevent.eu\/de\/#website","url":"https:\/\/euprevent.eu\/de\/","name":"euPrevent","description":"euPrevent is a Euroregional network that focuses on promoting health. Within this network, sustainable partnerships seek to increase the quality of life of residents in the border region between the Netherlands, Belgium and Germany.","potentialAction":[{"@type":"SearchAction","target":{"@type":"EntryPoint","urlTemplate":"https:\/\/euprevent.eu\/de\/?s={search_term_string}"},"query-input":{"@type":"PropertyValueSpecification","valueRequired":true,"valueName":"search_term_string"}}],"inLanguage":"de"}]}},"_links":{"self":[{"href":"https:\/\/euprevent.eu\/de\/wp-json\/wp\/v2\/pages\/2221","targetHints":{"allow":["GET"]}}],"collection":[{"href":"https:\/\/euprevent.eu\/de\/wp-json\/wp\/v2\/pages"}],"about":[{"href":"https:\/\/euprevent.eu\/de\/wp-json\/wp\/v2\/types\/page"}],"author":[{"embeddable":true,"href":"https:\/\/euprevent.eu\/de\/wp-json\/wp\/v2\/users\/1"}],"replies":[{"embeddable":true,"href":"https:\/\/euprevent.eu\/de\/wp-json\/wp\/v2\/comments?post=2221"}],"version-history":[{"count":8,"href":"https:\/\/euprevent.eu\/de\/wp-json\/wp\/v2\/pages\/2221\/revisions"}],"predecessor-version":[{"id":3187,"href":"https:\/\/euprevent.eu\/de\/wp-json\/wp\/v2\/pages\/2221\/revisions\/3187"}],"wp:attachment":[{"href":"https:\/\/euprevent.eu\/de\/wp-json\/wp\/v2\/media?parent=2221"}],"curies":[{"name":"wp","href":"https:\/\/api.w.org\/{rel}","templated":true}]}}