


{"id":2213,"date":"2017-11-21T10:29:26","date_gmt":"2017-11-21T10:29:26","guid":{"rendered":"https:\/\/euprevent.eu\/?page_id=2213"},"modified":"2017-12-14T06:24:42","modified_gmt":"2017-12-14T06:24:42","slug":"mrsa","status":"publish","type":"page","link":"https:\/\/euprevent.eu\/de\/mrsa\/","title":{"rendered":"Projekt euPrevent MRSA"},"content":{"rendered":"<section class=\"wpb-content-wrapper\"><p>[vc_row][vc_column][vc_single_image image=&#8220;2052&#8243; img_size=&#8220;medium&#8220; alignment=&#8220;right&#8220;][vc_column_text]<\/p>\n<h1>Projekt euPrevent MRSA<\/h1>\n<p>Seit dem Ende des 20. Jahrhunderts wird das \u00dcberschreiten von Landesgrenzen innerhalb der Europ\u00e4ischen Union immer einfacher. Auch f\u00fcr die Gesundheitsversorgung gehen Patienten h\u00e4ufiger \u00fcber die Grenze. Patientensicherheit (z.B. der Schutz von Patienten gegen Infektionen) ist ein grenz\u00fcberschreitendes Thema.<\/p>\n<p>2009 wollten Pflegeeinrichtungen aus dem Grenzgebiet zwischen den Niederlanden und Deutschland dieses Problem euregional anpacken. Sie starteten das Projekt <a href=\"http:\/\/www.eursafety.eu\">EurSafety Health-Net <\/a>entlang der gesamten deutsch-niederl\u00e4ndischen Grenze. In der Euregio Maas-Rhein (EMR) wollten die belgischen Regionen auch an diesem Projekt mitwirken. Deshalb wurde ein administrativ eigenst\u00e4ndiges EurSafety Health-Net-Projekt unter dem Namen euPrevent MRSA gestartet.[\/vc_column_text][\/vc_column][\/vc_row][vc_row gap=&#8220;25&#8243;][vc_column width=&#8220;1\/2&#8243; css=&#8220;.vc_custom_1509467339928{padding-top: 25px !important;background-color: #f3f3f3 !important;border-radius: 5px !important;}&#8220;][vc_column_text css=&#8220;.vc_custom_1512039209603{margin-bottom: 5px !important;padding-bottom: 5px !important;}&#8220;]<\/p>\n<h3>Projektrahmen<\/h3>\n<ul>\n<li><strong>Zielgruppe:<\/strong> Patienten und B\u00fcrger aus der EMR<\/li>\n<li><strong>Laufzeit:<\/strong> 1. Juli 2009 bis 30. Juni 2012<\/li>\n<\/ul>\n<p>[\/vc_column_text][vc_btn title=&#8220;Finanzierung&#8220; color=&#8220;primary&#8220; size=&#8220;sm&#8220; link=&#8220;url:https%3A%2F%2Feuprevent.eu%2Fde%2Ffinanzierung-mrsa%2F|||&#8220;][vc_btn title=&#8220;Partners&#8220; color=&#8220;primary&#8220; size=&#8220;sm&#8220; link=&#8220;url:%2Fpartner%2F%3Fprojects%3Dproject-euprevent-mrsa|||&#8220;][\/vc_column][\/vc_row][vc_row][vc_column][vc_column_text]<\/p>\n<h2>Projektfokus<\/h2>\n<p>Die Projektpartner wollten Patienten besser gegen das Infektionsrisiko bei grenz\u00fcberschreitender Versorgung in Krankenh\u00e4usern und Pflegeheimen innerhalb der EMR sch\u00fctzen. Dies taten sie durch:<\/p>\n<ul>\n<li><em>Aktivit\u00e4ten<\/em>: Verschiedene Ausbildungskampagnen, Thementage, Informationskampagnen und Kongresse informierten B\u00fcrger und Gesundheitsprofis.<\/li>\n<li><em>Qualit\u00e4tssiegel<\/em>: Das entwickelte Qualit\u00e4tssiegel zeigte, welche Krankenh\u00e4user und Pflegeheime aktiv an der Infektionsbek\u00e4mpfung beteiligt werden.<\/li>\n<li><em>Studie<\/em>: Diverse Studien machten eine Bestandsaufnahme der damaligen Situation.<\/li>\n<\/ul>\n<p>[\/vc_column_text][\/vc_column][\/vc_row][vc_row][vc_column width=&#8220;1\/2&#8243;][vc_column_text]<\/p>\n<h3>Aktivit\u00e4ten<\/h3>\n<p>Beim euPrevent-Projekt MRSA wurde der Austausch von Kenntnissen gro\u00dfgeschrieben. Ziel war, \u00fcberall in der EMR dieselben Informationen zu verwenden. Es ging vor allem darum:<\/p>\n<ol>\n<li>Verbesserung der Umsetzung der Standardhygienema\u00dfnahmen, insbesondere der H\u00e4ndehygiene,<\/li>\n<li>das euregionale Programm \u201eAntibiotica Stewardship\u201c in Krankenh\u00e4usern und Altenheimen anzuwenden (F\u00f6rderung des bewussten Einsatzes von Antibiotika in der gesamten EMR).<\/li>\n<\/ol>\n<p>Eine Reihe Ergebnisse:<\/p>\n<ul>\n<li>Durch den Austausch von \u201ebest practices\u201e wurden in Deutschland und Belgien bestimmte effiziente Arbeitsmethoden aus den Niederlanden \u00fcbernommen.<\/li>\n<li>Es wurde ein Ansatz vereinbart, der f\u00fcr die gesamte EMR gilt: die gemeinsame Bek\u00e4mpfung multiresistenter Krankheitserreger.<\/li>\n<li>\u00dcber \u00f6ffentlichkeitswirksame Kampagnen wurden die B\u00fcrger \u00fcber H\u00e4ndehygiene, Antibiotika und MRSA-Pr\u00e4vention informiert.<\/li>\n<\/ul>\n<p>[\/vc_column_text][vc_column_text]<\/p>\n<h3>Studien<\/h3>\n<p>Bei diesem Projekt wurden Studien mit folgenden Fragestellungen durchgef\u00fchrt:<\/p>\n<ul>\n<li>Wie oft kommt Antibiotikaresistenz in den 3 EMR-L\u00e4ndern vor?<\/li>\n<li>Wie verbreiten sich antibiotikaresistente Bakterien innerhalb von Pflegeeinrichtungen und zwischen Pflegeeinrichtungen in den 3 EMR-L\u00e4ndern?<\/li>\n<li>Wie oft kommen Infektionen au\u00dferhalb des Krankenhauses (nach einer Einlieferung) vor?<\/li>\n<\/ul>\n<p>Es wurde ein euregionales \u00dcberwachungssystem eingerichtet: eine systematische \u00dcberwachung (Aufzeichnung, Analyse und Bewertung) der im Krankenhaus aufgetauchten Infektionen. Mit diesem System werden Infektionsprobleme besser erkannt und Pr\u00e4ventionsma\u00dfnahmen gezielter eingesetzt.[\/vc_column_text][vc_btn title=&#8220;euPrevent MRSA&#8220; color=&#8220;primary&#8220; link=&#8220;url:https%3A%2F%2Feuprevent.eu%2Fde%2Feuprevent-mrsa%2F|||&#8220;][\/vc_column][vc_column width=&#8220;1\/2&#8243;][vc_column_text]<\/p>\n<h3>Zusammenarbeit<\/h3>\n<p>In der EMR entstand ein leistungsf\u00e4higes Netzwerk mit mehreren Netzwerken auf lokaler Ebene. Dieses Netzwerk bestand haupts\u00e4chlich aus Krankenh\u00e4usern. Von Beginn an wurden auch andere relevante Einrichtungen einbezogen. Insgesamt haben \u00fcber 150 Einrichtungen aus den teilnehmenden Regionen am Projekt mitgewirkt:<\/p>\n<ul>\n<li>30 Krankenh\u00e4user,<\/li>\n<li>100 Alten- und Pflegeheime,<\/li>\n<li>Rettungsdienste und ambulante Pflegedienste,<\/li>\n<li>Haus\u00e4rzte und vertragsunabh\u00e4ngige \u00c4rzte,<\/li>\n<li>Versicherungsgesellschaften,<\/li>\n<li>5 Patientenorganisationen:\n<ul>\n<li><a href=\"http:\/\/epecs.eu\">EPECS<\/a> (EU),<\/li>\n<li><a href=\"http:\/\/staedteregion-aachen-paritaet.de\/content\">DPWV<\/a> (DE),<\/li>\n<li><a href=\"http:\/\/huisvoordezorg.nl\">Huis voor de Zorg<\/a> (NL),<\/li>\n<li><a href=\"http:\/\/www.zelfhulp.be\/wat-biedt-trefpunt-zelfhulp\/onderzoek\/zelfhulp-in-vlaanderen\">Vlaams Pati\u00ebnten Belang <\/a>(BE),<\/li>\n<li><a href=\"http:\/\/patientenrat.be\">Patienten Rat und Treff <\/a>(BE).<\/li>\n<\/ul>\n<\/li>\n<\/ul>\n<p>So wurde eine nachhaltige Basis f\u00fcr euregionale Zusammenarbeit bei der Infektionsbek\u00e4mpfung geschaffen[\/vc_column_text][vc_empty_space][vc_column_text]<\/p>\n<h3>Qualit\u00e4tssiegel<\/h3>\n<p>Das bei dem Projekt euPrevent MRSA entworfene Qualit\u00e4tssiegel wird immer noch genutzt. Mit diesem Siegel zeigt eine Einrichtung, dass sie sich aktiv f\u00fcr die Patientensicherheit einsetzt, vorrangig f\u00fcr Hygiene und Infektionspr\u00e4vention. Urspr\u00fcnglich ist das Qualit\u00e4tssiegel nur f\u00fcr Krankenh\u00e4user entworfen worden. Wegen des gro\u00dfen Interesses wurde auch ein Qualit\u00e4tssiegel f\u00fcr Pflegeheime, Rehabilitationskliniken und psychiatrische Kliniken entworfen.[\/vc_column_text][\/vc_column][\/vc_row][vc_row][vc_column][vc_column_text]\t<div class=\"clearfix\"><\/div>\r\n\t<div class=\"panel-events_and_news\">\r\n\t\t<div class=\"row\">\r\n\r\n            \r\n            \t\t\t<div class=\"col-sm-12 col-md-6\" id=\"events\">\r\n\t\t\t\t<h3>Veranstaltungen<\/h3>\r\n\t\t\t\t\t\t\t\t\t<p class=\"text-muted text-center\" style=\"margin:60px 0;\">Keine Veranstaltungen<\/p>\r\n\t\t\t\t\t\t\t\t<\/div>\r\n\r\n            \r\n            \t\t\t<div class=\"col-sm-12 col-md-6\" id=\"news\">\r\n\t\t\t\t<h3>News<\/h3>\r\n\t\t\t\t\t\t\t\t\t\t\t\t\t\t\t<div class=\"newsitem\">\r\n\t\t\t\t\t\t\t<a class=\"overlay\" href=\"https:\/\/euprevent.eu\/de\/gezondheidsprijs-nrw-2012-voor-infectieziektebestrijding\/\"><\/a>\r\n                            <div class=\"thumb pull-left\" style=\"background-image: url('https:\/\/euprevent.eu\/wp-content\/uploads\/2012\/12\/Schermafbeelding-2017-12-15-om-12.14.56.png');\"><\/div>\r\n\t\t\t\t\t\t\t<div class=\"news-info-table\">\r\n\t\t\t\t\t\t\t\t<div class=\"news-info-table-row\">\r\n\t\t\t\t\t\t\t\t\t<div class=\"news-info-table-cell\">\r\n\t\t\t\t\t\t\t\t\t\t<p>15 December 2012<\/p>\r\n\t\t\t\t\t\t\t\t\t\t<h3>Gesundheitspreis NRW 2012<\/h3>\r\n\t\t\t\t\t\t\t\t\t<\/div>\r\n\t\t\t\t\t\t\t\t<\/div>\r\n\t\t\t\t\t\t\t<\/div>\r\n\t\t\t\t\t\t<\/div>\r\n\t\t\t\t\t\t\t\t\t\t\t<div class=\"text-center p-5\"><a class=\"btn btn-sm btn-default\" href=\"https:\/\/euprevent.eu\/de\/neuigkeiten\/\">Alle Nachrichten<\/a><\/div>\r\n\t\t\t\t\t\t\t\t<\/div>\r\n            \r\n\t\t<\/div>\r\n\t<\/div>\r\n\r\n\t[\/vc_column_text][vc_empty_space][\/vc_column][\/vc_row][vc_row][vc_column][\/vc_column][\/vc_row]<\/p>\n<\/section>","protected":false},"excerpt":{"rendered":"<p>[vc_row][vc_column][vc_single_image image=&#8220;2052&#8243; img_size=&#8220;medium&#8220; alignment=&#8220;right&#8220;][vc_column_text] Projekt euPrevent MRSA Seit dem Ende des 20. Jahrhunderts wird das \u00dcberschreiten von Landesgrenzen innerhalb der Europ\u00e4ischen Union immer einfacher. Auch f\u00fcr die Gesundheitsversorgung gehen Patienten h\u00e4ufiger \u00fcber die Grenze. Patientensicherheit (z.B. der Schutz von Patienten gegen Infektionen) ist ein grenz\u00fcberschreitendes Thema. 2009 wollten Pflegeeinrichtungen aus dem Grenzgebiet zwischen den Niederlanden [&hellip;]<\/p>\n","protected":false},"author":1,"featured_media":0,"parent":0,"menu_order":0,"comment_status":"closed","ping_status":"closed","template":"","meta":{"_acf_changed":false,"footnotes":""},"class_list":["post-2213","page","type-page","status-publish","hentry","programmes-infectious-diseases"],"acf":[],"yoast_head":"<!-- This site is optimized with the Yoast SEO plugin v27.5 - https:\/\/yoast.com\/product\/yoast-seo-wordpress\/ -->\n<title>Projekt euPrevent MRSA - euPrevent<\/title>\n<meta name=\"robots\" content=\"index, follow, max-snippet:-1, max-image-preview:large, max-video-preview:-1\" \/>\n<link rel=\"canonical\" href=\"https:\/\/euprevent.eu\/de\/mrsa\/\" \/>\n<meta property=\"og:locale\" content=\"de_DE\" \/>\n<meta property=\"og:type\" content=\"article\" \/>\n<meta property=\"og:title\" content=\"Projekt euPrevent MRSA - euPrevent\" \/>\n<meta property=\"og:description\" content=\"[vc_row][vc_column][vc_single_image image=&#8220;2052&#8243; img_size=&#8220;medium&#8220; alignment=&#8220;right&#8220;][vc_column_text] Projekt euPrevent MRSA Seit dem Ende des 20. Jahrhunderts wird das \u00dcberschreiten von Landesgrenzen innerhalb der Europ\u00e4ischen Union immer einfacher. Auch f\u00fcr die Gesundheitsversorgung gehen Patienten h\u00e4ufiger \u00fcber die Grenze. Patientensicherheit (z.B. der Schutz von Patienten gegen Infektionen) ist ein grenz\u00fcberschreitendes Thema. 2009 wollten Pflegeeinrichtungen aus dem Grenzgebiet zwischen den Niederlanden [&hellip;]\" \/>\n<meta property=\"og:url\" content=\"https:\/\/euprevent.eu\/de\/mrsa\/\" \/>\n<meta property=\"og:site_name\" content=\"euPrevent\" \/>\n<meta property=\"article:modified_time\" content=\"2017-12-14T06:24:42+00:00\" \/>\n<meta name=\"twitter:card\" content=\"summary_large_image\" \/>\n<meta name=\"twitter:label1\" content=\"Gesch\u00e4tzte Lesezeit\" \/>\n\t<meta name=\"twitter:data1\" content=\"4\u00a0Minuten\" \/>\n<script type=\"application\/ld+json\" class=\"yoast-schema-graph\">{\"@context\":\"https:\\\/\\\/schema.org\",\"@graph\":[{\"@type\":\"WebPage\",\"@id\":\"https:\\\/\\\/euprevent.eu\\\/de\\\/mrsa\\\/\",\"url\":\"https:\\\/\\\/euprevent.eu\\\/de\\\/mrsa\\\/\",\"name\":\"Projekt euPrevent MRSA - euPrevent\",\"isPartOf\":{\"@id\":\"https:\\\/\\\/euprevent.eu\\\/de\\\/#website\"},\"datePublished\":\"2017-11-21T10:29:26+00:00\",\"dateModified\":\"2017-12-14T06:24:42+00:00\",\"breadcrumb\":{\"@id\":\"https:\\\/\\\/euprevent.eu\\\/de\\\/mrsa\\\/#breadcrumb\"},\"inLanguage\":\"de\",\"potentialAction\":[{\"@type\":\"ReadAction\",\"target\":[\"https:\\\/\\\/euprevent.eu\\\/de\\\/mrsa\\\/\"]}]},{\"@type\":\"BreadcrumbList\",\"@id\":\"https:\\\/\\\/euprevent.eu\\\/de\\\/mrsa\\\/#breadcrumb\",\"itemListElement\":[{\"@type\":\"ListItem\",\"position\":1,\"name\":\"Home\",\"item\":\"https:\\\/\\\/euprevent.eu\\\/de\\\/\"},{\"@type\":\"ListItem\",\"position\":2,\"name\":\"Projekt euPrevent MRSA\"}]},{\"@type\":\"WebSite\",\"@id\":\"https:\\\/\\\/euprevent.eu\\\/de\\\/#website\",\"url\":\"https:\\\/\\\/euprevent.eu\\\/de\\\/\",\"name\":\"euPrevent\",\"description\":\"euPrevent is a Euroregional network that focuses on promoting health. Within this network, sustainable partnerships seek to increase the quality of life of residents in the border region between the Netherlands, Belgium and Germany.\",\"potentialAction\":[{\"@type\":\"SearchAction\",\"target\":{\"@type\":\"EntryPoint\",\"urlTemplate\":\"https:\\\/\\\/euprevent.eu\\\/de\\\/?s={search_term_string}\"},\"query-input\":{\"@type\":\"PropertyValueSpecification\",\"valueRequired\":true,\"valueName\":\"search_term_string\"}}],\"inLanguage\":\"de\"}]}<\/script>\n<!-- \/ Yoast SEO plugin. -->","yoast_head_json":{"title":"Projekt euPrevent MRSA - euPrevent","robots":{"index":"index","follow":"follow","max-snippet":"max-snippet:-1","max-image-preview":"max-image-preview:large","max-video-preview":"max-video-preview:-1"},"canonical":"https:\/\/euprevent.eu\/de\/mrsa\/","og_locale":"de_DE","og_type":"article","og_title":"Projekt euPrevent MRSA - euPrevent","og_description":"[vc_row][vc_column][vc_single_image image=&#8220;2052&#8243; img_size=&#8220;medium&#8220; alignment=&#8220;right&#8220;][vc_column_text] Projekt euPrevent MRSA Seit dem Ende des 20. Jahrhunderts wird das \u00dcberschreiten von Landesgrenzen innerhalb der Europ\u00e4ischen Union immer einfacher. Auch f\u00fcr die Gesundheitsversorgung gehen Patienten h\u00e4ufiger \u00fcber die Grenze. Patientensicherheit (z.B. der Schutz von Patienten gegen Infektionen) ist ein grenz\u00fcberschreitendes Thema. 2009 wollten Pflegeeinrichtungen aus dem Grenzgebiet zwischen den Niederlanden [&hellip;]","og_url":"https:\/\/euprevent.eu\/de\/mrsa\/","og_site_name":"euPrevent","article_modified_time":"2017-12-14T06:24:42+00:00","twitter_card":"summary_large_image","twitter_misc":{"Gesch\u00e4tzte Lesezeit":"4\u00a0Minuten"},"schema":{"@context":"https:\/\/schema.org","@graph":[{"@type":"WebPage","@id":"https:\/\/euprevent.eu\/de\/mrsa\/","url":"https:\/\/euprevent.eu\/de\/mrsa\/","name":"Projekt euPrevent MRSA - euPrevent","isPartOf":{"@id":"https:\/\/euprevent.eu\/de\/#website"},"datePublished":"2017-11-21T10:29:26+00:00","dateModified":"2017-12-14T06:24:42+00:00","breadcrumb":{"@id":"https:\/\/euprevent.eu\/de\/mrsa\/#breadcrumb"},"inLanguage":"de","potentialAction":[{"@type":"ReadAction","target":["https:\/\/euprevent.eu\/de\/mrsa\/"]}]},{"@type":"BreadcrumbList","@id":"https:\/\/euprevent.eu\/de\/mrsa\/#breadcrumb","itemListElement":[{"@type":"ListItem","position":1,"name":"Home","item":"https:\/\/euprevent.eu\/de\/"},{"@type":"ListItem","position":2,"name":"Projekt euPrevent MRSA"}]},{"@type":"WebSite","@id":"https:\/\/euprevent.eu\/de\/#website","url":"https:\/\/euprevent.eu\/de\/","name":"euPrevent","description":"euPrevent is a Euroregional network that focuses on promoting health. Within this network, sustainable partnerships seek to increase the quality of life of residents in the border region between the Netherlands, Belgium and Germany.","potentialAction":[{"@type":"SearchAction","target":{"@type":"EntryPoint","urlTemplate":"https:\/\/euprevent.eu\/de\/?s={search_term_string}"},"query-input":{"@type":"PropertyValueSpecification","valueRequired":true,"valueName":"search_term_string"}}],"inLanguage":"de"}]}},"_links":{"self":[{"href":"https:\/\/euprevent.eu\/de\/wp-json\/wp\/v2\/pages\/2213","targetHints":{"allow":["GET"]}}],"collection":[{"href":"https:\/\/euprevent.eu\/de\/wp-json\/wp\/v2\/pages"}],"about":[{"href":"https:\/\/euprevent.eu\/de\/wp-json\/wp\/v2\/types\/page"}],"author":[{"embeddable":true,"href":"https:\/\/euprevent.eu\/de\/wp-json\/wp\/v2\/users\/1"}],"replies":[{"embeddable":true,"href":"https:\/\/euprevent.eu\/de\/wp-json\/wp\/v2\/comments?post=2213"}],"version-history":[{"count":16,"href":"https:\/\/euprevent.eu\/de\/wp-json\/wp\/v2\/pages\/2213\/revisions"}],"predecessor-version":[{"id":3163,"href":"https:\/\/euprevent.eu\/de\/wp-json\/wp\/v2\/pages\/2213\/revisions\/3163"}],"wp:attachment":[{"href":"https:\/\/euprevent.eu\/de\/wp-json\/wp\/v2\/media?parent=2213"}],"curies":[{"name":"wp","href":"https:\/\/api.w.org\/{rel}","templated":true}]}}