


{"id":2202,"date":"2017-11-21T09:39:20","date_gmt":"2017-11-21T09:39:20","guid":{"rendered":"https:\/\/euprevent.eu\/?page_id=2202"},"modified":"2017-12-14T06:48:03","modified_gmt":"2017-12-14T06:48:03","slug":"projekt-euprevent-uebergewicht","status":"publish","type":"page","link":"https:\/\/euprevent.eu\/de\/projekt-euprevent-uebergewicht\/","title":{"rendered":"Projekt euPrevent- \u00dcbergewicht"},"content":{"rendered":"<section class=\"wpb-content-wrapper\"><p>[vc_row][vc_column][vc_single_image image=&#8220;2052&#8243; img_size=&#8220;medium&#8220; alignment=&#8220;right&#8220;][vc_column_text]<\/p>\n<h1>Projekt euPrevent \u2013 \u00dcbergewicht<\/h1>\n<p>Thema der <a href=\"https:\/\/euprevent.eu\/de\/?post_type=timeblock\">5. euregionalen Gesundheitskonferenz war das \u00dcbergewicht<\/a>. Ein Problem, das in der gesamten Euregio Maas-Rhein (EMR) vorkommt. Dieses Problem wurde bislang h\u00f6chst unterschiedlich bearbeitet. Die Organisationen aus der EMR wollten enger zusammenarbeiten und dieses Problem euregional anpacken.[\/vc_column_text][\/vc_column][\/vc_row][vc_row gap=&#8220;25&#8243;][vc_column width=&#8220;1\/2&#8243; css=&#8220;.vc_custom_1509467339928{padding-top: 25px !important;background-color: #f3f3f3 !important;border-radius: 5px !important;}&#8220;][vc_column_text css=&#8220;.vc_custom_1512042903441{margin-bottom: 5px !important;padding-bottom: 5px !important;}&#8220;]<\/p>\n<h3>Projektrahmen<\/h3>\n<ul>\n<li><strong>Zielgruppe:<\/strong> Kinder und Jugendliche in der EMR<\/li>\n<li><strong>Laufzeit:<\/strong> 1. Juli 2008 bis 31. Oktober 2012<\/li>\n<\/ul>\n<p>[\/vc_column_text][vc_btn title=&#8220;Finanzierung&#8220; color=&#8220;primary&#8220; size=&#8220;sm&#8220; link=&#8220;url:https%3A%2F%2Feuprevent.eu%2Fde%2Ffinanzierung-uebergewicht%2F|||&#8220;][vc_btn title=&#8220;Partners&#8220; color=&#8220;primary&#8220; size=&#8220;sm&#8220; link=&#8220;url:%2Fpartner%2F%3Fprojects%3Dproject-euprevent-overgewicht|||&#8220;][\/vc_column][\/vc_row][vc_row][vc_column][vc_empty_space][vc_column_text]<\/p>\n<h2>Projektfokus<\/h2>\n<p>Das Projekt hatte zwei Ziele:<\/p>\n<ol>\n<li>eine grenz\u00fcberschreitende Pr\u00e4vention von \u00dcbergewicht bei Kindern und Jugendlichen,<\/li>\n<li>die Ausarbeitung einer effizienten Arbeitsweise f\u00fcr die grenz\u00fcberschreitende Zusammenarbeit, auch bei anderen Themen.<\/li>\n<\/ol>\n<p>&nbsp;<\/p>\n<p>Um diese Ziele zu erreichen, wurde multimedial, gemeinsam und grenz\u00fcberschreitend zusammengearbeitet:<\/p>\n<ul>\n<li><em>multimedial<\/em>: Wie k\u00f6nnen wir neue Online-Plattformen und innovative Marketing- und Kommunikationsstrategien effizient nutzen?\n<ul>\n<li>Ergebnis: ein Online-Qualit\u00e4tsinstrument HEPS Tools + Nutzung sozialer Medien<\/li>\n<\/ul>\n<\/li>\n<li><em>gemeinsam<\/em>: Wie k\u00f6nnen wir die gegenseitigen Kenntnisse und lokalen Aktivit\u00e4ten euregional besser nutzen?\n<ul>\n<li>Ergebnis: lokale Aktivit\u00e4ten sind euregional verf\u00fcgbar + gemeinsame Kampagnen<\/li>\n<\/ul>\n<\/li>\n<li><em>grenz\u00fcberschreitend<\/em>: Wie k\u00f6nnen wir effizient grenz\u00fcberschreitend zusammenarbeiten und etwaige Sprachbarrieren und kulturelle Unterschiede \u00fcberbr\u00fccken?\n<ul>\n<li>Ergebnis: Gr\u00fcndung der Stiftung euPrevent\u2502EMR.<\/li>\n<\/ul>\n<\/li>\n<\/ul>\n<p>[\/vc_column_text][\/vc_column][\/vc_row][vc_row][vc_column width=&#8220;1\/2&#8243;][vc_column_text]<\/p>\n<h3>HEPS Tools<\/h3>\n<p>Die Profis ben\u00f6tigten ein grenz\u00fcberschreitendes Qualit\u00e4tsinstrument, um Organisationen zu helfen, die im Rahmen ihrer Politik ausgesuchten Aktivit\u00e4ten zu \u00fcberpr\u00fcfen und zu verbessern. <a href=\"http:\/\/tools.euprevent.eu\">HEPS Tools for Schools <\/a>(<em>Healthy Eating and Physical activity at Schools<\/em>) ist ein bestehendes, anerkanntes Qualit\u00e4tsinstrument, das von 18 Universit\u00e4ten aus der EU entwickelt wurde. F\u00fcr dieses Projekt wurde das Instrument weiterentwickelt:<\/p>\n<ul>\n<li>Das Instrument wurde in die drei EMR-Sprachen Deutsch, Franz\u00f6sisch und Niederl\u00e4ndische \u00fcbersetzt;<\/li>\n<li>Das Instrument wurde digitalisiert und ist daher nachhaltig f\u00fcr jedermann verf\u00fcgbar.<\/li>\n<\/ul>\n<p>&nbsp;<\/p>\n<p>Wie die HEPS Tools nach Ablauf dieses Projekts in der EMR genutzt wurden, erfahren Sie bei den <a href=\"https:\/\/euprevent.eu\/de\/hepcom\/\">HEPCOM-Projekten<\/a>.[\/vc_column_text][vc_column_text]<\/p>\n<h3>Grenz\u00fcberschreitende Zusammenarbeit<\/h3>\n<p>Nachhaltig, euregional zusammenarbeiten. Jetzt bei diesem Projekt. Sp\u00e4ter auch bei anderen Gesundheitsthemen. Dies war das Ziel dieser grenz\u00fcberschreitenden Zusammenarbeit. Menschen aus verschiedenen Gesellschaftsgruppen wurden zusammengebracht: Politiker, Mitarbeiter der Kommunalverwaltungen, Vermittler und die Jugendlichen selbst.<\/p>\n<ul>\n<li>Jugendliche aus der gesamten EMR haben zusammen daf\u00fcr gesorgt, dass das Projekt bekannt wurde. Sie trafen sich in den sozialen Medien.<\/li>\n<li>Vermittler aus dem Bereich der Pr\u00e4vention von \u00dcbergewicht tauschten Kenntnisse, Erfahrungen und innovative Projekte aus.<\/li>\n<li>Am Ende des Projekts war das Netzwerk auf 193 Organisationen gewachsen. Neben den urspr\u00fcnglichen Projektpartnern haben andere Organisationen aus den Bereichen \u00f6ffentlicher Sektor, Unterricht, Forschung, Gesundheitswesen und Dienstleistungen aktiv am Projekt mitgewirkt.<\/li>\n<li>Die Zusammenarbeit zwischen den EMR-Politikern und zwischen den EMR-Beh\u00f6rdenmitarbeitern soll k\u00fcnftig auch bei anderen Themen genutzt werden. Die <a href=\"https:\/\/euprevent.eu\/de\/over-euprevent\/\">Stiftung euPrevent\u2502EMR<\/a> ist 2010 gegr\u00fcndet worden, um diese grenz\u00fcberschreitende Zusammenarbeit nachhaltig zu sichern.<\/li>\n<\/ul>\n<p>[\/vc_column_text][\/vc_column][vc_column width=&#8220;1\/2&#8243;][vc_column_text]<\/p>\n<h3>Gemeinsame Aktivit\u00e4ten<\/h3>\n<p>Beispiele gemeinsamer Aktivit\u00e4ten:<\/p>\n<ul>\n<li>Eine Reihe erfolgreicher lokaler Programme wurde in die drei EMR-Sprachen \u00fcbersetzt, unter anderem ein Ern\u00e4hrungsquiz und Verkostungsstunden.<\/li>\n<li>Zur F\u00f6rderung der k\u00f6rperlichen Bewegung wurde das Programm \u201eLoop naar de maan\u201c (BE) ausgearbeitet und breiter nutzbar gemacht. Das urspr\u00fcnglich auf Schulklassen ausgerichtete Programm wurde f\u00fcr die individuelle Nutzung und die Nutzung in der Familie angepasst.<\/li>\n<li>In den Volksschulen wurden die Kinder aufgefordert, sich kreativ mit dem Thema \u201e\u00dcbergewicht\u201c auseinanderzusetzen. Sie fertigten mit der Klasse ein Kunstwerk an. Zahlreiche Schulen haben bei diesem Wettbewerb mitgemacht. Unter den Einsendungen wurden 10 Sieger ermittelt.<\/li>\n<li>Die Schulen im Sekundarunterricht wurden ermuntert, Schulkantinen ges\u00fcnder einzurichten. In allen EMR-Regionen wurde eine Ortsschule mit Vorbildfunktion vorgestellt. Diverse Schulkantinen erhielten ein Zertifikat.<\/li>\n<\/ul>\n<p>[\/vc_column_text][vc_column_text]<\/p>\n<h3>Studien<\/h3>\n<p>Im Rahmen des Projekts euPrevent \u2013 \u00dcbergewicht wurden folgende Studien durchgef\u00fchrt:<\/p>\n<ul>\n<li>Studie \u00fcber die Pr\u00e4valenz von \u00dcbergewicht bei Jugendlichen aus der EMR (Autor: Master-Studentin an der H.-H. Universit\u00e4t D\u00fcsseldorf),<\/li>\n<li>Studie \u00fcber die Rolle und die Wirkung von Medikamenten bei der Entstehung von \u00dcbergewicht (Autor: AIGS). Studie \u00fcber die Brauchbarkeit des Qualit\u00e4tsinstrumentes HEPS und die Projektanpassungen (Autoren: Universit\u00e4t Maastricht und NIGZ),<\/li>\n<li>Vergleichende Studie der Politik und der M\u00f6glichkeiten von Schulen, \u00fcber gesunde Ern\u00e4hrung zum R\u00fcckgang des \u00dcbergewichts bei Sch\u00fclern beizutragen.<\/li>\n<\/ul>\n<p>[\/vc_column_text][\/vc_column][\/vc_row][vc_row][vc_column][vc_column_text]\t<div class=\"clearfix\"><\/div>\r\n\t<div class=\"panel-events_and_news\">\r\n\t\t<div class=\"row\">\r\n\r\n            \r\n            \t\t\t<div class=\"col-sm-12 col-md-6\" id=\"events\">\r\n\t\t\t\t<h3>Veranstaltungen<\/h3>\r\n\t\t\t\t\t\t\t\t\t\t\t\t\t\t\t\t<h2><span class=\"hidden\">Veranstaltungen - <\/span>R\u00fcckblick<\/h2>\r\n\t\t\t\t\t\t\t\r\n\t\t\t\t\t\t<div class=\"event media past\">\r\n\t\t\t\t\t\t\t<a class=\"overlay\" href=\"https:\/\/euprevent.eu\/de\/event\/familientag-heinsberg\/\"><\/a>\r\n\t\t\t\t\t\t\t\t\t\t\t\t\t\t<div class=\"thumb pull-left\" style=\"background-image: url('https:\/\/euprevent.eu\/wp-content\/uploads\/2017\/11\/kickoff_4.jpg');\"><\/div>\r\n\t\t\t\t\t\t\t<div class=\"event-info-table\">\r\n\t\t\t\t\t\t\t\t<div class=\"event-info-table-row\">\r\n\t\t\t\t\t\t\t\t\t<div class=\"event-info-table-cell\">\r\n\t\t\t\t\t\t\t\t\t\t<h3>Familientag Heinsberg<\/h3>\r\n                                        <p>29 Juni 2010<\/p>\r\n\t\t\t\t\t\t\t\t\t<\/div>\r\n\t\t\t\t\t\t\t\t<\/div>\r\n\t\t\t\t\t\t\t<\/div>\r\n\t\t\t\t\t\t<\/div>\r\n\r\n\t\t\t\t\t\t\t\t\t\t\t<div class=\"text-center p-5\"><a class=\"btn btn-sm btn-default\" href=\"https:\/\/euprevent.eu\/de\/event\/\">alle Veranstaltungen<\/a><\/div>\r\n\t\t\t\t\t\t\t\t<\/div>\r\n\r\n            \r\n            \t\t\t<div class=\"col-sm-12 col-md-6\" id=\"news\">\r\n\t\t\t\t<h3>News<\/h3>\r\n\t\t\t\t\t\t\t\t\t\t\t\t\t\t\t<div class=\"newsitem\">\r\n\t\t\t\t\t\t\t<a class=\"overlay\" href=\"https:\/\/euprevent.eu\/de\/euprevent-emr-registered-trademark\/\"><\/a>\r\n                            <div class=\"thumb pull-left\" style=\"background-image: url('https:\/\/euprevent.eu\/wp-content\/uploads\/2017\/08\/trademark_both.jpg');\"><\/div>\r\n\t\t\t\t\t\t\t<div class=\"news-info-table\">\r\n\t\t\t\t\t\t\t\t<div class=\"news-info-table-row\">\r\n\t\t\t\t\t\t\t\t\t<div class=\"news-info-table-cell\">\r\n\t\t\t\t\t\t\t\t\t\t<p>5 July 2014<\/p>\r\n\t\t\t\t\t\t\t\t\t\t<h3>euPrevent | EMR: registered Trademark<\/h3>\r\n\t\t\t\t\t\t\t\t\t<\/div>\r\n\t\t\t\t\t\t\t\t<\/div>\r\n\t\t\t\t\t\t\t<\/div>\r\n\t\t\t\t\t\t<\/div>\r\n\t\t\t\t\t\t\t\t\t\t\t\t<div class=\"newsitem\">\r\n\t\t\t\t\t\t\t<a class=\"overlay\" href=\"https:\/\/euprevent.eu\/de\/the-project-euprevent-overweight-on-you-tube\/\"><\/a>\r\n                            <div class=\"thumb pull-left\" style=\"background-image: url('');\"><\/div>\r\n\t\t\t\t\t\t\t<div class=\"news-info-table\">\r\n\t\t\t\t\t\t\t\t<div class=\"news-info-table-row\">\r\n\t\t\t\t\t\t\t\t\t<div class=\"news-info-table-cell\">\r\n\t\t\t\t\t\t\t\t\t\t<p>14 November 2011<\/p>\r\n\t\t\t\t\t\t\t\t\t\t<h3>The project euPrevent overweight on You Tube<\/h3>\r\n\t\t\t\t\t\t\t\t\t<\/div>\r\n\t\t\t\t\t\t\t\t<\/div>\r\n\t\t\t\t\t\t\t<\/div>\r\n\t\t\t\t\t\t<\/div>\r\n\t\t\t\t\t\t\t\t\t\t\t<div class=\"text-center p-5\"><a class=\"btn btn-sm btn-default\" href=\"https:\/\/euprevent.eu\/de\/neuigkeiten\/\">Alle Nachrichten<\/a><\/div>\r\n\t\t\t\t\t\t\t\t<\/div>\r\n            \r\n\t\t<\/div>\r\n\t<\/div>\r\n\r\n\t[\/vc_column_text][\/vc_column][\/vc_row]<\/p>\n<\/section>","protected":false},"excerpt":{"rendered":"<p>[vc_row][vc_column][vc_single_image image=&#8220;2052&#8243; img_size=&#8220;medium&#8220; alignment=&#8220;right&#8220;][vc_column_text] Projekt euPrevent \u2013 \u00dcbergewicht Thema der 5. euregionalen Gesundheitskonferenz war das \u00dcbergewicht. Ein Problem, das in der gesamten Euregio Maas-Rhein (EMR) vorkommt. Dieses Problem wurde bislang h\u00f6chst unterschiedlich bearbeitet. Die Organisationen aus der EMR wollten enger zusammenarbeiten und dieses Problem euregional anpacken.[\/vc_column_text][\/vc_column][\/vc_row][vc_row gap=&#8220;25&#8243;][vc_column width=&#8220;1\/2&#8243; css=&#8220;.vc_custom_1509467339928{padding-top: 25px !important;background-color: #f3f3f3 !important;border-radius: 5px !important;}&#8220;][vc_column_text [&hellip;]<\/p>\n","protected":false},"author":1,"featured_media":0,"parent":0,"menu_order":0,"comment_status":"closed","ping_status":"closed","template":"","meta":{"_acf_changed":false,"footnotes":""},"class_list":["post-2202","page","type-page","status-publish","hentry","programmes-overweight"],"acf":[],"yoast_head":"<!-- This site is optimized with the Yoast SEO plugin v26.8 - https:\/\/yoast.com\/product\/yoast-seo-wordpress\/ -->\n<title>Projekt euPrevent- \u00dcbergewicht - euPrevent<\/title>\n<meta name=\"robots\" content=\"index, follow, max-snippet:-1, max-image-preview:large, max-video-preview:-1\" \/>\n<link rel=\"canonical\" href=\"https:\/\/euprevent.eu\/de\/projekt-euprevent-uebergewicht\/\" \/>\n<meta property=\"og:locale\" content=\"de_DE\" \/>\n<meta property=\"og:type\" content=\"article\" \/>\n<meta property=\"og:title\" content=\"Projekt euPrevent- \u00dcbergewicht - euPrevent\" \/>\n<meta property=\"og:description\" content=\"[vc_row][vc_column][vc_single_image image=&#8220;2052&#8243; img_size=&#8220;medium&#8220; alignment=&#8220;right&#8220;][vc_column_text] Projekt euPrevent \u2013 \u00dcbergewicht Thema der 5. euregionalen Gesundheitskonferenz war das \u00dcbergewicht. Ein Problem, das in der gesamten Euregio Maas-Rhein (EMR) vorkommt. Dieses Problem wurde bislang h\u00f6chst unterschiedlich bearbeitet. Die Organisationen aus der EMR wollten enger zusammenarbeiten und dieses Problem euregional anpacken.[\/vc_column_text][\/vc_column][\/vc_row][vc_row gap=&#8220;25&#8243;][vc_column width=&#8220;1\/2&#8243; css=&#8220;.vc_custom_1509467339928{padding-top: 25px !important;background-color: #f3f3f3 !important;border-radius: 5px !important;}&#8220;][vc_column_text [&hellip;]\" \/>\n<meta property=\"og:url\" content=\"https:\/\/euprevent.eu\/de\/projekt-euprevent-uebergewicht\/\" \/>\n<meta property=\"og:site_name\" content=\"euPrevent\" \/>\n<meta property=\"article:modified_time\" content=\"2017-12-14T06:48:03+00:00\" \/>\n<meta name=\"twitter:card\" content=\"summary_large_image\" \/>\n<meta name=\"twitter:label1\" content=\"Gesch\u00e4tzte Lesezeit\" \/>\n\t<meta name=\"twitter:data1\" content=\"4\u00a0Minuten\" \/>\n<script type=\"application\/ld+json\" class=\"yoast-schema-graph\">{\"@context\":\"https:\/\/schema.org\",\"@graph\":[{\"@type\":\"WebPage\",\"@id\":\"https:\/\/euprevent.eu\/de\/projekt-euprevent-uebergewicht\/\",\"url\":\"https:\/\/euprevent.eu\/de\/projekt-euprevent-uebergewicht\/\",\"name\":\"Projekt euPrevent- \u00dcbergewicht - euPrevent\",\"isPartOf\":{\"@id\":\"https:\/\/euprevent.eu\/de\/#website\"},\"datePublished\":\"2017-11-21T09:39:20+00:00\",\"dateModified\":\"2017-12-14T06:48:03+00:00\",\"breadcrumb\":{\"@id\":\"https:\/\/euprevent.eu\/de\/projekt-euprevent-uebergewicht\/#breadcrumb\"},\"inLanguage\":\"de\",\"potentialAction\":[{\"@type\":\"ReadAction\",\"target\":[\"https:\/\/euprevent.eu\/de\/projekt-euprevent-uebergewicht\/\"]}]},{\"@type\":\"BreadcrumbList\",\"@id\":\"https:\/\/euprevent.eu\/de\/projekt-euprevent-uebergewicht\/#breadcrumb\",\"itemListElement\":[{\"@type\":\"ListItem\",\"position\":1,\"name\":\"Home\",\"item\":\"https:\/\/euprevent.eu\/de\/\"},{\"@type\":\"ListItem\",\"position\":2,\"name\":\"Projekt euPrevent- \u00dcbergewicht\"}]},{\"@type\":\"WebSite\",\"@id\":\"https:\/\/euprevent.eu\/de\/#website\",\"url\":\"https:\/\/euprevent.eu\/de\/\",\"name\":\"euPrevent\",\"description\":\"euPrevent is a Euroregional network that focuses on promoting health. Within this network, sustainable partnerships seek to increase the quality of life of residents in the border region between the Netherlands, Belgium and Germany.\",\"potentialAction\":[{\"@type\":\"SearchAction\",\"target\":{\"@type\":\"EntryPoint\",\"urlTemplate\":\"https:\/\/euprevent.eu\/de\/?s={search_term_string}\"},\"query-input\":{\"@type\":\"PropertyValueSpecification\",\"valueRequired\":true,\"valueName\":\"search_term_string\"}}],\"inLanguage\":\"de\"}]}<\/script>\n<!-- \/ Yoast SEO plugin. -->","yoast_head_json":{"title":"Projekt euPrevent- \u00dcbergewicht - euPrevent","robots":{"index":"index","follow":"follow","max-snippet":"max-snippet:-1","max-image-preview":"max-image-preview:large","max-video-preview":"max-video-preview:-1"},"canonical":"https:\/\/euprevent.eu\/de\/projekt-euprevent-uebergewicht\/","og_locale":"de_DE","og_type":"article","og_title":"Projekt euPrevent- \u00dcbergewicht - euPrevent","og_description":"[vc_row][vc_column][vc_single_image image=&#8220;2052&#8243; img_size=&#8220;medium&#8220; alignment=&#8220;right&#8220;][vc_column_text] Projekt euPrevent \u2013 \u00dcbergewicht Thema der 5. euregionalen Gesundheitskonferenz war das \u00dcbergewicht. Ein Problem, das in der gesamten Euregio Maas-Rhein (EMR) vorkommt. Dieses Problem wurde bislang h\u00f6chst unterschiedlich bearbeitet. Die Organisationen aus der EMR wollten enger zusammenarbeiten und dieses Problem euregional anpacken.[\/vc_column_text][\/vc_column][\/vc_row][vc_row gap=&#8220;25&#8243;][vc_column width=&#8220;1\/2&#8243; css=&#8220;.vc_custom_1509467339928{padding-top: 25px !important;background-color: #f3f3f3 !important;border-radius: 5px !important;}&#8220;][vc_column_text [&hellip;]","og_url":"https:\/\/euprevent.eu\/de\/projekt-euprevent-uebergewicht\/","og_site_name":"euPrevent","article_modified_time":"2017-12-14T06:48:03+00:00","twitter_card":"summary_large_image","twitter_misc":{"Gesch\u00e4tzte Lesezeit":"4\u00a0Minuten"},"schema":{"@context":"https:\/\/schema.org","@graph":[{"@type":"WebPage","@id":"https:\/\/euprevent.eu\/de\/projekt-euprevent-uebergewicht\/","url":"https:\/\/euprevent.eu\/de\/projekt-euprevent-uebergewicht\/","name":"Projekt euPrevent- \u00dcbergewicht - euPrevent","isPartOf":{"@id":"https:\/\/euprevent.eu\/de\/#website"},"datePublished":"2017-11-21T09:39:20+00:00","dateModified":"2017-12-14T06:48:03+00:00","breadcrumb":{"@id":"https:\/\/euprevent.eu\/de\/projekt-euprevent-uebergewicht\/#breadcrumb"},"inLanguage":"de","potentialAction":[{"@type":"ReadAction","target":["https:\/\/euprevent.eu\/de\/projekt-euprevent-uebergewicht\/"]}]},{"@type":"BreadcrumbList","@id":"https:\/\/euprevent.eu\/de\/projekt-euprevent-uebergewicht\/#breadcrumb","itemListElement":[{"@type":"ListItem","position":1,"name":"Home","item":"https:\/\/euprevent.eu\/de\/"},{"@type":"ListItem","position":2,"name":"Projekt euPrevent- \u00dcbergewicht"}]},{"@type":"WebSite","@id":"https:\/\/euprevent.eu\/de\/#website","url":"https:\/\/euprevent.eu\/de\/","name":"euPrevent","description":"euPrevent is a Euroregional network that focuses on promoting health. Within this network, sustainable partnerships seek to increase the quality of life of residents in the border region between the Netherlands, Belgium and Germany.","potentialAction":[{"@type":"SearchAction","target":{"@type":"EntryPoint","urlTemplate":"https:\/\/euprevent.eu\/de\/?s={search_term_string}"},"query-input":{"@type":"PropertyValueSpecification","valueRequired":true,"valueName":"search_term_string"}}],"inLanguage":"de"}]}},"_links":{"self":[{"href":"https:\/\/euprevent.eu\/de\/wp-json\/wp\/v2\/pages\/2202","targetHints":{"allow":["GET"]}}],"collection":[{"href":"https:\/\/euprevent.eu\/de\/wp-json\/wp\/v2\/pages"}],"about":[{"href":"https:\/\/euprevent.eu\/de\/wp-json\/wp\/v2\/types\/page"}],"author":[{"embeddable":true,"href":"https:\/\/euprevent.eu\/de\/wp-json\/wp\/v2\/users\/1"}],"replies":[{"embeddable":true,"href":"https:\/\/euprevent.eu\/de\/wp-json\/wp\/v2\/comments?post=2202"}],"version-history":[{"count":18,"href":"https:\/\/euprevent.eu\/de\/wp-json\/wp\/v2\/pages\/2202\/revisions"}],"predecessor-version":[{"id":3175,"href":"https:\/\/euprevent.eu\/de\/wp-json\/wp\/v2\/pages\/2202\/revisions\/3175"}],"wp:attachment":[{"href":"https:\/\/euprevent.eu\/de\/wp-json\/wp\/v2\/media?parent=2202"}],"curies":[{"name":"wp","href":"https:\/\/api.w.org\/{rel}","templated":true}]}}