


{"id":2200,"date":"2017-11-21T12:19:57","date_gmt":"2017-11-21T12:19:57","guid":{"rendered":"https:\/\/euprevent.eu\/?page_id=2200"},"modified":"2019-01-04T17:45:22","modified_gmt":"2019-01-04T17:45:22","slug":"theater-ueber-demenz-und-depression","status":"publish","type":"page","link":"https:\/\/euprevent.eu\/de\/theater-ueber-demenz-und-depression\/","title":{"rendered":"Projekt Theater \u00fcber Demenz und Depression"},"content":{"rendered":"<section class=\"wpb-content-wrapper\"><p>[vc_row][vc_column width=&#8220;1\/2&#8243;][vc_single_image image=&#8220;2330&#8243; img_size=&#8220;medium&#8220;][\/vc_column][vc_column width=&#8220;1\/2&#8243;][vc_single_image image=&#8220;2052&#8243; img_size=&#8220;medium&#8220; alignment=&#8220;right&#8220;][\/vc_column][\/vc_row][vc_row][vc_column][vc_column_text]<\/p>\n<h1>Projekt Theater \u00fcber Demenz und Depression<\/h1>\n<p>Eine Studie ergab, dass das Thema Demenz und Depression bei Senioren in der Euregio Maas-Rhein (EMR) weitgehend tabu ist. Die Partner des Programms Mental Health suchten nach einer Aktivit\u00e4t, um dieses Thema zur Sprache zur bringen.[\/vc_column_text][\/vc_column][\/vc_row][vc_row gap=&#8220;25&#8243;][vc_column width=&#8220;1\/2&#8243; css=&#8220;.vc_custom_1509467339928{padding-top: 25px !important;background-color: #f3f3f3 !important;border-radius: 5px !important;}&#8220;][vc_column_text css=&#8220;.vc_custom_1512037119926{margin-bottom: 5px !important;padding-bottom: 5px !important;}&#8220;]<\/p>\n<h3>Projektrahmen Theater NL<\/h3>\n<ul>\n<li><strong>Zielgruppe:<\/strong> Senioren und ihr Umfeld<\/li>\n<li><strong>Laufzeit:<\/strong> 1. Juni 2014 bis 31. Mai 2015<\/li>\n<\/ul>\n<p>[\/vc_column_text][vc_btn title=&#8220;Finanzierung&#8220; color=&#8220;primary&#8220; size=&#8220;sm&#8220; link=&#8220;url:https%3A%2F%2Feuprevent.eu%2Fde%2Ffinanzierung-theater-nl%2F|||&#8220;][vc_btn title=&#8220;Partners&#8220; color=&#8220;primary&#8220; size=&#8220;sm&#8220; link=&#8220;url:%2Fpartner%2F%3Fprojects%3Dproject-theater|||&#8220;][\/vc_column][vc_column width=&#8220;1\/2&#8243; css=&#8220;.vc_custom_1511265207263{padding-top: 25px !important;background-color: #f3f3f3 !important;border-radius: 5px !important;}&#8220;][vc_column_text css=&#8220;.vc_custom_1512037126824{margin-bottom: 5px !important;padding-bottom: 5px !important;}&#8220;]<\/p>\n<h3>Projektrahmen Theater DE und BE<\/h3>\n<ul>\n<li><strong>Zielgruppe:<\/strong> Senioren und ihr Umfeld<\/li>\n<li><strong>Laufzeit:<\/strong> 1. September 2014 bis 30. M\u00e4rz 2015<\/li>\n<\/ul>\n<p>[\/vc_column_text][vc_btn title=&#8220;Finanzierung&#8220; color=&#8220;primary&#8220; size=&#8220;sm&#8220; link=&#8220;url:https%3A%2F%2Feuprevent.eu%2Fde%2Ffinanzierung-theater-ueber-demenz-und-depression%2F|||&#8220;][vc_btn title=&#8220;Partners&#8220; color=&#8220;primary&#8220; size=&#8220;sm&#8220; link=&#8220;url:%2Fpartner%2F%3Fprojects%3Dproject-theater-debe|||&#8220;][\/vc_column][\/vc_row][vc_row][vc_column][vc_empty_space][vc_column_text]<\/p>\n<h2>Projektfokus<\/h2>\n<p>Ziel des Projekts ist, Demenz und Depression bei Senioren zur Sprache zu bringen. Setheater schrieb das Theaterst\u00fcck <em>Vergessen &amp; Versunken (\u00fcber Demenz und Depression bei Senioren) (V&amp;V), <\/em>um dieses Thema auf einfach verst\u00e4ndliche Weise in den Mittelpunkt zu r\u00fccken.[\/vc_column_text][\/vc_column][\/vc_row][vc_row][vc_column width=&#8220;1\/2&#8243;][vc_column_text]<\/p>\n<h3>Theatertournee durch die EMR<\/h3>\n<p>Anfang 2015 wurde das St\u00fcck 62-mal in Niederl\u00e4ndisch Limburg, Deutschland, Ostbelgien und Belgisch Limburg aufgef\u00fchrt. Die Vorstellung wurde in Niederl\u00e4ndisch und in Deutsch gegeben. Fachleute aus der Gemeinde w\u00e4hlten jeweils aus, wer zu den Vorstellungen eingeladen wurde. Bei verschiedenen Vorstellungen waren Menschen anwesend, bei denen selbst Demenz oder Depression diagnostiziert worden war.<\/p>\n<p>&nbsp;<\/p>\n<p>Nach Ablauf des Projekts ist die Vorstellung auch beim <a href=\"https:\/\/euprevent.eu\/de\/senior-friendly-communities\/\">Projekt Senior Friendly Communities (SFC)<\/a> eingesetzt worden. F\u00fcr das Projekt SFC wurde die Vorstellung ins Franz\u00f6sische \u00fcbersetzt, sodass V&amp;V nun in den drei EMR-Sprachen verf\u00fcgbar ist.[\/vc_column_text][vc_column_text]<\/p>\n<h3>Das Nachgespr\u00e4ch<\/h3>\n<p>Nach der Vorstellung fand jedes Mal ein Nachgespr\u00e4ch statt. Dieses Gespr\u00e4ch wurde von den Schauspielern begleitet. Das Publikum bestimmte, wor\u00fcber nach der Vorstellung gesprochen wurde. So hatten die Anwesenden Gelegenheit, ihre Gef\u00fchle, Erfahrungen und Fragen miteinander zu teilen. Das war der wichtigste Teil des Projekts.<\/p>\n<p>Im Laufe des Projekts wurde deutlich, dass dies eine effiziente Methode ist, Menschen dazu zu bringen, miteinander \u00fcber Demenz und Depression bei Senioren zu reden. Viele pers\u00f6nliche Erfahrungen wurden weitergegeben. Die Bewertungen ergaben, dass die Anwesenden die Vorstellung und das Nachgespr\u00e4ch sehr gesch\u00e4tzt haben. Das Tabu ist gebrochen.[\/vc_column_text][\/vc_column][vc_column width=&#8220;1\/2&#8243;][vc_column_text]<\/p>\n<h3>Die Vorstellung<\/h3>\n<p>Die Theatervorstellung V&amp;V ist f\u00fcr jeden geeignet, der mit anderen \u00fcber Demenz und Depression bei Senioren reden m\u00f6chte. Das St\u00fcck wird sowohl vor breitem Publikum als f\u00fcr Gruppen von Fachleuten oder Beteiligten gespielt, die sich mit diesem Thema besch\u00e4ftigen.<\/p>\n<p>Das St\u00fcck l\u00e4sst den Zuschauer erfahren, wie schwer fassbar, unbegreiflich und tabu das Thema Demenz und Depression bei Senioren ist. Es taucht ein in Emotionen und Reaktionen, die Demenz und Depression bei Senioren oft hervorrufen. Dem Publikum wird vor Augen gef\u00fchrt:<\/p>\n<ul>\n<li>wie schwer fassbar die Problematik ist;<\/li>\n<li>welche Auswirkung sie auf den Senior selbst und auf sein Umfeld hat;<\/li>\n<li>wie schwer es f\u00e4llt, nicht sagen zu d\u00fcrfen oder zu k\u00f6nnen, \u201e<em>das wird nie wieder gut<\/em>\u201c;<\/li>\n<li>wie wenig Verst\u00e4ndnis das Umfeld zeigt, sodass es manchmal zu verletzenden Reaktionen oder Gleichg\u00fcltigkeit kommt.<\/li>\n<\/ul>\n<p>[\/vc_column_text][vc_column_text]<\/p>\n<h3>Zusammenarbeit<\/h3>\n<p>An diesen Projekten haben neben den Organisationen aus dem Programm Mental Health andere Organisationen eng mitgearbeitet, unter anderem<\/p>\n<ul>\n<li>Pflegeheime,<\/li>\n<li>Betreute Wohnheime,<\/li>\n<li>Ausbildungszentren f\u00fcr das Pflegepersonal,<\/li>\n<li>Patientenvereinigungen wie die \u201eAlzheimer-Vereinigung\u201c (DE).<\/li>\n<\/ul>\n<p>[\/vc_column_text][\/vc_column][\/vc_row][vc_row][vc_column][vc_column_text]<\/p>\n<blockquote><p><em>Danke f\u00fcr die Vorstellung. Hoffe, dass sie an vielen Orten gezeigt wird, damit mehr \u00fcber Depression und Demenz gesprochen wird. <\/em><\/p><\/blockquote>\n<p><em>Kommentar eines Zuschauers aus der Provinz Belgisch Limburg (M\u00e4rz 2015).<\/em>[\/vc_column_text][\/vc_column][\/vc_row][vc_row][vc_column][vc_column_text]\t<div class=\"clearfix\"><\/div>\r\n\t<div class=\"panel-events_and_news\">\r\n\t\t<div class=\"row\">\r\n\r\n            \r\n            \t\t\t<div class=\"col-sm-12 col-md-6\" id=\"events\">\r\n\t\t\t\t<h3>Veranstaltungen<\/h3>\r\n\t\t\t\t\t\t\t\t\t\t\t\t\t\t\t\t<h2><span class=\"hidden\">Veranstaltungen - <\/span>R\u00fcckblick<\/h2>\r\n\t\t\t\t\t\t\t\r\n\t\t\t\t\t\t<div class=\"event media past\">\r\n\t\t\t\t\t\t\t<a class=\"overlay\" href=\"https:\/\/euprevent.eu\/de\/event\/vergeten-en-verzonken-on-tour\/\"><\/a>\r\n\t\t\t\t\t\t\t\t\t\t\t\t\t\t<div class=\"thumb pull-left\" style=\"background-image: url('https:\/\/euprevent.eu\/wp-content\/uploads\/2016\/12\/nieuws_theater.jpg');\"><\/div>\r\n\t\t\t\t\t\t\t<div class=\"event-info-table\">\r\n\t\t\t\t\t\t\t\t<div class=\"event-info-table-row\">\r\n\t\t\t\t\t\t\t\t\t<div class=\"event-info-table-cell\">\r\n\t\t\t\t\t\t\t\t\t\t<h3>Vergeten en Verzonken (on tour)<\/h3>\r\n                                        <p>16 April 2015 - 12 Mai 2015<\/p>\r\n\t\t\t\t\t\t\t\t\t<\/div>\r\n\t\t\t\t\t\t\t\t<\/div>\r\n\t\t\t\t\t\t\t<\/div>\r\n\t\t\t\t\t\t<\/div>\r\n\r\n\t\t\t\t\t\t\t\t\t\t\t<div class=\"text-center p-5\"><a class=\"btn btn-sm btn-default\" href=\"https:\/\/euprevent.eu\/de\/event\/\">alle Veranstaltungen<\/a><\/div>\r\n\t\t\t\t\t\t\t\t<\/div>\r\n\r\n            \r\n            \t\t\t<div class=\"col-sm-12 col-md-6\" id=\"news\">\r\n\t\t\t\t<h3>News<\/h3>\r\n\t\t\t\t\t\t\t\t\t\t\t\t\t\t\t<div class=\"newsitem\">\r\n\t\t\t\t\t\t\t<a class=\"overlay\" href=\"https:\/\/euprevent.eu\/de\/theatre-in-the-emr\/\"><\/a>\r\n                            <div class=\"thumb pull-left\" style=\"background-image: url('https:\/\/euprevent.eu\/wp-content\/uploads\/2017\/12\/IMG_2350.jpg');\"><\/div>\r\n\t\t\t\t\t\t\t<div class=\"news-info-table\">\r\n\t\t\t\t\t\t\t\t<div class=\"news-info-table-row\">\r\n\t\t\t\t\t\t\t\t\t<div class=\"news-info-table-cell\">\r\n\t\t\t\t\t\t\t\t\t\t<p>21 July 2015<\/p>\r\n\t\t\t\t\t\t\t\t\t\t<h3>Theatre in the EMR<\/h3>\r\n\t\t\t\t\t\t\t\t\t<\/div>\r\n\t\t\t\t\t\t\t\t<\/div>\r\n\t\t\t\t\t\t\t<\/div>\r\n\t\t\t\t\t\t<\/div>\r\n\t\t\t\t\t\t\t\t\t\t\t<div class=\"text-center p-5\"><a class=\"btn btn-sm btn-default\" href=\"https:\/\/euprevent.eu\/de\/neuigkeiten\/\">Alle Nachrichten<\/a><\/div>\r\n\t\t\t\t\t\t\t\t<\/div>\r\n            \r\n\t\t<\/div>\r\n\t<\/div>\r\n\r\n\t[\/vc_column_text][\/vc_column][\/vc_row]<\/p>\n<\/section>","protected":false},"excerpt":{"rendered":"<p>[vc_row][vc_column width=&#8220;1\/2&#8243;][vc_single_image image=&#8220;2330&#8243; img_size=&#8220;medium&#8220;][\/vc_column][vc_column width=&#8220;1\/2&#8243;][vc_single_image image=&#8220;2052&#8243; img_size=&#8220;medium&#8220; alignment=&#8220;right&#8220;][\/vc_column][\/vc_row][vc_row][vc_column][vc_column_text] Projekt Theater \u00fcber Demenz und Depression Eine Studie ergab, dass das Thema Demenz und Depression bei Senioren in der Euregio Maas-Rhein (EMR) weitgehend tabu ist. Die Partner des Programms Mental Health suchten nach einer Aktivit\u00e4t, um dieses Thema zur Sprache zur bringen.[\/vc_column_text][\/vc_column][\/vc_row][vc_row gap=&#8220;25&#8243;][vc_column width=&#8220;1\/2&#8243; css=&#8220;.vc_custom_1509467339928{padding-top: 25px !important;background-color: [&hellip;]<\/p>\n","protected":false},"author":1,"featured_media":0,"parent":0,"menu_order":0,"comment_status":"closed","ping_status":"closed","template":"","meta":{"_acf_changed":false,"footnotes":""},"class_list":["post-2200","page","type-page","status-publish","hentry","programmes-mental-health"],"acf":[],"yoast_head":"<!-- This site is optimized with the Yoast SEO plugin v26.8 - https:\/\/yoast.com\/product\/yoast-seo-wordpress\/ -->\n<title>Projekt Theater \u00fcber Demenz und Depression - euPrevent<\/title>\n<meta name=\"robots\" content=\"index, follow, max-snippet:-1, max-image-preview:large, max-video-preview:-1\" \/>\n<link rel=\"canonical\" href=\"https:\/\/euprevent.eu\/de\/theater-ueber-demenz-und-depression\/\" \/>\n<meta property=\"og:locale\" content=\"de_DE\" \/>\n<meta property=\"og:type\" content=\"article\" \/>\n<meta property=\"og:title\" content=\"Projekt Theater \u00fcber Demenz und Depression - euPrevent\" \/>\n<meta property=\"og:description\" content=\"[vc_row][vc_column width=&#8220;1\/2&#8243;][vc_single_image image=&#8220;2330&#8243; img_size=&#8220;medium&#8220;][\/vc_column][vc_column width=&#8220;1\/2&#8243;][vc_single_image image=&#8220;2052&#8243; img_size=&#8220;medium&#8220; alignment=&#8220;right&#8220;][\/vc_column][\/vc_row][vc_row][vc_column][vc_column_text] Projekt Theater \u00fcber Demenz und Depression Eine Studie ergab, dass das Thema Demenz und Depression bei Senioren in der Euregio Maas-Rhein (EMR) weitgehend tabu ist. Die Partner des Programms Mental Health suchten nach einer Aktivit\u00e4t, um dieses Thema zur Sprache zur bringen.[\/vc_column_text][\/vc_column][\/vc_row][vc_row gap=&#8220;25&#8243;][vc_column width=&#8220;1\/2&#8243; css=&#8220;.vc_custom_1509467339928{padding-top: 25px !important;background-color: [&hellip;]\" \/>\n<meta property=\"og:url\" content=\"https:\/\/euprevent.eu\/de\/theater-ueber-demenz-und-depression\/\" \/>\n<meta property=\"og:site_name\" content=\"euPrevent\" \/>\n<meta property=\"article:modified_time\" content=\"2019-01-04T17:45:22+00:00\" \/>\n<meta name=\"twitter:card\" content=\"summary_large_image\" \/>\n<meta name=\"twitter:label1\" content=\"Gesch\u00e4tzte Lesezeit\" \/>\n\t<meta name=\"twitter:data1\" content=\"4\u00a0Minuten\" \/>\n<script type=\"application\/ld+json\" class=\"yoast-schema-graph\">{\"@context\":\"https:\/\/schema.org\",\"@graph\":[{\"@type\":\"WebPage\",\"@id\":\"https:\/\/euprevent.eu\/de\/theater-ueber-demenz-und-depression\/\",\"url\":\"https:\/\/euprevent.eu\/de\/theater-ueber-demenz-und-depression\/\",\"name\":\"Projekt Theater \u00fcber Demenz und Depression - euPrevent\",\"isPartOf\":{\"@id\":\"https:\/\/euprevent.eu\/de\/#website\"},\"datePublished\":\"2017-11-21T12:19:57+00:00\",\"dateModified\":\"2019-01-04T17:45:22+00:00\",\"breadcrumb\":{\"@id\":\"https:\/\/euprevent.eu\/de\/theater-ueber-demenz-und-depression\/#breadcrumb\"},\"inLanguage\":\"de\",\"potentialAction\":[{\"@type\":\"ReadAction\",\"target\":[\"https:\/\/euprevent.eu\/de\/theater-ueber-demenz-und-depression\/\"]}]},{\"@type\":\"BreadcrumbList\",\"@id\":\"https:\/\/euprevent.eu\/de\/theater-ueber-demenz-und-depression\/#breadcrumb\",\"itemListElement\":[{\"@type\":\"ListItem\",\"position\":1,\"name\":\"Home\",\"item\":\"https:\/\/euprevent.eu\/de\/\"},{\"@type\":\"ListItem\",\"position\":2,\"name\":\"Projekt Theater \u00fcber Demenz und Depression\"}]},{\"@type\":\"WebSite\",\"@id\":\"https:\/\/euprevent.eu\/de\/#website\",\"url\":\"https:\/\/euprevent.eu\/de\/\",\"name\":\"euPrevent\",\"description\":\"euPrevent is a Euroregional network that focuses on promoting health. Within this network, sustainable partnerships seek to increase the quality of life of residents in the border region between the Netherlands, Belgium and Germany.\",\"potentialAction\":[{\"@type\":\"SearchAction\",\"target\":{\"@type\":\"EntryPoint\",\"urlTemplate\":\"https:\/\/euprevent.eu\/de\/?s={search_term_string}\"},\"query-input\":{\"@type\":\"PropertyValueSpecification\",\"valueRequired\":true,\"valueName\":\"search_term_string\"}}],\"inLanguage\":\"de\"}]}<\/script>\n<!-- \/ Yoast SEO plugin. -->","yoast_head_json":{"title":"Projekt Theater \u00fcber Demenz und Depression - euPrevent","robots":{"index":"index","follow":"follow","max-snippet":"max-snippet:-1","max-image-preview":"max-image-preview:large","max-video-preview":"max-video-preview:-1"},"canonical":"https:\/\/euprevent.eu\/de\/theater-ueber-demenz-und-depression\/","og_locale":"de_DE","og_type":"article","og_title":"Projekt Theater \u00fcber Demenz und Depression - euPrevent","og_description":"[vc_row][vc_column width=&#8220;1\/2&#8243;][vc_single_image image=&#8220;2330&#8243; img_size=&#8220;medium&#8220;][\/vc_column][vc_column width=&#8220;1\/2&#8243;][vc_single_image image=&#8220;2052&#8243; img_size=&#8220;medium&#8220; alignment=&#8220;right&#8220;][\/vc_column][\/vc_row][vc_row][vc_column][vc_column_text] Projekt Theater \u00fcber Demenz und Depression Eine Studie ergab, dass das Thema Demenz und Depression bei Senioren in der Euregio Maas-Rhein (EMR) weitgehend tabu ist. Die Partner des Programms Mental Health suchten nach einer Aktivit\u00e4t, um dieses Thema zur Sprache zur bringen.[\/vc_column_text][\/vc_column][\/vc_row][vc_row gap=&#8220;25&#8243;][vc_column width=&#8220;1\/2&#8243; css=&#8220;.vc_custom_1509467339928{padding-top: 25px !important;background-color: [&hellip;]","og_url":"https:\/\/euprevent.eu\/de\/theater-ueber-demenz-und-depression\/","og_site_name":"euPrevent","article_modified_time":"2019-01-04T17:45:22+00:00","twitter_card":"summary_large_image","twitter_misc":{"Gesch\u00e4tzte Lesezeit":"4\u00a0Minuten"},"schema":{"@context":"https:\/\/schema.org","@graph":[{"@type":"WebPage","@id":"https:\/\/euprevent.eu\/de\/theater-ueber-demenz-und-depression\/","url":"https:\/\/euprevent.eu\/de\/theater-ueber-demenz-und-depression\/","name":"Projekt Theater \u00fcber Demenz und Depression - euPrevent","isPartOf":{"@id":"https:\/\/euprevent.eu\/de\/#website"},"datePublished":"2017-11-21T12:19:57+00:00","dateModified":"2019-01-04T17:45:22+00:00","breadcrumb":{"@id":"https:\/\/euprevent.eu\/de\/theater-ueber-demenz-und-depression\/#breadcrumb"},"inLanguage":"de","potentialAction":[{"@type":"ReadAction","target":["https:\/\/euprevent.eu\/de\/theater-ueber-demenz-und-depression\/"]}]},{"@type":"BreadcrumbList","@id":"https:\/\/euprevent.eu\/de\/theater-ueber-demenz-und-depression\/#breadcrumb","itemListElement":[{"@type":"ListItem","position":1,"name":"Home","item":"https:\/\/euprevent.eu\/de\/"},{"@type":"ListItem","position":2,"name":"Projekt Theater \u00fcber Demenz und Depression"}]},{"@type":"WebSite","@id":"https:\/\/euprevent.eu\/de\/#website","url":"https:\/\/euprevent.eu\/de\/","name":"euPrevent","description":"euPrevent is a Euroregional network that focuses on promoting health. Within this network, sustainable partnerships seek to increase the quality of life of residents in the border region between the Netherlands, Belgium and Germany.","potentialAction":[{"@type":"SearchAction","target":{"@type":"EntryPoint","urlTemplate":"https:\/\/euprevent.eu\/de\/?s={search_term_string}"},"query-input":{"@type":"PropertyValueSpecification","valueRequired":true,"valueName":"search_term_string"}}],"inLanguage":"de"}]}},"_links":{"self":[{"href":"https:\/\/euprevent.eu\/de\/wp-json\/wp\/v2\/pages\/2200","targetHints":{"allow":["GET"]}}],"collection":[{"href":"https:\/\/euprevent.eu\/de\/wp-json\/wp\/v2\/pages"}],"about":[{"href":"https:\/\/euprevent.eu\/de\/wp-json\/wp\/v2\/types\/page"}],"author":[{"embeddable":true,"href":"https:\/\/euprevent.eu\/de\/wp-json\/wp\/v2\/users\/1"}],"replies":[{"embeddable":true,"href":"https:\/\/euprevent.eu\/de\/wp-json\/wp\/v2\/comments?post=2200"}],"version-history":[{"count":15,"href":"https:\/\/euprevent.eu\/de\/wp-json\/wp\/v2\/pages\/2200\/revisions"}],"predecessor-version":[{"id":7062,"href":"https:\/\/euprevent.eu\/de\/wp-json\/wp\/v2\/pages\/2200\/revisions\/7062"}],"wp:attachment":[{"href":"https:\/\/euprevent.eu\/de\/wp-json\/wp\/v2\/media?parent=2200"}],"curies":[{"name":"wp","href":"https:\/\/api.w.org\/{rel}","templated":true}]}}