


{"id":21985,"date":"2023-09-27T07:51:05","date_gmt":"2023-09-27T06:51:05","guid":{"rendered":"https:\/\/euprevent.eu\/some\/some-factsheets\/"},"modified":"2023-09-28T10:31:17","modified_gmt":"2023-09-28T09:31:17","slug":"some-factsheets","status":"publish","type":"page","link":"https:\/\/euprevent.eu\/de\/some\/some-factsheets\/","title":{"rendered":"SoMe factsheets"},"content":{"rendered":"<section class=\"wpb-content-wrapper\"><p>[vc_row][vc_column][vc_column_text css=&#8220;.vc_custom_1695808077622{margin-bottom: 0px !important;padding-bottom: 0px !important;}&#8220;]<\/p>\n<h1>Factsheets euPrevent SoMe<\/h1>\n<p>Im Rahmen des SoMe-Projekts wurden die grenz\u00fcbergreifenden Komponenten der sozialen Netzwerke der B\u00fcrgerInnen in unserer Grenzregion n\u00e4her beleuchtet. Au\u00dferdem wurden die Chancen und Probleme der Inanspruchnahme von Gesundheitsversorgung im Nachbarland untersucht. Die Ergebnisse konzentrieren sich auf soziale Beziehungen und das Netzwerk an professionellen und informellen Pflegekr\u00e4ften (z. B. pflegende Angeh\u00f6rige), die f\u00fcr die Unterst\u00fctzung oder Pflege bei psychischen Problemen wichtig sein k\u00f6nnen. Die Ergebnisse wurden in zwei Factsheets zusammengefasst &#8211; eines f\u00fcr Fachkr\u00e4fte im Bereich (psychische) Gesundheit und eines f\u00fcr EMR-B\u00fcrgerInnen. Wir laden Sie ein, einen Blick in den untenstehenden Download-Bereich zu werfen.[\/vc_column_text][\/vc_column][\/vc_row][vc_row][vc_column][vc_raw_html]JTNDaWZyYW1lJTIwc3R5bGUlM0QlMjJib3JkZXIlM0EwJTNCd2lkdGglM0ExMDAlMjUlM0JoZWlnaHQlM0E1MDBweCUzQiUyMiUyMHNyYyUzRCUyMmh0dHBzJTNBJTJGJTJGZXVwcmV2ZW50LmV1JTJGd3AtY29udGVudCUyRnVwbG9hZHMlMkZwYWdlZmxpcCUyRnNvbWVfZGUlMkYlMjIlM0UlM0MlMkZpZnJhbWUlM0U=[\/vc_raw_html][\/vc_column][\/vc_row][vc_row][vc_column width=&#8220;1\/2&#8243;][vc_column_text css=&#8220;.vc_custom_1695893473481{margin-bottom: 0px !important;padding-bottom: 0px !important;}&#8220;]<\/p>\n<h1>Download &#8211; B\u00fcrgerInnen<\/h1>\n<ul style=\"margin-left: 0; padding-left: 0;\">\n<li><a href=\"https:\/\/euprevent.eu\/wp-content\/uploads\/2023\/09\/EN-inwoners-SoMe.pdf\" target=\"_blank\" rel=\"noopener\">SoMe Factsheet B\u00fcrgerInnen &#8211; Englisch<\/a><\/li>\n<li><a href=\"https:\/\/euprevent.eu\/wp-content\/uploads\/2023\/09\/NL-inwoners-SoMe.pdf\" target=\"_blank\" rel=\"noopener\">SoMe Factsheet B\u00fcrgerInnen &#8211; Niederl\u00e4ndisch<\/a><\/li>\n<li><a href=\"https:\/\/euprevent.eu\/wp-content\/uploads\/2023\/09\/DE-inwoners-SoMe.pdf\" target=\"_blank\" rel=\"noopener\">SoMe Factsheet B\u00fcrgerInnen &#8211; Deutsch<\/a><\/li>\n<li><a href=\"https:\/\/euprevent.eu\/wp-content\/uploads\/2023\/09\/FR-inwoners-SoMe-2.pdf\" target=\"_blank\" rel=\"noopener\">SoMe Factsheet B\u00fcrgerInnen &#8211; Franz\u00f6sisch<\/a><\/li>\n<\/ul>\n<p>[\/vc_column_text][vc_empty_space height=&#8220;2rem&#8220;][\/vc_column][vc_column width=&#8220;1\/2&#8243;][vc_column_text css=&#8220;.vc_custom_1695808626317{margin-bottom: 0px !important;padding-bottom: 0px !important;}&#8220;]<\/p>\n<h1>Download &#8211; Fachkr\u00e4fte<\/h1>\n<ul style=\"margin-left: 0; padding-left: 0;\">\n<li><a href=\"https:\/\/euprevent.eu\/wp-content\/uploads\/2023\/09\/EN-professionals-SoMe.pdf\" target=\"_blank\" rel=\"noopener\">SoMe Factsheet Fachkr\u00e4fte &#8211; Englisch<\/a><\/li>\n<li><a href=\"https:\/\/euprevent.eu\/wp-content\/uploads\/2023\/09\/NL-professionals-SoMe.pdf\" target=\"_blank\" rel=\"noopener\">SoMe Factsheet Fachkr\u00e4fte &#8211; Niederl\u00e4ndisch<\/a><\/li>\n<li><a href=\"https:\/\/euprevent.eu\/wp-content\/uploads\/2023\/09\/DE-professionals-SoMe.pdf\" target=\"_blank\" rel=\"noopener\">SoMe Factsheet Fachkr\u00e4fte &#8211; Deutsch<\/a><\/li>\n<li><a href=\"https:\/\/euprevent.eu\/wp-content\/uploads\/2023\/09\/FR-professionals-SoMe.pdf\" target=\"_blank\" rel=\"noopener\">SoMe Factsheet Fachkr\u00e4fte &#8211; Franz\u00f6sisch<\/a><\/li>\n<\/ul>\n<p>[\/vc_column_text][vc_empty_space height=&#8220;2rem&#8220;][\/vc_column][\/vc_row]<\/p>\n<\/section>","protected":false},"excerpt":{"rendered":"<p>[vc_row][vc_column][vc_column_text css=&#8220;.vc_custom_1695808077622{margin-bottom: 0px !important;padding-bottom: 0px !important;}&#8220;] Factsheets euPrevent SoMe Im Rahmen des SoMe-Projekts wurden die grenz\u00fcbergreifenden Komponenten der sozialen Netzwerke der B\u00fcrgerInnen in unserer Grenzregion n\u00e4her beleuchtet. Au\u00dferdem wurden die Chancen und Probleme der Inanspruchnahme von Gesundheitsversorgung im Nachbarland untersucht. Die Ergebnisse konzentrieren sich auf soziale Beziehungen und das Netzwerk an professionellen und informellen Pflegekr\u00e4ften [&hellip;]<\/p>\n","protected":false},"author":1,"featured_media":0,"parent":19383,"menu_order":0,"comment_status":"closed","ping_status":"closed","template":"","meta":{"_acf_changed":false,"footnotes":""},"class_list":["post-21985","page","type-page","status-publish","hentry","programmes-mental-health"],"acf":[],"yoast_head":"<!-- This site is optimized with the Yoast SEO plugin v27.5 - https:\/\/yoast.com\/product\/yoast-seo-wordpress\/ -->\n<title>SoMe factsheets - euPrevent<\/title>\n<meta name=\"robots\" content=\"index, follow, max-snippet:-1, max-image-preview:large, max-video-preview:-1\" \/>\n<link rel=\"canonical\" href=\"https:\/\/euprevent.eu\/de\/some\/some-factsheets\/\" \/>\n<meta property=\"og:locale\" content=\"de_DE\" \/>\n<meta property=\"og:type\" content=\"article\" \/>\n<meta property=\"og:title\" content=\"SoMe factsheets - euPrevent\" \/>\n<meta property=\"og:description\" content=\"[vc_row][vc_column][vc_column_text css=&#8220;.vc_custom_1695808077622{margin-bottom: 0px !important;padding-bottom: 0px !important;}&#8220;] Factsheets euPrevent SoMe Im Rahmen des SoMe-Projekts wurden die grenz\u00fcbergreifenden Komponenten der sozialen Netzwerke der B\u00fcrgerInnen in unserer Grenzregion n\u00e4her beleuchtet. Au\u00dferdem wurden die Chancen und Probleme der Inanspruchnahme von Gesundheitsversorgung im Nachbarland untersucht. Die Ergebnisse konzentrieren sich auf soziale Beziehungen und das Netzwerk an professionellen und informellen Pflegekr\u00e4ften [&hellip;]\" \/>\n<meta property=\"og:url\" content=\"https:\/\/euprevent.eu\/de\/some\/some-factsheets\/\" \/>\n<meta property=\"og:site_name\" content=\"euPrevent\" \/>\n<meta property=\"article:modified_time\" content=\"2023-09-28T09:31:17+00:00\" \/>\n<meta name=\"twitter:card\" content=\"summary_large_image\" \/>\n<meta name=\"twitter:label1\" content=\"Gesch\u00e4tzte Lesezeit\" \/>\n\t<meta name=\"twitter:data1\" content=\"1\u00a0Minute\" \/>\n<script type=\"application\/ld+json\" class=\"yoast-schema-graph\">{\"@context\":\"https:\\\/\\\/schema.org\",\"@graph\":[{\"@type\":\"WebPage\",\"@id\":\"https:\\\/\\\/euprevent.eu\\\/de\\\/some\\\/some-factsheets\\\/\",\"url\":\"https:\\\/\\\/euprevent.eu\\\/de\\\/some\\\/some-factsheets\\\/\",\"name\":\"SoMe factsheets - euPrevent\",\"isPartOf\":{\"@id\":\"https:\\\/\\\/euprevent.eu\\\/de\\\/#website\"},\"datePublished\":\"2023-09-27T06:51:05+00:00\",\"dateModified\":\"2023-09-28T09:31:17+00:00\",\"breadcrumb\":{\"@id\":\"https:\\\/\\\/euprevent.eu\\\/de\\\/some\\\/some-factsheets\\\/#breadcrumb\"},\"inLanguage\":\"de\",\"potentialAction\":[{\"@type\":\"ReadAction\",\"target\":[\"https:\\\/\\\/euprevent.eu\\\/de\\\/some\\\/some-factsheets\\\/\"]}]},{\"@type\":\"BreadcrumbList\",\"@id\":\"https:\\\/\\\/euprevent.eu\\\/de\\\/some\\\/some-factsheets\\\/#breadcrumb\",\"itemListElement\":[{\"@type\":\"ListItem\",\"position\":1,\"name\":\"Home\",\"item\":\"https:\\\/\\\/euprevent.eu\\\/de\\\/\"},{\"@type\":\"ListItem\",\"position\":2,\"name\":\"Projekt euPrevent Mental Health &#038; Social Networks\",\"item\":\"https:\\\/\\\/euprevent.eu\\\/de\\\/some\\\/\"},{\"@type\":\"ListItem\",\"position\":3,\"name\":\"SoMe factsheets\"}]},{\"@type\":\"WebSite\",\"@id\":\"https:\\\/\\\/euprevent.eu\\\/de\\\/#website\",\"url\":\"https:\\\/\\\/euprevent.eu\\\/de\\\/\",\"name\":\"euPrevent\",\"description\":\"euPrevent is a Euroregional network that focuses on promoting health. Within this network, sustainable partnerships seek to increase the quality of life of residents in the border region between the Netherlands, Belgium and Germany.\",\"potentialAction\":[{\"@type\":\"SearchAction\",\"target\":{\"@type\":\"EntryPoint\",\"urlTemplate\":\"https:\\\/\\\/euprevent.eu\\\/de\\\/?s={search_term_string}\"},\"query-input\":{\"@type\":\"PropertyValueSpecification\",\"valueRequired\":true,\"valueName\":\"search_term_string\"}}],\"inLanguage\":\"de\"}]}<\/script>\n<!-- \/ Yoast SEO plugin. -->","yoast_head_json":{"title":"SoMe factsheets - euPrevent","robots":{"index":"index","follow":"follow","max-snippet":"max-snippet:-1","max-image-preview":"max-image-preview:large","max-video-preview":"max-video-preview:-1"},"canonical":"https:\/\/euprevent.eu\/de\/some\/some-factsheets\/","og_locale":"de_DE","og_type":"article","og_title":"SoMe factsheets - euPrevent","og_description":"[vc_row][vc_column][vc_column_text css=&#8220;.vc_custom_1695808077622{margin-bottom: 0px !important;padding-bottom: 0px !important;}&#8220;] Factsheets euPrevent SoMe Im Rahmen des SoMe-Projekts wurden die grenz\u00fcbergreifenden Komponenten der sozialen Netzwerke der B\u00fcrgerInnen in unserer Grenzregion n\u00e4her beleuchtet. Au\u00dferdem wurden die Chancen und Probleme der Inanspruchnahme von Gesundheitsversorgung im Nachbarland untersucht. Die Ergebnisse konzentrieren sich auf soziale Beziehungen und das Netzwerk an professionellen und informellen Pflegekr\u00e4ften [&hellip;]","og_url":"https:\/\/euprevent.eu\/de\/some\/some-factsheets\/","og_site_name":"euPrevent","article_modified_time":"2023-09-28T09:31:17+00:00","twitter_card":"summary_large_image","twitter_misc":{"Gesch\u00e4tzte Lesezeit":"1\u00a0Minute"},"schema":{"@context":"https:\/\/schema.org","@graph":[{"@type":"WebPage","@id":"https:\/\/euprevent.eu\/de\/some\/some-factsheets\/","url":"https:\/\/euprevent.eu\/de\/some\/some-factsheets\/","name":"SoMe factsheets - euPrevent","isPartOf":{"@id":"https:\/\/euprevent.eu\/de\/#website"},"datePublished":"2023-09-27T06:51:05+00:00","dateModified":"2023-09-28T09:31:17+00:00","breadcrumb":{"@id":"https:\/\/euprevent.eu\/de\/some\/some-factsheets\/#breadcrumb"},"inLanguage":"de","potentialAction":[{"@type":"ReadAction","target":["https:\/\/euprevent.eu\/de\/some\/some-factsheets\/"]}]},{"@type":"BreadcrumbList","@id":"https:\/\/euprevent.eu\/de\/some\/some-factsheets\/#breadcrumb","itemListElement":[{"@type":"ListItem","position":1,"name":"Home","item":"https:\/\/euprevent.eu\/de\/"},{"@type":"ListItem","position":2,"name":"Projekt euPrevent Mental Health &#038; Social Networks","item":"https:\/\/euprevent.eu\/de\/some\/"},{"@type":"ListItem","position":3,"name":"SoMe factsheets"}]},{"@type":"WebSite","@id":"https:\/\/euprevent.eu\/de\/#website","url":"https:\/\/euprevent.eu\/de\/","name":"euPrevent","description":"euPrevent is a Euroregional network that focuses on promoting health. Within this network, sustainable partnerships seek to increase the quality of life of residents in the border region between the Netherlands, Belgium and Germany.","potentialAction":[{"@type":"SearchAction","target":{"@type":"EntryPoint","urlTemplate":"https:\/\/euprevent.eu\/de\/?s={search_term_string}"},"query-input":{"@type":"PropertyValueSpecification","valueRequired":true,"valueName":"search_term_string"}}],"inLanguage":"de"}]}},"_links":{"self":[{"href":"https:\/\/euprevent.eu\/de\/wp-json\/wp\/v2\/pages\/21985","targetHints":{"allow":["GET"]}}],"collection":[{"href":"https:\/\/euprevent.eu\/de\/wp-json\/wp\/v2\/pages"}],"about":[{"href":"https:\/\/euprevent.eu\/de\/wp-json\/wp\/v2\/types\/page"}],"author":[{"embeddable":true,"href":"https:\/\/euprevent.eu\/de\/wp-json\/wp\/v2\/users\/1"}],"replies":[{"embeddable":true,"href":"https:\/\/euprevent.eu\/de\/wp-json\/wp\/v2\/comments?post=21985"}],"version-history":[{"count":4,"href":"https:\/\/euprevent.eu\/de\/wp-json\/wp\/v2\/pages\/21985\/revisions"}],"predecessor-version":[{"id":22014,"href":"https:\/\/euprevent.eu\/de\/wp-json\/wp\/v2\/pages\/21985\/revisions\/22014"}],"up":[{"embeddable":true,"href":"https:\/\/euprevent.eu\/de\/wp-json\/wp\/v2\/pages\/19383"}],"wp:attachment":[{"href":"https:\/\/euprevent.eu\/de\/wp-json\/wp\/v2\/media?parent=21985"}],"curies":[{"name":"wp","href":"https:\/\/api.w.org\/{rel}","templated":true}]}}