


{"id":21880,"date":"2023-09-11T09:42:44","date_gmt":"2023-09-11T08:42:44","guid":{"rendered":"https:\/\/euprevent.eu\/?page_id=21880"},"modified":"2023-09-25T09:51:30","modified_gmt":"2023-09-25T08:51:30","slug":"berichte-ueber-generationenuebergreifende-buergergipfel-einsamkeit","status":"publish","type":"page","link":"https:\/\/euprevent.eu\/de\/profile\/berichte-ueber-generationenuebergreifende-buergergipfel-einsamkeit\/","title":{"rendered":"Berichte \u00fcber generationen\u00fcbergreifende B\u00fcrgergipfel &#8222;Einsamkeit&#8220;"},"content":{"rendered":"<section class=\"wpb-content-wrapper\"><p>[vc_row][vc_column][vc_column_text]<\/p>\n<h1>Berichte \u00fcber generationen\u00fcbergreifende B\u00fcrgergipfel &#8222;Einsamkeit&#8220;<\/h1>\n<p style=\"font-weight: 400;\">M\u00f6chten Sie oder Ihre Organisation einen eigenen B\u00fcrgerdialogf\u00fcr den intergenerationellen Austausch organisieren, wissen aber nicht, wo oder wie Sie beginnen sollen? Dann finden Sie weitere Informationen in unserem Handbuch. Im Rahmen des Projekts euPrevent PROFILE haben wir eine F\u00fclle von wertvollen Tipps und Tricks zusammengetragen, die Sie bei der Organisation eines Gipfels unterst\u00fctzen.<\/p>\n<p style=\"font-weight: 400;\">Diese Erfahrungen haben wir in einem Handbuch zusammengefasst, das <a href=\"https:\/\/euprevent.eu\/de\/profile\/profile-guide-on-intergenerational-exchange\/\">hier<\/a> zum Download bereitsteht.<\/p>\n<p style=\"font-weight: 400;\">Und als zus\u00e4tzliche Inspiration laden wir Sie ein, die Berichte der im Rahmen des euPrevent PROFILE-Projekts durchgef\u00fchrten Dialogveranstaltungen zu lesen. Diese Berichte bieten einen Einblick in die spannenden Diskussionen und Ergebnisse der durchgef\u00fchrten intergenerationellen B\u00fcrgerdialoge und liefern Ideen und Motivation f\u00fcr Ihre eigenen generationen\u00fcbergreifenden Veranstaltungen.<\/p>\n<p>[\/vc_column_text][\/vc_column][\/vc_row][vc_row content_placement=&#8220;middle&#8220;][vc_column width=&#8220;1\/3&#8243;][vc_single_image image=&#8220;21867&#8243; img_size=&#8220;full&#8220;][\/vc_column][vc_column width=&#8220;2\/3&#8243;][vc_column_text]<\/p>\n<h2>Richtlinie<\/h2>\n<ul>\n<li><a href=\"https:\/\/euprevent.eu\/wp-content\/uploads\/2023\/09\/euPrevent-PROFILE-Guideline-CS-ENG-1.pdf\" target=\"_blank\" rel=\"noopener\">PROFILE Citizen Summit Guideline &#8211; English<\/a><\/li>\n<li><a href=\"https:\/\/euprevent.eu\/wp-content\/uploads\/2023\/09\/euPrevent-PROFILE-Guideline-CS-FR-1.pdf\" target=\"_blank\" rel=\"noopener\">PROFILE Citizen Summit Guideline &#8211; French<\/a><\/li>\n<li><a href=\"https:\/\/euprevent.eu\/wp-content\/uploads\/2023\/09\/euPrevent-PROFILE-Guideline-CS-DE-1.pdf\">PROFILE Citizen Summit Guideline &#8211; German<\/a><\/li>\n<li><a href=\"https:\/\/euprevent.eu\/wp-content\/uploads\/2023\/09\/euPrevent-PROFILE-Guideline-CS-NL-1.pdf\" target=\"_blank\" rel=\"noopener\">PROFILE Citizen Summit Guideline &#8211; Dutch<\/a><\/li>\n<\/ul>\n<p>[\/vc_column_text][vc_column_text]<\/p>\n<h2>Berichte<\/h2>\n<ul>\n<li><a href=\"https:\/\/euprevent.eu\/wp-content\/uploads\/2023\/09\/euPrevent-PROFILE-Citizen-Summit-Duren-DE-1.pdf\" target=\"_blank\" rel=\"noopener\">PROFILE Citizen Summit Du\u0308ren &#8211; German<\/a><\/li>\n<li><a href=\"https:\/\/euprevent.eu\/wp-content\/uploads\/2023\/09\/euPrevent-PROFILE-Citizen-Summit-Duren-EN-1.pdf\" target=\"_blank\" rel=\"noopener\">PROFILE Citizen Summit Du\u0308ren &#8211; English<\/a><\/li>\n<li><a href=\"https:\/\/euprevent.eu\/wp-content\/uploads\/2023\/09\/euPrevent-PROFILE-Citizen-Summit-Hasselt-NL-2.pdf\" target=\"_blank\" rel=\"noopener\">PROFILE Citizen Summit Hasselt &#8211; Dutch<\/a><\/li>\n<li><a href=\"https:\/\/euprevent.eu\/wp-content\/uploads\/2023\/09\/euPrevent-PROFILE-Citizen-Summit-Hasselt-EN-2.pdf\" target=\"_blank\" rel=\"noopener\">PROFILE Citizen Summit Hasselt &#8211; English<\/a><\/li>\n<li><a href=\"https:\/\/euprevent.eu\/wp-content\/uploads\/2023\/09\/euPrevent-PROFILE-Citizen-Summit-Kerkrade-NL-1.pdf\" target=\"_blank\" rel=\"noopener\">PROFILE Citizen Summit Kerkrade &#8211; Dutch<\/a><\/li>\n<li><a href=\"https:\/\/euprevent.eu\/wp-content\/uploads\/2023\/09\/euPrevent-PROFILE-Citizen-Summit-Kerkrade-EN-1.pdf\" target=\"_blank\" rel=\"noopener\">PROFILE Citizen Summit Kerkrade &#8211; English<\/a><\/li>\n<li><a href=\"https:\/\/euprevent.eu\/wp-content\/uploads\/2023\/09\/euPrevent-PROFILE-Citizen-Summit-Liege-FR-1.pdf\" target=\"_blank\" rel=\"noopener\">PROFILE Citizen Summit Li\u00e8ge &#8211; French<\/a><\/li>\n<li><a href=\"https:\/\/euprevent.eu\/wp-content\/uploads\/2023\/09\/euPrevent-PROFILE-Citizen-Summit-Liege-EN-1.pdf\" target=\"_blank\" rel=\"noopener\">PROFILE Citizen Summit Li\u00e8ge &#8211; English<\/a><\/li>\n<li><a href=\"https:\/\/euprevent.eu\/wp-content\/uploads\/2023\/09\/euPrevent-PROFILE-Citizen-Summit-Thimister-Clermont-FR-1.pdf\" target=\"_blank\" rel=\"noopener\">PROFILE Citizen Summit Thimister-Clermont &#8211; French<\/a><\/li>\n<li><a href=\"https:\/\/euprevent.eu\/wp-content\/uploads\/2023\/09\/euPrevent-PROFILE-Citizen-Summit-Thimister-Clermont-EN-1.pdf\" target=\"_blank\" rel=\"noopener\">PROFILE Citizen Summit Thimister-Clermont &#8211; English<\/a><\/li>\n<\/ul>\n<p>[\/vc_column_text][\/vc_column][\/vc_row]<\/p>\n<\/section>","protected":false},"excerpt":{"rendered":"<p>[vc_row][vc_column][vc_column_text] Berichte \u00fcber generationen\u00fcbergreifende B\u00fcrgergipfel &#8222;Einsamkeit&#8220; M\u00f6chten Sie oder Ihre Organisation einen eigenen B\u00fcrgerdialogf\u00fcr den intergenerationellen Austausch organisieren, wissen aber nicht, wo oder wie Sie beginnen sollen? Dann finden Sie weitere Informationen in unserem Handbuch. Im Rahmen des Projekts euPrevent PROFILE haben wir eine F\u00fclle von wertvollen Tipps und Tricks zusammengetragen, die Sie bei der [&hellip;]<\/p>\n","protected":false},"author":1,"featured_media":0,"parent":14843,"menu_order":0,"comment_status":"closed","ping_status":"closed","template":"","meta":{"_acf_changed":false,"footnotes":""},"class_list":["post-21880","page","type-page","status-publish","hentry","programmes-mental-health"],"acf":[],"yoast_head":"<!-- This site is optimized with the Yoast SEO plugin v26.8 - https:\/\/yoast.com\/product\/yoast-seo-wordpress\/ -->\n<title>Berichte \u00fcber generationen\u00fcbergreifende B\u00fcrgergipfel &quot;Einsamkeit&quot; - euPrevent<\/title>\n<meta name=\"robots\" content=\"index, follow, max-snippet:-1, max-image-preview:large, max-video-preview:-1\" \/>\n<link rel=\"canonical\" href=\"https:\/\/euprevent.eu\/de\/profile\/berichte-ueber-generationenuebergreifende-buergergipfel-einsamkeit\/\" \/>\n<meta property=\"og:locale\" content=\"de_DE\" \/>\n<meta property=\"og:type\" content=\"article\" \/>\n<meta property=\"og:title\" content=\"Berichte \u00fcber generationen\u00fcbergreifende B\u00fcrgergipfel &quot;Einsamkeit&quot; - euPrevent\" \/>\n<meta property=\"og:description\" content=\"[vc_row][vc_column][vc_column_text] Berichte \u00fcber generationen\u00fcbergreifende B\u00fcrgergipfel &#8222;Einsamkeit&#8220; M\u00f6chten Sie oder Ihre Organisation einen eigenen B\u00fcrgerdialogf\u00fcr den intergenerationellen Austausch organisieren, wissen aber nicht, wo oder wie Sie beginnen sollen? Dann finden Sie weitere Informationen in unserem Handbuch. Im Rahmen des Projekts euPrevent PROFILE haben wir eine F\u00fclle von wertvollen Tipps und Tricks zusammengetragen, die Sie bei der [&hellip;]\" \/>\n<meta property=\"og:url\" content=\"https:\/\/euprevent.eu\/de\/profile\/berichte-ueber-generationenuebergreifende-buergergipfel-einsamkeit\/\" \/>\n<meta property=\"og:site_name\" content=\"euPrevent\" \/>\n<meta property=\"article:modified_time\" content=\"2023-09-25T08:51:30+00:00\" \/>\n<meta name=\"twitter:card\" content=\"summary_large_image\" \/>\n<meta name=\"twitter:label1\" content=\"Gesch\u00e4tzte Lesezeit\" \/>\n\t<meta name=\"twitter:data1\" content=\"1\u00a0Minute\" \/>\n<script type=\"application\/ld+json\" class=\"yoast-schema-graph\">{\"@context\":\"https:\/\/schema.org\",\"@graph\":[{\"@type\":\"WebPage\",\"@id\":\"https:\/\/euprevent.eu\/de\/profile\/berichte-ueber-generationenuebergreifende-buergergipfel-einsamkeit\/\",\"url\":\"https:\/\/euprevent.eu\/de\/profile\/berichte-ueber-generationenuebergreifende-buergergipfel-einsamkeit\/\",\"name\":\"Berichte \u00fcber generationen\u00fcbergreifende B\u00fcrgergipfel \\\"Einsamkeit\\\" - euPrevent\",\"isPartOf\":{\"@id\":\"https:\/\/euprevent.eu\/de\/#website\"},\"datePublished\":\"2023-09-11T08:42:44+00:00\",\"dateModified\":\"2023-09-25T08:51:30+00:00\",\"breadcrumb\":{\"@id\":\"https:\/\/euprevent.eu\/de\/profile\/berichte-ueber-generationenuebergreifende-buergergipfel-einsamkeit\/#breadcrumb\"},\"inLanguage\":\"de\",\"potentialAction\":[{\"@type\":\"ReadAction\",\"target\":[\"https:\/\/euprevent.eu\/de\/profile\/berichte-ueber-generationenuebergreifende-buergergipfel-einsamkeit\/\"]}]},{\"@type\":\"BreadcrumbList\",\"@id\":\"https:\/\/euprevent.eu\/de\/profile\/berichte-ueber-generationenuebergreifende-buergergipfel-einsamkeit\/#breadcrumb\",\"itemListElement\":[{\"@type\":\"ListItem\",\"position\":1,\"name\":\"Home\",\"item\":\"https:\/\/euprevent.eu\/de\/\"},{\"@type\":\"ListItem\",\"position\":2,\"name\":\"Projekt euPrevent PROFILE\",\"item\":\"https:\/\/euprevent.eu\/de\/profile\/\"},{\"@type\":\"ListItem\",\"position\":3,\"name\":\"Berichte \u00fcber generationen\u00fcbergreifende B\u00fcrgergipfel &#8220;Einsamkeit&#8221;\"}]},{\"@type\":\"WebSite\",\"@id\":\"https:\/\/euprevent.eu\/de\/#website\",\"url\":\"https:\/\/euprevent.eu\/de\/\",\"name\":\"euPrevent\",\"description\":\"euPrevent is a Euroregional network that focuses on promoting health. Within this network, sustainable partnerships seek to increase the quality of life of residents in the border region between the Netherlands, Belgium and Germany.\",\"potentialAction\":[{\"@type\":\"SearchAction\",\"target\":{\"@type\":\"EntryPoint\",\"urlTemplate\":\"https:\/\/euprevent.eu\/de\/?s={search_term_string}\"},\"query-input\":{\"@type\":\"PropertyValueSpecification\",\"valueRequired\":true,\"valueName\":\"search_term_string\"}}],\"inLanguage\":\"de\"}]}<\/script>\n<!-- \/ Yoast SEO plugin. -->","yoast_head_json":{"title":"Berichte \u00fcber generationen\u00fcbergreifende B\u00fcrgergipfel \"Einsamkeit\" - euPrevent","robots":{"index":"index","follow":"follow","max-snippet":"max-snippet:-1","max-image-preview":"max-image-preview:large","max-video-preview":"max-video-preview:-1"},"canonical":"https:\/\/euprevent.eu\/de\/profile\/berichte-ueber-generationenuebergreifende-buergergipfel-einsamkeit\/","og_locale":"de_DE","og_type":"article","og_title":"Berichte \u00fcber generationen\u00fcbergreifende B\u00fcrgergipfel \"Einsamkeit\" - euPrevent","og_description":"[vc_row][vc_column][vc_column_text] Berichte \u00fcber generationen\u00fcbergreifende B\u00fcrgergipfel &#8222;Einsamkeit&#8220; M\u00f6chten Sie oder Ihre Organisation einen eigenen B\u00fcrgerdialogf\u00fcr den intergenerationellen Austausch organisieren, wissen aber nicht, wo oder wie Sie beginnen sollen? Dann finden Sie weitere Informationen in unserem Handbuch. Im Rahmen des Projekts euPrevent PROFILE haben wir eine F\u00fclle von wertvollen Tipps und Tricks zusammengetragen, die Sie bei der [&hellip;]","og_url":"https:\/\/euprevent.eu\/de\/profile\/berichte-ueber-generationenuebergreifende-buergergipfel-einsamkeit\/","og_site_name":"euPrevent","article_modified_time":"2023-09-25T08:51:30+00:00","twitter_card":"summary_large_image","twitter_misc":{"Gesch\u00e4tzte Lesezeit":"1\u00a0Minute"},"schema":{"@context":"https:\/\/schema.org","@graph":[{"@type":"WebPage","@id":"https:\/\/euprevent.eu\/de\/profile\/berichte-ueber-generationenuebergreifende-buergergipfel-einsamkeit\/","url":"https:\/\/euprevent.eu\/de\/profile\/berichte-ueber-generationenuebergreifende-buergergipfel-einsamkeit\/","name":"Berichte \u00fcber generationen\u00fcbergreifende B\u00fcrgergipfel \"Einsamkeit\" - euPrevent","isPartOf":{"@id":"https:\/\/euprevent.eu\/de\/#website"},"datePublished":"2023-09-11T08:42:44+00:00","dateModified":"2023-09-25T08:51:30+00:00","breadcrumb":{"@id":"https:\/\/euprevent.eu\/de\/profile\/berichte-ueber-generationenuebergreifende-buergergipfel-einsamkeit\/#breadcrumb"},"inLanguage":"de","potentialAction":[{"@type":"ReadAction","target":["https:\/\/euprevent.eu\/de\/profile\/berichte-ueber-generationenuebergreifende-buergergipfel-einsamkeit\/"]}]},{"@type":"BreadcrumbList","@id":"https:\/\/euprevent.eu\/de\/profile\/berichte-ueber-generationenuebergreifende-buergergipfel-einsamkeit\/#breadcrumb","itemListElement":[{"@type":"ListItem","position":1,"name":"Home","item":"https:\/\/euprevent.eu\/de\/"},{"@type":"ListItem","position":2,"name":"Projekt euPrevent PROFILE","item":"https:\/\/euprevent.eu\/de\/profile\/"},{"@type":"ListItem","position":3,"name":"Berichte \u00fcber generationen\u00fcbergreifende B\u00fcrgergipfel &#8220;Einsamkeit&#8221;"}]},{"@type":"WebSite","@id":"https:\/\/euprevent.eu\/de\/#website","url":"https:\/\/euprevent.eu\/de\/","name":"euPrevent","description":"euPrevent is a Euroregional network that focuses on promoting health. Within this network, sustainable partnerships seek to increase the quality of life of residents in the border region between the Netherlands, Belgium and Germany.","potentialAction":[{"@type":"SearchAction","target":{"@type":"EntryPoint","urlTemplate":"https:\/\/euprevent.eu\/de\/?s={search_term_string}"},"query-input":{"@type":"PropertyValueSpecification","valueRequired":true,"valueName":"search_term_string"}}],"inLanguage":"de"}]}},"_links":{"self":[{"href":"https:\/\/euprevent.eu\/de\/wp-json\/wp\/v2\/pages\/21880","targetHints":{"allow":["GET"]}}],"collection":[{"href":"https:\/\/euprevent.eu\/de\/wp-json\/wp\/v2\/pages"}],"about":[{"href":"https:\/\/euprevent.eu\/de\/wp-json\/wp\/v2\/types\/page"}],"author":[{"embeddable":true,"href":"https:\/\/euprevent.eu\/de\/wp-json\/wp\/v2\/users\/1"}],"replies":[{"embeddable":true,"href":"https:\/\/euprevent.eu\/de\/wp-json\/wp\/v2\/comments?post=21880"}],"version-history":[{"count":3,"href":"https:\/\/euprevent.eu\/de\/wp-json\/wp\/v2\/pages\/21880\/revisions"}],"predecessor-version":[{"id":21919,"href":"https:\/\/euprevent.eu\/de\/wp-json\/wp\/v2\/pages\/21880\/revisions\/21919"}],"up":[{"embeddable":true,"href":"https:\/\/euprevent.eu\/de\/wp-json\/wp\/v2\/pages\/14843"}],"wp:attachment":[{"href":"https:\/\/euprevent.eu\/de\/wp-json\/wp\/v2\/media?parent=21880"}],"curies":[{"name":"wp","href":"https:\/\/api.w.org\/{rel}","templated":true}]}}