


{"id":21531,"date":"2023-08-21T15:01:56","date_gmt":"2023-08-21T14:01:56","guid":{"rendered":"https:\/\/euprevent.eu\/profile\/profile-guide-on-intergenerational-exchange\/"},"modified":"2023-09-11T09:44:46","modified_gmt":"2023-09-11T08:44:46","slug":"profile-guide-on-intergenerational-exchange","status":"publish","type":"page","link":"https:\/\/euprevent.eu\/de\/profile\/profile-guide-on-intergenerational-exchange\/","title":{"rendered":"PROFILE Guide on Intergenerational Exchange"},"content":{"rendered":"<section class=\"wpb-content-wrapper\"><p>[vc_row][vc_column][vc_column_text]<\/p>\n<h1>PROFILE Leitfaden zum intergenerationellen Austausch<\/h1>\n<p>Die Bedeutung und das Potenzial der Zusammenf\u00fchrung j\u00fcngerer und \u00e4lterer Generationen hat auch infolge der COVID-19-Pandemie zunehmend an Aufmerksamkeit gewonnen. Die F\u00f6rderung und Unterst\u00fctzung des Austauschs zwischen den Generationen wird als eine der Ma\u00dfnahmen der WHO-Strategie und des Aktionsplans 2012-2020 genannt und ist eine der drei Haupts\u00e4ulen des Projekts euPrevent PROFILE.<\/p>\n<p>Im Rahmen des Projekts euPrevent PROFILE wurde ein Leitfaden entwickelt, der (praktische) Informationen und Anregungen f\u00fcr den generationen\u00fcbergreifenden Austausch im Zusammenhang mit Einsamkeit bieten soll. Dieser Leitfaden richtet sich an alle, die daran interessiert sind, generationen\u00fcbergreifende Dialoge zur Verhinderung oder Verringerung von Einsamkeit einzuf\u00fchren.<\/p>\n<p>Den Leitfaden f\u00fcr den Gipfel und die Berichte finden Sie <a href=\"https:\/\/euprevent.eu\/de\/profile\/berichte-ueber-generationenuebergreifende-buergergipfel-einsamkeit\/\">hier<\/a>.[\/vc_column_text][\/vc_column][\/vc_row][vc_row content_placement=&#8220;middle&#8220;][vc_column width=&#8220;1\/3&#8243;][vc_single_image image=&#8220;21573&#8243; img_size=&#8220;full&#8220;][\/vc_column][vc_column width=&#8220;2\/3&#8243;][vc_column_text]<\/p>\n<h2>Herunterladen<\/h2>\n<ul>\n<li><a href=\"https:\/\/euprevent.eu\/wp-content\/uploads\/2023\/09\/Profile-GIEX-ENG.pdf\" target=\"_blank\" rel=\"noopener\">PROFILE GIEX &#8211; English<\/a><\/li>\n<li><a href=\"https:\/\/euprevent.eu\/wp-content\/uploads\/2023\/09\/Profile-GIEX-FR.pdf\" target=\"_blank\" rel=\"noopener\">PROFILE GIEX &#8211; French<\/a><\/li>\n<li><a href=\"https:\/\/euprevent.eu\/wp-content\/uploads\/2023\/09\/Profile-GIEX-DE.pdf\" target=\"_blank\" rel=\"noopener\">PROFILE GIEX &#8211; German<\/a><\/li>\n<li><a href=\"https:\/\/euprevent.eu\/wp-content\/uploads\/2023\/09\/Profile-GIEX-NL.pdf\" target=\"_blank\" rel=\"noopener\">PROFILE GIEX &#8211; Dutch<\/a><\/li>\n<\/ul>\n<p>[\/vc_column_text][\/vc_column][\/vc_row]<\/p>\n<\/section>","protected":false},"excerpt":{"rendered":"<p>[vc_row][vc_column][vc_column_text] PROFILE Leitfaden zum intergenerationellen Austausch Die Bedeutung und das Potenzial der Zusammenf\u00fchrung j\u00fcngerer und \u00e4lterer Generationen hat auch infolge der COVID-19-Pandemie zunehmend an Aufmerksamkeit gewonnen. Die F\u00f6rderung und Unterst\u00fctzung des Austauschs zwischen den Generationen wird als eine der Ma\u00dfnahmen der WHO-Strategie und des Aktionsplans 2012-2020 genannt und ist eine der drei Haupts\u00e4ulen des Projekts [&hellip;]<\/p>\n","protected":false},"author":1,"featured_media":0,"parent":14843,"menu_order":0,"comment_status":"closed","ping_status":"closed","template":"","meta":{"_acf_changed":false,"footnotes":""},"class_list":["post-21531","page","type-page","status-publish","hentry","programmes-mental-health"],"acf":[],"yoast_head":"<!-- This site is optimized with the Yoast SEO plugin v26.8 - https:\/\/yoast.com\/product\/yoast-seo-wordpress\/ -->\n<title>PROFILE Guide on Intergenerational Exchange - euPrevent<\/title>\n<meta name=\"robots\" content=\"index, follow, max-snippet:-1, max-image-preview:large, max-video-preview:-1\" \/>\n<link rel=\"canonical\" href=\"https:\/\/euprevent.eu\/de\/profile\/profile-guide-on-intergenerational-exchange\/\" \/>\n<meta property=\"og:locale\" content=\"de_DE\" \/>\n<meta property=\"og:type\" content=\"article\" \/>\n<meta property=\"og:title\" content=\"PROFILE Guide on Intergenerational Exchange - euPrevent\" \/>\n<meta property=\"og:description\" content=\"[vc_row][vc_column][vc_column_text] PROFILE Leitfaden zum intergenerationellen Austausch Die Bedeutung und das Potenzial der Zusammenf\u00fchrung j\u00fcngerer und \u00e4lterer Generationen hat auch infolge der COVID-19-Pandemie zunehmend an Aufmerksamkeit gewonnen. Die F\u00f6rderung und Unterst\u00fctzung des Austauschs zwischen den Generationen wird als eine der Ma\u00dfnahmen der WHO-Strategie und des Aktionsplans 2012-2020 genannt und ist eine der drei Haupts\u00e4ulen des Projekts [&hellip;]\" \/>\n<meta property=\"og:url\" content=\"https:\/\/euprevent.eu\/de\/profile\/profile-guide-on-intergenerational-exchange\/\" \/>\n<meta property=\"og:site_name\" content=\"euPrevent\" \/>\n<meta property=\"article:modified_time\" content=\"2023-09-11T08:44:46+00:00\" \/>\n<meta name=\"twitter:card\" content=\"summary_large_image\" \/>\n<meta name=\"twitter:label1\" content=\"Gesch\u00e4tzte Lesezeit\" \/>\n\t<meta name=\"twitter:data1\" content=\"1\u00a0Minute\" \/>\n<script type=\"application\/ld+json\" class=\"yoast-schema-graph\">{\"@context\":\"https:\/\/schema.org\",\"@graph\":[{\"@type\":\"WebPage\",\"@id\":\"https:\/\/euprevent.eu\/de\/profile\/profile-guide-on-intergenerational-exchange\/\",\"url\":\"https:\/\/euprevent.eu\/de\/profile\/profile-guide-on-intergenerational-exchange\/\",\"name\":\"PROFILE Guide on Intergenerational Exchange - euPrevent\",\"isPartOf\":{\"@id\":\"https:\/\/euprevent.eu\/de\/#website\"},\"datePublished\":\"2023-08-21T14:01:56+00:00\",\"dateModified\":\"2023-09-11T08:44:46+00:00\",\"breadcrumb\":{\"@id\":\"https:\/\/euprevent.eu\/de\/profile\/profile-guide-on-intergenerational-exchange\/#breadcrumb\"},\"inLanguage\":\"de\",\"potentialAction\":[{\"@type\":\"ReadAction\",\"target\":[\"https:\/\/euprevent.eu\/de\/profile\/profile-guide-on-intergenerational-exchange\/\"]}]},{\"@type\":\"BreadcrumbList\",\"@id\":\"https:\/\/euprevent.eu\/de\/profile\/profile-guide-on-intergenerational-exchange\/#breadcrumb\",\"itemListElement\":[{\"@type\":\"ListItem\",\"position\":1,\"name\":\"Home\",\"item\":\"https:\/\/euprevent.eu\/de\/\"},{\"@type\":\"ListItem\",\"position\":2,\"name\":\"Projekt euPrevent PROFILE\",\"item\":\"https:\/\/euprevent.eu\/de\/profile\/\"},{\"@type\":\"ListItem\",\"position\":3,\"name\":\"PROFILE Guide on Intergenerational Exchange\"}]},{\"@type\":\"WebSite\",\"@id\":\"https:\/\/euprevent.eu\/de\/#website\",\"url\":\"https:\/\/euprevent.eu\/de\/\",\"name\":\"euPrevent\",\"description\":\"euPrevent is a Euroregional network that focuses on promoting health. Within this network, sustainable partnerships seek to increase the quality of life of residents in the border region between the Netherlands, Belgium and Germany.\",\"potentialAction\":[{\"@type\":\"SearchAction\",\"target\":{\"@type\":\"EntryPoint\",\"urlTemplate\":\"https:\/\/euprevent.eu\/de\/?s={search_term_string}\"},\"query-input\":{\"@type\":\"PropertyValueSpecification\",\"valueRequired\":true,\"valueName\":\"search_term_string\"}}],\"inLanguage\":\"de\"}]}<\/script>\n<!-- \/ Yoast SEO plugin. -->","yoast_head_json":{"title":"PROFILE Guide on Intergenerational Exchange - euPrevent","robots":{"index":"index","follow":"follow","max-snippet":"max-snippet:-1","max-image-preview":"max-image-preview:large","max-video-preview":"max-video-preview:-1"},"canonical":"https:\/\/euprevent.eu\/de\/profile\/profile-guide-on-intergenerational-exchange\/","og_locale":"de_DE","og_type":"article","og_title":"PROFILE Guide on Intergenerational Exchange - euPrevent","og_description":"[vc_row][vc_column][vc_column_text] PROFILE Leitfaden zum intergenerationellen Austausch Die Bedeutung und das Potenzial der Zusammenf\u00fchrung j\u00fcngerer und \u00e4lterer Generationen hat auch infolge der COVID-19-Pandemie zunehmend an Aufmerksamkeit gewonnen. Die F\u00f6rderung und Unterst\u00fctzung des Austauschs zwischen den Generationen wird als eine der Ma\u00dfnahmen der WHO-Strategie und des Aktionsplans 2012-2020 genannt und ist eine der drei Haupts\u00e4ulen des Projekts [&hellip;]","og_url":"https:\/\/euprevent.eu\/de\/profile\/profile-guide-on-intergenerational-exchange\/","og_site_name":"euPrevent","article_modified_time":"2023-09-11T08:44:46+00:00","twitter_card":"summary_large_image","twitter_misc":{"Gesch\u00e4tzte Lesezeit":"1\u00a0Minute"},"schema":{"@context":"https:\/\/schema.org","@graph":[{"@type":"WebPage","@id":"https:\/\/euprevent.eu\/de\/profile\/profile-guide-on-intergenerational-exchange\/","url":"https:\/\/euprevent.eu\/de\/profile\/profile-guide-on-intergenerational-exchange\/","name":"PROFILE Guide on Intergenerational Exchange - euPrevent","isPartOf":{"@id":"https:\/\/euprevent.eu\/de\/#website"},"datePublished":"2023-08-21T14:01:56+00:00","dateModified":"2023-09-11T08:44:46+00:00","breadcrumb":{"@id":"https:\/\/euprevent.eu\/de\/profile\/profile-guide-on-intergenerational-exchange\/#breadcrumb"},"inLanguage":"de","potentialAction":[{"@type":"ReadAction","target":["https:\/\/euprevent.eu\/de\/profile\/profile-guide-on-intergenerational-exchange\/"]}]},{"@type":"BreadcrumbList","@id":"https:\/\/euprevent.eu\/de\/profile\/profile-guide-on-intergenerational-exchange\/#breadcrumb","itemListElement":[{"@type":"ListItem","position":1,"name":"Home","item":"https:\/\/euprevent.eu\/de\/"},{"@type":"ListItem","position":2,"name":"Projekt euPrevent PROFILE","item":"https:\/\/euprevent.eu\/de\/profile\/"},{"@type":"ListItem","position":3,"name":"PROFILE Guide on Intergenerational Exchange"}]},{"@type":"WebSite","@id":"https:\/\/euprevent.eu\/de\/#website","url":"https:\/\/euprevent.eu\/de\/","name":"euPrevent","description":"euPrevent is a Euroregional network that focuses on promoting health. Within this network, sustainable partnerships seek to increase the quality of life of residents in the border region between the Netherlands, Belgium and Germany.","potentialAction":[{"@type":"SearchAction","target":{"@type":"EntryPoint","urlTemplate":"https:\/\/euprevent.eu\/de\/?s={search_term_string}"},"query-input":{"@type":"PropertyValueSpecification","valueRequired":true,"valueName":"search_term_string"}}],"inLanguage":"de"}]}},"_links":{"self":[{"href":"https:\/\/euprevent.eu\/de\/wp-json\/wp\/v2\/pages\/21531","targetHints":{"allow":["GET"]}}],"collection":[{"href":"https:\/\/euprevent.eu\/de\/wp-json\/wp\/v2\/pages"}],"about":[{"href":"https:\/\/euprevent.eu\/de\/wp-json\/wp\/v2\/types\/page"}],"author":[{"embeddable":true,"href":"https:\/\/euprevent.eu\/de\/wp-json\/wp\/v2\/users\/1"}],"replies":[{"embeddable":true,"href":"https:\/\/euprevent.eu\/de\/wp-json\/wp\/v2\/comments?post=21531"}],"version-history":[{"count":6,"href":"https:\/\/euprevent.eu\/de\/wp-json\/wp\/v2\/pages\/21531\/revisions"}],"predecessor-version":[{"id":21882,"href":"https:\/\/euprevent.eu\/de\/wp-json\/wp\/v2\/pages\/21531\/revisions\/21882"}],"up":[{"embeddable":true,"href":"https:\/\/euprevent.eu\/de\/wp-json\/wp\/v2\/pages\/14843"}],"wp:attachment":[{"href":"https:\/\/euprevent.eu\/de\/wp-json\/wp\/v2\/media?parent=21531"}],"curies":[{"name":"wp","href":"https:\/\/api.w.org\/{rel}","templated":true}]}}