


{"id":21290,"date":"2023-08-02T09:59:58","date_gmt":"2023-08-02T08:59:58","guid":{"rendered":"https:\/\/euprevent.eu\/?page_id=21290"},"modified":"2023-08-07T13:42:41","modified_gmt":"2023-08-07T12:42:41","slug":"profile-ehealth-anwendungen","status":"publish","type":"page","link":"https:\/\/euprevent.eu\/de\/profile-ehealth-anwendungen\/","title":{"rendered":"PROFILE eHealth anwendungen"},"content":{"rendered":"<section class=\"wpb-content-wrapper\"><p>[vc_row css_animation=&#8220;none&#8220; css=&#8220;.vc_custom_1691065456558{margin-right: 0px !important;margin-left: 0px !important;background-color: #3892d0 !important;background-position: center !important;background-repeat: no-repeat !important;background-size: cover !important;}&#8220; el_class=&#8220;event-header&#8220;][vc_column][vc_column_text]<\/p>\n<h1>eHealth anwendungen<\/h1>\n<h2>euPrevent PROFILE<\/h2>\n<p>[\/vc_column_text][\/vc_column][\/vc_row][vc_row][vc_column][vc_tta_tour][vc_tta_section title=&#8220;Einleitung&#8220; tab_id=&#8220;1482327340831-0289a85d-6b8a6ce3-e2e7&#8243;][vc_row_inner gap=&#8220;10&#8243;][vc_column_inner width=&#8220;3\/4&#8243;][vc_column_text]<\/p>\n<h2>Einleitung<\/h2>\n<p>In den letzten Jahren hat die Anzahl bestehender eHealth Anwendungen stark zugenommen. Hierbei handelt es sich um digitale Hilfsmittel, die Zugang zu medizinischem oder psychologischem Fachpersonal bieten, mit dem Ziel die k\u00f6rperliche oder geistige Gesundheit verbessern. Im Rahmen von euPrevent PROFILE haben wir eine Liste solcher Anwendungen zusammengestellt, die darauf abzielen, soziale Kontakte zu f\u00f6rdern und damit Einsamkeit und soziale Isolation zu bek\u00e4mpfen. Social-Media-Apps sind hierbei ausgenommen. Die beinhalteten Apps richten sich an \u00e4ltere Menschen, Jugendliche\/junge Erwachsene oder beide Altersgruppen, auf sowohl individueller als auch gemeinschaftlicher Ebene. Die \u00dcbersicht beinhaltet Apps und Websites, die in L\u00e4ndern der Euregio Maas-Rhein (BE, NL, DE) entwickelt wurden. Diese \u00dcbersicht ist als Anregung gedacht, und erhebt keinen Anspruch auf Vollst\u00e4ndigkeit.[\/vc_column_text][\/vc_column_inner][vc_column_inner width=&#8220;1\/4&#8243;][vc_single_image image=&#8220;18086&#8243; img_size=&#8220;full&#8220; alignment=&#8220;center&#8220;][\/vc_column_inner][\/vc_row_inner][\/vc_tta_section][vc_tta_section title=&#8220;Hoplr&#8220; tab_id=&#8220;1681897563905-ee644e0b-3b04&#8243;][vc_row_inner][vc_column_inner width=&#8220;3\/4&#8243;][vc_column_text]<\/p>\n<h2>Hoplr<\/h2>\n<p>Die App &#8222;Hoplr&#8220; (ausgesprochen: &#8222;Hopler&#8220;) ist eine in 2014 gegr\u00fcndete belgische Initiative, die darauf abzielt, Menschen in benachbarten Gemeinden miteinander zu verbinden und somit die soziale Interaktion und das Kn\u00fcpfen sozialer Kontakte zu erleichtern. Die App bietet ein geschlossenes Netzwerk, was bedeutet, dass die App nur f\u00fcr Menschen aus der Nachbarschaft zug\u00e4nglich ist. Nutzer von &#8222;Hoplr&#8220; k\u00f6nnen unter anderem Nachrichten mit Fragen oder Hilfebedarf posten oder Menschen zu Veranstaltungen einladen. Diese Nachrichten sind dann nur f\u00fcr Personen aus dem Netzwerk\/der Nachbarschaft sichtbar.[\/vc_column_text][\/vc_column_inner][vc_column_inner width=&#8220;1\/4&#8243;][vc_column_text]<\/p>\n<h3 style=\"text-align: left;\">Verf\u00fcgbare Sprachen<\/h3>\n<p style=\"text-align: left;\">Niederl\u00e4ndisch, Deutsch, Franz\u00f6sisch en Englisch<\/p>\n<h3 style=\"text-align: left;\">Preis<\/h3>\n<p>Weitere Informationen finden Sie auf der Website (f\u00fcr Beh\u00f6rden\/Organisationen)<\/p>\n<h3 style=\"text-align: left;\">Website<\/h3>\n<p><a href=\"https:\/\/www.hoplr.com\/\">hoplr.com<\/a>[\/vc_column_text][vc_single_image image=&#8220;21257&#8243; img_size=&#8220;full&#8220; alignment=&#8220;center&#8220;][\/vc_column_inner][\/vc_row_inner][\/vc_tta_section][vc_tta_section title=&#8220;Klup&#8220; tab_id=&#8220;1690903363062-e62547cf-3e85&#8243;][vc_row_inner][vc_column_inner width=&#8220;3\/4&#8243;][vc_column_text]<\/p>\n<h2>Klup<\/h2>\n<p>\u201eKlup\u201c ist eine App aus den Niederlanden, die mit dem Ziel entwickelt wurde, soziale Verbindungen und Interaktion zu verbessern und somit zur St\u00e4rkung sozialer Netzwerke beizutragen. \u201eKlup\u201c richtet sich an Menschen ab 50 und setzt ein bezahltes Abonnement voraus (siehe Website). Mit der App k\u00f6nnen Menschen Veranstaltungen und Aktivit\u00e4ten organisieren oder hieran teilnehmen. So werden in den Niederlanden jede Woche hunderte Aktivit\u00e4ten organisiert, wie zum Beispiel gemeinsame Konzert- oder Museumsbesuche oder Sportgruppen. Die M\u00f6glichkeiten sind vielf\u00e4ltig! Weitere Informationen finden Sie auf der Website. Bitte beachten Sie, dass Klup nur in Niederl\u00e4ndischer Sprache verf\u00fcgbar ist.[\/vc_column_text][\/vc_column_inner][vc_column_inner width=&#8220;1\/4&#8243;][vc_column_text]<\/p>\n<h3 style=\"text-align: left;\">Verf\u00fcgbare Sprachen<\/h3>\n<p style=\"text-align: left;\">Niederl\u00e4ndisch<\/p>\n<h3 style=\"text-align: left;\">Preis<\/h3>\n<p>Siehe Website<\/p>\n<h3 style=\"text-align: left;\">Website<\/h3>\n<p><a href=\"https:\/\/kluppen.nl\/\">kluppen.nl<\/a>[\/vc_column_text][vc_single_image image=&#8220;21265&#8243; img_size=&#8220;full&#8220; alignment=&#8220;center&#8220;][\/vc_column_inner][\/vc_row_inner][\/vc_tta_section][vc_tta_section title=&#8220;Nebenan&#8220; tab_id=&#8220;1690903360901-54915493-b150&#8243;][vc_row_inner][vc_column_inner width=&#8220;3\/4&#8243;][vc_column_text]<\/p>\n<h2>Nebenan<\/h2>\n<p>Nebenan ist ein Online-Netzwerk, welches darauf abzielt die Verbindung und den Austausch zwischen Nachbarn zu verst\u00e4rken. Mitglieder k\u00f6nnen Menschen in der Nachbarschaft um Unterst\u00fctzung bitten oder diese anbieten (z.B. Hilfe beim Einkaufen, bei der Suche nach einem Babysitter oder beim Ausleihen von Werkzeug). Auf diese Weise bietet sich auch die M\u00f6glichkeit, neue Menschen in Ihrer Umgebung kennen zu lernen und so neue Kontakte oder sogar Freundschaften zu schlie\u00dfen. Weitere Informationen finden Sie auf der Website.[\/vc_column_text][\/vc_column_inner][vc_column_inner width=&#8220;1\/4&#8243;][vc_column_text]<\/p>\n<h3 style=\"text-align: left;\">Verf\u00fcgbare Sprachen<\/h3>\n<p style=\"text-align: left;\">Deutsch<\/p>\n<h3 style=\"text-align: left;\">Preis<\/h3>\n<p>Kostenlos f\u00fcr individuelle Nutzer<\/p>\n<h3 style=\"text-align: left;\">Website<\/h3>\n<p><a href=\"https:\/\/nebenan.de\/\">nebenan.de <\/a>[\/vc_column_text][vc_single_image image=&#8220;21270&#8243; img_size=&#8220;full&#8220; alignment=&#8220;center&#8220;][\/vc_column_inner][\/vc_row_inner][\/vc_tta_section][vc_tta_section title=&#8220;Therapieland&#8220; tab_id=&#8220;1690903360133-574aae66-8e0a&#8220;][vc_row_inner][vc_column_inner width=&#8220;3\/4&#8243;][vc_column_text]<\/p>\n<h2>Therapieland<\/h2>\n<p>Therapieland ist eine Website mit mehreren eHealth Programmen, unter anderem auch ein Selbsthilfeprogramm zum Thema Einsamkeit. Dieses besteht aus mehreren Elementen, die Informationen \u00fcber Einsamkeit, Reflexionsaufgaben oder Tipps um Gef\u00fchle von Einsamkeit zu verringern beinhalten. Das Programm selbst ist nicht kostenlos, aber Teile davon sind es. Falls dieses Programm Ihren Bed\u00fcrfnissen und W\u00fcnschen entspricht, besteht die M\u00f6glichkeit ein bezahltes Abonnement abzuschlie\u00dfen.[\/vc_column_text][\/vc_column_inner][vc_column_inner width=&#8220;1\/4&#8243;][vc_column_text]<\/p>\n<h3 style=\"text-align: left;\">Verf\u00fcgbare Sprachen<\/h3>\n<p style=\"text-align: left;\">Niederl\u00e4ndisch<\/p>\n<h3 style=\"text-align: left;\">Preis<\/h3>\n<p>Siehe Website<\/p>\n<h3 style=\"text-align: left;\">Website<\/h3>\n<p><a href=\"https:\/\/therapieland.nl\/programmas\/zelfhulp\/gb-eenzaamheid\/\">therapieland.nl<\/a>[\/vc_column_text][vc_single_image image=&#8220;21275&#8243; img_size=&#8220;full&#8220; alignment=&#8220;center&#8220;][\/vc_column_inner][\/vc_row_inner][\/vc_tta_section][\/vc_tta_tour][\/vc_column][\/vc_row][vc_row content_placement=&#8220;middle&#8220;][vc_column width=&#8220;1\/2&#8243;][vc_row_inner][vc_column_inner width=&#8220;1\/2&#8243;][vc_single_image image=&#8220;14927&#8243; img_size=&#8220;full&#8220;][\/vc_column_inner][vc_column_inner width=&#8220;1\/2&#8243;][\/vc_column_inner][\/vc_row_inner][\/vc_column][vc_column width=&#8220;1\/2&#8243;][vc_row_inner][vc_column_inner width=&#8220;1\/3&#8243;][\/vc_column_inner][vc_column_inner width=&#8220;2\/3&#8243;][vc_single_image image=&#8220;15236&#8243; img_size=&#8220;full&#8220; onclick=&#8220;custom_link&#8220; img_link_target=&#8220;_blank&#8220; link=&#8220;https:\/\/www.interregemr.eu\/home-en&#8220;][\/vc_column_inner][\/vc_row_inner][\/vc_column][\/vc_row]<\/p>\n<\/section>","protected":false},"excerpt":{"rendered":"<p>[vc_row css_animation=&#8220;none&#8220; css=&#8220;.vc_custom_1691065456558{margin-right: 0px !important;margin-left: 0px !important;background-color: #3892d0 !important;background-position: center !important;background-repeat: no-repeat !important;background-size: cover !important;}&#8220; el_class=&#8220;event-header&#8220;][vc_column][vc_column_text] eHealth anwendungen euPrevent PROFILE [\/vc_column_text][\/vc_column][\/vc_row][vc_row][vc_column][vc_tta_tour][vc_tta_section title=&#8220;Einleitung&#8220; tab_id=&#8220;1482327340831-0289a85d-6b8a6ce3-e2e7&#8243;][vc_row_inner gap=&#8220;10&#8243;][vc_column_inner width=&#8220;3\/4&#8243;][vc_column_text] Einleitung In den letzten Jahren hat die Anzahl bestehender eHealth Anwendungen stark zugenommen. Hierbei handelt es sich um digitale Hilfsmittel, die Zugang zu medizinischem oder psychologischem Fachpersonal bieten, mit dem [&hellip;]<\/p>\n","protected":false},"author":1,"featured_media":0,"parent":0,"menu_order":0,"comment_status":"closed","ping_status":"closed","template":"","meta":{"_acf_changed":false,"footnotes":""},"class_list":["post-21290","page","type-page","status-publish","hentry"],"acf":[],"yoast_head":"<!-- This site is optimized with the Yoast SEO plugin v26.8 - https:\/\/yoast.com\/product\/yoast-seo-wordpress\/ -->\n<title>PROFILE eHealth anwendungen - euPrevent<\/title>\n<meta name=\"robots\" content=\"index, follow, max-snippet:-1, max-image-preview:large, max-video-preview:-1\" \/>\n<link rel=\"canonical\" href=\"https:\/\/euprevent.eu\/de\/profile-ehealth-anwendungen\/\" \/>\n<meta property=\"og:locale\" content=\"de_DE\" \/>\n<meta property=\"og:type\" content=\"article\" \/>\n<meta property=\"og:title\" content=\"PROFILE eHealth anwendungen - euPrevent\" \/>\n<meta property=\"og:description\" content=\"[vc_row css_animation=&#8220;none&#8220; css=&#8220;.vc_custom_1691065456558{margin-right: 0px !important;margin-left: 0px !important;background-color: #3892d0 !important;background-position: center !important;background-repeat: no-repeat !important;background-size: cover !important;}&#8220; el_class=&#8220;event-header&#8220;][vc_column][vc_column_text] eHealth anwendungen euPrevent PROFILE [\/vc_column_text][\/vc_column][\/vc_row][vc_row][vc_column][vc_tta_tour][vc_tta_section title=&#8220;Einleitung&#8220; tab_id=&#8220;1482327340831-0289a85d-6b8a6ce3-e2e7&#8243;][vc_row_inner gap=&#8220;10&#8243;][vc_column_inner width=&#8220;3\/4&#8243;][vc_column_text] Einleitung In den letzten Jahren hat die Anzahl bestehender eHealth Anwendungen stark zugenommen. Hierbei handelt es sich um digitale Hilfsmittel, die Zugang zu medizinischem oder psychologischem Fachpersonal bieten, mit dem [&hellip;]\" \/>\n<meta property=\"og:url\" content=\"https:\/\/euprevent.eu\/de\/profile-ehealth-anwendungen\/\" \/>\n<meta property=\"og:site_name\" content=\"euPrevent\" \/>\n<meta property=\"article:modified_time\" content=\"2023-08-07T12:42:41+00:00\" \/>\n<meta name=\"twitter:card\" content=\"summary_large_image\" \/>\n<meta name=\"twitter:label1\" content=\"Gesch\u00e4tzte Lesezeit\" \/>\n\t<meta name=\"twitter:data1\" content=\"3\u00a0Minuten\" \/>\n<script type=\"application\/ld+json\" class=\"yoast-schema-graph\">{\"@context\":\"https:\/\/schema.org\",\"@graph\":[{\"@type\":\"WebPage\",\"@id\":\"https:\/\/euprevent.eu\/de\/profile-ehealth-anwendungen\/\",\"url\":\"https:\/\/euprevent.eu\/de\/profile-ehealth-anwendungen\/\",\"name\":\"PROFILE eHealth anwendungen - euPrevent\",\"isPartOf\":{\"@id\":\"https:\/\/euprevent.eu\/de\/#website\"},\"datePublished\":\"2023-08-02T08:59:58+00:00\",\"dateModified\":\"2023-08-07T12:42:41+00:00\",\"breadcrumb\":{\"@id\":\"https:\/\/euprevent.eu\/de\/profile-ehealth-anwendungen\/#breadcrumb\"},\"inLanguage\":\"de\",\"potentialAction\":[{\"@type\":\"ReadAction\",\"target\":[\"https:\/\/euprevent.eu\/de\/profile-ehealth-anwendungen\/\"]}]},{\"@type\":\"BreadcrumbList\",\"@id\":\"https:\/\/euprevent.eu\/de\/profile-ehealth-anwendungen\/#breadcrumb\",\"itemListElement\":[{\"@type\":\"ListItem\",\"position\":1,\"name\":\"Home\",\"item\":\"https:\/\/euprevent.eu\/de\/\"},{\"@type\":\"ListItem\",\"position\":2,\"name\":\"PROFILE eHealth anwendungen\"}]},{\"@type\":\"WebSite\",\"@id\":\"https:\/\/euprevent.eu\/de\/#website\",\"url\":\"https:\/\/euprevent.eu\/de\/\",\"name\":\"euPrevent\",\"description\":\"euPrevent is a Euroregional network that focuses on promoting health. Within this network, sustainable partnerships seek to increase the quality of life of residents in the border region between the Netherlands, Belgium and Germany.\",\"potentialAction\":[{\"@type\":\"SearchAction\",\"target\":{\"@type\":\"EntryPoint\",\"urlTemplate\":\"https:\/\/euprevent.eu\/de\/?s={search_term_string}\"},\"query-input\":{\"@type\":\"PropertyValueSpecification\",\"valueRequired\":true,\"valueName\":\"search_term_string\"}}],\"inLanguage\":\"de\"}]}<\/script>\n<!-- \/ Yoast SEO plugin. -->","yoast_head_json":{"title":"PROFILE eHealth anwendungen - euPrevent","robots":{"index":"index","follow":"follow","max-snippet":"max-snippet:-1","max-image-preview":"max-image-preview:large","max-video-preview":"max-video-preview:-1"},"canonical":"https:\/\/euprevent.eu\/de\/profile-ehealth-anwendungen\/","og_locale":"de_DE","og_type":"article","og_title":"PROFILE eHealth anwendungen - euPrevent","og_description":"[vc_row css_animation=&#8220;none&#8220; css=&#8220;.vc_custom_1691065456558{margin-right: 0px !important;margin-left: 0px !important;background-color: #3892d0 !important;background-position: center !important;background-repeat: no-repeat !important;background-size: cover !important;}&#8220; el_class=&#8220;event-header&#8220;][vc_column][vc_column_text] eHealth anwendungen euPrevent PROFILE [\/vc_column_text][\/vc_column][\/vc_row][vc_row][vc_column][vc_tta_tour][vc_tta_section title=&#8220;Einleitung&#8220; tab_id=&#8220;1482327340831-0289a85d-6b8a6ce3-e2e7&#8243;][vc_row_inner gap=&#8220;10&#8243;][vc_column_inner width=&#8220;3\/4&#8243;][vc_column_text] Einleitung In den letzten Jahren hat die Anzahl bestehender eHealth Anwendungen stark zugenommen. Hierbei handelt es sich um digitale Hilfsmittel, die Zugang zu medizinischem oder psychologischem Fachpersonal bieten, mit dem [&hellip;]","og_url":"https:\/\/euprevent.eu\/de\/profile-ehealth-anwendungen\/","og_site_name":"euPrevent","article_modified_time":"2023-08-07T12:42:41+00:00","twitter_card":"summary_large_image","twitter_misc":{"Gesch\u00e4tzte Lesezeit":"3\u00a0Minuten"},"schema":{"@context":"https:\/\/schema.org","@graph":[{"@type":"WebPage","@id":"https:\/\/euprevent.eu\/de\/profile-ehealth-anwendungen\/","url":"https:\/\/euprevent.eu\/de\/profile-ehealth-anwendungen\/","name":"PROFILE eHealth anwendungen - euPrevent","isPartOf":{"@id":"https:\/\/euprevent.eu\/de\/#website"},"datePublished":"2023-08-02T08:59:58+00:00","dateModified":"2023-08-07T12:42:41+00:00","breadcrumb":{"@id":"https:\/\/euprevent.eu\/de\/profile-ehealth-anwendungen\/#breadcrumb"},"inLanguage":"de","potentialAction":[{"@type":"ReadAction","target":["https:\/\/euprevent.eu\/de\/profile-ehealth-anwendungen\/"]}]},{"@type":"BreadcrumbList","@id":"https:\/\/euprevent.eu\/de\/profile-ehealth-anwendungen\/#breadcrumb","itemListElement":[{"@type":"ListItem","position":1,"name":"Home","item":"https:\/\/euprevent.eu\/de\/"},{"@type":"ListItem","position":2,"name":"PROFILE eHealth anwendungen"}]},{"@type":"WebSite","@id":"https:\/\/euprevent.eu\/de\/#website","url":"https:\/\/euprevent.eu\/de\/","name":"euPrevent","description":"euPrevent is a Euroregional network that focuses on promoting health. Within this network, sustainable partnerships seek to increase the quality of life of residents in the border region between the Netherlands, Belgium and Germany.","potentialAction":[{"@type":"SearchAction","target":{"@type":"EntryPoint","urlTemplate":"https:\/\/euprevent.eu\/de\/?s={search_term_string}"},"query-input":{"@type":"PropertyValueSpecification","valueRequired":true,"valueName":"search_term_string"}}],"inLanguage":"de"}]}},"_links":{"self":[{"href":"https:\/\/euprevent.eu\/de\/wp-json\/wp\/v2\/pages\/21290","targetHints":{"allow":["GET"]}}],"collection":[{"href":"https:\/\/euprevent.eu\/de\/wp-json\/wp\/v2\/pages"}],"about":[{"href":"https:\/\/euprevent.eu\/de\/wp-json\/wp\/v2\/types\/page"}],"author":[{"embeddable":true,"href":"https:\/\/euprevent.eu\/de\/wp-json\/wp\/v2\/users\/1"}],"replies":[{"embeddable":true,"href":"https:\/\/euprevent.eu\/de\/wp-json\/wp\/v2\/comments?post=21290"}],"version-history":[{"count":4,"href":"https:\/\/euprevent.eu\/de\/wp-json\/wp\/v2\/pages\/21290\/revisions"}],"predecessor-version":[{"id":21366,"href":"https:\/\/euprevent.eu\/de\/wp-json\/wp\/v2\/pages\/21290\/revisions\/21366"}],"wp:attachment":[{"href":"https:\/\/euprevent.eu\/de\/wp-json\/wp\/v2\/media?parent=21290"}],"curies":[{"name":"wp","href":"https:\/\/api.w.org\/{rel}","templated":true}]}}