


{"id":21086,"date":"2023-07-27T17:40:33","date_gmt":"2023-07-27T16:40:33","guid":{"rendered":"https:\/\/euprevent.eu\/profile\/profile-euregional-health-atlas\/"},"modified":"2025-04-29T13:58:56","modified_gmt":"2025-04-29T12:58:56","slug":"profile-euregional-health-atlas","status":"publish","type":"page","link":"https:\/\/euprevent.eu\/de\/profile\/profile-euregional-health-atlas\/","title":{"rendered":"PROFILE Euregionaler Gesundheitsatlas"},"content":{"rendered":"<section class=\"wpb-content-wrapper\"><p>[vc_row][vc_column][vc_column_text]<\/p>\n<h1>Der Euregional Health Atlas (Euregionaler Gesundheitsatlas)<\/h1>\n<p>[\/vc_column_text][\/vc_column][\/vc_row][vc_row][vc_column width=&#8220;3\/4&#8243;][vc_column_text css=&#8220;.vc_custom_1745931533711{margin-bottom: 10px !important;}&#8220;]Seit mehreren Jahren gibt es eine Website mit spezifischen Informationen \u00fcber die Forschung zugunsten von Projekten in der Euregion Maas-Rhein (EMR). Im Rahmen von euPrevent PROFILE sind Informationen \u00fcber Einsamkeit verf\u00fcgbar.<\/p>\n<p>Ein fr\u00fcheres euregionales Projekt aus den Jahren 2020-2021, das Projekt euPrevent COVID-19 , sammelte Informationen \u00fcber Einsamkeit und damit verbundene Aspekte. Dazu geh\u00f6ren Einsamkeit und insbesondere soziale und emotionale Einsamkeit, aber auch die Art der Haushalte, in denen die EMR B\u00fcrgerInnen leben, ihre wahrgenommene Gesundheit, ihr Gl\u00fcck und die soziale Unterst\u00fctzung, die sie erfahren.<\/p>\n<p>Der Atlas liefert diese Daten und gibt Hinweise auf etwaige Unterschiede zwischen den drei EMR-L\u00e4ndern Deutschland, Belgien und den Niederlanden. Der Euregionale Gesundheitsatlas ist <a href=\"https:\/\/euregionalhealthatlas.eu\/\">hier<\/a> zu finden. Im Atlas finden Sie unter &#8222;Theme&#8220; die Informationen zu PROFILE und auch zu anderen Projekten.<\/p>\n<p>Eine kurze Zusammenfassung des Atlasses mit einigen Schl\u00fcsselindikatoren k\u00f6nnen Sie hier herunterladen:[\/vc_column_text][vc_btn title=&#8220;http:\/\/euregionalhealthatlas.eu\/volwdashboard.html&#8220; color=&#8220;primary&#8220; link=&#8220;url:http%3A%2F%2Feuregionalhealthatlas.eu%2Fvolwdashboard.html|target:_blank&#8220;][\/vc_column][vc_column width=&#8220;1\/4&#8243;][vc_single_image image=&#8220;21034&#8243; img_size=&#8220;large&#8220; alignment=&#8220;center&#8220; css=&#8220;.vc_custom_1690478013160{margin-bottom: 0px !important;}&#8220;][vc_single_image image=&#8220;21030&#8243; img_size=&#8220;large&#8220; alignment=&#8220;center&#8220; css=&#8220;.vc_custom_1690478017882{margin-bottom: 0px !important;}&#8220;][vc_single_image image=&#8220;21038&#8243; img_size=&#8220;large&#8220; alignment=&#8220;center&#8220;][\/vc_column][\/vc_row][vc_row][vc_column][vc_separator][\/vc_column][\/vc_row][vc_row equal_height=&#8220;yes&#8220; content_placement=&#8220;middle&#8220;][vc_column width=&#8220;1\/3&#8243;][vc_single_image image=&#8220;21072&#8243; img_size=&#8220;full&#8220;][\/vc_column][vc_column width=&#8220;2\/3&#8243;][vc_column_text]<\/p>\n<h2 style=\"padding-left: 25px;\">Download poster<\/h2>\n<ul>\n<li><a href=\"https:\/\/euprevent.eu\/wp-content\/uploads\/2023\/07\/Poster-PROFILE-EHA-ENG-1.pdf\" target=\"_blank\" rel=\"noopener\">Poster &#8211; English<\/a><\/li>\n<li><a href=\"https:\/\/euprevent.eu\/wp-content\/uploads\/2023\/07\/Poster-PROFILE-EHA-NL.pdf\" target=\"_blank\" rel=\"noopener\">Poster &#8211; Dutch<\/a><\/li>\n<li><a href=\"https:\/\/euprevent.eu\/wp-content\/uploads\/2023\/07\/Poster-PROFILE-EHA-DE-Versie-2-1.pdf\" target=\"_blank\" rel=\"noopener\">Poster &#8211; German<\/a><\/li>\n<li><a href=\"https:\/\/euprevent.eu\/wp-content\/uploads\/2023\/07\/Poster-PROFILE-EHA-FR-Versie-3.pdf\" target=\"_blank\" rel=\"noopener\">Poster &#8211; French<\/a><\/li>\n<\/ul>\n<p>[\/vc_column_text][\/vc_column][\/vc_row]<\/p>\n<\/section>","protected":false},"excerpt":{"rendered":"<p>[vc_row][vc_column][vc_column_text] Der Euregional Health Atlas (Euregionaler Gesundheitsatlas) [\/vc_column_text][\/vc_column][\/vc_row][vc_row][vc_column width=&#8220;3\/4&#8243;][vc_column_text css=&#8220;.vc_custom_1745931533711{margin-bottom: 10px !important;}&#8220;]Seit mehreren Jahren gibt es eine Website mit spezifischen Informationen \u00fcber die Forschung zugunsten von Projekten in der Euregion Maas-Rhein (EMR). Im Rahmen von euPrevent PROFILE sind Informationen \u00fcber Einsamkeit verf\u00fcgbar. Ein fr\u00fcheres euregionales Projekt aus den Jahren 2020-2021, das Projekt euPrevent COVID-19 , [&hellip;]<\/p>\n","protected":false},"author":1,"featured_media":0,"parent":14843,"menu_order":0,"comment_status":"closed","ping_status":"closed","template":"","meta":{"_acf_changed":false,"footnotes":""},"class_list":["post-21086","page","type-page","status-publish","hentry","programmes-mental-health"],"acf":[],"yoast_head":"<!-- This site is optimized with the Yoast SEO plugin v26.8 - https:\/\/yoast.com\/product\/yoast-seo-wordpress\/ -->\n<title>PROFILE Euregionaler Gesundheitsatlas - euPrevent<\/title>\n<meta name=\"robots\" content=\"index, follow, max-snippet:-1, max-image-preview:large, max-video-preview:-1\" \/>\n<link rel=\"canonical\" href=\"https:\/\/euprevent.eu\/de\/profile\/profile-euregional-health-atlas\/\" \/>\n<meta property=\"og:locale\" content=\"de_DE\" \/>\n<meta property=\"og:type\" content=\"article\" \/>\n<meta property=\"og:title\" content=\"PROFILE Euregionaler Gesundheitsatlas - euPrevent\" \/>\n<meta property=\"og:description\" content=\"[vc_row][vc_column][vc_column_text] Der Euregional Health Atlas (Euregionaler Gesundheitsatlas) [\/vc_column_text][\/vc_column][\/vc_row][vc_row][vc_column width=&#8220;3\/4&#8243;][vc_column_text css=&#8220;.vc_custom_1745931533711{margin-bottom: 10px !important;}&#8220;]Seit mehreren Jahren gibt es eine Website mit spezifischen Informationen \u00fcber die Forschung zugunsten von Projekten in der Euregion Maas-Rhein (EMR). Im Rahmen von euPrevent PROFILE sind Informationen \u00fcber Einsamkeit verf\u00fcgbar. Ein fr\u00fcheres euregionales Projekt aus den Jahren 2020-2021, das Projekt euPrevent COVID-19 , [&hellip;]\" \/>\n<meta property=\"og:url\" content=\"https:\/\/euprevent.eu\/de\/profile\/profile-euregional-health-atlas\/\" \/>\n<meta property=\"og:site_name\" content=\"euPrevent\" \/>\n<meta property=\"article:modified_time\" content=\"2025-04-29T12:58:56+00:00\" \/>\n<meta name=\"twitter:card\" content=\"summary_large_image\" \/>\n<meta name=\"twitter:label1\" content=\"Gesch\u00e4tzte Lesezeit\" \/>\n\t<meta name=\"twitter:data1\" content=\"2\u00a0Minuten\" \/>\n<script type=\"application\/ld+json\" class=\"yoast-schema-graph\">{\"@context\":\"https:\/\/schema.org\",\"@graph\":[{\"@type\":\"WebPage\",\"@id\":\"https:\/\/euprevent.eu\/de\/profile\/profile-euregional-health-atlas\/\",\"url\":\"https:\/\/euprevent.eu\/de\/profile\/profile-euregional-health-atlas\/\",\"name\":\"PROFILE Euregionaler Gesundheitsatlas - euPrevent\",\"isPartOf\":{\"@id\":\"https:\/\/euprevent.eu\/de\/#website\"},\"datePublished\":\"2023-07-27T16:40:33+00:00\",\"dateModified\":\"2025-04-29T12:58:56+00:00\",\"breadcrumb\":{\"@id\":\"https:\/\/euprevent.eu\/de\/profile\/profile-euregional-health-atlas\/#breadcrumb\"},\"inLanguage\":\"de\",\"potentialAction\":[{\"@type\":\"ReadAction\",\"target\":[\"https:\/\/euprevent.eu\/de\/profile\/profile-euregional-health-atlas\/\"]}]},{\"@type\":\"BreadcrumbList\",\"@id\":\"https:\/\/euprevent.eu\/de\/profile\/profile-euregional-health-atlas\/#breadcrumb\",\"itemListElement\":[{\"@type\":\"ListItem\",\"position\":1,\"name\":\"Home\",\"item\":\"https:\/\/euprevent.eu\/de\/\"},{\"@type\":\"ListItem\",\"position\":2,\"name\":\"Projekt euPrevent PROFILE\",\"item\":\"https:\/\/euprevent.eu\/de\/profile\/\"},{\"@type\":\"ListItem\",\"position\":3,\"name\":\"PROFILE Euregionaler Gesundheitsatlas\"}]},{\"@type\":\"WebSite\",\"@id\":\"https:\/\/euprevent.eu\/de\/#website\",\"url\":\"https:\/\/euprevent.eu\/de\/\",\"name\":\"euPrevent\",\"description\":\"euPrevent is a Euroregional network that focuses on promoting health. Within this network, sustainable partnerships seek to increase the quality of life of residents in the border region between the Netherlands, Belgium and Germany.\",\"potentialAction\":[{\"@type\":\"SearchAction\",\"target\":{\"@type\":\"EntryPoint\",\"urlTemplate\":\"https:\/\/euprevent.eu\/de\/?s={search_term_string}\"},\"query-input\":{\"@type\":\"PropertyValueSpecification\",\"valueRequired\":true,\"valueName\":\"search_term_string\"}}],\"inLanguage\":\"de\"}]}<\/script>\n<!-- \/ Yoast SEO plugin. -->","yoast_head_json":{"title":"PROFILE Euregionaler Gesundheitsatlas - euPrevent","robots":{"index":"index","follow":"follow","max-snippet":"max-snippet:-1","max-image-preview":"max-image-preview:large","max-video-preview":"max-video-preview:-1"},"canonical":"https:\/\/euprevent.eu\/de\/profile\/profile-euregional-health-atlas\/","og_locale":"de_DE","og_type":"article","og_title":"PROFILE Euregionaler Gesundheitsatlas - euPrevent","og_description":"[vc_row][vc_column][vc_column_text] Der Euregional Health Atlas (Euregionaler Gesundheitsatlas) [\/vc_column_text][\/vc_column][\/vc_row][vc_row][vc_column width=&#8220;3\/4&#8243;][vc_column_text css=&#8220;.vc_custom_1745931533711{margin-bottom: 10px !important;}&#8220;]Seit mehreren Jahren gibt es eine Website mit spezifischen Informationen \u00fcber die Forschung zugunsten von Projekten in der Euregion Maas-Rhein (EMR). Im Rahmen von euPrevent PROFILE sind Informationen \u00fcber Einsamkeit verf\u00fcgbar. Ein fr\u00fcheres euregionales Projekt aus den Jahren 2020-2021, das Projekt euPrevent COVID-19 , [&hellip;]","og_url":"https:\/\/euprevent.eu\/de\/profile\/profile-euregional-health-atlas\/","og_site_name":"euPrevent","article_modified_time":"2025-04-29T12:58:56+00:00","twitter_card":"summary_large_image","twitter_misc":{"Gesch\u00e4tzte Lesezeit":"2\u00a0Minuten"},"schema":{"@context":"https:\/\/schema.org","@graph":[{"@type":"WebPage","@id":"https:\/\/euprevent.eu\/de\/profile\/profile-euregional-health-atlas\/","url":"https:\/\/euprevent.eu\/de\/profile\/profile-euregional-health-atlas\/","name":"PROFILE Euregionaler Gesundheitsatlas - euPrevent","isPartOf":{"@id":"https:\/\/euprevent.eu\/de\/#website"},"datePublished":"2023-07-27T16:40:33+00:00","dateModified":"2025-04-29T12:58:56+00:00","breadcrumb":{"@id":"https:\/\/euprevent.eu\/de\/profile\/profile-euregional-health-atlas\/#breadcrumb"},"inLanguage":"de","potentialAction":[{"@type":"ReadAction","target":["https:\/\/euprevent.eu\/de\/profile\/profile-euregional-health-atlas\/"]}]},{"@type":"BreadcrumbList","@id":"https:\/\/euprevent.eu\/de\/profile\/profile-euregional-health-atlas\/#breadcrumb","itemListElement":[{"@type":"ListItem","position":1,"name":"Home","item":"https:\/\/euprevent.eu\/de\/"},{"@type":"ListItem","position":2,"name":"Projekt euPrevent PROFILE","item":"https:\/\/euprevent.eu\/de\/profile\/"},{"@type":"ListItem","position":3,"name":"PROFILE Euregionaler Gesundheitsatlas"}]},{"@type":"WebSite","@id":"https:\/\/euprevent.eu\/de\/#website","url":"https:\/\/euprevent.eu\/de\/","name":"euPrevent","description":"euPrevent is a Euroregional network that focuses on promoting health. Within this network, sustainable partnerships seek to increase the quality of life of residents in the border region between the Netherlands, Belgium and Germany.","potentialAction":[{"@type":"SearchAction","target":{"@type":"EntryPoint","urlTemplate":"https:\/\/euprevent.eu\/de\/?s={search_term_string}"},"query-input":{"@type":"PropertyValueSpecification","valueRequired":true,"valueName":"search_term_string"}}],"inLanguage":"de"}]}},"_links":{"self":[{"href":"https:\/\/euprevent.eu\/de\/wp-json\/wp\/v2\/pages\/21086","targetHints":{"allow":["GET"]}}],"collection":[{"href":"https:\/\/euprevent.eu\/de\/wp-json\/wp\/v2\/pages"}],"about":[{"href":"https:\/\/euprevent.eu\/de\/wp-json\/wp\/v2\/types\/page"}],"author":[{"embeddable":true,"href":"https:\/\/euprevent.eu\/de\/wp-json\/wp\/v2\/users\/1"}],"replies":[{"embeddable":true,"href":"https:\/\/euprevent.eu\/de\/wp-json\/wp\/v2\/comments?post=21086"}],"version-history":[{"count":5,"href":"https:\/\/euprevent.eu\/de\/wp-json\/wp\/v2\/pages\/21086\/revisions"}],"predecessor-version":[{"id":24138,"href":"https:\/\/euprevent.eu\/de\/wp-json\/wp\/v2\/pages\/21086\/revisions\/24138"}],"up":[{"embeddable":true,"href":"https:\/\/euprevent.eu\/de\/wp-json\/wp\/v2\/pages\/14843"}],"wp:attachment":[{"href":"https:\/\/euprevent.eu\/de\/wp-json\/wp\/v2\/media?parent=21086"}],"curies":[{"name":"wp","href":"https:\/\/api.w.org\/{rel}","templated":true}]}}