


{"id":20750,"date":"2023-07-06T14:37:27","date_gmt":"2023-07-06T13:37:27","guid":{"rendered":"https:\/\/euprevent.eu\/theaterpakket-sterrelicht\/"},"modified":"2024-07-22T14:15:23","modified_gmt":"2024-07-22T13:15:23","slug":"theaterpakket-sterrelicht","status":"publish","type":"page","link":"https:\/\/euprevent.eu\/de\/theaterpakket-sterrelicht\/","title":{"rendered":"Theaterpaket Sterrelicht"},"content":{"rendered":"<section class=\"wpb-content-wrapper\"><p>[vc_row css_animation=&#8220;none&#8220; css=&#8220;.vc_custom_1688649216009{margin-right: 0px !important;margin-left: 0px !important;background-color: #3892d0 !important;background-position: center !important;background-repeat: no-repeat !important;background-size: cover !important;}&#8220; el_class=&#8220;event-header&#8220;][vc_column][vc_column_text]<\/p>\n<h1>Theaterpaket Sterrelicht<\/h1>\n<h2>06 juli 2023<\/h2>\n<p>[\/vc_column_text][\/vc_column][\/vc_row][vc_row][vc_column][vc_column_text]<\/p>\n<p style=\"text-align: right;\"><a href=\"\/wp-content\/uploads\/2023\/07\/Sterrelicht_DE.zip\">Alles herunterladen <small>(488MB) <\/small><i class=\"far fa-download\"><\/i><\/a><\/p>\n<p>[\/vc_column_text][vc_tta_tour][vc_tta_section title=&#8220;Einfu\u0308hrung&#8220; tab_id=&#8220;1482327340831-0289a85d-6b8ae52b-e4b1&#8243;][vc_row_inner gap=&#8220;10&#8243;][vc_column_inner][vc_column_text]<\/p>\n<h3>Liebe TheaterliebhaberInnen,<\/h3>\n<p>Wir freuen uns sehr, dass Sie hier sind, denn das bedeutet, dass Sie mit dem Sterrelicht\/Starlight-Theaterpaket in Ihrer N\u00e4he loslegen wollen. Gemeinsam gehen wir einen Schritt in die richtige Richtung, um das Thema Einsamkeit in Ihrem eigenen Umfeld zur Sprache zu bringen.<\/p>\n<p>Das Theaterpaket Starlight basiert auf dem Theaterst\u00fcck &#8218;Sterrelicht en Appeltaart&#8216; (Sternenlicht und Apfelkuchen) des fl\u00e4mischen Theatermachers und Regisseurs Luc Stevens. Dank der Mittel aus dem Programm Interreg V-A Euregio Maas-Rhein entwickelte das <a href=\"https:\/\/euprevent.eu\/de\/profile\/\">Projekt euPrevent PROFILE<\/a> dieses Theaterprojekt in Zusammenarbeit mit <a href=\"https:\/\/www.lucstevensproducties.be\/\">Luc Stevens Producties<\/a>.<\/p>\n<p>Die Botschaft ist klar: Wir laden alle ein, in ihrem Umfeld mit dem Theaterpaket zu beginnen, damit wir gemeinsam einen kleinen Beitrag leisten, mehr Verbindungen schaffen und mehr Menschen aus ihrer Einsamkeit herausholen k\u00f6nnen.<\/p>\n<p>Der Inhalt dieses Theaterpakets ist eine Grundlage, um mit dem Theaterst\u00fcck kreativ zu werden. Das Skript ist f\u00fcr die Besetzung mit 5 SchauspielerInnen ausgelegt. Die anderen Rollen werden mit Hilfe von Tonmaterial besetzt. Wenn Sie gen\u00fcgend SchauspielerInnen haben, k\u00f6nnen Sie nat\u00fcrlich auch mehr Rollen besetzen. Der kreativen Freiheit sind also keine Grenzen gesetzt, solange die Botschaft erhalten bleibt und respektvoll transportiert wird.<\/p>\n<p>Wir stellen das Theaterpaket kostenlos zur Verf\u00fcgung.<\/p>\n<p>Wenn Sie Fragen haben, wenden Sie sich bitte an den euPrevent PROFILE-Projektpartner in Ihrer Region.<\/p>\n<p>Wir w\u00fcnschen Ihnen viel Erfolg und Spa\u00df![\/vc_column_text][vc_column_text css=&#8220;.vc_custom_1691155328075{margin-bottom: 1rem !important;padding-bottom: 0px !important;}&#8220;]<\/p>\n<h3><span lang=\"NL\">Geplante Vorstellungen<\/span><\/h3>\n<p>[\/vc_column_text][vc_raw_html]JTNDdGFibGUlMjBjbGFzcyUzRCUyMnRhYmxlJTIyJTNFJTBBJTIwJTIwJTIwJTIwJTIwJTIwJTIwJTIwJTNDdGhlYWQlM0UlMEElM0N0ciUzRSUwQSUyMCUyMCUyMCUyMCUyMCUyMCUyMCUyMCUyMCUyMCUyMCUyMCUzQ3RoJTNFUmVnaW9uJTNDJTJGdGglM0UlMEElMjAlMjAlMjAlMjAlMjAlMjAlMjAlMjAlMjAlMjAlMjAlMjAlM0N0aCUzRURhdHVtJTNDJTJGdGglM0UlMEElMjAlMjAlMjAlMjAlMjAlMjAlMjAlMjAlMjAlMjAlMjAlMjAlM0N0aCUzRU9ydCUzQyUyRnRoJTNFJTBBJTIwJTIwJTIwJTIwJTIwJTIwJTIwJTIwJTIwJTIwJTIwJTIwJTNDdGglM0VXZWl0ZXJlJTIwSW5mb3JtYXRpb25lbiUzQyUyRnRoJTNFJTBBJTIwJTIwJTIwJTIwJTIwJTIwJTIwJTIwJTNDJTJGdHIlM0UlMEElM0MlMkZ0aGVhZCUzRSUwQSUzQ3Rib2R5JTNFJTBBJTIwJTIwJTIwJTIwJTIwJTIwJTIwJTIwJTNDdHIlM0UlMEElMjAlMjAlMjAlMjAlMjAlMjAlMjAlMjAlMjAlMjAlMjAlMjAlM0N0ZCUzRU5pZWRlcmxhbmRlJTNDJTJGdGQlM0UlMEElMjAlMjAlMjAlMjAlMjAlMjAlMjAlMjAlMjAlMjAlMjAlMjAlM0N0ZCUzRTE2JTJGMDklMkYyMDIzJTNDJTJGdGQlM0UlMEElMjAlMjAlMjAlMjAlMjAlMjAlMjAlMjAlMjAlMjAlMjAlMjAlM0N0ZCUzRVNjaG91d2J1cmclMjBWZW5yYXklM0MlMkZ0ZCUzRSUwQSUyMCUyMCUyMCUyMCUyMCUyMCUyMCUyMCUyMCUyMCUyMCUyMCUzQ3RkJTNFJTNDYSUyMGhyZWYlM0QlMjJodHRwcyUzQSUyRiUyRnd3dy5rYm9oZWVybGVuc3RhZC5ubCUyRmluZGV4LnBocCUyMiUzRWh0dHBzJTNBJTJGJTJGd3d3Lmtib2hlZXJsZW5zdGFkLm5sJTJGaW5kZXgucGhwJTNDJTJGYSUzRSUzQyUyRnRkJTNFJTBBJTIwJTIwJTIwJTIwJTIwJTIwJTIwJTIwJTNDJTJGdHIlM0UlMEElMjAlMjAlMjAlMjAlMjAlMjAlMjAlMjAlM0N0ciUzRSUwQSUyMCUyMCUyMCUyMCUyMCUyMCUyMCUyMCUyMCUyMCUyMCUyMCUzQ3RkJTNFTmllZGVybGFuZGUlM0MlMkZ0ZCUzRSUwQSUyMCUyMCUyMCUyMCUyMCUyMCUyMCUyMCUyMCUyMCUyMCUyMCUzQ3RkJTNFMDYlMkYxMCUyRjIwMjMlM0MlMkZ0ZCUzRSUwQSUyMCUyMCUyMCUyMCUyMCUyMCUyMCUyMCUyMCUyMCUyMCUyMCUzQ3RkJTNFS2Fycm9lc3NlbCUyMGluJTIwU2l0dGFyZCUzQyUyRnRkJTNFJTBBJTIwJTIwJTIwJTIwJTIwJTIwJTIwJTIwJTIwJTIwJTIwJTIwJTNDdGQlM0UlM0NhJTIwaHJlZiUzRCUyMmh0dHBzJTNBJTJGJTJGd3d3Lmtib2hlZXJsZW5zdGFkLm5sJTJGaW5kZXgucGhwJTIyJTNFaHR0cHMlM0ElMkYlMkZ3d3cua2JvaGVlcmxlbnN0YWQubmwlMkZpbmRleC5waHAlM0MlMkZhJTNFJTNDJTJGdGQlM0UlMEElMjAlMjAlMjAlMjAlMjAlMjAlMjAlMjAlM0MlMkZ0ciUzRSUwQSUyMCUyMCUyMCUyMCUyMCUyMCUyMCUyMCUyMCUzQ3RyJTNFJTBBJTIwJTIwJTIwJTIwJTIwJTIwJTIwJTIwJTIwJTIwJTIwJTIwJTNDdGQlM0VOaWVkZXJsYW5kZSUzQyUyRnRkJTNFJTBBJTIwJTIwJTIwJTIwJTIwJTIwJTIwJTIwJTIwJTIwJTIwJTIwJTNDdGQlM0UxMCUyRjEyJTJGMjAyMyUzQyUyRnRkJTNFJTBBJTIwJTIwJTIwJTIwJTIwJTIwJTIwJTIwJTIwJTIwJTIwJTIwJTNDdGQlM0VQbGF0YWFuJTIwSGVlcmxlbiUzQyUyRnRkJTNFJTBBJTIwJTIwJTIwJTIwJTIwJTIwJTIwJTIwJTIwJTIwJTIwJTIwJTNDdGQlM0UlM0NhJTIwaHJlZiUzRCUyMmh0dHBzJTNBJTJGJTJGd3d3Lmtib2hlZXJsZW5zdGFkLm5sJTJGaW5kZXgucGhwJTIyJTNFaHR0cHMlM0ElMkYlMkZ3d3cua2JvaGVlcmxlbnN0YWQubmwlMkZpbmRleC5waHAlM0MlMkZhJTNFJTNDJTJGdGQlM0UlMEElMjAlMjAlMjAlMjAlMjAlMjAlMjAlMjAlM0MlMkZ0ciUzRSUwQSUyMCUyMCUyMCUyMCUyMCUyMCUyMCUyMCUyMCUzQ3RyJTNFJTBBJTIwJTIwJTIwJTIwJTIwJTIwJTIwJTIwJTIwJTIwJTIwJTIwJTNDdGQlM0VOaWVkZXJsYW5kZSUzQyUyRnRkJTNFJTBBJTIwJTIwJTIwJTIwJTIwJTIwJTIwJTIwJTIwJTIwJTIwJTIwJTNDdGQlM0UxNCUyRjAxJTJGMjAyNCUzQyUyRnRkJTNFJTBBJTIwJTIwJTIwJTIwJTIwJTIwJTIwJTIwJTIwJTIwJTIwJTIwJTNDdGQlM0VUaGVhdGVyJTIwS2Vya3JhZGUlM0MlMkZ0ZCUzRSUwQSUyMCUyMCUyMCUyMCUyMCUyMCUyMCUyMCUyMCUyMCUyMCUyMCUzQ3RkJTNFJTNDYSUyMGhyZWYlM0QlMjJodHRwcyUzQSUyRiUyRnd3dy5wbHQubmwlMkZwcm9ncmFtbWElMkZzdGVycmVsaWNodCUyRjE0LTAxLTIwMjQtMTUtMzAlMjIlM0VodHRwcyUzQSUyRiUyRnd3dy5wbHQubmwlMkZwcm9ncmFtbWElMkZzdGVycmVsaWNodCUyRjE0LTAxLTIwMjQtMTUtMzAlM0MlMkZhJTNFJTNDJTJGdGQlM0UlMEElMjAlMjAlMjAlMjAlMjAlMjAlMjAlMjAlM0MlMkZ0ciUzRSUwQSUyMCUyMCUyMCUyMCUyMCUyMCUyMCUyMCUyMCUzQ3RyJTNFJTBBJTIwJTIwJTIwJTIwJTIwJTIwJTIwJTIwJTIwJTIwJTIwJTIwJTNDdGQlM0VOaWVkZXJsYW5kZSUzQyUyRnRkJTNFJTBBJTIwJTIwJTIwJTIwJTIwJTIwJTIwJTIwJTIwJTIwJTIwJTIwJTNDdGQlM0UyMiUyRjA5JTJGMjAyNCUzQyUyRnRkJTNFJTBBJTIwJTIwJTIwJTIwJTIwJTIwJTIwJTIwJTIwJTIwJTIwJTIwJTNDdGQlM0VCb21ib3Jkb24lMjBIZWlqdGh1eXNlbiUzQyUyRnRkJTNFJTBBJTIwJTIwJTIwJTIwJTIwJTIwJTIwJTIwJTIwJTIwJTIwJTIwJTNDdGQlM0UlM0NhJTIwaHJlZiUzRCUyMmh0dHBzJTNBJTJGJTJGd3d3Lmtib2hlZXJsZW5zdGFkLm5sJTJGaW5kZXgucGhwJTIyJTNFaHR0cHMlM0ElMkYlMkZ3d3cua2JvaGVlcmxlbnN0YWQubmwlMkZpbmRleC5waHAlM0MlMkZhJTNFJTNDJTJGdGQlM0UlMEElMjAlMjAlMjAlMjAlMjAlMjAlMjAlMjAlM0MlMkZ0ciUzRSUwQSUzQ3RyJTNFJTBBJTIwJTIwJTIwJTIwJTIwJTIwJTIwJTIwJTIwJTIwJTIwJTIwJTNDdGQlM0VOaWVkZXJsYW5kZSUzQyUyRnRkJTNFJTBBJTIwJTIwJTIwJTIwJTIwJTIwJTIwJTIwJTIwJTIwJTIwJTIwJTNDdGQlM0UyNyUyRjEwJTJGMjAyNCUzQyUyRnRkJTNFJTBBJTIwJTIwJTIwJTIwJTIwJTIwJTIwJTIwJTIwJTIwJTIwJTIwJTNDdGQlM0VDdWx0dXJlZWwlMjBDZW50cnVtJTIwZGUlMjBIYWFuZGVydCUzQyUyRnRkJTNFJTBBJTIwJTIwJTIwJTIwJTIwJTIwJTIwJTIwJTIwJTIwJTIwJTIwJTNDdGQlM0UlM0NhJTIwaHJlZiUzRCUyMmh0dHBzJTNBJTJGJTJGd3d3Lmtib2hlZXJsZW5zdGFkLm5sJTJGaW5kZXgucGhwJTIyJTNFaHR0cHMlM0ElMkYlMkZ3d3cua2JvaGVlcmxlbnN0YWQubmwlMkZpbmRleC5waHAlM0MlMkZhJTNFJTNDJTJGdGQlM0UlMEElMjAlMjAlMjAlMjAlMjAlMjAlMjAlMjAlM0MlMkZ0ciUzRSUwQSUzQyUyRnRib2R5JTNFJTBBJTIwJTIwJTIwJTIwJTNDJTJGdGFibGUlM0U=[\/vc_raw_html][\/vc_column_inner][\/vc_row_inner][\/vc_tta_section][vc_tta_section title=&#8220;Regiemateriaal&#8220; tab_id=&#8220;1482327340845-c2a87853-0104e52b-e4b1&#8243;][vc_column_text]<\/p>\n<h3>Regiemateriaal<\/h3>\n<ul class=\"list-group ul-sterrelicht-download\">\n<li class=\"list-group-item\"><a href=\"https:\/\/euprevent.eu\/wp-content\/uploads\/2023\/08\/DE_Script_Final-document-Versie-6.docx\">Das Drehbuch Starlight<br \/>\n<small>DE_Script_Final-document-Versie-5.docx | 209KB <\/small><i class=\"float-right far fa-fw fa-download\"><\/i><\/a><\/li>\n<li class=\"list-group-item\"><a href=\"https:\/\/euprevent.eu\/wp-content\/uploads\/2023\/07\/DE-Beschreibung-Charaktere__Final-document-Versie-2.docx\">Eine Beschreibung der Charaktere: es ist erlaubt, Namen zu \u00e4ndern<br \/>\n<small>DE-Beschreibung-Charaktere__Final-document-Versie-2.docx | 218KB <\/small><i class=\"float-right far fa-fw fa-download\"><\/i><\/a><\/li>\n<li class=\"list-group-item\"><a href=\"https:\/\/euprevent.eu\/wp-content\/uploads\/2023\/08\/DE_Attribute-Versie-3.docx\">Eine \u00dcbersicht \u00fcber Attribute<br \/>\n<small>DE_Attribute-Versie-2.docx | 193KB <\/small><i class=\"float-right far fa-fw fa-download\"><\/i><\/a><\/li>\n<li class=\"list-group-item\"><a href=\"https:\/\/euprevent.eu\/wp-content\/uploads\/2023\/07\/DE_Planung_Zeitrahmen_Starlight.docx\">Ein Vorschlag f\u00fcr eine Projektplanung\/einen Zeitplan<br \/>\n<small>DE_Planung_Zeitrahmen_Starlight.docx | 444KB <\/small><i class=\"float-right far fa-fw fa-download\"><\/i><\/a><\/li>\n<li class=\"list-group-item\"><a href=\"https:\/\/euprevent.eu\/wp-content\/uploads\/2023\/07\/DE_Starlight_Mehr-als-ein-Theaterstuck.docx\">Ein Vorschlag, Starlight zu mehr als nur einer Theaterauff\u00fchrung zu machen (Vorprogramm und Nachbesprechung)<br \/>\n<small>DE_Starlight_Mehr-als-ein-Theaterstuck.docx | 446KB <\/small><i class=\"float-right far fa-fw fa-download\"><\/i><\/a><\/li>\n<\/ul>\n<p>[\/vc_column_text][\/vc_tta_section][vc_tta_section title=&#8220;Bildmaterial&#8220; tab_id=&#8220;1482327355324-da35450d-087de52b-e4b1&#8243;][vc_column_text]<\/p>\n<h3>Bildmaterial<\/h3>\n<ul class=\"list-group ul-sterrelicht-download\">\n<li class=\"list-group-item\"><a href=\"https:\/\/youtu.be\/gVandcJooks\" target=\"_blank\" rel=\"noopener\">a. Zur Unterst\u00fctzung des Drehbuchs wurde ein Begleitfilm von Starlight gedreht. Er wird auf Niederl\u00e4ndisch gesprochen und ist auf Englisch untertitelt. Hinweis: Die Rolle von Francine ist in diesem Film nicht enthalten. Ihre Rolle ist jedoch im Drehbuch ausgeschrieben und macht durchaus Sinn. Wenn Sie noch jemanden die Rolle der Francine besetzen k\u00f6nnen, dann ist es sicherlich ein Mehrwert, sie zu spielen.<br \/>\n<small>Externer YouTube-Link <\/small><i class=\"float-right far fa-fw fa-external-link\"><\/i><\/a><\/li>\n<li class=\"list-group-item\"><a href=\"https:\/\/youtu.be\/xgPsSNBfcy0\" target=\"_blank\" rel=\"noopener\">b. Wir haben auch einen Film des Originalst\u00fccks &#8218;Sterrelicht en Appeltaart&#8216; hinzugef\u00fcgt. Dieses St\u00fcck wird mit mehr SchauspielerInnen und auch vielen Freiwilligen aufgef\u00fchrt. Schauen Sie sich diesen Film unbedingt an, damit Sie auch eine Vorstellung davon haben, wie die B\u00fchne aussehen k\u00f6nnte. (Teil 1)<br \/>\n<small>Externer YouTube-Link <\/small><i class=\"float-right far fa-fw fa-external-link\"><\/i><\/a><\/li>\n<li class=\"list-group-item\"><a href=\"https:\/\/youtu.be\/TvvQVrHU7KM\" target=\"_blank\" rel=\"noopener\">b. Wir haben auch einen Film des Originalst\u00fccks &#8218;Sterrelicht en Appeltaart&#8216; hinzugef\u00fcgt. Dieses St\u00fcck wird mit mehr SchauspielerInnen und auch vielen Freiwilligen aufgef\u00fchrt. Schauen Sie sich diesen Film unbedingt an, damit Sie auch eine Vorstellung davon haben, wie die B\u00fchne aussehen k\u00f6nnte. (Teil 2)<br \/>\n<small>Externer YouTube-Link <\/small><i class=\"float-right far fa-fw fa-external-link\"><\/i><\/a><\/li>\n<\/ul>\n<p>[\/vc_column_text][\/vc_tta_section][vc_tta_section title=&#8220;Tonmaterial&#8220; tab_id=&#8220;1688648508078-0e8bdceb-92a5&#8243;][vc_column_text]<\/p>\n<h3>Tonmaterial<\/h3>\n<ul class=\"list-group ul-sterrelicht-download\">\n<li class=\"list-group-item\"><a href=\"https:\/\/youtu.be\/8xOaYwe_E5I\">Ein englischsprachiger Podcast des Theaterst\u00fccks<br \/>\n<small>Externer YouTube-Link <\/small><i class=\"float-right far fa-fw fa-external-link\"><\/i><\/a><\/li>\n<li class=\"list-group-item\"><a href=\"https:\/\/euprevent.eu\/wp-content\/uploads\/2023\/07\/Audioclips_DE.zip\">Die Begleitmusik im Sterrelicht-Theaterpaket wurde von Stef Vanderbeken entworfen.<br \/>\n<small>Audioclips_DE.zip | 442MB <\/small><i class=\"far fa-download\"><\/i><\/a><\/li>\n<li class=\"list-group-item\"><a href=\"https:\/\/euprevent.eu\/wp-content\/uploads\/2023\/07\/Audioclips-von-Schauspielern.zip\">F\u00fcr die Charaktere, die sich au\u00dferhalb der 5 Kernrollen befinden, werden Tonaufnahmen zur Verf\u00fcgung gestellt. Wenn Sie gen\u00fcgend SchauspielerInnen haben, m\u00fcssen Sie diese Tonaufnahmen nicht verwenden. <small><br \/>\nAudioclips-von-Schauspielern.zip | 4.6MB <\/small><i class=\"float-right far fa-fw fa-download\"><\/i><\/a><\/li>\n<li class=\"list-group-item\"><a href=\"https:\/\/euprevent.eu\/wp-content\/uploads\/2023\/07\/DE_Version.wav\">den Refrain\/Applaus-Song &#8222;In herzlichen Vierteln&#8220; (Es empfiehlt sich, das Schlusslied gemeinsam mit dem Publikum zu singen. Tipp: Geben Sie den Text allen BesucherInnen beim Betreten des Veranstaltungsortes oder projizieren Sie den Text, wenn Sie ihn gemeinsam singen).<br \/>\n<small>DE_Version.wav | 36.1MB <\/small><i class=\"float-right far fa-fw fa-download\"><\/i><\/a><\/li>\n<li class=\"list-group-item\"><a href=\"https:\/\/euprevent.eu\/wp-content\/uploads\/2023\/07\/Liedtekst-in-warme-buurten-Duitse-versie.docx\">Der Text des Schlussliedes\/Refrains &#8222;In herzlichen Vierteln&#8220;.<br \/>\n<small>Liedtekst-in-warme-buurten-Duitse-versie.docx | 18KB <\/small><i class=\"float-right far fa-fw fa-download\"><\/i><\/a><\/li>\n<\/ul>\n<p>[\/vc_column_text][\/vc_tta_section][vc_tta_section title=&#8220;Urheberrecht&#8220; tab_id=&#8220;1688648518659-b660b83f-d9ea&#8220;][vc_column_text]<\/p>\n<h3>Urheberrecht<\/h3>\n<ul class=\"list-group ul-sterrelicht-download\">\n<li class=\"list-group-item\"><a href=\"https:\/\/euprevent.eu\/wp-content\/uploads\/2023\/08\/NL_Overeenkomst-ingebruikname-theaterpakket-Sterrelicht_na-31082023-Versie-2.docx\">Eine Vereinbarung zur Verwendung des Theaterst\u00fccks Sterrelicht<br \/>\n<small>NL_Overeenkomst-ingebruikname-theaterpakket-Sterrelicht_na-31082023.docx | 743KB <\/small><i class=\"far fa-download\"><\/i><\/a><\/li>\n<li class=\"list-group-item\"><a href=\"https:\/\/euprevent.eu\/wp-content\/uploads\/2023\/07\/Distance_copyright_Luc_Stevens_Starlight.pdf\">Urheberrecht<br \/>\n<small>Distance_copyright_Luc_Stevens_Starlight.pdf | 273KB <\/small><i class=\"far fa-download\"><\/i><\/a><\/li>\n<\/ul>\n<p>[\/vc_column_text][\/vc_tta_section][vc_tta_section title=&#8220;Andere&#8220; tab_id=&#8220;1688648534562-e80ac8f5-b177&#8243;][vc_column_text]<\/p>\n<h3>Andere<\/h3>\n<ul class=\"list-group ul-sterrelicht-download\">\n<li class=\"list-group-item\"><a href=\"https:\/\/euprevent.eu\/wp-content\/uploads\/2023\/07\/Logo_LucStevensProducties.jpg\">Logo Luc Stevens Producties<br \/>\n<small>Logo_LucStevensProducties.jpg | 18KB <\/small><i class=\"far fa-download\"><\/i><\/a><\/li>\n<li class=\"list-group-item\"><a href=\"https:\/\/euprevent.eu\/wp-content\/uploads\/2023\/07\/Luc-Stevens.jpg\">Foto Luc Stevens<br \/>\n<small>Luc-Stevens.jpg | 10KB <\/small><i class=\"far fa-download\"><\/i><\/a><\/li>\n<li class=\"list-group-item\"><a href=\"https:\/\/euprevent.eu\/wp-content\/uploads\/2023\/07\/affiche.jpeg\">Foto Sterrelicht<br \/>\n<small>affiche.jpeg | 68KB <\/small><i class=\"far fa-download\"><\/i><\/a><\/li>\n<\/ul>\n<p>[\/vc_column_text][\/vc_tta_section][\/vc_tta_tour][\/vc_column][\/vc_row][vc_row][vc_column][\/vc_column][\/vc_row]<\/p>\n<\/section>","protected":false},"excerpt":{"rendered":"<p>[vc_row css_animation=&#8220;none&#8220; css=&#8220;.vc_custom_1688649216009{margin-right: 0px !important;margin-left: 0px !important;background-color: #3892d0 !important;background-position: center !important;background-repeat: no-repeat !important;background-size: cover !important;}&#8220; el_class=&#8220;event-header&#8220;][vc_column][vc_column_text] Theaterpaket Sterrelicht 06 juli 2023 [\/vc_column_text][\/vc_column][\/vc_row][vc_row][vc_column][vc_column_text] Alles herunterladen (488MB) [\/vc_column_text][vc_tta_tour][vc_tta_section title=&#8220;Einfu\u0308hrung&#8220; tab_id=&#8220;1482327340831-0289a85d-6b8ae52b-e4b1&#8243;][vc_row_inner gap=&#8220;10&#8243;][vc_column_inner][vc_column_text] Liebe TheaterliebhaberInnen, Wir freuen uns sehr, dass Sie hier sind, denn das bedeutet, dass Sie mit dem Sterrelicht\/Starlight-Theaterpaket in Ihrer N\u00e4he loslegen wollen. Gemeinsam gehen wir [&hellip;]<\/p>\n","protected":false},"author":1,"featured_media":0,"parent":0,"menu_order":0,"comment_status":"closed","ping_status":"closed","template":"","meta":{"_acf_changed":false,"footnotes":""},"class_list":["post-20750","page","type-page","status-publish","hentry"],"acf":[],"yoast_head":"<!-- This site is optimized with the Yoast SEO plugin v26.8 - https:\/\/yoast.com\/product\/yoast-seo-wordpress\/ -->\n<title>Theaterpaket Sterrelicht - euPrevent<\/title>\n<meta name=\"robots\" content=\"index, follow, max-snippet:-1, max-image-preview:large, max-video-preview:-1\" \/>\n<link rel=\"canonical\" href=\"https:\/\/euprevent.eu\/de\/theaterpakket-sterrelicht\/\" \/>\n<meta property=\"og:locale\" content=\"de_DE\" \/>\n<meta property=\"og:type\" content=\"article\" \/>\n<meta property=\"og:title\" content=\"Theaterpaket Sterrelicht - euPrevent\" \/>\n<meta property=\"og:description\" content=\"[vc_row css_animation=&#8220;none&#8220; css=&#8220;.vc_custom_1688649216009{margin-right: 0px !important;margin-left: 0px !important;background-color: #3892d0 !important;background-position: center !important;background-repeat: no-repeat !important;background-size: cover !important;}&#8220; el_class=&#8220;event-header&#8220;][vc_column][vc_column_text] Theaterpaket Sterrelicht 06 juli 2023 [\/vc_column_text][\/vc_column][\/vc_row][vc_row][vc_column][vc_column_text] Alles herunterladen (488MB) [\/vc_column_text][vc_tta_tour][vc_tta_section title=&#8220;Einfu\u0308hrung&#8220; tab_id=&#8220;1482327340831-0289a85d-6b8ae52b-e4b1&#8243;][vc_row_inner gap=&#8220;10&#8243;][vc_column_inner][vc_column_text] Liebe TheaterliebhaberInnen, Wir freuen uns sehr, dass Sie hier sind, denn das bedeutet, dass Sie mit dem Sterrelicht\/Starlight-Theaterpaket in Ihrer N\u00e4he loslegen wollen. Gemeinsam gehen wir [&hellip;]\" \/>\n<meta property=\"og:url\" content=\"https:\/\/euprevent.eu\/de\/theaterpakket-sterrelicht\/\" \/>\n<meta property=\"og:site_name\" content=\"euPrevent\" \/>\n<meta property=\"article:modified_time\" content=\"2024-07-22T13:15:23+00:00\" \/>\n<meta name=\"twitter:card\" content=\"summary_large_image\" \/>\n<meta name=\"twitter:label1\" content=\"Gesch\u00e4tzte Lesezeit\" \/>\n\t<meta name=\"twitter:data1\" content=\"3\u00a0Minuten\" \/>\n<script type=\"application\/ld+json\" class=\"yoast-schema-graph\">{\"@context\":\"https:\/\/schema.org\",\"@graph\":[{\"@type\":\"WebPage\",\"@id\":\"https:\/\/euprevent.eu\/de\/theaterpakket-sterrelicht\/\",\"url\":\"https:\/\/euprevent.eu\/de\/theaterpakket-sterrelicht\/\",\"name\":\"Theaterpaket Sterrelicht - euPrevent\",\"isPartOf\":{\"@id\":\"https:\/\/euprevent.eu\/de\/#website\"},\"datePublished\":\"2023-07-06T13:37:27+00:00\",\"dateModified\":\"2024-07-22T13:15:23+00:00\",\"breadcrumb\":{\"@id\":\"https:\/\/euprevent.eu\/de\/theaterpakket-sterrelicht\/#breadcrumb\"},\"inLanguage\":\"de\",\"potentialAction\":[{\"@type\":\"ReadAction\",\"target\":[\"https:\/\/euprevent.eu\/de\/theaterpakket-sterrelicht\/\"]}]},{\"@type\":\"BreadcrumbList\",\"@id\":\"https:\/\/euprevent.eu\/de\/theaterpakket-sterrelicht\/#breadcrumb\",\"itemListElement\":[{\"@type\":\"ListItem\",\"position\":1,\"name\":\"Home\",\"item\":\"https:\/\/euprevent.eu\/de\/\"},{\"@type\":\"ListItem\",\"position\":2,\"name\":\"Theaterpaket Sterrelicht\"}]},{\"@type\":\"WebSite\",\"@id\":\"https:\/\/euprevent.eu\/de\/#website\",\"url\":\"https:\/\/euprevent.eu\/de\/\",\"name\":\"euPrevent\",\"description\":\"euPrevent is a Euroregional network that focuses on promoting health. Within this network, sustainable partnerships seek to increase the quality of life of residents in the border region between the Netherlands, Belgium and Germany.\",\"potentialAction\":[{\"@type\":\"SearchAction\",\"target\":{\"@type\":\"EntryPoint\",\"urlTemplate\":\"https:\/\/euprevent.eu\/de\/?s={search_term_string}\"},\"query-input\":{\"@type\":\"PropertyValueSpecification\",\"valueRequired\":true,\"valueName\":\"search_term_string\"}}],\"inLanguage\":\"de\"}]}<\/script>\n<!-- \/ Yoast SEO plugin. -->","yoast_head_json":{"title":"Theaterpaket Sterrelicht - euPrevent","robots":{"index":"index","follow":"follow","max-snippet":"max-snippet:-1","max-image-preview":"max-image-preview:large","max-video-preview":"max-video-preview:-1"},"canonical":"https:\/\/euprevent.eu\/de\/theaterpakket-sterrelicht\/","og_locale":"de_DE","og_type":"article","og_title":"Theaterpaket Sterrelicht - euPrevent","og_description":"[vc_row css_animation=&#8220;none&#8220; css=&#8220;.vc_custom_1688649216009{margin-right: 0px !important;margin-left: 0px !important;background-color: #3892d0 !important;background-position: center !important;background-repeat: no-repeat !important;background-size: cover !important;}&#8220; el_class=&#8220;event-header&#8220;][vc_column][vc_column_text] Theaterpaket Sterrelicht 06 juli 2023 [\/vc_column_text][\/vc_column][\/vc_row][vc_row][vc_column][vc_column_text] Alles herunterladen (488MB) [\/vc_column_text][vc_tta_tour][vc_tta_section title=&#8220;Einfu\u0308hrung&#8220; tab_id=&#8220;1482327340831-0289a85d-6b8ae52b-e4b1&#8243;][vc_row_inner gap=&#8220;10&#8243;][vc_column_inner][vc_column_text] Liebe TheaterliebhaberInnen, Wir freuen uns sehr, dass Sie hier sind, denn das bedeutet, dass Sie mit dem Sterrelicht\/Starlight-Theaterpaket in Ihrer N\u00e4he loslegen wollen. Gemeinsam gehen wir [&hellip;]","og_url":"https:\/\/euprevent.eu\/de\/theaterpakket-sterrelicht\/","og_site_name":"euPrevent","article_modified_time":"2024-07-22T13:15:23+00:00","twitter_card":"summary_large_image","twitter_misc":{"Gesch\u00e4tzte Lesezeit":"3\u00a0Minuten"},"schema":{"@context":"https:\/\/schema.org","@graph":[{"@type":"WebPage","@id":"https:\/\/euprevent.eu\/de\/theaterpakket-sterrelicht\/","url":"https:\/\/euprevent.eu\/de\/theaterpakket-sterrelicht\/","name":"Theaterpaket Sterrelicht - euPrevent","isPartOf":{"@id":"https:\/\/euprevent.eu\/de\/#website"},"datePublished":"2023-07-06T13:37:27+00:00","dateModified":"2024-07-22T13:15:23+00:00","breadcrumb":{"@id":"https:\/\/euprevent.eu\/de\/theaterpakket-sterrelicht\/#breadcrumb"},"inLanguage":"de","potentialAction":[{"@type":"ReadAction","target":["https:\/\/euprevent.eu\/de\/theaterpakket-sterrelicht\/"]}]},{"@type":"BreadcrumbList","@id":"https:\/\/euprevent.eu\/de\/theaterpakket-sterrelicht\/#breadcrumb","itemListElement":[{"@type":"ListItem","position":1,"name":"Home","item":"https:\/\/euprevent.eu\/de\/"},{"@type":"ListItem","position":2,"name":"Theaterpaket Sterrelicht"}]},{"@type":"WebSite","@id":"https:\/\/euprevent.eu\/de\/#website","url":"https:\/\/euprevent.eu\/de\/","name":"euPrevent","description":"euPrevent is a Euroregional network that focuses on promoting health. Within this network, sustainable partnerships seek to increase the quality of life of residents in the border region between the Netherlands, Belgium and Germany.","potentialAction":[{"@type":"SearchAction","target":{"@type":"EntryPoint","urlTemplate":"https:\/\/euprevent.eu\/de\/?s={search_term_string}"},"query-input":{"@type":"PropertyValueSpecification","valueRequired":true,"valueName":"search_term_string"}}],"inLanguage":"de"}]}},"_links":{"self":[{"href":"https:\/\/euprevent.eu\/de\/wp-json\/wp\/v2\/pages\/20750","targetHints":{"allow":["GET"]}}],"collection":[{"href":"https:\/\/euprevent.eu\/de\/wp-json\/wp\/v2\/pages"}],"about":[{"href":"https:\/\/euprevent.eu\/de\/wp-json\/wp\/v2\/types\/page"}],"author":[{"embeddable":true,"href":"https:\/\/euprevent.eu\/de\/wp-json\/wp\/v2\/users\/1"}],"replies":[{"embeddable":true,"href":"https:\/\/euprevent.eu\/de\/wp-json\/wp\/v2\/comments?post=20750"}],"version-history":[{"count":28,"href":"https:\/\/euprevent.eu\/de\/wp-json\/wp\/v2\/pages\/20750\/revisions"}],"predecessor-version":[{"id":22977,"href":"https:\/\/euprevent.eu\/de\/wp-json\/wp\/v2\/pages\/20750\/revisions\/22977"}],"wp:attachment":[{"href":"https:\/\/euprevent.eu\/de\/wp-json\/wp\/v2\/media?parent=20750"}],"curies":[{"name":"wp","href":"https:\/\/api.w.org\/{rel}","templated":true}]}}