


{"id":20533,"date":"2023-06-20T16:16:42","date_gmt":"2023-06-20T15:16:42","guid":{"rendered":"https:\/\/euprevent.eu\/?page_id=20533"},"modified":"2023-06-20T16:23:23","modified_gmt":"2023-06-20T15:23:23","slug":"profile-inspiration-guide","status":"publish","type":"page","link":"https:\/\/euprevent.eu\/de\/profile\/profile-inspiration-guide\/","title":{"rendered":"PROFILE Inspirationsleitfaden"},"content":{"rendered":"<section class=\"wpb-content-wrapper\"><p>[vc_row][vc_column][vc_column_text]<\/p>\n<h1>PROFILE Inspirationsleitfaden<\/h1>\n<p>Das Projekt euPrevent PROFILE (PRevention OF Loneliness of older people in the Euregion) soll dazu beitragen, Einsamkeit unter \u00e4lteren Menschen zu verhindern und zu bek\u00e4mpfen. Im Rahmen dieses Projekts arbeiten verschiedene Partner aus der Euregio Maas-Rhein zusammen. Ziel dieses auf 2,5 Jahre angelegten Projekts ist es, den Austausch von Wissen und Best Practices zu f\u00f6rdern und das Bewusstsein f\u00fcr die Auswirkungen von Einsamkeit zu st\u00e4rken. Dies wollen wir auch durch die F\u00f6rderung von Kontakten zwischen den Generationen erreichen.<\/p>\n<p>Wir freuen uns, hiermit den Inspirationsleitfaden vorzustellen, der im Rahmen des Projekts erstellt wurde.[\/vc_column_text][\/vc_column][\/vc_row][vc_row equal_height=&#8220;yes&#8220; content_placement=&#8220;middle&#8220;][vc_column width=&#8220;1\/3&#8243;][vc_single_image image=&#8220;20520&#8243; img_size=&#8220;full&#8220;][\/vc_column][vc_column width=&#8220;2\/3&#8243;][vc_column_text]<\/p>\n<h2 style=\"padding-left: 25px;\">Herunterladen<\/h2>\n<ul>\n<li><a href=\"https:\/\/euprevent.eu\/wp-content\/uploads\/2023\/06\/Profile-IG-DE.pdf\" target=\"_blank\" rel=\"noopener\">PROFILE Inspirationsleitfaden &#8211; Deutsch<\/a><\/li>\n<li><a href=\"https:\/\/euprevent.eu\/wp-content\/uploads\/2023\/06\/Profile-IG-EN.pdf\" target=\"_blank\" rel=\"noopener\">PROFILE Inspirationsleitfaden &#8211; Englisch<\/a><\/li>\n<li><a href=\"https:\/\/euprevent.eu\/wp-content\/uploads\/2023\/06\/Profile-IG-NL.pdf\" target=\"_blank\" rel=\"noopener\">PROFILE Inspirationsleitfaden &#8211; Niederl\u00e4ndisch<\/a><\/li>\n<li><a href=\"https:\/\/euprevent.eu\/wp-content\/uploads\/2023\/06\/Profile-IG-FR.pdf\" target=\"_blank\" rel=\"noopener\">PROFILE Inspirationsleitfaden &#8211; Franz\u00f6sisch<\/a><\/li>\n<\/ul>\n<p>[\/vc_column_text][\/vc_column][\/vc_row]<\/p>\n<\/section>","protected":false},"excerpt":{"rendered":"<p>[vc_row][vc_column][vc_column_text] PROFILE Inspirationsleitfaden Das Projekt euPrevent PROFILE (PRevention OF Loneliness of older people in the Euregion) soll dazu beitragen, Einsamkeit unter \u00e4lteren Menschen zu verhindern und zu bek\u00e4mpfen. Im Rahmen dieses Projekts arbeiten verschiedene Partner aus der Euregio Maas-Rhein zusammen. Ziel dieses auf 2,5 Jahre angelegten Projekts ist es, den Austausch von Wissen und Best [&hellip;]<\/p>\n","protected":false},"author":1,"featured_media":0,"parent":14843,"menu_order":0,"comment_status":"closed","ping_status":"closed","template":"","meta":{"_acf_changed":false,"footnotes":""},"class_list":["post-20533","page","type-page","status-publish","hentry","programmes-mental-health"],"acf":[],"yoast_head":"<!-- This site is optimized with the Yoast SEO plugin v26.8 - https:\/\/yoast.com\/product\/yoast-seo-wordpress\/ -->\n<title>PROFILE Inspirationsleitfaden - euPrevent<\/title>\n<meta name=\"robots\" content=\"index, follow, max-snippet:-1, max-image-preview:large, max-video-preview:-1\" \/>\n<link rel=\"canonical\" href=\"https:\/\/euprevent.eu\/de\/profile\/profile-inspiration-guide\/\" \/>\n<meta property=\"og:locale\" content=\"de_DE\" \/>\n<meta property=\"og:type\" content=\"article\" \/>\n<meta property=\"og:title\" content=\"PROFILE Inspirationsleitfaden - euPrevent\" \/>\n<meta property=\"og:description\" content=\"[vc_row][vc_column][vc_column_text] PROFILE Inspirationsleitfaden Das Projekt euPrevent PROFILE (PRevention OF Loneliness of older people in the Euregion) soll dazu beitragen, Einsamkeit unter \u00e4lteren Menschen zu verhindern und zu bek\u00e4mpfen. Im Rahmen dieses Projekts arbeiten verschiedene Partner aus der Euregio Maas-Rhein zusammen. Ziel dieses auf 2,5 Jahre angelegten Projekts ist es, den Austausch von Wissen und Best [&hellip;]\" \/>\n<meta property=\"og:url\" content=\"https:\/\/euprevent.eu\/de\/profile\/profile-inspiration-guide\/\" \/>\n<meta property=\"og:site_name\" content=\"euPrevent\" \/>\n<meta property=\"article:modified_time\" content=\"2023-06-20T15:23:23+00:00\" \/>\n<meta name=\"twitter:card\" content=\"summary_large_image\" \/>\n<meta name=\"twitter:label1\" content=\"Gesch\u00e4tzte Lesezeit\" \/>\n\t<meta name=\"twitter:data1\" content=\"1\u00a0Minute\" \/>\n<script type=\"application\/ld+json\" class=\"yoast-schema-graph\">{\"@context\":\"https:\/\/schema.org\",\"@graph\":[{\"@type\":\"WebPage\",\"@id\":\"https:\/\/euprevent.eu\/de\/profile\/profile-inspiration-guide\/\",\"url\":\"https:\/\/euprevent.eu\/de\/profile\/profile-inspiration-guide\/\",\"name\":\"PROFILE Inspirationsleitfaden - euPrevent\",\"isPartOf\":{\"@id\":\"https:\/\/euprevent.eu\/de\/#website\"},\"datePublished\":\"2023-06-20T15:16:42+00:00\",\"dateModified\":\"2023-06-20T15:23:23+00:00\",\"breadcrumb\":{\"@id\":\"https:\/\/euprevent.eu\/de\/profile\/profile-inspiration-guide\/#breadcrumb\"},\"inLanguage\":\"de\",\"potentialAction\":[{\"@type\":\"ReadAction\",\"target\":[\"https:\/\/euprevent.eu\/de\/profile\/profile-inspiration-guide\/\"]}]},{\"@type\":\"BreadcrumbList\",\"@id\":\"https:\/\/euprevent.eu\/de\/profile\/profile-inspiration-guide\/#breadcrumb\",\"itemListElement\":[{\"@type\":\"ListItem\",\"position\":1,\"name\":\"Home\",\"item\":\"https:\/\/euprevent.eu\/de\/\"},{\"@type\":\"ListItem\",\"position\":2,\"name\":\"Projekt euPrevent PROFILE\",\"item\":\"https:\/\/euprevent.eu\/de\/profile\/\"},{\"@type\":\"ListItem\",\"position\":3,\"name\":\"PROFILE Inspirationsleitfaden\"}]},{\"@type\":\"WebSite\",\"@id\":\"https:\/\/euprevent.eu\/de\/#website\",\"url\":\"https:\/\/euprevent.eu\/de\/\",\"name\":\"euPrevent\",\"description\":\"euPrevent is a Euroregional network that focuses on promoting health. Within this network, sustainable partnerships seek to increase the quality of life of residents in the border region between the Netherlands, Belgium and Germany.\",\"potentialAction\":[{\"@type\":\"SearchAction\",\"target\":{\"@type\":\"EntryPoint\",\"urlTemplate\":\"https:\/\/euprevent.eu\/de\/?s={search_term_string}\"},\"query-input\":{\"@type\":\"PropertyValueSpecification\",\"valueRequired\":true,\"valueName\":\"search_term_string\"}}],\"inLanguage\":\"de\"}]}<\/script>\n<!-- \/ Yoast SEO plugin. -->","yoast_head_json":{"title":"PROFILE Inspirationsleitfaden - euPrevent","robots":{"index":"index","follow":"follow","max-snippet":"max-snippet:-1","max-image-preview":"max-image-preview:large","max-video-preview":"max-video-preview:-1"},"canonical":"https:\/\/euprevent.eu\/de\/profile\/profile-inspiration-guide\/","og_locale":"de_DE","og_type":"article","og_title":"PROFILE Inspirationsleitfaden - euPrevent","og_description":"[vc_row][vc_column][vc_column_text] PROFILE Inspirationsleitfaden Das Projekt euPrevent PROFILE (PRevention OF Loneliness of older people in the Euregion) soll dazu beitragen, Einsamkeit unter \u00e4lteren Menschen zu verhindern und zu bek\u00e4mpfen. Im Rahmen dieses Projekts arbeiten verschiedene Partner aus der Euregio Maas-Rhein zusammen. Ziel dieses auf 2,5 Jahre angelegten Projekts ist es, den Austausch von Wissen und Best [&hellip;]","og_url":"https:\/\/euprevent.eu\/de\/profile\/profile-inspiration-guide\/","og_site_name":"euPrevent","article_modified_time":"2023-06-20T15:23:23+00:00","twitter_card":"summary_large_image","twitter_misc":{"Gesch\u00e4tzte Lesezeit":"1\u00a0Minute"},"schema":{"@context":"https:\/\/schema.org","@graph":[{"@type":"WebPage","@id":"https:\/\/euprevent.eu\/de\/profile\/profile-inspiration-guide\/","url":"https:\/\/euprevent.eu\/de\/profile\/profile-inspiration-guide\/","name":"PROFILE Inspirationsleitfaden - euPrevent","isPartOf":{"@id":"https:\/\/euprevent.eu\/de\/#website"},"datePublished":"2023-06-20T15:16:42+00:00","dateModified":"2023-06-20T15:23:23+00:00","breadcrumb":{"@id":"https:\/\/euprevent.eu\/de\/profile\/profile-inspiration-guide\/#breadcrumb"},"inLanguage":"de","potentialAction":[{"@type":"ReadAction","target":["https:\/\/euprevent.eu\/de\/profile\/profile-inspiration-guide\/"]}]},{"@type":"BreadcrumbList","@id":"https:\/\/euprevent.eu\/de\/profile\/profile-inspiration-guide\/#breadcrumb","itemListElement":[{"@type":"ListItem","position":1,"name":"Home","item":"https:\/\/euprevent.eu\/de\/"},{"@type":"ListItem","position":2,"name":"Projekt euPrevent PROFILE","item":"https:\/\/euprevent.eu\/de\/profile\/"},{"@type":"ListItem","position":3,"name":"PROFILE Inspirationsleitfaden"}]},{"@type":"WebSite","@id":"https:\/\/euprevent.eu\/de\/#website","url":"https:\/\/euprevent.eu\/de\/","name":"euPrevent","description":"euPrevent is a Euroregional network that focuses on promoting health. Within this network, sustainable partnerships seek to increase the quality of life of residents in the border region between the Netherlands, Belgium and Germany.","potentialAction":[{"@type":"SearchAction","target":{"@type":"EntryPoint","urlTemplate":"https:\/\/euprevent.eu\/de\/?s={search_term_string}"},"query-input":{"@type":"PropertyValueSpecification","valueRequired":true,"valueName":"search_term_string"}}],"inLanguage":"de"}]}},"_links":{"self":[{"href":"https:\/\/euprevent.eu\/de\/wp-json\/wp\/v2\/pages\/20533","targetHints":{"allow":["GET"]}}],"collection":[{"href":"https:\/\/euprevent.eu\/de\/wp-json\/wp\/v2\/pages"}],"about":[{"href":"https:\/\/euprevent.eu\/de\/wp-json\/wp\/v2\/types\/page"}],"author":[{"embeddable":true,"href":"https:\/\/euprevent.eu\/de\/wp-json\/wp\/v2\/users\/1"}],"replies":[{"embeddable":true,"href":"https:\/\/euprevent.eu\/de\/wp-json\/wp\/v2\/comments?post=20533"}],"version-history":[{"count":4,"href":"https:\/\/euprevent.eu\/de\/wp-json\/wp\/v2\/pages\/20533\/revisions"}],"predecessor-version":[{"id":20545,"href":"https:\/\/euprevent.eu\/de\/wp-json\/wp\/v2\/pages\/20533\/revisions\/20545"}],"up":[{"embeddable":true,"href":"https:\/\/euprevent.eu\/de\/wp-json\/wp\/v2\/pages\/14843"}],"wp:attachment":[{"href":"https:\/\/euprevent.eu\/de\/wp-json\/wp\/v2\/media?parent=20533"}],"curies":[{"name":"wp","href":"https:\/\/api.w.org\/{rel}","templated":true}]}}