


{"id":19893,"date":"2023-03-21T20:36:54","date_gmt":"2023-03-21T19:36:54","guid":{"rendered":"https:\/\/euprevent.eu\/?page_id=19893"},"modified":"2024-01-12T15:46:07","modified_gmt":"2024-01-12T14:46:07","slug":"yes","status":"publish","type":"page","link":"https:\/\/euprevent.eu\/de\/yes\/","title":{"rendered":"Projekt Euregionale Jugenduntersuchung (YES) 2023"},"content":{"rendered":"<section class=\"wpb-content-wrapper\"><p>[vc_row][vc_column][vc_column_text]<\/p>\n<h1><strong>Projekt Youth Euregional Scan 2023 (YES 2023)<\/strong><\/h1>\n<p>Die Verbesserung der \u00f6ffentlichen Gesundheit in den Euregionen erfordert ein umfassendes Verst\u00e4ndnis der regionalen und euregionalen Gesundheitslandschaft. Mit diesem Ziel vor Augen f\u00fchren mehrere \u00f6ffentliche Gesundheitseinrichtungen seit 2001 euregionale Jugendbefragungen durch, die wertvolle, vergleichbare Daten \u00fcber junge Menschen im Alter von 13 bis 16 Jahren in der Euregio Maas-Rhein (EMR) liefern. Diese Befragungen wurden bereits 2001, 2006\/2007, 2013 und 2019 unter der Leitung des GGD Zuid Limburg (NL) durchgef\u00fchrt.<\/p>\n<p>Aufbauend auf dem Erfolg dieser euregionalen Jugendbefragungen in der EMR wird die Initiative nun unter Leitung des GGD Zuid Limburg und der Unterst\u00fctzung durch Interreg VI A Deutschand-Nederland auf die ERMN ausgeweitet. Durch die Zusammenf\u00fchrung und Analyse dieser Daten k\u00f6nnen Fachleute des \u00f6ffentlichen Gesundheitswesens in der ERMN und der EMR zusammenarbeiten, um gezielte Ma\u00dfnahmen und Pr\u00e4ventionsprogramme zu entwickeln und die allgemeine Gesundheit in der Region zu verbessern.[\/vc_column_text][\/vc_column][\/vc_row][vc_row gap=&#8220;25&#8243;][vc_column width=&#8220;1\/2&#8243; css=&#8220;.vc_custom_1509467339928{padding-top: 25px !important;background-color: #f3f3f3 !important;border-radius: 5px !important;}&#8220;][vc_column_text css=&#8220;.vc_custom_1679481054073{margin-bottom: 5px !important;padding-bottom: 5px !important;}&#8220;]<\/p>\n<h2>Projektrahmen<\/h2>\n<p><strong>Zielgruppe:<\/strong> Junge Menschen im Alter von 13\/14 und 15\/16 Jahren<br \/>\n<strong>Laufzeit: <\/strong>01. Januar 2023 &#8211; 31. Dezember 2023[\/vc_column_text][vc_btn title=&#8220;Finanzierung&#8220; color=&#8220;primary&#8220; size=&#8220;sm&#8220; link=&#8220;url:https%3A%2F%2Feuprevent.eu%2Fde%2Ffinanzierung-projekt-yes-2023%2F|title:Finanzierung%20Projekt%20YES%20(2023)&#8220;][vc_btn title=&#8220;Partner &#8211; ERMN&#8220; color=&#8220;primary&#8220; size=&#8220;sm&#8220; link=&#8220;url:%2Fpartner%2F%3Fprojects%3Dproject-yes-2023-ermn&#8220;][vc_btn title=&#8220;Partner &#8211; andere&#8220; color=&#8220;primary&#8220; size=&#8220;sm&#8220; link=&#8220;url:%2Fpartner%2F%3Fprojects%3Dproject-yes-2023-others&#8220;][\/vc_column][\/vc_row][vc_row][vc_column][vc_empty_space][vc_column_text]<\/p>\n<h2>Hintergrund des Projekts<\/h2>\n<p>Die Pandemie hatte Auswirkungen auf die physische und psychische Gesundheit junger Menschen. Situationen wie Hausunterricht, geschlossene Clubs und Jugendzentren und kaum M\u00f6glichkeiten, sich mit FreundInnen und BetreuerInnen au\u00dferhalb des famili\u00e4ren Umfelds zu treffen und auszutauschen, haben in einigen F\u00e4llen die Problemlagen junger Menschen noch versch\u00e4rft. K\u00f6rperliche und psychische Erkrankungen k\u00f6nnen die Folge sein. Allerdings fehlt es an (eu-)regionalen Daten zur gesundheitlichen Situation und zum Gesundheitsverhalten junger Menschen.[\/vc_column_text][\/vc_column][\/vc_row][vc_row][vc_column width=&#8220;1\/2&#8243;][vc_column_text]<\/p>\n<h3>Ziel<\/h3>\n<p>Die Euregionale Jugendbefragung 2023 ist eine Initiative zur Erfassung von Daten \u00fcber die Gesundheit und das Risikoverhalten von Jugendlichen in der (eu-)Region (Deutschland, Niederlande, Belgien). Ziel ist es, Bedarfslagen zu identifizieren und gezielte regionale und \u00fcberregionale Pr\u00e4ventionsprogramme f\u00fcr Jugendliche zu entwickeln.<\/p>\n<p>Mit dieser Umfrage hoffen wir, wertvolle Erkenntnisse \u00fcber den aktuellen Gesundheitszustand junger Menschen in der (EU-)Region zu gewinnen. Die Ergebnisse werden von den jeweiligen Gesundheits\u00e4mtern zur Erstellung eines umfassenden Jugendgesundheitsberichts verwendet, der als wertvolle Ressource f\u00fcr politische Entscheidungstr\u00e4gerInnen, GesundheitsdienstleisterInnen und andere AkteurInnen dienen wird.<\/p>\n<p>Dar\u00fcber hinaus werden die Daten in den Euregionalen Gesundheitsatlas (EHA, www.euregionalhealthatlas.eu) aufgenommen, der einen \u00dcberblick \u00fcber den Gesundheitszustand von Jugendlichen in der gesamten (EU-)Region geben wird. Dies wird dazu beitragen, regionale Muster oder Trends im Gesundheitsverhalten zu erkennen und Informationen f\u00fcr k\u00fcnftige Pr\u00e4ventionsma\u00dfnahmen bereitzustellen.[\/vc_column_text][\/vc_column][vc_column width=&#8220;1\/2&#8243;][vc_column_text]<\/p>\n<h3>Fragen<\/h3>\n<p>Es werden grundlegende Informationen wie Alter, Geschlecht, Gr\u00f6\u00dfe, Gewicht und Postleitzahl erhoben. Um die gesundheitliche Situation zu ermitteln, werden u. a. Fragen zur Gesundheit gestellt:<\/p>\n<ul>\n<li>grundlegende Lebensbedingungen<\/li>\n<li>Familiensituation<\/li>\n<li>selbst eingesch\u00e4tzte k\u00f6rperliche Gesundheit<\/li>\n<li>Psychische Gesundheit, Stress, Mobbing<\/li>\n<li>Ern\u00e4hrung und Bewegung<\/li>\n<li>Risikoverhalten und Drogenmissbrauch<\/li>\n<li>Medienkonsum und soziale Medien<\/li>\n<li>Sexualit\u00e4t<\/li>\n<li>Schule<\/li>\n<li>Freizeit, Freundschaft<\/li>\n<\/ul>\n<p>[\/vc_column_text][vc_column_text]<\/p>\n<h3>Sicherheit der Daten<\/h3>\n<p>Die Umfrage und die Datenerhebung werden v\u00f6llig anonym \u00fcber eine sichere Online-Plattform durchgef\u00fchrt. Die teilnehmenden Sch\u00fclerInnen erhalten \u00fcber einen zuf\u00e4llig generierten, eindeutigen Zahlencode Zugang zur Plattform, so dass w\u00e4hrend des gesamten Prozesses vollst\u00e4ndige Anonymit\u00e4t gew\u00e4hrleistet ist. Wir erheben zu keinem Zeitpunkt pers\u00f6nliche Daten wie Namen, Geburtsdaten oder Adressen.[\/vc_column_text][\/vc_column][\/vc_row][vc_row][vc_column][\/vc_column][\/vc_row][vc_row][vc_column][vc_single_image image=&#8220;20209&#8243; img_size=&#8220;full&#8220; alignment=&#8220;center&#8220;][\/vc_column][\/vc_row]<\/p>\n<\/section>","protected":false},"excerpt":{"rendered":"<p>[vc_row][vc_column][vc_column_text] Projekt Youth Euregional Scan 2023 (YES 2023) Die Verbesserung der \u00f6ffentlichen Gesundheit in den Euregionen erfordert ein umfassendes Verst\u00e4ndnis der regionalen und euregionalen Gesundheitslandschaft. Mit diesem Ziel vor Augen f\u00fchren mehrere \u00f6ffentliche Gesundheitseinrichtungen seit 2001 euregionale Jugendbefragungen durch, die wertvolle, vergleichbare Daten \u00fcber junge Menschen im Alter von 13 bis 16 Jahren in der [&hellip;]<\/p>\n","protected":false},"author":1,"featured_media":0,"parent":0,"menu_order":0,"comment_status":"closed","ping_status":"closed","template":"","meta":{"_acf_changed":false,"footnotes":""},"class_list":["post-19893","page","type-page","status-publish","hentry","programmes-crossing-programmes"],"acf":[],"yoast_head":"<!-- This site is optimized with the Yoast SEO plugin v26.8 - https:\/\/yoast.com\/product\/yoast-seo-wordpress\/ -->\n<title>Projekt Euregionale Jugenduntersuchung (YES) 2023 - euPrevent<\/title>\n<meta name=\"description\" content=\"Die Verbesserung der \u00f6ffentlichen Gesundheit in den Euregionen erfordert ein umfassendes Verst\u00e4ndnis der regionalen und euregionalen Gesundheitslandschaft.\" \/>\n<meta name=\"robots\" content=\"index, follow, max-snippet:-1, max-image-preview:large, max-video-preview:-1\" \/>\n<link rel=\"canonical\" href=\"https:\/\/euprevent.eu\/de\/yes\/\" \/>\n<meta property=\"og:locale\" content=\"de_DE\" \/>\n<meta property=\"og:type\" content=\"article\" \/>\n<meta property=\"og:title\" content=\"Projekt Euregionale Jugenduntersuchung (YES) 2023 - euPrevent\" \/>\n<meta property=\"og:description\" content=\"Die Verbesserung der \u00f6ffentlichen Gesundheit in den Euregionen erfordert ein umfassendes Verst\u00e4ndnis der regionalen und euregionalen Gesundheitslandschaft.\" \/>\n<meta property=\"og:url\" content=\"https:\/\/euprevent.eu\/de\/yes\/\" \/>\n<meta property=\"og:site_name\" content=\"euPrevent\" \/>\n<meta property=\"article:modified_time\" content=\"2024-01-12T14:46:07+00:00\" \/>\n<meta name=\"twitter:card\" content=\"summary_large_image\" \/>\n<meta name=\"twitter:label1\" content=\"Gesch\u00e4tzte Lesezeit\" \/>\n\t<meta name=\"twitter:data1\" content=\"3\u00a0Minuten\" \/>\n<script type=\"application\/ld+json\" class=\"yoast-schema-graph\">{\"@context\":\"https:\/\/schema.org\",\"@graph\":[{\"@type\":\"WebPage\",\"@id\":\"https:\/\/euprevent.eu\/de\/yes\/\",\"url\":\"https:\/\/euprevent.eu\/de\/yes\/\",\"name\":\"Projekt Euregionale Jugenduntersuchung (YES) 2023 - euPrevent\",\"isPartOf\":{\"@id\":\"https:\/\/euprevent.eu\/de\/#website\"},\"datePublished\":\"2023-03-21T19:36:54+00:00\",\"dateModified\":\"2024-01-12T14:46:07+00:00\",\"description\":\"Die Verbesserung der \u00f6ffentlichen Gesundheit in den Euregionen erfordert ein umfassendes Verst\u00e4ndnis der regionalen und euregionalen Gesundheitslandschaft.\",\"breadcrumb\":{\"@id\":\"https:\/\/euprevent.eu\/de\/yes\/#breadcrumb\"},\"inLanguage\":\"de\",\"potentialAction\":[{\"@type\":\"ReadAction\",\"target\":[\"https:\/\/euprevent.eu\/de\/yes\/\"]}]},{\"@type\":\"BreadcrumbList\",\"@id\":\"https:\/\/euprevent.eu\/de\/yes\/#breadcrumb\",\"itemListElement\":[{\"@type\":\"ListItem\",\"position\":1,\"name\":\"Home\",\"item\":\"https:\/\/euprevent.eu\/de\/\"},{\"@type\":\"ListItem\",\"position\":2,\"name\":\"Projekt Euregionale Jugenduntersuchung (YES) 2023\"}]},{\"@type\":\"WebSite\",\"@id\":\"https:\/\/euprevent.eu\/de\/#website\",\"url\":\"https:\/\/euprevent.eu\/de\/\",\"name\":\"euPrevent\",\"description\":\"euPrevent is a Euroregional network that focuses on promoting health. Within this network, sustainable partnerships seek to increase the quality of life of residents in the border region between the Netherlands, Belgium and Germany.\",\"potentialAction\":[{\"@type\":\"SearchAction\",\"target\":{\"@type\":\"EntryPoint\",\"urlTemplate\":\"https:\/\/euprevent.eu\/de\/?s={search_term_string}\"},\"query-input\":{\"@type\":\"PropertyValueSpecification\",\"valueRequired\":true,\"valueName\":\"search_term_string\"}}],\"inLanguage\":\"de\"}]}<\/script>\n<!-- \/ Yoast SEO plugin. -->","yoast_head_json":{"title":"Projekt Euregionale Jugenduntersuchung (YES) 2023 - euPrevent","description":"Die Verbesserung der \u00f6ffentlichen Gesundheit in den Euregionen erfordert ein umfassendes Verst\u00e4ndnis der regionalen und euregionalen Gesundheitslandschaft.","robots":{"index":"index","follow":"follow","max-snippet":"max-snippet:-1","max-image-preview":"max-image-preview:large","max-video-preview":"max-video-preview:-1"},"canonical":"https:\/\/euprevent.eu\/de\/yes\/","og_locale":"de_DE","og_type":"article","og_title":"Projekt Euregionale Jugenduntersuchung (YES) 2023 - euPrevent","og_description":"Die Verbesserung der \u00f6ffentlichen Gesundheit in den Euregionen erfordert ein umfassendes Verst\u00e4ndnis der regionalen und euregionalen Gesundheitslandschaft.","og_url":"https:\/\/euprevent.eu\/de\/yes\/","og_site_name":"euPrevent","article_modified_time":"2024-01-12T14:46:07+00:00","twitter_card":"summary_large_image","twitter_misc":{"Gesch\u00e4tzte Lesezeit":"3\u00a0Minuten"},"schema":{"@context":"https:\/\/schema.org","@graph":[{"@type":"WebPage","@id":"https:\/\/euprevent.eu\/de\/yes\/","url":"https:\/\/euprevent.eu\/de\/yes\/","name":"Projekt Euregionale Jugenduntersuchung (YES) 2023 - euPrevent","isPartOf":{"@id":"https:\/\/euprevent.eu\/de\/#website"},"datePublished":"2023-03-21T19:36:54+00:00","dateModified":"2024-01-12T14:46:07+00:00","description":"Die Verbesserung der \u00f6ffentlichen Gesundheit in den Euregionen erfordert ein umfassendes Verst\u00e4ndnis der regionalen und euregionalen Gesundheitslandschaft.","breadcrumb":{"@id":"https:\/\/euprevent.eu\/de\/yes\/#breadcrumb"},"inLanguage":"de","potentialAction":[{"@type":"ReadAction","target":["https:\/\/euprevent.eu\/de\/yes\/"]}]},{"@type":"BreadcrumbList","@id":"https:\/\/euprevent.eu\/de\/yes\/#breadcrumb","itemListElement":[{"@type":"ListItem","position":1,"name":"Home","item":"https:\/\/euprevent.eu\/de\/"},{"@type":"ListItem","position":2,"name":"Projekt Euregionale Jugenduntersuchung (YES) 2023"}]},{"@type":"WebSite","@id":"https:\/\/euprevent.eu\/de\/#website","url":"https:\/\/euprevent.eu\/de\/","name":"euPrevent","description":"euPrevent is a Euroregional network that focuses on promoting health. Within this network, sustainable partnerships seek to increase the quality of life of residents in the border region between the Netherlands, Belgium and Germany.","potentialAction":[{"@type":"SearchAction","target":{"@type":"EntryPoint","urlTemplate":"https:\/\/euprevent.eu\/de\/?s={search_term_string}"},"query-input":{"@type":"PropertyValueSpecification","valueRequired":true,"valueName":"search_term_string"}}],"inLanguage":"de"}]}},"_links":{"self":[{"href":"https:\/\/euprevent.eu\/de\/wp-json\/wp\/v2\/pages\/19893","targetHints":{"allow":["GET"]}}],"collection":[{"href":"https:\/\/euprevent.eu\/de\/wp-json\/wp\/v2\/pages"}],"about":[{"href":"https:\/\/euprevent.eu\/de\/wp-json\/wp\/v2\/types\/page"}],"author":[{"embeddable":true,"href":"https:\/\/euprevent.eu\/de\/wp-json\/wp\/v2\/users\/1"}],"replies":[{"embeddable":true,"href":"https:\/\/euprevent.eu\/de\/wp-json\/wp\/v2\/comments?post=19893"}],"version-history":[{"count":11,"href":"https:\/\/euprevent.eu\/de\/wp-json\/wp\/v2\/pages\/19893\/revisions"}],"predecessor-version":[{"id":22260,"href":"https:\/\/euprevent.eu\/de\/wp-json\/wp\/v2\/pages\/19893\/revisions\/22260"}],"wp:attachment":[{"href":"https:\/\/euprevent.eu\/de\/wp-json\/wp\/v2\/media?parent=19893"}],"curies":[{"name":"wp","href":"https:\/\/api.w.org\/{rel}","templated":true}]}}