


{"id":19383,"date":"2023-02-08T11:46:31","date_gmt":"2023-02-08T10:46:31","guid":{"rendered":"https:\/\/euprevent.eu\/?page_id=19383"},"modified":"2023-02-16T12:58:11","modified_gmt":"2023-02-16T11:58:11","slug":"some","status":"publish","type":"page","link":"https:\/\/euprevent.eu\/de\/some\/","title":{"rendered":"Projekt euPrevent Mental Health &#038; Social Networks"},"content":{"rendered":"<section class=\"wpb-content-wrapper\"><p>[vc_row content_placement=&#8220;middle&#8220;][vc_column width=&#8220;3\/4&#8243;][vc_row_inner content_placement=&#8220;middle&#8220;][vc_column_inner width=&#8220;1\/2&#8243;][vc_single_image image=&#8220;19404&#8243; img_size=&#8220;full&#8220; onclick=&#8220;custom_link&#8220; img_link_target=&#8220;_blank&#8220; link=&#8220;https:\/\/euregio-mr.info\/de\/foerderung\/people-to-people\/&#8220;][\/vc_column_inner][vc_column_inner width=&#8220;1\/2&#8243;][vc_single_image image=&#8220;19595&#8243; img_size=&#8220;full&#8220; onclick=&#8220;custom_link&#8220; img_link_target=&#8220;_blank&#8220; link=&#8220;https:\/\/www.interregemr.eu\/home-de&#8220;][\/vc_column_inner][\/vc_row_inner][\/vc_column][vc_column width=&#8220;1\/4&#8243;][vc_single_image image=&#8220;19345&#8243; img_size=&#8220;full&#8220;][\/vc_column][\/vc_row][vc_row][vc_column][vc_column_text]<\/p>\n<h1>Projekt euPrevent Mental Health &amp; Social Networks (euPrevent SoMe)<\/h1>\n<p>Eine gesunde Grenzregion ist f\u00fcr das Wohlergehen ihrer B\u00fcrgerinnen und B\u00fcrger von entscheidender Bedeutung, und die psychische Gesundheitsversorgung, einschlie\u00dflich der Pr\u00e4vention, spielt dabei eine entscheidende Rolle. Das SoMe-Mikroprojekt m\u00f6chte die grenz\u00fcberschreitende Zusammenarbeit f\u00f6rdern und die B\u00fcrgerInnen in der Euroregion Maas-Rhein (EMR) zusammenbringen, indem es relevante soziale Netzwerke kartiert und Einblicke in Pr\u00e4ventions- und Versorgungssysteme erm\u00f6glicht. Durch die Identifikation von Hindernissen bei der Zusammenarbeit in der psychischen Gesundheitsversorgung wollen wir die Lebensqualit\u00e4t aller EMR-B\u00fcrgerInnen verbessern.[\/vc_column_text][\/vc_column][\/vc_row][vc_row gap=&#8220;25&#8243;][vc_column width=&#8220;1\/2&#8243; css=&#8220;.vc_custom_1509467339928{padding-top: 25px !important;background-color: #f3f3f3 !important;border-radius: 5px !important;}&#8220;][vc_column_text css=&#8220;.vc_custom_1675870106922{margin-bottom: 5px !important;padding-bottom: 5px !important;}&#8220;]<\/p>\n<h3><strong>Projektrahmen<\/strong><\/h3>\n<p><strong>Zielgruppe: <\/strong>EMR-B\u00fcrgerInnen, die Gefahr laufen, bei der Pr\u00e4vention und Versorgung im Bereich der psychischen Gesundheit durch das Raster zu fallen oder die keinen Zugang zum gesamten Spektrum der psychischen Gesundheitsdienste haben, sowie die sozialen Netze dieser B\u00fcrgerInnen, Organisationen und ExpertInnen im Bereich der psychischen Gesundheit, Sozialverb\u00e4nde und die breite \u00d6ffentlichkeit.<\/p>\n<p><strong>Dauer: <\/strong>01. Dezember 2022 &#8211; 14. Oktober 2023[\/vc_column_text][vc_btn title=&#8220;F\u00f6rderer&#8220; color=&#8220;primary&#8220; size=&#8220;sm&#8220; link=&#8220;url:https%3A%2F%2Feuprevent.eu%2Fde%2Ffinanzierung-projekt-some%2F|title:Finanzierung%20Projekt%20SOME&#8220;][vc_btn title=&#8220;Partner&#8220; color=&#8220;primary&#8220; size=&#8220;sm&#8220; link=&#8220;url:%2Fpartner%2F%3Fprojects%3DProject-SOME&#8220;][vc_btn title=&#8220;Assoziierte Partner&#8220; color=&#8220;primary&#8220; size=&#8220;sm&#8220; link=&#8220;url:https%3A%2F%2Feuprevent.eu%2Fde%2Fassoziierte-partner-some%2F|title:Assoziierte%20Partner%20SOME&#8220;][\/vc_column][vc_column width=&#8220;1\/2&#8243;][\/vc_column][\/vc_row][vc_row][vc_column][vc_empty_space][vc_column_text]<\/p>\n<h2>Hintergrund<\/h2>\n<p>Soziale Netzwerke sind ein grundlegender Aspekt der Krankheitspr\u00e4vention, da sie alle sozialen Beziehungen einer Person umfassen. Die sozialen Beziehungen der B\u00fcrgerInnen in der Euroregion Maas-Rhein (EMR) umfassen jedoch h\u00e4ufig grenz\u00fcbergreifende Elemente wie Arbeit, Schule und Freizeit, doch die psychosozialen Dienste und Pr\u00e4ventionsma\u00dfnahmen enden an der Landesgrenze. Dar\u00fcber hinaus sto\u00dfen EMR-B\u00fcrgerInnen, die h\u00e4ufig nationale Grenzen \u00fcberqueren, oft auf organisatorische und finanzielle Hindernisse, wenn sie versuchen, Zugang zu umfassenden psychosozialen Diensten zu erhalten, und werden h\u00e4ufig im Rahmen von Pr\u00e4ventionsma\u00dfnahmen nicht vollst\u00e4ndig ber\u00fccksichtigt. Um den Bed\u00fcrfnissen der EMR-B\u00fcrgerInnen im Bereich der psychischen Gesundheit Rechnung zu tragen, ist ein umfassender Ansatz, der die euregionale Mobilit\u00e4t der Menschen ber\u00fccksichtigt, unerl\u00e4sslich.<\/p>\n<h2>Aktivit\u00e4ten<\/h2>\n<h3>Aktion 1 \u2013 Euregionale Lebensgeschichten<\/h3>\n<p>F\u00fcnf euregionale Erfahrungsberichte, die den B\u00fcrgerInnen der EMR eine Stimme geben und grenz\u00fcbergreifende Herausforderungen und Hindernisse im Zusammenhang mit der Pr\u00e4vention und Versorgung im Bereich der psychischen Gesundheit aufzeigen. Au\u00dferdem werden f\u00fcnf beispielhafte soziale Netzwerke von EMR-B\u00fcrgerInnen skizziert.<\/p>\n<h3>Aktion 2- Infobl\u00e4tter<\/h3>\n<p>Die Erstellung von zwei Informationsbl\u00e4ttern, eines f\u00fcr B\u00fcrgerInnen und eines f\u00fcr Fachkr\u00e4fte, soll beide Gruppen bei der Inanspruchnahme oder Bereitstellung grenz\u00fcbergreifender psychosozialer Dienste unterst\u00fctzen.<\/p>\n<h3>Aktion 3 \u2013 Euregionale Social Media Kampagne<\/h3>\n<p>Die Entwicklung und Umsetzung einer euregionalen Social-Media-Kampagne ist ein Schl\u00fcsselelement bei der Realisierung des Projekts und der Verbreitung der Ergebnisse der ersten beiden Aktivit\u00e4ten[\/vc_column_text][vc_column_text]Das Mikroprojekt euPrevent SoMe wird im Rahmen des Projektes People to People2<br \/>\n<a href=\"https:\/\/www.interregemr.eu\/home-de\">Interreg V-A EMR<\/a> mit Mitteln des Europ\u00e4ischen Fonds f\u00fcr Regionale Entwicklung (EFRE) und der Projektpartner kofinanziert.[\/vc_column_text][\/vc_column][\/vc_row][vc_row][vc_column][vc_column_text]\t<div class=\"clearfix\"><\/div>\r\n\t<div class=\"panel-events_and_news\">\r\n\t\t<div class=\"row\">\r\n\r\n            \r\n            \t\t\t<div class=\"col-sm-12 col-md-6\" id=\"events\">\r\n\t\t\t\t<h3>Veranstaltungen<\/h3>\r\n\t\t\t\t\t\t\t\t\t<p class=\"text-muted text-center\" style=\"margin:60px 0;\">Keine Veranstaltungen<\/p>\r\n\t\t\t\t\t\t\t\t<\/div>\r\n\r\n            \r\n            \t\t\t<div class=\"col-sm-12 col-md-6\" id=\"news\">\r\n\t\t\t\t<h3>News<\/h3>\r\n\t\t\t\t\t\t\t\t\t\t\t\t\t\t\t<div class=\"newsitem\">\r\n\t\t\t\t\t\t\t<a class=\"overlay\" href=\"https:\/\/euprevent.eu\/de\/understanding-the-impact-of-social-relationships-on-mental-well-being-in-border-regions\/\"><\/a>\r\n                            <div class=\"thumb pull-left\" style=\"background-image: url('https:\/\/euprevent.eu\/wp-content\/uploads\/2023\/09\/carousel.png');\"><\/div>\r\n\t\t\t\t\t\t\t<div class=\"news-info-table\">\r\n\t\t\t\t\t\t\t\t<div class=\"news-info-table-row\">\r\n\t\t\t\t\t\t\t\t\t<div class=\"news-info-table-cell\">\r\n\t\t\t\t\t\t\t\t\t\t<p>6 September 2023<\/p>\r\n\t\t\t\t\t\t\t\t\t\t<h3>Die Auswirkungen sozialer Beziehungen auf das psychische Wohlbefinden in Grenzregionen<\/h3>\r\n\t\t\t\t\t\t\t\t\t<\/div>\r\n\t\t\t\t\t\t\t\t<\/div>\r\n\t\t\t\t\t\t\t<\/div>\r\n\t\t\t\t\t\t<\/div>\r\n\t\t\t\t\t\t\t\t\t\t\t\t<div class=\"newsitem\">\r\n\t\t\t\t\t\t\t<a class=\"overlay\" href=\"https:\/\/euprevent.eu\/de\/new-initiative-to-improve-mental-health-care-in-cross-border-communities-euprevent-some\/\"><\/a>\r\n                            <div class=\"thumb pull-left\" style=\"background-image: url('https:\/\/euprevent.eu\/wp-content\/uploads\/2023\/02\/project-image.png');\"><\/div>\r\n\t\t\t\t\t\t\t<div class=\"news-info-table\">\r\n\t\t\t\t\t\t\t\t<div class=\"news-info-table-row\">\r\n\t\t\t\t\t\t\t\t\t<div class=\"news-info-table-cell\">\r\n\t\t\t\t\t\t\t\t\t\t<p>16 February 2023<\/p>\r\n\t\t\t\t\t\t\t\t\t\t<h3>Neue Initiative zur Verbesserung der psychischen Gesundheitsversorgung in der EMR-Grenzregion: euPrevent SoMe<\/h3>\r\n\t\t\t\t\t\t\t\t\t<\/div>\r\n\t\t\t\t\t\t\t\t<\/div>\r\n\t\t\t\t\t\t\t<\/div>\r\n\t\t\t\t\t\t<\/div>\r\n\t\t\t\t\t\t\t\t\t\t\t<div class=\"text-center p-5\"><a class=\"btn btn-sm btn-default\" href=\"https:\/\/euprevent.eu\/de\/neuigkeiten\/\">Alle Nachrichten<\/a><\/div>\r\n\t\t\t\t\t\t\t\t<\/div>\r\n            \r\n\t\t<\/div>\r\n\t<\/div>\r\n\r\n\t[\/vc_column_text][\/vc_column][\/vc_row][vc_row][vc_column][vc_column_text][\/vc_column_text][\/vc_column][\/vc_row][vc_row][vc_column][vc_column_text][\/vc_column_text][\/vc_column][\/vc_row][vc_row][vc_column][vc_single_image image=&#8220;19591&#8243; img_size=&#8220;full&#8220;][\/vc_column][\/vc_row]<\/p>\n<\/section>","protected":false},"excerpt":{"rendered":"<p>[vc_row content_placement=&#8220;middle&#8220;][vc_column width=&#8220;3\/4&#8243;][vc_row_inner content_placement=&#8220;middle&#8220;][vc_column_inner width=&#8220;1\/2&#8243;][vc_single_image image=&#8220;19404&#8243; img_size=&#8220;full&#8220; onclick=&#8220;custom_link&#8220; img_link_target=&#8220;_blank&#8220; link=&#8220;https:\/\/euregio-mr.info\/de\/foerderung\/people-to-people\/&#8220;][\/vc_column_inner][vc_column_inner width=&#8220;1\/2&#8243;][vc_single_image image=&#8220;19595&#8243; img_size=&#8220;full&#8220; onclick=&#8220;custom_link&#8220; img_link_target=&#8220;_blank&#8220; link=&#8220;https:\/\/www.interregemr.eu\/home-de&#8220;][\/vc_column_inner][\/vc_row_inner][\/vc_column][vc_column width=&#8220;1\/4&#8243;][vc_single_image image=&#8220;19345&#8243; img_size=&#8220;full&#8220;][\/vc_column][\/vc_row][vc_row][vc_column][vc_column_text] Projekt euPrevent Mental Health &amp; Social Networks (euPrevent SoMe) Eine gesunde Grenzregion ist f\u00fcr das Wohlergehen ihrer B\u00fcrgerinnen und B\u00fcrger von entscheidender Bedeutung, und die psychische Gesundheitsversorgung, einschlie\u00dflich der Pr\u00e4vention, spielt dabei eine entscheidende Rolle. Das [&hellip;]<\/p>\n","protected":false},"author":1,"featured_media":0,"parent":0,"menu_order":0,"comment_status":"closed","ping_status":"closed","template":"","meta":{"_acf_changed":false,"footnotes":""},"class_list":["post-19383","page","type-page","status-publish","hentry","programmes-mental-health"],"acf":[],"yoast_head":"<!-- This site is optimized with the Yoast SEO plugin v27.5 - https:\/\/yoast.com\/product\/yoast-seo-wordpress\/ -->\n<title>Projekt euPrevent Mental Health &amp; Social Networks - euPrevent<\/title>\n<meta name=\"robots\" content=\"index, follow, max-snippet:-1, max-image-preview:large, max-video-preview:-1\" \/>\n<link rel=\"canonical\" href=\"https:\/\/euprevent.eu\/de\/some\/\" \/>\n<meta property=\"og:locale\" content=\"de_DE\" \/>\n<meta property=\"og:type\" content=\"article\" \/>\n<meta property=\"og:title\" content=\"Projekt euPrevent Mental Health &amp; Social Networks - euPrevent\" \/>\n<meta property=\"og:description\" content=\"[vc_row content_placement=&#8220;middle&#8220;][vc_column width=&#8220;3\/4&#8243;][vc_row_inner content_placement=&#8220;middle&#8220;][vc_column_inner width=&#8220;1\/2&#8243;][vc_single_image image=&#8220;19404&#8243; img_size=&#8220;full&#8220; onclick=&#8220;custom_link&#8220; img_link_target=&#8220;_blank&#8220; link=&#8220;https:\/\/euregio-mr.info\/de\/foerderung\/people-to-people\/&#8220;][\/vc_column_inner][vc_column_inner width=&#8220;1\/2&#8243;][vc_single_image image=&#8220;19595&#8243; img_size=&#8220;full&#8220; onclick=&#8220;custom_link&#8220; img_link_target=&#8220;_blank&#8220; link=&#8220;https:\/\/www.interregemr.eu\/home-de&#8220;][\/vc_column_inner][\/vc_row_inner][\/vc_column][vc_column width=&#8220;1\/4&#8243;][vc_single_image image=&#8220;19345&#8243; img_size=&#8220;full&#8220;][\/vc_column][\/vc_row][vc_row][vc_column][vc_column_text] Projekt euPrevent Mental Health &amp; Social Networks (euPrevent SoMe) Eine gesunde Grenzregion ist f\u00fcr das Wohlergehen ihrer B\u00fcrgerinnen und B\u00fcrger von entscheidender Bedeutung, und die psychische Gesundheitsversorgung, einschlie\u00dflich der Pr\u00e4vention, spielt dabei eine entscheidende Rolle. Das [&hellip;]\" \/>\n<meta property=\"og:url\" content=\"https:\/\/euprevent.eu\/de\/some\/\" \/>\n<meta property=\"og:site_name\" content=\"euPrevent\" \/>\n<meta property=\"article:modified_time\" content=\"2023-02-16T11:58:11+00:00\" \/>\n<meta name=\"twitter:card\" content=\"summary_large_image\" \/>\n<meta name=\"twitter:label1\" content=\"Gesch\u00e4tzte Lesezeit\" \/>\n\t<meta name=\"twitter:data1\" content=\"2\u00a0Minuten\" \/>\n<script type=\"application\/ld+json\" class=\"yoast-schema-graph\">{\"@context\":\"https:\\\/\\\/schema.org\",\"@graph\":[{\"@type\":\"WebPage\",\"@id\":\"https:\\\/\\\/euprevent.eu\\\/de\\\/some\\\/\",\"url\":\"https:\\\/\\\/euprevent.eu\\\/de\\\/some\\\/\",\"name\":\"Projekt euPrevent Mental Health & Social Networks - euPrevent\",\"isPartOf\":{\"@id\":\"https:\\\/\\\/euprevent.eu\\\/de\\\/#website\"},\"datePublished\":\"2023-02-08T10:46:31+00:00\",\"dateModified\":\"2023-02-16T11:58:11+00:00\",\"breadcrumb\":{\"@id\":\"https:\\\/\\\/euprevent.eu\\\/de\\\/some\\\/#breadcrumb\"},\"inLanguage\":\"de\",\"potentialAction\":[{\"@type\":\"ReadAction\",\"target\":[\"https:\\\/\\\/euprevent.eu\\\/de\\\/some\\\/\"]}]},{\"@type\":\"BreadcrumbList\",\"@id\":\"https:\\\/\\\/euprevent.eu\\\/de\\\/some\\\/#breadcrumb\",\"itemListElement\":[{\"@type\":\"ListItem\",\"position\":1,\"name\":\"Home\",\"item\":\"https:\\\/\\\/euprevent.eu\\\/de\\\/\"},{\"@type\":\"ListItem\",\"position\":2,\"name\":\"Projekt euPrevent Mental Health &#038; Social Networks\"}]},{\"@type\":\"WebSite\",\"@id\":\"https:\\\/\\\/euprevent.eu\\\/de\\\/#website\",\"url\":\"https:\\\/\\\/euprevent.eu\\\/de\\\/\",\"name\":\"euPrevent\",\"description\":\"euPrevent is a Euroregional network that focuses on promoting health. Within this network, sustainable partnerships seek to increase the quality of life of residents in the border region between the Netherlands, Belgium and Germany.\",\"potentialAction\":[{\"@type\":\"SearchAction\",\"target\":{\"@type\":\"EntryPoint\",\"urlTemplate\":\"https:\\\/\\\/euprevent.eu\\\/de\\\/?s={search_term_string}\"},\"query-input\":{\"@type\":\"PropertyValueSpecification\",\"valueRequired\":true,\"valueName\":\"search_term_string\"}}],\"inLanguage\":\"de\"}]}<\/script>\n<!-- \/ Yoast SEO plugin. -->","yoast_head_json":{"title":"Projekt euPrevent Mental Health & Social Networks - euPrevent","robots":{"index":"index","follow":"follow","max-snippet":"max-snippet:-1","max-image-preview":"max-image-preview:large","max-video-preview":"max-video-preview:-1"},"canonical":"https:\/\/euprevent.eu\/de\/some\/","og_locale":"de_DE","og_type":"article","og_title":"Projekt euPrevent Mental Health & Social Networks - euPrevent","og_description":"[vc_row content_placement=&#8220;middle&#8220;][vc_column width=&#8220;3\/4&#8243;][vc_row_inner content_placement=&#8220;middle&#8220;][vc_column_inner width=&#8220;1\/2&#8243;][vc_single_image image=&#8220;19404&#8243; img_size=&#8220;full&#8220; onclick=&#8220;custom_link&#8220; img_link_target=&#8220;_blank&#8220; link=&#8220;https:\/\/euregio-mr.info\/de\/foerderung\/people-to-people\/&#8220;][\/vc_column_inner][vc_column_inner width=&#8220;1\/2&#8243;][vc_single_image image=&#8220;19595&#8243; img_size=&#8220;full&#8220; onclick=&#8220;custom_link&#8220; img_link_target=&#8220;_blank&#8220; link=&#8220;https:\/\/www.interregemr.eu\/home-de&#8220;][\/vc_column_inner][\/vc_row_inner][\/vc_column][vc_column width=&#8220;1\/4&#8243;][vc_single_image image=&#8220;19345&#8243; img_size=&#8220;full&#8220;][\/vc_column][\/vc_row][vc_row][vc_column][vc_column_text] Projekt euPrevent Mental Health &amp; Social Networks (euPrevent SoMe) Eine gesunde Grenzregion ist f\u00fcr das Wohlergehen ihrer B\u00fcrgerinnen und B\u00fcrger von entscheidender Bedeutung, und die psychische Gesundheitsversorgung, einschlie\u00dflich der Pr\u00e4vention, spielt dabei eine entscheidende Rolle. Das [&hellip;]","og_url":"https:\/\/euprevent.eu\/de\/some\/","og_site_name":"euPrevent","article_modified_time":"2023-02-16T11:58:11+00:00","twitter_card":"summary_large_image","twitter_misc":{"Gesch\u00e4tzte Lesezeit":"2\u00a0Minuten"},"schema":{"@context":"https:\/\/schema.org","@graph":[{"@type":"WebPage","@id":"https:\/\/euprevent.eu\/de\/some\/","url":"https:\/\/euprevent.eu\/de\/some\/","name":"Projekt euPrevent Mental Health & Social Networks - euPrevent","isPartOf":{"@id":"https:\/\/euprevent.eu\/de\/#website"},"datePublished":"2023-02-08T10:46:31+00:00","dateModified":"2023-02-16T11:58:11+00:00","breadcrumb":{"@id":"https:\/\/euprevent.eu\/de\/some\/#breadcrumb"},"inLanguage":"de","potentialAction":[{"@type":"ReadAction","target":["https:\/\/euprevent.eu\/de\/some\/"]}]},{"@type":"BreadcrumbList","@id":"https:\/\/euprevent.eu\/de\/some\/#breadcrumb","itemListElement":[{"@type":"ListItem","position":1,"name":"Home","item":"https:\/\/euprevent.eu\/de\/"},{"@type":"ListItem","position":2,"name":"Projekt euPrevent Mental Health &#038; Social Networks"}]},{"@type":"WebSite","@id":"https:\/\/euprevent.eu\/de\/#website","url":"https:\/\/euprevent.eu\/de\/","name":"euPrevent","description":"euPrevent is a Euroregional network that focuses on promoting health. Within this network, sustainable partnerships seek to increase the quality of life of residents in the border region between the Netherlands, Belgium and Germany.","potentialAction":[{"@type":"SearchAction","target":{"@type":"EntryPoint","urlTemplate":"https:\/\/euprevent.eu\/de\/?s={search_term_string}"},"query-input":{"@type":"PropertyValueSpecification","valueRequired":true,"valueName":"search_term_string"}}],"inLanguage":"de"}]}},"_links":{"self":[{"href":"https:\/\/euprevent.eu\/de\/wp-json\/wp\/v2\/pages\/19383","targetHints":{"allow":["GET"]}}],"collection":[{"href":"https:\/\/euprevent.eu\/de\/wp-json\/wp\/v2\/pages"}],"about":[{"href":"https:\/\/euprevent.eu\/de\/wp-json\/wp\/v2\/types\/page"}],"author":[{"embeddable":true,"href":"https:\/\/euprevent.eu\/de\/wp-json\/wp\/v2\/users\/1"}],"replies":[{"embeddable":true,"href":"https:\/\/euprevent.eu\/de\/wp-json\/wp\/v2\/comments?post=19383"}],"version-history":[{"count":5,"href":"https:\/\/euprevent.eu\/de\/wp-json\/wp\/v2\/pages\/19383\/revisions"}],"predecessor-version":[{"id":19599,"href":"https:\/\/euprevent.eu\/de\/wp-json\/wp\/v2\/pages\/19383\/revisions\/19599"}],"wp:attachment":[{"href":"https:\/\/euprevent.eu\/de\/wp-json\/wp\/v2\/media?parent=19383"}],"curies":[{"name":"wp","href":"https:\/\/api.w.org\/{rel}","templated":true}]}}