


{"id":17000,"date":"2022-01-03T12:41:42","date_gmt":"2022-01-03T11:41:42","guid":{"rendered":"https:\/\/euprevent.eu\/?page_id=17000"},"modified":"2022-01-18T15:03:29","modified_gmt":"2022-01-18T14:03:29","slug":"ueber-euprevent","status":"publish","type":"page","link":"https:\/\/euprevent.eu\/de\/ueber-euprevent\/","title":{"rendered":"\u00dcber euPrevent"},"content":{"rendered":"<section class=\"wpb-content-wrapper\"><p>[vc_row][vc_column][vc_column_text]<\/p>\n<h1>Was ist euPrevent?<\/h1>\n<p>euPrevent ist eine gemeinn\u00fctzige Organisation und ein euregionales Netzwerk, das die Lebensqualit\u00e4t der B\u00fcrger in den Grenzregionen der Niederlande, Deutschlands und Belgiens verbessern will.<\/p>\n<p>Die Politik im Bereich der Pflege und des Wohlbefindens wird haupts\u00e4chlich auf nationaler Ebene organisiert. Dies hat erhebliche Auswirkungen auf die B\u00fcrger in der Grenzregion, die die Grenze regelm\u00e4\u00dfig aus beruflichen oder famili\u00e4ren Gr\u00fcnden \u00fcberschreiten. Wir konzentrieren uns daher auf den Aufbau nachhaltiger, grenz\u00fcberschreitender Netzwerkverbindungen zwischen Gesundheitsorganisationen in der Grenzregion. Wir arbeiten mit drei bew\u00e4hrten Rahmenwerken.[\/vc_column_text][vc_btn title=&#8220;Fundamente&#8220; color=&#8220;primary&#8220; link=&#8220;url:https%3A%2F%2Feuprevent.eu%2Fde%2Fueber-euprevent-2%2Ffundament%2F|title:Fundamente&#8220; css=&#8220;.vc_custom_1642512319571{margin-right: 1rem !important;}&#8220;][vc_btn title=&#8220;Die Regionen&#8220; color=&#8220;primary&#8220; link=&#8220;url:https%3A%2F%2Feuprevent.eu%2Fde%2Fueber-euprevent%2Farbeitsgebiet-die-grenzregionen%2F|title:Die%20Regionen&#8220; css=&#8220;.vc_custom_1642514607766{margin-right: 1rem !important;}&#8220;][vc_btn title=&#8220;Netzwerk&#8220; color=&#8220;primary&#8220; link=&#8220;url:https%3A%2F%2Feuprevent.eu%2Fde%2Fueber-euprevent%2Fnetzwerk%2F|title:Netzwerk&#8220;][\/vc_column][\/vc_row][vc_row][vc_column][vc_empty_space][vc_column_text]<\/p>\n<h2>Unterst\u00fctzungsb\u00fcro<\/h2>\n<p>Das euPrevent-B\u00fcro unterst\u00fctzt die Partner bei der Erf\u00fcllung des euPrevent-Auftrags: der Verbesserung der Lebensqualit\u00e4t der Bewohner der Grenzregion.[\/vc_column_text][vc_btn title=&#8220;F\u00fcr Ihre Organisation&#8220; color=&#8220;primary&#8220; link=&#8220;url:https%3A%2F%2Feuprevent.eu%2Fde%2Fueber-euprevent%2Funterstutzungsburo%2Ffur-ihre-organisation%2F|title:F%C3%BCr%20Ihre%20Organisation&#8220; css=&#8220;.vc_custom_1642512361832{margin-right: 1rem !important;}&#8220;][vc_btn title=&#8220;Kontakt&#8220; color=&#8220;primary&#8220; link=&#8220;url:https%3A%2F%2Feuprevent.eu%2Fde%2Fueber-euprevent%2Funterstutzungsburo%2Fkontakt%2F|title:Kontakt&#8220;][vc_empty_space][\/vc_column][\/vc_row][vc_row full_width=&#8220;stretch_row_content&#8220; css=&#8220;.vc_custom_1635845954241{margin-right: 0px !important;margin-bottom: 0px !important;margin-left: 0px !important;padding-right: 0px !important;padding-left: 0px !important;background-color: #282562 !important;}&#8220; el_class=&#8220;about-animation&#8220;][vc_column css=&#8220;.vc_custom_1635845716478{margin-right: 0px !important;margin-left: 0px !important;padding-right: 0px !important;padding-left: 0px !important;}&#8220;][vc_empty_space height=&#8220;8rem&#8220;][vc_row_inner][vc_column_inner width=&#8220;1\/6&#8243;][\/vc_column_inner][vc_column_inner width=&#8220;2\/3&#8243;][vc_empty_space height=&#8220;2rem&#8220;][\/vc_column_inner][vc_column_inner width=&#8220;1\/6&#8243;][\/vc_column_inner][\/vc_row_inner][vc_row_inner content_placement=&#8220;middle&#8220; css=&#8220;.vc_custom_1635845672799{margin-right: 0px !important;margin-left: 0px !important;padding-right: 0px !important;padding-left: 0px !important;}&#8220;][vc_column_inner css=&#8220;.vc_custom_1635845680217{margin-right: 0px !important;margin-left: 0px !important;padding-right: 0px !important;padding-left: 0px !important;}&#8220;][vc_raw_html]JTNDcCUyMGNsYXNzJTNEJTIyYWJvdXQtYW5pbWF0aW9uLWhlYWRpbmclMjIlM0VTZWl0JTIwMjAxMCUyMCUzQ3NwYW4lMjBjbGFzcyUzRCUyMnJvdGF0ZSUyMiUzRTEwJTIwZXJmb2xncmVpY2hlJTIwSmFocmUlN0MzMCUyQiUyMFByb2pla3RlJTdDNDAlMkIlMjBBa3Rpdml0JUMzJUE0dGVuJTdDMTQlMjB2ZXIlQzMlQjZmZmVudGxpY2h0ZSUyMEFydGlrZWwlM0MlMkZzcGFuJTNFJTNDJTJGcCUzRQ==[\/vc_raw_html][vc_empty_space height=&#8220;3rem&#8220;][vc_column_text]\n    <div class=\"carousel animation-cards\" data-flickity='{ \"autoPlay\": 5000, \"percentPosition\": false, \"cellAlign\": \"center\" }'>\n                    <div class=\"carousel-cell\">\n                <div class=\"cell-content\"><div class=\"page\" title=\"Page 2\">\r\n<div class=\"section\">\r\n<div class=\"layoutArea\">\r\n<div class=\"column\">\r\n\r\nHEPS Inventory Tool:\u00a0ein Instrument zur Bestandsaufnahme und Qualita\u0308tsbewertung\u00a0von schulischen Interventionen zu gesunder Erna\u0308hrung und ko\u0308rperlicher Bewegung.\r\n\r\n<\/div>\r\n<\/div>\r\n<\/div>\r\n<\/div><\/div>\n            <\/div>\n                        <div class=\"carousel-cell\">\n                <div class=\"cell-content\">mehr als 35.000 B\u00fcrger erreicht in 2021<\/div>\n            <\/div>\n                        <div class=\"carousel-cell\">\n                <div class=\"cell-content\">8 internationale Konferenzen, bei denen wir 2021 als Gastredner auftraten, darunter die Ministertagung der 10. WHO-Weltkonferenz zur Gesundheitsf\u00f6rderung<\/div>\n            <\/div>\n                        <div class=\"carousel-cell\">\n                <div class=\"cell-content\">561 Follower auf sozialen Medien in 2021<\/div>\n            <\/div>\n                        <div class=\"carousel-cell\">\n                <div class=\"cell-content\"><div class=\"page\" title=\"Page 2\">\r\n<div class=\"section\">\r\n<div class=\"layoutArea\">\r\n<div class=\"column\">\r\n\r\nHEPS Tool for Schools:\u00a0ein Werkzeug fu\u0308r\u00a0die Entwicklung\u00a0von Schulpolitik zu gesunder Erna\u0308hrung und ko\u0308rperlicher Aktivita\u0308t.\r\n\r\n<\/div>\r\n<\/div>\r\n<\/div>\r\n<\/div><\/div>\n            <\/div>\n                        <div class=\"carousel-cell\">\n                <div class=\"cell-content\">30 neue Partner traten unserem Netzwerk bei in 2021 (Gesamtzahl der Partner: 170), darunter u.a. BAGSO (Deutschland), ITEM (Niederlande) and Active Citizenship Network (Europa).<\/div>\n            <\/div>\n                        <div class=\"carousel-cell\">\n                <div class=\"cell-content\"><div class=\"page\" title=\"Page 1\">\r\n<div class=\"section\">\r\n<div class=\"layoutArea\">\r\n<div class=\"column\">\r\n\r\n26 Mal in Zeitungen, Artikeln und anderen Nachrichten erwa\u0308hnt in 2021\r\n\r\n<\/div>\r\n<\/div>\r\n<\/div>\r\n<\/div><\/div>\n            <\/div>\n                        <div class=\"carousel-cell\">\n                <div class=\"cell-content\"><div class=\"page\" title=\"Page 2\">\r\n<div class=\"section\">\r\n<div class=\"layoutArea\">\r\n<div class=\"column\">\r\n\r\neuPrevent Assessment Tool \u2013 Depression und Demenz: dieses Tool gibt einen Einblick\u00a0in Ihre kommunale (Pra\u0308ventions-)Politik in Bezug auf Senioren mit Depression.\r\n\r\n<\/div>\r\n<\/div>\r\n<\/div>\r\n<\/div><\/div>\n            <\/div>\n                        <div class=\"carousel-cell\">\n                <div class=\"cell-content\"><div class=\"page\" title=\"Page 2\">\r\n<div class=\"section\">\r\n<div class=\"layoutArea\">\r\n<div class=\"column\">\r\n\r\nCapacity Assessment Tool: ein Tool zur Bewertung Ihrer Kapazita\u0308ten und\u00a0Ihrer euregionalen Zusammenarbeit.\r\n\r\n<\/div>\r\n<\/div>\r\n<\/div>\r\n<\/div><\/div>\n            <\/div>\n                        <div class=\"carousel-cell\">\n                <div class=\"cell-content\">2 neue Projekte wurden gestartet in 2021<\/div>\n            <\/div>\n                <\/div>\n\n    [\/vc_column_text][\/vc_column_inner][\/vc_row_inner][vc_row_inner][vc_column_inner][vc_empty_space height=&#8220;16rem&#8220;][\/vc_column_inner][\/vc_row_inner][\/vc_column][\/vc_row]<\/p>\n<\/section>","protected":false},"excerpt":{"rendered":"<p>[vc_row][vc_column][vc_column_text] Was ist euPrevent? euPrevent ist eine gemeinn\u00fctzige Organisation und ein euregionales Netzwerk, das die Lebensqualit\u00e4t der B\u00fcrger in den Grenzregionen der Niederlande, Deutschlands und Belgiens verbessern will. Die Politik im Bereich der Pflege und des Wohlbefindens wird haupts\u00e4chlich auf nationaler Ebene organisiert. Dies hat erhebliche Auswirkungen auf die B\u00fcrger in der Grenzregion, die die [&hellip;]<\/p>\n","protected":false},"author":3,"featured_media":0,"parent":0,"menu_order":0,"comment_status":"closed","ping_status":"closed","template":"page-with-about-menu.php","meta":{"_acf_changed":false,"footnotes":""},"class_list":["post-17000","page","type-page","status-publish","hentry"],"acf":[],"yoast_head":"<!-- This site is optimized with the Yoast SEO plugin v26.8 - https:\/\/yoast.com\/product\/yoast-seo-wordpress\/ -->\n<title>\u00dcber euPrevent - euPrevent<\/title>\n<meta name=\"robots\" content=\"noindex, nofollow\" \/>\n<meta property=\"og:locale\" content=\"de_DE\" \/>\n<meta property=\"og:type\" content=\"article\" \/>\n<meta property=\"og:title\" content=\"\u00dcber euPrevent - euPrevent\" \/>\n<meta property=\"og:description\" content=\"[vc_row][vc_column][vc_column_text] Was ist euPrevent? euPrevent ist eine gemeinn\u00fctzige Organisation und ein euregionales Netzwerk, das die Lebensqualit\u00e4t der B\u00fcrger in den Grenzregionen der Niederlande, Deutschlands und Belgiens verbessern will. Die Politik im Bereich der Pflege und des Wohlbefindens wird haupts\u00e4chlich auf nationaler Ebene organisiert. Dies hat erhebliche Auswirkungen auf die B\u00fcrger in der Grenzregion, die die [&hellip;]\" \/>\n<meta property=\"og:url\" content=\"https:\/\/euprevent.eu\/de\/ueber-euprevent\/\" \/>\n<meta property=\"og:site_name\" content=\"euPrevent\" \/>\n<meta property=\"article:modified_time\" content=\"2022-01-18T14:03:29+00:00\" \/>\n<meta name=\"twitter:card\" content=\"summary_large_image\" \/>\n<meta name=\"twitter:label1\" content=\"Gesch\u00e4tzte Lesezeit\" \/>\n\t<meta name=\"twitter:data1\" content=\"1\u00a0Minute\" \/>\n<script type=\"application\/ld+json\" class=\"yoast-schema-graph\">{\"@context\":\"https:\/\/schema.org\",\"@graph\":[{\"@type\":\"WebPage\",\"@id\":\"https:\/\/euprevent.eu\/de\/ueber-euprevent\/\",\"url\":\"https:\/\/euprevent.eu\/de\/ueber-euprevent\/\",\"name\":\"\u00dcber euPrevent - euPrevent\",\"isPartOf\":{\"@id\":\"https:\/\/euprevent.eu\/de\/#website\"},\"datePublished\":\"2022-01-03T11:41:42+00:00\",\"dateModified\":\"2022-01-18T14:03:29+00:00\",\"breadcrumb\":{\"@id\":\"https:\/\/euprevent.eu\/de\/ueber-euprevent\/#breadcrumb\"},\"inLanguage\":\"de\",\"potentialAction\":[{\"@type\":\"ReadAction\",\"target\":[\"https:\/\/euprevent.eu\/de\/ueber-euprevent\/\"]}]},{\"@type\":\"BreadcrumbList\",\"@id\":\"https:\/\/euprevent.eu\/de\/ueber-euprevent\/#breadcrumb\",\"itemListElement\":[{\"@type\":\"ListItem\",\"position\":1,\"name\":\"Home\",\"item\":\"https:\/\/euprevent.eu\/de\/\"},{\"@type\":\"ListItem\",\"position\":2,\"name\":\"\u00dcber euPrevent\"}]},{\"@type\":\"WebSite\",\"@id\":\"https:\/\/euprevent.eu\/de\/#website\",\"url\":\"https:\/\/euprevent.eu\/de\/\",\"name\":\"euPrevent\",\"description\":\"euPrevent is a Euroregional network that focuses on promoting health. Within this network, sustainable partnerships seek to increase the quality of life of residents in the border region between the Netherlands, Belgium and Germany.\",\"potentialAction\":[{\"@type\":\"SearchAction\",\"target\":{\"@type\":\"EntryPoint\",\"urlTemplate\":\"https:\/\/euprevent.eu\/de\/?s={search_term_string}\"},\"query-input\":{\"@type\":\"PropertyValueSpecification\",\"valueRequired\":true,\"valueName\":\"search_term_string\"}}],\"inLanguage\":\"de\"}]}<\/script>\n<!-- \/ Yoast SEO plugin. -->","yoast_head_json":{"title":"\u00dcber euPrevent - euPrevent","robots":{"index":"noindex","follow":"nofollow"},"og_locale":"de_DE","og_type":"article","og_title":"\u00dcber euPrevent - euPrevent","og_description":"[vc_row][vc_column][vc_column_text] Was ist euPrevent? euPrevent ist eine gemeinn\u00fctzige Organisation und ein euregionales Netzwerk, das die Lebensqualit\u00e4t der B\u00fcrger in den Grenzregionen der Niederlande, Deutschlands und Belgiens verbessern will. Die Politik im Bereich der Pflege und des Wohlbefindens wird haupts\u00e4chlich auf nationaler Ebene organisiert. Dies hat erhebliche Auswirkungen auf die B\u00fcrger in der Grenzregion, die die [&hellip;]","og_url":"https:\/\/euprevent.eu\/de\/ueber-euprevent\/","og_site_name":"euPrevent","article_modified_time":"2022-01-18T14:03:29+00:00","twitter_card":"summary_large_image","twitter_misc":{"Gesch\u00e4tzte Lesezeit":"1\u00a0Minute"},"schema":{"@context":"https:\/\/schema.org","@graph":[{"@type":"WebPage","@id":"https:\/\/euprevent.eu\/de\/ueber-euprevent\/","url":"https:\/\/euprevent.eu\/de\/ueber-euprevent\/","name":"\u00dcber euPrevent - euPrevent","isPartOf":{"@id":"https:\/\/euprevent.eu\/de\/#website"},"datePublished":"2022-01-03T11:41:42+00:00","dateModified":"2022-01-18T14:03:29+00:00","breadcrumb":{"@id":"https:\/\/euprevent.eu\/de\/ueber-euprevent\/#breadcrumb"},"inLanguage":"de","potentialAction":[{"@type":"ReadAction","target":["https:\/\/euprevent.eu\/de\/ueber-euprevent\/"]}]},{"@type":"BreadcrumbList","@id":"https:\/\/euprevent.eu\/de\/ueber-euprevent\/#breadcrumb","itemListElement":[{"@type":"ListItem","position":1,"name":"Home","item":"https:\/\/euprevent.eu\/de\/"},{"@type":"ListItem","position":2,"name":"\u00dcber euPrevent"}]},{"@type":"WebSite","@id":"https:\/\/euprevent.eu\/de\/#website","url":"https:\/\/euprevent.eu\/de\/","name":"euPrevent","description":"euPrevent is a Euroregional network that focuses on promoting health. Within this network, sustainable partnerships seek to increase the quality of life of residents in the border region between the Netherlands, Belgium and Germany.","potentialAction":[{"@type":"SearchAction","target":{"@type":"EntryPoint","urlTemplate":"https:\/\/euprevent.eu\/de\/?s={search_term_string}"},"query-input":{"@type":"PropertyValueSpecification","valueRequired":true,"valueName":"search_term_string"}}],"inLanguage":"de"}]}},"_links":{"self":[{"href":"https:\/\/euprevent.eu\/de\/wp-json\/wp\/v2\/pages\/17000","targetHints":{"allow":["GET"]}}],"collection":[{"href":"https:\/\/euprevent.eu\/de\/wp-json\/wp\/v2\/pages"}],"about":[{"href":"https:\/\/euprevent.eu\/de\/wp-json\/wp\/v2\/types\/page"}],"author":[{"embeddable":true,"href":"https:\/\/euprevent.eu\/de\/wp-json\/wp\/v2\/users\/3"}],"replies":[{"embeddable":true,"href":"https:\/\/euprevent.eu\/de\/wp-json\/wp\/v2\/comments?post=17000"}],"version-history":[{"count":8,"href":"https:\/\/euprevent.eu\/de\/wp-json\/wp\/v2\/pages\/17000\/revisions"}],"predecessor-version":[{"id":17320,"href":"https:\/\/euprevent.eu\/de\/wp-json\/wp\/v2\/pages\/17000\/revisions\/17320"}],"wp:attachment":[{"href":"https:\/\/euprevent.eu\/de\/wp-json\/wp\/v2\/media?parent=17000"}],"curies":[{"name":"wp","href":"https:\/\/api.w.org\/{rel}","templated":true}]}}