


{"id":16997,"date":"2022-01-03T12:41:30","date_gmt":"2022-01-03T11:41:30","guid":{"rendered":"https:\/\/euprevent.eu\/?page_id=16997"},"modified":"2022-01-18T14:51:11","modified_gmt":"2022-01-18T13:51:11","slug":"fundament","status":"publish","type":"page","link":"https:\/\/euprevent.eu\/de\/ueber-euprevent\/fundament\/","title":{"rendered":"Fundamente"},"content":{"rendered":"<section class=\"wpb-content-wrapper\"><p>[vc_row][vc_column][vc_column_text]<\/p>\n<h1>Unser Fundament<\/h1>\n<p>[\/vc_column_text][\/vc_column][\/vc_row][vc_row][vc_column el_class=&#8220;blue-block&#8220; css=&#8220;.vc_custom_1632831791635{padding-top: 30px !important;padding-right: 30px !important;padding-bottom: 30px !important;padding-left: 30px !important;background-color: #282562 !important;border-radius: 15px !important;}&#8220;][vc_column_text]<\/p>\n<ul>\n<li>euPrevent ist ein euroregionales Netzwerk f\u00fcr nachhaltige Zusammenarbeit, das die Lebensqualit\u00e4t der Bewohner der Grenzregion verbessert und ein Labor f\u00fcr Gesundheitsinnovationen ist.<\/li>\n<li>euPrevent will die grenz\u00fcberschreitende Zusammenarbeit im Bereich der Gesundheitsf\u00f6rderung in der Grenzregion f\u00f6rdern.<\/li>\n<li>euPrevent erreicht dies durch einen thematischen Schwerpunkt und konkrete, nachhaltige Ergebnisse und Produkte.<\/li>\n<li>euPrevent wei\u00df: Gemeinsam werden wir weiterkommen.[\/vc_column_text][\/vc_column][\/vc_row][vc_row][vc_column][vc_empty_space][vc_column_text]<\/li>\n<\/ul>\n<h2>Warum ist das wichtig?<\/h2>\n<p>Die Politik im Bereich der Pflege und des Wohlbefindens wird haupts\u00e4chlich auf nationaler Ebene organisiert. Dies hat erhebliche Folgen f\u00fcr die B\u00fcrger in der Grenzregion, die die Grenze regelm\u00e4\u00dfig aus beruflichen oder famili\u00e4ren Gr\u00fcnden \u00fcberschreiten.<\/p>\n<p>&nbsp;<\/p>\n<h4>In den europ\u00e4ischen Grenzregionen ist das der Fall:<\/h4>\n<ul>\n<li>h\u00f6here Arbeitslosigkeit;<\/li>\n<li>schlechtere Gesundheit;<\/li>\n<li>doppelte Alterung;<\/li>\n<li>mehr Armut;<\/li>\n<li>weniger Chancen in den Bereichen Arbeit, Bildung, Mobilit\u00e4t, Pflege und Wohlfahrt.<\/li>\n<\/ul>\n<p>&nbsp;<\/p>\n<h4>Was will euPrevent dagegen tun?<\/h4>\n<p>Wir konzentrieren uns auf den Aufbau nachhaltiger, grenz\u00fcberschreitender Netzwerke zwischen Gesundheitsorganisationen in der Grenzregion. Innerhalb dieses Netzes gibt es eine nachhaltige Zusammenarbeit zur Verbesserung der Lebensqualit\u00e4t der Bewohner der Grenzregion.[\/vc_column_text][\/vc_column][\/vc_row][vc_row equal_height=&#8220;yes&#8220;][vc_column el_class=&#8220;grey-block&#8220; css=&#8220;.vc_custom_1632830195003{padding-top: 30px !important;padding-right: 30px !important;padding-bottom: 30px !important;padding-left: 30px !important;background-color: #f6f6f6 !important;border-radius: 15px !important;}&#8220; offset=&#8220;vc_col-lg-6 vc_col-md-6&#8243;][vc_column_text]<\/p>\n<h3>Der Rahmen, in dem wir arbeiten<\/h3>\n<p>Unsere grenz\u00fcberschreitende Zusammenarbeit st\u00fctzt sich auf die folgenden drei Rahmenwerke:<\/p>\n<ul>\n<li>Positive Gesundheit<\/li>\n<li>Gesundheit in allen Politikbereichen (HiAP)<\/li>\n<li>Ziele f\u00fcr nachhaltige Entwicklung<\/li>\n<\/ul>\n<p>[\/vc_column_text][vc_empty_space height=&#8220;40px&#8220;][vc_btn title=&#8220;Mehr \u00fcber die Rahmenwerke&#8220; color=&#8220;primary&#8220; link=&#8220;url:https%3A%2F%2Feuprevent.eu%2Fde%2Fueber-euprevent%2Ffundament%2Frahmenwerk%2F|title:Rahmenwerk&#8220; el_class=&#8220;align-bottom&#8220; css=&#8220;.vc_custom_1642513860410{margin-bottom: 0px !important;}&#8220;][\/vc_column][vc_column el_class=&#8220;grey-block&#8220; css=&#8220;.vc_custom_1632830199955{padding-top: 30px !important;padding-right: 30px !important;padding-bottom: 30px !important;padding-left: 30px !important;background-color: #f6f6f6 !important;border-radius: 15px !important;}&#8220; offset=&#8220;vc_col-lg-6 vc_col-md-6&#8243;][vc_column_text]<\/p>\n<h3>Unsere Werte<\/h3>\n<p>Die folgenden Werte sind f\u00fcr alle euPrevent-Programme und -Projekte von zentraler Bedeutung:<\/p>\n<ul>\n<li>Euroregionale Zusammenarbeit<\/li>\n<li>Beteiligung der B\u00fcrger<\/li>\n<li>Aufbau von Wissen<\/li>\n<li>Wissenschaft<\/li>\n<li>Nachhaltigkeit<\/li>\n<\/ul>\n<p>[\/vc_column_text][vc_empty_space height=&#8220;40px&#8220;][vc_btn title=&#8220;Mehr \u00fcber die Werte&#8220; color=&#8220;primary&#8220; link=&#8220;url:https%3A%2F%2Feuprevent.eu%2Fde%2Fueber-euprevent%2Ffundament%2Fwerte%2F|title:Werte&#8220; el_class=&#8220;align-bottom&#8220; css=&#8220;.vc_custom_1642513869086{margin-bottom: 0px !important;}&#8220;][\/vc_column][\/vc_row]<\/p>\n<\/section>","protected":false},"excerpt":{"rendered":"<p>[vc_row][vc_column][vc_column_text] Unser Fundament [\/vc_column_text][\/vc_column][\/vc_row][vc_row][vc_column el_class=&#8220;blue-block&#8220; css=&#8220;.vc_custom_1632831791635{padding-top: 30px !important;padding-right: 30px !important;padding-bottom: 30px !important;padding-left: 30px !important;background-color: #282562 !important;border-radius: 15px !important;}&#8220;][vc_column_text] euPrevent ist ein euroregionales Netzwerk f\u00fcr nachhaltige Zusammenarbeit, das die Lebensqualit\u00e4t der Bewohner der Grenzregion verbessert und ein Labor f\u00fcr Gesundheitsinnovationen ist. euPrevent will die grenz\u00fcberschreitende Zusammenarbeit im Bereich der Gesundheitsf\u00f6rderung in der Grenzregion f\u00f6rdern. euPrevent erreicht [&hellip;]<\/p>\n","protected":false},"author":3,"featured_media":0,"parent":17000,"menu_order":0,"comment_status":"closed","ping_status":"closed","template":"page-with-about-menu.php","meta":{"_acf_changed":false,"footnotes":""},"class_list":["post-16997","page","type-page","status-publish","hentry"],"acf":[],"yoast_head":"<!-- This site is optimized with the Yoast SEO plugin v26.8 - https:\/\/yoast.com\/product\/yoast-seo-wordpress\/ -->\n<title>Fundamente - euPrevent<\/title>\n<meta name=\"robots\" content=\"noindex, nofollow\" \/>\n<meta property=\"og:locale\" content=\"de_DE\" \/>\n<meta property=\"og:type\" content=\"article\" \/>\n<meta property=\"og:title\" content=\"Fundamente - euPrevent\" \/>\n<meta property=\"og:description\" content=\"[vc_row][vc_column][vc_column_text] Unser Fundament [\/vc_column_text][\/vc_column][\/vc_row][vc_row][vc_column el_class=&#8220;blue-block&#8220; css=&#8220;.vc_custom_1632831791635{padding-top: 30px !important;padding-right: 30px !important;padding-bottom: 30px !important;padding-left: 30px !important;background-color: #282562 !important;border-radius: 15px !important;}&#8220;][vc_column_text] euPrevent ist ein euroregionales Netzwerk f\u00fcr nachhaltige Zusammenarbeit, das die Lebensqualit\u00e4t der Bewohner der Grenzregion verbessert und ein Labor f\u00fcr Gesundheitsinnovationen ist. euPrevent will die grenz\u00fcberschreitende Zusammenarbeit im Bereich der Gesundheitsf\u00f6rderung in der Grenzregion f\u00f6rdern. euPrevent erreicht [&hellip;]\" \/>\n<meta property=\"og:url\" content=\"https:\/\/euprevent.eu\/de\/ueber-euprevent\/fundament\/\" \/>\n<meta property=\"og:site_name\" content=\"euPrevent\" \/>\n<meta property=\"article:modified_time\" content=\"2022-01-18T13:51:11+00:00\" \/>\n<meta name=\"twitter:card\" content=\"summary_large_image\" \/>\n<meta name=\"twitter:label1\" content=\"Gesch\u00e4tzte Lesezeit\" \/>\n\t<meta name=\"twitter:data1\" content=\"2\u00a0Minuten\" \/>\n<script type=\"application\/ld+json\" class=\"yoast-schema-graph\">{\"@context\":\"https:\/\/schema.org\",\"@graph\":[{\"@type\":\"WebPage\",\"@id\":\"https:\/\/euprevent.eu\/de\/ueber-euprevent\/fundament\/\",\"url\":\"https:\/\/euprevent.eu\/de\/ueber-euprevent\/fundament\/\",\"name\":\"Fundamente - euPrevent\",\"isPartOf\":{\"@id\":\"https:\/\/euprevent.eu\/de\/#website\"},\"datePublished\":\"2022-01-03T11:41:30+00:00\",\"dateModified\":\"2022-01-18T13:51:11+00:00\",\"breadcrumb\":{\"@id\":\"https:\/\/euprevent.eu\/de\/ueber-euprevent\/fundament\/#breadcrumb\"},\"inLanguage\":\"de\",\"potentialAction\":[{\"@type\":\"ReadAction\",\"target\":[\"https:\/\/euprevent.eu\/de\/ueber-euprevent\/fundament\/\"]}]},{\"@type\":\"BreadcrumbList\",\"@id\":\"https:\/\/euprevent.eu\/de\/ueber-euprevent\/fundament\/#breadcrumb\",\"itemListElement\":[{\"@type\":\"ListItem\",\"position\":1,\"name\":\"Home\",\"item\":\"https:\/\/euprevent.eu\/de\/\"},{\"@type\":\"ListItem\",\"position\":2,\"name\":\"\u00dcber euPrevent\",\"item\":\"https:\/\/euprevent.eu\/de\/ueber-euprevent\/\"},{\"@type\":\"ListItem\",\"position\":3,\"name\":\"Fundamente\"}]},{\"@type\":\"WebSite\",\"@id\":\"https:\/\/euprevent.eu\/de\/#website\",\"url\":\"https:\/\/euprevent.eu\/de\/\",\"name\":\"euPrevent\",\"description\":\"euPrevent is a Euroregional network that focuses on promoting health. Within this network, sustainable partnerships seek to increase the quality of life of residents in the border region between the Netherlands, Belgium and Germany.\",\"potentialAction\":[{\"@type\":\"SearchAction\",\"target\":{\"@type\":\"EntryPoint\",\"urlTemplate\":\"https:\/\/euprevent.eu\/de\/?s={search_term_string}\"},\"query-input\":{\"@type\":\"PropertyValueSpecification\",\"valueRequired\":true,\"valueName\":\"search_term_string\"}}],\"inLanguage\":\"de\"}]}<\/script>\n<!-- \/ Yoast SEO plugin. -->","yoast_head_json":{"title":"Fundamente - euPrevent","robots":{"index":"noindex","follow":"nofollow"},"og_locale":"de_DE","og_type":"article","og_title":"Fundamente - euPrevent","og_description":"[vc_row][vc_column][vc_column_text] Unser Fundament [\/vc_column_text][\/vc_column][\/vc_row][vc_row][vc_column el_class=&#8220;blue-block&#8220; css=&#8220;.vc_custom_1632831791635{padding-top: 30px !important;padding-right: 30px !important;padding-bottom: 30px !important;padding-left: 30px !important;background-color: #282562 !important;border-radius: 15px !important;}&#8220;][vc_column_text] euPrevent ist ein euroregionales Netzwerk f\u00fcr nachhaltige Zusammenarbeit, das die Lebensqualit\u00e4t der Bewohner der Grenzregion verbessert und ein Labor f\u00fcr Gesundheitsinnovationen ist. euPrevent will die grenz\u00fcberschreitende Zusammenarbeit im Bereich der Gesundheitsf\u00f6rderung in der Grenzregion f\u00f6rdern. euPrevent erreicht [&hellip;]","og_url":"https:\/\/euprevent.eu\/de\/ueber-euprevent\/fundament\/","og_site_name":"euPrevent","article_modified_time":"2022-01-18T13:51:11+00:00","twitter_card":"summary_large_image","twitter_misc":{"Gesch\u00e4tzte Lesezeit":"2\u00a0Minuten"},"schema":{"@context":"https:\/\/schema.org","@graph":[{"@type":"WebPage","@id":"https:\/\/euprevent.eu\/de\/ueber-euprevent\/fundament\/","url":"https:\/\/euprevent.eu\/de\/ueber-euprevent\/fundament\/","name":"Fundamente - euPrevent","isPartOf":{"@id":"https:\/\/euprevent.eu\/de\/#website"},"datePublished":"2022-01-03T11:41:30+00:00","dateModified":"2022-01-18T13:51:11+00:00","breadcrumb":{"@id":"https:\/\/euprevent.eu\/de\/ueber-euprevent\/fundament\/#breadcrumb"},"inLanguage":"de","potentialAction":[{"@type":"ReadAction","target":["https:\/\/euprevent.eu\/de\/ueber-euprevent\/fundament\/"]}]},{"@type":"BreadcrumbList","@id":"https:\/\/euprevent.eu\/de\/ueber-euprevent\/fundament\/#breadcrumb","itemListElement":[{"@type":"ListItem","position":1,"name":"Home","item":"https:\/\/euprevent.eu\/de\/"},{"@type":"ListItem","position":2,"name":"\u00dcber euPrevent","item":"https:\/\/euprevent.eu\/de\/ueber-euprevent\/"},{"@type":"ListItem","position":3,"name":"Fundamente"}]},{"@type":"WebSite","@id":"https:\/\/euprevent.eu\/de\/#website","url":"https:\/\/euprevent.eu\/de\/","name":"euPrevent","description":"euPrevent is a Euroregional network that focuses on promoting health. Within this network, sustainable partnerships seek to increase the quality of life of residents in the border region between the Netherlands, Belgium and Germany.","potentialAction":[{"@type":"SearchAction","target":{"@type":"EntryPoint","urlTemplate":"https:\/\/euprevent.eu\/de\/?s={search_term_string}"},"query-input":{"@type":"PropertyValueSpecification","valueRequired":true,"valueName":"search_term_string"}}],"inLanguage":"de"}]}},"_links":{"self":[{"href":"https:\/\/euprevent.eu\/de\/wp-json\/wp\/v2\/pages\/16997","targetHints":{"allow":["GET"]}}],"collection":[{"href":"https:\/\/euprevent.eu\/de\/wp-json\/wp\/v2\/pages"}],"about":[{"href":"https:\/\/euprevent.eu\/de\/wp-json\/wp\/v2\/types\/page"}],"author":[{"embeddable":true,"href":"https:\/\/euprevent.eu\/de\/wp-json\/wp\/v2\/users\/3"}],"replies":[{"embeddable":true,"href":"https:\/\/euprevent.eu\/de\/wp-json\/wp\/v2\/comments?post=16997"}],"version-history":[{"count":5,"href":"https:\/\/euprevent.eu\/de\/wp-json\/wp\/v2\/pages\/16997\/revisions"}],"predecessor-version":[{"id":17313,"href":"https:\/\/euprevent.eu\/de\/wp-json\/wp\/v2\/pages\/16997\/revisions\/17313"}],"up":[{"embeddable":true,"href":"https:\/\/euprevent.eu\/de\/wp-json\/wp\/v2\/pages\/17000"}],"wp:attachment":[{"href":"https:\/\/euprevent.eu\/de\/wp-json\/wp\/v2\/media?parent=16997"}],"curies":[{"name":"wp","href":"https:\/\/api.w.org\/{rel}","templated":true}]}}