


{"id":16984,"date":"2022-01-03T12:40:26","date_gmt":"2022-01-03T11:40:26","guid":{"rendered":"https:\/\/euprevent.eu\/?page_id=16984"},"modified":"2022-01-18T14:51:43","modified_gmt":"2022-01-18T13:51:43","slug":"unterstutzungsburo","status":"publish","type":"page","link":"https:\/\/euprevent.eu\/de\/ueber-euprevent\/unterstutzungsburo\/","title":{"rendered":"Unterst\u00fctzungsb\u00fcro"},"content":{"rendered":"<section class=\"wpb-content-wrapper\"><p>[vc_row][vc_column][vc_column_text]<\/p>\n<h1>Unterst\u00fctzungsb\u00fcro<\/h1>\n<p>Das Unterst\u00fctzungsb\u00fcro ist das Herzst\u00fcck der Stiftung euPrevent und unterst\u00fctzt die Partner bei der Umsetzung der euPrevent-Mission: der Verbesserung der Lebensqualit\u00e4t der Bewohner der Grenzregion.[\/vc_column_text][vc_btn title=&#8220;Kontakt&#8220; color=&#8220;primary&#8220; link=&#8220;url:https%3A%2F%2Feuprevent.eu%2Fde%2Fueber-euprevent%2Funterstutzungsburo%2Fkontakt%2F|title:Kontakt&#8220; css=&#8220;.vc_custom_1642513889082{margin-right: 1rem !important;}&#8220;][vc_btn title=&#8220;\u00dcber die Stiftung&#8220; color=&#8220;primary&#8220; link=&#8220;url:https%3A%2F%2Feuprevent.eu%2Fde%2Fueber-euprevent%2Fnetzwerk%2Feuprevent-stiftung%2F|title:Stiftung&#8220;][vc_empty_space][\/vc_column][\/vc_row][vc_row][vc_column][vc_column_text]<\/p>\n<h2>euPrevent f\u00fcr Ihre Organisation<\/h2>\n<p>euPrevent kann Ihre Organisation auf verschiedene Weise unterst\u00fctzen. Eine kleine Auswahl der Dinge, die wir tun:[\/vc_column_text][\/vc_column][\/vc_row][vc_row equal_height=&#8220;yes&#8220;][vc_column el_class=&#8220;grey-block&#8220; css=&#8220;.vc_custom_1632829978922{padding-top: 30px !important;padding-right: 30px !important;padding-bottom: 30px !important;padding-left: 30px !important;background-color: #f6f6f6 !important;border-radius: 15px !important;}&#8220; offset=&#8220;vc_col-lg-4 vc_col-md-4&#8243;][vc_column_text]Organisation von Aktivit\u00e4ten, Workshops, B\u00fcrgergipfeln und Studientagen.[\/vc_column_text][\/vc_column][vc_column css=&#8220;.vc_custom_1632829967944{padding-top: 30px !important;padding-right: 30px !important;padding-bottom: 30px !important;padding-left: 30px !important;background-color: #f6f6f6 !important;border-radius: 15px !important;}&#8220; el_class=&#8220;grey-block&#8220; offset=&#8220;vc_col-lg-4 vc_col-md-4&#8243;][vc_column_text]Lobbyarbeit f\u00fcr mehr Aufmerksamkeit f\u00fcr die grenz\u00fcberschreitende Gesundheit auf EU-Ebene.[\/vc_column_text][\/vc_column][vc_column css=&#8220;.vc_custom_1632829973873{padding-top: 30px !important;padding-right: 30px !important;padding-bottom: 30px !important;padding-left: 30px !important;background-color: #f6f6f6 !important;border-radius: 15px !important;}&#8220; el_class=&#8220;grey-block&#8220; offset=&#8220;vc_col-lg-4 vc_col-md-4&#8243;][vc_column_text]Unterst\u00fctzung von EU-Finanzhilfeantr\u00e4gen.[\/vc_column_text][\/vc_column][\/vc_row][vc_row equal_height=&#8220;yes&#8220;][vc_column css=&#8220;.vc_custom_1632830087521{padding-top: 30px !important;padding-right: 30px !important;padding-bottom: 30px !important;padding-left: 30px !important;background-color: #f6f6f6 !important;border-radius: 15px !important;}&#8220; el_class=&#8220;grey-block&#8220; offset=&#8220;vc_col-lg-6 vc_col-md-6&#8243;][vc_column_text]Wissenstransfer zwischen Gesundheitsorganisationen in den Grenzregionen.[\/vc_column_text][\/vc_column][vc_column css=&#8220;.vc_custom_1632830096414{padding-top: 30px !important;padding-right: 30px !important;padding-bottom: 30px !important;padding-left: 30px !important;background-color: #f6f6f6 !important;border-radius: 15px !important;}&#8220; el_class=&#8220;grey-block&#8220; offset=&#8220;vc_col-lg-6 vc_col-md-6&#8243;][vc_column_text]Werbung f\u00fcr Ihre Aktivit\u00e4ten in Br\u00fcssel und bei der WHO.[\/vc_column_text][\/vc_column][\/vc_row]<\/p>\n<\/section>","protected":false},"excerpt":{"rendered":"<p>[vc_row][vc_column][vc_column_text] Unterst\u00fctzungsb\u00fcro Das Unterst\u00fctzungsb\u00fcro ist das Herzst\u00fcck der Stiftung euPrevent und unterst\u00fctzt die Partner bei der Umsetzung der euPrevent-Mission: der Verbesserung der Lebensqualit\u00e4t der Bewohner der Grenzregion.[\/vc_column_text][vc_btn title=&#8220;Kontakt&#8220; color=&#8220;primary&#8220; link=&#8220;url:https%3A%2F%2Feuprevent.eu%2Fde%2Fueber-euprevent%2Funterstutzungsburo%2Fkontakt%2F|title:Kontakt&#8220; css=&#8220;.vc_custom_1642513889082{margin-right: 1rem !important;}&#8220;][vc_btn title=&#8220;\u00dcber die Stiftung&#8220; color=&#8220;primary&#8220; link=&#8220;url:https%3A%2F%2Feuprevent.eu%2Fde%2Fueber-euprevent%2Fnetzwerk%2Feuprevent-stiftung%2F|title:Stiftung&#8220;][vc_empty_space][\/vc_column][\/vc_row][vc_row][vc_column][vc_column_text] euPrevent f\u00fcr Ihre Organisation euPrevent kann Ihre Organisation auf verschiedene Weise unterst\u00fctzen. Eine kleine Auswahl der Dinge, [&hellip;]<\/p>\n","protected":false},"author":3,"featured_media":0,"parent":17000,"menu_order":0,"comment_status":"closed","ping_status":"closed","template":"page-with-about-menu.php","meta":{"_acf_changed":false,"footnotes":""},"class_list":["post-16984","page","type-page","status-publish","hentry"],"acf":[],"yoast_head":"<!-- This site is optimized with the Yoast SEO plugin v26.8 - https:\/\/yoast.com\/product\/yoast-seo-wordpress\/ -->\n<title>Unterst\u00fctzungsb\u00fcro - euPrevent<\/title>\n<meta name=\"robots\" content=\"noindex, nofollow\" \/>\n<meta property=\"og:locale\" content=\"de_DE\" \/>\n<meta property=\"og:type\" content=\"article\" \/>\n<meta property=\"og:title\" content=\"Unterst\u00fctzungsb\u00fcro - euPrevent\" \/>\n<meta property=\"og:description\" content=\"[vc_row][vc_column][vc_column_text] Unterst\u00fctzungsb\u00fcro Das Unterst\u00fctzungsb\u00fcro ist das Herzst\u00fcck der Stiftung euPrevent und unterst\u00fctzt die Partner bei der Umsetzung der euPrevent-Mission: der Verbesserung der Lebensqualit\u00e4t der Bewohner der Grenzregion.[\/vc_column_text][vc_btn title=&#8220;Kontakt&#8220; color=&#8220;primary&#8220; link=&#8220;url:https%3A%2F%2Feuprevent.eu%2Fde%2Fueber-euprevent%2Funterstutzungsburo%2Fkontakt%2F|title:Kontakt&#8220; css=&#8220;.vc_custom_1642513889082{margin-right: 1rem !important;}&#8220;][vc_btn title=&#8220;\u00dcber die Stiftung&#8220; color=&#8220;primary&#8220; link=&#8220;url:https%3A%2F%2Feuprevent.eu%2Fde%2Fueber-euprevent%2Fnetzwerk%2Feuprevent-stiftung%2F|title:Stiftung&#8220;][vc_empty_space][\/vc_column][\/vc_row][vc_row][vc_column][vc_column_text] euPrevent f\u00fcr Ihre Organisation euPrevent kann Ihre Organisation auf verschiedene Weise unterst\u00fctzen. Eine kleine Auswahl der Dinge, [&hellip;]\" \/>\n<meta property=\"og:url\" content=\"https:\/\/euprevent.eu\/de\/ueber-euprevent\/unterstutzungsburo\/\" \/>\n<meta property=\"og:site_name\" content=\"euPrevent\" \/>\n<meta property=\"article:modified_time\" content=\"2022-01-18T13:51:43+00:00\" \/>\n<meta name=\"twitter:card\" content=\"summary_large_image\" \/>\n<meta name=\"twitter:label1\" content=\"Gesch\u00e4tzte Lesezeit\" \/>\n\t<meta name=\"twitter:data1\" content=\"1\u00a0Minute\" \/>\n<script type=\"application\/ld+json\" class=\"yoast-schema-graph\">{\"@context\":\"https:\/\/schema.org\",\"@graph\":[{\"@type\":\"WebPage\",\"@id\":\"https:\/\/euprevent.eu\/de\/ueber-euprevent\/unterstutzungsburo\/\",\"url\":\"https:\/\/euprevent.eu\/de\/ueber-euprevent\/unterstutzungsburo\/\",\"name\":\"Unterst\u00fctzungsb\u00fcro - euPrevent\",\"isPartOf\":{\"@id\":\"https:\/\/euprevent.eu\/de\/#website\"},\"datePublished\":\"2022-01-03T11:40:26+00:00\",\"dateModified\":\"2022-01-18T13:51:43+00:00\",\"breadcrumb\":{\"@id\":\"https:\/\/euprevent.eu\/de\/ueber-euprevent\/unterstutzungsburo\/#breadcrumb\"},\"inLanguage\":\"de\",\"potentialAction\":[{\"@type\":\"ReadAction\",\"target\":[\"https:\/\/euprevent.eu\/de\/ueber-euprevent\/unterstutzungsburo\/\"]}]},{\"@type\":\"BreadcrumbList\",\"@id\":\"https:\/\/euprevent.eu\/de\/ueber-euprevent\/unterstutzungsburo\/#breadcrumb\",\"itemListElement\":[{\"@type\":\"ListItem\",\"position\":1,\"name\":\"Home\",\"item\":\"https:\/\/euprevent.eu\/de\/\"},{\"@type\":\"ListItem\",\"position\":2,\"name\":\"\u00dcber euPrevent\",\"item\":\"https:\/\/euprevent.eu\/de\/ueber-euprevent\/\"},{\"@type\":\"ListItem\",\"position\":3,\"name\":\"Unterst\u00fctzungsb\u00fcro\"}]},{\"@type\":\"WebSite\",\"@id\":\"https:\/\/euprevent.eu\/de\/#website\",\"url\":\"https:\/\/euprevent.eu\/de\/\",\"name\":\"euPrevent\",\"description\":\"euPrevent is a Euroregional network that focuses on promoting health. Within this network, sustainable partnerships seek to increase the quality of life of residents in the border region between the Netherlands, Belgium and Germany.\",\"potentialAction\":[{\"@type\":\"SearchAction\",\"target\":{\"@type\":\"EntryPoint\",\"urlTemplate\":\"https:\/\/euprevent.eu\/de\/?s={search_term_string}\"},\"query-input\":{\"@type\":\"PropertyValueSpecification\",\"valueRequired\":true,\"valueName\":\"search_term_string\"}}],\"inLanguage\":\"de\"}]}<\/script>\n<!-- \/ Yoast SEO plugin. -->","yoast_head_json":{"title":"Unterst\u00fctzungsb\u00fcro - euPrevent","robots":{"index":"noindex","follow":"nofollow"},"og_locale":"de_DE","og_type":"article","og_title":"Unterst\u00fctzungsb\u00fcro - euPrevent","og_description":"[vc_row][vc_column][vc_column_text] Unterst\u00fctzungsb\u00fcro Das Unterst\u00fctzungsb\u00fcro ist das Herzst\u00fcck der Stiftung euPrevent und unterst\u00fctzt die Partner bei der Umsetzung der euPrevent-Mission: der Verbesserung der Lebensqualit\u00e4t der Bewohner der Grenzregion.[\/vc_column_text][vc_btn title=&#8220;Kontakt&#8220; color=&#8220;primary&#8220; link=&#8220;url:https%3A%2F%2Feuprevent.eu%2Fde%2Fueber-euprevent%2Funterstutzungsburo%2Fkontakt%2F|title:Kontakt&#8220; css=&#8220;.vc_custom_1642513889082{margin-right: 1rem !important;}&#8220;][vc_btn title=&#8220;\u00dcber die Stiftung&#8220; color=&#8220;primary&#8220; link=&#8220;url:https%3A%2F%2Feuprevent.eu%2Fde%2Fueber-euprevent%2Fnetzwerk%2Feuprevent-stiftung%2F|title:Stiftung&#8220;][vc_empty_space][\/vc_column][\/vc_row][vc_row][vc_column][vc_column_text] euPrevent f\u00fcr Ihre Organisation euPrevent kann Ihre Organisation auf verschiedene Weise unterst\u00fctzen. Eine kleine Auswahl der Dinge, [&hellip;]","og_url":"https:\/\/euprevent.eu\/de\/ueber-euprevent\/unterstutzungsburo\/","og_site_name":"euPrevent","article_modified_time":"2022-01-18T13:51:43+00:00","twitter_card":"summary_large_image","twitter_misc":{"Gesch\u00e4tzte Lesezeit":"1\u00a0Minute"},"schema":{"@context":"https:\/\/schema.org","@graph":[{"@type":"WebPage","@id":"https:\/\/euprevent.eu\/de\/ueber-euprevent\/unterstutzungsburo\/","url":"https:\/\/euprevent.eu\/de\/ueber-euprevent\/unterstutzungsburo\/","name":"Unterst\u00fctzungsb\u00fcro - euPrevent","isPartOf":{"@id":"https:\/\/euprevent.eu\/de\/#website"},"datePublished":"2022-01-03T11:40:26+00:00","dateModified":"2022-01-18T13:51:43+00:00","breadcrumb":{"@id":"https:\/\/euprevent.eu\/de\/ueber-euprevent\/unterstutzungsburo\/#breadcrumb"},"inLanguage":"de","potentialAction":[{"@type":"ReadAction","target":["https:\/\/euprevent.eu\/de\/ueber-euprevent\/unterstutzungsburo\/"]}]},{"@type":"BreadcrumbList","@id":"https:\/\/euprevent.eu\/de\/ueber-euprevent\/unterstutzungsburo\/#breadcrumb","itemListElement":[{"@type":"ListItem","position":1,"name":"Home","item":"https:\/\/euprevent.eu\/de\/"},{"@type":"ListItem","position":2,"name":"\u00dcber euPrevent","item":"https:\/\/euprevent.eu\/de\/ueber-euprevent\/"},{"@type":"ListItem","position":3,"name":"Unterst\u00fctzungsb\u00fcro"}]},{"@type":"WebSite","@id":"https:\/\/euprevent.eu\/de\/#website","url":"https:\/\/euprevent.eu\/de\/","name":"euPrevent","description":"euPrevent is a Euroregional network that focuses on promoting health. Within this network, sustainable partnerships seek to increase the quality of life of residents in the border region between the Netherlands, Belgium and Germany.","potentialAction":[{"@type":"SearchAction","target":{"@type":"EntryPoint","urlTemplate":"https:\/\/euprevent.eu\/de\/?s={search_term_string}"},"query-input":{"@type":"PropertyValueSpecification","valueRequired":true,"valueName":"search_term_string"}}],"inLanguage":"de"}]}},"_links":{"self":[{"href":"https:\/\/euprevent.eu\/de\/wp-json\/wp\/v2\/pages\/16984","targetHints":{"allow":["GET"]}}],"collection":[{"href":"https:\/\/euprevent.eu\/de\/wp-json\/wp\/v2\/pages"}],"about":[{"href":"https:\/\/euprevent.eu\/de\/wp-json\/wp\/v2\/types\/page"}],"author":[{"embeddable":true,"href":"https:\/\/euprevent.eu\/de\/wp-json\/wp\/v2\/users\/3"}],"replies":[{"embeddable":true,"href":"https:\/\/euprevent.eu\/de\/wp-json\/wp\/v2\/comments?post=16984"}],"version-history":[{"count":7,"href":"https:\/\/euprevent.eu\/de\/wp-json\/wp\/v2\/pages\/16984\/revisions"}],"predecessor-version":[{"id":17314,"href":"https:\/\/euprevent.eu\/de\/wp-json\/wp\/v2\/pages\/16984\/revisions\/17314"}],"up":[{"embeddable":true,"href":"https:\/\/euprevent.eu\/de\/wp-json\/wp\/v2\/pages\/17000"}],"wp:attachment":[{"href":"https:\/\/euprevent.eu\/de\/wp-json\/wp\/v2\/media?parent=16984"}],"curies":[{"name":"wp","href":"https:\/\/api.w.org\/{rel}","templated":true}]}}