


{"id":16972,"date":"2022-01-03T12:39:04","date_gmt":"2022-01-03T11:39:04","guid":{"rendered":"https:\/\/euprevent.eu\/?page_id=16972"},"modified":"2022-01-18T13:38:15","modified_gmt":"2022-01-18T12:38:15","slug":"rahmenwerk","status":"publish","type":"page","link":"https:\/\/euprevent.eu\/de\/ueber-euprevent\/fundament\/rahmenwerk\/","title":{"rendered":"Rahmenwerk"},"content":{"rendered":"<section class=\"wpb-content-wrapper\"><p>[vc_row][vc_column][vc_column_text]<\/p>\n<h1>Unser Rahmenwerk<\/h1>\n<p>[\/vc_column_text][\/vc_column][\/vc_row][vc_row][vc_column el_class=&#8220;blue-block&#8220; css=&#8220;.vc_custom_1632831854935{padding-top: 30px !important;padding-right: 30px !important;padding-bottom: 30px !important;padding-left: 30px !important;background-color: #282562 !important;border-radius: 15px !important;}&#8220;][vc_column_text]<\/p>\n<div class=\"page\" title=\"Page 1\">\n<div class=\"section\">\n<div class=\"layoutArea\">\n<div class=\"column\">\n<p>Unsere grenz\u00fcberschreitende Zusammenarbeit st\u00fctzt sich auf die folgenden drei Rahmenwerke:<\/p>\n<\/div>\n<\/div>\n<\/div>\n<\/div>\n<ul>\n<li><a href=\"#healthPositive\">Positive Gesundheit<\/a><\/li>\n<li><a href=\"#healthPolitics\">Gesundheit in allen Politikbereichen (HiAP)<\/a><\/li>\n<li><a href=\"#sdg\">Ziele f\u00fcr nachhaltige Entwicklung<\/a><\/li>\n<\/ul>\n<p>[\/vc_column_text][\/vc_column][\/vc_row][vc_row][vc_column][vc_empty_space][\/vc_column][\/vc_row][vc_row el_id=&#8220;healthPositive&#8220;][vc_column offset=&#8220;vc_col-lg-6 vc_col-md-6&#8243;][vc_column_text]<\/p>\n<h2>Positive Gesundheit<\/h2>\n<div class=\"page\" title=\"Page 1\">\n<div class=\"section\">\n<div class=\"layoutArea\">\n<div class=\"column\">\n<p>Ein breit angelegter Ansatz, der sich auf die F\u00e4higkeit der Menschen konzentriert, mit den physischen, emotionalen und sozialen Herausforderungen des Lebens fertig zu werden. Der Schwerpunkt liegt nicht auf der Krankheit, sondern auf den Menschen selbst, ihrer Widerstandsf\u00e4higkeit und dem, was ihr Leben sinnvoll macht.<\/p>\n<p><strong><span lang=\"en-NL\">Weitere Informationen:<\/span><\/strong><b><span lang=\"en-NL\"><br \/>\n<\/span><\/b><span lang=\"en-NL\"><a href=\"https:\/\/iph.nl\/positieve-gezondheid\/wat-is-het\" target=\"_blank\" rel=\"noopener noreferrer\">https:\/\/iph.nl\/positieve-gezondheid\/wat-is-het<\/a><br \/>\n<a href=\"http:\/\/www.louisbolk.org\/health-nutrition\/integrative-medicine-3\/new-concept-of-health\" target=\"_blank\" rel=\"noopener noreferrer\">http:\/\/www.louisbolk.org\/health-nutrition\/\u2026<\/a><\/span><\/p>\n<\/div>\n<\/div>\n<\/div>\n<\/div>\n<p>[\/vc_column_text][vc_column_text]<\/p>\n<div class=\"page\" title=\"Page 1\">\n<div class=\"section\">\n<div class=\"layoutArea\">\n<div class=\"column\">\n<h4>Der Schwerpunkt aller unserer Programme liegt daher auf dem Empowerment und der Patientenperspektive.<\/h4>\n<\/div>\n<\/div>\n<\/div>\n<\/div>\n<p>[\/vc_column_text][\/vc_column][vc_column width=&#8220;1\/2&#8243;][vc_single_image image=&#8220;8632&#8243; img_size=&#8220;full&#8220; alignment=&#8220;center&#8220;][\/vc_column][\/vc_row][vc_row el_id=&#8220;healthPolitics&#8220;][vc_column][vc_separator][\/vc_column][\/vc_row][vc_row][vc_column offset=&#8220;vc_col-lg-6 vc_col-md-6&#8243;][vc_column_text]<\/p>\n<h2>Gesundheit in allen Politikbereichen (HiAP)<\/h2>\n<div class=\"page\" title=\"Page 1\">\n<div class=\"section\">\n<div class=\"layoutArea\">\n<div class=\"column\">\n<p>Eine 2006 von der WHO formulierte Strategie, die darauf abzielt, Gesundheitsaspekte nicht nur in der Gesundheits- und Sozialpolitik zu ber\u00fccksichtigen, sondern in allen Sektoren, die sich auf die Gesundheit auswirken, wie z. B: Verkehr, Landwirtschaft und Landnutzung, Wohnungswesen, \u00f6ffentliche Ordnung und Sicherheit sowie Bildung.<\/p>\n<p><strong>Weitere Informationen:<br \/>\n<\/strong><a href=\"http:\/\/www.euro.who.int\/en\/health-topics\/health-determinants\/social-determinants\/policy\/entry-points-for-addressing-socially-determined-health-inequities\/health-in-all-policies-hiap\" target=\"_blank\" rel=\"noopener noreferrer\">http:\/\/www.euro.who.int\/en\/health-topics\/\u2026<\/a><br \/>\n<a href=\"https:\/\/euprevent.eu\/wp-content\/uploads\/2018\/07\/Infographic-Health-in-all-Policies.pdf\">Infographic Health in All Policies (HiAP)<\/a><\/p>\n<\/div>\n<\/div>\n<\/div>\n<\/div>\n<p>[\/vc_column_text][vc_column_text]<\/p>\n<h4>Wir bem\u00fchen uns daher um eine Zusammenarbeit mit verschiedenen Sektoren, wo immer dies m\u00f6glich ist.<\/h4>\n<p>[\/vc_column_text][\/vc_column][vc_column offset=&#8220;vc_col-lg-6 vc_col-md-6&#8243;][vc_single_image image=&#8220;8636&#8243; img_size=&#8220;full&#8220; alignment=&#8220;center&#8220;][\/vc_column][\/vc_row][vc_row][vc_column][vc_separator][\/vc_column][\/vc_row][vc_row el_id=&#8220;sdg&#8220;][vc_column offset=&#8220;vc_col-lg-6 vc_col-md-6&#8243;][vc_column_text]<\/p>\n<h2>Ziele f\u00fcr nachhaltige Entwicklung<\/h2>\n<p>Eine Blaupause f\u00fcr eine bessere und nachhaltigere Zukunft f\u00fcr alle. Diese Ziele befassen sich mit den globalen Herausforderungen, mit denen wir konfrontiert sind, z. B. Armut, Ungleichheit, Klima, Umwelt, Wohlstand, Frieden und Gerechtigkeit.<\/p>\n<p><strong>Weitere Informationen:<br \/>\n<\/strong><a href=\"https:\/\/www.un.org\/sustainabledevelopment\/sustainable-development-goals\/\">https:\/\/www.un.org\/sustainabledevelopment\/sustainable-development-goals\/<\/a>[\/vc_column_text][vc_column_text]<\/p>\n<h4>Wir wollen diese Ziele bis 2030 erreichen.<\/h4>\n<p>[\/vc_column_text][\/vc_column][vc_column offset=&#8220;vc_col-lg-6 vc_col-md-6&#8243;][vc_video link=&#8220;https:\/\/www.youtube.com\/watch?v=UNnC91wV_yg&#8220;][\/vc_column][\/vc_row]<\/p>\n<\/section>","protected":false},"excerpt":{"rendered":"<p>[vc_row][vc_column][vc_column_text] Unser Rahmenwerk [\/vc_column_text][\/vc_column][\/vc_row][vc_row][vc_column el_class=&#8220;blue-block&#8220; css=&#8220;.vc_custom_1632831854935{padding-top: 30px !important;padding-right: 30px !important;padding-bottom: 30px !important;padding-left: 30px !important;background-color: #282562 !important;border-radius: 15px !important;}&#8220;][vc_column_text] Unsere grenz\u00fcberschreitende Zusammenarbeit st\u00fctzt sich auf die folgenden drei Rahmenwerke: Positive Gesundheit Gesundheit in allen Politikbereichen (HiAP) Ziele f\u00fcr nachhaltige Entwicklung [\/vc_column_text][\/vc_column][\/vc_row][vc_row][vc_column][vc_empty_space][\/vc_column][\/vc_row][vc_row el_id=&#8220;healthPositive&#8220;][vc_column offset=&#8220;vc_col-lg-6 vc_col-md-6&#8243;][vc_column_text] Positive Gesundheit Ein breit angelegter Ansatz, der sich auf die F\u00e4higkeit der [&hellip;]<\/p>\n","protected":false},"author":3,"featured_media":0,"parent":16997,"menu_order":0,"comment_status":"closed","ping_status":"closed","template":"page-with-about-menu.php","meta":{"_acf_changed":false,"footnotes":""},"class_list":["post-16972","page","type-page","status-publish","hentry"],"acf":[],"yoast_head":"<!-- This site is optimized with the Yoast SEO plugin v27.5 - https:\/\/yoast.com\/product\/yoast-seo-wordpress\/ -->\n<title>Rahmenwerk - euPrevent<\/title>\n<meta name=\"robots\" content=\"noindex, nofollow\" \/>\n<meta property=\"og:locale\" content=\"de_DE\" \/>\n<meta property=\"og:type\" content=\"article\" \/>\n<meta property=\"og:title\" content=\"Rahmenwerk - euPrevent\" \/>\n<meta property=\"og:description\" content=\"[vc_row][vc_column][vc_column_text] Unser Rahmenwerk [\/vc_column_text][\/vc_column][\/vc_row][vc_row][vc_column el_class=&#8220;blue-block&#8220; css=&#8220;.vc_custom_1632831854935{padding-top: 30px !important;padding-right: 30px !important;padding-bottom: 30px !important;padding-left: 30px !important;background-color: #282562 !important;border-radius: 15px !important;}&#8220;][vc_column_text] Unsere grenz\u00fcberschreitende Zusammenarbeit st\u00fctzt sich auf die folgenden drei Rahmenwerke: Positive Gesundheit Gesundheit in allen Politikbereichen (HiAP) Ziele f\u00fcr nachhaltige Entwicklung [\/vc_column_text][\/vc_column][\/vc_row][vc_row][vc_column][vc_empty_space][\/vc_column][\/vc_row][vc_row el_id=&#8220;healthPositive&#8220;][vc_column offset=&#8220;vc_col-lg-6 vc_col-md-6&#8243;][vc_column_text] Positive Gesundheit Ein breit angelegter Ansatz, der sich auf die F\u00e4higkeit der [&hellip;]\" \/>\n<meta property=\"og:url\" content=\"https:\/\/euprevent.eu\/de\/ueber-euprevent\/fundament\/rahmenwerk\/\" \/>\n<meta property=\"og:site_name\" content=\"euPrevent\" \/>\n<meta property=\"article:modified_time\" content=\"2022-01-18T12:38:15+00:00\" \/>\n<meta name=\"twitter:card\" content=\"summary_large_image\" \/>\n<meta name=\"twitter:label1\" content=\"Gesch\u00e4tzte Lesezeit\" \/>\n\t<meta name=\"twitter:data1\" content=\"2\u00a0Minuten\" \/>\n<script type=\"application\/ld+json\" class=\"yoast-schema-graph\">{\"@context\":\"https:\\\/\\\/schema.org\",\"@graph\":[{\"@type\":\"WebPage\",\"@id\":\"https:\\\/\\\/euprevent.eu\\\/de\\\/ueber-euprevent\\\/fundament\\\/rahmenwerk\\\/\",\"url\":\"https:\\\/\\\/euprevent.eu\\\/de\\\/ueber-euprevent\\\/fundament\\\/rahmenwerk\\\/\",\"name\":\"Rahmenwerk - euPrevent\",\"isPartOf\":{\"@id\":\"https:\\\/\\\/euprevent.eu\\\/de\\\/#website\"},\"datePublished\":\"2022-01-03T11:39:04+00:00\",\"dateModified\":\"2022-01-18T12:38:15+00:00\",\"breadcrumb\":{\"@id\":\"https:\\\/\\\/euprevent.eu\\\/de\\\/ueber-euprevent\\\/fundament\\\/rahmenwerk\\\/#breadcrumb\"},\"inLanguage\":\"de\",\"potentialAction\":[{\"@type\":\"ReadAction\",\"target\":[\"https:\\\/\\\/euprevent.eu\\\/de\\\/ueber-euprevent\\\/fundament\\\/rahmenwerk\\\/\"]}]},{\"@type\":\"BreadcrumbList\",\"@id\":\"https:\\\/\\\/euprevent.eu\\\/de\\\/ueber-euprevent\\\/fundament\\\/rahmenwerk\\\/#breadcrumb\",\"itemListElement\":[{\"@type\":\"ListItem\",\"position\":1,\"name\":\"Home\",\"item\":\"https:\\\/\\\/euprevent.eu\\\/de\\\/\"},{\"@type\":\"ListItem\",\"position\":2,\"name\":\"\u00dcber euPrevent\",\"item\":\"https:\\\/\\\/euprevent.eu\\\/de\\\/ueber-euprevent\\\/\"},{\"@type\":\"ListItem\",\"position\":3,\"name\":\"Fundamente\",\"item\":\"https:\\\/\\\/euprevent.eu\\\/de\\\/ueber-euprevent\\\/fundament\\\/\"},{\"@type\":\"ListItem\",\"position\":4,\"name\":\"Rahmenwerk\"}]},{\"@type\":\"WebSite\",\"@id\":\"https:\\\/\\\/euprevent.eu\\\/de\\\/#website\",\"url\":\"https:\\\/\\\/euprevent.eu\\\/de\\\/\",\"name\":\"euPrevent\",\"description\":\"euPrevent is a Euroregional network that focuses on promoting health. Within this network, sustainable partnerships seek to increase the quality of life of residents in the border region between the Netherlands, Belgium and Germany.\",\"potentialAction\":[{\"@type\":\"SearchAction\",\"target\":{\"@type\":\"EntryPoint\",\"urlTemplate\":\"https:\\\/\\\/euprevent.eu\\\/de\\\/?s={search_term_string}\"},\"query-input\":{\"@type\":\"PropertyValueSpecification\",\"valueRequired\":true,\"valueName\":\"search_term_string\"}}],\"inLanguage\":\"de\"}]}<\/script>\n<!-- \/ Yoast SEO plugin. -->","yoast_head_json":{"title":"Rahmenwerk - euPrevent","robots":{"index":"noindex","follow":"nofollow"},"og_locale":"de_DE","og_type":"article","og_title":"Rahmenwerk - euPrevent","og_description":"[vc_row][vc_column][vc_column_text] Unser Rahmenwerk [\/vc_column_text][\/vc_column][\/vc_row][vc_row][vc_column el_class=&#8220;blue-block&#8220; css=&#8220;.vc_custom_1632831854935{padding-top: 30px !important;padding-right: 30px !important;padding-bottom: 30px !important;padding-left: 30px !important;background-color: #282562 !important;border-radius: 15px !important;}&#8220;][vc_column_text] Unsere grenz\u00fcberschreitende Zusammenarbeit st\u00fctzt sich auf die folgenden drei Rahmenwerke: Positive Gesundheit Gesundheit in allen Politikbereichen (HiAP) Ziele f\u00fcr nachhaltige Entwicklung [\/vc_column_text][\/vc_column][\/vc_row][vc_row][vc_column][vc_empty_space][\/vc_column][\/vc_row][vc_row el_id=&#8220;healthPositive&#8220;][vc_column offset=&#8220;vc_col-lg-6 vc_col-md-6&#8243;][vc_column_text] Positive Gesundheit Ein breit angelegter Ansatz, der sich auf die F\u00e4higkeit der [&hellip;]","og_url":"https:\/\/euprevent.eu\/de\/ueber-euprevent\/fundament\/rahmenwerk\/","og_site_name":"euPrevent","article_modified_time":"2022-01-18T12:38:15+00:00","twitter_card":"summary_large_image","twitter_misc":{"Gesch\u00e4tzte Lesezeit":"2\u00a0Minuten"},"schema":{"@context":"https:\/\/schema.org","@graph":[{"@type":"WebPage","@id":"https:\/\/euprevent.eu\/de\/ueber-euprevent\/fundament\/rahmenwerk\/","url":"https:\/\/euprevent.eu\/de\/ueber-euprevent\/fundament\/rahmenwerk\/","name":"Rahmenwerk - euPrevent","isPartOf":{"@id":"https:\/\/euprevent.eu\/de\/#website"},"datePublished":"2022-01-03T11:39:04+00:00","dateModified":"2022-01-18T12:38:15+00:00","breadcrumb":{"@id":"https:\/\/euprevent.eu\/de\/ueber-euprevent\/fundament\/rahmenwerk\/#breadcrumb"},"inLanguage":"de","potentialAction":[{"@type":"ReadAction","target":["https:\/\/euprevent.eu\/de\/ueber-euprevent\/fundament\/rahmenwerk\/"]}]},{"@type":"BreadcrumbList","@id":"https:\/\/euprevent.eu\/de\/ueber-euprevent\/fundament\/rahmenwerk\/#breadcrumb","itemListElement":[{"@type":"ListItem","position":1,"name":"Home","item":"https:\/\/euprevent.eu\/de\/"},{"@type":"ListItem","position":2,"name":"\u00dcber euPrevent","item":"https:\/\/euprevent.eu\/de\/ueber-euprevent\/"},{"@type":"ListItem","position":3,"name":"Fundamente","item":"https:\/\/euprevent.eu\/de\/ueber-euprevent\/fundament\/"},{"@type":"ListItem","position":4,"name":"Rahmenwerk"}]},{"@type":"WebSite","@id":"https:\/\/euprevent.eu\/de\/#website","url":"https:\/\/euprevent.eu\/de\/","name":"euPrevent","description":"euPrevent is a Euroregional network that focuses on promoting health. Within this network, sustainable partnerships seek to increase the quality of life of residents in the border region between the Netherlands, Belgium and Germany.","potentialAction":[{"@type":"SearchAction","target":{"@type":"EntryPoint","urlTemplate":"https:\/\/euprevent.eu\/de\/?s={search_term_string}"},"query-input":{"@type":"PropertyValueSpecification","valueRequired":true,"valueName":"search_term_string"}}],"inLanguage":"de"}]}},"_links":{"self":[{"href":"https:\/\/euprevent.eu\/de\/wp-json\/wp\/v2\/pages\/16972","targetHints":{"allow":["GET"]}}],"collection":[{"href":"https:\/\/euprevent.eu\/de\/wp-json\/wp\/v2\/pages"}],"about":[{"href":"https:\/\/euprevent.eu\/de\/wp-json\/wp\/v2\/types\/page"}],"author":[{"embeddable":true,"href":"https:\/\/euprevent.eu\/de\/wp-json\/wp\/v2\/users\/3"}],"replies":[{"embeddable":true,"href":"https:\/\/euprevent.eu\/de\/wp-json\/wp\/v2\/comments?post=16972"}],"version-history":[{"count":4,"href":"https:\/\/euprevent.eu\/de\/wp-json\/wp\/v2\/pages\/16972\/revisions"}],"predecessor-version":[{"id":17193,"href":"https:\/\/euprevent.eu\/de\/wp-json\/wp\/v2\/pages\/16972\/revisions\/17193"}],"up":[{"embeddable":true,"href":"https:\/\/euprevent.eu\/de\/wp-json\/wp\/v2\/pages\/16997"}],"wp:attachment":[{"href":"https:\/\/euprevent.eu\/de\/wp-json\/wp\/v2\/media?parent=16972"}],"curies":[{"name":"wp","href":"https:\/\/api.w.org\/{rel}","templated":true}]}}