


{"id":16961,"date":"2022-01-03T12:38:00","date_gmt":"2022-01-03T11:38:00","guid":{"rendered":"https:\/\/euprevent.eu\/?page_id=16961"},"modified":"2022-01-26T13:31:58","modified_gmt":"2022-01-26T12:31:58","slug":"euregio-maas-rhein","status":"publish","type":"page","link":"https:\/\/euprevent.eu\/de\/ueber-euprevent\/arbeitsgebiet-die-grenzregionen\/euregio-maas-rhein\/","title":{"rendered":"Euregio Maas-Rhein"},"content":{"rendered":"<section class=\"wpb-content-wrapper\"><p>[vc_row][vc_column][vc_column_text]<\/p>\n<h1>Euregio Meuse-Rhein<\/h1>\n<p>[\/vc_column_text][\/vc_column][\/vc_row][vc_row][vc_column width=&#8220;1\/2&#8243;][vc_column_text]euPrevent steht in engem Einklang mit der Politik und den Zielen des EVTZ Euregio Maas-Rhein, an dem f\u00fcnf Teilregionen der Grenzregion beteiligt sind:<\/p>\n<p><strong>In Belgien:<\/strong><\/p>\n<ul>\n<li>die fl\u00e4mische Provinz Limburg<\/li>\n<li>die wallonische Provinz L\u00fcttich<\/li>\n<li>die deutschsprachige Gemeinschaft<\/li>\n<\/ul>\n<p><strong>In Deutschland:<\/strong><\/p>\n<ul>\n<li>der westliche Teil des Regierungsbezirks K\u00f6ln (Nordrhein-Westfalen)<\/li>\n<\/ul>\n<p><strong>In den Niederlanden:<\/strong><\/p>\n<ul>\n<li>der s\u00fcdliche Teil der Provinz Limburg<\/li>\n<\/ul>\n<p>[\/vc_column_text][\/vc_column][vc_column width=&#8220;1\/2&#8243;][vc_single_image image=&#8220;6909&#8243; img_size=&#8220;full&#8220; alignment=&#8220;center&#8220;][\/vc_column][\/vc_row][vc_row][vc_column][vc_separator][\/vc_column][\/vc_row][vc_row][vc_column width=&#8220;1\/2&#8243;][vc_column_text]Die Grenzregion erstreckt sich \u00fcber die Grenzen von drei L\u00e4ndern und drei Sprachen. In der Region wird Deutsch, Franz\u00f6sisch und Niederl\u00e4ndisch gesprochen. Jede der f\u00fcnf Teilregionen hat ihre eigenen Regeln und Vorstellungen, wie die Gesundheitsversorgung und die Pr\u00e4vention von Krankheiten zu organisieren sind. Die Bev\u00f6lkerung von 4 Millionen Menschen ist relativ homogen, was die Altersverteilung, die sozio\u00f6konomische Situation, den Lebensstil und das Gesundheitsprofil betrifft. Daher kann sich die Grenzregion zu einem europ\u00e4ischen Labor f\u00fcr grenz\u00fcberschreitende Pr\u00e4ventions- und Versorgungsinnovationen entwickeln.[\/vc_column_text][\/vc_column][vc_column width=&#8220;1\/2&#8243;][vc_video link=&#8220;https:\/\/www.youtube.com\/watch?v=BS2vn0r2fWQ&#8220; align=&#8220;center&#8220;][\/vc_column][\/vc_row]<\/p>\n<\/section>","protected":false},"excerpt":{"rendered":"<p>[vc_row][vc_column][vc_column_text] Euregio Meuse-Rhein [\/vc_column_text][\/vc_column][\/vc_row][vc_row][vc_column width=&#8220;1\/2&#8243;][vc_column_text]euPrevent steht in engem Einklang mit der Politik und den Zielen des EVTZ Euregio Maas-Rhein, an dem f\u00fcnf Teilregionen der Grenzregion beteiligt sind: In Belgien: die fl\u00e4mische Provinz Limburg die wallonische Provinz L\u00fcttich die deutschsprachige Gemeinschaft In Deutschland: der westliche Teil des Regierungsbezirks K\u00f6ln (Nordrhein-Westfalen) In den Niederlanden: der s\u00fcdliche Teil [&hellip;]<\/p>\n","protected":false},"author":3,"featured_media":0,"parent":16988,"menu_order":0,"comment_status":"closed","ping_status":"closed","template":"page-with-about-menu.php","meta":{"_acf_changed":false,"footnotes":""},"class_list":["post-16961","page","type-page","status-publish","hentry"],"acf":[],"yoast_head":"<!-- This site is optimized with the Yoast SEO plugin v27.5 - https:\/\/yoast.com\/product\/yoast-seo-wordpress\/ -->\n<title>Euregio Maas-Rhein - euPrevent<\/title>\n<meta name=\"robots\" content=\"noindex, nofollow\" \/>\n<meta property=\"og:locale\" content=\"de_DE\" \/>\n<meta property=\"og:type\" content=\"article\" \/>\n<meta property=\"og:title\" content=\"Euregio Maas-Rhein - euPrevent\" \/>\n<meta property=\"og:description\" content=\"[vc_row][vc_column][vc_column_text] Euregio Meuse-Rhein [\/vc_column_text][\/vc_column][\/vc_row][vc_row][vc_column width=&#8220;1\/2&#8243;][vc_column_text]euPrevent steht in engem Einklang mit der Politik und den Zielen des EVTZ Euregio Maas-Rhein, an dem f\u00fcnf Teilregionen der Grenzregion beteiligt sind: In Belgien: die fl\u00e4mische Provinz Limburg die wallonische Provinz L\u00fcttich die deutschsprachige Gemeinschaft In Deutschland: der westliche Teil des Regierungsbezirks K\u00f6ln (Nordrhein-Westfalen) In den Niederlanden: der s\u00fcdliche Teil [&hellip;]\" \/>\n<meta property=\"og:url\" content=\"https:\/\/euprevent.eu\/de\/ueber-euprevent\/arbeitsgebiet-die-grenzregionen\/euregio-maas-rhein\/\" \/>\n<meta property=\"og:site_name\" content=\"euPrevent\" \/>\n<meta property=\"article:modified_time\" content=\"2022-01-26T12:31:58+00:00\" \/>\n<meta name=\"twitter:card\" content=\"summary_large_image\" \/>\n<meta name=\"twitter:label1\" content=\"Gesch\u00e4tzte Lesezeit\" \/>\n\t<meta name=\"twitter:data1\" content=\"1\u00a0Minute\" \/>\n<script type=\"application\/ld+json\" class=\"yoast-schema-graph\">{\"@context\":\"https:\\\/\\\/schema.org\",\"@graph\":[{\"@type\":\"WebPage\",\"@id\":\"https:\\\/\\\/euprevent.eu\\\/de\\\/ueber-euprevent\\\/arbeitsgebiet-die-grenzregionen\\\/euregio-maas-rhein\\\/\",\"url\":\"https:\\\/\\\/euprevent.eu\\\/de\\\/ueber-euprevent\\\/arbeitsgebiet-die-grenzregionen\\\/euregio-maas-rhein\\\/\",\"name\":\"Euregio Maas-Rhein - euPrevent\",\"isPartOf\":{\"@id\":\"https:\\\/\\\/euprevent.eu\\\/de\\\/#website\"},\"datePublished\":\"2022-01-03T11:38:00+00:00\",\"dateModified\":\"2022-01-26T12:31:58+00:00\",\"breadcrumb\":{\"@id\":\"https:\\\/\\\/euprevent.eu\\\/de\\\/ueber-euprevent\\\/arbeitsgebiet-die-grenzregionen\\\/euregio-maas-rhein\\\/#breadcrumb\"},\"inLanguage\":\"de\",\"potentialAction\":[{\"@type\":\"ReadAction\",\"target\":[\"https:\\\/\\\/euprevent.eu\\\/de\\\/ueber-euprevent\\\/arbeitsgebiet-die-grenzregionen\\\/euregio-maas-rhein\\\/\"]}]},{\"@type\":\"BreadcrumbList\",\"@id\":\"https:\\\/\\\/euprevent.eu\\\/de\\\/ueber-euprevent\\\/arbeitsgebiet-die-grenzregionen\\\/euregio-maas-rhein\\\/#breadcrumb\",\"itemListElement\":[{\"@type\":\"ListItem\",\"position\":1,\"name\":\"Home\",\"item\":\"https:\\\/\\\/euprevent.eu\\\/de\\\/\"},{\"@type\":\"ListItem\",\"position\":2,\"name\":\"\u00dcber euPrevent\",\"item\":\"https:\\\/\\\/euprevent.eu\\\/de\\\/ueber-euprevent\\\/\"},{\"@type\":\"ListItem\",\"position\":3,\"name\":\"Arbeitsgebiet: die Grenzregionen\",\"item\":\"https:\\\/\\\/euprevent.eu\\\/de\\\/ueber-euprevent\\\/arbeitsgebiet-die-grenzregionen\\\/\"},{\"@type\":\"ListItem\",\"position\":4,\"name\":\"Euregio Maas-Rhein\"}]},{\"@type\":\"WebSite\",\"@id\":\"https:\\\/\\\/euprevent.eu\\\/de\\\/#website\",\"url\":\"https:\\\/\\\/euprevent.eu\\\/de\\\/\",\"name\":\"euPrevent\",\"description\":\"euPrevent is a Euroregional network that focuses on promoting health. Within this network, sustainable partnerships seek to increase the quality of life of residents in the border region between the Netherlands, Belgium and Germany.\",\"potentialAction\":[{\"@type\":\"SearchAction\",\"target\":{\"@type\":\"EntryPoint\",\"urlTemplate\":\"https:\\\/\\\/euprevent.eu\\\/de\\\/?s={search_term_string}\"},\"query-input\":{\"@type\":\"PropertyValueSpecification\",\"valueRequired\":true,\"valueName\":\"search_term_string\"}}],\"inLanguage\":\"de\"}]}<\/script>\n<!-- \/ Yoast SEO plugin. -->","yoast_head_json":{"title":"Euregio Maas-Rhein - euPrevent","robots":{"index":"noindex","follow":"nofollow"},"og_locale":"de_DE","og_type":"article","og_title":"Euregio Maas-Rhein - euPrevent","og_description":"[vc_row][vc_column][vc_column_text] Euregio Meuse-Rhein [\/vc_column_text][\/vc_column][\/vc_row][vc_row][vc_column width=&#8220;1\/2&#8243;][vc_column_text]euPrevent steht in engem Einklang mit der Politik und den Zielen des EVTZ Euregio Maas-Rhein, an dem f\u00fcnf Teilregionen der Grenzregion beteiligt sind: In Belgien: die fl\u00e4mische Provinz Limburg die wallonische Provinz L\u00fcttich die deutschsprachige Gemeinschaft In Deutschland: der westliche Teil des Regierungsbezirks K\u00f6ln (Nordrhein-Westfalen) In den Niederlanden: der s\u00fcdliche Teil [&hellip;]","og_url":"https:\/\/euprevent.eu\/de\/ueber-euprevent\/arbeitsgebiet-die-grenzregionen\/euregio-maas-rhein\/","og_site_name":"euPrevent","article_modified_time":"2022-01-26T12:31:58+00:00","twitter_card":"summary_large_image","twitter_misc":{"Gesch\u00e4tzte Lesezeit":"1\u00a0Minute"},"schema":{"@context":"https:\/\/schema.org","@graph":[{"@type":"WebPage","@id":"https:\/\/euprevent.eu\/de\/ueber-euprevent\/arbeitsgebiet-die-grenzregionen\/euregio-maas-rhein\/","url":"https:\/\/euprevent.eu\/de\/ueber-euprevent\/arbeitsgebiet-die-grenzregionen\/euregio-maas-rhein\/","name":"Euregio Maas-Rhein - euPrevent","isPartOf":{"@id":"https:\/\/euprevent.eu\/de\/#website"},"datePublished":"2022-01-03T11:38:00+00:00","dateModified":"2022-01-26T12:31:58+00:00","breadcrumb":{"@id":"https:\/\/euprevent.eu\/de\/ueber-euprevent\/arbeitsgebiet-die-grenzregionen\/euregio-maas-rhein\/#breadcrumb"},"inLanguage":"de","potentialAction":[{"@type":"ReadAction","target":["https:\/\/euprevent.eu\/de\/ueber-euprevent\/arbeitsgebiet-die-grenzregionen\/euregio-maas-rhein\/"]}]},{"@type":"BreadcrumbList","@id":"https:\/\/euprevent.eu\/de\/ueber-euprevent\/arbeitsgebiet-die-grenzregionen\/euregio-maas-rhein\/#breadcrumb","itemListElement":[{"@type":"ListItem","position":1,"name":"Home","item":"https:\/\/euprevent.eu\/de\/"},{"@type":"ListItem","position":2,"name":"\u00dcber euPrevent","item":"https:\/\/euprevent.eu\/de\/ueber-euprevent\/"},{"@type":"ListItem","position":3,"name":"Arbeitsgebiet: die Grenzregionen","item":"https:\/\/euprevent.eu\/de\/ueber-euprevent\/arbeitsgebiet-die-grenzregionen\/"},{"@type":"ListItem","position":4,"name":"Euregio Maas-Rhein"}]},{"@type":"WebSite","@id":"https:\/\/euprevent.eu\/de\/#website","url":"https:\/\/euprevent.eu\/de\/","name":"euPrevent","description":"euPrevent is a Euroregional network that focuses on promoting health. Within this network, sustainable partnerships seek to increase the quality of life of residents in the border region between the Netherlands, Belgium and Germany.","potentialAction":[{"@type":"SearchAction","target":{"@type":"EntryPoint","urlTemplate":"https:\/\/euprevent.eu\/de\/?s={search_term_string}"},"query-input":{"@type":"PropertyValueSpecification","valueRequired":true,"valueName":"search_term_string"}}],"inLanguage":"de"}]}},"_links":{"self":[{"href":"https:\/\/euprevent.eu\/de\/wp-json\/wp\/v2\/pages\/16961","targetHints":{"allow":["GET"]}}],"collection":[{"href":"https:\/\/euprevent.eu\/de\/wp-json\/wp\/v2\/pages"}],"about":[{"href":"https:\/\/euprevent.eu\/de\/wp-json\/wp\/v2\/types\/page"}],"author":[{"embeddable":true,"href":"https:\/\/euprevent.eu\/de\/wp-json\/wp\/v2\/users\/3"}],"replies":[{"embeddable":true,"href":"https:\/\/euprevent.eu\/de\/wp-json\/wp\/v2\/comments?post=16961"}],"version-history":[{"count":5,"href":"https:\/\/euprevent.eu\/de\/wp-json\/wp\/v2\/pages\/16961\/revisions"}],"predecessor-version":[{"id":17425,"href":"https:\/\/euprevent.eu\/de\/wp-json\/wp\/v2\/pages\/16961\/revisions\/17425"}],"up":[{"embeddable":true,"href":"https:\/\/euprevent.eu\/de\/wp-json\/wp\/v2\/pages\/16988"}],"wp:attachment":[{"href":"https:\/\/euprevent.eu\/de\/wp-json\/wp\/v2\/media?parent=16961"}],"curies":[{"name":"wp","href":"https:\/\/api.w.org\/{rel}","templated":true}]}}