


{"id":16954,"date":"2022-01-03T12:38:38","date_gmt":"2022-01-03T11:38:38","guid":{"rendered":"https:\/\/euprevent.eu\/?page_id=16954"},"modified":"2022-01-18T13:39:37","modified_gmt":"2022-01-18T12:39:37","slug":"werte","status":"publish","type":"page","link":"https:\/\/euprevent.eu\/de\/ueber-euprevent\/fundament\/werte\/","title":{"rendered":"Werte"},"content":{"rendered":"<section class=\"wpb-content-wrapper\"><p>[vc_row][vc_column][vc_column_text]<\/p>\n<h1>Werte<\/h1>\n<p>[\/vc_column_text][\/vc_column][\/vc_row][vc_row][vc_column el_class=&#8220;blue-block&#8220; css=&#8220;.vc_custom_1632822230319{padding: 30px !important;background-color: #282562 !important;border-radius: 15px !important;}&#8220;][vc_column_text]Die folgenden Werte sind f\u00fcr alle euPrevent-Programme und -Projekte von zentraler Bedeutung:<\/p>\n<ul>\n<li><a href=\"#samenwerken\">Euroregionale Zusammenarbeit<\/a><\/li>\n<li><a href=\"#participatie\">Beteiligung der B\u00fcrger<\/a><\/li>\n<li><a href=\"#kennis\">Aufbau von Wissenen<\/a><\/li>\n<li><a href=\"#wetenschap\">Wissenschaft<\/a><\/li>\n<li><a href=\"#duurzaamheid\">Nachhaltigkeit<\/a><\/li>\n<\/ul>\n<p>[\/vc_column_text][\/vc_column][\/vc_row][vc_row][vc_column][vc_empty_space][\/vc_column][\/vc_row][vc_row el_id=&#8220;samenwerken&#8220;][vc_column offset=&#8220;vc_col-lg-6 vc_col-md-6&#8243;][vc_column_text]<\/p>\n<h2>Euroregionale Zusammenarbeit<\/h2>\n<p>Wonen en werken in een euregio cre\u00ebert bijzondere kansen. Door euregionale samenwerking gebruikt euPrevent de diversiteit van systemen, structuren en initiatieven in de grensregio als kracht. Het rijke pallet van kennis en ervaring dat dichtbij beschikbaar is, wordt euregionaal ingezet.[\/vc_column_text][\/vc_column][vc_column offset=&#8220;vc_col-lg-6 vc_col-md-6&#8243;][vc_single_image image=&#8220;6909&#8243; img_size=&#8220;medium&#8220; alignment=&#8220;center&#8220;][\/vc_column][\/vc_row][vc_row][vc_column][vc_separator][\/vc_column][\/vc_row][vc_row el_id=&#8220;participatie&#8220;][vc_column offset=&#8220;vc_col-lg-6 vc_col-md-6&#8243;][vc_column_text]<\/p>\n<h2>Beteiligung der B\u00fcrger<\/h2>\n<p>euPrevent h\u00e4lt es f\u00fcr wichtig, alle Beteiligten in seine Aktivit\u00e4ten einzubeziehen. Auch die B\u00fcrger. Dies geschieht auf unterschiedliche Weise:<\/p>\n<ul>\n<li>Die B\u00fcrger werden durch B\u00fcrgerorganisationen, Selbsthilfegruppen oder Patientenverb\u00e4nde vertreten.<\/li>\n<li>Die B\u00fcrger spielen eine aktive Rolle bei den Projekten. Zum Beispiel in einem B\u00fcrgerbeirat, der w\u00e4hrend eines Projekts aktiv konsultiert wird.<\/li>\n<li>In B\u00fcrgergipfeln werden die B\u00fcrger um ihre Ansichten und Ideen gebeten.<\/li>\n<\/ul>\n<p>[\/vc_column_text][\/vc_column][vc_column offset=&#8220;vc_col-lg-6 vc_col-md-6&#8243;][vc_video link=&#8220;https:\/\/youtu.be\/5ZPSoBBNQLY&#8220;][vc_column_text]<em>Short impression of the 2 euregional Citizen Summits that were held in the Euregio Meuse-Rhine (Aachen and Eupen) in Februari 2019.<\/em>[\/vc_column_text][\/vc_column][\/vc_row][vc_row][vc_column][vc_separator][\/vc_column][\/vc_row][vc_row el_id=&#8220;kennis&#8220;][vc_column offset=&#8220;vc_col-lg-6 vc_col-md-6&#8243;][vc_column_text]<\/p>\n<h2>Aufbau von Wissen<\/h2>\n<p>Bei euPrevent sind Wissen und Erfahrung grenz\u00fcberschreitend. Wo immer m\u00f6glich, versuchen wir, dieses Wissen und diese Erfahrung allen zug\u00e4nglich zu machen. Wir tun dies durch:<\/p>\n<ul>\n<li>Organisation von Konferenzen, Workshops und Studienreisen,<\/li>\n<li>Schreiben und Weitergabe von Ver\u00f6ffentlichungen,<\/li>\n<li>Entwicklung von Online-Tools, die unabh\u00e4ngig genutzt werden k\u00f6nnen.<\/li>\n<\/ul>\n<p>[\/vc_column_text][\/vc_column][vc_column offset=&#8220;vc_col-lg-6 vc_col-md-6&#8243;][vc_single_image image=&#8220;5892&#8243; img_size=&#8220;medium&#8220; alignment=&#8220;center&#8220;][\/vc_column][\/vc_row][vc_row][vc_column][vc_separator][\/vc_column][\/vc_row][vc_row el_id=&#8220;wetenschap&#8220;][vc_column offset=&#8220;vc_col-lg-6 vc_col-md-6&#8243;][vc_column_text]<\/p>\n<h2>Wissenschaft<\/h2>\n<p>Neben dem Austausch von vorhandenem Wissen entwickelt euPrevent bei Bedarf auch neues Wissen. So wird beispielsweise seit 2001 eine euroregionale Jugenderhebung durchgef\u00fchrt, die vergleichbare euroregionale Daten zur Verf\u00fcgung stellt. Da es in der Grenzregion kaum vergleichbare Daten gibt, haben euPrevent, Sciensano, der Kreis D\u00fcren und die GGD Zuid Limburg eine Strukturpartnerschaft gegr\u00fcndet, um diese Daten zu sammeln und verf\u00fcgbar zu machen. Die Ergebnisse werden der \u00d6ffentlichkeit \u00fcber <a href=\"http:\/\/euregionalhealthatlas.eu\/\">den euregionalen Online-Gesundheitsatlas<\/a> zug\u00e4nglich gemacht.[\/vc_column_text][\/vc_column][vc_column offset=&#8220;vc_col-lg-6 vc_col-md-6&#8243;][vc_single_image image=&#8220;8606&#8243; img_size=&#8220;large&#8220; alignment=&#8220;center&#8220;][\/vc_column][\/vc_row][vc_row][vc_column][vc_separator][\/vc_column][\/vc_row][vc_row el_id=&#8220;duurzaamheid&#8220;][vc_column offset=&#8220;vc_col-lg-6 vc_col-md-6&#8243;][vc_column_text]<\/p>\n<h2>Nachhaltigkeit<\/h2>\n<p>euPrevent will die Lebensqualit\u00e4t der Bewohner der Grenzregion verbessern. Alle Aktivit\u00e4ten sind daher auf eine nachhaltige Wirkung ausgerichtet. Auch bei zeitlich befristeten Projekten ist immer sichergestellt, dass ein nachhaltiges Ergebnis vorliegt, das auch nach dem Ende des Projekts verf\u00fcgbar bleibt.[\/vc_column_text][\/vc_column][vc_column offset=&#8220;vc_col-lg-6 vc_col-md-6&#8243;][vc_single_image image=&#8220;6458&#8243; img_size=&#8220;medium&#8220; alignment=&#8220;center&#8220;][\/vc_column][\/vc_row]<\/p>\n<\/section>","protected":false},"excerpt":{"rendered":"<p>[vc_row][vc_column][vc_column_text] Werte [\/vc_column_text][\/vc_column][\/vc_row][vc_row][vc_column el_class=&#8220;blue-block&#8220; css=&#8220;.vc_custom_1632822230319{padding: 30px !important;background-color: #282562 !important;border-radius: 15px !important;}&#8220;][vc_column_text]Die folgenden Werte sind f\u00fcr alle euPrevent-Programme und -Projekte von zentraler Bedeutung: Euroregionale Zusammenarbeit Beteiligung der B\u00fcrger Aufbau von Wissenen Wissenschaft Nachhaltigkeit [\/vc_column_text][\/vc_column][\/vc_row][vc_row][vc_column][vc_empty_space][\/vc_column][\/vc_row][vc_row el_id=&#8220;samenwerken&#8220;][vc_column offset=&#8220;vc_col-lg-6 vc_col-md-6&#8243;][vc_column_text] Euroregionale Zusammenarbeit Wonen en werken in een euregio cre\u00ebert bijzondere kansen. Door euregionale samenwerking gebruikt euPrevent de diversiteit van [&hellip;]<\/p>\n","protected":false},"author":3,"featured_media":0,"parent":16997,"menu_order":0,"comment_status":"closed","ping_status":"closed","template":"page-with-about-menu.php","meta":{"_acf_changed":false,"footnotes":""},"class_list":["post-16954","page","type-page","status-publish","hentry"],"acf":[],"yoast_head":"<!-- This site is optimized with the Yoast SEO plugin v27.5 - https:\/\/yoast.com\/product\/yoast-seo-wordpress\/ -->\n<title>Werte - euPrevent<\/title>\n<meta name=\"robots\" content=\"noindex, nofollow\" \/>\n<meta property=\"og:locale\" content=\"de_DE\" \/>\n<meta property=\"og:type\" content=\"article\" \/>\n<meta property=\"og:title\" content=\"Werte - euPrevent\" \/>\n<meta property=\"og:description\" content=\"[vc_row][vc_column][vc_column_text] Werte [\/vc_column_text][\/vc_column][\/vc_row][vc_row][vc_column el_class=&#8220;blue-block&#8220; css=&#8220;.vc_custom_1632822230319{padding: 30px !important;background-color: #282562 !important;border-radius: 15px !important;}&#8220;][vc_column_text]Die folgenden Werte sind f\u00fcr alle euPrevent-Programme und -Projekte von zentraler Bedeutung: Euroregionale Zusammenarbeit Beteiligung der B\u00fcrger Aufbau von Wissenen Wissenschaft Nachhaltigkeit [\/vc_column_text][\/vc_column][\/vc_row][vc_row][vc_column][vc_empty_space][\/vc_column][\/vc_row][vc_row el_id=&#8220;samenwerken&#8220;][vc_column offset=&#8220;vc_col-lg-6 vc_col-md-6&#8243;][vc_column_text] Euroregionale Zusammenarbeit Wonen en werken in een euregio cre\u00ebert bijzondere kansen. Door euregionale samenwerking gebruikt euPrevent de diversiteit van [&hellip;]\" \/>\n<meta property=\"og:url\" content=\"https:\/\/euprevent.eu\/de\/ueber-euprevent\/fundament\/werte\/\" \/>\n<meta property=\"og:site_name\" content=\"euPrevent\" \/>\n<meta property=\"article:modified_time\" content=\"2022-01-18T12:39:37+00:00\" \/>\n<meta name=\"twitter:card\" content=\"summary_large_image\" \/>\n<meta name=\"twitter:label1\" content=\"Gesch\u00e4tzte Lesezeit\" \/>\n\t<meta name=\"twitter:data1\" content=\"2\u00a0Minuten\" \/>\n<script type=\"application\/ld+json\" class=\"yoast-schema-graph\">{\"@context\":\"https:\\\/\\\/schema.org\",\"@graph\":[{\"@type\":\"WebPage\",\"@id\":\"https:\\\/\\\/euprevent.eu\\\/de\\\/ueber-euprevent\\\/fundament\\\/werte\\\/\",\"url\":\"https:\\\/\\\/euprevent.eu\\\/de\\\/ueber-euprevent\\\/fundament\\\/werte\\\/\",\"name\":\"Werte - euPrevent\",\"isPartOf\":{\"@id\":\"https:\\\/\\\/euprevent.eu\\\/de\\\/#website\"},\"datePublished\":\"2022-01-03T11:38:38+00:00\",\"dateModified\":\"2022-01-18T12:39:37+00:00\",\"breadcrumb\":{\"@id\":\"https:\\\/\\\/euprevent.eu\\\/de\\\/ueber-euprevent\\\/fundament\\\/werte\\\/#breadcrumb\"},\"inLanguage\":\"de\",\"potentialAction\":[{\"@type\":\"ReadAction\",\"target\":[\"https:\\\/\\\/euprevent.eu\\\/de\\\/ueber-euprevent\\\/fundament\\\/werte\\\/\"]}]},{\"@type\":\"BreadcrumbList\",\"@id\":\"https:\\\/\\\/euprevent.eu\\\/de\\\/ueber-euprevent\\\/fundament\\\/werte\\\/#breadcrumb\",\"itemListElement\":[{\"@type\":\"ListItem\",\"position\":1,\"name\":\"Home\",\"item\":\"https:\\\/\\\/euprevent.eu\\\/de\\\/\"},{\"@type\":\"ListItem\",\"position\":2,\"name\":\"\u00dcber euPrevent\",\"item\":\"https:\\\/\\\/euprevent.eu\\\/de\\\/ueber-euprevent\\\/\"},{\"@type\":\"ListItem\",\"position\":3,\"name\":\"Fundamente\",\"item\":\"https:\\\/\\\/euprevent.eu\\\/de\\\/ueber-euprevent\\\/fundament\\\/\"},{\"@type\":\"ListItem\",\"position\":4,\"name\":\"Werte\"}]},{\"@type\":\"WebSite\",\"@id\":\"https:\\\/\\\/euprevent.eu\\\/de\\\/#website\",\"url\":\"https:\\\/\\\/euprevent.eu\\\/de\\\/\",\"name\":\"euPrevent\",\"description\":\"euPrevent is a Euroregional network that focuses on promoting health. Within this network, sustainable partnerships seek to increase the quality of life of residents in the border region between the Netherlands, Belgium and Germany.\",\"potentialAction\":[{\"@type\":\"SearchAction\",\"target\":{\"@type\":\"EntryPoint\",\"urlTemplate\":\"https:\\\/\\\/euprevent.eu\\\/de\\\/?s={search_term_string}\"},\"query-input\":{\"@type\":\"PropertyValueSpecification\",\"valueRequired\":true,\"valueName\":\"search_term_string\"}}],\"inLanguage\":\"de\"}]}<\/script>\n<!-- \/ Yoast SEO plugin. -->","yoast_head_json":{"title":"Werte - euPrevent","robots":{"index":"noindex","follow":"nofollow"},"og_locale":"de_DE","og_type":"article","og_title":"Werte - euPrevent","og_description":"[vc_row][vc_column][vc_column_text] Werte [\/vc_column_text][\/vc_column][\/vc_row][vc_row][vc_column el_class=&#8220;blue-block&#8220; css=&#8220;.vc_custom_1632822230319{padding: 30px !important;background-color: #282562 !important;border-radius: 15px !important;}&#8220;][vc_column_text]Die folgenden Werte sind f\u00fcr alle euPrevent-Programme und -Projekte von zentraler Bedeutung: Euroregionale Zusammenarbeit Beteiligung der B\u00fcrger Aufbau von Wissenen Wissenschaft Nachhaltigkeit [\/vc_column_text][\/vc_column][\/vc_row][vc_row][vc_column][vc_empty_space][\/vc_column][\/vc_row][vc_row el_id=&#8220;samenwerken&#8220;][vc_column offset=&#8220;vc_col-lg-6 vc_col-md-6&#8243;][vc_column_text] Euroregionale Zusammenarbeit Wonen en werken in een euregio cre\u00ebert bijzondere kansen. Door euregionale samenwerking gebruikt euPrevent de diversiteit van [&hellip;]","og_url":"https:\/\/euprevent.eu\/de\/ueber-euprevent\/fundament\/werte\/","og_site_name":"euPrevent","article_modified_time":"2022-01-18T12:39:37+00:00","twitter_card":"summary_large_image","twitter_misc":{"Gesch\u00e4tzte Lesezeit":"2\u00a0Minuten"},"schema":{"@context":"https:\/\/schema.org","@graph":[{"@type":"WebPage","@id":"https:\/\/euprevent.eu\/de\/ueber-euprevent\/fundament\/werte\/","url":"https:\/\/euprevent.eu\/de\/ueber-euprevent\/fundament\/werte\/","name":"Werte - euPrevent","isPartOf":{"@id":"https:\/\/euprevent.eu\/de\/#website"},"datePublished":"2022-01-03T11:38:38+00:00","dateModified":"2022-01-18T12:39:37+00:00","breadcrumb":{"@id":"https:\/\/euprevent.eu\/de\/ueber-euprevent\/fundament\/werte\/#breadcrumb"},"inLanguage":"de","potentialAction":[{"@type":"ReadAction","target":["https:\/\/euprevent.eu\/de\/ueber-euprevent\/fundament\/werte\/"]}]},{"@type":"BreadcrumbList","@id":"https:\/\/euprevent.eu\/de\/ueber-euprevent\/fundament\/werte\/#breadcrumb","itemListElement":[{"@type":"ListItem","position":1,"name":"Home","item":"https:\/\/euprevent.eu\/de\/"},{"@type":"ListItem","position":2,"name":"\u00dcber euPrevent","item":"https:\/\/euprevent.eu\/de\/ueber-euprevent\/"},{"@type":"ListItem","position":3,"name":"Fundamente","item":"https:\/\/euprevent.eu\/de\/ueber-euprevent\/fundament\/"},{"@type":"ListItem","position":4,"name":"Werte"}]},{"@type":"WebSite","@id":"https:\/\/euprevent.eu\/de\/#website","url":"https:\/\/euprevent.eu\/de\/","name":"euPrevent","description":"euPrevent is a Euroregional network that focuses on promoting health. Within this network, sustainable partnerships seek to increase the quality of life of residents in the border region between the Netherlands, Belgium and Germany.","potentialAction":[{"@type":"SearchAction","target":{"@type":"EntryPoint","urlTemplate":"https:\/\/euprevent.eu\/de\/?s={search_term_string}"},"query-input":{"@type":"PropertyValueSpecification","valueRequired":true,"valueName":"search_term_string"}}],"inLanguage":"de"}]}},"_links":{"self":[{"href":"https:\/\/euprevent.eu\/de\/wp-json\/wp\/v2\/pages\/16954","targetHints":{"allow":["GET"]}}],"collection":[{"href":"https:\/\/euprevent.eu\/de\/wp-json\/wp\/v2\/pages"}],"about":[{"href":"https:\/\/euprevent.eu\/de\/wp-json\/wp\/v2\/types\/page"}],"author":[{"embeddable":true,"href":"https:\/\/euprevent.eu\/de\/wp-json\/wp\/v2\/users\/3"}],"replies":[{"embeddable":true,"href":"https:\/\/euprevent.eu\/de\/wp-json\/wp\/v2\/comments?post=16954"}],"version-history":[{"count":5,"href":"https:\/\/euprevent.eu\/de\/wp-json\/wp\/v2\/pages\/16954\/revisions"}],"predecessor-version":[{"id":17195,"href":"https:\/\/euprevent.eu\/de\/wp-json\/wp\/v2\/pages\/16954\/revisions\/17195"}],"up":[{"embeddable":true,"href":"https:\/\/euprevent.eu\/de\/wp-json\/wp\/v2\/pages\/16997"}],"wp:attachment":[{"href":"https:\/\/euprevent.eu\/de\/wp-json\/wp\/v2\/media?parent=16954"}],"curies":[{"name":"wp","href":"https:\/\/api.w.org\/{rel}","templated":true}]}}