


{"id":16941,"date":"2022-01-03T12:36:31","date_gmt":"2022-01-03T11:36:31","guid":{"rendered":"https:\/\/euprevent.eu\/?page_id=16941"},"modified":"2022-01-26T13:12:54","modified_gmt":"2022-01-26T12:12:54","slug":"interreg-deutschland-nederland","status":"publish","type":"page","link":"https:\/\/euprevent.eu\/de\/ueber-euprevent\/arbeitsgebiet-die-grenzregionen\/interreg-deutschland-nederland\/","title":{"rendered":"Interreg Deutschland-Nederland"},"content":{"rendered":"<section class=\"wpb-content-wrapper\"><p>[vc_row][vc_column][vc_column_text]<\/p>\n<h1>Interreg Deutschland-Nederland<\/h1>\n<p>[\/vc_column_text][\/vc_column][\/vc_row][vc_row][vc_column width=&#8220;1\/2&#8243;][vc_column_text]Das F\u00f6rdergebiet des Interreg-Programms Deutschland-Nederland erstreckt sich von der Nordseek\u00fcste bis zum Niederrhein. Das sind etwa 460 km entlang der Grenzlinie. Die Erweiterung des Programmgebiets im Jahr 2014 bewirkt, dass noch mehr M\u00f6glichkeiten f\u00fcr eine Zusammenarbeit im Rahmen von Interreg entstehen. Das Programmgebiet umfasst Teile der deutschen Bundesl\u00e4nder Niedersachsen und Nordrhein-Westfalen und Gebiete der niederl\u00e4ndischen Provinzen Friesland, Groningen, Drenthe, Flevoland, Overijssel, Gelderland, Noord-Brabant und Limburg.[\/vc_column_text][\/vc_column][vc_column width=&#8220;1\/2&#8243;][vc_video link=&#8220;https:\/\/www.youtube.com\/watch?v=M5rtSGs_kro&#8220; align=&#8220;center&#8220;][\/vc_column][\/vc_row]<\/p>\n<\/section>","protected":false},"excerpt":{"rendered":"<p>[vc_row][vc_column][vc_column_text] Interreg Deutschland-Nederland [\/vc_column_text][\/vc_column][\/vc_row][vc_row][vc_column width=&#8220;1\/2&#8243;][vc_column_text]Das F\u00f6rdergebiet des Interreg-Programms Deutschland-Nederland erstreckt sich von der Nordseek\u00fcste bis zum Niederrhein. Das sind etwa 460 km entlang der Grenzlinie. Die Erweiterung des Programmgebiets im Jahr 2014 bewirkt, dass noch mehr M\u00f6glichkeiten f\u00fcr eine Zusammenarbeit im Rahmen von Interreg entstehen. Das Programmgebiet umfasst Teile der deutschen Bundesl\u00e4nder Niedersachsen und Nordrhein-Westfalen [&hellip;]<\/p>\n","protected":false},"author":3,"featured_media":0,"parent":16988,"menu_order":0,"comment_status":"closed","ping_status":"closed","template":"page-with-about-menu.php","meta":{"_acf_changed":false,"footnotes":""},"class_list":["post-16941","page","type-page","status-publish","hentry"],"acf":[],"yoast_head":"<!-- This site is optimized with the Yoast SEO plugin v27.5 - https:\/\/yoast.com\/product\/yoast-seo-wordpress\/ -->\n<title>Interreg Deutschland-Nederland - euPrevent<\/title>\n<meta name=\"robots\" content=\"noindex, nofollow\" \/>\n<meta property=\"og:locale\" content=\"de_DE\" \/>\n<meta property=\"og:type\" content=\"article\" \/>\n<meta property=\"og:title\" content=\"Interreg Deutschland-Nederland - euPrevent\" \/>\n<meta property=\"og:description\" content=\"[vc_row][vc_column][vc_column_text] Interreg Deutschland-Nederland [\/vc_column_text][\/vc_column][\/vc_row][vc_row][vc_column width=&#8220;1\/2&#8243;][vc_column_text]Das F\u00f6rdergebiet des Interreg-Programms Deutschland-Nederland erstreckt sich von der Nordseek\u00fcste bis zum Niederrhein. Das sind etwa 460 km entlang der Grenzlinie. Die Erweiterung des Programmgebiets im Jahr 2014 bewirkt, dass noch mehr M\u00f6glichkeiten f\u00fcr eine Zusammenarbeit im Rahmen von Interreg entstehen. Das Programmgebiet umfasst Teile der deutschen Bundesl\u00e4nder Niedersachsen und Nordrhein-Westfalen [&hellip;]\" \/>\n<meta property=\"og:url\" content=\"https:\/\/euprevent.eu\/de\/ueber-euprevent\/arbeitsgebiet-die-grenzregionen\/interreg-deutschland-nederland\/\" \/>\n<meta property=\"og:site_name\" content=\"euPrevent\" \/>\n<meta property=\"article:modified_time\" content=\"2022-01-26T12:12:54+00:00\" \/>\n<meta name=\"twitter:card\" content=\"summary_large_image\" \/>\n<meta name=\"twitter:label1\" content=\"Gesch\u00e4tzte Lesezeit\" \/>\n\t<meta name=\"twitter:data1\" content=\"1\u00a0Minute\" \/>\n<script type=\"application\/ld+json\" class=\"yoast-schema-graph\">{\"@context\":\"https:\\\/\\\/schema.org\",\"@graph\":[{\"@type\":\"WebPage\",\"@id\":\"https:\\\/\\\/euprevent.eu\\\/de\\\/ueber-euprevent\\\/arbeitsgebiet-die-grenzregionen\\\/interreg-deutschland-nederland\\\/\",\"url\":\"https:\\\/\\\/euprevent.eu\\\/de\\\/ueber-euprevent\\\/arbeitsgebiet-die-grenzregionen\\\/interreg-deutschland-nederland\\\/\",\"name\":\"Interreg Deutschland-Nederland - euPrevent\",\"isPartOf\":{\"@id\":\"https:\\\/\\\/euprevent.eu\\\/de\\\/#website\"},\"datePublished\":\"2022-01-03T11:36:31+00:00\",\"dateModified\":\"2022-01-26T12:12:54+00:00\",\"breadcrumb\":{\"@id\":\"https:\\\/\\\/euprevent.eu\\\/de\\\/ueber-euprevent\\\/arbeitsgebiet-die-grenzregionen\\\/interreg-deutschland-nederland\\\/#breadcrumb\"},\"inLanguage\":\"de\",\"potentialAction\":[{\"@type\":\"ReadAction\",\"target\":[\"https:\\\/\\\/euprevent.eu\\\/de\\\/ueber-euprevent\\\/arbeitsgebiet-die-grenzregionen\\\/interreg-deutschland-nederland\\\/\"]}]},{\"@type\":\"BreadcrumbList\",\"@id\":\"https:\\\/\\\/euprevent.eu\\\/de\\\/ueber-euprevent\\\/arbeitsgebiet-die-grenzregionen\\\/interreg-deutschland-nederland\\\/#breadcrumb\",\"itemListElement\":[{\"@type\":\"ListItem\",\"position\":1,\"name\":\"Home\",\"item\":\"https:\\\/\\\/euprevent.eu\\\/de\\\/\"},{\"@type\":\"ListItem\",\"position\":2,\"name\":\"\u00dcber euPrevent\",\"item\":\"https:\\\/\\\/euprevent.eu\\\/de\\\/ueber-euprevent\\\/\"},{\"@type\":\"ListItem\",\"position\":3,\"name\":\"Arbeitsgebiet: die Grenzregionen\",\"item\":\"https:\\\/\\\/euprevent.eu\\\/de\\\/ueber-euprevent\\\/arbeitsgebiet-die-grenzregionen\\\/\"},{\"@type\":\"ListItem\",\"position\":4,\"name\":\"Interreg Deutschland-Nederland\"}]},{\"@type\":\"WebSite\",\"@id\":\"https:\\\/\\\/euprevent.eu\\\/de\\\/#website\",\"url\":\"https:\\\/\\\/euprevent.eu\\\/de\\\/\",\"name\":\"euPrevent\",\"description\":\"euPrevent is a Euroregional network that focuses on promoting health. Within this network, sustainable partnerships seek to increase the quality of life of residents in the border region between the Netherlands, Belgium and Germany.\",\"potentialAction\":[{\"@type\":\"SearchAction\",\"target\":{\"@type\":\"EntryPoint\",\"urlTemplate\":\"https:\\\/\\\/euprevent.eu\\\/de\\\/?s={search_term_string}\"},\"query-input\":{\"@type\":\"PropertyValueSpecification\",\"valueRequired\":true,\"valueName\":\"search_term_string\"}}],\"inLanguage\":\"de\"}]}<\/script>\n<!-- \/ Yoast SEO plugin. -->","yoast_head_json":{"title":"Interreg Deutschland-Nederland - euPrevent","robots":{"index":"noindex","follow":"nofollow"},"og_locale":"de_DE","og_type":"article","og_title":"Interreg Deutschland-Nederland - euPrevent","og_description":"[vc_row][vc_column][vc_column_text] Interreg Deutschland-Nederland [\/vc_column_text][\/vc_column][\/vc_row][vc_row][vc_column width=&#8220;1\/2&#8243;][vc_column_text]Das F\u00f6rdergebiet des Interreg-Programms Deutschland-Nederland erstreckt sich von der Nordseek\u00fcste bis zum Niederrhein. Das sind etwa 460 km entlang der Grenzlinie. Die Erweiterung des Programmgebiets im Jahr 2014 bewirkt, dass noch mehr M\u00f6glichkeiten f\u00fcr eine Zusammenarbeit im Rahmen von Interreg entstehen. Das Programmgebiet umfasst Teile der deutschen Bundesl\u00e4nder Niedersachsen und Nordrhein-Westfalen [&hellip;]","og_url":"https:\/\/euprevent.eu\/de\/ueber-euprevent\/arbeitsgebiet-die-grenzregionen\/interreg-deutschland-nederland\/","og_site_name":"euPrevent","article_modified_time":"2022-01-26T12:12:54+00:00","twitter_card":"summary_large_image","twitter_misc":{"Gesch\u00e4tzte Lesezeit":"1\u00a0Minute"},"schema":{"@context":"https:\/\/schema.org","@graph":[{"@type":"WebPage","@id":"https:\/\/euprevent.eu\/de\/ueber-euprevent\/arbeitsgebiet-die-grenzregionen\/interreg-deutschland-nederland\/","url":"https:\/\/euprevent.eu\/de\/ueber-euprevent\/arbeitsgebiet-die-grenzregionen\/interreg-deutschland-nederland\/","name":"Interreg Deutschland-Nederland - euPrevent","isPartOf":{"@id":"https:\/\/euprevent.eu\/de\/#website"},"datePublished":"2022-01-03T11:36:31+00:00","dateModified":"2022-01-26T12:12:54+00:00","breadcrumb":{"@id":"https:\/\/euprevent.eu\/de\/ueber-euprevent\/arbeitsgebiet-die-grenzregionen\/interreg-deutschland-nederland\/#breadcrumb"},"inLanguage":"de","potentialAction":[{"@type":"ReadAction","target":["https:\/\/euprevent.eu\/de\/ueber-euprevent\/arbeitsgebiet-die-grenzregionen\/interreg-deutschland-nederland\/"]}]},{"@type":"BreadcrumbList","@id":"https:\/\/euprevent.eu\/de\/ueber-euprevent\/arbeitsgebiet-die-grenzregionen\/interreg-deutschland-nederland\/#breadcrumb","itemListElement":[{"@type":"ListItem","position":1,"name":"Home","item":"https:\/\/euprevent.eu\/de\/"},{"@type":"ListItem","position":2,"name":"\u00dcber euPrevent","item":"https:\/\/euprevent.eu\/de\/ueber-euprevent\/"},{"@type":"ListItem","position":3,"name":"Arbeitsgebiet: die Grenzregionen","item":"https:\/\/euprevent.eu\/de\/ueber-euprevent\/arbeitsgebiet-die-grenzregionen\/"},{"@type":"ListItem","position":4,"name":"Interreg Deutschland-Nederland"}]},{"@type":"WebSite","@id":"https:\/\/euprevent.eu\/de\/#website","url":"https:\/\/euprevent.eu\/de\/","name":"euPrevent","description":"euPrevent is a Euroregional network that focuses on promoting health. Within this network, sustainable partnerships seek to increase the quality of life of residents in the border region between the Netherlands, Belgium and Germany.","potentialAction":[{"@type":"SearchAction","target":{"@type":"EntryPoint","urlTemplate":"https:\/\/euprevent.eu\/de\/?s={search_term_string}"},"query-input":{"@type":"PropertyValueSpecification","valueRequired":true,"valueName":"search_term_string"}}],"inLanguage":"de"}]}},"_links":{"self":[{"href":"https:\/\/euprevent.eu\/de\/wp-json\/wp\/v2\/pages\/16941","targetHints":{"allow":["GET"]}}],"collection":[{"href":"https:\/\/euprevent.eu\/de\/wp-json\/wp\/v2\/pages"}],"about":[{"href":"https:\/\/euprevent.eu\/de\/wp-json\/wp\/v2\/types\/page"}],"author":[{"embeddable":true,"href":"https:\/\/euprevent.eu\/de\/wp-json\/wp\/v2\/users\/3"}],"replies":[{"embeddable":true,"href":"https:\/\/euprevent.eu\/de\/wp-json\/wp\/v2\/comments?post=16941"}],"version-history":[{"count":3,"href":"https:\/\/euprevent.eu\/de\/wp-json\/wp\/v2\/pages\/16941\/revisions"}],"predecessor-version":[{"id":17404,"href":"https:\/\/euprevent.eu\/de\/wp-json\/wp\/v2\/pages\/16941\/revisions\/17404"}],"up":[{"embeddable":true,"href":"https:\/\/euprevent.eu\/de\/wp-json\/wp\/v2\/pages\/16988"}],"wp:attachment":[{"href":"https:\/\/euprevent.eu\/de\/wp-json\/wp\/v2\/media?parent=16941"}],"curies":[{"name":"wp","href":"https:\/\/api.w.org\/{rel}","templated":true}]}}