


{"id":16923,"date":"2022-01-03T12:35:23","date_gmt":"2022-01-03T11:35:23","guid":{"rendered":"https:\/\/euprevent.eu\/?page_id=16923"},"modified":"2025-03-12T13:45:46","modified_gmt":"2025-03-12T12:45:46","slug":"kontakt","status":"publish","type":"page","link":"https:\/\/euprevent.eu\/de\/ueber-euprevent\/unterstutzungsburo\/kontakt\/","title":{"rendered":"Kontakt"},"content":{"rendered":"<section class=\"wpb-content-wrapper\"><p>[vc_row][vc_column][vc_column_text]<\/p>\n<h1>Kontakt<\/h1>\n<p>[\/vc_column_text][vc_message message_box_color=&#8220;grey&#8220; icon_fontawesome=&#8220;&#8220;]<strong>E-Mail<\/strong><br \/>\nF\u00fcr alle Ihre Fragen<br \/>\nfunctioneelbeheerconcern@ggdzl.nl[\/vc_message][vc_message message_box_color=&#8220;grey&#8220; icon_fontawesome=&#8220;fas fa-envelope&#8220;]<strong>Postanschrift S\u00fcdlimburg<br \/>\n<\/strong>Postbus 33<br \/>\n6400 AA\u00a0 Heerlen<br \/>\nDie Niederlande<\/p>\n<p><strong>Postanschrift Nordlimburg<\/strong><br \/>\nPostbus 1150<br \/>\n5900 BD Venlo<br \/>\nDie Niederlande[\/vc_message][vc_message message_box_color=&#8220;grey&#8220; icon_fontawesome=&#8220;fas fa-building&#8220;]<strong>Besuchsadresse S\u00fcdlimburg<\/strong><br \/>\nHet Overloon 2<br \/>\n6411 TE\u00a0 Heerlen<br \/>\nDie Niederlande<\/p>\n<p><strong>Besuchsadresse Nordlimburg<br \/>\n<\/strong>Drie Decembersingel 50<br \/>\n5921 AC Venlo<br \/>\nDie Niederlande<strong><br \/>\n<\/strong>[\/vc_message][vc_message message_box_color=&#8220;grey&#8220; icon_fontawesome=&#8220;fa fa-car&#8220;]<strong>Parken<br \/>\n<\/strong>Das n\u00e4chstgelegene Parkhaus ist Q-Park:<br \/>\nApollolaan 11, 6411 BE\u00a0 Heerlen<br \/>\nDie Niederlande[\/vc_message][vc_empty_space height=&#8220;15px&#8220;][vc_column_text css=&#8220;.vc_custom_1557489546478{margin-bottom: 5px !important;padding-bottom: 5px !important;}&#8220;]<\/p>\n<p style=\"text-align: center;\">M\u00f6chten Sie \u00fcber die Aktivit\u00e4ten von euPrevent informiert werden?<\/p>\n<p>[\/vc_column_text][vc_btn title=&#8220;Abonnieren Sie unsere Mailingliste&#8220; color=&#8220;primary&#8220; align=&#8220;center&#8220; link=&#8220;url:http%3A%2F%2Feepurl.com%2FdOt_Y9|||&#8220;][\/vc_column][\/vc_row]<\/p>\n<\/section>","protected":false},"excerpt":{"rendered":"<p>[vc_row][vc_column][vc_column_text] Kontakt [\/vc_column_text][vc_message message_box_color=&#8220;grey&#8220; icon_fontawesome=&#8220;&#8220;]E-Mail F\u00fcr alle Ihre Fragen functioneelbeheerconcern@ggdzl.nl[\/vc_message][vc_message message_box_color=&#8220;grey&#8220; icon_fontawesome=&#8220;fas fa-envelope&#8220;]Postanschrift S\u00fcdlimburg Postbus 33 6400 AA\u00a0 Heerlen Die Niederlande Postanschrift Nordlimburg Postbus 1150 5900 BD Venlo Die Niederlande[\/vc_message][vc_message message_box_color=&#8220;grey&#8220; icon_fontawesome=&#8220;fas fa-building&#8220;]Besuchsadresse S\u00fcdlimburg Het Overloon 2 6411 TE\u00a0 Heerlen Die Niederlande Besuchsadresse Nordlimburg Drie Decembersingel 50 5921 AC Venlo Die Niederlande [\/vc_message][vc_message message_box_color=&#8220;grey&#8220; icon_fontawesome=&#8220;fa [&hellip;]<\/p>\n","protected":false},"author":3,"featured_media":0,"parent":16984,"menu_order":0,"comment_status":"closed","ping_status":"closed","template":"page-with-about-menu.php","meta":{"_acf_changed":false,"footnotes":""},"class_list":["post-16923","page","type-page","status-publish","hentry"],"acf":[],"yoast_head":"<!-- This site is optimized with the Yoast SEO plugin v27.5 - https:\/\/yoast.com\/product\/yoast-seo-wordpress\/ -->\n<title>Kontakt - euPrevent<\/title>\n<meta name=\"robots\" content=\"noindex, nofollow\" \/>\n<meta property=\"og:locale\" content=\"de_DE\" \/>\n<meta property=\"og:type\" content=\"article\" \/>\n<meta property=\"og:title\" content=\"Kontakt - euPrevent\" \/>\n<meta property=\"og:description\" content=\"[vc_row][vc_column][vc_column_text] Kontakt [\/vc_column_text][vc_message message_box_color=&#8220;grey&#8220; icon_fontawesome=&#8220;&#8220;]E-Mail F\u00fcr alle Ihre Fragen functioneelbeheerconcern@ggdzl.nl[\/vc_message][vc_message message_box_color=&#8220;grey&#8220; icon_fontawesome=&#8220;fas fa-envelope&#8220;]Postanschrift S\u00fcdlimburg Postbus 33 6400 AA\u00a0 Heerlen Die Niederlande Postanschrift Nordlimburg Postbus 1150 5900 BD Venlo Die Niederlande[\/vc_message][vc_message message_box_color=&#8220;grey&#8220; icon_fontawesome=&#8220;fas fa-building&#8220;]Besuchsadresse S\u00fcdlimburg Het Overloon 2 6411 TE\u00a0 Heerlen Die Niederlande Besuchsadresse Nordlimburg Drie Decembersingel 50 5921 AC Venlo Die Niederlande [\/vc_message][vc_message message_box_color=&#8220;grey&#8220; icon_fontawesome=&#8220;fa [&hellip;]\" \/>\n<meta property=\"og:url\" content=\"https:\/\/euprevent.eu\/de\/ueber-euprevent\/unterstutzungsburo\/kontakt\/\" \/>\n<meta property=\"og:site_name\" content=\"euPrevent\" \/>\n<meta property=\"article:modified_time\" content=\"2025-03-12T12:45:46+00:00\" \/>\n<meta name=\"twitter:card\" content=\"summary_large_image\" \/>\n<meta name=\"twitter:label1\" content=\"Gesch\u00e4tzte Lesezeit\" \/>\n\t<meta name=\"twitter:data1\" content=\"1\u00a0Minute\" \/>\n<script type=\"application\/ld+json\" class=\"yoast-schema-graph\">{\"@context\":\"https:\\\/\\\/schema.org\",\"@graph\":[{\"@type\":\"WebPage\",\"@id\":\"https:\\\/\\\/euprevent.eu\\\/de\\\/ueber-euprevent\\\/unterstutzungsburo\\\/kontakt\\\/\",\"url\":\"https:\\\/\\\/euprevent.eu\\\/de\\\/ueber-euprevent\\\/unterstutzungsburo\\\/kontakt\\\/\",\"name\":\"Kontakt - euPrevent\",\"isPartOf\":{\"@id\":\"https:\\\/\\\/euprevent.eu\\\/de\\\/#website\"},\"datePublished\":\"2022-01-03T11:35:23+00:00\",\"dateModified\":\"2025-03-12T12:45:46+00:00\",\"breadcrumb\":{\"@id\":\"https:\\\/\\\/euprevent.eu\\\/de\\\/ueber-euprevent\\\/unterstutzungsburo\\\/kontakt\\\/#breadcrumb\"},\"inLanguage\":\"de\",\"potentialAction\":[{\"@type\":\"ReadAction\",\"target\":[\"https:\\\/\\\/euprevent.eu\\\/de\\\/ueber-euprevent\\\/unterstutzungsburo\\\/kontakt\\\/\"]}]},{\"@type\":\"BreadcrumbList\",\"@id\":\"https:\\\/\\\/euprevent.eu\\\/de\\\/ueber-euprevent\\\/unterstutzungsburo\\\/kontakt\\\/#breadcrumb\",\"itemListElement\":[{\"@type\":\"ListItem\",\"position\":1,\"name\":\"Home\",\"item\":\"https:\\\/\\\/euprevent.eu\\\/de\\\/\"},{\"@type\":\"ListItem\",\"position\":2,\"name\":\"\u00dcber euPrevent\",\"item\":\"https:\\\/\\\/euprevent.eu\\\/de\\\/ueber-euprevent\\\/\"},{\"@type\":\"ListItem\",\"position\":3,\"name\":\"Unterst\u00fctzungsb\u00fcro\",\"item\":\"https:\\\/\\\/euprevent.eu\\\/de\\\/ueber-euprevent\\\/unterstutzungsburo\\\/\"},{\"@type\":\"ListItem\",\"position\":4,\"name\":\"Kontakt\"}]},{\"@type\":\"WebSite\",\"@id\":\"https:\\\/\\\/euprevent.eu\\\/de\\\/#website\",\"url\":\"https:\\\/\\\/euprevent.eu\\\/de\\\/\",\"name\":\"euPrevent\",\"description\":\"euPrevent is a Euroregional network that focuses on promoting health. Within this network, sustainable partnerships seek to increase the quality of life of residents in the border region between the Netherlands, Belgium and Germany.\",\"potentialAction\":[{\"@type\":\"SearchAction\",\"target\":{\"@type\":\"EntryPoint\",\"urlTemplate\":\"https:\\\/\\\/euprevent.eu\\\/de\\\/?s={search_term_string}\"},\"query-input\":{\"@type\":\"PropertyValueSpecification\",\"valueRequired\":true,\"valueName\":\"search_term_string\"}}],\"inLanguage\":\"de\"}]}<\/script>\n<!-- \/ Yoast SEO plugin. -->","yoast_head_json":{"title":"Kontakt - euPrevent","robots":{"index":"noindex","follow":"nofollow"},"og_locale":"de_DE","og_type":"article","og_title":"Kontakt - euPrevent","og_description":"[vc_row][vc_column][vc_column_text] Kontakt [\/vc_column_text][vc_message message_box_color=&#8220;grey&#8220; icon_fontawesome=&#8220;&#8220;]E-Mail F\u00fcr alle Ihre Fragen functioneelbeheerconcern@ggdzl.nl[\/vc_message][vc_message message_box_color=&#8220;grey&#8220; icon_fontawesome=&#8220;fas fa-envelope&#8220;]Postanschrift S\u00fcdlimburg Postbus 33 6400 AA\u00a0 Heerlen Die Niederlande Postanschrift Nordlimburg Postbus 1150 5900 BD Venlo Die Niederlande[\/vc_message][vc_message message_box_color=&#8220;grey&#8220; icon_fontawesome=&#8220;fas fa-building&#8220;]Besuchsadresse S\u00fcdlimburg Het Overloon 2 6411 TE\u00a0 Heerlen Die Niederlande Besuchsadresse Nordlimburg Drie Decembersingel 50 5921 AC Venlo Die Niederlande [\/vc_message][vc_message message_box_color=&#8220;grey&#8220; icon_fontawesome=&#8220;fa [&hellip;]","og_url":"https:\/\/euprevent.eu\/de\/ueber-euprevent\/unterstutzungsburo\/kontakt\/","og_site_name":"euPrevent","article_modified_time":"2025-03-12T12:45:46+00:00","twitter_card":"summary_large_image","twitter_misc":{"Gesch\u00e4tzte Lesezeit":"1\u00a0Minute"},"schema":{"@context":"https:\/\/schema.org","@graph":[{"@type":"WebPage","@id":"https:\/\/euprevent.eu\/de\/ueber-euprevent\/unterstutzungsburo\/kontakt\/","url":"https:\/\/euprevent.eu\/de\/ueber-euprevent\/unterstutzungsburo\/kontakt\/","name":"Kontakt - euPrevent","isPartOf":{"@id":"https:\/\/euprevent.eu\/de\/#website"},"datePublished":"2022-01-03T11:35:23+00:00","dateModified":"2025-03-12T12:45:46+00:00","breadcrumb":{"@id":"https:\/\/euprevent.eu\/de\/ueber-euprevent\/unterstutzungsburo\/kontakt\/#breadcrumb"},"inLanguage":"de","potentialAction":[{"@type":"ReadAction","target":["https:\/\/euprevent.eu\/de\/ueber-euprevent\/unterstutzungsburo\/kontakt\/"]}]},{"@type":"BreadcrumbList","@id":"https:\/\/euprevent.eu\/de\/ueber-euprevent\/unterstutzungsburo\/kontakt\/#breadcrumb","itemListElement":[{"@type":"ListItem","position":1,"name":"Home","item":"https:\/\/euprevent.eu\/de\/"},{"@type":"ListItem","position":2,"name":"\u00dcber euPrevent","item":"https:\/\/euprevent.eu\/de\/ueber-euprevent\/"},{"@type":"ListItem","position":3,"name":"Unterst\u00fctzungsb\u00fcro","item":"https:\/\/euprevent.eu\/de\/ueber-euprevent\/unterstutzungsburo\/"},{"@type":"ListItem","position":4,"name":"Kontakt"}]},{"@type":"WebSite","@id":"https:\/\/euprevent.eu\/de\/#website","url":"https:\/\/euprevent.eu\/de\/","name":"euPrevent","description":"euPrevent is a Euroregional network that focuses on promoting health. Within this network, sustainable partnerships seek to increase the quality of life of residents in the border region between the Netherlands, Belgium and Germany.","potentialAction":[{"@type":"SearchAction","target":{"@type":"EntryPoint","urlTemplate":"https:\/\/euprevent.eu\/de\/?s={search_term_string}"},"query-input":{"@type":"PropertyValueSpecification","valueRequired":true,"valueName":"search_term_string"}}],"inLanguage":"de"}]}},"_links":{"self":[{"href":"https:\/\/euprevent.eu\/de\/wp-json\/wp\/v2\/pages\/16923","targetHints":{"allow":["GET"]}}],"collection":[{"href":"https:\/\/euprevent.eu\/de\/wp-json\/wp\/v2\/pages"}],"about":[{"href":"https:\/\/euprevent.eu\/de\/wp-json\/wp\/v2\/types\/page"}],"author":[{"embeddable":true,"href":"https:\/\/euprevent.eu\/de\/wp-json\/wp\/v2\/users\/3"}],"replies":[{"embeddable":true,"href":"https:\/\/euprevent.eu\/de\/wp-json\/wp\/v2\/comments?post=16923"}],"version-history":[{"count":7,"href":"https:\/\/euprevent.eu\/de\/wp-json\/wp\/v2\/pages\/16923\/revisions"}],"predecessor-version":[{"id":24120,"href":"https:\/\/euprevent.eu\/de\/wp-json\/wp\/v2\/pages\/16923\/revisions\/24120"}],"up":[{"embeddable":true,"href":"https:\/\/euprevent.eu\/de\/wp-json\/wp\/v2\/pages\/16984"}],"wp:attachment":[{"href":"https:\/\/euprevent.eu\/de\/wp-json\/wp\/v2\/media?parent=16923"}],"curies":[{"name":"wp","href":"https:\/\/api.w.org\/{rel}","templated":true}]}}