


{"id":16900,"date":"2022-01-03T12:31:50","date_gmt":"2022-01-03T11:31:50","guid":{"rendered":"https:\/\/euprevent.eu\/?page_id=16900"},"modified":"2022-01-18T13:42:38","modified_gmt":"2022-01-18T12:42:38","slug":"geschichte","status":"publish","type":"page","link":"https:\/\/euprevent.eu\/de\/ueber-euprevent\/netzwerk\/geschichte\/","title":{"rendered":"Geschichte"},"content":{"rendered":"<section class=\"wpb-content-wrapper\"><p>[vc_row][vc_column][vc_column_text]<\/p>\n<h1>Geschichte<\/h1>\n<p>[\/vc_column_text][\/vc_column][\/vc_row][vc_row el_class=&#8220;text-center&#8220;][vc_column el_class=&#8220;timeline-new&#8220; css=&#8220;.vc_custom_1632835832259{padding-top: 50px !important;padding-bottom: 50px !important;}&#8220;][vc_column_text]<\/p>\n<p style=\"text-align: center;\">Sehen Sie sich alle Aktivit\u00e4ten von 2001 bis heute auf der Zeitachse an.<\/p>\n<p>[\/vc_column_text][vc_btn title=&#8220;Unsere Zeitleiste anzeigen&#8220; color=&#8220;primary&#8220; align=&#8220;center&#8220; link=&#8220;url:https%3A%2F%2Feuprevent.eu%2Ftimeblock%2F|||&#8220;][\/vc_column][\/vc_row][vc_row][vc_column][vc_column_text]<\/p>\n<h2>Wie alles begann<\/h2>\n<p>Um das Jahr 2000 hatten Fachleute f\u00fcr Gesundheitspr\u00e4vention den Eindruck, dass Jugendliche und Heranwachsende aus der Euregio Maas-Rhein (EMR) mehr Alkohol und Drogen konsumierten als fr\u00fcher. Dieser Konsum fand zum Teil in den Nachbarl\u00e4ndern statt, da junge Menschen in ihrer Freizeit zunehmend die Grenzen \u00fcberschritten. 18 Organisationen aus der EMR beschlossen, dieses Verhalten zu untersuchen und gemeinsam zu bek\u00e4mpfen.<\/p>\n<h2>Vom Projekt zur strukturellen Zusammenarbeit<\/h2>\n<p>Diese Zusammenarbeit im Projekt Risikoverhalten bei Jugendlichen, das 2001 begann, ist die Grundlage f\u00fcr die Weiterentwicklung von euPrevent. Die damaligen Partner arbeiten noch immer im Rahmen des Programms &#8222;Sucht&#8220; zusammen.<\/p>\n<p>Das euregionale Netz wurde weiter ausgebaut, auch zu anderen Gesundheitsthemen. Dies f\u00fchrte zum Start von zwei neuen Projekten in den Jahren 2008 und 2009, die die Grundlage f\u00fcr die Programme \u00dcbergewicht und Infektionskrankheiten bildeten.<\/p>\n<h2>euPrevent Stiftung<\/h2>\n<p>Das explosionsartige Wachstum des Netzes machte eine nachhaltige Form der Unterst\u00fctzung erforderlich. Die euPrevent Stiftung wurde 2010 gegr\u00fcndet und seit 2015 werden die Partner auch von der euPrevent Gesch\u00e4ftsstelle unterst\u00fctzt.[\/vc_column_text][\/vc_column][\/vc_row]<\/p>\n<\/section>","protected":false},"excerpt":{"rendered":"<p>[vc_row][vc_column][vc_column_text] Geschichte [\/vc_column_text][\/vc_column][\/vc_row][vc_row el_class=&#8220;text-center&#8220;][vc_column el_class=&#8220;timeline-new&#8220; css=&#8220;.vc_custom_1632835832259{padding-top: 50px !important;padding-bottom: 50px !important;}&#8220;][vc_column_text] Sehen Sie sich alle Aktivit\u00e4ten von 2001 bis heute auf der Zeitachse an. [\/vc_column_text][vc_btn title=&#8220;Unsere Zeitleiste anzeigen&#8220; color=&#8220;primary&#8220; align=&#8220;center&#8220; link=&#8220;url:https%3A%2F%2Feuprevent.eu%2Ftimeblock%2F|||&#8220;][\/vc_column][\/vc_row][vc_row][vc_column][vc_column_text] Wie alles begann Um das Jahr 2000 hatten Fachleute f\u00fcr Gesundheitspr\u00e4vention den Eindruck, dass Jugendliche und Heranwachsende aus der Euregio Maas-Rhein (EMR) mehr Alkohol und [&hellip;]<\/p>\n","protected":false},"author":3,"featured_media":0,"parent":16978,"menu_order":0,"comment_status":"closed","ping_status":"closed","template":"page-with-about-menu.php","meta":{"_acf_changed":false,"footnotes":""},"class_list":["post-16900","page","type-page","status-publish","hentry"],"acf":[],"yoast_head":"<!-- This site is optimized with the Yoast SEO plugin v27.5 - https:\/\/yoast.com\/product\/yoast-seo-wordpress\/ -->\n<title>Geschichte - euPrevent<\/title>\n<meta name=\"robots\" content=\"noindex, nofollow\" \/>\n<meta property=\"og:locale\" content=\"de_DE\" \/>\n<meta property=\"og:type\" content=\"article\" \/>\n<meta property=\"og:title\" content=\"Geschichte - euPrevent\" \/>\n<meta property=\"og:description\" content=\"[vc_row][vc_column][vc_column_text] Geschichte [\/vc_column_text][\/vc_column][\/vc_row][vc_row el_class=&#8220;text-center&#8220;][vc_column el_class=&#8220;timeline-new&#8220; css=&#8220;.vc_custom_1632835832259{padding-top: 50px !important;padding-bottom: 50px !important;}&#8220;][vc_column_text] Sehen Sie sich alle Aktivit\u00e4ten von 2001 bis heute auf der Zeitachse an. [\/vc_column_text][vc_btn title=&#8220;Unsere Zeitleiste anzeigen&#8220; color=&#8220;primary&#8220; align=&#8220;center&#8220; link=&#8220;url:https%3A%2F%2Feuprevent.eu%2Ftimeblock%2F|||&#8220;][\/vc_column][\/vc_row][vc_row][vc_column][vc_column_text] Wie alles begann Um das Jahr 2000 hatten Fachleute f\u00fcr Gesundheitspr\u00e4vention den Eindruck, dass Jugendliche und Heranwachsende aus der Euregio Maas-Rhein (EMR) mehr Alkohol und [&hellip;]\" \/>\n<meta property=\"og:url\" content=\"https:\/\/euprevent.eu\/de\/ueber-euprevent\/netzwerk\/geschichte\/\" \/>\n<meta property=\"og:site_name\" content=\"euPrevent\" \/>\n<meta property=\"article:modified_time\" content=\"2022-01-18T12:42:38+00:00\" \/>\n<meta name=\"twitter:card\" content=\"summary_large_image\" \/>\n<meta name=\"twitter:label1\" content=\"Gesch\u00e4tzte Lesezeit\" \/>\n\t<meta name=\"twitter:data1\" content=\"1\u00a0Minute\" \/>\n<script type=\"application\/ld+json\" class=\"yoast-schema-graph\">{\"@context\":\"https:\\\/\\\/schema.org\",\"@graph\":[{\"@type\":\"WebPage\",\"@id\":\"https:\\\/\\\/euprevent.eu\\\/de\\\/ueber-euprevent\\\/netzwerk\\\/geschichte\\\/\",\"url\":\"https:\\\/\\\/euprevent.eu\\\/de\\\/ueber-euprevent\\\/netzwerk\\\/geschichte\\\/\",\"name\":\"Geschichte - euPrevent\",\"isPartOf\":{\"@id\":\"https:\\\/\\\/euprevent.eu\\\/de\\\/#website\"},\"datePublished\":\"2022-01-03T11:31:50+00:00\",\"dateModified\":\"2022-01-18T12:42:38+00:00\",\"breadcrumb\":{\"@id\":\"https:\\\/\\\/euprevent.eu\\\/de\\\/ueber-euprevent\\\/netzwerk\\\/geschichte\\\/#breadcrumb\"},\"inLanguage\":\"de\",\"potentialAction\":[{\"@type\":\"ReadAction\",\"target\":[\"https:\\\/\\\/euprevent.eu\\\/de\\\/ueber-euprevent\\\/netzwerk\\\/geschichte\\\/\"]}]},{\"@type\":\"BreadcrumbList\",\"@id\":\"https:\\\/\\\/euprevent.eu\\\/de\\\/ueber-euprevent\\\/netzwerk\\\/geschichte\\\/#breadcrumb\",\"itemListElement\":[{\"@type\":\"ListItem\",\"position\":1,\"name\":\"Home\",\"item\":\"https:\\\/\\\/euprevent.eu\\\/de\\\/\"},{\"@type\":\"ListItem\",\"position\":2,\"name\":\"\u00dcber euPrevent\",\"item\":\"https:\\\/\\\/euprevent.eu\\\/de\\\/ueber-euprevent\\\/\"},{\"@type\":\"ListItem\",\"position\":3,\"name\":\"Netzwerk\",\"item\":\"https:\\\/\\\/euprevent.eu\\\/de\\\/ueber-euprevent\\\/netzwerk\\\/\"},{\"@type\":\"ListItem\",\"position\":4,\"name\":\"Geschichte\"}]},{\"@type\":\"WebSite\",\"@id\":\"https:\\\/\\\/euprevent.eu\\\/de\\\/#website\",\"url\":\"https:\\\/\\\/euprevent.eu\\\/de\\\/\",\"name\":\"euPrevent\",\"description\":\"euPrevent is a Euroregional network that focuses on promoting health. Within this network, sustainable partnerships seek to increase the quality of life of residents in the border region between the Netherlands, Belgium and Germany.\",\"potentialAction\":[{\"@type\":\"SearchAction\",\"target\":{\"@type\":\"EntryPoint\",\"urlTemplate\":\"https:\\\/\\\/euprevent.eu\\\/de\\\/?s={search_term_string}\"},\"query-input\":{\"@type\":\"PropertyValueSpecification\",\"valueRequired\":true,\"valueName\":\"search_term_string\"}}],\"inLanguage\":\"de\"}]}<\/script>\n<!-- \/ Yoast SEO plugin. -->","yoast_head_json":{"title":"Geschichte - euPrevent","robots":{"index":"noindex","follow":"nofollow"},"og_locale":"de_DE","og_type":"article","og_title":"Geschichte - euPrevent","og_description":"[vc_row][vc_column][vc_column_text] Geschichte [\/vc_column_text][\/vc_column][\/vc_row][vc_row el_class=&#8220;text-center&#8220;][vc_column el_class=&#8220;timeline-new&#8220; css=&#8220;.vc_custom_1632835832259{padding-top: 50px !important;padding-bottom: 50px !important;}&#8220;][vc_column_text] Sehen Sie sich alle Aktivit\u00e4ten von 2001 bis heute auf der Zeitachse an. [\/vc_column_text][vc_btn title=&#8220;Unsere Zeitleiste anzeigen&#8220; color=&#8220;primary&#8220; align=&#8220;center&#8220; link=&#8220;url:https%3A%2F%2Feuprevent.eu%2Ftimeblock%2F|||&#8220;][\/vc_column][\/vc_row][vc_row][vc_column][vc_column_text] Wie alles begann Um das Jahr 2000 hatten Fachleute f\u00fcr Gesundheitspr\u00e4vention den Eindruck, dass Jugendliche und Heranwachsende aus der Euregio Maas-Rhein (EMR) mehr Alkohol und [&hellip;]","og_url":"https:\/\/euprevent.eu\/de\/ueber-euprevent\/netzwerk\/geschichte\/","og_site_name":"euPrevent","article_modified_time":"2022-01-18T12:42:38+00:00","twitter_card":"summary_large_image","twitter_misc":{"Gesch\u00e4tzte Lesezeit":"1\u00a0Minute"},"schema":{"@context":"https:\/\/schema.org","@graph":[{"@type":"WebPage","@id":"https:\/\/euprevent.eu\/de\/ueber-euprevent\/netzwerk\/geschichte\/","url":"https:\/\/euprevent.eu\/de\/ueber-euprevent\/netzwerk\/geschichte\/","name":"Geschichte - euPrevent","isPartOf":{"@id":"https:\/\/euprevent.eu\/de\/#website"},"datePublished":"2022-01-03T11:31:50+00:00","dateModified":"2022-01-18T12:42:38+00:00","breadcrumb":{"@id":"https:\/\/euprevent.eu\/de\/ueber-euprevent\/netzwerk\/geschichte\/#breadcrumb"},"inLanguage":"de","potentialAction":[{"@type":"ReadAction","target":["https:\/\/euprevent.eu\/de\/ueber-euprevent\/netzwerk\/geschichte\/"]}]},{"@type":"BreadcrumbList","@id":"https:\/\/euprevent.eu\/de\/ueber-euprevent\/netzwerk\/geschichte\/#breadcrumb","itemListElement":[{"@type":"ListItem","position":1,"name":"Home","item":"https:\/\/euprevent.eu\/de\/"},{"@type":"ListItem","position":2,"name":"\u00dcber euPrevent","item":"https:\/\/euprevent.eu\/de\/ueber-euprevent\/"},{"@type":"ListItem","position":3,"name":"Netzwerk","item":"https:\/\/euprevent.eu\/de\/ueber-euprevent\/netzwerk\/"},{"@type":"ListItem","position":4,"name":"Geschichte"}]},{"@type":"WebSite","@id":"https:\/\/euprevent.eu\/de\/#website","url":"https:\/\/euprevent.eu\/de\/","name":"euPrevent","description":"euPrevent is a Euroregional network that focuses on promoting health. Within this network, sustainable partnerships seek to increase the quality of life of residents in the border region between the Netherlands, Belgium and Germany.","potentialAction":[{"@type":"SearchAction","target":{"@type":"EntryPoint","urlTemplate":"https:\/\/euprevent.eu\/de\/?s={search_term_string}"},"query-input":{"@type":"PropertyValueSpecification","valueRequired":true,"valueName":"search_term_string"}}],"inLanguage":"de"}]}},"_links":{"self":[{"href":"https:\/\/euprevent.eu\/de\/wp-json\/wp\/v2\/pages\/16900","targetHints":{"allow":["GET"]}}],"collection":[{"href":"https:\/\/euprevent.eu\/de\/wp-json\/wp\/v2\/pages"}],"about":[{"href":"https:\/\/euprevent.eu\/de\/wp-json\/wp\/v2\/types\/page"}],"author":[{"embeddable":true,"href":"https:\/\/euprevent.eu\/de\/wp-json\/wp\/v2\/users\/3"}],"replies":[{"embeddable":true,"href":"https:\/\/euprevent.eu\/de\/wp-json\/wp\/v2\/comments?post=16900"}],"version-history":[{"count":3,"href":"https:\/\/euprevent.eu\/de\/wp-json\/wp\/v2\/pages\/16900\/revisions"}],"predecessor-version":[{"id":17201,"href":"https:\/\/euprevent.eu\/de\/wp-json\/wp\/v2\/pages\/16900\/revisions\/17201"}],"up":[{"embeddable":true,"href":"https:\/\/euprevent.eu\/de\/wp-json\/wp\/v2\/pages\/16978"}],"wp:attachment":[{"href":"https:\/\/euprevent.eu\/de\/wp-json\/wp\/v2\/media?parent=16900"}],"curies":[{"name":"wp","href":"https:\/\/api.w.org\/{rel}","templated":true}]}}