


{"id":14649,"date":"2021-04-29T15:40:32","date_gmt":"2021-04-29T15:40:32","guid":{"rendered":"https:\/\/euprevent.eu\/?page_id=14649"},"modified":"2023-07-13T14:23:49","modified_gmt":"2023-07-13T13:23:49","slug":"b-solutions","status":"publish","type":"page","link":"https:\/\/euprevent.eu\/de\/b-solutions\/","title":{"rendered":"b-solutions"},"content":{"rendered":"<section class=\"wpb-content-wrapper\"><p>[vc_row][vc_column][vc_column_text]<\/p>\n<h1>b-solutions<\/h1>\n<p>Die COVID-19-Pandemie hat gezeigt, dass eine rechtzeitigebesser: zeitnahe Reaktion unerl\u00e4sslich ist. Die Unterschiede in der nationalen Umsetzung der Datenschutz-Grundverordnung (DSGVO) zwischen den Mitgliedsstaaten und die (fehlende) andere nationale oder bilaterale Gesetzgebung verhindern, dass die f\u00fcr die Verarbeitung Verantwortlichen (wie in der DSGVO definiert), die sich in verschiedenen Mitgliedsstaaten befinden, tats\u00e4chlich gemeinsam die Kontrolle \u00fcber die Kontaktdaten der B\u00fcrger haben k\u00f6nnen (rechtlich, nicht einmal praktisch). Dieses Projekt zielt daher darauf ab, das Hindernis bei der Anwendung der DSGVO und der nationalen Gesetzgebung in der grenz\u00fcberschreitenden Zusammenarbeit im Gesundheitswesen zu beseitigen.[\/vc_column_text][\/vc_column][\/vc_row][vc_row gap=&#8220;25&#8243; content_placement=&#8220;middle&#8220;][vc_column width=&#8220;1\/2&#8243; css=&#8220;.vc_custom_1593440590006{margin-bottom: 25px !important;padding-top: 25px !important;background-color: #ededed !important;border-radius: 5px !important;}&#8220;][vc_column_text css=&#8220;.vc_custom_1619710768782{margin-bottom: 5px !important;padding-bottom: 5px !important;}&#8220;]<\/p>\n<h3>Projektrahmen<\/h3>\n<p><strong>Zielgruppe<\/strong>: Netzwerkpartner<br \/>\n<strong>Zeitraum<\/strong>: 16. April 2021 &#8211; 30. Juni 2021[\/vc_column_text][vc_btn title=&#8220;Partners&#8220; color=&#8220;primary&#8220; size=&#8220;sm&#8220; link=&#8220;url:%2Fpartner%2F%3Fprojects%3Db-solutions&#8220;][\/vc_column][vc_column width=&#8220;1\/2&#8243;][vc_single_image image=&#8220;14603&#8243; img_size=&#8220;full&#8220; alignment=&#8220;center&#8220;][\/vc_column][\/vc_row][vc_row][vc_column][vc_column_text]<\/p>\n<h2>Hintergrund des Projekts<\/h2>\n<p>euPrevent wurde eingeladen, sich f\u00fcr den vierten Aufruf zur Einreichung von Vorschl\u00e4gen im Rahmen der b-solutions Initiative zu bewerben. Das allgemeine Ziel von b-solutions ist es, nachhaltige Methoden zur L\u00f6sung von Grenzhindernissen rechtlicher und\/oder administrativer Natur entlang der EU-Binnenlandgrenzen zu identifizieren und zu f\u00f6rdern.<\/p>\n<p>Der Vorschlag von euPrevent, zusammen mit GGD Zuid Limburg (NL) und Sciensano (BE), beinhaltet die Einholung von Rat \u00a0von Rechtsexperten mit Kenntnissen \u00fcber grenz\u00fcberschreitende Instanzen. streiche zugewiesen. In Zusammenhang mit diesem Projekt warden wir die \u00a0Unterst\u00fctzung eines\u00a0 Rechtsexperten \u00fcber das derzeitige Hindernis der Anwendung der GDPR und der nationalen Gesetzgebung in der grenz\u00fcberschreitenden Zusammenarbeit im Gesundheitswesen erhalten.<\/p>\n<p>euPrevent erkennt an, dass die Datenschutz-Grundverordnung ein gutes Instrument ist, das die Privatsph\u00e4re der europ\u00e4ischen B\u00fcrger in verschiedenen Bereichen, wie z. B. im Gesundheitswesen, sch\u00fctzt. Gleichzeitig sehen sich Organisationen des \u00f6ffentlichen Gesundheitswesens, einschlie\u00dflich der Beh\u00f6rden, im Rahmen der grenz\u00fcberschreitenden Zusammenarbeit h\u00e4ufig mit gro\u00dfen Schwierigkeiten bei der Angleichung der nationalen Rechtsvorschriften zur Umsetzung der DSGVO in den einzelnen Mitgliedstaaten konfrontiert. Das erschwert die erfolgreiche Durchf\u00fchrung von Projekten, die auf die Verbesserung von Gesundheit und Wohlbefinden in diesen Grenzregionen abzielen.<\/p>\n<p>Genaue Daten bieten eine solide Grundlage f\u00fcr die Herausgabe von Leitlinien, wie man am besten auf die COVID-19-Pandemie oder zuk\u00fcnftigen anderen Pandemien und Herausforderungen reagieren kann. Derzeit fehlen uns vergleichbare Daten \u00fcber die Pr\u00e4valenz von COVID-19 und pr\u00e4ventive Verhaltensweisen (z. B. soziale Distanzierung). Ein besseres Verst\u00e4ndnis der aktuellen Situation auf der Grundlage dieser Daten wird Aufschluss \u00fcber unsere n\u00e4chsten Schritte zur Eind\u00e4mmung der Auswirkungen von COVID-19 geben. Au\u00dferdem wird es einen wichtigen Einblick in die Auswirkungen von COVID-19 in einer Euroregion geben.<\/p>\n<p>Die Unterschiede in der nationalen Umsetzung der DSGVO (z. B. in Belgien das Gesetz vom 30. Juli 2018) zwischen besser: in \u00a0den Mitgliedsstaaten und die (fehlende) andere nationale oder bilaterale Gesetzgebung verhindern, dass diestreiche:gemeinsame f\u00fcr die Verarbeitung Verantwortlichen (wie in der DSGVO definiert), die sich in verschiedenen Mitgliedsstaaten befinden, tats\u00e4chlich gemeinsam die Kontrolle \u00fcber die Kontaktdaten der B\u00fcrger haben k\u00f6nnen (rechtlich, nicht einmal praktisch). Deshalb standen und stehen wir bei den COVID-Projekten, die wir in den Grenzregionen (Belgien, Deutschland und den Niederlanden) durchf\u00fchren, vor einigen Herausforderungen.<\/p>\n<p>[\/vc_column_text][\/vc_column][\/vc_row][vc_row][vc_column][vc_column_text]<\/p>\n<h2>Schwerpunkt des Projekts<\/h2>\n<p>Im Mittelpunkt des Projekts steht die Unterst\u00fctzung durch einen Rechtsexperten mit Kenntnissen \u00fcber grenz\u00fcberschreitende Instanzen. Die Beratung durch den Experten zielt darauf ab, Unterst\u00fctzung bei der klaren und systematischen Definition des Hindernisses sowie bei der Identifizierung einer m\u00f6glichen L\u00f6sung zu gew\u00e4hren und den rechtlichen Rahmen zu skizzieren, von dem aus vorgegangen werden kann.<\/p>\n<p>Mit der Beseitigung des vorgeschlagenen Hindernisses w\u00e4re es f\u00fcr Partner in der EMR und anderen grenz\u00fcberschreitenden Regionen einfacher, bei der Bew\u00e4ltigung \u00e4hnlicher und zuk\u00fcnftiger Herausforderungen im Bereich der \u00f6ffentlichen Gesundheit zusammenzuarbeiten, da sie wissen w\u00fcrden, wie sie in \u00dcbereinstimmung mit der DSGVO handeln und gleichzeitig zu Projekten beitragen k\u00f6nnen. Dies w\u00fcrde ihnen die M\u00f6glichkeit geben, die Gesundheit der B\u00fcrger und damit die Wirtschaft in der Region nachhaltig zu verbessern. Dies wird auch einen wichtigen Effekt auf andere Grenzregionen mit \u00e4hnlichen Problemen und Herausforderungen haben.<\/p>\n<p>[\/vc_column_text][\/vc_column][\/vc_row][vc_row][vc_column][vc_column_text]<\/p>\n<h2>Finanzierung<\/h2>\n<p>b-solutions ist eine auf vier Jahre angelegte Pilotinitiative, die von der GD REGIO der Europ\u00e4ischen Kommission als eine der in der genannten Mitteilung &#8222;F\u00f6rderung von Wachstum und Koh\u00e4sion in den Grenzregionen der EU&#8220; vorgeschlagenen Ma\u00dfnahmen gef\u00f6rdert wird. Die Arbeitsgemeinschaft Europ\u00e4ischer Grenzregionen (AGEG) leitet die Initiative seit Dezember 2017. b-solutions wird mit technischer Unterst\u00fctzung des Europ\u00e4ischen Fonds f\u00fcr regionale Entwicklung finanziert.[\/vc_column_text][\/vc_column][\/vc_row][vc_row][vc_column][vc_column_text]        <div class=\"clearfix\"><\/div>\n\n        <h2>Publikationen<\/h2>\n        <div class=\"expandable-wrapper\">\n            <ul class=\"list-publications list-publications-month list-group  \">\n                                    <li class=\"list-group-item\">\n                        <a href=\"https:\/\/euprevent.eu\/wp-content\/uploads\/2022\/05\/Report-b-solutions-euPrevent-GDPR.pdf\" target=\"_blank\">\n                            <div class=\"row vcenter\">\n                                <div class=\"col-img col-xs-1 text-center\"><img decoding=\"async\"\n                                            src=\"https:\/\/euprevent.eu\/wp-content\/uploads\/2022\/05\/b-solutions.png\"\/>\n                                <\/div>\n                                <div class=\"col-xs-10\">\n                                    <div class=\"publication-title\">Report b-solutions euPrevent GDPR (EN)<\/div>\n                                <\/div>\n                                <div class=\"col-xs-1\">\n                                                                            <span class=\"label label-light\"><i\n                                                    class=\"fa fa-download\"><\/i><\/span>\n                                                                        <\/div>\n                            <\/div>\n                        <\/a>\n                    <\/li>\n                    \n            <\/ul>\n                    <\/div>\n\n        [\/vc_column_text][\/vc_column][\/vc_row]<\/p>\n<\/section>","protected":false},"excerpt":{"rendered":"<p>[vc_row][vc_column][vc_column_text] b-solutions Die COVID-19-Pandemie hat gezeigt, dass eine rechtzeitigebesser: zeitnahe Reaktion unerl\u00e4sslich ist. Die Unterschiede in der nationalen Umsetzung der Datenschutz-Grundverordnung (DSGVO) zwischen den Mitgliedsstaaten und die (fehlende) andere nationale oder bilaterale Gesetzgebung verhindern, dass die f\u00fcr die Verarbeitung Verantwortlichen (wie in der DSGVO definiert), die sich in verschiedenen Mitgliedsstaaten befinden, tats\u00e4chlich gemeinsam die Kontrolle [&hellip;]<\/p>\n","protected":false},"author":3,"featured_media":0,"parent":0,"menu_order":0,"comment_status":"closed","ping_status":"closed","template":"","meta":{"_acf_changed":false,"footnotes":""},"class_list":["post-14649","page","type-page","status-publish","hentry","programmes-crossing-programmes"],"acf":[],"yoast_head":"<!-- This site is optimized with the Yoast SEO plugin v26.8 - https:\/\/yoast.com\/product\/yoast-seo-wordpress\/ -->\n<title>b-solutions - euPrevent<\/title>\n<meta name=\"robots\" content=\"index, follow, max-snippet:-1, max-image-preview:large, max-video-preview:-1\" \/>\n<link rel=\"canonical\" href=\"https:\/\/euprevent.eu\/de\/b-solutions\/\" \/>\n<meta property=\"og:locale\" content=\"de_DE\" \/>\n<meta property=\"og:type\" content=\"article\" \/>\n<meta property=\"og:title\" content=\"b-solutions - euPrevent\" \/>\n<meta property=\"og:description\" content=\"[vc_row][vc_column][vc_column_text] b-solutions Die COVID-19-Pandemie hat gezeigt, dass eine rechtzeitigebesser: zeitnahe Reaktion unerl\u00e4sslich ist. Die Unterschiede in der nationalen Umsetzung der Datenschutz-Grundverordnung (DSGVO) zwischen den Mitgliedsstaaten und die (fehlende) andere nationale oder bilaterale Gesetzgebung verhindern, dass die f\u00fcr die Verarbeitung Verantwortlichen (wie in der DSGVO definiert), die sich in verschiedenen Mitgliedsstaaten befinden, tats\u00e4chlich gemeinsam die Kontrolle [&hellip;]\" \/>\n<meta property=\"og:url\" content=\"https:\/\/euprevent.eu\/de\/b-solutions\/\" \/>\n<meta property=\"og:site_name\" content=\"euPrevent\" \/>\n<meta property=\"article:modified_time\" content=\"2023-07-13T13:23:49+00:00\" \/>\n<meta name=\"twitter:card\" content=\"summary_large_image\" \/>\n<meta name=\"twitter:label1\" content=\"Gesch\u00e4tzte Lesezeit\" \/>\n\t<meta name=\"twitter:data1\" content=\"3\u00a0Minuten\" \/>\n<script type=\"application\/ld+json\" class=\"yoast-schema-graph\">{\"@context\":\"https:\/\/schema.org\",\"@graph\":[{\"@type\":\"WebPage\",\"@id\":\"https:\/\/euprevent.eu\/de\/b-solutions\/\",\"url\":\"https:\/\/euprevent.eu\/de\/b-solutions\/\",\"name\":\"b-solutions - euPrevent\",\"isPartOf\":{\"@id\":\"https:\/\/euprevent.eu\/de\/#website\"},\"datePublished\":\"2021-04-29T15:40:32+00:00\",\"dateModified\":\"2023-07-13T13:23:49+00:00\",\"breadcrumb\":{\"@id\":\"https:\/\/euprevent.eu\/de\/b-solutions\/#breadcrumb\"},\"inLanguage\":\"de\",\"potentialAction\":[{\"@type\":\"ReadAction\",\"target\":[\"https:\/\/euprevent.eu\/de\/b-solutions\/\"]}]},{\"@type\":\"BreadcrumbList\",\"@id\":\"https:\/\/euprevent.eu\/de\/b-solutions\/#breadcrumb\",\"itemListElement\":[{\"@type\":\"ListItem\",\"position\":1,\"name\":\"Home\",\"item\":\"https:\/\/euprevent.eu\/de\/\"},{\"@type\":\"ListItem\",\"position\":2,\"name\":\"b-solutions\"}]},{\"@type\":\"WebSite\",\"@id\":\"https:\/\/euprevent.eu\/de\/#website\",\"url\":\"https:\/\/euprevent.eu\/de\/\",\"name\":\"euPrevent\",\"description\":\"euPrevent is a Euroregional network that focuses on promoting health. Within this network, sustainable partnerships seek to increase the quality of life of residents in the border region between the Netherlands, Belgium and Germany.\",\"potentialAction\":[{\"@type\":\"SearchAction\",\"target\":{\"@type\":\"EntryPoint\",\"urlTemplate\":\"https:\/\/euprevent.eu\/de\/?s={search_term_string}\"},\"query-input\":{\"@type\":\"PropertyValueSpecification\",\"valueRequired\":true,\"valueName\":\"search_term_string\"}}],\"inLanguage\":\"de\"}]}<\/script>\n<!-- \/ Yoast SEO plugin. -->","yoast_head_json":{"title":"b-solutions - euPrevent","robots":{"index":"index","follow":"follow","max-snippet":"max-snippet:-1","max-image-preview":"max-image-preview:large","max-video-preview":"max-video-preview:-1"},"canonical":"https:\/\/euprevent.eu\/de\/b-solutions\/","og_locale":"de_DE","og_type":"article","og_title":"b-solutions - euPrevent","og_description":"[vc_row][vc_column][vc_column_text] b-solutions Die COVID-19-Pandemie hat gezeigt, dass eine rechtzeitigebesser: zeitnahe Reaktion unerl\u00e4sslich ist. Die Unterschiede in der nationalen Umsetzung der Datenschutz-Grundverordnung (DSGVO) zwischen den Mitgliedsstaaten und die (fehlende) andere nationale oder bilaterale Gesetzgebung verhindern, dass die f\u00fcr die Verarbeitung Verantwortlichen (wie in der DSGVO definiert), die sich in verschiedenen Mitgliedsstaaten befinden, tats\u00e4chlich gemeinsam die Kontrolle [&hellip;]","og_url":"https:\/\/euprevent.eu\/de\/b-solutions\/","og_site_name":"euPrevent","article_modified_time":"2023-07-13T13:23:49+00:00","twitter_card":"summary_large_image","twitter_misc":{"Gesch\u00e4tzte Lesezeit":"3\u00a0Minuten"},"schema":{"@context":"https:\/\/schema.org","@graph":[{"@type":"WebPage","@id":"https:\/\/euprevent.eu\/de\/b-solutions\/","url":"https:\/\/euprevent.eu\/de\/b-solutions\/","name":"b-solutions - euPrevent","isPartOf":{"@id":"https:\/\/euprevent.eu\/de\/#website"},"datePublished":"2021-04-29T15:40:32+00:00","dateModified":"2023-07-13T13:23:49+00:00","breadcrumb":{"@id":"https:\/\/euprevent.eu\/de\/b-solutions\/#breadcrumb"},"inLanguage":"de","potentialAction":[{"@type":"ReadAction","target":["https:\/\/euprevent.eu\/de\/b-solutions\/"]}]},{"@type":"BreadcrumbList","@id":"https:\/\/euprevent.eu\/de\/b-solutions\/#breadcrumb","itemListElement":[{"@type":"ListItem","position":1,"name":"Home","item":"https:\/\/euprevent.eu\/de\/"},{"@type":"ListItem","position":2,"name":"b-solutions"}]},{"@type":"WebSite","@id":"https:\/\/euprevent.eu\/de\/#website","url":"https:\/\/euprevent.eu\/de\/","name":"euPrevent","description":"euPrevent is a Euroregional network that focuses on promoting health. Within this network, sustainable partnerships seek to increase the quality of life of residents in the border region between the Netherlands, Belgium and Germany.","potentialAction":[{"@type":"SearchAction","target":{"@type":"EntryPoint","urlTemplate":"https:\/\/euprevent.eu\/de\/?s={search_term_string}"},"query-input":{"@type":"PropertyValueSpecification","valueRequired":true,"valueName":"search_term_string"}}],"inLanguage":"de"}]}},"_links":{"self":[{"href":"https:\/\/euprevent.eu\/de\/wp-json\/wp\/v2\/pages\/14649","targetHints":{"allow":["GET"]}}],"collection":[{"href":"https:\/\/euprevent.eu\/de\/wp-json\/wp\/v2\/pages"}],"about":[{"href":"https:\/\/euprevent.eu\/de\/wp-json\/wp\/v2\/types\/page"}],"author":[{"embeddable":true,"href":"https:\/\/euprevent.eu\/de\/wp-json\/wp\/v2\/users\/3"}],"replies":[{"embeddable":true,"href":"https:\/\/euprevent.eu\/de\/wp-json\/wp\/v2\/comments?post=14649"}],"version-history":[{"count":3,"href":"https:\/\/euprevent.eu\/de\/wp-json\/wp\/v2\/pages\/14649\/revisions"}],"predecessor-version":[{"id":20943,"href":"https:\/\/euprevent.eu\/de\/wp-json\/wp\/v2\/pages\/14649\/revisions\/20943"}],"wp:attachment":[{"href":"https:\/\/euprevent.eu\/de\/wp-json\/wp\/v2\/media?parent=14649"}],"curies":[{"name":"wp","href":"https:\/\/api.w.org\/{rel}","templated":true}]}}