


{"id":13010,"date":"2020-06-29T14:56:10","date_gmt":"2020-06-29T14:56:10","guid":{"rendered":"https:\/\/euprevent.eu\/?page_id=13010"},"modified":"2022-05-02T09:45:04","modified_gmt":"2022-05-02T08:45:04","slug":"she","status":"publish","type":"page","link":"https:\/\/euprevent.eu\/de\/she\/","title":{"rendered":"Project Sustainable Healthy ERMN"},"content":{"rendered":"<section class=\"wpb-content-wrapper\"><p>[vc_row][vc_column][vc_column_text]<\/p>\n<h1>Sustainable Healthy ERMN (SHE)<\/h1>\n<p>Eine starke Grenzregion steht in der Verantwortung f\u00fcr die Gesundheit ihrer B\u00fcrgerinnen und B\u00fcrger. Eine starke Grenzregion braucht gesunde B\u00fcrger. Ziel dieses Projekts ist der Aufbau eines strukturellen Kooperationsnetzwerks der \u00f6ffentlichen Gesundheitsdienste in der Euroregion Rhein-Maas-Nord (ERMN) zur St\u00e4rkung der Pr\u00e4ventionsarbeit, des Wissensaustauschs und der Verzahnung und Erweiterung der Zusammenarbeit im Feld der \u00f6ffentlichen Gesundheit.[\/vc_column_text][\/vc_column][\/vc_row][vc_row gap=&#8220;25&#8243; content_placement=&#8220;middle&#8220;][vc_column width=&#8220;1\/2&#8243; css=&#8220;.vc_custom_1593440590006{margin-bottom: 25px !important;padding-top: 25px !important;background-color: #ededed !important;border-radius: 5px !important;}&#8220;][vc_column_text css=&#8220;.vc_custom_1651481009600{margin-bottom: 5px !important;padding-bottom: 5px !important;}&#8220;]<\/p>\n<h3>Rahmen des Projekts<\/h3>\n<p><strong>Die Zielgruppe<\/strong>: ERMN-B\u00fcrger, teilnehmende Institutionen aus dem \u00f6ffentlichen Gesundheitsdienst und ihre Netzwerkpartner<br \/>\n<strong>Zeitraum<\/strong>: 1. Juli 2020 &#8211; 31. Dezember 2022[\/vc_column_text][vc_btn title=&#8220;Finanzierung&#8220; color=&#8220;primary&#8220; size=&#8220;sm&#8220; link=&#8220;url:https%3A%2F%2Feuprevent.eu%2Fde%2Ffinanzierung-projekt-she%2F|||&#8220;][vc_btn title=&#8220;Partners&#8220; color=&#8220;primary&#8220; size=&#8220;sm&#8220; link=&#8220;url:%2Fpartner%2F%3Fprojects%3DProject-SHE|||&#8220;][\/vc_column][vc_column width=&#8220;1\/2&#8243;][vc_single_image image=&#8220;12996&#8243; img_size=&#8220;full&#8220; alignment=&#8220;center&#8220; onclick=&#8220;custom_link&#8220; css=&#8220;.vc_custom_1593509277862{padding-right: 35px !important;padding-left: 35px !important;}&#8220; link=&#8220;https:\/\/www.deutschland-nederland.eu\/&#8220;][\/vc_column][\/vc_row][vc_row][vc_column][vc_column_text]<\/p>\n<h2>Hintergrund des Projekts<\/h2>\n<p>Die Provinz Limburg hat die Initiative ergriffen und die Stiftung euPrevent gebeten, einen Implementierungsplan mit Vorschl\u00e4gen f\u00fcr Schwerpunktthemen auszuarbeiten. Nach vielen Gespr\u00e4chen mit Interessenvertretern aus Limburg und Deutschland, einschlie\u00dflich der ERMN, hat die Provinz Limburg beschlossen, euPrevent vor\u00fcbergehend als euregionalen Wissensvermittler zu ernennen und zu bitten, ein strukturelles euregionales Netzwerk im Bereich der \u00f6ffentlichen Gesundheit im Arbeitsbereich der ERMN einzurichten. Da dies den W\u00fcnschen der Organisationen des \u00f6ffentlichen Gesundheitswesens entsprach, kam es zu diesem Interreg-Projekt.[\/vc_column_text][\/vc_column][\/vc_row][vc_row][vc_column][vc_column_text]<\/p>\n<h2>Schwerpunkt des Projekts<\/h2>\n<p>Der Schwerpunkt des Projekts liegt darauf, Wissen \u00fcber die Gesundheitsstruktur der \u00f6ffentlichen Gesundheitssysteme in der ERMN zu gewinnen und dieses Wissen grenz\u00fcbergreifend zu teilen, so dass die Zusammenarbeit bei grenz\u00fcbergreifenden Fragen im Zusammenhang mit der \u00f6ffentlichen Gesundheit strukturiert aufgebaut werden kann.[\/vc_column_text][\/vc_column][\/vc_row][vc_row][vc_column][vc_column_text]<\/p>\n<h2>Aktivit\u00e4ten<\/h2>\n<p>An den teilnehmenden Institutionen der \u00f6ffentlichen Gesundheit von niederl\u00e4ndischer und deutscher Seite werden Workshops organisiert, um mehr Wissen dar\u00fcber zu erlangen, wie das System der Gegenseitigkeit funktioniert, und um mehr Wissen dar\u00fcber zu erlangen, wie sie arbeiten in Bezug auf:<\/p>\n<ul>\n<li>\u00dcbertragbare Krankheiten: Umgang mit z.B Covid-19, Grippe, Masern;<\/li>\n<li>Gesunde Jugend: Dazu geh\u00f6ren Themen wie &#8222;Generation Rauchfrei &#8222;, Alkoholkonsum;<\/li>\n<li>Schwer erreichbare Zielgruppen;<\/li>\n<li>Migranten.<\/li>\n<\/ul>\n<p>Ausbildungskurse und Praktika werden organisiert, um das Wissen zu teilen und zu verbreitern.<\/p>\n<p>Regionale B\u00fcrgergipfel werden organisiert, um die Erfahrungen und Meinungen der B\u00fcrger auf dem Gebiet der \u00f6ffentlichen Gesundheit zu h\u00f6ren und in der Entscheidungsfindung zu ber\u00fccksichtigen.<\/p>\n<p>Am Ende des Projekts wird ein Bericht dar\u00fcber erstellt werden, wie ein strukturelles Netzwerk im ERMN aussehen sollte und k\u00f6nnte und was daf\u00fcr getan werden muss.[\/vc_column_text][\/vc_column][\/vc_row][vc_row][vc_column][vc_column_text]<\/p>\n<h2>Ergebnisse<\/h2>\n<p>Die ersten Schritte werden unternommen, um ein grenz\u00fcbergreifendes Netzwerk f\u00fcr \u00f6ffentliche Gesundheit im Gebiet der ERMN zu schaffen. Dies wird uns helfen, die von der UNO und der WHO gef\u00f6rderten Ziele der nachhaltigen Entwicklung (SDGs) zu identifizieren, so dass Gesundheit zu einem integralen Bestandteil der euroregionalen Zusammenarbeit wird[\/vc_column_text][\/vc_column][\/vc_row][vc_row][vc_column][vc_column_text]\t<div class=\"clearfix\"><\/div>\r\n\t<div class=\"panel-events_and_news\">\r\n\t\t<div class=\"row\">\r\n\r\n            \r\n            \t\t\t<div class=\"col-sm-12 col-md-6\" id=\"events\">\r\n\t\t\t\t<h3>Veranstaltungen<\/h3>\r\n\t\t\t\t\t\t\t\t\t\t\t\t\t\t\t\t<h2><span class=\"hidden\">Veranstaltungen - <\/span>R\u00fcckblick<\/h2>\r\n\t\t\t\t\t\t\t\r\n\t\t\t\t\t\t<div class=\"event media past\">\r\n\t\t\t\t\t\t\t<a class=\"overlay\" href=\"https:\/\/euprevent.eu\/de\/event\/she-abschlusskonferenz\/\"><\/a>\r\n\t\t\t\t\t\t\t\t\t\t\t\t\t\t<div class=\"thumb pull-left\" style=\"background-image: url('https:\/\/euprevent.eu\/wp-content\/uploads\/2022\/11\/Screenshot-2022-11-17-at-17.21.44-1.png');\"><\/div>\r\n\t\t\t\t\t\t\t<div class=\"event-info-table\">\r\n\t\t\t\t\t\t\t\t<div class=\"event-info-table-row\">\r\n\t\t\t\t\t\t\t\t\t<div class=\"event-info-table-cell\">\r\n\t\t\t\t\t\t\t\t\t\t<h3>Abschlusskonferenz Sustainable Healthy ERMN (SHE)<\/h3>\r\n                                        <p>15 Dezember 2022<\/p>\r\n\t\t\t\t\t\t\t\t\t<\/div>\r\n\t\t\t\t\t\t\t\t<\/div>\r\n\t\t\t\t\t\t\t<\/div>\r\n\t\t\t\t\t\t<\/div>\r\n\r\n\t\t\t\t\t\t\r\n\t\t\t\t\t\t<div class=\"event media past\">\r\n\t\t\t\t\t\t\t<a class=\"overlay\" href=\"https:\/\/euprevent.eu\/de\/event\/workshop-gesundheitsversorgung-fuer-migrantinnen-migranten-und-gefluechtete\/\"><\/a>\r\n\t\t\t\t\t\t\t\t\t\t\t\t\t\t<div class=\"thumb pull-left\" style=\"background-image: url('');\"><\/div>\r\n\t\t\t\t\t\t\t<div class=\"event-info-table\">\r\n\t\t\t\t\t\t\t\t<div class=\"event-info-table-row\">\r\n\t\t\t\t\t\t\t\t\t<div class=\"event-info-table-cell\">\r\n\t\t\t\t\t\t\t\t\t\t<h3>Workshop: Gesundheitsversorgung f\u00fcr Migrantinnen\/ Migranten und Gefl\u00fcchtete<\/h3>\r\n                                        <p>3 November 2022<\/p>\r\n\t\t\t\t\t\t\t\t\t<\/div>\r\n\t\t\t\t\t\t\t\t<\/div>\r\n\t\t\t\t\t\t\t<\/div>\r\n\t\t\t\t\t\t<\/div>\r\n\r\n\t\t\t\t\t\t\r\n\t\t\t\t\t\t<div class=\"event media past\">\r\n\t\t\t\t\t\t\t<a class=\"overlay\" href=\"https:\/\/euprevent.eu\/de\/event\/she-stakeholders-conference\/\"><\/a>\r\n\t\t\t\t\t\t\t\t\t\t\t\t\t\t<div class=\"thumb pull-left\" style=\"background-image: url('https:\/\/euprevent.eu\/wp-content\/uploads\/2021\/10\/0001-scaled.jpg');\"><\/div>\r\n\t\t\t\t\t\t\t<div class=\"event-info-table\">\r\n\t\t\t\t\t\t\t\t<div class=\"event-info-table-row\">\r\n\t\t\t\t\t\t\t\t\t<div class=\"event-info-table-cell\">\r\n\t\t\t\t\t\t\t\t\t\t<h3>Stakeholder-Konferenz: Sustainable Healty ERMN (SHE)<\/h3>\r\n                                        <p>2 Dezember 2021<\/p>\r\n\t\t\t\t\t\t\t\t\t<\/div>\r\n\t\t\t\t\t\t\t\t<\/div>\r\n\t\t\t\t\t\t\t<\/div>\r\n\t\t\t\t\t\t<\/div>\r\n\r\n\t\t\t\t\t\t\t\t\t\t\t<div class=\"text-center p-5\"><a class=\"btn btn-sm btn-default\" href=\"https:\/\/euprevent.eu\/de\/event\/\">alle Veranstaltungen<\/a><\/div>\r\n\t\t\t\t\t\t\t\t<\/div>\r\n\r\n            \r\n            \t\t\t<div class=\"col-sm-12 col-md-6\" id=\"news\">\r\n\t\t\t\t<h3>News<\/h3>\r\n\t\t\t\t\t\t\t\t\t\t\t\t\t\t\t<div class=\"newsitem\">\r\n\t\t\t\t\t\t\t<a class=\"overlay\" href=\"https:\/\/euprevent.eu\/de\/euregional-youth-survey-in-the-ermn-yes-2023\/\"><\/a>\r\n                            <div class=\"thumb pull-left\" style=\"background-image: url('https:\/\/euprevent.eu\/wp-content\/uploads\/2023\/03\/YES.png');\"><\/div>\r\n\t\t\t\t\t\t\t<div class=\"news-info-table\">\r\n\t\t\t\t\t\t\t\t<div class=\"news-info-table-row\">\r\n\t\t\t\t\t\t\t\t\t<div class=\"news-info-table-cell\">\r\n\t\t\t\t\t\t\t\t\t\t<p>16 March 2023<\/p>\r\n\t\t\t\t\t\t\t\t\t\t<h3>Euroregionale Jugendbefragung in der ERMN: YES 2023<\/h3>\r\n\t\t\t\t\t\t\t\t\t<\/div>\r\n\t\t\t\t\t\t\t\t<\/div>\r\n\t\t\t\t\t\t\t<\/div>\r\n\t\t\t\t\t\t<\/div>\r\n\t\t\t\t\t\t\t\t\t\t\t\t<div class=\"newsitem\">\r\n\t\t\t\t\t\t\t<a class=\"overlay\" href=\"https:\/\/euprevent.eu\/de\/euprevent-she\/\"><\/a>\r\n                            <div class=\"thumb pull-left\" style=\"background-image: url('https:\/\/euprevent.eu\/wp-content\/uploads\/2022\/11\/253557P.jpg');\"><\/div>\r\n\t\t\t\t\t\t\t<div class=\"news-info-table\">\r\n\t\t\t\t\t\t\t\t<div class=\"news-info-table-row\">\r\n\t\t\t\t\t\t\t\t\t<div class=\"news-info-table-cell\">\r\n\t\t\t\t\t\t\t\t\t\t<p>18 November 2022<\/p>\r\n\t\t\t\t\t\t\t\t\t\t<h3>euPrevent hei\u00dft neue Partner willkommen!<\/h3>\r\n\t\t\t\t\t\t\t\t\t<\/div>\r\n\t\t\t\t\t\t\t\t<\/div>\r\n\t\t\t\t\t\t\t<\/div>\r\n\t\t\t\t\t\t<\/div>\r\n\t\t\t\t\t\t\t\t\t\t\t\t<div class=\"newsitem\">\r\n\t\t\t\t\t\t\t<a class=\"overlay\" href=\"https:\/\/euprevent.eu\/de\/project-she-wordt-gelanceerd\/\"><\/a>\r\n                            <div class=\"thumb pull-left\" style=\"background-image: url('');\"><\/div>\r\n\t\t\t\t\t\t\t<div class=\"news-info-table\">\r\n\t\t\t\t\t\t\t\t<div class=\"news-info-table-row\">\r\n\t\t\t\t\t\t\t\t\t<div class=\"news-info-table-cell\">\r\n\t\t\t\t\t\t\t\t\t\t<p>11 December 2020<\/p>\r\n\t\t\t\t\t\t\t\t\t\t<h3>Das Projekt SHE wird gestartet<\/h3>\r\n\t\t\t\t\t\t\t\t\t<\/div>\r\n\t\t\t\t\t\t\t\t<\/div>\r\n\t\t\t\t\t\t\t<\/div>\r\n\t\t\t\t\t\t<\/div>\r\n\t\t\t\t\t\t\t\t\t\t\t<div class=\"text-center p-5\"><a class=\"btn btn-sm btn-default\" href=\"https:\/\/euprevent.eu\/de\/neuigkeiten\/\">Alle Nachrichten<\/a><\/div>\r\n\t\t\t\t\t\t\t\t<\/div>\r\n            \r\n\t\t<\/div>\r\n\t<\/div>\r\n\r\n\t[\/vc_column_text][\/vc_column][\/vc_row][vc_row][vc_column][vc_single_image image=&#8220;13027&#8243; img_size=&#8220;full&#8220;][\/vc_column][\/vc_row]<\/p>\n<\/section>","protected":false},"excerpt":{"rendered":"<p>[vc_row][vc_column][vc_column_text] Sustainable Healthy ERMN (SHE) Eine starke Grenzregion steht in der Verantwortung f\u00fcr die Gesundheit ihrer B\u00fcrgerinnen und B\u00fcrger. Eine starke Grenzregion braucht gesunde B\u00fcrger. Ziel dieses Projekts ist der Aufbau eines strukturellen Kooperationsnetzwerks der \u00f6ffentlichen Gesundheitsdienste in der Euroregion Rhein-Maas-Nord (ERMN) zur St\u00e4rkung der Pr\u00e4ventionsarbeit, des Wissensaustauschs und der Verzahnung und Erweiterung der Zusammenarbeit [&hellip;]<\/p>\n","protected":false},"author":1,"featured_media":0,"parent":0,"menu_order":0,"comment_status":"closed","ping_status":"closed","template":"","meta":{"_acf_changed":false,"footnotes":""},"class_list":["post-13010","page","type-page","status-publish","hentry","programmes-crossing-programmes"],"acf":[],"yoast_head":"<!-- This site is optimized with the Yoast SEO plugin v27.5 - https:\/\/yoast.com\/product\/yoast-seo-wordpress\/ -->\n<title>Project Sustainable Healthy ERMN - euPrevent<\/title>\n<meta name=\"robots\" content=\"index, follow, max-snippet:-1, max-image-preview:large, max-video-preview:-1\" \/>\n<link rel=\"canonical\" href=\"https:\/\/euprevent.eu\/de\/she\/\" \/>\n<meta property=\"og:locale\" content=\"de_DE\" \/>\n<meta property=\"og:type\" content=\"article\" \/>\n<meta property=\"og:title\" content=\"Project Sustainable Healthy ERMN - euPrevent\" \/>\n<meta property=\"og:description\" content=\"[vc_row][vc_column][vc_column_text] Sustainable Healthy ERMN (SHE) Eine starke Grenzregion steht in der Verantwortung f\u00fcr die Gesundheit ihrer B\u00fcrgerinnen und B\u00fcrger. Eine starke Grenzregion braucht gesunde B\u00fcrger. Ziel dieses Projekts ist der Aufbau eines strukturellen Kooperationsnetzwerks der \u00f6ffentlichen Gesundheitsdienste in der Euroregion Rhein-Maas-Nord (ERMN) zur St\u00e4rkung der Pr\u00e4ventionsarbeit, des Wissensaustauschs und der Verzahnung und Erweiterung der Zusammenarbeit [&hellip;]\" \/>\n<meta property=\"og:url\" content=\"https:\/\/euprevent.eu\/de\/she\/\" \/>\n<meta property=\"og:site_name\" content=\"euPrevent\" \/>\n<meta property=\"article:modified_time\" content=\"2022-05-02T08:45:04+00:00\" \/>\n<meta name=\"twitter:card\" content=\"summary_large_image\" \/>\n<meta name=\"twitter:label1\" content=\"Gesch\u00e4tzte Lesezeit\" \/>\n\t<meta name=\"twitter:data1\" content=\"2\u00a0Minuten\" \/>\n<script type=\"application\/ld+json\" class=\"yoast-schema-graph\">{\"@context\":\"https:\\\/\\\/schema.org\",\"@graph\":[{\"@type\":\"WebPage\",\"@id\":\"https:\\\/\\\/euprevent.eu\\\/de\\\/she\\\/\",\"url\":\"https:\\\/\\\/euprevent.eu\\\/de\\\/she\\\/\",\"name\":\"Project Sustainable Healthy ERMN - euPrevent\",\"isPartOf\":{\"@id\":\"https:\\\/\\\/euprevent.eu\\\/de\\\/#website\"},\"datePublished\":\"2020-06-29T14:56:10+00:00\",\"dateModified\":\"2022-05-02T08:45:04+00:00\",\"breadcrumb\":{\"@id\":\"https:\\\/\\\/euprevent.eu\\\/de\\\/she\\\/#breadcrumb\"},\"inLanguage\":\"de\",\"potentialAction\":[{\"@type\":\"ReadAction\",\"target\":[\"https:\\\/\\\/euprevent.eu\\\/de\\\/she\\\/\"]}]},{\"@type\":\"BreadcrumbList\",\"@id\":\"https:\\\/\\\/euprevent.eu\\\/de\\\/she\\\/#breadcrumb\",\"itemListElement\":[{\"@type\":\"ListItem\",\"position\":1,\"name\":\"Home\",\"item\":\"https:\\\/\\\/euprevent.eu\\\/de\\\/\"},{\"@type\":\"ListItem\",\"position\":2,\"name\":\"Project Sustainable Healthy ERMN\"}]},{\"@type\":\"WebSite\",\"@id\":\"https:\\\/\\\/euprevent.eu\\\/de\\\/#website\",\"url\":\"https:\\\/\\\/euprevent.eu\\\/de\\\/\",\"name\":\"euPrevent\",\"description\":\"euPrevent is a Euroregional network that focuses on promoting health. Within this network, sustainable partnerships seek to increase the quality of life of residents in the border region between the Netherlands, Belgium and Germany.\",\"potentialAction\":[{\"@type\":\"SearchAction\",\"target\":{\"@type\":\"EntryPoint\",\"urlTemplate\":\"https:\\\/\\\/euprevent.eu\\\/de\\\/?s={search_term_string}\"},\"query-input\":{\"@type\":\"PropertyValueSpecification\",\"valueRequired\":true,\"valueName\":\"search_term_string\"}}],\"inLanguage\":\"de\"}]}<\/script>\n<!-- \/ Yoast SEO plugin. -->","yoast_head_json":{"title":"Project Sustainable Healthy ERMN - euPrevent","robots":{"index":"index","follow":"follow","max-snippet":"max-snippet:-1","max-image-preview":"max-image-preview:large","max-video-preview":"max-video-preview:-1"},"canonical":"https:\/\/euprevent.eu\/de\/she\/","og_locale":"de_DE","og_type":"article","og_title":"Project Sustainable Healthy ERMN - euPrevent","og_description":"[vc_row][vc_column][vc_column_text] Sustainable Healthy ERMN (SHE) Eine starke Grenzregion steht in der Verantwortung f\u00fcr die Gesundheit ihrer B\u00fcrgerinnen und B\u00fcrger. Eine starke Grenzregion braucht gesunde B\u00fcrger. Ziel dieses Projekts ist der Aufbau eines strukturellen Kooperationsnetzwerks der \u00f6ffentlichen Gesundheitsdienste in der Euroregion Rhein-Maas-Nord (ERMN) zur St\u00e4rkung der Pr\u00e4ventionsarbeit, des Wissensaustauschs und der Verzahnung und Erweiterung der Zusammenarbeit [&hellip;]","og_url":"https:\/\/euprevent.eu\/de\/she\/","og_site_name":"euPrevent","article_modified_time":"2022-05-02T08:45:04+00:00","twitter_card":"summary_large_image","twitter_misc":{"Gesch\u00e4tzte Lesezeit":"2\u00a0Minuten"},"schema":{"@context":"https:\/\/schema.org","@graph":[{"@type":"WebPage","@id":"https:\/\/euprevent.eu\/de\/she\/","url":"https:\/\/euprevent.eu\/de\/she\/","name":"Project Sustainable Healthy ERMN - euPrevent","isPartOf":{"@id":"https:\/\/euprevent.eu\/de\/#website"},"datePublished":"2020-06-29T14:56:10+00:00","dateModified":"2022-05-02T08:45:04+00:00","breadcrumb":{"@id":"https:\/\/euprevent.eu\/de\/she\/#breadcrumb"},"inLanguage":"de","potentialAction":[{"@type":"ReadAction","target":["https:\/\/euprevent.eu\/de\/she\/"]}]},{"@type":"BreadcrumbList","@id":"https:\/\/euprevent.eu\/de\/she\/#breadcrumb","itemListElement":[{"@type":"ListItem","position":1,"name":"Home","item":"https:\/\/euprevent.eu\/de\/"},{"@type":"ListItem","position":2,"name":"Project Sustainable Healthy ERMN"}]},{"@type":"WebSite","@id":"https:\/\/euprevent.eu\/de\/#website","url":"https:\/\/euprevent.eu\/de\/","name":"euPrevent","description":"euPrevent is a Euroregional network that focuses on promoting health. Within this network, sustainable partnerships seek to increase the quality of life of residents in the border region between the Netherlands, Belgium and Germany.","potentialAction":[{"@type":"SearchAction","target":{"@type":"EntryPoint","urlTemplate":"https:\/\/euprevent.eu\/de\/?s={search_term_string}"},"query-input":{"@type":"PropertyValueSpecification","valueRequired":true,"valueName":"search_term_string"}}],"inLanguage":"de"}]}},"_links":{"self":[{"href":"https:\/\/euprevent.eu\/de\/wp-json\/wp\/v2\/pages\/13010","targetHints":{"allow":["GET"]}}],"collection":[{"href":"https:\/\/euprevent.eu\/de\/wp-json\/wp\/v2\/pages"}],"about":[{"href":"https:\/\/euprevent.eu\/de\/wp-json\/wp\/v2\/types\/page"}],"author":[{"embeddable":true,"href":"https:\/\/euprevent.eu\/de\/wp-json\/wp\/v2\/users\/1"}],"replies":[{"embeddable":true,"href":"https:\/\/euprevent.eu\/de\/wp-json\/wp\/v2\/comments?post=13010"}],"version-history":[{"count":13,"href":"https:\/\/euprevent.eu\/de\/wp-json\/wp\/v2\/pages\/13010\/revisions"}],"predecessor-version":[{"id":18264,"href":"https:\/\/euprevent.eu\/de\/wp-json\/wp\/v2\/pages\/13010\/revisions\/18264"}],"wp:attachment":[{"href":"https:\/\/euprevent.eu\/de\/wp-json\/wp\/v2\/media?parent=13010"}],"curies":[{"name":"wp","href":"https:\/\/api.w.org\/{rel}","templated":true}]}}