


{"id":11665,"date":"2019-09-19T08:08:20","date_gmt":"2019-09-19T08:08:20","guid":{"rendered":"https:\/\/euprevent.eu\/project-social-norms-approach\/newsletter-euprevent-sna\/"},"modified":"2021-06-21T08:48:16","modified_gmt":"2021-06-21T08:48:16","slug":"newsletter-euprevent-sna","status":"publish","type":"page","link":"https:\/\/euprevent.eu\/de\/project-social-norms-approach\/newsletter-euprevent-sna\/","title":{"rendered":"Newsletter euPrevent SNA"},"content":{"rendered":"<section class=\"wpb-content-wrapper\"><p>[vc_row content_placement=&#8220;middle&#8220;][vc_column width=&#8220;1\/2&#8243;][vc_row_inner][vc_column_inner width=&#8220;2\/3&#8243;][vc_single_image image=&#8220;6925&#8243; img_size=&#8220;full&#8220;][\/vc_column_inner][vc_column_inner width=&#8220;1\/3&#8243;][\/vc_column_inner][\/vc_row_inner][\/vc_column][vc_column width=&#8220;1\/2&#8243;][vc_single_image image=&#8220;7387&#8243; img_size=&#8220;full&#8220;][\/vc_column][\/vc_row][vc_row][vc_column][vc_column_text]<\/p>\n<h1>Newsletter euPrevent SNA<\/h1>\n<h3>2021<\/h3>\n<ul>\n<li><a href=\"https:\/\/mailchi.mp\/euprevent\/newsletter-euprevent-sna-februar-2021-de\">Februar 2021<\/a><\/li>\n<\/ul>\n<h3>2020<\/h3>\n<ul>\n<li><a href=\"https:\/\/mailchi.mp\/euprevent\/newsletter-euprevent-sna-juli-2020-de\" target=\"_blank\" rel=\"noopener noreferrer\">Juli 2020<\/a><\/li>\n<\/ul>\n<h3>2019<\/h3>\n<ul>\n<li><a href=\"https:\/\/mailchi.mp\/euprevent\/sna-december-de\" target=\"_blank\" rel=\"noopener noreferrer\">December 2019<\/a><\/li>\n<li><a href=\"https:\/\/mailchi.mp\/euprevent\/sna-summer-de\" target=\"_blank\" rel=\"noopener noreferrer\">September 2019<\/a><\/li>\n<\/ul>\n<p>[\/vc_column_text][\/vc_column][\/vc_row][vc_row][vc_column][vc_column_text]<\/p>\n<h2>Auf dem neuesten Stand der euPrevent-Nachrichten<\/h2>\n<p>Die euPrevent-Nachrichten bieten einen \u00dcberblick \u00fcber dieses Projekt und andere grenz\u00fcberschreitende Kooperationen, die von euPrevent unterst\u00fctzt werden. Sind Sie an Nachrichten \u00fcber die Aktivit\u00e4ten von euPrevent interessiert? Dann melden Sie sich bitte mit der unten stehenden Anmeldeoption f\u00fcr den allgemeinen Newsletter an.[\/vc_column_text][\/vc_column][\/vc_row][vc_row][vc_column][vc_btn title=&#8220;Anmeldung euPrevent Newsletter&#8220; color=&#8220;info&#8220; link=&#8220;url:https%3A%2F%2Fus2.list-manage.com%2Fsubscribe%3Fu%3D2f72c12119df1151688f1f7ea%26id%3D3bfaf3a1ff||target:%20_blank|&#8220;][\/vc_column][\/vc_row][vc_row][vc_column][vc_single_image image=&#8220;15033&#8243; img_size=&#8220;full&#8220;][\/vc_column][\/vc_row]<\/p>\n<\/section>","protected":false},"excerpt":{"rendered":"<p>[vc_row content_placement=&#8220;middle&#8220;][vc_column width=&#8220;1\/2&#8243;][vc_row_inner][vc_column_inner width=&#8220;2\/3&#8243;][vc_single_image image=&#8220;6925&#8243; img_size=&#8220;full&#8220;][\/vc_column_inner][vc_column_inner width=&#8220;1\/3&#8243;][\/vc_column_inner][\/vc_row_inner][\/vc_column][vc_column width=&#8220;1\/2&#8243;][vc_single_image image=&#8220;7387&#8243; img_size=&#8220;full&#8220;][\/vc_column][\/vc_row][vc_row][vc_column][vc_column_text] Newsletter euPrevent SNA 2021 Februar 2021 2020 Juli 2020 2019 December 2019 September 2019 [\/vc_column_text][\/vc_column][\/vc_row][vc_row][vc_column][vc_column_text] Auf dem neuesten Stand der euPrevent-Nachrichten Die euPrevent-Nachrichten bieten einen \u00dcberblick \u00fcber dieses Projekt und andere grenz\u00fcberschreitende Kooperationen, die von euPrevent unterst\u00fctzt werden. Sind Sie an Nachrichten \u00fcber die Aktivit\u00e4ten [&hellip;]<\/p>\n","protected":false},"author":5,"featured_media":0,"parent":7158,"menu_order":0,"comment_status":"closed","ping_status":"closed","template":"","meta":{"_acf_changed":false,"footnotes":""},"class_list":["post-11665","page","type-page","status-publish","hentry","programmes-addiction"],"acf":[],"yoast_head":"<!-- This site is optimized with the Yoast SEO plugin v27.5 - https:\/\/yoast.com\/product\/yoast-seo-wordpress\/ -->\n<title>Newsletter euPrevent SNA - euPrevent<\/title>\n<meta name=\"robots\" content=\"index, follow, max-snippet:-1, max-image-preview:large, max-video-preview:-1\" \/>\n<link rel=\"canonical\" href=\"https:\/\/euprevent.eu\/de\/project-social-norms-approach\/newsletter-euprevent-sna\/\" \/>\n<meta property=\"og:locale\" content=\"de_DE\" \/>\n<meta property=\"og:type\" content=\"article\" \/>\n<meta property=\"og:title\" content=\"Newsletter euPrevent SNA - euPrevent\" \/>\n<meta property=\"og:description\" content=\"[vc_row content_placement=&#8220;middle&#8220;][vc_column width=&#8220;1\/2&#8243;][vc_row_inner][vc_column_inner width=&#8220;2\/3&#8243;][vc_single_image image=&#8220;6925&#8243; img_size=&#8220;full&#8220;][\/vc_column_inner][vc_column_inner width=&#8220;1\/3&#8243;][\/vc_column_inner][\/vc_row_inner][\/vc_column][vc_column width=&#8220;1\/2&#8243;][vc_single_image image=&#8220;7387&#8243; img_size=&#8220;full&#8220;][\/vc_column][\/vc_row][vc_row][vc_column][vc_column_text] Newsletter euPrevent SNA 2021 Februar 2021 2020 Juli 2020 2019 December 2019 September 2019 [\/vc_column_text][\/vc_column][\/vc_row][vc_row][vc_column][vc_column_text] Auf dem neuesten Stand der euPrevent-Nachrichten Die euPrevent-Nachrichten bieten einen \u00dcberblick \u00fcber dieses Projekt und andere grenz\u00fcberschreitende Kooperationen, die von euPrevent unterst\u00fctzt werden. Sind Sie an Nachrichten \u00fcber die Aktivit\u00e4ten [&hellip;]\" \/>\n<meta property=\"og:url\" content=\"https:\/\/euprevent.eu\/de\/project-social-norms-approach\/newsletter-euprevent-sna\/\" \/>\n<meta property=\"og:site_name\" content=\"euPrevent\" \/>\n<meta property=\"article:modified_time\" content=\"2021-06-21T08:48:16+00:00\" \/>\n<meta name=\"twitter:card\" content=\"summary_large_image\" \/>\n<meta name=\"twitter:label1\" content=\"Gesch\u00e4tzte Lesezeit\" \/>\n\t<meta name=\"twitter:data1\" content=\"1\u00a0Minute\" \/>\n<script type=\"application\/ld+json\" class=\"yoast-schema-graph\">{\"@context\":\"https:\\\/\\\/schema.org\",\"@graph\":[{\"@type\":\"WebPage\",\"@id\":\"https:\\\/\\\/euprevent.eu\\\/de\\\/project-social-norms-approach\\\/newsletter-euprevent-sna\\\/\",\"url\":\"https:\\\/\\\/euprevent.eu\\\/de\\\/project-social-norms-approach\\\/newsletter-euprevent-sna\\\/\",\"name\":\"Newsletter euPrevent SNA - euPrevent\",\"isPartOf\":{\"@id\":\"https:\\\/\\\/euprevent.eu\\\/de\\\/#website\"},\"datePublished\":\"2019-09-19T08:08:20+00:00\",\"dateModified\":\"2021-06-21T08:48:16+00:00\",\"breadcrumb\":{\"@id\":\"https:\\\/\\\/euprevent.eu\\\/de\\\/project-social-norms-approach\\\/newsletter-euprevent-sna\\\/#breadcrumb\"},\"inLanguage\":\"de\",\"potentialAction\":[{\"@type\":\"ReadAction\",\"target\":[\"https:\\\/\\\/euprevent.eu\\\/de\\\/project-social-norms-approach\\\/newsletter-euprevent-sna\\\/\"]}]},{\"@type\":\"BreadcrumbList\",\"@id\":\"https:\\\/\\\/euprevent.eu\\\/de\\\/project-social-norms-approach\\\/newsletter-euprevent-sna\\\/#breadcrumb\",\"itemListElement\":[{\"@type\":\"ListItem\",\"position\":1,\"name\":\"Home\",\"item\":\"https:\\\/\\\/euprevent.eu\\\/de\\\/\"},{\"@type\":\"ListItem\",\"position\":2,\"name\":\"Projekt euPrevent Social Norms Approach\",\"item\":\"https:\\\/\\\/euprevent.eu\\\/de\\\/project-social-norms-approach\\\/\"},{\"@type\":\"ListItem\",\"position\":3,\"name\":\"Newsletter euPrevent SNA\"}]},{\"@type\":\"WebSite\",\"@id\":\"https:\\\/\\\/euprevent.eu\\\/de\\\/#website\",\"url\":\"https:\\\/\\\/euprevent.eu\\\/de\\\/\",\"name\":\"euPrevent\",\"description\":\"euPrevent is a Euroregional network that focuses on promoting health. Within this network, sustainable partnerships seek to increase the quality of life of residents in the border region between the Netherlands, Belgium and Germany.\",\"potentialAction\":[{\"@type\":\"SearchAction\",\"target\":{\"@type\":\"EntryPoint\",\"urlTemplate\":\"https:\\\/\\\/euprevent.eu\\\/de\\\/?s={search_term_string}\"},\"query-input\":{\"@type\":\"PropertyValueSpecification\",\"valueRequired\":true,\"valueName\":\"search_term_string\"}}],\"inLanguage\":\"de\"}]}<\/script>\n<!-- \/ Yoast SEO plugin. -->","yoast_head_json":{"title":"Newsletter euPrevent SNA - euPrevent","robots":{"index":"index","follow":"follow","max-snippet":"max-snippet:-1","max-image-preview":"max-image-preview:large","max-video-preview":"max-video-preview:-1"},"canonical":"https:\/\/euprevent.eu\/de\/project-social-norms-approach\/newsletter-euprevent-sna\/","og_locale":"de_DE","og_type":"article","og_title":"Newsletter euPrevent SNA - euPrevent","og_description":"[vc_row content_placement=&#8220;middle&#8220;][vc_column width=&#8220;1\/2&#8243;][vc_row_inner][vc_column_inner width=&#8220;2\/3&#8243;][vc_single_image image=&#8220;6925&#8243; img_size=&#8220;full&#8220;][\/vc_column_inner][vc_column_inner width=&#8220;1\/3&#8243;][\/vc_column_inner][\/vc_row_inner][\/vc_column][vc_column width=&#8220;1\/2&#8243;][vc_single_image image=&#8220;7387&#8243; img_size=&#8220;full&#8220;][\/vc_column][\/vc_row][vc_row][vc_column][vc_column_text] Newsletter euPrevent SNA 2021 Februar 2021 2020 Juli 2020 2019 December 2019 September 2019 [\/vc_column_text][\/vc_column][\/vc_row][vc_row][vc_column][vc_column_text] Auf dem neuesten Stand der euPrevent-Nachrichten Die euPrevent-Nachrichten bieten einen \u00dcberblick \u00fcber dieses Projekt und andere grenz\u00fcberschreitende Kooperationen, die von euPrevent unterst\u00fctzt werden. Sind Sie an Nachrichten \u00fcber die Aktivit\u00e4ten [&hellip;]","og_url":"https:\/\/euprevent.eu\/de\/project-social-norms-approach\/newsletter-euprevent-sna\/","og_site_name":"euPrevent","article_modified_time":"2021-06-21T08:48:16+00:00","twitter_card":"summary_large_image","twitter_misc":{"Gesch\u00e4tzte Lesezeit":"1\u00a0Minute"},"schema":{"@context":"https:\/\/schema.org","@graph":[{"@type":"WebPage","@id":"https:\/\/euprevent.eu\/de\/project-social-norms-approach\/newsletter-euprevent-sna\/","url":"https:\/\/euprevent.eu\/de\/project-social-norms-approach\/newsletter-euprevent-sna\/","name":"Newsletter euPrevent SNA - euPrevent","isPartOf":{"@id":"https:\/\/euprevent.eu\/de\/#website"},"datePublished":"2019-09-19T08:08:20+00:00","dateModified":"2021-06-21T08:48:16+00:00","breadcrumb":{"@id":"https:\/\/euprevent.eu\/de\/project-social-norms-approach\/newsletter-euprevent-sna\/#breadcrumb"},"inLanguage":"de","potentialAction":[{"@type":"ReadAction","target":["https:\/\/euprevent.eu\/de\/project-social-norms-approach\/newsletter-euprevent-sna\/"]}]},{"@type":"BreadcrumbList","@id":"https:\/\/euprevent.eu\/de\/project-social-norms-approach\/newsletter-euprevent-sna\/#breadcrumb","itemListElement":[{"@type":"ListItem","position":1,"name":"Home","item":"https:\/\/euprevent.eu\/de\/"},{"@type":"ListItem","position":2,"name":"Projekt euPrevent Social Norms Approach","item":"https:\/\/euprevent.eu\/de\/project-social-norms-approach\/"},{"@type":"ListItem","position":3,"name":"Newsletter euPrevent SNA"}]},{"@type":"WebSite","@id":"https:\/\/euprevent.eu\/de\/#website","url":"https:\/\/euprevent.eu\/de\/","name":"euPrevent","description":"euPrevent is a Euroregional network that focuses on promoting health. Within this network, sustainable partnerships seek to increase the quality of life of residents in the border region between the Netherlands, Belgium and Germany.","potentialAction":[{"@type":"SearchAction","target":{"@type":"EntryPoint","urlTemplate":"https:\/\/euprevent.eu\/de\/?s={search_term_string}"},"query-input":{"@type":"PropertyValueSpecification","valueRequired":true,"valueName":"search_term_string"}}],"inLanguage":"de"}]}},"_links":{"self":[{"href":"https:\/\/euprevent.eu\/de\/wp-json\/wp\/v2\/pages\/11665","targetHints":{"allow":["GET"]}}],"collection":[{"href":"https:\/\/euprevent.eu\/de\/wp-json\/wp\/v2\/pages"}],"about":[{"href":"https:\/\/euprevent.eu\/de\/wp-json\/wp\/v2\/types\/page"}],"author":[{"embeddable":true,"href":"https:\/\/euprevent.eu\/de\/wp-json\/wp\/v2\/users\/5"}],"replies":[{"embeddable":true,"href":"https:\/\/euprevent.eu\/de\/wp-json\/wp\/v2\/comments?post=11665"}],"version-history":[{"count":14,"href":"https:\/\/euprevent.eu\/de\/wp-json\/wp\/v2\/pages\/11665\/revisions"}],"predecessor-version":[{"id":15052,"href":"https:\/\/euprevent.eu\/de\/wp-json\/wp\/v2\/pages\/11665\/revisions\/15052"}],"up":[{"embeddable":true,"href":"https:\/\/euprevent.eu\/de\/wp-json\/wp\/v2\/pages\/7158"}],"wp:attachment":[{"href":"https:\/\/euprevent.eu\/de\/wp-json\/wp\/v2\/media?parent=11665"}],"curies":[{"name":"wp","href":"https:\/\/api.w.org\/{rel}","templated":true}]}}